{"id":99453,"date":"2021-11-13T00:13:27","date_gmt":"2021-11-13T00:13:27","guid":{"rendered":"https:\/\/espak.ee\/epood\/?post_type=product&#038;p=99453"},"modified":"2024-09-30T08:39:05","modified_gmt":"2024-09-30T05:39:05","slug":"klaasvill-isover-premium-33-100-560870mm-39m2","status":"publish","type":"product","link":"https:\/\/espak.ee\/epood\/toode\/klaasvill-isover-premium-33-100-560870mm-39m2\/","title":{"rendered":"KLAASVILL ISOVER PREMIUM 33-100 560*870MM 3,9M2"},"content":{"rendered":"<div class=\"row\"  id=\"row-731922123\">\n\n\t<div id=\"col-1682428484\" class=\"col medium-9 small-12 large-9\"  >\n\t\t\t\t<div class=\"col-inner\"  >\n\t\t\t\n\t\t\t\n<h3>Klaasvill ISOVER PREMIUM 33<\/h3>\n<p>ISOVER PREMIUM 33  tooted on pehmed pinnakatteta mineraalvillaplaadid. ISOVER PREMIUM 33  on valmistatud anorgaanilisest ja keemiliselt neutraalsest materjalist ning ei sisalda korrosiooni tekitavaid komponente. ISOVER PREMIUM 33 o on l\u00f5hnatu, ei lagune ega paku soodsat kasvupinnast hallitusseentele. Vastab ehitusmaterjalide emissiooniklassile M1.<br \/>\n12 % parem soojapidavus v\u00f5rreldes lambda 37 tasemega > parem soojapidavus v\u00f5i \u00f5hemad konstruktsioonid.<br \/>\nMittep\u00f5lev, tuleohtu lahendus.<br \/>\nVill Premium 33 on veeauru kergesti l\u00e4bilaskev.<\/p>\n<p><strong>Kasutamine<\/strong><br \/>\nISOVER PREMIUM 33 peamised kasutuskohad on katused, p\u00f5randad, seinad ja vahelaed. Sobib k\u00f5igi puit-, metall- ja betoonkonstruktsioonide isoleerimiseks. ISOVER PREMIUM 33 on ka v\u00e4ga hea heliisolaator.<\/p>\n<p><strong>Paigaldus<\/strong><br \/>\nISOVER PREMIUM 33 plaadid paigaldatakse enamasti puit- v\u00f5i metalls\u00f5restike vahele ilma lisakinnitusvahendeid kasutamata. Optimaalse soojusisolatsiooni tagamiseks peab isolatsioonimaterjal t\u00e4itma kogu selleks m\u00f5eldud ruumi. Seet\u00f5ttu peaksid isolatsioonimaterjali m\u00f5\u00f5tmed olema arvestuslikest m\u00f5\u00f5tudest veidi suuremad. Spetsiaalseid kinnitusvahendeid kasutades saab ISOVER PREMIUM 33 plaate paigaldada ilma s\u00f5restikkonstruktsioonita. Konkreetse ehitise n\u00f5uetele vastamiseks tuleb paigaldamisel j\u00e4rgida projekteerija juhiseid.<\/p>\n<p><strong>Ladustamistingimused<\/strong><br \/>\nAvamata Multipakki v\u00f5ib ladustada v\u00e4litingimustes.Multipaki avamisel kaob ka ilmastikukindlus ning \u00fclej\u00e4\u00e4nud alusele j\u00e4\u00e4nud tooted tuleb pealtpoolt katta vett mittel\u00e4bilaskva kattega (kile v\u00f5i presendiga). Katmisel j\u00e4lgige, et vihmavesi ei p\u00e4\u00e4seks alusele j\u00e4\u00e4nud \u00fcksikpakkide vahele.Toodete ja pakendite k\u00e4sitlemisel tuleb j\u00e4rgida pakendil v\u00f5i tootja spetsiaalses kasutusjuhendis esitatud juhiseid.<\/p>\n\t\t<\/div>\n\t\t\t\t\t<\/div>\n\n\t\n\n\t<div id=\"col-749653135\" class=\"col medium-3 small-12 large-3\"  >\n\t\t\t\t<div class=\"col-inner\"  >\n\t\t\t\n\t\t\t\n\t<div id=\"gap-974449588\" class=\"gap-element clearfix\" style=\"display:block; height:auto;\">\n\t\t\n<style>\n#gap-974449588 {\n  padding-top: 30px;\n}\n<\/style>\n\t<\/div>\n\t\n<h3>Tooteleht<\/h3>\n<p><a href=\"https:\/\/espak.ee\/epood\/wp-content\/uploads\/2021\/11\/ISOVER_KL-33.pdf\"target=\"_blank\" rel=\"noopener noreferrer\"><i class=\"far fa-file-pdf\"><\/i> Tooteleht (PDF)<\/a><\/p>\n<h3>Ohutuskaart<\/h3>\n<p><a href=\"https:\/\/espak.ee\/epood\/wp-content\/uploads\/2021\/11\/isover_klaasvilla_ohutuskaart_27.02.2020_soome_tehased.pdf\"target=\"_blank\" rel=\"noopener noreferrer\"><i class=\"far fa-file-pdf\"><\/i> Ohutuskaart (PDF)<\/a><\/p>\n<h3>K\u00e4sitsemise juhised<\/h3>\n<p><a href=\"https:\/\/espak.ee\/epood\/wp-content\/uploads\/2021\/11\/kasitsemise_juhised-1.pdf\"target=\"_blank\" rel=\"noopener noreferrer\"><i class=\"far fa-file-pdf\"><\/i> K\u00e4sitsemise juhised (PDF)<\/a><\/p>\n<h3>Soojustuste tabel<\/h3>\n<p><a href=\"https:\/\/espak.ee\/epood\/wp-content\/uploads\/2023\/03\/isover_toodete_soojustakistuste_tabel_0.pdf\"target=\"_blank\" rel=\"noopener noreferrer\"><i class=\"far fa-file-pdf\"><\/i> Soojustuste tabel (PDF)<\/a><\/p>\n<h3>DoP<\/h3>\n<p><a href=\"https:\/\/espak.ee\/epood\/wp-content\/uploads\/2021\/11\/ISOVER_PREMIUM_33_2.5.2022_et.pdf\"target=\"_blank\" rel=\"noopener noreferrer\"><i class=\"far fa-file-pdf\"><\/i> DoP (PDF)<\/a><\/p>\n<div class=\"is-divider divider clearfix\" ><\/div>\n<p><strong>\u00dcksikasjalikuma n\u00f5u saamiseks v\u00f5tke \u00fchendust:<br \/><\/strong>SAINT-GOBAIN EESTI AS<br \/>Peterburi tee 75<br \/>Tallinn, 11415<br \/>Telefon: +372 6209 510<\/p>\n<div class=\"is-divider divider clearfix\" ><\/div>\n\t\t<\/div>\n\t\t\t\t\t<\/div>\n\n\t\n<\/div>\n","protected":false},"excerpt":{"rendered":"","protected":false},"featured_media":161648,"comment_status":"closed","ping_status":"closed","template":"","meta":[],"product_brand":[],"product_cat":[2718,3510,2697,3511],"product_tag":[],"class_list":{"0":"post-99453","1":"product","2":"type-product","3":"status-publish","4":"has-post-thumbnail","6":"product_cat-isolatsioonimaterjalid","7":"product_cat-klaasvill","8":"product_cat-uldehitus","9":"product_cat-uldotstarbeline-klaasvill","10":"pa_kaubamark-saint-gobain-ehitustooted-as","12":"first","13":"instock","14":"sale","15":"taxable","16":"shipping-taxable","17":"purchasable","18":"product-type-simple"},"yoast_head":"<!-- This site is optimized with the Yoast SEO plugin v26.9 - https:\/\/yoast.com\/product\/yoast-seo-wordpress\/ -->\n<title>KLAASVILL ISOVER PREMIUM 33-100 560*870MM 3,9M2 - Espak E-pood<\/title>\n<meta name=\"robots\" content=\"index, follow, max-snippet:-1, max-image-preview:large, max-video-preview:-1\" \/>\n<link rel=\"canonical\" href=\"https:\/\/espak.ee\/epood\/toode\/klaasvill-isover-premium-33-100-560870mm-39m2\/\" \/>\n<meta property=\"og:locale\" content=\"et_EE\" \/>\n<meta property=\"og:type\" content=\"article\" \/>\n<meta property=\"og:title\" content=\"KLAASVILL ISOVER PREMIUM 33-100 560*870MM 3,9M2 - Espak E-pood\" \/>\n<meta property=\"og:url\" content=\"https:\/\/espak.ee\/epood\/toode\/klaasvill-isover-premium-33-100-560870mm-39m2\/\" \/>\n<meta property=\"og:site_name\" content=\"Espak E-pood\" \/>\n<meta property=\"article:modified_time\" content=\"2024-09-30T05:39:05+00:00\" \/>\n<meta property=\"og:image\" content=\"https:\/\/espak.ee\/epood\/wp-content\/uploads\/2021\/11\/premium-33.jpg\" \/>\n\t<meta property=\"og:image:width\" content=\"800\" \/>\n\t<meta property=\"og:image:height\" content=\"800\" \/>\n\t<meta property=\"og:image:type\" content=\"image\/jpeg\" \/>\n<meta name=\"twitter:card\" content=\"summary_large_image\" \/>\n<meta name=\"twitter:label1\" content=\"Est. reading time\" \/>\n\t<meta name=\"twitter:data1\" content=\"1 minut\" \/>\n<script type=\"application\/ld+json\" class=\"yoast-schema-graph\">{\"@context\":\"https:\/\/schema.org\",\"@graph\":[{\"@type\":\"WebPage\",\"@id\":\"https:\/\/espak.ee\/epood\/toode\/klaasvill-isover-premium-33-100-560870mm-39m2\/\",\"url\":\"https:\/\/espak.ee\/epood\/toode\/klaasvill-isover-premium-33-100-560870mm-39m2\/\",\"name\":\"KLAASVILL ISOVER PREMIUM 33-100 560*870MM 3,9M2 - Espak E-pood\",\"isPartOf\":{\"@id\":\"https:\/\/espak.ee\/epood\/#website\"},\"primaryImageOfPage\":{\"@id\":\"https:\/\/espak.ee\/epood\/toode\/klaasvill-isover-premium-33-100-560870mm-39m2\/#primaryimage\"},\"image\":{\"@id\":\"https:\/\/espak.ee\/epood\/toode\/klaasvill-isover-premium-33-100-560870mm-39m2\/#primaryimage\"},\"thumbnailUrl\":\"https:\/\/espak.ee\/epood\/wp-content\/uploads\/2021\/11\/premium-33.jpg\",\"datePublished\":\"2021-11-13T00:13:27+00:00\",\"dateModified\":\"2024-09-30T05:39:05+00:00\",\"breadcrumb\":{\"@id\":\"https:\/\/espak.ee\/epood\/toode\/klaasvill-isover-premium-33-100-560870mm-39m2\/#breadcrumb\"},\"inLanguage\":\"et\",\"potentialAction\":[{\"@type\":\"ReadAction\",\"target\":[\"https:\/\/espak.ee\/epood\/toode\/klaasvill-isover-premium-33-100-560870mm-39m2\/\"]}]},{\"@type\":\"ImageObject\",\"inLanguage\":\"et\",\"@id\":\"https:\/\/espak.ee\/epood\/toode\/klaasvill-isover-premium-33-100-560870mm-39m2\/#primaryimage\",\"url\":\"https:\/\/espak.ee\/epood\/wp-content\/uploads\/2021\/11\/premium-33.jpg\",\"contentUrl\":\"https:\/\/espak.ee\/epood\/wp-content\/uploads\/2021\/11\/premium-33.jpg\",\"width\":800,\"height\":800},{\"@type\":\"BreadcrumbList\",\"@id\":\"https:\/\/espak.ee\/epood\/toode\/klaasvill-isover-premium-33-100-560870mm-39m2\/#breadcrumb\",\"itemListElement\":[{\"@type\":\"ListItem\",\"position\":1,\"name\":\"Home\",\"item\":\"https:\/\/espak.ee\/epood\/\"},{\"@type\":\"ListItem\",\"position\":2,\"name\":\"Tootevalik\",\"item\":\"https:\/\/espak.ee\/epood\/tootevalik\/\"},{\"@type\":\"ListItem\",\"position\":3,\"name\":\"KLAASVILL ISOVER PREMIUM 33-100 560*870MM 3,9M2\"}]},{\"@type\":\"WebSite\",\"@id\":\"https:\/\/espak.ee\/epood\/#website\",\"url\":\"https:\/\/espak.ee\/epood\/\",\"name\":\"Espak E-pood\",\"description\":\"\",\"potentialAction\":[{\"@type\":\"SearchAction\",\"target\":{\"@type\":\"EntryPoint\",\"urlTemplate\":\"https:\/\/espak.ee\/epood\/?s={search_term_string}\"},\"query-input\":{\"@type\":\"PropertyValueSpecification\",\"valueRequired\":true,\"valueName\":\"search_term_string\"}}],\"inLanguage\":\"et\"}]}<\/script>\n<!-- \/ Yoast SEO plugin. -->","yoast_head_json":{"title":"KLAASVILL ISOVER PREMIUM 33-100 560*870MM 3,9M2 - Espak E-pood","robots":{"index":"index","follow":"follow","max-snippet":"max-snippet:-1","max-image-preview":"max-image-preview:large","max-video-preview":"max-video-preview:-1"},"canonical":"https:\/\/espak.ee\/epood\/toode\/klaasvill-isover-premium-33-100-560870mm-39m2\/","og_locale":"et_EE","og_type":"article","og_title":"KLAASVILL ISOVER PREMIUM 33-100 560*870MM 3,9M2 - Espak E-pood","og_url":"https:\/\/espak.ee\/epood\/toode\/klaasvill-isover-premium-33-100-560870mm-39m2\/","og_site_name":"Espak E-pood","article_modified_time":"2024-09-30T05:39:05+00:00","og_image":[{"width":800,"height":800,"url":"https:\/\/espak.ee\/epood\/wp-content\/uploads\/2021\/11\/premium-33.jpg","type":"image\/jpeg"}],"twitter_card":"summary_large_image","twitter_misc":{"Est. reading time":"1 minut"},"schema":{"@context":"https:\/\/schema.org","@graph":[{"@type":"WebPage","@id":"https:\/\/espak.ee\/epood\/toode\/klaasvill-isover-premium-33-100-560870mm-39m2\/","url":"https:\/\/espak.ee\/epood\/toode\/klaasvill-isover-premium-33-100-560870mm-39m2\/","name":"KLAASVILL ISOVER PREMIUM 33-100 560*870MM 3,9M2 - Espak E-pood","isPartOf":{"@id":"https:\/\/espak.ee\/epood\/#website"},"primaryImageOfPage":{"@id":"https:\/\/espak.ee\/epood\/toode\/klaasvill-isover-premium-33-100-560870mm-39m2\/#primaryimage"},"image":{"@id":"https:\/\/espak.ee\/epood\/toode\/klaasvill-isover-premium-33-100-560870mm-39m2\/#primaryimage"},"thumbnailUrl":"https:\/\/espak.ee\/epood\/wp-content\/uploads\/2021\/11\/premium-33.jpg","datePublished":"2021-11-13T00:13:27+00:00","dateModified":"2024-09-30T05:39:05+00:00","breadcrumb":{"@id":"https:\/\/espak.ee\/epood\/toode\/klaasvill-isover-premium-33-100-560870mm-39m2\/#breadcrumb"},"inLanguage":"et","potentialAction":[{"@type":"ReadAction","target":["https:\/\/espak.ee\/epood\/toode\/klaasvill-isover-premium-33-100-560870mm-39m2\/"]}]},{"@type":"ImageObject","inLanguage":"et","@id":"https:\/\/espak.ee\/epood\/toode\/klaasvill-isover-premium-33-100-560870mm-39m2\/#primaryimage","url":"https:\/\/espak.ee\/epood\/wp-content\/uploads\/2021\/11\/premium-33.jpg","contentUrl":"https:\/\/espak.ee\/epood\/wp-content\/uploads\/2021\/11\/premium-33.jpg","width":800,"height":800},{"@type":"BreadcrumbList","@id":"https:\/\/espak.ee\/epood\/toode\/klaasvill-isover-premium-33-100-560870mm-39m2\/#breadcrumb","itemListElement":[{"@type":"ListItem","position":1,"name":"Home","item":"https:\/\/espak.ee\/epood\/"},{"@type":"ListItem","position":2,"name":"Tootevalik","item":"https:\/\/espak.ee\/epood\/tootevalik\/"},{"@type":"ListItem","position":3,"name":"KLAASVILL ISOVER PREMIUM 33-100 560*870MM 3,9M2"}]},{"@type":"WebSite","@id":"https:\/\/espak.ee\/epood\/#website","url":"https:\/\/espak.ee\/epood\/","name":"Espak E-pood","description":"","potentialAction":[{"@type":"SearchAction","target":{"@type":"EntryPoint","urlTemplate":"https:\/\/espak.ee\/epood\/?s={search_term_string}"},"query-input":{"@type":"PropertyValueSpecification","valueRequired":true,"valueName":"search_term_string"}}],"inLanguage":"et"}]}},"_links":{"self":[{"href":"https:\/\/espak.ee\/epood\/wp-json\/wp\/v2\/product\/99453","targetHints":{"allow":["GET"]}}],"collection":[{"href":"https:\/\/espak.ee\/epood\/wp-json\/wp\/v2\/product"}],"about":[{"href":"https:\/\/espak.ee\/epood\/wp-json\/wp\/v2\/types\/product"}],"replies":[{"embeddable":true,"href":"https:\/\/espak.ee\/epood\/wp-json\/wp\/v2\/comments?post=99453"}],"wp:featuredmedia":[{"embeddable":true,"href":"https:\/\/espak.ee\/epood\/wp-json\/wp\/v2\/media\/161648"}],"wp:attachment":[{"href":"https:\/\/espak.ee\/epood\/wp-json\/wp\/v2\/media?parent=99453"}],"wp:term":[{"taxonomy":"product_brand","embeddable":true,"href":"https:\/\/espak.ee\/epood\/wp-json\/wp\/v2\/product_brand?post=99453"},{"taxonomy":"product_cat","embeddable":true,"href":"https:\/\/espak.ee\/epood\/wp-json\/wp\/v2\/product_cat?post=99453"},{"taxonomy":"product_tag","embeddable":true,"href":"https:\/\/espak.ee\/epood\/wp-json\/wp\/v2\/product_tag?post=99453"}],"curies":[{"name":"wp","href":"https:\/\/api.w.org\/{rel}","templated":true}]}}