{"id":99449,"date":"2021-11-12T23:18:34","date_gmt":"2021-11-12T23:18:34","guid":{"rendered":"https:\/\/espak.ee\/epood\/?post_type=product&#038;p=99449"},"modified":"2024-09-30T08:47:00","modified_gmt":"2024-09-30T05:47:00","slug":"klaasvill-isover-cls-v2-15-12001200mm","status":"publish","type":"product","link":"https:\/\/espak.ee\/epood\/toode\/klaasvill-isover-cls-v2-15-12001200mm\/","title":{"rendered":"KLAASVILL ISOVER CLS V2-15 1200*1200MM"},"content":{"rendered":"<div class=\"row\"  id=\"row-2017809319\">\n\n\t<div id=\"col-591568732\" class=\"col medium-9 small-12 large-9\"  >\n\t\t\t\t<div class=\"col-inner\"  >\n\t\t\t\n\t\t\t\n<h3>Klaasvill CLIMLINER Slab V2<\/h3>\n<p>ISOTEC CLIMLINER SLAB V2 (endine KVL) on j\u00e4ik \u00fchelt poolt musta klaaskiudvildiga kaetud klaasvillaplaat, mida kasutatakse ventilatsiooniseadmete ja -kanalite m\u00fcrasummutus- ja soojusisolatsiooniks. Klaaskiudvilt takistab kiudude eraldumist plaadi pinnalt. <\/p>\n<p><strong>Kasutamine<\/strong><br \/>\nISOTEC CLIMLINER SLAB V2 kasutatakse peamiselt erinevate summutite (n\u00e4iteks ventilatsioonikeskuste puhurikambrid, korpused, saabuva \u00f5hu seadmed) sisemiseks helisummutuseks ja isolatsiooniks. Klaaskiudvilt takistab kiudude eraldumist summutusmaterjalist ka \u00f5huvoolu suurte kiiruste korral. ISOTEC CLIMLINER SLAB V2 kasutatakse objektidel, mille projektides ei ole summutusmaterjalile v\u00e4limuse osas esitatud erilisi n\u00f5udeid. <\/p>\n<p><strong>Paigaldus<\/strong><br \/>\nT\u00e4nu materjali kergusele saab seda kasutada suurte plaatidena, mis suurendab majanduslikku \u00f6konoomsust ja efektiivsust. ISOTEC CLIMLINER SLAB V2 plaati on ilma spetsiaalsete t\u00f6\u00f6riistadeta lihtne t\u00f6\u00f6delda. Toote p\u00fcsivus muudab v\u00f5imalikuks ka suurte t\u00fckkide koosp\u00fcsimise. Plaadi elastsus paksussuunal tihendab v\u00f5imaliku \u00e4\u00e4reliistu alla j\u00e4\u00e4va kattega plaadi serva-ala ja annab korrektse v\u00e4limuse. <\/p>\n<p><strong>Ladustamistingimused<\/strong><br \/>\nToodete ja pakendite k\u00e4sitlemisel tuleb j\u00e4rgida pakendil v\u00f5i tootja spetsiaalses kasutusjuhendis esitatud juhiseid.<\/p>\n\t\t<\/div>\n\t\t\t\t\t<\/div>\n\n\t\n\n\t<div id=\"col-1352866736\" class=\"col medium-3 small-12 large-3\"  >\n\t\t\t\t<div class=\"col-inner\"  >\n\t\t\t\n\t\t\t\n\t<div id=\"gap-1510381052\" class=\"gap-element clearfix\" style=\"display:block; height:auto;\">\n\t\t\n<style>\n#gap-1510381052 {\n  padding-top: 30px;\n}\n<\/style>\n\t<\/div>\n\t\n<h3>Ohutuskaart<\/h3>\n<p><a href=\"https:\/\/espak.ee\/epood\/wp-content\/uploads\/2021\/11\/Glasswool_S-G_Finland_OY_et.pdf\"target=\"_blank\" rel=\"noopener noreferrer\"><i class=\"far fa-file-pdf\"><\/i> Ohutuskaart (PDF)<\/a><\/p>\n<h3>K\u00e4sitsemise juhised<\/h3>\n<p><a href=\"https:\/\/espak.ee\/epood\/wp-content\/uploads\/2021\/11\/kasitsemise_juhised-1.pdf\"target=\"_blank\" rel=\"noopener noreferrer\"><i class=\"far fa-file-pdf\"><\/i> K\u00e4sitsemise juhised (PDF)<\/a><\/p>\n<h3>Tehniline informatsioon<\/h3>\n<p><a href=\"https:\/\/espak.ee\/epood\/wp-content\/uploads\/2021\/11\/CLIMLINER_Slab_V2.pdf\"target=\"_blank\" rel=\"noopener noreferrer\"><i class=\"far fa-file-pdf\"><\/i> Tehniline informatsioon (PDF)<\/a><\/p>\n<h3>Soojustuste tabel<\/h3>\n<p><a href=\"https:\/\/espak.ee\/epood\/wp-content\/uploads\/2023\/03\/isover_toodete_soojustakistuste_tabel_0.pdf\"target=\"_blank\" rel=\"noopener noreferrer\"><i class=\"far fa-file-pdf\"><\/i> Soojustuste tabel (PDF)<\/a><\/p>\n<h3>DoP<\/h3>\n<p><a href=\"https:\/\/espak.ee\/epood\/wp-content\/uploads\/2021\/11\/Climliner_Slab__V2_DoP_et.pdf\"target=\"_blank\" rel=\"noopener noreferrer\"><i class=\"far fa-file-pdf\"><\/i> DoP (PDF)<\/a><\/p>\n<div class=\"is-divider divider clearfix\" ><\/div>\n<p><strong>\u00dcksikasjalikuma n\u00f5u saamiseks v\u00f5tke \u00fchendust:<br \/><\/strong>SAINT-GOBAIN EESTI AS<br \/>Peterburi tee 75<br \/>Tallinn, 11415<br \/>Telefon: +372 6209 510<\/p>\n<div class=\"is-divider divider clearfix\" ><\/div>\n\t\t<\/div>\n\t\t\t\t\t<\/div>\n\n\t\n<\/div>\n","protected":false},"excerpt":{"rendered":"","protected":false},"featured_media":212066,"comment_status":"closed","ping_status":"closed","template":"","meta":[],"product_brand":[],"product_cat":[4212,2718,3510,2697],"product_tag":[],"class_list":{"0":"post-99449","1":"product","2":"type-product","3":"status-publish","4":"has-post-thumbnail","6":"product_cat-eri-ja-tehniline-klaasvill","7":"product_cat-isolatsioonimaterjalid","8":"product_cat-klaasvill","9":"product_cat-uldehitus","10":"pa_kaubamark-saint-gobain-ehitustooted-as","12":"first","13":"instock","14":"sale","15":"taxable","16":"shipping-taxable","17":"purchasable","18":"product-type-simple"},"yoast_head":"<!-- This site is optimized with the Yoast SEO plugin v26.9 - https:\/\/yoast.com\/product\/yoast-seo-wordpress\/ -->\n<title>KLAASVILL ISOVER CLS V2-15 1200*1200MM - Espak E-pood<\/title>\n<meta name=\"robots\" content=\"index, follow, max-snippet:-1, max-image-preview:large, max-video-preview:-1\" \/>\n<link rel=\"canonical\" href=\"https:\/\/espak.ee\/epood\/toode\/klaasvill-isover-cls-v2-15-12001200mm\/\" \/>\n<meta property=\"og:locale\" content=\"et_EE\" \/>\n<meta property=\"og:type\" content=\"article\" \/>\n<meta property=\"og:title\" content=\"KLAASVILL ISOVER CLS V2-15 1200*1200MM - Espak E-pood\" \/>\n<meta property=\"og:url\" content=\"https:\/\/espak.ee\/epood\/toode\/klaasvill-isover-cls-v2-15-12001200mm\/\" \/>\n<meta property=\"og:site_name\" content=\"Espak E-pood\" \/>\n<meta property=\"article:modified_time\" content=\"2024-09-30T05:47:00+00:00\" \/>\n<meta property=\"og:image\" content=\"https:\/\/espak.ee\/epood\/wp-content\/uploads\/2021\/11\/459bbfebb5a6c6b2de1a396a46538f9f.png.jpg\" \/>\n\t<meta property=\"og:image:width\" content=\"1000\" \/>\n\t<meta property=\"og:image:height\" content=\"1000\" \/>\n\t<meta property=\"og:image:type\" content=\"image\/jpeg\" \/>\n<meta name=\"twitter:card\" content=\"summary_large_image\" \/>\n<meta name=\"twitter:label1\" content=\"Est. reading time\" \/>\n\t<meta name=\"twitter:data1\" content=\"1 minut\" \/>\n<script type=\"application\/ld+json\" class=\"yoast-schema-graph\">{\"@context\":\"https:\/\/schema.org\",\"@graph\":[{\"@type\":\"WebPage\",\"@id\":\"https:\/\/espak.ee\/epood\/toode\/klaasvill-isover-cls-v2-15-12001200mm\/\",\"url\":\"https:\/\/espak.ee\/epood\/toode\/klaasvill-isover-cls-v2-15-12001200mm\/\",\"name\":\"KLAASVILL ISOVER CLS V2-15 1200*1200MM - Espak E-pood\",\"isPartOf\":{\"@id\":\"https:\/\/espak.ee\/epood\/#website\"},\"primaryImageOfPage\":{\"@id\":\"https:\/\/espak.ee\/epood\/toode\/klaasvill-isover-cls-v2-15-12001200mm\/#primaryimage\"},\"image\":{\"@id\":\"https:\/\/espak.ee\/epood\/toode\/klaasvill-isover-cls-v2-15-12001200mm\/#primaryimage\"},\"thumbnailUrl\":\"https:\/\/espak.ee\/epood\/wp-content\/uploads\/2021\/11\/459bbfebb5a6c6b2de1a396a46538f9f.png.jpg\",\"datePublished\":\"2021-11-12T23:18:34+00:00\",\"dateModified\":\"2024-09-30T05:47:00+00:00\",\"breadcrumb\":{\"@id\":\"https:\/\/espak.ee\/epood\/toode\/klaasvill-isover-cls-v2-15-12001200mm\/#breadcrumb\"},\"inLanguage\":\"et\",\"potentialAction\":[{\"@type\":\"ReadAction\",\"target\":[\"https:\/\/espak.ee\/epood\/toode\/klaasvill-isover-cls-v2-15-12001200mm\/\"]}]},{\"@type\":\"ImageObject\",\"inLanguage\":\"et\",\"@id\":\"https:\/\/espak.ee\/epood\/toode\/klaasvill-isover-cls-v2-15-12001200mm\/#primaryimage\",\"url\":\"https:\/\/espak.ee\/epood\/wp-content\/uploads\/2021\/11\/459bbfebb5a6c6b2de1a396a46538f9f.png.jpg\",\"contentUrl\":\"https:\/\/espak.ee\/epood\/wp-content\/uploads\/2021\/11\/459bbfebb5a6c6b2de1a396a46538f9f.png.jpg\",\"width\":1000,\"height\":1000},{\"@type\":\"BreadcrumbList\",\"@id\":\"https:\/\/espak.ee\/epood\/toode\/klaasvill-isover-cls-v2-15-12001200mm\/#breadcrumb\",\"itemListElement\":[{\"@type\":\"ListItem\",\"position\":1,\"name\":\"Home\",\"item\":\"https:\/\/espak.ee\/epood\/\"},{\"@type\":\"ListItem\",\"position\":2,\"name\":\"Tootevalik\",\"item\":\"https:\/\/espak.ee\/epood\/tootevalik\/\"},{\"@type\":\"ListItem\",\"position\":3,\"name\":\"KLAASVILL ISOVER CLS V2-15 1200*1200MM\"}]},{\"@type\":\"WebSite\",\"@id\":\"https:\/\/espak.ee\/epood\/#website\",\"url\":\"https:\/\/espak.ee\/epood\/\",\"name\":\"Espak E-pood\",\"description\":\"\",\"potentialAction\":[{\"@type\":\"SearchAction\",\"target\":{\"@type\":\"EntryPoint\",\"urlTemplate\":\"https:\/\/espak.ee\/epood\/?s={search_term_string}\"},\"query-input\":{\"@type\":\"PropertyValueSpecification\",\"valueRequired\":true,\"valueName\":\"search_term_string\"}}],\"inLanguage\":\"et\"}]}<\/script>\n<!-- \/ Yoast SEO plugin. -->","yoast_head_json":{"title":"KLAASVILL ISOVER CLS V2-15 1200*1200MM - Espak E-pood","robots":{"index":"index","follow":"follow","max-snippet":"max-snippet:-1","max-image-preview":"max-image-preview:large","max-video-preview":"max-video-preview:-1"},"canonical":"https:\/\/espak.ee\/epood\/toode\/klaasvill-isover-cls-v2-15-12001200mm\/","og_locale":"et_EE","og_type":"article","og_title":"KLAASVILL ISOVER CLS V2-15 1200*1200MM - Espak E-pood","og_url":"https:\/\/espak.ee\/epood\/toode\/klaasvill-isover-cls-v2-15-12001200mm\/","og_site_name":"Espak E-pood","article_modified_time":"2024-09-30T05:47:00+00:00","og_image":[{"width":1000,"height":1000,"url":"https:\/\/espak.ee\/epood\/wp-content\/uploads\/2021\/11\/459bbfebb5a6c6b2de1a396a46538f9f.png.jpg","type":"image\/jpeg"}],"twitter_card":"summary_large_image","twitter_misc":{"Est. reading time":"1 minut"},"schema":{"@context":"https:\/\/schema.org","@graph":[{"@type":"WebPage","@id":"https:\/\/espak.ee\/epood\/toode\/klaasvill-isover-cls-v2-15-12001200mm\/","url":"https:\/\/espak.ee\/epood\/toode\/klaasvill-isover-cls-v2-15-12001200mm\/","name":"KLAASVILL ISOVER CLS V2-15 1200*1200MM - Espak E-pood","isPartOf":{"@id":"https:\/\/espak.ee\/epood\/#website"},"primaryImageOfPage":{"@id":"https:\/\/espak.ee\/epood\/toode\/klaasvill-isover-cls-v2-15-12001200mm\/#primaryimage"},"image":{"@id":"https:\/\/espak.ee\/epood\/toode\/klaasvill-isover-cls-v2-15-12001200mm\/#primaryimage"},"thumbnailUrl":"https:\/\/espak.ee\/epood\/wp-content\/uploads\/2021\/11\/459bbfebb5a6c6b2de1a396a46538f9f.png.jpg","datePublished":"2021-11-12T23:18:34+00:00","dateModified":"2024-09-30T05:47:00+00:00","breadcrumb":{"@id":"https:\/\/espak.ee\/epood\/toode\/klaasvill-isover-cls-v2-15-12001200mm\/#breadcrumb"},"inLanguage":"et","potentialAction":[{"@type":"ReadAction","target":["https:\/\/espak.ee\/epood\/toode\/klaasvill-isover-cls-v2-15-12001200mm\/"]}]},{"@type":"ImageObject","inLanguage":"et","@id":"https:\/\/espak.ee\/epood\/toode\/klaasvill-isover-cls-v2-15-12001200mm\/#primaryimage","url":"https:\/\/espak.ee\/epood\/wp-content\/uploads\/2021\/11\/459bbfebb5a6c6b2de1a396a46538f9f.png.jpg","contentUrl":"https:\/\/espak.ee\/epood\/wp-content\/uploads\/2021\/11\/459bbfebb5a6c6b2de1a396a46538f9f.png.jpg","width":1000,"height":1000},{"@type":"BreadcrumbList","@id":"https:\/\/espak.ee\/epood\/toode\/klaasvill-isover-cls-v2-15-12001200mm\/#breadcrumb","itemListElement":[{"@type":"ListItem","position":1,"name":"Home","item":"https:\/\/espak.ee\/epood\/"},{"@type":"ListItem","position":2,"name":"Tootevalik","item":"https:\/\/espak.ee\/epood\/tootevalik\/"},{"@type":"ListItem","position":3,"name":"KLAASVILL ISOVER CLS V2-15 1200*1200MM"}]},{"@type":"WebSite","@id":"https:\/\/espak.ee\/epood\/#website","url":"https:\/\/espak.ee\/epood\/","name":"Espak E-pood","description":"","potentialAction":[{"@type":"SearchAction","target":{"@type":"EntryPoint","urlTemplate":"https:\/\/espak.ee\/epood\/?s={search_term_string}"},"query-input":{"@type":"PropertyValueSpecification","valueRequired":true,"valueName":"search_term_string"}}],"inLanguage":"et"}]}},"_links":{"self":[{"href":"https:\/\/espak.ee\/epood\/wp-json\/wp\/v2\/product\/99449","targetHints":{"allow":["GET"]}}],"collection":[{"href":"https:\/\/espak.ee\/epood\/wp-json\/wp\/v2\/product"}],"about":[{"href":"https:\/\/espak.ee\/epood\/wp-json\/wp\/v2\/types\/product"}],"replies":[{"embeddable":true,"href":"https:\/\/espak.ee\/epood\/wp-json\/wp\/v2\/comments?post=99449"}],"wp:featuredmedia":[{"embeddable":true,"href":"https:\/\/espak.ee\/epood\/wp-json\/wp\/v2\/media\/212066"}],"wp:attachment":[{"href":"https:\/\/espak.ee\/epood\/wp-json\/wp\/v2\/media?parent=99449"}],"wp:term":[{"taxonomy":"product_brand","embeddable":true,"href":"https:\/\/espak.ee\/epood\/wp-json\/wp\/v2\/product_brand?post=99449"},{"taxonomy":"product_cat","embeddable":true,"href":"https:\/\/espak.ee\/epood\/wp-json\/wp\/v2\/product_cat?post=99449"},{"taxonomy":"product_tag","embeddable":true,"href":"https:\/\/espak.ee\/epood\/wp-json\/wp\/v2\/product_tag?post=99449"}],"curies":[{"name":"wp","href":"https:\/\/api.w.org\/{rel}","templated":true}]}}