{"id":98698,"date":"2021-11-05T00:34:32","date_gmt":"2021-11-05T00:34:32","guid":{"rendered":"https:\/\/espak.ee\/epood\/?post_type=product&#038;p=98698"},"modified":"2026-01-21T13:07:09","modified_gmt":"2026-01-21T11:07:09","slug":"soojustusplaat-kingspan-sauna-satu-306001200mm","status":"publish","type":"product","link":"https:\/\/espak.ee\/epood\/toode\/soojustusplaat-kingspan-sauna-satu-306001200mm\/","title":{"rendered":"SOOJUSTUSPLAAT KINGSPAN SAUNA-SATU 30*600*1200MM"},"content":{"rendered":"<div class=\"row\"  id=\"row-310726604\">\n\n\t<div id=\"col-908285980\" class=\"col medium-9 small-12 large-9\"  >\n\t\t\t\t<div class=\"col-inner\"  >\n\t\t\t\n\t\t\t\n<h3>Soojustusplaat Sauna-Satu Kingspan<\/h3>\n<p><strong>Muretu saunatamine<\/strong><br \/>\n&#8211; T\u00f5hus termoreaktiivne soojustus \u2013 soojaerijuhtivus 0,022 W\/(m\u00b7K)<br \/>\n&#8211; Kuni kaks korda t\u00f5husam soojustus v\u00f5rreldes tavap\u00e4raste soojustusmaterjalidega<br \/>\n&#8211; Suurep\u00e4rane survetugevus  \u2265100 kPa<br \/>\n&#8211; \u00d5hu liikumine ei halvenda isolatsiooni omadusi<br \/>\n&#8211; Aurutihe<br \/>\n&#8211; Lihtne k\u00e4sitleda ja paigaldada<br \/>\n&#8211; Ei sisalda kahjulikke aineid<\/p>\n<p>Kingspan Sauna-Satu soojustuse paigaldamine on lihtne ja kiire. Paigaldamisega saab meie juhendi abil h\u00e4sti hakkama ka ilma eelneva ehituskogemuseta ja eksimisv\u00f5imalused on v\u00e4ikesed. \u00d5igesti paigaldatud soojustuse isolatsiooniv\u00f5ime p\u00fcsib hoone eluts\u00fcklis pikka aega.<\/p>\n<p>Kergeid soojustusplaate on lihtne t\u00f6\u00f6delda ja selleks sobivad tavalised k\u00e4sit\u00f6\u00f6riistad nagu k\u00e4sisaag ja vaibanuga. Soojustusplaadi l\u00e4bipuurimiseks piisab tavalisest harukarbifreesist ja t\u00fckeldamiseks k\u00e4sisaest.<\/p>\n\t<div id=\"gap-967772252\" class=\"gap-element clearfix\" style=\"display:block; height:auto;\">\n\t\t\n<style>\n#gap-967772252 {\n  padding-top: 30px;\n}\n<\/style>\n\t<\/div>\n\t\n\t\t<\/div>\n\t\t\t\t\t<\/div>\n\n\t\n\n\t<div id=\"col-92424579\" class=\"col medium-3 small-12 large-3\"  >\n\t\t\t\t<div class=\"col-inner\"  >\n\t\t\t\n\t\t\t\n\t<div id=\"gap-908343535\" class=\"gap-element clearfix\" style=\"display:block; height:auto;\">\n\t\t\n<style>\n#gap-908343535 {\n  padding-top: 30px;\n}\n<\/style>\n\t<\/div>\n\t\n<h3>Tooteloend<\/h3>\n<p><a href=\"https:\/\/espak.ee\/epood\/wp-content\/uploads\/2021\/11\/146771_Kingspan-Insulation-Tooteloend.pdf\" target=\"_blank\" rel=\"noopener noreferrer\"><i class=\"far fa-file-pdf\"><\/i> Kingspan Insulation tooteloend (PDF)<\/a><\/p>\n<div class=\"is-divider divider clearfix\" ><\/div>\n<p><strong>\u00dcksikasjalikuma n\u00f5u saamiseks v\u00f5tke \u00fchendust:<br \/><\/strong>Kingspan Insulation O\u00dc<br \/>J\u00e4rvevana tee 7b<br \/>10132<br \/>Tallinn<br \/> Telefon +372 53 314 568<\/p>\n<div class=\"is-divider divider clearfix\" ><\/div>\n\t\t<\/div>\n\t\t\t\t\t<\/div>\n\n\t\n<\/div>\n","protected":false},"excerpt":{"rendered":"","protected":false},"featured_media":99316,"comment_status":"closed","ping_status":"closed","template":"","meta":[],"product_brand":[],"product_cat":[2718,4952,2697,4201],"product_tag":[],"class_list":{"0":"post-98698","1":"product","2":"type-product","3":"status-publish","4":"has-post-thumbnail","6":"product_cat-isolatsioonimaterjalid","7":"product_cat-pir-soojustus","8":"product_cat-uldehitus","9":"product_cat-xps","10":"pa_kaubamark-kingspan-insulation-ou","12":"first","13":"outofstock","14":"sale","15":"taxable","16":"shipping-taxable","17":"purchasable","18":"product-type-simple"},"yoast_head":"<!-- This site is optimized with the Yoast SEO plugin v26.9 - https:\/\/yoast.com\/product\/yoast-seo-wordpress\/ -->\n<title>SOOJUSTUSPLAAT KINGSPAN SAUNA-SATU 30*600*1200MM - Espak E-pood<\/title>\n<meta name=\"robots\" content=\"index, follow, max-snippet:-1, max-image-preview:large, max-video-preview:-1\" \/>\n<link rel=\"canonical\" href=\"https:\/\/espak.ee\/epood\/toode\/soojustusplaat-kingspan-sauna-satu-306001200mm\/\" \/>\n<meta property=\"og:locale\" content=\"et_EE\" \/>\n<meta property=\"og:type\" content=\"article\" \/>\n<meta property=\"og:title\" content=\"SOOJUSTUSPLAAT KINGSPAN SAUNA-SATU 30*600*1200MM - Espak E-pood\" \/>\n<meta property=\"og:url\" content=\"https:\/\/espak.ee\/epood\/toode\/soojustusplaat-kingspan-sauna-satu-306001200mm\/\" \/>\n<meta property=\"og:site_name\" content=\"Espak E-pood\" \/>\n<meta property=\"article:modified_time\" content=\"2026-01-21T11:07:09+00:00\" \/>\n<meta property=\"og:image\" content=\"https:\/\/espak.ee\/epood\/wp-content\/uploads\/2021\/11\/45928.jpg\" \/>\n\t<meta property=\"og:image:width\" content=\"1000\" \/>\n\t<meta property=\"og:image:height\" content=\"1000\" \/>\n\t<meta property=\"og:image:type\" content=\"image\/jpeg\" \/>\n<meta name=\"twitter:card\" content=\"summary_large_image\" \/>\n<meta name=\"twitter:label1\" content=\"Est. reading time\" \/>\n\t<meta name=\"twitter:data1\" content=\"1 minut\" \/>\n<script type=\"application\/ld+json\" class=\"yoast-schema-graph\">{\"@context\":\"https:\/\/schema.org\",\"@graph\":[{\"@type\":\"WebPage\",\"@id\":\"https:\/\/espak.ee\/epood\/toode\/soojustusplaat-kingspan-sauna-satu-306001200mm\/\",\"url\":\"https:\/\/espak.ee\/epood\/toode\/soojustusplaat-kingspan-sauna-satu-306001200mm\/\",\"name\":\"SOOJUSTUSPLAAT KINGSPAN SAUNA-SATU 30*600*1200MM - Espak E-pood\",\"isPartOf\":{\"@id\":\"https:\/\/espak.ee\/epood\/#website\"},\"primaryImageOfPage\":{\"@id\":\"https:\/\/espak.ee\/epood\/toode\/soojustusplaat-kingspan-sauna-satu-306001200mm\/#primaryimage\"},\"image\":{\"@id\":\"https:\/\/espak.ee\/epood\/toode\/soojustusplaat-kingspan-sauna-satu-306001200mm\/#primaryimage\"},\"thumbnailUrl\":\"https:\/\/espak.ee\/epood\/wp-content\/uploads\/2021\/11\/45928.jpg\",\"datePublished\":\"2021-11-05T00:34:32+00:00\",\"dateModified\":\"2026-01-21T11:07:09+00:00\",\"breadcrumb\":{\"@id\":\"https:\/\/espak.ee\/epood\/toode\/soojustusplaat-kingspan-sauna-satu-306001200mm\/#breadcrumb\"},\"inLanguage\":\"et\",\"potentialAction\":[{\"@type\":\"ReadAction\",\"target\":[\"https:\/\/espak.ee\/epood\/toode\/soojustusplaat-kingspan-sauna-satu-306001200mm\/\"]}]},{\"@type\":\"ImageObject\",\"inLanguage\":\"et\",\"@id\":\"https:\/\/espak.ee\/epood\/toode\/soojustusplaat-kingspan-sauna-satu-306001200mm\/#primaryimage\",\"url\":\"https:\/\/espak.ee\/epood\/wp-content\/uploads\/2021\/11\/45928.jpg\",\"contentUrl\":\"https:\/\/espak.ee\/epood\/wp-content\/uploads\/2021\/11\/45928.jpg\",\"width\":1000,\"height\":1000},{\"@type\":\"BreadcrumbList\",\"@id\":\"https:\/\/espak.ee\/epood\/toode\/soojustusplaat-kingspan-sauna-satu-306001200mm\/#breadcrumb\",\"itemListElement\":[{\"@type\":\"ListItem\",\"position\":1,\"name\":\"Home\",\"item\":\"https:\/\/espak.ee\/epood\/\"},{\"@type\":\"ListItem\",\"position\":2,\"name\":\"Tootevalik\",\"item\":\"https:\/\/espak.ee\/epood\/tootevalik\/\"},{\"@type\":\"ListItem\",\"position\":3,\"name\":\"SOOJUSTUSPLAAT KINGSPAN SAUNA-SATU 30*600*1200MM\"}]},{\"@type\":\"WebSite\",\"@id\":\"https:\/\/espak.ee\/epood\/#website\",\"url\":\"https:\/\/espak.ee\/epood\/\",\"name\":\"Espak E-pood\",\"description\":\"\",\"potentialAction\":[{\"@type\":\"SearchAction\",\"target\":{\"@type\":\"EntryPoint\",\"urlTemplate\":\"https:\/\/espak.ee\/epood\/?s={search_term_string}\"},\"query-input\":{\"@type\":\"PropertyValueSpecification\",\"valueRequired\":true,\"valueName\":\"search_term_string\"}}],\"inLanguage\":\"et\"}]}<\/script>\n<!-- \/ Yoast SEO plugin. -->","yoast_head_json":{"title":"SOOJUSTUSPLAAT KINGSPAN SAUNA-SATU 30*600*1200MM - Espak E-pood","robots":{"index":"index","follow":"follow","max-snippet":"max-snippet:-1","max-image-preview":"max-image-preview:large","max-video-preview":"max-video-preview:-1"},"canonical":"https:\/\/espak.ee\/epood\/toode\/soojustusplaat-kingspan-sauna-satu-306001200mm\/","og_locale":"et_EE","og_type":"article","og_title":"SOOJUSTUSPLAAT KINGSPAN SAUNA-SATU 30*600*1200MM - Espak E-pood","og_url":"https:\/\/espak.ee\/epood\/toode\/soojustusplaat-kingspan-sauna-satu-306001200mm\/","og_site_name":"Espak E-pood","article_modified_time":"2026-01-21T11:07:09+00:00","og_image":[{"width":1000,"height":1000,"url":"https:\/\/espak.ee\/epood\/wp-content\/uploads\/2021\/11\/45928.jpg","type":"image\/jpeg"}],"twitter_card":"summary_large_image","twitter_misc":{"Est. reading time":"1 minut"},"schema":{"@context":"https:\/\/schema.org","@graph":[{"@type":"WebPage","@id":"https:\/\/espak.ee\/epood\/toode\/soojustusplaat-kingspan-sauna-satu-306001200mm\/","url":"https:\/\/espak.ee\/epood\/toode\/soojustusplaat-kingspan-sauna-satu-306001200mm\/","name":"SOOJUSTUSPLAAT KINGSPAN SAUNA-SATU 30*600*1200MM - Espak E-pood","isPartOf":{"@id":"https:\/\/espak.ee\/epood\/#website"},"primaryImageOfPage":{"@id":"https:\/\/espak.ee\/epood\/toode\/soojustusplaat-kingspan-sauna-satu-306001200mm\/#primaryimage"},"image":{"@id":"https:\/\/espak.ee\/epood\/toode\/soojustusplaat-kingspan-sauna-satu-306001200mm\/#primaryimage"},"thumbnailUrl":"https:\/\/espak.ee\/epood\/wp-content\/uploads\/2021\/11\/45928.jpg","datePublished":"2021-11-05T00:34:32+00:00","dateModified":"2026-01-21T11:07:09+00:00","breadcrumb":{"@id":"https:\/\/espak.ee\/epood\/toode\/soojustusplaat-kingspan-sauna-satu-306001200mm\/#breadcrumb"},"inLanguage":"et","potentialAction":[{"@type":"ReadAction","target":["https:\/\/espak.ee\/epood\/toode\/soojustusplaat-kingspan-sauna-satu-306001200mm\/"]}]},{"@type":"ImageObject","inLanguage":"et","@id":"https:\/\/espak.ee\/epood\/toode\/soojustusplaat-kingspan-sauna-satu-306001200mm\/#primaryimage","url":"https:\/\/espak.ee\/epood\/wp-content\/uploads\/2021\/11\/45928.jpg","contentUrl":"https:\/\/espak.ee\/epood\/wp-content\/uploads\/2021\/11\/45928.jpg","width":1000,"height":1000},{"@type":"BreadcrumbList","@id":"https:\/\/espak.ee\/epood\/toode\/soojustusplaat-kingspan-sauna-satu-306001200mm\/#breadcrumb","itemListElement":[{"@type":"ListItem","position":1,"name":"Home","item":"https:\/\/espak.ee\/epood\/"},{"@type":"ListItem","position":2,"name":"Tootevalik","item":"https:\/\/espak.ee\/epood\/tootevalik\/"},{"@type":"ListItem","position":3,"name":"SOOJUSTUSPLAAT KINGSPAN SAUNA-SATU 30*600*1200MM"}]},{"@type":"WebSite","@id":"https:\/\/espak.ee\/epood\/#website","url":"https:\/\/espak.ee\/epood\/","name":"Espak E-pood","description":"","potentialAction":[{"@type":"SearchAction","target":{"@type":"EntryPoint","urlTemplate":"https:\/\/espak.ee\/epood\/?s={search_term_string}"},"query-input":{"@type":"PropertyValueSpecification","valueRequired":true,"valueName":"search_term_string"}}],"inLanguage":"et"}]}},"_links":{"self":[{"href":"https:\/\/espak.ee\/epood\/wp-json\/wp\/v2\/product\/98698","targetHints":{"allow":["GET"]}}],"collection":[{"href":"https:\/\/espak.ee\/epood\/wp-json\/wp\/v2\/product"}],"about":[{"href":"https:\/\/espak.ee\/epood\/wp-json\/wp\/v2\/types\/product"}],"replies":[{"embeddable":true,"href":"https:\/\/espak.ee\/epood\/wp-json\/wp\/v2\/comments?post=98698"}],"wp:featuredmedia":[{"embeddable":true,"href":"https:\/\/espak.ee\/epood\/wp-json\/wp\/v2\/media\/99316"}],"wp:attachment":[{"href":"https:\/\/espak.ee\/epood\/wp-json\/wp\/v2\/media?parent=98698"}],"wp:term":[{"taxonomy":"product_brand","embeddable":true,"href":"https:\/\/espak.ee\/epood\/wp-json\/wp\/v2\/product_brand?post=98698"},{"taxonomy":"product_cat","embeddable":true,"href":"https:\/\/espak.ee\/epood\/wp-json\/wp\/v2\/product_cat?post=98698"},{"taxonomy":"product_tag","embeddable":true,"href":"https:\/\/espak.ee\/epood\/wp-json\/wp\/v2\/product_tag?post=98698"}],"curies":[{"name":"wp","href":"https:\/\/api.w.org\/{rel}","templated":true}]}}