{"id":98630,"date":"2021-11-04T06:04:15","date_gmt":"2021-11-04T06:04:15","guid":{"rendered":"https:\/\/espak.ee\/epood\/?post_type=product&#038;p=98630"},"modified":"2026-04-03T20:12:24","modified_gmt":"2026-04-03T17:12:24","slug":"akutikksaag-einhell-tc-js-18v-solo","status":"publish","type":"product","link":"https:\/\/espak.ee\/epood\/toode\/akutikksaag-einhell-tc-js-18v-solo\/","title":{"rendered":"AKUTIKKSAAG EINHELL TC-JS 18V SOLO"},"content":{"rendered":"<div class=\"row\"  id=\"row-1223871984\">\n\n\t<div id=\"col-105724555\" class=\"col medium-9 small-12 large-9\"  >\n\t\t\t\t<div class=\"col-inner\"  >\n\t\t\t\n\t\t\t\n<h3>Akutikksaag TC-JS 18V SOLO Einhell<\/h3>\n<div class=\"message-box relative\" style=\"padding-top:15px;padding-bottom:15px;\"><div class=\"message-box-bg-image bg-fill fill\" ><\/div><div class=\"message-box-bg-overlay bg-fill fill\" ><\/div><div class=\"container relative\"><div class=\"inner last-reset\">\n<div class=\"row align-middle align-center\"  id=\"row-670043587\">\n\n\t<div id=\"col-1932308100\" class=\"col small-12 large-12\"  >\n\t\t\t\t<div class=\"col-inner text-left\"  >\n\t\t\t\n\t\t\t\n<h4>Omadused<\/h4>\n<div class=\"row\"  id=\"row-851208985\">\n\n\t<div id=\"col-2095536436\" class=\"col medium-6 small-12 large-6\"  >\n\t\t\t\t<div class=\"col-inner\"  >\n\t\t\t\n\t\t\t\n<p><i class=\"far fa-check-circle fa-2x\"><\/i><strong>\u00a0Power X-Change\u00b4i tootepere liige <\/strong><\/p>\n<p><i class=\"far fa-check-circle fa-2x\"><\/i><strong> Valitav pendlits\u00fckkel kiireks l\u00f5ikamiseks\u00a0<\/strong><\/p>\n<p><i class=\"far fa-check-circle fa-2x\"><\/i><strong> Sisaldab tolmupuhumisseadist n\u00e4htavuse parandamiseks <\/strong><\/p>\n<p><i class=\"far fa-check-circle fa-2x\"><\/i><strong> Sisseehitatud plastist liugklots tundlikkust n\u00f5udvate toorikute jaoks\u00a0<\/strong><\/p>\n\t\t<\/div>\n\t\t\t\t\n<style>\n#col-2095536436 > .col-inner {\n  margin: 0px 0px 15px 0px;\n}\n<\/style>\n\t<\/div>\n\n\t\n\n\t<div id=\"col-1970226313\" class=\"col medium-6 small-12 large-6\"  >\n\t\t\t\t<div class=\"col-inner\"  >\n\t\t\t\n\t\t\t\n<p><i class=\"far fa-check-circle fa-2x\"><\/i><strong> V\u00e4ga sujuv talitlus t\u00e4pseks l\u00f5ikamiseks <\/strong><\/p>\n<p><i class=\"far fa-check-circle fa-2x\"><\/i><strong> Universaalne t\u00f6\u00f6riistavaba saelehe hoidik\u00a0<\/strong><\/p>\n<p><i class=\"far fa-check-circle fa-2x\"><\/i><strong> Komplekt akuta ja akulaadijata (saadaval eraldi)\u00a0<\/strong><\/p>\n\t\t<\/div>\n\t\t\t\t\n<style>\n#col-1970226313 > .col-inner {\n  margin: 0px 0px 15px 0px;\n}\n<\/style>\n\t<\/div>\n\n\t\n<\/div>\n\t\t<\/div>\n\t\t\t\t\t<\/div>\n\n\t\n<\/div>\n<\/div><\/div><\/div>\n\t<div id=\"gap-2108924491\" class=\"gap-element clearfix\" style=\"display:block; height:auto;\">\n\t\t\n<style>\n#gap-2108924491 {\n  padding-top: 30px;\n}\n<\/style>\n\t<\/div>\n\t\n<h2>Tootekirjeldus<\/h2>\n<p> Akutikksaag TE-JS 18 Li SOLO kuulub Power X-Change\u00b4i tooteperesse ja selle toiteallikaks on laetavad akuhalduss\u00fcsteemi ja pika elueaga liitiumioonakud. K\u00f5ik s\u00fcsteemi akud \u00fchilduvad k\u00f5igi Power X-Change\u00b4i tootepere t\u00f6\u00f6riistadega. T\u00e4nu t\u00f5eliselt sujuvale t\u00f6\u00f6le teeb akusaag t\u00e4pseid l\u00f5ikeid. Kiirete l\u00f5igete jaoks on sellel valitav pendlitegevus. Universaalne ilma t\u00f6\u00f6riistadeta terahoidik s\u00e4\u00e4stab tarbetuid k\u00e4eliigutusi, v\u00f5imaldades tera kiiresti ja ilma t\u00f6\u00f6riistu kasutamata vahetada. Optimaalse n\u00e4htavuse tagamiseks t\u00f6\u00f6tamise ajal on tolmu eemaldamise funktsioon. Integreeritud plastikust liugklots kaitseb eriti tundlikke toorikuid. Toode tarnitakse koos KWB kvaliteetse puidu saelehega.<br \/>\n Tarnitakse ilma aku ja laadurita. Need on saadaval eraldi.  <\/p>\n\t<div id=\"gap-33568284\" class=\"gap-element clearfix\" style=\"display:block; height:auto;\">\n\t\t\n<style>\n#gap-33568284 {\n  padding-top: 30px;\n}\n<\/style>\n\t<\/div>\n\t\n\t\t<\/div>\n\t\t\t\t\t<\/div>\n\n\t\n\n\t<div id=\"col-976481843\" class=\"col medium-3 small-12 large-3\"  >\n\t\t\t\t<div class=\"col-inner\"  >\n\t\t\t\n\t\t\t\n<img decoding=\"async\" src=\"https:\/\/espak.ee\/epood\/wp-content\/uploads\/2020\/04\/Power-x-change-logo.jpg\" alt=\"\" width=\"1772\" height=\"343\" class=\"alignnone size-full wp-image-97311\" srcset=\"https:\/\/espak.ee\/epood\/wp-content\/uploads\/2020\/04\/Power-x-change-logo.jpg 1772w, https:\/\/espak.ee\/epood\/wp-content\/uploads\/2020\/04\/Power-x-change-logo-500x97.jpg 500w, https:\/\/espak.ee\/epood\/wp-content\/uploads\/2020\/04\/Power-x-change-logo-769x149.jpg 769w, https:\/\/espak.ee\/epood\/wp-content\/uploads\/2020\/04\/Power-x-change-logo-300x58.jpg 300w, https:\/\/espak.ee\/epood\/wp-content\/uploads\/2020\/04\/Power-x-change-logo-1024x198.jpg 1024w, https:\/\/espak.ee\/epood\/wp-content\/uploads\/2020\/04\/Power-x-change-logo-150x29.jpg 150w, https:\/\/espak.ee\/epood\/wp-content\/uploads\/2020\/04\/Power-x-change-logo-768x149.jpg 768w, https:\/\/espak.ee\/epood\/wp-content\/uploads\/2020\/04\/Power-x-change-logo-1536x297.jpg 1536w\" sizes=\"(max-width: 1772px) 100vw, 1772px\" \/><br \/>\n<div class=\"is-divider divider clearfix\" ><\/div>\n<h3>Kasutusjuhend<\/h3>\n<p><a href=\"https:\/\/espak.ee\/epood\/wp-content\/uploads\/2021\/11\/Akutikksaag-Einhell-TC-JS-18-Li-Solo-4321209.pdf\" target=\"_blank\" rel=\"noopener noreferrer\"><i class=\"far fa-file-pdf\"><\/i> Kasutusjuhend (PDF)<\/a><\/p>\n<div class=\"is-divider divider clearfix\" ><\/div>\n<p><strong>\u00dcksikasjalikuma n\u00f5u saamiseks v\u00f5tke \u00fchendust:<br \/><\/strong>Espak AS<br \/>Viadukti 42<br \/>11313<br \/>Tallinn<br \/>+372 6 512333<\/p>\n\t\t<\/div>\n\t\t\t\t\t<\/div>\n\n\t\n<\/div>\n","protected":false},"excerpt":{"rendered":"","protected":false},"featured_media":99176,"comment_status":"closed","ping_status":"closed","template":"","meta":[],"product_brand":[],"product_cat":[2756,2733,2680,2679],"product_tag":[],"class_list":{"0":"post-98630","1":"product","2":"type-product","3":"status-publish","4":"has-post-thumbnail","6":"product_cat-akutikksaed","7":"product_cat-akutooriistad","8":"product_cat-elektritooriistad","9":"product_cat-tooriistad","10":"pa_kaubamark-einhell","12":"first","13":"instock","14":"sale","15":"taxable","16":"shipping-taxable","17":"purchasable","18":"product-type-simple"},"yoast_head":"<!-- This site is optimized with the Yoast SEO plugin v26.9 - https:\/\/yoast.com\/product\/yoast-seo-wordpress\/ -->\n<title>AKUTIKKSAAG EINHELL TC-JS 18V SOLO - Espak E-pood<\/title>\n<meta name=\"robots\" content=\"index, follow, max-snippet:-1, max-image-preview:large, max-video-preview:-1\" \/>\n<link rel=\"canonical\" href=\"https:\/\/espak.ee\/epood\/toode\/akutikksaag-einhell-tc-js-18v-solo\/\" \/>\n<meta property=\"og:locale\" content=\"et_EE\" \/>\n<meta property=\"og:type\" content=\"article\" \/>\n<meta property=\"og:title\" content=\"AKUTIKKSAAG EINHELL TC-JS 18V SOLO - Espak E-pood\" \/>\n<meta property=\"og:url\" content=\"https:\/\/espak.ee\/epood\/toode\/akutikksaag-einhell-tc-js-18v-solo\/\" \/>\n<meta property=\"og:site_name\" content=\"Espak E-pood\" \/>\n<meta property=\"article:modified_time\" content=\"2026-04-03T17:12:24+00:00\" \/>\n<meta property=\"og:image\" content=\"https:\/\/espak.ee\/epood\/wp-content\/uploads\/2021\/11\/4321209_11018_002_TC_JS_18_Li_Solo_RAL3002_Pic.jpg\" \/>\n\t<meta property=\"og:image:width\" content=\"1000\" \/>\n\t<meta property=\"og:image:height\" content=\"1000\" \/>\n\t<meta property=\"og:image:type\" content=\"image\/jpeg\" \/>\n<meta name=\"twitter:card\" content=\"summary_large_image\" \/>\n<meta name=\"twitter:label1\" content=\"Est. reading time\" \/>\n\t<meta name=\"twitter:data1\" content=\"1 minut\" \/>\n<script type=\"application\/ld+json\" class=\"yoast-schema-graph\">{\"@context\":\"https:\/\/schema.org\",\"@graph\":[{\"@type\":\"WebPage\",\"@id\":\"https:\/\/espak.ee\/epood\/toode\/akutikksaag-einhell-tc-js-18v-solo\/\",\"url\":\"https:\/\/espak.ee\/epood\/toode\/akutikksaag-einhell-tc-js-18v-solo\/\",\"name\":\"AKUTIKKSAAG EINHELL TC-JS 18V SOLO - Espak E-pood\",\"isPartOf\":{\"@id\":\"https:\/\/espak.ee\/epood\/#website\"},\"primaryImageOfPage\":{\"@id\":\"https:\/\/espak.ee\/epood\/toode\/akutikksaag-einhell-tc-js-18v-solo\/#primaryimage\"},\"image\":{\"@id\":\"https:\/\/espak.ee\/epood\/toode\/akutikksaag-einhell-tc-js-18v-solo\/#primaryimage\"},\"thumbnailUrl\":\"https:\/\/espak.ee\/epood\/wp-content\/uploads\/2021\/11\/4321209_11018_002_TC_JS_18_Li_Solo_RAL3002_Pic.jpg\",\"datePublished\":\"2021-11-04T06:04:15+00:00\",\"dateModified\":\"2026-04-03T17:12:24+00:00\",\"breadcrumb\":{\"@id\":\"https:\/\/espak.ee\/epood\/toode\/akutikksaag-einhell-tc-js-18v-solo\/#breadcrumb\"},\"inLanguage\":\"et\",\"potentialAction\":[{\"@type\":\"ReadAction\",\"target\":[\"https:\/\/espak.ee\/epood\/toode\/akutikksaag-einhell-tc-js-18v-solo\/\"]}]},{\"@type\":\"ImageObject\",\"inLanguage\":\"et\",\"@id\":\"https:\/\/espak.ee\/epood\/toode\/akutikksaag-einhell-tc-js-18v-solo\/#primaryimage\",\"url\":\"https:\/\/espak.ee\/epood\/wp-content\/uploads\/2021\/11\/4321209_11018_002_TC_JS_18_Li_Solo_RAL3002_Pic.jpg\",\"contentUrl\":\"https:\/\/espak.ee\/epood\/wp-content\/uploads\/2021\/11\/4321209_11018_002_TC_JS_18_Li_Solo_RAL3002_Pic.jpg\",\"width\":1000,\"height\":1000},{\"@type\":\"BreadcrumbList\",\"@id\":\"https:\/\/espak.ee\/epood\/toode\/akutikksaag-einhell-tc-js-18v-solo\/#breadcrumb\",\"itemListElement\":[{\"@type\":\"ListItem\",\"position\":1,\"name\":\"Home\",\"item\":\"https:\/\/espak.ee\/epood\/\"},{\"@type\":\"ListItem\",\"position\":2,\"name\":\"Tootevalik\",\"item\":\"https:\/\/espak.ee\/epood\/tootevalik\/\"},{\"@type\":\"ListItem\",\"position\":3,\"name\":\"AKUTIKKSAAG EINHELL TC-JS 18V SOLO\"}]},{\"@type\":\"WebSite\",\"@id\":\"https:\/\/espak.ee\/epood\/#website\",\"url\":\"https:\/\/espak.ee\/epood\/\",\"name\":\"Espak E-pood\",\"description\":\"\",\"potentialAction\":[{\"@type\":\"SearchAction\",\"target\":{\"@type\":\"EntryPoint\",\"urlTemplate\":\"https:\/\/espak.ee\/epood\/?s={search_term_string}\"},\"query-input\":{\"@type\":\"PropertyValueSpecification\",\"valueRequired\":true,\"valueName\":\"search_term_string\"}}],\"inLanguage\":\"et\"}]}<\/script>\n<!-- \/ Yoast SEO plugin. -->","yoast_head_json":{"title":"AKUTIKKSAAG EINHELL TC-JS 18V SOLO - Espak E-pood","robots":{"index":"index","follow":"follow","max-snippet":"max-snippet:-1","max-image-preview":"max-image-preview:large","max-video-preview":"max-video-preview:-1"},"canonical":"https:\/\/espak.ee\/epood\/toode\/akutikksaag-einhell-tc-js-18v-solo\/","og_locale":"et_EE","og_type":"article","og_title":"AKUTIKKSAAG EINHELL TC-JS 18V SOLO - Espak E-pood","og_url":"https:\/\/espak.ee\/epood\/toode\/akutikksaag-einhell-tc-js-18v-solo\/","og_site_name":"Espak E-pood","article_modified_time":"2026-04-03T17:12:24+00:00","og_image":[{"width":1000,"height":1000,"url":"https:\/\/espak.ee\/epood\/wp-content\/uploads\/2021\/11\/4321209_11018_002_TC_JS_18_Li_Solo_RAL3002_Pic.jpg","type":"image\/jpeg"}],"twitter_card":"summary_large_image","twitter_misc":{"Est. reading time":"1 minut"},"schema":{"@context":"https:\/\/schema.org","@graph":[{"@type":"WebPage","@id":"https:\/\/espak.ee\/epood\/toode\/akutikksaag-einhell-tc-js-18v-solo\/","url":"https:\/\/espak.ee\/epood\/toode\/akutikksaag-einhell-tc-js-18v-solo\/","name":"AKUTIKKSAAG EINHELL TC-JS 18V SOLO - Espak E-pood","isPartOf":{"@id":"https:\/\/espak.ee\/epood\/#website"},"primaryImageOfPage":{"@id":"https:\/\/espak.ee\/epood\/toode\/akutikksaag-einhell-tc-js-18v-solo\/#primaryimage"},"image":{"@id":"https:\/\/espak.ee\/epood\/toode\/akutikksaag-einhell-tc-js-18v-solo\/#primaryimage"},"thumbnailUrl":"https:\/\/espak.ee\/epood\/wp-content\/uploads\/2021\/11\/4321209_11018_002_TC_JS_18_Li_Solo_RAL3002_Pic.jpg","datePublished":"2021-11-04T06:04:15+00:00","dateModified":"2026-04-03T17:12:24+00:00","breadcrumb":{"@id":"https:\/\/espak.ee\/epood\/toode\/akutikksaag-einhell-tc-js-18v-solo\/#breadcrumb"},"inLanguage":"et","potentialAction":[{"@type":"ReadAction","target":["https:\/\/espak.ee\/epood\/toode\/akutikksaag-einhell-tc-js-18v-solo\/"]}]},{"@type":"ImageObject","inLanguage":"et","@id":"https:\/\/espak.ee\/epood\/toode\/akutikksaag-einhell-tc-js-18v-solo\/#primaryimage","url":"https:\/\/espak.ee\/epood\/wp-content\/uploads\/2021\/11\/4321209_11018_002_TC_JS_18_Li_Solo_RAL3002_Pic.jpg","contentUrl":"https:\/\/espak.ee\/epood\/wp-content\/uploads\/2021\/11\/4321209_11018_002_TC_JS_18_Li_Solo_RAL3002_Pic.jpg","width":1000,"height":1000},{"@type":"BreadcrumbList","@id":"https:\/\/espak.ee\/epood\/toode\/akutikksaag-einhell-tc-js-18v-solo\/#breadcrumb","itemListElement":[{"@type":"ListItem","position":1,"name":"Home","item":"https:\/\/espak.ee\/epood\/"},{"@type":"ListItem","position":2,"name":"Tootevalik","item":"https:\/\/espak.ee\/epood\/tootevalik\/"},{"@type":"ListItem","position":3,"name":"AKUTIKKSAAG EINHELL TC-JS 18V SOLO"}]},{"@type":"WebSite","@id":"https:\/\/espak.ee\/epood\/#website","url":"https:\/\/espak.ee\/epood\/","name":"Espak E-pood","description":"","potentialAction":[{"@type":"SearchAction","target":{"@type":"EntryPoint","urlTemplate":"https:\/\/espak.ee\/epood\/?s={search_term_string}"},"query-input":{"@type":"PropertyValueSpecification","valueRequired":true,"valueName":"search_term_string"}}],"inLanguage":"et"}]}},"_links":{"self":[{"href":"https:\/\/espak.ee\/epood\/wp-json\/wp\/v2\/product\/98630","targetHints":{"allow":["GET"]}}],"collection":[{"href":"https:\/\/espak.ee\/epood\/wp-json\/wp\/v2\/product"}],"about":[{"href":"https:\/\/espak.ee\/epood\/wp-json\/wp\/v2\/types\/product"}],"replies":[{"embeddable":true,"href":"https:\/\/espak.ee\/epood\/wp-json\/wp\/v2\/comments?post=98630"}],"wp:featuredmedia":[{"embeddable":true,"href":"https:\/\/espak.ee\/epood\/wp-json\/wp\/v2\/media\/99176"}],"wp:attachment":[{"href":"https:\/\/espak.ee\/epood\/wp-json\/wp\/v2\/media?parent=98630"}],"wp:term":[{"taxonomy":"product_brand","embeddable":true,"href":"https:\/\/espak.ee\/epood\/wp-json\/wp\/v2\/product_brand?post=98630"},{"taxonomy":"product_cat","embeddable":true,"href":"https:\/\/espak.ee\/epood\/wp-json\/wp\/v2\/product_cat?post=98630"},{"taxonomy":"product_tag","embeddable":true,"href":"https:\/\/espak.ee\/epood\/wp-json\/wp\/v2\/product_tag?post=98630"}],"curies":[{"name":"wp","href":"https:\/\/api.w.org\/{rel}","templated":true}]}}