{"id":97903,"date":"2021-10-21T21:25:28","date_gmt":"2021-10-21T21:25:28","guid":{"rendered":"https:\/\/espak.ee\/epood\/?post_type=product&#038;p=97903"},"modified":"2024-03-23T12:52:03","modified_gmt":"2024-03-23T10:52:03","slug":"ratikuhoidja-610mm-bisk-ontario","status":"publish","type":"product","link":"https:\/\/espak.ee\/epood\/toode\/ratikuhoidja-610mm-bisk-ontario\/","title":{"rendered":"R\u00c4TIKUHOIDJA 610MM BISK ONTARIO"},"content":{"rendered":"<div class=\"row\"  id=\"row-593274132\">\n\n\t<div id=\"col-1479096458\" class=\"col medium-9 small-12 large-9\"  >\n\t\t\t\t<div class=\"col-inner\"  >\n\t\t\t\n\t\t\t\n<h3>R\u00e4tikuhoidja seinale Ontario Bisk<\/h3>\n<p>Materjal: ZnAl\/ Roostevaba teras\/ Kroom.<br \/>\nM\u00f5\u00f5t: 660x55x80 mm.<\/p>\n\t\t<\/div>\n\t\t\t\t\t<\/div>\n\n\t\n\n\t<div id=\"col-308527778\" class=\"col medium-3 small-12 large-3\"  >\n\t\t\t\t<div class=\"col-inner\"  >\n\t\t\t\n\t\t\t\n<div class=\"is-divider divider clearfix\" ><\/div>\n<p><strong>\u00dcksikasjalikuma n\u00f5u saamiseks v\u00f5tke \u00fchendust:<br \/><\/strong>Espak AS<br \/>Viadukti 42<br \/>11313<br \/>Tallinn<br \/>+372 6 512333<\/p>\n\t\t<\/div>\n\t\t\t\t\t<\/div>\n\n\t\n<\/div>\n","protected":false},"excerpt":{"rendered":"","protected":false},"featured_media":98321,"comment_status":"closed","ping_status":"closed","template":"","meta":[],"product_brand":[],"product_cat":[4198,2819,2820,3525],"product_tag":[],"class_list":{"0":"post-97903","1":"product","2":"type-product","3":"status-publish","4":"has-post-thumbnail","6":"product_cat-bisk-tooted","7":"product_cat-sanitaartehnika","8":"product_cat-sanitaartehnika-sanitaartehnika","9":"product_cat-vannitoasisustus","10":"pa_kaubamark-bisk-s-a","12":"first","13":"instock","14":"sale","15":"taxable","16":"shipping-taxable","17":"purchasable","18":"product-type-simple"},"yoast_head":"<!-- This site is optimized with the Yoast SEO plugin v26.9 - https:\/\/yoast.com\/product\/yoast-seo-wordpress\/ -->\n<title>R\u00c4TIKUHOIDJA 610MM BISK ONTARIO - Espak E-pood<\/title>\n<meta name=\"robots\" content=\"index, follow, max-snippet:-1, max-image-preview:large, max-video-preview:-1\" \/>\n<link rel=\"canonical\" href=\"https:\/\/espak.ee\/epood\/toode\/ratikuhoidja-610mm-bisk-ontario\/\" \/>\n<meta property=\"og:locale\" content=\"et_EE\" \/>\n<meta property=\"og:type\" content=\"article\" \/>\n<meta property=\"og:title\" content=\"R\u00c4TIKUHOIDJA 610MM BISK ONTARIO - Espak E-pood\" \/>\n<meta property=\"og:url\" content=\"https:\/\/espak.ee\/epood\/toode\/ratikuhoidja-610mm-bisk-ontario\/\" \/>\n<meta property=\"og:site_name\" content=\"Espak E-pood\" \/>\n<meta property=\"article:modified_time\" content=\"2024-03-23T10:52:03+00:00\" \/>\n<meta property=\"og:image\" content=\"https:\/\/espak.ee\/epood\/wp-content\/uploads\/2021\/10\/00214.jpg\" \/>\n\t<meta property=\"og:image:width\" content=\"1024\" \/>\n\t<meta property=\"og:image:height\" content=\"768\" \/>\n\t<meta property=\"og:image:type\" content=\"image\/jpeg\" \/>\n<meta name=\"twitter:card\" content=\"summary_large_image\" \/>\n<script type=\"application\/ld+json\" class=\"yoast-schema-graph\">{\"@context\":\"https:\/\/schema.org\",\"@graph\":[{\"@type\":\"WebPage\",\"@id\":\"https:\/\/espak.ee\/epood\/toode\/ratikuhoidja-610mm-bisk-ontario\/\",\"url\":\"https:\/\/espak.ee\/epood\/toode\/ratikuhoidja-610mm-bisk-ontario\/\",\"name\":\"R\u00c4TIKUHOIDJA 610MM BISK ONTARIO - Espak E-pood\",\"isPartOf\":{\"@id\":\"https:\/\/espak.ee\/epood\/#website\"},\"primaryImageOfPage\":{\"@id\":\"https:\/\/espak.ee\/epood\/toode\/ratikuhoidja-610mm-bisk-ontario\/#primaryimage\"},\"image\":{\"@id\":\"https:\/\/espak.ee\/epood\/toode\/ratikuhoidja-610mm-bisk-ontario\/#primaryimage\"},\"thumbnailUrl\":\"https:\/\/espak.ee\/epood\/wp-content\/uploads\/2021\/10\/00214.jpg\",\"datePublished\":\"2021-10-21T21:25:28+00:00\",\"dateModified\":\"2024-03-23T10:52:03+00:00\",\"breadcrumb\":{\"@id\":\"https:\/\/espak.ee\/epood\/toode\/ratikuhoidja-610mm-bisk-ontario\/#breadcrumb\"},\"inLanguage\":\"et\",\"potentialAction\":[{\"@type\":\"ReadAction\",\"target\":[\"https:\/\/espak.ee\/epood\/toode\/ratikuhoidja-610mm-bisk-ontario\/\"]}]},{\"@type\":\"ImageObject\",\"inLanguage\":\"et\",\"@id\":\"https:\/\/espak.ee\/epood\/toode\/ratikuhoidja-610mm-bisk-ontario\/#primaryimage\",\"url\":\"https:\/\/espak.ee\/epood\/wp-content\/uploads\/2021\/10\/00214.jpg\",\"contentUrl\":\"https:\/\/espak.ee\/epood\/wp-content\/uploads\/2021\/10\/00214.jpg\",\"width\":1024,\"height\":768},{\"@type\":\"BreadcrumbList\",\"@id\":\"https:\/\/espak.ee\/epood\/toode\/ratikuhoidja-610mm-bisk-ontario\/#breadcrumb\",\"itemListElement\":[{\"@type\":\"ListItem\",\"position\":1,\"name\":\"Home\",\"item\":\"https:\/\/espak.ee\/epood\/\"},{\"@type\":\"ListItem\",\"position\":2,\"name\":\"Tootevalik\",\"item\":\"https:\/\/espak.ee\/epood\/tootevalik\/\"},{\"@type\":\"ListItem\",\"position\":3,\"name\":\"R\u00c4TIKUHOIDJA 610MM BISK ONTARIO\"}]},{\"@type\":\"WebSite\",\"@id\":\"https:\/\/espak.ee\/epood\/#website\",\"url\":\"https:\/\/espak.ee\/epood\/\",\"name\":\"Espak E-pood\",\"description\":\"\",\"potentialAction\":[{\"@type\":\"SearchAction\",\"target\":{\"@type\":\"EntryPoint\",\"urlTemplate\":\"https:\/\/espak.ee\/epood\/?s={search_term_string}\"},\"query-input\":{\"@type\":\"PropertyValueSpecification\",\"valueRequired\":true,\"valueName\":\"search_term_string\"}}],\"inLanguage\":\"et\"}]}<\/script>\n<!-- \/ Yoast SEO plugin. -->","yoast_head_json":{"title":"R\u00c4TIKUHOIDJA 610MM BISK ONTARIO - Espak E-pood","robots":{"index":"index","follow":"follow","max-snippet":"max-snippet:-1","max-image-preview":"max-image-preview:large","max-video-preview":"max-video-preview:-1"},"canonical":"https:\/\/espak.ee\/epood\/toode\/ratikuhoidja-610mm-bisk-ontario\/","og_locale":"et_EE","og_type":"article","og_title":"R\u00c4TIKUHOIDJA 610MM BISK ONTARIO - Espak E-pood","og_url":"https:\/\/espak.ee\/epood\/toode\/ratikuhoidja-610mm-bisk-ontario\/","og_site_name":"Espak E-pood","article_modified_time":"2024-03-23T10:52:03+00:00","og_image":[{"width":1024,"height":768,"url":"https:\/\/espak.ee\/epood\/wp-content\/uploads\/2021\/10\/00214.jpg","type":"image\/jpeg"}],"twitter_card":"summary_large_image","schema":{"@context":"https:\/\/schema.org","@graph":[{"@type":"WebPage","@id":"https:\/\/espak.ee\/epood\/toode\/ratikuhoidja-610mm-bisk-ontario\/","url":"https:\/\/espak.ee\/epood\/toode\/ratikuhoidja-610mm-bisk-ontario\/","name":"R\u00c4TIKUHOIDJA 610MM BISK ONTARIO - Espak E-pood","isPartOf":{"@id":"https:\/\/espak.ee\/epood\/#website"},"primaryImageOfPage":{"@id":"https:\/\/espak.ee\/epood\/toode\/ratikuhoidja-610mm-bisk-ontario\/#primaryimage"},"image":{"@id":"https:\/\/espak.ee\/epood\/toode\/ratikuhoidja-610mm-bisk-ontario\/#primaryimage"},"thumbnailUrl":"https:\/\/espak.ee\/epood\/wp-content\/uploads\/2021\/10\/00214.jpg","datePublished":"2021-10-21T21:25:28+00:00","dateModified":"2024-03-23T10:52:03+00:00","breadcrumb":{"@id":"https:\/\/espak.ee\/epood\/toode\/ratikuhoidja-610mm-bisk-ontario\/#breadcrumb"},"inLanguage":"et","potentialAction":[{"@type":"ReadAction","target":["https:\/\/espak.ee\/epood\/toode\/ratikuhoidja-610mm-bisk-ontario\/"]}]},{"@type":"ImageObject","inLanguage":"et","@id":"https:\/\/espak.ee\/epood\/toode\/ratikuhoidja-610mm-bisk-ontario\/#primaryimage","url":"https:\/\/espak.ee\/epood\/wp-content\/uploads\/2021\/10\/00214.jpg","contentUrl":"https:\/\/espak.ee\/epood\/wp-content\/uploads\/2021\/10\/00214.jpg","width":1024,"height":768},{"@type":"BreadcrumbList","@id":"https:\/\/espak.ee\/epood\/toode\/ratikuhoidja-610mm-bisk-ontario\/#breadcrumb","itemListElement":[{"@type":"ListItem","position":1,"name":"Home","item":"https:\/\/espak.ee\/epood\/"},{"@type":"ListItem","position":2,"name":"Tootevalik","item":"https:\/\/espak.ee\/epood\/tootevalik\/"},{"@type":"ListItem","position":3,"name":"R\u00c4TIKUHOIDJA 610MM BISK ONTARIO"}]},{"@type":"WebSite","@id":"https:\/\/espak.ee\/epood\/#website","url":"https:\/\/espak.ee\/epood\/","name":"Espak E-pood","description":"","potentialAction":[{"@type":"SearchAction","target":{"@type":"EntryPoint","urlTemplate":"https:\/\/espak.ee\/epood\/?s={search_term_string}"},"query-input":{"@type":"PropertyValueSpecification","valueRequired":true,"valueName":"search_term_string"}}],"inLanguage":"et"}]}},"_links":{"self":[{"href":"https:\/\/espak.ee\/epood\/wp-json\/wp\/v2\/product\/97903","targetHints":{"allow":["GET"]}}],"collection":[{"href":"https:\/\/espak.ee\/epood\/wp-json\/wp\/v2\/product"}],"about":[{"href":"https:\/\/espak.ee\/epood\/wp-json\/wp\/v2\/types\/product"}],"replies":[{"embeddable":true,"href":"https:\/\/espak.ee\/epood\/wp-json\/wp\/v2\/comments?post=97903"}],"wp:featuredmedia":[{"embeddable":true,"href":"https:\/\/espak.ee\/epood\/wp-json\/wp\/v2\/media\/98321"}],"wp:attachment":[{"href":"https:\/\/espak.ee\/epood\/wp-json\/wp\/v2\/media?parent=97903"}],"wp:term":[{"taxonomy":"product_brand","embeddable":true,"href":"https:\/\/espak.ee\/epood\/wp-json\/wp\/v2\/product_brand?post=97903"},{"taxonomy":"product_cat","embeddable":true,"href":"https:\/\/espak.ee\/epood\/wp-json\/wp\/v2\/product_cat?post=97903"},{"taxonomy":"product_tag","embeddable":true,"href":"https:\/\/espak.ee\/epood\/wp-json\/wp\/v2\/product_tag?post=97903"}],"curies":[{"name":"wp","href":"https:\/\/api.w.org\/{rel}","templated":true}]}}