{"id":97458,"date":"2021-10-15T22:57:40","date_gmt":"2021-10-15T22:57:40","guid":{"rendered":"https:\/\/espak.ee\/epood\/?post_type=product&#038;p=97458"},"modified":"2024-04-25T14:25:48","modified_gmt":"2024-04-25T11:25:48","slug":"kivivill-linio-10-150-1200600","status":"publish","type":"product","link":"https:\/\/espak.ee\/epood\/toode\/kivivill-linio-10-150-1200600\/","title":{"rendered":"KIVIVILL LINIO 10 150 1200*600"},"content":{"rendered":"<div class=\"row\"  id=\"row-1522702724\">\n\n\t<div id=\"col-574655612\" class=\"col medium-9 small-12 large-9\"  >\n\t\t\t\t<div class=\"col-inner\"  >\n\t\t\t\n\t\t\t\n<h2>Kivivill Linio 10 Paroc<\/h2>\n<p>Krohvitav fassaadiplaat PAROC Linio 10 on mittep\u00f5lev kivivillast soojustusmaterjal, mida kasutatakse nii vanematel kui ka uutel hoonetel \u00f5hukese krohvikihiga fassaadi aluskihina. Krohvitav fassaadisoojustusplaat on suurep\u00e4rase soojuspidavuse ja mehaaniliste omadustega. See ei kogu niiskust ega reageeri temperatuurimuutustele. Krohvitav fassaadisoojustusplaat v\u00f5imaldab eba\u00fchtlase pinnaga tugiseintel \u00fchtlast \u00f5hukese v\u00f5i paksu krohvi aluskihti saavutada. Samas suureneb ka v\u00e4lisseinte heli- ja tulekindlus.<\/p>\n\t<div id=\"gap-1594751110\" class=\"gap-element clearfix\" style=\"display:block; height:auto;\">\n\t\t\n<style>\n#gap-1594751110 {\n  padding-top: 30px;\n}\n<\/style>\n\t<\/div>\n\t\n\t\t<\/div>\n\t\t\t\t\t<\/div>\n\n\t\n\n\t<div id=\"col-2114502646\" class=\"col medium-3 small-12 large-3\"  >\n\t\t\t\t<div class=\"col-inner\"  >\n\t\t\t\n\t\t\t\n\t<div id=\"gap-358574135\" class=\"gap-element clearfix\" style=\"display:block; height:auto;\">\n\t\t\n<style>\n#gap-358574135 {\n  padding-top: 30px;\n}\n<\/style>\n\t<\/div>\n\t\n<h3>Tooteinfo<\/h3>\n<p><a href=\"https:\/\/espak.ee\/epood\/wp-content\/uploads\/2021\/10\/PAROC-Linio-10-et-EE.pdf\"target=\"_blank\" rel=\"noopener noreferrer\"><i class=\"far fa-file-pdf\"><\/i> Tooteinfo (PDF)<\/a><\/p>\n<div class=\"is-divider divider clearfix\" ><\/div>\n<p><strong>\u00dcksikasjalikuma n\u00f5u saamiseks v\u00f5tke \u00fchendust:<br \/><\/strong>AS Paroc<br \/>P\u00e4rnu mnt 158<br \/>11317<br \/>Tallinn<br \/>+372 6518100<\/p>\n<div class=\"is-divider divider clearfix\" ><\/div>\n\t\t<\/div>\n\t\t\t\t\t<\/div>\n\n\t\n<\/div>\n","protected":false},"excerpt":{"rendered":"","protected":false},"featured_media":48091,"comment_status":"closed","ping_status":"closed","template":"","meta":[],"product_brand":[],"product_cat":[2888,2718,2724,2697],"product_tag":[],"class_list":{"0":"post-97458","1":"product","2":"type-product","3":"status-publish","4":"has-post-thumbnail","6":"product_cat-fassaadivillad","7":"product_cat-isolatsioonimaterjalid","8":"product_cat-kivivill","9":"product_cat-uldehitus","10":"pa_kaubamark-paroc-as","12":"first","13":"instock","14":"sale","15":"taxable","16":"shipping-taxable","17":"purchasable","18":"product-type-simple"},"yoast_head":"<!-- This site is optimized with the Yoast SEO plugin v26.9 - https:\/\/yoast.com\/product\/yoast-seo-wordpress\/ -->\n<title>KIVIVILL LINIO 10 150 1200*600 - Espak E-pood<\/title>\n<meta name=\"robots\" content=\"index, follow, max-snippet:-1, max-image-preview:large, max-video-preview:-1\" \/>\n<link rel=\"canonical\" href=\"https:\/\/espak.ee\/epood\/toode\/kivivill-linio-10-150-1200600\/\" \/>\n<meta property=\"og:locale\" content=\"et_EE\" \/>\n<meta property=\"og:type\" content=\"article\" \/>\n<meta property=\"og:title\" content=\"KIVIVILL LINIO 10 150 1200*600 - Espak E-pood\" \/>\n<meta property=\"og:url\" content=\"https:\/\/espak.ee\/epood\/toode\/kivivill-linio-10-150-1200600\/\" \/>\n<meta property=\"og:site_name\" content=\"Espak E-pood\" \/>\n<meta property=\"article:modified_time\" content=\"2024-04-25T11:25:48+00:00\" \/>\n<meta property=\"og:image\" content=\"https:\/\/espak.ee\/epood\/wp-content\/uploads\/Linio-10-scaled-e1635747210568.jpg\" \/>\n\t<meta property=\"og:image:width\" content=\"1679\" \/>\n\t<meta property=\"og:image:height\" content=\"1617\" \/>\n\t<meta property=\"og:image:type\" content=\"image\/jpeg\" \/>\n<meta name=\"twitter:card\" content=\"summary_large_image\" \/>\n<script type=\"application\/ld+json\" class=\"yoast-schema-graph\">{\"@context\":\"https:\/\/schema.org\",\"@graph\":[{\"@type\":\"WebPage\",\"@id\":\"https:\/\/espak.ee\/epood\/toode\/kivivill-linio-10-150-1200600\/\",\"url\":\"https:\/\/espak.ee\/epood\/toode\/kivivill-linio-10-150-1200600\/\",\"name\":\"KIVIVILL LINIO 10 150 1200*600 - Espak E-pood\",\"isPartOf\":{\"@id\":\"https:\/\/espak.ee\/epood\/#website\"},\"primaryImageOfPage\":{\"@id\":\"https:\/\/espak.ee\/epood\/toode\/kivivill-linio-10-150-1200600\/#primaryimage\"},\"image\":{\"@id\":\"https:\/\/espak.ee\/epood\/toode\/kivivill-linio-10-150-1200600\/#primaryimage\"},\"thumbnailUrl\":\"https:\/\/espak.ee\/epood\/wp-content\/uploads\/Linio-10-scaled-e1716194045571.jpg\",\"datePublished\":\"2021-10-15T22:57:40+00:00\",\"dateModified\":\"2024-04-25T11:25:48+00:00\",\"breadcrumb\":{\"@id\":\"https:\/\/espak.ee\/epood\/toode\/kivivill-linio-10-150-1200600\/#breadcrumb\"},\"inLanguage\":\"et\",\"potentialAction\":[{\"@type\":\"ReadAction\",\"target\":[\"https:\/\/espak.ee\/epood\/toode\/kivivill-linio-10-150-1200600\/\"]}]},{\"@type\":\"ImageObject\",\"inLanguage\":\"et\",\"@id\":\"https:\/\/espak.ee\/epood\/toode\/kivivill-linio-10-150-1200600\/#primaryimage\",\"url\":\"https:\/\/espak.ee\/epood\/wp-content\/uploads\/Linio-10-scaled-e1716194045571.jpg\",\"contentUrl\":\"https:\/\/espak.ee\/epood\/wp-content\/uploads\/Linio-10-scaled-e1716194045571.jpg\",\"width\":1617,\"height\":1617},{\"@type\":\"BreadcrumbList\",\"@id\":\"https:\/\/espak.ee\/epood\/toode\/kivivill-linio-10-150-1200600\/#breadcrumb\",\"itemListElement\":[{\"@type\":\"ListItem\",\"position\":1,\"name\":\"Home\",\"item\":\"https:\/\/espak.ee\/epood\/\"},{\"@type\":\"ListItem\",\"position\":2,\"name\":\"Tootevalik\",\"item\":\"https:\/\/espak.ee\/epood\/tootevalik\/\"},{\"@type\":\"ListItem\",\"position\":3,\"name\":\"KIVIVILL LINIO 10 150 1200*600\"}]},{\"@type\":\"WebSite\",\"@id\":\"https:\/\/espak.ee\/epood\/#website\",\"url\":\"https:\/\/espak.ee\/epood\/\",\"name\":\"Espak E-pood\",\"description\":\"\",\"potentialAction\":[{\"@type\":\"SearchAction\",\"target\":{\"@type\":\"EntryPoint\",\"urlTemplate\":\"https:\/\/espak.ee\/epood\/?s={search_term_string}\"},\"query-input\":{\"@type\":\"PropertyValueSpecification\",\"valueRequired\":true,\"valueName\":\"search_term_string\"}}],\"inLanguage\":\"et\"}]}<\/script>\n<!-- \/ Yoast SEO plugin. -->","yoast_head_json":{"title":"KIVIVILL LINIO 10 150 1200*600 - Espak E-pood","robots":{"index":"index","follow":"follow","max-snippet":"max-snippet:-1","max-image-preview":"max-image-preview:large","max-video-preview":"max-video-preview:-1"},"canonical":"https:\/\/espak.ee\/epood\/toode\/kivivill-linio-10-150-1200600\/","og_locale":"et_EE","og_type":"article","og_title":"KIVIVILL LINIO 10 150 1200*600 - Espak E-pood","og_url":"https:\/\/espak.ee\/epood\/toode\/kivivill-linio-10-150-1200600\/","og_site_name":"Espak E-pood","article_modified_time":"2024-04-25T11:25:48+00:00","og_image":[{"width":1679,"height":1617,"url":"https:\/\/espak.ee\/epood\/wp-content\/uploads\/Linio-10-scaled-e1635747210568.jpg","type":"image\/jpeg"}],"twitter_card":"summary_large_image","schema":{"@context":"https:\/\/schema.org","@graph":[{"@type":"WebPage","@id":"https:\/\/espak.ee\/epood\/toode\/kivivill-linio-10-150-1200600\/","url":"https:\/\/espak.ee\/epood\/toode\/kivivill-linio-10-150-1200600\/","name":"KIVIVILL LINIO 10 150 1200*600 - Espak E-pood","isPartOf":{"@id":"https:\/\/espak.ee\/epood\/#website"},"primaryImageOfPage":{"@id":"https:\/\/espak.ee\/epood\/toode\/kivivill-linio-10-150-1200600\/#primaryimage"},"image":{"@id":"https:\/\/espak.ee\/epood\/toode\/kivivill-linio-10-150-1200600\/#primaryimage"},"thumbnailUrl":"https:\/\/espak.ee\/epood\/wp-content\/uploads\/Linio-10-scaled-e1716194045571.jpg","datePublished":"2021-10-15T22:57:40+00:00","dateModified":"2024-04-25T11:25:48+00:00","breadcrumb":{"@id":"https:\/\/espak.ee\/epood\/toode\/kivivill-linio-10-150-1200600\/#breadcrumb"},"inLanguage":"et","potentialAction":[{"@type":"ReadAction","target":["https:\/\/espak.ee\/epood\/toode\/kivivill-linio-10-150-1200600\/"]}]},{"@type":"ImageObject","inLanguage":"et","@id":"https:\/\/espak.ee\/epood\/toode\/kivivill-linio-10-150-1200600\/#primaryimage","url":"https:\/\/espak.ee\/epood\/wp-content\/uploads\/Linio-10-scaled-e1716194045571.jpg","contentUrl":"https:\/\/espak.ee\/epood\/wp-content\/uploads\/Linio-10-scaled-e1716194045571.jpg","width":1617,"height":1617},{"@type":"BreadcrumbList","@id":"https:\/\/espak.ee\/epood\/toode\/kivivill-linio-10-150-1200600\/#breadcrumb","itemListElement":[{"@type":"ListItem","position":1,"name":"Home","item":"https:\/\/espak.ee\/epood\/"},{"@type":"ListItem","position":2,"name":"Tootevalik","item":"https:\/\/espak.ee\/epood\/tootevalik\/"},{"@type":"ListItem","position":3,"name":"KIVIVILL LINIO 10 150 1200*600"}]},{"@type":"WebSite","@id":"https:\/\/espak.ee\/epood\/#website","url":"https:\/\/espak.ee\/epood\/","name":"Espak E-pood","description":"","potentialAction":[{"@type":"SearchAction","target":{"@type":"EntryPoint","urlTemplate":"https:\/\/espak.ee\/epood\/?s={search_term_string}"},"query-input":{"@type":"PropertyValueSpecification","valueRequired":true,"valueName":"search_term_string"}}],"inLanguage":"et"}]}},"_links":{"self":[{"href":"https:\/\/espak.ee\/epood\/wp-json\/wp\/v2\/product\/97458","targetHints":{"allow":["GET"]}}],"collection":[{"href":"https:\/\/espak.ee\/epood\/wp-json\/wp\/v2\/product"}],"about":[{"href":"https:\/\/espak.ee\/epood\/wp-json\/wp\/v2\/types\/product"}],"replies":[{"embeddable":true,"href":"https:\/\/espak.ee\/epood\/wp-json\/wp\/v2\/comments?post=97458"}],"wp:featuredmedia":[{"embeddable":true,"href":"https:\/\/espak.ee\/epood\/wp-json\/wp\/v2\/media\/48091"}],"wp:attachment":[{"href":"https:\/\/espak.ee\/epood\/wp-json\/wp\/v2\/media?parent=97458"}],"wp:term":[{"taxonomy":"product_brand","embeddable":true,"href":"https:\/\/espak.ee\/epood\/wp-json\/wp\/v2\/product_brand?post=97458"},{"taxonomy":"product_cat","embeddable":true,"href":"https:\/\/espak.ee\/epood\/wp-json\/wp\/v2\/product_cat?post=97458"},{"taxonomy":"product_tag","embeddable":true,"href":"https:\/\/espak.ee\/epood\/wp-json\/wp\/v2\/product_tag?post=97458"}],"curies":[{"name":"wp","href":"https:\/\/api.w.org\/{rel}","templated":true}]}}