{"id":96506,"date":"2021-10-06T22:04:01","date_gmt":"2021-10-06T22:04:01","guid":{"rendered":"https:\/\/espak.ee\/epood\/?post_type=product&#038;p=96506"},"modified":"2025-08-31T16:06:48","modified_gmt":"2025-08-31T13:06:48","slug":"vekselluliti-suvistatav-vilma-valge-sl-250","status":"publish","type":"product","link":"https:\/\/espak.ee\/epood\/toode\/vekselluliti-suvistatav-vilma-valge-sl-250\/","title":{"rendered":"VEKSELL\u00dcLITI S\u00dcVISTATAV VILMA VALGE SL-250"},"content":{"rendered":"<div class=\"row\"  id=\"row-767151802\">\n\n\t<div id=\"col-159080454\" class=\"col medium-9 small-12 large-9\"  >\n\t\t\t\t<div class=\"col-inner\"  >\n\t\t\t\n\t\t\t\n<h3>Veksell\u00fcliti s\u00fcvistatav valge Vilma SL-250<\/h3>\n<p>\u25cf Kaitse UV- kiirte vastu<br \/>\n\u25cf Lai funktsionaalsus<\/p>\n<p>Materjal: plastik (ABS)<br \/>\nL\u00fcliti maksimaalne v\u00f5imsus: 10A 230V<\/p>\n<p>STYLE SL 250 seeria paistab silma praktilisuse ja lihtsuse poolest. \u00d5huke disain sobitub erinevatesse interj\u00f6\u00f6ridesse ning sarja funktsionaalsus tagab peamised valgustuse juhtimislahendused.<\/p>\n\t<div id=\"gap-1100545983\" class=\"gap-element clearfix\" style=\"display:block; height:auto;\">\n\t\t\n<style>\n#gap-1100545983 {\n  padding-top: 30px;\n}\n<\/style>\n\t<\/div>\n\t\n\t\t<\/div>\n\t\t\t\t\t<\/div>\n\n\t\n\n\t<div id=\"col-388036275\" class=\"col medium-3 small-12 large-3\"  >\n\t\t\t\t<div class=\"col-inner\"  >\n\t\t\t\n\t\t\t\n\t<div id=\"gap-1361782936\" class=\"gap-element clearfix\" style=\"display:block; height:auto;\">\n\t\t\n<style>\n#gap-1361782936 {\n  padding-top: 30px;\n}\n<\/style>\n\t<\/div>\n\t\n<div class=\"is-divider divider clearfix\" ><\/div>\n<p><strong>\u00dcksikasjalikuma n\u00f5u saamiseks v\u00f5tke \u00fchendust:<br \/><\/strong>INSTABALT EESTI<br \/>Kadaka tee 52d<br \/>12915<br \/>Tallinn<br \/>+372 4896544<\/p>\n<div class=\"is-divider divider clearfix\" ><\/div>\n\t\t<\/div>\n\t\t\t\t\t<\/div>\n\n\t\n<\/div>\n","protected":false},"excerpt":{"rendered":"","protected":false},"featured_media":96638,"comment_status":"closed","ping_status":"closed","template":"","meta":[],"product_brand":[],"product_cat":[2935,2934,3225,3224],"product_tag":[],"class_list":{"0":"post-96506","1":"product","2":"type-product","3":"status-publish","4":"has-post-thumbnail","6":"product_cat-elektrikaubad","7":"product_cat-elektrikaubad-ja-valgustid","8":"product_cat-lulitid","9":"product_cat-lulitid-ja-pistikupesad","10":"pa_kaubamark-instabalt-eesti-ou","12":"first","13":"instock","14":"sale","15":"taxable","16":"shipping-taxable","17":"purchasable","18":"product-type-simple"},"yoast_head":"<!-- This site is optimized with the Yoast SEO plugin v26.9 - https:\/\/yoast.com\/product\/yoast-seo-wordpress\/ -->\n<title>VEKSELL\u00dcLITI S\u00dcVISTATAV VILMA VALGE SL-250 - Espak E-pood<\/title>\n<meta name=\"robots\" content=\"index, follow, max-snippet:-1, max-image-preview:large, max-video-preview:-1\" \/>\n<link rel=\"canonical\" href=\"https:\/\/espak.ee\/epood\/toode\/vekselluliti-suvistatav-vilma-valge-sl-250\/\" \/>\n<meta property=\"og:locale\" content=\"et_EE\" \/>\n<meta property=\"og:type\" content=\"article\" \/>\n<meta property=\"og:title\" content=\"VEKSELL\u00dcLITI S\u00dcVISTATAV VILMA VALGE SL-250 - Espak E-pood\" \/>\n<meta property=\"og:url\" content=\"https:\/\/espak.ee\/epood\/toode\/vekselluliti-suvistatav-vilma-valge-sl-250\/\" \/>\n<meta property=\"og:site_name\" content=\"Espak E-pood\" \/>\n<meta property=\"article:modified_time\" content=\"2025-08-31T13:06:48+00:00\" \/>\n<meta property=\"og:image\" content=\"https:\/\/espak.ee\/epood\/wp-content\/uploads\/2021\/10\/Vilma_ww_P610-010-SL.png\" \/>\n\t<meta property=\"og:image:width\" content=\"382\" \/>\n\t<meta property=\"og:image:height\" content=\"300\" \/>\n\t<meta property=\"og:image:type\" content=\"image\/png\" \/>\n<meta name=\"twitter:card\" content=\"summary_large_image\" \/>\n<script type=\"application\/ld+json\" class=\"yoast-schema-graph\">{\"@context\":\"https:\/\/schema.org\",\"@graph\":[{\"@type\":\"WebPage\",\"@id\":\"https:\/\/espak.ee\/epood\/toode\/vekselluliti-suvistatav-vilma-valge-sl-250\/\",\"url\":\"https:\/\/espak.ee\/epood\/toode\/vekselluliti-suvistatav-vilma-valge-sl-250\/\",\"name\":\"VEKSELL\u00dcLITI S\u00dcVISTATAV VILMA VALGE SL-250 - Espak E-pood\",\"isPartOf\":{\"@id\":\"https:\/\/espak.ee\/epood\/#website\"},\"primaryImageOfPage\":{\"@id\":\"https:\/\/espak.ee\/epood\/toode\/vekselluliti-suvistatav-vilma-valge-sl-250\/#primaryimage\"},\"image\":{\"@id\":\"https:\/\/espak.ee\/epood\/toode\/vekselluliti-suvistatav-vilma-valge-sl-250\/#primaryimage\"},\"thumbnailUrl\":\"https:\/\/espak.ee\/epood\/wp-content\/uploads\/2021\/10\/Vilma_ww_P610-010-SL.png\",\"datePublished\":\"2021-10-06T22:04:01+00:00\",\"dateModified\":\"2025-08-31T13:06:48+00:00\",\"breadcrumb\":{\"@id\":\"https:\/\/espak.ee\/epood\/toode\/vekselluliti-suvistatav-vilma-valge-sl-250\/#breadcrumb\"},\"inLanguage\":\"et\",\"potentialAction\":[{\"@type\":\"ReadAction\",\"target\":[\"https:\/\/espak.ee\/epood\/toode\/vekselluliti-suvistatav-vilma-valge-sl-250\/\"]}]},{\"@type\":\"ImageObject\",\"inLanguage\":\"et\",\"@id\":\"https:\/\/espak.ee\/epood\/toode\/vekselluliti-suvistatav-vilma-valge-sl-250\/#primaryimage\",\"url\":\"https:\/\/espak.ee\/epood\/wp-content\/uploads\/2021\/10\/Vilma_ww_P610-010-SL.png\",\"contentUrl\":\"https:\/\/espak.ee\/epood\/wp-content\/uploads\/2021\/10\/Vilma_ww_P610-010-SL.png\",\"width\":382,\"height\":300},{\"@type\":\"BreadcrumbList\",\"@id\":\"https:\/\/espak.ee\/epood\/toode\/vekselluliti-suvistatav-vilma-valge-sl-250\/#breadcrumb\",\"itemListElement\":[{\"@type\":\"ListItem\",\"position\":1,\"name\":\"Home\",\"item\":\"https:\/\/espak.ee\/epood\/\"},{\"@type\":\"ListItem\",\"position\":2,\"name\":\"Tootevalik\",\"item\":\"https:\/\/espak.ee\/epood\/tootevalik\/\"},{\"@type\":\"ListItem\",\"position\":3,\"name\":\"VEKSELL\u00dcLITI S\u00dcVISTATAV VILMA VALGE SL-250\"}]},{\"@type\":\"WebSite\",\"@id\":\"https:\/\/espak.ee\/epood\/#website\",\"url\":\"https:\/\/espak.ee\/epood\/\",\"name\":\"Espak E-pood\",\"description\":\"\",\"potentialAction\":[{\"@type\":\"SearchAction\",\"target\":{\"@type\":\"EntryPoint\",\"urlTemplate\":\"https:\/\/espak.ee\/epood\/?s={search_term_string}\"},\"query-input\":{\"@type\":\"PropertyValueSpecification\",\"valueRequired\":true,\"valueName\":\"search_term_string\"}}],\"inLanguage\":\"et\"}]}<\/script>\n<!-- \/ Yoast SEO plugin. -->","yoast_head_json":{"title":"VEKSELL\u00dcLITI S\u00dcVISTATAV VILMA VALGE SL-250 - Espak E-pood","robots":{"index":"index","follow":"follow","max-snippet":"max-snippet:-1","max-image-preview":"max-image-preview:large","max-video-preview":"max-video-preview:-1"},"canonical":"https:\/\/espak.ee\/epood\/toode\/vekselluliti-suvistatav-vilma-valge-sl-250\/","og_locale":"et_EE","og_type":"article","og_title":"VEKSELL\u00dcLITI S\u00dcVISTATAV VILMA VALGE SL-250 - Espak E-pood","og_url":"https:\/\/espak.ee\/epood\/toode\/vekselluliti-suvistatav-vilma-valge-sl-250\/","og_site_name":"Espak E-pood","article_modified_time":"2025-08-31T13:06:48+00:00","og_image":[{"width":382,"height":300,"url":"https:\/\/espak.ee\/epood\/wp-content\/uploads\/2021\/10\/Vilma_ww_P610-010-SL.png","type":"image\/png"}],"twitter_card":"summary_large_image","schema":{"@context":"https:\/\/schema.org","@graph":[{"@type":"WebPage","@id":"https:\/\/espak.ee\/epood\/toode\/vekselluliti-suvistatav-vilma-valge-sl-250\/","url":"https:\/\/espak.ee\/epood\/toode\/vekselluliti-suvistatav-vilma-valge-sl-250\/","name":"VEKSELL\u00dcLITI S\u00dcVISTATAV VILMA VALGE SL-250 - Espak E-pood","isPartOf":{"@id":"https:\/\/espak.ee\/epood\/#website"},"primaryImageOfPage":{"@id":"https:\/\/espak.ee\/epood\/toode\/vekselluliti-suvistatav-vilma-valge-sl-250\/#primaryimage"},"image":{"@id":"https:\/\/espak.ee\/epood\/toode\/vekselluliti-suvistatav-vilma-valge-sl-250\/#primaryimage"},"thumbnailUrl":"https:\/\/espak.ee\/epood\/wp-content\/uploads\/2021\/10\/Vilma_ww_P610-010-SL.png","datePublished":"2021-10-06T22:04:01+00:00","dateModified":"2025-08-31T13:06:48+00:00","breadcrumb":{"@id":"https:\/\/espak.ee\/epood\/toode\/vekselluliti-suvistatav-vilma-valge-sl-250\/#breadcrumb"},"inLanguage":"et","potentialAction":[{"@type":"ReadAction","target":["https:\/\/espak.ee\/epood\/toode\/vekselluliti-suvistatav-vilma-valge-sl-250\/"]}]},{"@type":"ImageObject","inLanguage":"et","@id":"https:\/\/espak.ee\/epood\/toode\/vekselluliti-suvistatav-vilma-valge-sl-250\/#primaryimage","url":"https:\/\/espak.ee\/epood\/wp-content\/uploads\/2021\/10\/Vilma_ww_P610-010-SL.png","contentUrl":"https:\/\/espak.ee\/epood\/wp-content\/uploads\/2021\/10\/Vilma_ww_P610-010-SL.png","width":382,"height":300},{"@type":"BreadcrumbList","@id":"https:\/\/espak.ee\/epood\/toode\/vekselluliti-suvistatav-vilma-valge-sl-250\/#breadcrumb","itemListElement":[{"@type":"ListItem","position":1,"name":"Home","item":"https:\/\/espak.ee\/epood\/"},{"@type":"ListItem","position":2,"name":"Tootevalik","item":"https:\/\/espak.ee\/epood\/tootevalik\/"},{"@type":"ListItem","position":3,"name":"VEKSELL\u00dcLITI S\u00dcVISTATAV VILMA VALGE SL-250"}]},{"@type":"WebSite","@id":"https:\/\/espak.ee\/epood\/#website","url":"https:\/\/espak.ee\/epood\/","name":"Espak E-pood","description":"","potentialAction":[{"@type":"SearchAction","target":{"@type":"EntryPoint","urlTemplate":"https:\/\/espak.ee\/epood\/?s={search_term_string}"},"query-input":{"@type":"PropertyValueSpecification","valueRequired":true,"valueName":"search_term_string"}}],"inLanguage":"et"}]}},"_links":{"self":[{"href":"https:\/\/espak.ee\/epood\/wp-json\/wp\/v2\/product\/96506","targetHints":{"allow":["GET"]}}],"collection":[{"href":"https:\/\/espak.ee\/epood\/wp-json\/wp\/v2\/product"}],"about":[{"href":"https:\/\/espak.ee\/epood\/wp-json\/wp\/v2\/types\/product"}],"replies":[{"embeddable":true,"href":"https:\/\/espak.ee\/epood\/wp-json\/wp\/v2\/comments?post=96506"}],"wp:featuredmedia":[{"embeddable":true,"href":"https:\/\/espak.ee\/epood\/wp-json\/wp\/v2\/media\/96638"}],"wp:attachment":[{"href":"https:\/\/espak.ee\/epood\/wp-json\/wp\/v2\/media?parent=96506"}],"wp:term":[{"taxonomy":"product_brand","embeddable":true,"href":"https:\/\/espak.ee\/epood\/wp-json\/wp\/v2\/product_brand?post=96506"},{"taxonomy":"product_cat","embeddable":true,"href":"https:\/\/espak.ee\/epood\/wp-json\/wp\/v2\/product_cat?post=96506"},{"taxonomy":"product_tag","embeddable":true,"href":"https:\/\/espak.ee\/epood\/wp-json\/wp\/v2\/product_tag?post=96506"}],"curies":[{"name":"wp","href":"https:\/\/api.w.org\/{rel}","templated":true}]}}