{"id":95790,"date":"2021-09-30T04:48:32","date_gmt":"2021-09-30T04:48:32","guid":{"rendered":"https:\/\/espak.ee\/epood\/?post_type=product&#038;p=95790"},"modified":"2024-03-23T12:57:57","modified_gmt":"2024-03-23T10:57:57","slug":"akulaadija-einhell-ce-bc30m","status":"publish","type":"product","link":"https:\/\/espak.ee\/epood\/toode\/akulaadija-einhell-ce-bc30m\/","title":{"rendered":"AKULAADIJA EINHELL CE-BC30M"},"content":{"rendered":"<div class=\"row\"  id=\"row-1036963247\">\n\n\t<div id=\"col-697767401\" class=\"col medium-9 small-12 large-9\"  >\n\t\t\t\t<div class=\"col-inner\"  >\n\t\t\t\n\t\t\t\n<h3>Akulaadija CE-BC 30 M Einhell<\/h3>\n<div class=\"message-box relative\" style=\"padding-top:15px;padding-bottom:15px;\"><div class=\"message-box-bg-image bg-fill fill\" ><\/div><div class=\"message-box-bg-overlay bg-fill fill\" ><\/div><div class=\"container relative\"><div class=\"inner last-reset\">\n<div class=\"row align-middle align-center\"  id=\"row-1044346730\">\n\n\t<div id=\"col-1984110812\" class=\"col small-12 large-12\"  >\n\t\t\t\t<div class=\"col-inner text-left\"  >\n\t\t\t\n\t\t\t\n<div class=\"row\"  id=\"row-1855684583\">\n\n\t<div id=\"col-282061491\" class=\"col medium-6 small-12 large-6\"  >\n\t\t\t\t<div class=\"col-inner\"  >\n\t\t\t\n\t\t\t\n<p><i class=\"far fa-check-circle fa-2x\"><\/i><strong>\u00a0Nutikas mikroprotsessoriga kontrolleriga akulaadur<\/strong><\/p>\n<p><i class=\"far fa-check-circle fa-2x\"><\/i><strong> Universaalne akulaadur erinevat t\u00fc\u00fcpi akudele, nagu: AGM- ja geelakud ning hooldusvabad ja v\u00e4hese hooldusvajadusega pliiakud\u00a0<\/strong><\/p>\n<p><i class=\"far fa-check-circle fa-2x\"><\/i><strong> Sobib pika j\u00f5udeperioodiga hooajas\u00f5idukitele (vabaajas\u00f5idukid, mootorrattad)\u00a0<\/strong><\/p>\n<p><i class=\"far fa-check-circle fa-2x\"><\/i><strong> Talvine laadimisre\u017eiim alla 5\u00a0\u00b0C temperatuuride jaoks\u00a0<\/strong><\/p>\n<p><i class=\"far fa-check-circle fa-2x\"><\/i><strong> N\u00e4idik: akupinge ja laadimisoleku n\u00e4idik\u00a0<\/strong><\/p>\n\t\t<\/div>\n\t\t\t\t\n<style>\n#col-282061491 > .col-inner {\n  margin: 0px 0px 15px 0px;\n}\n<\/style>\n\t<\/div>\n\n\t\n\n\t<div id=\"col-398805287\" class=\"col medium-6 small-12 large-6\"  >\n\t\t\t\t<div class=\"col-inner\"  >\n\t\t\t\n\t\t\t\n<p><i class=\"far fa-check-circle fa-2x\"><\/i><strong> Mitmeastmeline mikroprotsessori abil juhitav ja seiratav laadimists\u00fckkel <\/strong><\/p>\n<p><i class=\"far fa-check-circle fa-2x\"><\/i><strong> S\u00e4ilituslaadimise omadus alalise laitmatu laadimisoleku tagamiseks\u00a0<\/strong><\/p>\n<p><i class=\"far fa-check-circle fa-2x\"><\/i><strong> Kasutamine pikendab aku t\u00f6\u00f6iga\u00a0<\/strong><\/p>\n<p><i class=\"far fa-check-circle fa-2x\"><\/i><strong> Elektriline \u00fclelaadimise, l\u00fchise ja vastupolaarsuse vastane kaitse\u00a0<\/strong><\/p>\n<p><i class=\"far fa-check-circle fa-2x\"><\/i><strong> Seinakinnitus\u00a0<\/strong><\/p>\n<p><i class=\"far fa-check-circle fa-2x\"><\/i><strong> T\u00e4ielikult isoleeritud akuklemmid\u00a0<\/strong><\/p>\n\t\t<\/div>\n\t\t\t\t\n<style>\n#col-398805287 > .col-inner {\n  margin: 0px 0px 15px 0px;\n}\n<\/style>\n\t<\/div>\n\n\t\n<\/div>\n\t\t<\/div>\n\t\t\t\t\t<\/div>\n\n\t\n<\/div>\n<\/div><\/div><\/div>\n\t<div id=\"gap-1713958035\" class=\"gap-element clearfix\" style=\"display:block; height:auto;\">\n\t\t\n<style>\n#gap-1713958035 {\n  padding-top: 30px;\n}\n<\/style>\n\t<\/div>\n\t\n<h2>Tootekirjeldus<\/h2>\n<p>Einhell CE-BC 30 M on intelligentne akulaadija, mis on kohandatud kaasaegsetes s\u00f5idukites leiduvatele tehniliselt k\u00f5rgelt arenenud suure j\u00f5udlusega akudele.<br \/>\n Nutikas mikroprotsessoriga juhitav seade sobib paljudele s\u00f5iduki akut\u00fc\u00fcpidele ning on varustatud erinevate tehniliste ohutus- ja hooldusmehhanismidega. Arendust\u00f6\u00f6 p\u00f5hir\u00f5hk on olnud kiirel akus\u00f5bralikul laadimisel, et saavutataks v\u00f5imalikult pikk eluiga koos j\u00f5udlusega.<br \/>\n T\u00e4nu \u00fcksikasjalikule laadimisoleku kuvale on laadija kasutamine lihtsam kui tavaliste seadmetega.<br \/>\n See Einhelli universaalseade sobib geelakudele, AGM-akudele ning hooldusvabadele ja v\u00e4hese hooldusega pliiakudele. CE-BC 30 M sobib 12V ja 24V akudele. Einhell Battery Chargeri mitmeastmelist laadimists\u00fcklit j\u00e4lgib ja reguleerib automaatselt mikroprotsessori kontroller. Nutikas juhtelektroonika anal\u00fc\u00fcsib \u00fchendatud aku t\u00fc\u00fcpi ja seisukorda ning k\u00e4ivitab vajalikule sobivaima laadimisre\u017eiimi.<br \/>\n N\u00f5rklaadimise funktsioon kaitseb ja hoiab akut pidevalt optimaalse laadimistaseme saavutamiseks. See muudab CE-BC 30 M sobivaks igat t\u00fc\u00fcpi s\u00f5idukitele, eriti pika seisakuajaga hooajas\u00f5idukitele. Selle asemel, et lasta akul aeglaselt t\u00e4ielikult t\u00fchjeneda ja riskida selle tulemusel t\u00fchjenemisega, hoitakse akut optimaalsel tasemel, kasutades nihkelaadimist. S\u00e4ilituslaadimine s\u00e4\u00e4stab akuelemente ja pikendab t\u00f6\u00f6iga, v\u00e4ltides v\u00e4lditavat ja kulukat defektse s\u00f5iduki aku asendamist. Autod, mootorrattad ja t\u00f5ukerattad on hooaja alguses kohe kasutusvalmis. Einhelli akulaadija v\u00f5ib kiirk\u00e4ivitusre\u017eiimi kasutades pakkuda aku abi, andes 100 A k\u00e4ivitusvoolu (max 5 sekundit). P\u00e4rast kondensaatori l\u00fchiajalist laadimist saab laadija k\u00e4ivitada kiirk\u00e4ivituse, et s\u00f5iduki mootor koheselt ellu \u00e4ratada \u2013 sarnaselt kiirstart teise s\u00f5idukiga. Einhelli akulaadija on varustatud automaatse \u00fclelaadimise, l\u00fchise ja vastupolaarsuse kaitsega. Need kaitsemehhanismid ei kaitse mitte ainult laadijat, vaid ka akut.<br \/>\n LED-aku pinge ja laetuse oleku n\u00e4idik n\u00e4itab aku hetkeseisundit ja laadija t\u00f6\u00f6re\u017eiimi. T\u00e4nu t\u00e4ielikult isoleeritud klambritele saab Einhelli akulaadijat lihtsalt ja ohutult \u00fchendada. <\/p>\n\t<div id=\"gap-1762929953\" class=\"gap-element clearfix\" style=\"display:block; height:auto;\">\n\t\t\n<style>\n#gap-1762929953 {\n  padding-top: 30px;\n}\n<\/style>\n\t<\/div>\n\t\n\t\t<\/div>\n\t\t\t\t\t<\/div>\n\n\t\n\n\t<div id=\"col-1006418373\" class=\"col medium-3 small-12 large-3\"  >\n\t\t\t\t<div class=\"col-inner\"  >\n\t\t\t\n\t\t\t\n\t<div id=\"gap-260316795\" class=\"gap-element clearfix\" style=\"display:block; height:auto;\">\n\t\t\n<style>\n#gap-260316795 {\n  padding-top: 30px;\n}\n<\/style>\n\t<\/div>\n\t\n<h3>Kasutusjuhend<\/h3>\n<p><a href=\"https:\/\/espak.ee\/epood\/wp-content\/uploads\/2021\/09\/Akulaadija-Einhell-CE-BC-30M-1002275.pdf\" target=\"_blank\" rel=\"noopener noreferrer\"><i class=\"far fa-file-pdf\"><\/i> Kasutusjuhend (PDF)<\/a><\/p>\n<div class=\"is-divider divider clearfix\" ><\/div>\n<p><strong>\u00dcksikasjalikuma n\u00f5u saamiseks v\u00f5tke \u00fchendust:<br \/><\/strong>Espak AS<br \/>Viadukti 42<br \/>11313<br \/>Tallinn<br \/> T\u00f6\u00f6riista osakond +372 6512 335<br \/><a href=\"mailto:tooriist@espak.ee\">tooriist@espak.ee<\/a><\/p>\n\t\t<\/div>\n\t\t\t\t\t<\/div>\n\n\t\n<\/div>\n","protected":false},"excerpt":{"rendered":"","protected":false},"featured_media":99043,"comment_status":"closed","ping_status":"closed","template":"","meta":[],"product_brand":[],"product_cat":[2680,2681,2766,2679],"product_tag":[],"class_list":{"0":"post-95790","1":"product","2":"type-product","3":"status-publish","4":"has-post-thumbnail","6":"product_cat-elektritooriistad","7":"product_cat-masinad-ja-seadmed","8":"product_cat-muud-masinad-ja-seadmed","9":"product_cat-tooriistad","10":"pa_kaubamark-einhell","12":"first","13":"instock","14":"sale","15":"taxable","16":"shipping-taxable","17":"purchasable","18":"product-type-simple"},"yoast_head":"<!-- This site is optimized with the Yoast SEO plugin v26.9 - https:\/\/yoast.com\/product\/yoast-seo-wordpress\/ -->\n<title>AKULAADIJA EINHELL CE-BC30M - Espak E-pood<\/title>\n<meta name=\"robots\" content=\"index, follow, max-snippet:-1, max-image-preview:large, max-video-preview:-1\" \/>\n<link rel=\"canonical\" href=\"https:\/\/espak.ee\/epood\/toode\/akulaadija-einhell-ce-bc30m\/\" \/>\n<meta property=\"og:locale\" content=\"et_EE\" \/>\n<meta property=\"og:type\" content=\"article\" \/>\n<meta property=\"og:title\" content=\"AKULAADIJA EINHELL CE-BC30M - Espak E-pood\" \/>\n<meta property=\"og:url\" content=\"https:\/\/espak.ee\/epood\/toode\/akulaadija-einhell-ce-bc30m\/\" \/>\n<meta property=\"og:site_name\" content=\"Espak E-pood\" \/>\n<meta property=\"article:modified_time\" content=\"2024-03-23T10:57:57+00:00\" \/>\n<meta property=\"og:image\" content=\"https:\/\/espak.ee\/epood\/wp-content\/uploads\/2021\/09\/1002275_11019_001_CE_BC_30_M_RAL3002_Pic-1024x679.jpg\" \/>\n\t<meta property=\"og:image:width\" content=\"1024\" \/>\n\t<meta property=\"og:image:height\" content=\"679\" \/>\n\t<meta property=\"og:image:type\" content=\"image\/jpeg\" \/>\n<meta name=\"twitter:card\" content=\"summary_large_image\" \/>\n<meta name=\"twitter:label1\" content=\"Est. reading time\" \/>\n\t<meta name=\"twitter:data1\" content=\"2 minutit\" \/>\n<script type=\"application\/ld+json\" class=\"yoast-schema-graph\">{\"@context\":\"https:\/\/schema.org\",\"@graph\":[{\"@type\":\"WebPage\",\"@id\":\"https:\/\/espak.ee\/epood\/toode\/akulaadija-einhell-ce-bc30m\/\",\"url\":\"https:\/\/espak.ee\/epood\/toode\/akulaadija-einhell-ce-bc30m\/\",\"name\":\"AKULAADIJA EINHELL CE-BC30M - Espak E-pood\",\"isPartOf\":{\"@id\":\"https:\/\/espak.ee\/epood\/#website\"},\"primaryImageOfPage\":{\"@id\":\"https:\/\/espak.ee\/epood\/toode\/akulaadija-einhell-ce-bc30m\/#primaryimage\"},\"image\":{\"@id\":\"https:\/\/espak.ee\/epood\/toode\/akulaadija-einhell-ce-bc30m\/#primaryimage\"},\"thumbnailUrl\":\"https:\/\/espak.ee\/epood\/wp-content\/uploads\/2021\/09\/1002275_11019_001_CE_BC_30_M_RAL3002_Pic.jpg\",\"datePublished\":\"2021-09-30T04:48:32+00:00\",\"dateModified\":\"2024-03-23T10:57:57+00:00\",\"breadcrumb\":{\"@id\":\"https:\/\/espak.ee\/epood\/toode\/akulaadija-einhell-ce-bc30m\/#breadcrumb\"},\"inLanguage\":\"et\",\"potentialAction\":[{\"@type\":\"ReadAction\",\"target\":[\"https:\/\/espak.ee\/epood\/toode\/akulaadija-einhell-ce-bc30m\/\"]}]},{\"@type\":\"ImageObject\",\"inLanguage\":\"et\",\"@id\":\"https:\/\/espak.ee\/epood\/toode\/akulaadija-einhell-ce-bc30m\/#primaryimage\",\"url\":\"https:\/\/espak.ee\/epood\/wp-content\/uploads\/2021\/09\/1002275_11019_001_CE_BC_30_M_RAL3002_Pic.jpg\",\"contentUrl\":\"https:\/\/espak.ee\/epood\/wp-content\/uploads\/2021\/09\/1002275_11019_001_CE_BC_30_M_RAL3002_Pic.jpg\",\"width\":1772,\"height\":1175},{\"@type\":\"BreadcrumbList\",\"@id\":\"https:\/\/espak.ee\/epood\/toode\/akulaadija-einhell-ce-bc30m\/#breadcrumb\",\"itemListElement\":[{\"@type\":\"ListItem\",\"position\":1,\"name\":\"Home\",\"item\":\"https:\/\/espak.ee\/epood\/\"},{\"@type\":\"ListItem\",\"position\":2,\"name\":\"Tootevalik\",\"item\":\"https:\/\/espak.ee\/epood\/tootevalik\/\"},{\"@type\":\"ListItem\",\"position\":3,\"name\":\"AKULAADIJA EINHELL CE-BC30M\"}]},{\"@type\":\"WebSite\",\"@id\":\"https:\/\/espak.ee\/epood\/#website\",\"url\":\"https:\/\/espak.ee\/epood\/\",\"name\":\"Espak E-pood\",\"description\":\"\",\"potentialAction\":[{\"@type\":\"SearchAction\",\"target\":{\"@type\":\"EntryPoint\",\"urlTemplate\":\"https:\/\/espak.ee\/epood\/?s={search_term_string}\"},\"query-input\":{\"@type\":\"PropertyValueSpecification\",\"valueRequired\":true,\"valueName\":\"search_term_string\"}}],\"inLanguage\":\"et\"}]}<\/script>\n<!-- \/ Yoast SEO plugin. -->","yoast_head_json":{"title":"AKULAADIJA EINHELL CE-BC30M - Espak E-pood","robots":{"index":"index","follow":"follow","max-snippet":"max-snippet:-1","max-image-preview":"max-image-preview:large","max-video-preview":"max-video-preview:-1"},"canonical":"https:\/\/espak.ee\/epood\/toode\/akulaadija-einhell-ce-bc30m\/","og_locale":"et_EE","og_type":"article","og_title":"AKULAADIJA EINHELL CE-BC30M - Espak E-pood","og_url":"https:\/\/espak.ee\/epood\/toode\/akulaadija-einhell-ce-bc30m\/","og_site_name":"Espak E-pood","article_modified_time":"2024-03-23T10:57:57+00:00","og_image":[{"width":1024,"height":679,"url":"https:\/\/espak.ee\/epood\/wp-content\/uploads\/2021\/09\/1002275_11019_001_CE_BC_30_M_RAL3002_Pic-1024x679.jpg","type":"image\/jpeg"}],"twitter_card":"summary_large_image","twitter_misc":{"Est. reading time":"2 minutit"},"schema":{"@context":"https:\/\/schema.org","@graph":[{"@type":"WebPage","@id":"https:\/\/espak.ee\/epood\/toode\/akulaadija-einhell-ce-bc30m\/","url":"https:\/\/espak.ee\/epood\/toode\/akulaadija-einhell-ce-bc30m\/","name":"AKULAADIJA EINHELL CE-BC30M - Espak E-pood","isPartOf":{"@id":"https:\/\/espak.ee\/epood\/#website"},"primaryImageOfPage":{"@id":"https:\/\/espak.ee\/epood\/toode\/akulaadija-einhell-ce-bc30m\/#primaryimage"},"image":{"@id":"https:\/\/espak.ee\/epood\/toode\/akulaadija-einhell-ce-bc30m\/#primaryimage"},"thumbnailUrl":"https:\/\/espak.ee\/epood\/wp-content\/uploads\/2021\/09\/1002275_11019_001_CE_BC_30_M_RAL3002_Pic.jpg","datePublished":"2021-09-30T04:48:32+00:00","dateModified":"2024-03-23T10:57:57+00:00","breadcrumb":{"@id":"https:\/\/espak.ee\/epood\/toode\/akulaadija-einhell-ce-bc30m\/#breadcrumb"},"inLanguage":"et","potentialAction":[{"@type":"ReadAction","target":["https:\/\/espak.ee\/epood\/toode\/akulaadija-einhell-ce-bc30m\/"]}]},{"@type":"ImageObject","inLanguage":"et","@id":"https:\/\/espak.ee\/epood\/toode\/akulaadija-einhell-ce-bc30m\/#primaryimage","url":"https:\/\/espak.ee\/epood\/wp-content\/uploads\/2021\/09\/1002275_11019_001_CE_BC_30_M_RAL3002_Pic.jpg","contentUrl":"https:\/\/espak.ee\/epood\/wp-content\/uploads\/2021\/09\/1002275_11019_001_CE_BC_30_M_RAL3002_Pic.jpg","width":1772,"height":1175},{"@type":"BreadcrumbList","@id":"https:\/\/espak.ee\/epood\/toode\/akulaadija-einhell-ce-bc30m\/#breadcrumb","itemListElement":[{"@type":"ListItem","position":1,"name":"Home","item":"https:\/\/espak.ee\/epood\/"},{"@type":"ListItem","position":2,"name":"Tootevalik","item":"https:\/\/espak.ee\/epood\/tootevalik\/"},{"@type":"ListItem","position":3,"name":"AKULAADIJA EINHELL CE-BC30M"}]},{"@type":"WebSite","@id":"https:\/\/espak.ee\/epood\/#website","url":"https:\/\/espak.ee\/epood\/","name":"Espak E-pood","description":"","potentialAction":[{"@type":"SearchAction","target":{"@type":"EntryPoint","urlTemplate":"https:\/\/espak.ee\/epood\/?s={search_term_string}"},"query-input":{"@type":"PropertyValueSpecification","valueRequired":true,"valueName":"search_term_string"}}],"inLanguage":"et"}]}},"_links":{"self":[{"href":"https:\/\/espak.ee\/epood\/wp-json\/wp\/v2\/product\/95790","targetHints":{"allow":["GET"]}}],"collection":[{"href":"https:\/\/espak.ee\/epood\/wp-json\/wp\/v2\/product"}],"about":[{"href":"https:\/\/espak.ee\/epood\/wp-json\/wp\/v2\/types\/product"}],"replies":[{"embeddable":true,"href":"https:\/\/espak.ee\/epood\/wp-json\/wp\/v2\/comments?post=95790"}],"wp:featuredmedia":[{"embeddable":true,"href":"https:\/\/espak.ee\/epood\/wp-json\/wp\/v2\/media\/99043"}],"wp:attachment":[{"href":"https:\/\/espak.ee\/epood\/wp-json\/wp\/v2\/media?parent=95790"}],"wp:term":[{"taxonomy":"product_brand","embeddable":true,"href":"https:\/\/espak.ee\/epood\/wp-json\/wp\/v2\/product_brand?post=95790"},{"taxonomy":"product_cat","embeddable":true,"href":"https:\/\/espak.ee\/epood\/wp-json\/wp\/v2\/product_cat?post=95790"},{"taxonomy":"product_tag","embeddable":true,"href":"https:\/\/espak.ee\/epood\/wp-json\/wp\/v2\/product_tag?post=95790"}],"curies":[{"name":"wp","href":"https:\/\/api.w.org\/{rel}","templated":true}]}}