{"id":95544,"date":"2021-09-25T04:45:43","date_gmt":"2021-09-25T04:45:43","guid":{"rendered":"https:\/\/espak.ee\/epood\/?post_type=product&#038;p=95544"},"modified":"2024-03-23T12:58:55","modified_gmt":"2024-03-23T10:58:55","slug":"magnetlood-150cm-kapro-spirit","status":"publish","type":"product","link":"https:\/\/espak.ee\/epood\/toode\/magnetlood-150cm-kapro-spirit\/","title":{"rendered":"MAGNETLOOD 150CM KAPRO SPIRIT"},"content":{"rendered":"<div class=\"row\"  id=\"row-1152523507\">\n\n\t<div id=\"col-2116103949\" class=\"col medium-9 small-12 large-9\"  >\n\t\t\t\t<div class=\"col-inner\"  >\n\t\t\t\n\t\t\t\n<h3>Magnetlood SPIRIT KAPRO<\/h3>\n<p>Lood 2 l\u00f6\u00f6gikindla libelliga: horisontaalne ja vertikaalne.<br \/>\nT\u00e4psus 0,5 mm\/m.<br \/>\nKummist otsakorgid.<br \/>\n M\u00f5\u00f5t: 150 cm.  <\/p>\n\t\t<\/div>\n\t\t\t\t\t<\/div>\n\n\t\n\n\t<div id=\"col-1585488926\" class=\"col medium-3 small-12 large-3\"  >\n\t\t\t\t<div class=\"col-inner\"  >\n\t\t\t\n\t\t\t\n\t<div id=\"gap-1324909387\" class=\"gap-element clearfix\" style=\"display:block; height:auto;\">\n\t\t\n<style>\n#gap-1324909387 {\n  padding-top: 30px;\n}\n<\/style>\n\t<\/div>\n\t\n<p><strong>\u00dcksikasjalikuma n\u00f5u saamiseks v\u00f5tke \u00fchendust:<br \/><\/strong>Espak AS<br \/>Viadukti 42<br \/>11313<br \/>Tallinn<br \/> T\u00f6\u00f6riista osakond +372 6512 335<br \/><a href=\"mailto:tooriist@espak.ee\">tooriist@espak.ee<\/a><\/p>\n\t\t<\/div>\n\t\t\t\t\t<\/div>\n\n\t\n<\/div>\n","protected":false},"excerpt":{"rendered":"","protected":false},"featured_media":95660,"comment_status":"closed","ping_status":"closed","template":"","meta":[],"product_brand":[],"product_cat":[2771,3141,2772,2679],"product_tag":[],"class_list":{"0":"post-95544","1":"product","2":"type-product","3":"status-publish","4":"has-post-thumbnail","6":"product_cat-kasitooriistad","7":"product_cat-magnetiga-loodid","8":"product_cat-mooteriistad","9":"product_cat-tooriistad","10":"pa_kaubamark-kapro","12":"first","13":"instock","14":"sale","15":"taxable","16":"shipping-taxable","17":"purchasable","18":"product-type-simple"},"yoast_head":"<!-- This site is optimized with the Yoast SEO plugin v26.9 - https:\/\/yoast.com\/product\/yoast-seo-wordpress\/ -->\n<title>MAGNETLOOD 150CM KAPRO SPIRIT - Espak E-pood<\/title>\n<meta name=\"robots\" content=\"index, follow, max-snippet:-1, max-image-preview:large, max-video-preview:-1\" \/>\n<link rel=\"canonical\" href=\"https:\/\/espak.ee\/epood\/toode\/magnetlood-150cm-kapro-spirit\/\" \/>\n<meta property=\"og:locale\" content=\"et_EE\" \/>\n<meta property=\"og:type\" content=\"article\" \/>\n<meta property=\"og:title\" content=\"MAGNETLOOD 150CM KAPRO SPIRIT - Espak E-pood\" \/>\n<meta property=\"og:url\" content=\"https:\/\/espak.ee\/epood\/toode\/magnetlood-150cm-kapro-spirit\/\" \/>\n<meta property=\"og:site_name\" content=\"Espak E-pood\" \/>\n<meta property=\"article:modified_time\" content=\"2024-03-23T10:58:55+00:00\" \/>\n<meta property=\"og:image\" content=\"https:\/\/espak.ee\/epood\/wp-content\/uploads\/2021\/09\/779_iso.jpg\" \/>\n\t<meta property=\"og:image:width\" content=\"1225\" \/>\n\t<meta property=\"og:image:height\" content=\"825\" \/>\n\t<meta property=\"og:image:type\" content=\"image\/jpeg\" \/>\n<meta name=\"twitter:card\" content=\"summary_large_image\" \/>\n<script type=\"application\/ld+json\" class=\"yoast-schema-graph\">{\"@context\":\"https:\/\/schema.org\",\"@graph\":[{\"@type\":\"WebPage\",\"@id\":\"https:\/\/espak.ee\/epood\/toode\/magnetlood-150cm-kapro-spirit\/\",\"url\":\"https:\/\/espak.ee\/epood\/toode\/magnetlood-150cm-kapro-spirit\/\",\"name\":\"MAGNETLOOD 150CM KAPRO SPIRIT - Espak E-pood\",\"isPartOf\":{\"@id\":\"https:\/\/espak.ee\/epood\/#website\"},\"primaryImageOfPage\":{\"@id\":\"https:\/\/espak.ee\/epood\/toode\/magnetlood-150cm-kapro-spirit\/#primaryimage\"},\"image\":{\"@id\":\"https:\/\/espak.ee\/epood\/toode\/magnetlood-150cm-kapro-spirit\/#primaryimage\"},\"thumbnailUrl\":\"https:\/\/espak.ee\/epood\/wp-content\/uploads\/2021\/09\/779_iso.jpg\",\"datePublished\":\"2021-09-25T04:45:43+00:00\",\"dateModified\":\"2024-03-23T10:58:55+00:00\",\"breadcrumb\":{\"@id\":\"https:\/\/espak.ee\/epood\/toode\/magnetlood-150cm-kapro-spirit\/#breadcrumb\"},\"inLanguage\":\"et\",\"potentialAction\":[{\"@type\":\"ReadAction\",\"target\":[\"https:\/\/espak.ee\/epood\/toode\/magnetlood-150cm-kapro-spirit\/\"]}]},{\"@type\":\"ImageObject\",\"inLanguage\":\"et\",\"@id\":\"https:\/\/espak.ee\/epood\/toode\/magnetlood-150cm-kapro-spirit\/#primaryimage\",\"url\":\"https:\/\/espak.ee\/epood\/wp-content\/uploads\/2021\/09\/779_iso.jpg\",\"contentUrl\":\"https:\/\/espak.ee\/epood\/wp-content\/uploads\/2021\/09\/779_iso.jpg\",\"width\":1225,\"height\":825},{\"@type\":\"BreadcrumbList\",\"@id\":\"https:\/\/espak.ee\/epood\/toode\/magnetlood-150cm-kapro-spirit\/#breadcrumb\",\"itemListElement\":[{\"@type\":\"ListItem\",\"position\":1,\"name\":\"Home\",\"item\":\"https:\/\/espak.ee\/epood\/\"},{\"@type\":\"ListItem\",\"position\":2,\"name\":\"Tootevalik\",\"item\":\"https:\/\/espak.ee\/epood\/tootevalik\/\"},{\"@type\":\"ListItem\",\"position\":3,\"name\":\"MAGNETLOOD 150CM KAPRO SPIRIT\"}]},{\"@type\":\"WebSite\",\"@id\":\"https:\/\/espak.ee\/epood\/#website\",\"url\":\"https:\/\/espak.ee\/epood\/\",\"name\":\"Espak E-pood\",\"description\":\"\",\"potentialAction\":[{\"@type\":\"SearchAction\",\"target\":{\"@type\":\"EntryPoint\",\"urlTemplate\":\"https:\/\/espak.ee\/epood\/?s={search_term_string}\"},\"query-input\":{\"@type\":\"PropertyValueSpecification\",\"valueRequired\":true,\"valueName\":\"search_term_string\"}}],\"inLanguage\":\"et\"}]}<\/script>\n<!-- \/ Yoast SEO plugin. -->","yoast_head_json":{"title":"MAGNETLOOD 150CM KAPRO SPIRIT - Espak E-pood","robots":{"index":"index","follow":"follow","max-snippet":"max-snippet:-1","max-image-preview":"max-image-preview:large","max-video-preview":"max-video-preview:-1"},"canonical":"https:\/\/espak.ee\/epood\/toode\/magnetlood-150cm-kapro-spirit\/","og_locale":"et_EE","og_type":"article","og_title":"MAGNETLOOD 150CM KAPRO SPIRIT - Espak E-pood","og_url":"https:\/\/espak.ee\/epood\/toode\/magnetlood-150cm-kapro-spirit\/","og_site_name":"Espak E-pood","article_modified_time":"2024-03-23T10:58:55+00:00","og_image":[{"width":1225,"height":825,"url":"https:\/\/espak.ee\/epood\/wp-content\/uploads\/2021\/09\/779_iso.jpg","type":"image\/jpeg"}],"twitter_card":"summary_large_image","schema":{"@context":"https:\/\/schema.org","@graph":[{"@type":"WebPage","@id":"https:\/\/espak.ee\/epood\/toode\/magnetlood-150cm-kapro-spirit\/","url":"https:\/\/espak.ee\/epood\/toode\/magnetlood-150cm-kapro-spirit\/","name":"MAGNETLOOD 150CM KAPRO SPIRIT - Espak E-pood","isPartOf":{"@id":"https:\/\/espak.ee\/epood\/#website"},"primaryImageOfPage":{"@id":"https:\/\/espak.ee\/epood\/toode\/magnetlood-150cm-kapro-spirit\/#primaryimage"},"image":{"@id":"https:\/\/espak.ee\/epood\/toode\/magnetlood-150cm-kapro-spirit\/#primaryimage"},"thumbnailUrl":"https:\/\/espak.ee\/epood\/wp-content\/uploads\/2021\/09\/779_iso.jpg","datePublished":"2021-09-25T04:45:43+00:00","dateModified":"2024-03-23T10:58:55+00:00","breadcrumb":{"@id":"https:\/\/espak.ee\/epood\/toode\/magnetlood-150cm-kapro-spirit\/#breadcrumb"},"inLanguage":"et","potentialAction":[{"@type":"ReadAction","target":["https:\/\/espak.ee\/epood\/toode\/magnetlood-150cm-kapro-spirit\/"]}]},{"@type":"ImageObject","inLanguage":"et","@id":"https:\/\/espak.ee\/epood\/toode\/magnetlood-150cm-kapro-spirit\/#primaryimage","url":"https:\/\/espak.ee\/epood\/wp-content\/uploads\/2021\/09\/779_iso.jpg","contentUrl":"https:\/\/espak.ee\/epood\/wp-content\/uploads\/2021\/09\/779_iso.jpg","width":1225,"height":825},{"@type":"BreadcrumbList","@id":"https:\/\/espak.ee\/epood\/toode\/magnetlood-150cm-kapro-spirit\/#breadcrumb","itemListElement":[{"@type":"ListItem","position":1,"name":"Home","item":"https:\/\/espak.ee\/epood\/"},{"@type":"ListItem","position":2,"name":"Tootevalik","item":"https:\/\/espak.ee\/epood\/tootevalik\/"},{"@type":"ListItem","position":3,"name":"MAGNETLOOD 150CM KAPRO SPIRIT"}]},{"@type":"WebSite","@id":"https:\/\/espak.ee\/epood\/#website","url":"https:\/\/espak.ee\/epood\/","name":"Espak E-pood","description":"","potentialAction":[{"@type":"SearchAction","target":{"@type":"EntryPoint","urlTemplate":"https:\/\/espak.ee\/epood\/?s={search_term_string}"},"query-input":{"@type":"PropertyValueSpecification","valueRequired":true,"valueName":"search_term_string"}}],"inLanguage":"et"}]}},"_links":{"self":[{"href":"https:\/\/espak.ee\/epood\/wp-json\/wp\/v2\/product\/95544","targetHints":{"allow":["GET"]}}],"collection":[{"href":"https:\/\/espak.ee\/epood\/wp-json\/wp\/v2\/product"}],"about":[{"href":"https:\/\/espak.ee\/epood\/wp-json\/wp\/v2\/types\/product"}],"replies":[{"embeddable":true,"href":"https:\/\/espak.ee\/epood\/wp-json\/wp\/v2\/comments?post=95544"}],"wp:featuredmedia":[{"embeddable":true,"href":"https:\/\/espak.ee\/epood\/wp-json\/wp\/v2\/media\/95660"}],"wp:attachment":[{"href":"https:\/\/espak.ee\/epood\/wp-json\/wp\/v2\/media?parent=95544"}],"wp:term":[{"taxonomy":"product_brand","embeddable":true,"href":"https:\/\/espak.ee\/epood\/wp-json\/wp\/v2\/product_brand?post=95544"},{"taxonomy":"product_cat","embeddable":true,"href":"https:\/\/espak.ee\/epood\/wp-json\/wp\/v2\/product_cat?post=95544"},{"taxonomy":"product_tag","embeddable":true,"href":"https:\/\/espak.ee\/epood\/wp-json\/wp\/v2\/product_tag?post=95544"}],"curies":[{"name":"wp","href":"https:\/\/api.w.org\/{rel}","templated":true}]}}