{"id":92671,"date":"2021-08-26T02:43:31","date_gmt":"2021-08-26T02:43:31","guid":{"rendered":"https:\/\/espak.ee\/epood\/?post_type=product&#038;p=92671"},"modified":"2024-12-19T16:45:29","modified_gmt":"2024-12-19T14:45:29","slug":"led-toru-kobi-t8-18w-120cm-4000k-premium","status":"publish","type":"product","link":"https:\/\/espak.ee\/epood\/toode\/led-toru-kobi-t8-18w-120cm-4000k-premium\/","title":{"rendered":"LED TORU KOBI T8 18W 120CM 4000K PREMIUM"},"content":{"rendered":"<div class=\"row\"  id=\"row-1594472467\">\n\n\t<div id=\"col-1638790464\" class=\"col medium-9 small-12 large-9\"  >\n\t\t\t\t<div class=\"col-inner\"  >\n\t\t\t\n\t\t\t\n<h2>LED toru<\/h2>\n<p>LED toru T8 18W 120cm.<br \/>\nValgusvihu nurk 240 kraadi.<br \/>\nValguse t\u00fc\u00fcp: Neutraalne valge valgus.<br \/>\n4000K\/2160lm.<\/p>\n<p> \t<div id=\"gap-1205345582\" class=\"gap-element clearfix\" style=\"display:block; height:auto;\">\n\t\t\n<style>\n#gap-1205345582 {\n  padding-top: 30px;\n}\n<\/style>\n\t<\/div>\n\t\n\t\t<\/div>\n\t\t\t\t\t<\/div>\n\n\t\n\n\t<div id=\"col-121818981\" class=\"col medium-3 small-12 large-3\"  >\n\t\t\t\t<div class=\"col-inner\"  >\n\t\t\t\n\t\t\t\n\t<div id=\"gap-505320264\" class=\"gap-element clearfix\" style=\"display:block; height:auto;\">\n\t\t\n<style>\n#gap-505320264 {\n  padding-top: 30px;\n}\n<\/style>\n\t<\/div>\n\t\n<div class=\"is-divider divider clearfix\" ><\/div>\n<p><strong>\u00dcksikasjalikuma n\u00f5u saamiseks v\u00f5tke \u00fchendust:<br \/><\/strong>Espak AS<br \/>Viadukti 42<br \/>11313<br \/>Tallinn<br \/>+372 6 512333<\/p>\n<div class=\"is-divider divider clearfix\" ><\/div>\n\t\t<\/div>\n\t\t\t\t\t<\/div>\n\n\t\n<\/div>\n","protected":false},"excerpt":{"rendered":"","protected":false},"featured_media":93091,"comment_status":"closed","ping_status":"closed","template":"","meta":[],"product_brand":[],"product_cat":[2934,3315,3314,2959],"product_tag":[],"class_list":{"0":"post-92671","1":"product","2":"type-product","3":"status-publish","4":"has-post-thumbnail","6":"product_cat-elektrikaubad-ja-valgustid","7":"product_cat-led-pirnid","8":"product_cat-valgusallikad","9":"product_cat-valgustid","10":"pa_kaubamark-kobi-light-sp-z-o-o","12":"first","13":"outofstock","14":"sale","15":"taxable","16":"shipping-taxable","17":"purchasable","18":"product-type-simple"},"yoast_head":"<!-- This site is optimized with the Yoast SEO plugin v26.9 - https:\/\/yoast.com\/product\/yoast-seo-wordpress\/ -->\n<title>LED TORU KOBI T8 18W 120CM 4000K PREMIUM - Espak E-pood<\/title>\n<meta name=\"robots\" content=\"index, follow, max-snippet:-1, max-image-preview:large, max-video-preview:-1\" \/>\n<link rel=\"canonical\" href=\"https:\/\/espak.ee\/epood\/toode\/led-toru-kobi-t8-18w-120cm-4000k-premium\/\" \/>\n<meta property=\"og:locale\" content=\"et_EE\" \/>\n<meta property=\"og:type\" content=\"article\" \/>\n<meta property=\"og:title\" content=\"LED TORU KOBI T8 18W 120CM 4000K PREMIUM - Espak E-pood\" \/>\n<meta property=\"og:url\" content=\"https:\/\/espak.ee\/epood\/toode\/led-toru-kobi-t8-18w-120cm-4000k-premium\/\" \/>\n<meta property=\"og:site_name\" content=\"Espak E-pood\" \/>\n<meta property=\"article:modified_time\" content=\"2024-12-19T14:45:29+00:00\" \/>\n<meta property=\"og:image\" content=\"https:\/\/espak.ee\/epood\/wp-content\/uploads\/2021\/08\/led-t8-18w-25w-premium-25-14e7a299.jpg\" \/>\n\t<meta property=\"og:image:width\" content=\"779\" \/>\n\t<meta property=\"og:image:height\" content=\"779\" \/>\n\t<meta property=\"og:image:type\" content=\"image\/jpeg\" \/>\n<meta name=\"twitter:card\" content=\"summary_large_image\" \/>\n<script type=\"application\/ld+json\" class=\"yoast-schema-graph\">{\"@context\":\"https:\/\/schema.org\",\"@graph\":[{\"@type\":\"WebPage\",\"@id\":\"https:\/\/espak.ee\/epood\/toode\/led-toru-kobi-t8-18w-120cm-4000k-premium\/\",\"url\":\"https:\/\/espak.ee\/epood\/toode\/led-toru-kobi-t8-18w-120cm-4000k-premium\/\",\"name\":\"LED TORU KOBI T8 18W 120CM 4000K PREMIUM - Espak E-pood\",\"isPartOf\":{\"@id\":\"https:\/\/espak.ee\/epood\/#website\"},\"primaryImageOfPage\":{\"@id\":\"https:\/\/espak.ee\/epood\/toode\/led-toru-kobi-t8-18w-120cm-4000k-premium\/#primaryimage\"},\"image\":{\"@id\":\"https:\/\/espak.ee\/epood\/toode\/led-toru-kobi-t8-18w-120cm-4000k-premium\/#primaryimage\"},\"thumbnailUrl\":\"https:\/\/espak.ee\/epood\/wp-content\/uploads\/2021\/08\/led-t8-18w-25w-premium-25-14e7a299.jpg\",\"datePublished\":\"2021-08-26T02:43:31+00:00\",\"dateModified\":\"2024-12-19T14:45:29+00:00\",\"breadcrumb\":{\"@id\":\"https:\/\/espak.ee\/epood\/toode\/led-toru-kobi-t8-18w-120cm-4000k-premium\/#breadcrumb\"},\"inLanguage\":\"et\",\"potentialAction\":[{\"@type\":\"ReadAction\",\"target\":[\"https:\/\/espak.ee\/epood\/toode\/led-toru-kobi-t8-18w-120cm-4000k-premium\/\"]}]},{\"@type\":\"ImageObject\",\"inLanguage\":\"et\",\"@id\":\"https:\/\/espak.ee\/epood\/toode\/led-toru-kobi-t8-18w-120cm-4000k-premium\/#primaryimage\",\"url\":\"https:\/\/espak.ee\/epood\/wp-content\/uploads\/2021\/08\/led-t8-18w-25w-premium-25-14e7a299.jpg\",\"contentUrl\":\"https:\/\/espak.ee\/epood\/wp-content\/uploads\/2021\/08\/led-t8-18w-25w-premium-25-14e7a299.jpg\",\"width\":779,\"height\":779,\"caption\":\"CREATOR: gd-jpeg v1.0 (using IJG JPEG v62), quality = 100\"},{\"@type\":\"BreadcrumbList\",\"@id\":\"https:\/\/espak.ee\/epood\/toode\/led-toru-kobi-t8-18w-120cm-4000k-premium\/#breadcrumb\",\"itemListElement\":[{\"@type\":\"ListItem\",\"position\":1,\"name\":\"Home\",\"item\":\"https:\/\/espak.ee\/epood\/\"},{\"@type\":\"ListItem\",\"position\":2,\"name\":\"Tootevalik\",\"item\":\"https:\/\/espak.ee\/epood\/tootevalik\/\"},{\"@type\":\"ListItem\",\"position\":3,\"name\":\"LED TORU KOBI T8 18W 120CM 4000K PREMIUM\"}]},{\"@type\":\"WebSite\",\"@id\":\"https:\/\/espak.ee\/epood\/#website\",\"url\":\"https:\/\/espak.ee\/epood\/\",\"name\":\"Espak E-pood\",\"description\":\"\",\"potentialAction\":[{\"@type\":\"SearchAction\",\"target\":{\"@type\":\"EntryPoint\",\"urlTemplate\":\"https:\/\/espak.ee\/epood\/?s={search_term_string}\"},\"query-input\":{\"@type\":\"PropertyValueSpecification\",\"valueRequired\":true,\"valueName\":\"search_term_string\"}}],\"inLanguage\":\"et\"}]}<\/script>\n<!-- \/ Yoast SEO plugin. -->","yoast_head_json":{"title":"LED TORU KOBI T8 18W 120CM 4000K PREMIUM - Espak E-pood","robots":{"index":"index","follow":"follow","max-snippet":"max-snippet:-1","max-image-preview":"max-image-preview:large","max-video-preview":"max-video-preview:-1"},"canonical":"https:\/\/espak.ee\/epood\/toode\/led-toru-kobi-t8-18w-120cm-4000k-premium\/","og_locale":"et_EE","og_type":"article","og_title":"LED TORU KOBI T8 18W 120CM 4000K PREMIUM - Espak E-pood","og_url":"https:\/\/espak.ee\/epood\/toode\/led-toru-kobi-t8-18w-120cm-4000k-premium\/","og_site_name":"Espak E-pood","article_modified_time":"2024-12-19T14:45:29+00:00","og_image":[{"width":779,"height":779,"url":"https:\/\/espak.ee\/epood\/wp-content\/uploads\/2021\/08\/led-t8-18w-25w-premium-25-14e7a299.jpg","type":"image\/jpeg"}],"twitter_card":"summary_large_image","schema":{"@context":"https:\/\/schema.org","@graph":[{"@type":"WebPage","@id":"https:\/\/espak.ee\/epood\/toode\/led-toru-kobi-t8-18w-120cm-4000k-premium\/","url":"https:\/\/espak.ee\/epood\/toode\/led-toru-kobi-t8-18w-120cm-4000k-premium\/","name":"LED TORU KOBI T8 18W 120CM 4000K PREMIUM - Espak E-pood","isPartOf":{"@id":"https:\/\/espak.ee\/epood\/#website"},"primaryImageOfPage":{"@id":"https:\/\/espak.ee\/epood\/toode\/led-toru-kobi-t8-18w-120cm-4000k-premium\/#primaryimage"},"image":{"@id":"https:\/\/espak.ee\/epood\/toode\/led-toru-kobi-t8-18w-120cm-4000k-premium\/#primaryimage"},"thumbnailUrl":"https:\/\/espak.ee\/epood\/wp-content\/uploads\/2021\/08\/led-t8-18w-25w-premium-25-14e7a299.jpg","datePublished":"2021-08-26T02:43:31+00:00","dateModified":"2024-12-19T14:45:29+00:00","breadcrumb":{"@id":"https:\/\/espak.ee\/epood\/toode\/led-toru-kobi-t8-18w-120cm-4000k-premium\/#breadcrumb"},"inLanguage":"et","potentialAction":[{"@type":"ReadAction","target":["https:\/\/espak.ee\/epood\/toode\/led-toru-kobi-t8-18w-120cm-4000k-premium\/"]}]},{"@type":"ImageObject","inLanguage":"et","@id":"https:\/\/espak.ee\/epood\/toode\/led-toru-kobi-t8-18w-120cm-4000k-premium\/#primaryimage","url":"https:\/\/espak.ee\/epood\/wp-content\/uploads\/2021\/08\/led-t8-18w-25w-premium-25-14e7a299.jpg","contentUrl":"https:\/\/espak.ee\/epood\/wp-content\/uploads\/2021\/08\/led-t8-18w-25w-premium-25-14e7a299.jpg","width":779,"height":779,"caption":"CREATOR: gd-jpeg v1.0 (using IJG JPEG v62), quality = 100"},{"@type":"BreadcrumbList","@id":"https:\/\/espak.ee\/epood\/toode\/led-toru-kobi-t8-18w-120cm-4000k-premium\/#breadcrumb","itemListElement":[{"@type":"ListItem","position":1,"name":"Home","item":"https:\/\/espak.ee\/epood\/"},{"@type":"ListItem","position":2,"name":"Tootevalik","item":"https:\/\/espak.ee\/epood\/tootevalik\/"},{"@type":"ListItem","position":3,"name":"LED TORU KOBI T8 18W 120CM 4000K PREMIUM"}]},{"@type":"WebSite","@id":"https:\/\/espak.ee\/epood\/#website","url":"https:\/\/espak.ee\/epood\/","name":"Espak E-pood","description":"","potentialAction":[{"@type":"SearchAction","target":{"@type":"EntryPoint","urlTemplate":"https:\/\/espak.ee\/epood\/?s={search_term_string}"},"query-input":{"@type":"PropertyValueSpecification","valueRequired":true,"valueName":"search_term_string"}}],"inLanguage":"et"}]}},"_links":{"self":[{"href":"https:\/\/espak.ee\/epood\/wp-json\/wp\/v2\/product\/92671","targetHints":{"allow":["GET"]}}],"collection":[{"href":"https:\/\/espak.ee\/epood\/wp-json\/wp\/v2\/product"}],"about":[{"href":"https:\/\/espak.ee\/epood\/wp-json\/wp\/v2\/types\/product"}],"replies":[{"embeddable":true,"href":"https:\/\/espak.ee\/epood\/wp-json\/wp\/v2\/comments?post=92671"}],"wp:featuredmedia":[{"embeddable":true,"href":"https:\/\/espak.ee\/epood\/wp-json\/wp\/v2\/media\/93091"}],"wp:attachment":[{"href":"https:\/\/espak.ee\/epood\/wp-json\/wp\/v2\/media?parent=92671"}],"wp:term":[{"taxonomy":"product_brand","embeddable":true,"href":"https:\/\/espak.ee\/epood\/wp-json\/wp\/v2\/product_brand?post=92671"},{"taxonomy":"product_cat","embeddable":true,"href":"https:\/\/espak.ee\/epood\/wp-json\/wp\/v2\/product_cat?post=92671"},{"taxonomy":"product_tag","embeddable":true,"href":"https:\/\/espak.ee\/epood\/wp-json\/wp\/v2\/product_tag?post=92671"}],"curies":[{"name":"wp","href":"https:\/\/api.w.org\/{rel}","templated":true}]}}