{"id":9224,"date":"2019-09-24T02:31:06","date_gmt":"2019-09-23T23:31:06","guid":{"rendered":"https:\/\/espak.ee\/hinnakiri\/?post_type=product&#038;p=9224"},"modified":"2024-03-23T00:14:53","modified_gmt":"2024-03-22T22:14:53","slug":"pestav-matt-seinavarv-vivacolor-7-a-18l","status":"publish","type":"product","link":"https:\/\/espak.ee\/epood\/toode\/pestav-matt-seinavarv-vivacolor-7-a-18l\/","title":{"rendered":"MATT SEINAV\u00c4RV VIVACOLOR 7 A 18L"},"content":{"rendered":"<div class=\"row\"  id=\"row-982580071\">\n\n\t<div id=\"col-1794967075\" class=\"col medium-9 small-12 large-9\"  >\n\t\t\t\t<div class=\"col-inner\"  >\n\t\t\t\n\t\t\t\n<h2>Pestav matt seinav\u00e4rv<\/h2>\n<div class=\"message-box relative\" style=\"padding-top:15px;padding-bottom:15px;\"><div class=\"message-box-bg-image bg-fill fill\" ><\/div><div class=\"message-box-bg-overlay bg-fill fill\" ><\/div><div class=\"container relative\"><div class=\"inner last-reset\">\n<div class=\"row align-middle align-center\"  id=\"row-1639399250\">\n\n\t<div id=\"col-160489634\" class=\"col small-12 large-12\"  >\n\t\t\t\t<div class=\"col-inner text-left\"  >\n\t\t\t\n\t\t\t\n<h4>Omadused<\/h4>\n<div class=\"row\"  id=\"row-796685039\">\n\n\t<div id=\"col-1836489112\" class=\"col medium-6 small-12 large-6\"  >\n\t\t\t\t<div class=\"col-inner\"  >\n\t\t\t\n\t\t\t\n<p><i class=\"fa fa-check fa-2x\"><\/i> <strong>Katvus (1x)<\/strong> 10-12 m\u00b2\/L<\/p>\n\t\t<\/div>\n\t\t\t\t\n<style>\n#col-1836489112 > .col-inner {\n  margin: 10px 0px 15px 0px;\n}\n<\/style>\n\t<\/div>\n\n\t\n\n\t<div id=\"col-684408568\" class=\"col medium-6 small-12 large-6\"  >\n\t\t\t\t<div class=\"col-inner\"  >\n\t\t\t\n\t\t\t\n<p><i class=\"fa fa-clock-four fa-2x\"><\/i> <strong>Kuivamisaeg<\/strong> 0,5-2 h<\/p>\n\t\t<\/div>\n\t\t\t\t\n<style>\n#col-684408568 > .col-inner {\n  margin: 10px 0px 15px 0px;\n}\n<\/style>\n\t<\/div>\n\n\t\n<\/div>\n<div class=\"is-divider divider clearfix\" style=\"margin-top:20px;margin-bottom:20px;max-width:100%;height:2px;background-color:rgb(1, 27, 70);\"><\/div>\n<div class=\"row\"  id=\"row-1654980072\">\n\n\t<div id=\"col-222583239\" class=\"col medium-6 small-12 large-6\"  >\n\t\t\t\t<div class=\"col-inner\"  >\n\t\t\t\n\t\t\t\n<p><i class=\"fa fa-hand-paper fa-2x\"><\/i> <strong>Lihtne pinnale kanda<\/strong><\/p>\n<p><i class=\"fa fa-check fa-2x\"><\/i> <strong>V\u00e4ga hea kattev\u00f5imega<\/strong><\/p>\n\t\t<\/div>\n\t\t\t\t\n<style>\n#col-222583239 > .col-inner {\n  margin: 0px 0px 15px 0px;\n}\n<\/style>\n\t<\/div>\n\n\t\n\n\t<div id=\"col-1148122489\" class=\"col medium-6 small-12 large-6\"  >\n\t\t\t\t<div class=\"col-inner\"  >\n\t\t\t\n\t\t\t\n<p><i class=\"fa fa-broom fa-2x\"><\/i> <strong>Lihtsalt puhastatav pind<\/strong><\/p>\n<p><i class=\"fa fa-check fa-2x\"><\/i> <strong>Madal rullimuster<\/strong><\/p>\n\t\t<\/div>\n\t\t\t\t\n<style>\n#col-1148122489 > .col-inner {\n  margin: 0px 0px 15px 0px;\n}\n<\/style>\n\t<\/div>\n\n\t\n<\/div>\n\t\t<\/div>\n\t\t\t\t\t<\/div>\n\n\t\n<\/div>\n<\/div><\/div><\/div>\n\t<div id=\"gap-1701350360\" class=\"gap-element clearfix\" style=\"display:block; height:auto;\">\n\t\t\n<style>\n#gap-1701350360 {\n  padding-top: 30px;\n}\n<\/style>\n\t<\/div>\n\t\n<p><strong>Kasutuskohad:<\/strong> Seinad ja laed kuivades ruumides (eluruumid, kontorid, kooli- ja lasteaiaruumid, t\u00f6\u00f6stusruumid, \u00fchiskondlikud ruumid jm). Sobib uute ja varem v\u00e4rvitud krohv-, betoon-, tellis- ja kipsplaatpindade, pahteldatud ja tapeeditud pindade ning eelnevalt krunditud puitkiud- ja puitlaastplaatpindade v\u00e4rvimiseks.<\/p>\n\t\t<\/div>\n\t\t\t\t\t<\/div>\n\n\t\n\n\t<div id=\"col-1405259472\" class=\"col medium-3 small-12 large-3\"  >\n\t\t\t\t<div class=\"col-inner\"  >\n\t\t\t\n\t\t\t\n\t<div id=\"gap-1953344020\" class=\"gap-element clearfix\" style=\"display:block; height:auto;\">\n\t\t\n<style>\n#gap-1953344020 {\n  padding-top: 30px;\n}\n<\/style>\n\t<\/div>\n\t\n<h3>Tehniline informatsioon<\/h3>\n<p><a href=\"https:\/\/espak.ee\/epood\/wp-content\/uploads\/Vivacolor-7_tooteleht.pdf\" target=\"_blank\" rel=\"noopener noreferrer\"><i class=\"far fa-file-pdf\"><\/i> Tehniline info (PDF)<\/a><\/p>\n<h3>Ohutusalane teave<\/h3>\n<p><a href=\"https:\/\/espak.ee\/epood\/wp-content\/uploads\/VIVACOLOR-7_ohutuskaart.pdf\" target=\"_blank\" rel=\"noopener noreferrer\"><i class=\"far fa-file-pdf\"><\/i> Ohutusalane teave (PDF)<\/a><\/p>\n<div class=\"is-divider divider clearfix\" ><\/div>\n<h3>K\u00fcsi v\u00e4rvimisalast n\u00f5u:<\/h3>\n<p><a href=\"https:\/\/www.vivacolor.ee\/varviliin\" target=\"_blank\" rel=\"noopener noreferrer\"><img decoding=\"async\" class=\"alignnone size-full\" src=\"https:\/\/espak.ee\/epood\/wp-content\/uploads\/2023\/05\/TIK_Color_Line_EST2022_vert_BG_turqoise.jpg\" alt=\"\" width=\"158\" height=\"234\" \/><\/a><\/p>\n\t\t<\/div>\n\t\t\t\t\t<\/div>\n\n\t\n<\/div>\n","protected":false},"excerpt":{"rendered":"","protected":false},"featured_media":9299,"comment_status":"closed","ping_status":"open","template":"","meta":[],"product_brand":[],"product_cat":[2689,2685,2684,2683],"product_tag":[],"class_list":{"0":"post-9224","1":"product","2":"type-product","3":"status-publish","4":"has-post-thumbnail","6":"product_cat-sisevarvid","7":"product_cat-varvid","8":"product_cat-varvid-lakid-lahustid-puidukaitsed-olid","9":"product_cat-viimistluskaubad","10":"pa_kaubamark-tikkurila","12":"first","13":"outofstock","14":"sale","15":"taxable","16":"shipping-taxable","17":"purchasable","18":"product-type-simple"},"yoast_head":"<!-- This site is optimized with the Yoast SEO plugin v26.9 - https:\/\/yoast.com\/product\/yoast-seo-wordpress\/ -->\n<title>MATT SEINAV\u00c4RV VIVACOLOR 7 A 18L - Espak E-pood<\/title>\n<meta name=\"robots\" content=\"index, follow, max-snippet:-1, max-image-preview:large, max-video-preview:-1\" \/>\n<link rel=\"canonical\" href=\"https:\/\/espak.ee\/epood\/toode\/pestav-matt-seinavarv-vivacolor-7-a-18l\/\" \/>\n<meta property=\"og:locale\" content=\"et_EE\" \/>\n<meta property=\"og:type\" content=\"article\" \/>\n<meta property=\"og:title\" content=\"MATT SEINAV\u00c4RV VIVACOLOR 7 A 18L - Espak E-pood\" \/>\n<meta property=\"og:url\" content=\"https:\/\/espak.ee\/epood\/toode\/pestav-matt-seinavarv-vivacolor-7-a-18l\/\" \/>\n<meta property=\"og:site_name\" content=\"Espak E-pood\" \/>\n<meta property=\"article:modified_time\" content=\"2024-03-22T22:14:53+00:00\" \/>\n<meta property=\"og:image\" content=\"https:\/\/espak.ee\/epood\/wp-content\/uploads\/Vivacolor-7.jpg\" \/>\n\t<meta property=\"og:image:width\" content=\"2048\" \/>\n\t<meta property=\"og:image:height\" content=\"2048\" \/>\n\t<meta property=\"og:image:type\" content=\"image\/jpeg\" \/>\n<meta name=\"twitter:card\" content=\"summary_large_image\" \/>\n<meta name=\"twitter:label1\" content=\"Est. reading time\" \/>\n\t<meta name=\"twitter:data1\" content=\"1 minut\" \/>\n<script type=\"application\/ld+json\" class=\"yoast-schema-graph\">{\"@context\":\"https:\/\/schema.org\",\"@graph\":[{\"@type\":\"WebPage\",\"@id\":\"https:\/\/espak.ee\/epood\/toode\/pestav-matt-seinavarv-vivacolor-7-a-18l\/\",\"url\":\"https:\/\/espak.ee\/epood\/toode\/pestav-matt-seinavarv-vivacolor-7-a-18l\/\",\"name\":\"MATT SEINAV\u00c4RV VIVACOLOR 7 A 18L - Espak E-pood\",\"isPartOf\":{\"@id\":\"https:\/\/espak.ee\/epood\/#website\"},\"primaryImageOfPage\":{\"@id\":\"https:\/\/espak.ee\/epood\/toode\/pestav-matt-seinavarv-vivacolor-7-a-18l\/#primaryimage\"},\"image\":{\"@id\":\"https:\/\/espak.ee\/epood\/toode\/pestav-matt-seinavarv-vivacolor-7-a-18l\/#primaryimage\"},\"thumbnailUrl\":\"https:\/\/espak.ee\/epood\/wp-content\/uploads\/Vivacolor-7.jpg\",\"datePublished\":\"2019-09-23T23:31:06+00:00\",\"dateModified\":\"2024-03-22T22:14:53+00:00\",\"breadcrumb\":{\"@id\":\"https:\/\/espak.ee\/epood\/toode\/pestav-matt-seinavarv-vivacolor-7-a-18l\/#breadcrumb\"},\"inLanguage\":\"et\",\"potentialAction\":[{\"@type\":\"ReadAction\",\"target\":[\"https:\/\/espak.ee\/epood\/toode\/pestav-matt-seinavarv-vivacolor-7-a-18l\/\"]}]},{\"@type\":\"ImageObject\",\"inLanguage\":\"et\",\"@id\":\"https:\/\/espak.ee\/epood\/toode\/pestav-matt-seinavarv-vivacolor-7-a-18l\/#primaryimage\",\"url\":\"https:\/\/espak.ee\/epood\/wp-content\/uploads\/Vivacolor-7.jpg\",\"contentUrl\":\"https:\/\/espak.ee\/epood\/wp-content\/uploads\/Vivacolor-7.jpg\",\"width\":2048,\"height\":2048},{\"@type\":\"BreadcrumbList\",\"@id\":\"https:\/\/espak.ee\/epood\/toode\/pestav-matt-seinavarv-vivacolor-7-a-18l\/#breadcrumb\",\"itemListElement\":[{\"@type\":\"ListItem\",\"position\":1,\"name\":\"Home\",\"item\":\"https:\/\/espak.ee\/epood\/\"},{\"@type\":\"ListItem\",\"position\":2,\"name\":\"Tootevalik\",\"item\":\"https:\/\/espak.ee\/epood\/tootevalik\/\"},{\"@type\":\"ListItem\",\"position\":3,\"name\":\"MATT SEINAV\u00c4RV VIVACOLOR 7 A 18L\"}]},{\"@type\":\"WebSite\",\"@id\":\"https:\/\/espak.ee\/epood\/#website\",\"url\":\"https:\/\/espak.ee\/epood\/\",\"name\":\"Espak E-pood\",\"description\":\"\",\"potentialAction\":[{\"@type\":\"SearchAction\",\"target\":{\"@type\":\"EntryPoint\",\"urlTemplate\":\"https:\/\/espak.ee\/epood\/?s={search_term_string}\"},\"query-input\":{\"@type\":\"PropertyValueSpecification\",\"valueRequired\":true,\"valueName\":\"search_term_string\"}}],\"inLanguage\":\"et\"}]}<\/script>\n<!-- \/ Yoast SEO plugin. -->","yoast_head_json":{"title":"MATT SEINAV\u00c4RV VIVACOLOR 7 A 18L - Espak E-pood","robots":{"index":"index","follow":"follow","max-snippet":"max-snippet:-1","max-image-preview":"max-image-preview:large","max-video-preview":"max-video-preview:-1"},"canonical":"https:\/\/espak.ee\/epood\/toode\/pestav-matt-seinavarv-vivacolor-7-a-18l\/","og_locale":"et_EE","og_type":"article","og_title":"MATT SEINAV\u00c4RV VIVACOLOR 7 A 18L - Espak E-pood","og_url":"https:\/\/espak.ee\/epood\/toode\/pestav-matt-seinavarv-vivacolor-7-a-18l\/","og_site_name":"Espak E-pood","article_modified_time":"2024-03-22T22:14:53+00:00","og_image":[{"width":2048,"height":2048,"url":"https:\/\/espak.ee\/epood\/wp-content\/uploads\/Vivacolor-7.jpg","type":"image\/jpeg"}],"twitter_card":"summary_large_image","twitter_misc":{"Est. reading time":"1 minut"},"schema":{"@context":"https:\/\/schema.org","@graph":[{"@type":"WebPage","@id":"https:\/\/espak.ee\/epood\/toode\/pestav-matt-seinavarv-vivacolor-7-a-18l\/","url":"https:\/\/espak.ee\/epood\/toode\/pestav-matt-seinavarv-vivacolor-7-a-18l\/","name":"MATT SEINAV\u00c4RV VIVACOLOR 7 A 18L - Espak E-pood","isPartOf":{"@id":"https:\/\/espak.ee\/epood\/#website"},"primaryImageOfPage":{"@id":"https:\/\/espak.ee\/epood\/toode\/pestav-matt-seinavarv-vivacolor-7-a-18l\/#primaryimage"},"image":{"@id":"https:\/\/espak.ee\/epood\/toode\/pestav-matt-seinavarv-vivacolor-7-a-18l\/#primaryimage"},"thumbnailUrl":"https:\/\/espak.ee\/epood\/wp-content\/uploads\/Vivacolor-7.jpg","datePublished":"2019-09-23T23:31:06+00:00","dateModified":"2024-03-22T22:14:53+00:00","breadcrumb":{"@id":"https:\/\/espak.ee\/epood\/toode\/pestav-matt-seinavarv-vivacolor-7-a-18l\/#breadcrumb"},"inLanguage":"et","potentialAction":[{"@type":"ReadAction","target":["https:\/\/espak.ee\/epood\/toode\/pestav-matt-seinavarv-vivacolor-7-a-18l\/"]}]},{"@type":"ImageObject","inLanguage":"et","@id":"https:\/\/espak.ee\/epood\/toode\/pestav-matt-seinavarv-vivacolor-7-a-18l\/#primaryimage","url":"https:\/\/espak.ee\/epood\/wp-content\/uploads\/Vivacolor-7.jpg","contentUrl":"https:\/\/espak.ee\/epood\/wp-content\/uploads\/Vivacolor-7.jpg","width":2048,"height":2048},{"@type":"BreadcrumbList","@id":"https:\/\/espak.ee\/epood\/toode\/pestav-matt-seinavarv-vivacolor-7-a-18l\/#breadcrumb","itemListElement":[{"@type":"ListItem","position":1,"name":"Home","item":"https:\/\/espak.ee\/epood\/"},{"@type":"ListItem","position":2,"name":"Tootevalik","item":"https:\/\/espak.ee\/epood\/tootevalik\/"},{"@type":"ListItem","position":3,"name":"MATT SEINAV\u00c4RV VIVACOLOR 7 A 18L"}]},{"@type":"WebSite","@id":"https:\/\/espak.ee\/epood\/#website","url":"https:\/\/espak.ee\/epood\/","name":"Espak E-pood","description":"","potentialAction":[{"@type":"SearchAction","target":{"@type":"EntryPoint","urlTemplate":"https:\/\/espak.ee\/epood\/?s={search_term_string}"},"query-input":{"@type":"PropertyValueSpecification","valueRequired":true,"valueName":"search_term_string"}}],"inLanguage":"et"}]}},"_links":{"self":[{"href":"https:\/\/espak.ee\/epood\/wp-json\/wp\/v2\/product\/9224","targetHints":{"allow":["GET"]}}],"collection":[{"href":"https:\/\/espak.ee\/epood\/wp-json\/wp\/v2\/product"}],"about":[{"href":"https:\/\/espak.ee\/epood\/wp-json\/wp\/v2\/types\/product"}],"replies":[{"embeddable":true,"href":"https:\/\/espak.ee\/epood\/wp-json\/wp\/v2\/comments?post=9224"}],"wp:featuredmedia":[{"embeddable":true,"href":"https:\/\/espak.ee\/epood\/wp-json\/wp\/v2\/media\/9299"}],"wp:attachment":[{"href":"https:\/\/espak.ee\/epood\/wp-json\/wp\/v2\/media?parent=9224"}],"wp:term":[{"taxonomy":"product_brand","embeddable":true,"href":"https:\/\/espak.ee\/epood\/wp-json\/wp\/v2\/product_brand?post=9224"},{"taxonomy":"product_cat","embeddable":true,"href":"https:\/\/espak.ee\/epood\/wp-json\/wp\/v2\/product_cat?post=9224"},{"taxonomy":"product_tag","embeddable":true,"href":"https:\/\/espak.ee\/epood\/wp-json\/wp\/v2\/product_tag?post=9224"}],"curies":[{"name":"wp","href":"https:\/\/api.w.org\/{rel}","templated":true}]}}