{"id":90832,"date":"2021-08-14T04:27:20","date_gmt":"2021-08-14T04:27:20","guid":{"rendered":"https:\/\/espak.ee\/epood\/?post_type=product&#038;p=90832"},"modified":"2026-03-21T09:18:10","modified_gmt":"2026-03-21T07:18:10","slug":"sisevarv-easycare-woodmetal-07l","status":"publish","type":"product","link":"https:\/\/espak.ee\/epood\/toode\/sisevarv-easycare-woodmetal-07l\/","title":{"rendered":"SISEV\u00c4RV EASYCARE WOOD&#038;METAL 0,7L"},"content":{"rendered":"<div class=\"row\"  id=\"row-1573526646\">\n\n\t<div id=\"col-111900435\" class=\"col medium-9 small-12 large-9\"  >\n\t\t\t\t<div class=\"col-inner\"  >\n\t\t\t\n\t\t\t\n<h2>Sisev\u00e4rv EasyCare Wood &#038; Metal 0,7L<\/h2>\n<p>Matt veep\u00f5hine alk\u00fc\u00fcdv\u00e4rv, kuivab kiiresti ja seda on kerge pinnale kanda. Toode sobib m\u00f6\u00f6bli, uste, akende, radiaatorite ning muude puidust ja metallist pindade v\u00e4rvimiseks nii siseruumides kui ka \u00f5ues. Sobib eelnevalt \u00f5liv\u00e4rviga kaetud pindade \u00fcle v\u00e4rvimiseks.V\u00e4rvkate on kriimustuskindel (katsetatud standardi EVS-EN ISO 1518-1:2011 j\u00e4rgi) ja kulumiskindel. V\u00e4rvitud pinda on hiljem kerge hooldada. Erinevalt lahustip\u00f5histest alk\u00fc\u00fcdv\u00e4rvidest ei kollastu veep\u00f5hine v\u00e4rv EasyCare Wood &#038; Metal aja m\u00f6\u00f6dudes, vaid s\u00e4ilitab oma esialgse tooni. Toode sobib lastem\u00f6\u00f6bli ja m\u00e4nguasjade v\u00e4rvimiseks (katsetatud standardi EN 71:3:2013 j\u00e4rgi).<\/p>\n<div class=\"message-box relative\" style=\"padding-top:15px;padding-bottom:15px;\"><div class=\"message-box-bg-image bg-fill fill\" ><\/div><div class=\"message-box-bg-overlay bg-fill fill\" ><\/div><div class=\"container relative\"><div class=\"inner last-reset\">\n<div class=\"row align-middle align-center\"  id=\"row-1221211606\">\n\n\t<div id=\"col-1272850583\" class=\"col small-12 large-12\"  >\n\t\t\t\t<div class=\"col-inner text-left\"  >\n\t\t\t\n\t\t\t\n<h4>Omadused<\/h4>\n<div class=\"row\"  id=\"row-1022976557\">\n\n\t<div id=\"col-196013734\" class=\"col medium-6 small-12 large-6\"  >\n\t\t\t\t<div class=\"col-inner\"  >\n\t\t\t\n\t\t\t\n<p><i class=\"fa fa-paint-roller fa-2x\"><\/i> <strong>Katvus<\/strong> 8 m\u00b2\/L<\/p>\n\t\t<\/div>\n\t\t\t\t\n<style>\n#col-196013734 > .col-inner {\n  margin: 10px 0px 15px 0px;\n}\n<\/style>\n\t<\/div>\n\n\t\n\n\t<div id=\"col-1178255877\" class=\"col medium-6 small-12 large-6\"  >\n\t\t\t\t<div class=\"col-inner\"  >\n\t\t\t\n\t\t\t\n<p><i class=\"fa fa-clock-four fa-2x\"><\/i> <strong>Kuivamisaeg<\/strong> Tolmukuiv 2-3h<\/p>\n\t\t<\/div>\n\t\t\t\t\n<style>\n#col-1178255877 > .col-inner {\n  margin: 10px 0px 15px 0px;\n}\n<\/style>\n\t<\/div>\n\n\t\n<\/div>\n<div class=\"is-divider divider clearfix\" style=\"margin-top:20px;margin-bottom:20px;max-width:100%;height:2px;background-color:rgb(1, 27, 70);\"><\/div>\n<div class=\"row\"  id=\"row-880079967\">\n\n\t<div id=\"col-26359282\" class=\"col medium-6 small-12 large-6\"  >\n\t\t\t\t<div class=\"col-inner\"  >\n\t\t\t\n\t\t\t\n<p><i class=\"fa fa-check fa-2x\"><\/i> <strong>Sobib lastem\u00f6\u00f6bli ja m\u00e4nguasjade v\u00e4rvimiseks<\/strong><\/p>\n<p><i class=\"fa fa-check fa-2x\"><\/i> <strong>Puit- ja metallpindadele <\/strong><\/p>\n\t\t<\/div>\n\t\t\t\t\n<style>\n#col-26359282 > .col-inner {\n  margin: 0px 0px 15px 0px;\n}\n<\/style>\n\t<\/div>\n\n\t\n\n\t<div id=\"col-36801931\" class=\"col medium-6 small-12 large-6\"  >\n\t\t\t\t<div class=\"col-inner\"  >\n\t\t\t\n\t\t\t\n<p><i class=\"fa fa-check fa-2x\"><\/i> <strong>Veep\u00f5hine<\/strong><\/p>\n<p><i class=\"fa fa-check fa-2x\"><\/i> <strong>Kriimustuskindel tehnoloogia Scratch Resist technology<\/strong><\/p>\n\t\t<\/div>\n\t\t\t\t\n<style>\n#col-36801931 > .col-inner {\n  margin: 0px 0px 15px 0px;\n}\n<\/style>\n\t<\/div>\n\n\t\n<\/div>\n\t\t<\/div>\n\t\t\t\t\t<\/div>\n\n\t\n<\/div>\n<\/div><\/div><\/div>\n\t<div id=\"gap-1582236445\" class=\"gap-element clearfix\" style=\"display:block; height:auto;\">\n\t\t\n<style>\n#gap-1582236445 {\n  padding-top: 30px;\n}\n<\/style>\n\t<\/div>\n\t\n<p><strong>Kihtide arv:<\/strong> 2<\/p>\n<h3>Kasutamise \u00fcksikasjad<\/h3>\n<p>Segage v\u00e4rv enne kasutust h\u00e4sti l\u00e4bi. Kandke v\u00e4rv EasyCare Wood &#038; Metal pinnale uuele pinnale 2 v\u00e4rvikihti, krunditud v\u00f5i varem v\u00e4rvitud pinnale 1\u20132 kihti. V\u00e4rv EasyCare Wood &#038; Metal on kasutamiseks valmis.<\/p>\n<p>Aluspind peab olema kuiv, puhas, rasva- ja tolmuvaba. Puhastage pind leige v\u00f5i sooja veega. V\u00e4ga m\u00e4\u00e4rdunud pinnal kasutage spetsiaalset pesuvahendit. Eemaldage vana koorunud v\u00e4rv ja n\u00f5rgalt nakkuvad pinnakihid, kuni saavutate kindla aluspinna. Eemaldage metallpindadelt hoolikalt rooste ja lihvige puitpindade teravad servad \u00fcmaraks. Parema nakkuvuse saavutamiseks karestage varem \u00f5li- v\u00f5i alk\u00fc\u00fcdv\u00e4rviga kaetud pind liivapaberiga.<\/p>\n<p><strong>Puhastmine:<\/strong> Eemalda t\u00f6\u00f6vahenditelt liigne v\u00e4rv koheselt peale v\u00e4rvimise l\u00f5petamist, pese veega.<\/p>\n<p><strong>Tervishoiu- ja ohutusn\u00f5uded:<\/strong> T\u00f6\u00f6 l\u00f5ppedes sulgeda hoolikalt v\u00e4rvin\u00f5u. Enne t\u00f6\u00f6vahendi puhastamist eemaldada liigne v\u00e4rv. Toodet mitte valada kanalisatsiooni v\u00f5i veekogusse. Vedelad v\u00e4rvij\u00e4\u00e4gid toimetada kahjulike ainete kogumiskohta, j\u00e4\u00e4tmek\u00e4itlusesse suunata ainult t\u00e4ielikult t\u00fchjendatud n\u00f5ud.<\/p>\n\t\t<\/div>\n\t\t\t\t\t<\/div>\n\n\t\n\n\t<div id=\"col-1631807235\" class=\"col medium-3 small-12 large-3\"  >\n\t\t\t\t<div class=\"col-inner\"  >\n\t\t\t\n\t\t\t\n\t<div id=\"gap-647279616\" class=\"gap-element clearfix\" style=\"display:block; height:auto;\">\n\t\t\n<style>\n#gap-647279616 {\n  padding-top: 30px;\n}\n<\/style>\n\t<\/div>\n\t\n<h3>Tehniline informatsioon<\/h3>\n<p><a href=\"https:\/\/espak.ee\/epood\/wp-content\/uploads\/2021\/08\/easycare_woodmetal_tds_est.pdf\"target=\"_blank\" rel=\"noopener noreferrer\"><i class=\"far fa-file-pdf\"><\/i> Tehniline info (PDF)<\/a><\/p>\n<h3>Ohutusalane teave<\/h3>\n<p><a href=\"https:\/\/espak.ee\/epood\/wp-content\/uploads\/2021\/08\/easycare_wood_metal_msds_et_2021.pdf\"target=\"_blank\" rel=\"noopener noreferrer\"><i class=\"far fa-file-pdf\"><\/i> Ohutusalane teave (PDF)<\/a><\/p>\n<div class=\"is-divider divider clearfix\" ><\/div>\n<p><strong>\u00dcksikasjalikuma n\u00f5u saamiseks v\u00f5tke \u00fchendust:<br \/><\/strong>Akzo Nobel Baltics, R. Tobiase 8, 10147 Tallinn, Telefon: + 372 6305 299<\/p>\n<div class=\"is-divider divider clearfix\" ><\/div>\n<h3>Sadolin Visualizer<\/h3>\n<div class=\"video video-fit mb\" style=\"padding-top:56.25%;\"><div style=\"width: 640px;\" class=\"wp-video\"><video class=\"wp-video-shortcode\" id=\"video-90832-1\" width=\"640\" height=\"360\" preload=\"metadata\" controls=\"controls\"><source type=\"video\/mp4\" src=\"https:\/\/espak.ee\/epood\/wp-content\/uploads\/Sadolin-Visualizer.mp4?_=1\" \/><a href=\"https:\/\/espak.ee\/epood\/wp-content\/uploads\/Sadolin-Visualizer.mp4\">https:\/\/espak.ee\/epood\/wp-content\/uploads\/Sadolin-Visualizer.mp4<\/a><\/video><\/div>\n<\/div>\n\t\t<\/div>\n\t\t\t\t\t<\/div>\n\n\t\n<\/div>\n","protected":false},"excerpt":{"rendered":"","protected":false},"featured_media":104020,"comment_status":"closed","ping_status":"closed","template":"","meta":[],"product_brand":[],"product_cat":[2689,2685,2684,2683],"product_tag":[],"class_list":{"0":"post-90832","1":"product","2":"type-product","3":"status-publish","4":"has-post-thumbnail","6":"product_cat-sisevarvid","7":"product_cat-varvid","8":"product_cat-varvid-lakid-lahustid-puidukaitsed-olid","9":"product_cat-viimistluskaubad","10":"product_shipping_class-dpd-cold","11":"pa_kaubamark-akzo-nobel-baltics-as","13":"first","14":"instock","15":"sale","16":"taxable","17":"shipping-taxable","18":"purchasable","19":"product-type-simple"},"yoast_head":"<!-- This site is optimized with the Yoast SEO plugin v26.9 - https:\/\/yoast.com\/product\/yoast-seo-wordpress\/ -->\n<title>SISEV\u00c4RV EASYCARE WOOD&amp;METAL 0,7L - Espak E-pood<\/title>\n<meta name=\"robots\" content=\"index, follow, max-snippet:-1, max-image-preview:large, max-video-preview:-1\" \/>\n<link rel=\"canonical\" href=\"https:\/\/espak.ee\/epood\/toode\/sisevarv-easycare-woodmetal-07l\/\" \/>\n<meta property=\"og:locale\" content=\"et_EE\" \/>\n<meta property=\"og:type\" content=\"article\" \/>\n<meta property=\"og:title\" content=\"SISEV\u00c4RV EASYCARE WOOD&amp;METAL 0,7L - Espak E-pood\" \/>\n<meta property=\"og:url\" content=\"https:\/\/espak.ee\/epood\/toode\/sisevarv-easycare-woodmetal-07l\/\" \/>\n<meta property=\"og:site_name\" content=\"Espak E-pood\" \/>\n<meta property=\"article:modified_time\" content=\"2026-03-21T07:18:10+00:00\" \/>\n<meta property=\"og:image\" content=\"https:\/\/espak.ee\/epood\/wp-content\/uploads\/2021\/08\/SADOLIN-EASY-CARE-WOODMETAL-0.7L-002.jpg\" \/>\n\t<meta property=\"og:image:width\" content=\"1000\" \/>\n\t<meta property=\"og:image:height\" content=\"1000\" \/>\n\t<meta property=\"og:image:type\" content=\"image\/jpeg\" \/>\n<meta name=\"twitter:card\" content=\"summary_large_image\" \/>\n<meta name=\"twitter:label1\" content=\"Est. reading time\" \/>\n\t<meta name=\"twitter:data1\" content=\"2 minutit\" \/>\n<script type=\"application\/ld+json\" class=\"yoast-schema-graph\">{\"@context\":\"https:\/\/schema.org\",\"@graph\":[{\"@type\":\"WebPage\",\"@id\":\"https:\/\/espak.ee\/epood\/toode\/sisevarv-easycare-woodmetal-07l\/\",\"url\":\"https:\/\/espak.ee\/epood\/toode\/sisevarv-easycare-woodmetal-07l\/\",\"name\":\"SISEV\u00c4RV EASYCARE WOOD&METAL 0,7L - Espak E-pood\",\"isPartOf\":{\"@id\":\"https:\/\/espak.ee\/epood\/#website\"},\"primaryImageOfPage\":{\"@id\":\"https:\/\/espak.ee\/epood\/toode\/sisevarv-easycare-woodmetal-07l\/#primaryimage\"},\"image\":{\"@id\":\"https:\/\/espak.ee\/epood\/toode\/sisevarv-easycare-woodmetal-07l\/#primaryimage\"},\"thumbnailUrl\":\"https:\/\/espak.ee\/epood\/wp-content\/uploads\/2021\/08\/SADOLIN-EASY-CARE-WOODMETAL-0.7L-002.jpg\",\"datePublished\":\"2021-08-14T04:27:20+00:00\",\"dateModified\":\"2026-03-21T07:18:10+00:00\",\"breadcrumb\":{\"@id\":\"https:\/\/espak.ee\/epood\/toode\/sisevarv-easycare-woodmetal-07l\/#breadcrumb\"},\"inLanguage\":\"et\",\"potentialAction\":[{\"@type\":\"ReadAction\",\"target\":[\"https:\/\/espak.ee\/epood\/toode\/sisevarv-easycare-woodmetal-07l\/\"]}]},{\"@type\":\"ImageObject\",\"inLanguage\":\"et\",\"@id\":\"https:\/\/espak.ee\/epood\/toode\/sisevarv-easycare-woodmetal-07l\/#primaryimage\",\"url\":\"https:\/\/espak.ee\/epood\/wp-content\/uploads\/2021\/08\/SADOLIN-EASY-CARE-WOODMETAL-0.7L-002.jpg\",\"contentUrl\":\"https:\/\/espak.ee\/epood\/wp-content\/uploads\/2021\/08\/SADOLIN-EASY-CARE-WOODMETAL-0.7L-002.jpg\",\"width\":1000,\"height\":1000},{\"@type\":\"BreadcrumbList\",\"@id\":\"https:\/\/espak.ee\/epood\/toode\/sisevarv-easycare-woodmetal-07l\/#breadcrumb\",\"itemListElement\":[{\"@type\":\"ListItem\",\"position\":1,\"name\":\"Home\",\"item\":\"https:\/\/espak.ee\/epood\/\"},{\"@type\":\"ListItem\",\"position\":2,\"name\":\"Tootevalik\",\"item\":\"https:\/\/espak.ee\/epood\/tootevalik\/\"},{\"@type\":\"ListItem\",\"position\":3,\"name\":\"SISEV\u00c4RV EASYCARE WOOD&#038;METAL 0,7L\"}]},{\"@type\":\"WebSite\",\"@id\":\"https:\/\/espak.ee\/epood\/#website\",\"url\":\"https:\/\/espak.ee\/epood\/\",\"name\":\"Espak E-pood\",\"description\":\"\",\"potentialAction\":[{\"@type\":\"SearchAction\",\"target\":{\"@type\":\"EntryPoint\",\"urlTemplate\":\"https:\/\/espak.ee\/epood\/?s={search_term_string}\"},\"query-input\":{\"@type\":\"PropertyValueSpecification\",\"valueRequired\":true,\"valueName\":\"search_term_string\"}}],\"inLanguage\":\"et\"}]}<\/script>\n<!-- \/ Yoast SEO plugin. -->","yoast_head_json":{"title":"SISEV\u00c4RV EASYCARE WOOD&METAL 0,7L - Espak E-pood","robots":{"index":"index","follow":"follow","max-snippet":"max-snippet:-1","max-image-preview":"max-image-preview:large","max-video-preview":"max-video-preview:-1"},"canonical":"https:\/\/espak.ee\/epood\/toode\/sisevarv-easycare-woodmetal-07l\/","og_locale":"et_EE","og_type":"article","og_title":"SISEV\u00c4RV EASYCARE WOOD&METAL 0,7L - Espak E-pood","og_url":"https:\/\/espak.ee\/epood\/toode\/sisevarv-easycare-woodmetal-07l\/","og_site_name":"Espak E-pood","article_modified_time":"2026-03-21T07:18:10+00:00","og_image":[{"width":1000,"height":1000,"url":"https:\/\/espak.ee\/epood\/wp-content\/uploads\/2021\/08\/SADOLIN-EASY-CARE-WOODMETAL-0.7L-002.jpg","type":"image\/jpeg"}],"twitter_card":"summary_large_image","twitter_misc":{"Est. reading time":"2 minutit"},"schema":{"@context":"https:\/\/schema.org","@graph":[{"@type":"WebPage","@id":"https:\/\/espak.ee\/epood\/toode\/sisevarv-easycare-woodmetal-07l\/","url":"https:\/\/espak.ee\/epood\/toode\/sisevarv-easycare-woodmetal-07l\/","name":"SISEV\u00c4RV EASYCARE WOOD&METAL 0,7L - Espak E-pood","isPartOf":{"@id":"https:\/\/espak.ee\/epood\/#website"},"primaryImageOfPage":{"@id":"https:\/\/espak.ee\/epood\/toode\/sisevarv-easycare-woodmetal-07l\/#primaryimage"},"image":{"@id":"https:\/\/espak.ee\/epood\/toode\/sisevarv-easycare-woodmetal-07l\/#primaryimage"},"thumbnailUrl":"https:\/\/espak.ee\/epood\/wp-content\/uploads\/2021\/08\/SADOLIN-EASY-CARE-WOODMETAL-0.7L-002.jpg","datePublished":"2021-08-14T04:27:20+00:00","dateModified":"2026-03-21T07:18:10+00:00","breadcrumb":{"@id":"https:\/\/espak.ee\/epood\/toode\/sisevarv-easycare-woodmetal-07l\/#breadcrumb"},"inLanguage":"et","potentialAction":[{"@type":"ReadAction","target":["https:\/\/espak.ee\/epood\/toode\/sisevarv-easycare-woodmetal-07l\/"]}]},{"@type":"ImageObject","inLanguage":"et","@id":"https:\/\/espak.ee\/epood\/toode\/sisevarv-easycare-woodmetal-07l\/#primaryimage","url":"https:\/\/espak.ee\/epood\/wp-content\/uploads\/2021\/08\/SADOLIN-EASY-CARE-WOODMETAL-0.7L-002.jpg","contentUrl":"https:\/\/espak.ee\/epood\/wp-content\/uploads\/2021\/08\/SADOLIN-EASY-CARE-WOODMETAL-0.7L-002.jpg","width":1000,"height":1000},{"@type":"BreadcrumbList","@id":"https:\/\/espak.ee\/epood\/toode\/sisevarv-easycare-woodmetal-07l\/#breadcrumb","itemListElement":[{"@type":"ListItem","position":1,"name":"Home","item":"https:\/\/espak.ee\/epood\/"},{"@type":"ListItem","position":2,"name":"Tootevalik","item":"https:\/\/espak.ee\/epood\/tootevalik\/"},{"@type":"ListItem","position":3,"name":"SISEV\u00c4RV EASYCARE WOOD&#038;METAL 0,7L"}]},{"@type":"WebSite","@id":"https:\/\/espak.ee\/epood\/#website","url":"https:\/\/espak.ee\/epood\/","name":"Espak E-pood","description":"","potentialAction":[{"@type":"SearchAction","target":{"@type":"EntryPoint","urlTemplate":"https:\/\/espak.ee\/epood\/?s={search_term_string}"},"query-input":{"@type":"PropertyValueSpecification","valueRequired":true,"valueName":"search_term_string"}}],"inLanguage":"et"}]}},"_links":{"self":[{"href":"https:\/\/espak.ee\/epood\/wp-json\/wp\/v2\/product\/90832","targetHints":{"allow":["GET"]}}],"collection":[{"href":"https:\/\/espak.ee\/epood\/wp-json\/wp\/v2\/product"}],"about":[{"href":"https:\/\/espak.ee\/epood\/wp-json\/wp\/v2\/types\/product"}],"replies":[{"embeddable":true,"href":"https:\/\/espak.ee\/epood\/wp-json\/wp\/v2\/comments?post=90832"}],"wp:featuredmedia":[{"embeddable":true,"href":"https:\/\/espak.ee\/epood\/wp-json\/wp\/v2\/media\/104020"}],"wp:attachment":[{"href":"https:\/\/espak.ee\/epood\/wp-json\/wp\/v2\/media?parent=90832"}],"wp:term":[{"taxonomy":"product_brand","embeddable":true,"href":"https:\/\/espak.ee\/epood\/wp-json\/wp\/v2\/product_brand?post=90832"},{"taxonomy":"product_cat","embeddable":true,"href":"https:\/\/espak.ee\/epood\/wp-json\/wp\/v2\/product_cat?post=90832"},{"taxonomy":"product_tag","embeddable":true,"href":"https:\/\/espak.ee\/epood\/wp-json\/wp\/v2\/product_tag?post=90832"}],"curies":[{"name":"wp","href":"https:\/\/api.w.org\/{rel}","templated":true}]}}