{"id":8916,"date":"2019-09-20T02:22:07","date_gmt":"2019-09-19T23:22:07","guid":{"rendered":"https:\/\/espak.ee\/hinnakiri\/?post_type=product&#038;p=8916"},"modified":"2026-03-21T09:45:54","modified_gmt":"2026-03-21T07:45:54","slug":"kruntvarv-luja-27l","status":"publish","type":"product","link":"https:\/\/espak.ee\/epood\/toode\/kruntvarv-luja-27l\/","title":{"rendered":"KRUNTV\u00c4RV LUJA 2,7L"},"content":{"rendered":"<div class=\"row\"  id=\"row-1385642803\">\n\n\t<div id=\"col-755496286\" class=\"col medium-9 small-12 large-9\"  >\n\t\t\t\t<div class=\"col-inner\"  >\n\t\t\t\n\t\t\t\n<h2>Luja &#8211; niiskuskindel kruntv\u00e4rv<\/h2>\n<p>Akr\u00fclaatv\u00e4rv. Sisaldab hallitusvastaseid aineid, mis kaitsevad v\u00e4rvipinda.<\/p>\n<p><strong>Kasutusobjektid:<\/strong> Seina- ja laepinnad siseruumides. Sobib Luja pinnav\u00e4rvide ning Tikkurila ja Vivacolor siseakr\u00fclaatv\u00e4rvide kruntv\u00e4rviks. Samuti tapeetide alla. <\/p>\n<div class=\"message-box relative\" style=\"padding-top:15px;padding-bottom:15px;\"><div class=\"message-box-bg-image bg-fill fill\" ><\/div><div class=\"message-box-bg-overlay bg-fill fill\" ><\/div><div class=\"container relative\"><div class=\"inner last-reset\">\n<div class=\"row align-middle align-center\"  id=\"row-1068178718\">\n\n\t<div id=\"col-1183200826\" class=\"col small-12 large-12\"  >\n\t\t\t\t<div class=\"col-inner text-left\"  >\n\t\t\t\n\t\t\t\n<h4>Omadused<\/h4>\n<div class=\"row\"  id=\"row-1080423935\">\n\n\t<div id=\"col-744014063\" class=\"col medium-6 small-12 large-6\"  >\n\t\t\t\t<div class=\"col-inner\"  >\n\t\t\t\n\t\t\t\n<p><i class=\"fa fa-check fa-2x\"><\/i> <strong>Kulu (1x)<\/strong> 7-10 m\u00b2\/L<\/p>\n\t\t<\/div>\n\t\t\t\t\n<style>\n#col-744014063 > .col-inner {\n  margin: 10px 0px 15px 0px;\n}\n<\/style>\n\t<\/div>\n\n\t\n\n\t<div id=\"col-592831907\" class=\"col medium-6 small-12 large-6\"  >\n\t\t\t\t<div class=\"col-inner\"  >\n\t\t\t\n\t\t\t\n<p><i class=\"fa fa-clock-four fa-2x\"><\/i> <strong>Kuivamisaeg<\/strong> 0,5-2 h<\/p>\n\t\t<\/div>\n\t\t\t\t\n<style>\n#col-592831907 > .col-inner {\n  margin: 10px 0px 15px 0px;\n}\n<\/style>\n\t<\/div>\n\n\t\n<\/div>\n\t\t<\/div>\n\t\t\t\t\t<\/div>\n\n\t\n<\/div>\n<\/div><\/div><\/div>\n\t<div id=\"gap-628462333\" class=\"gap-element clearfix\" style=\"display:block; height:auto;\">\n\t\t\n<style>\n#gap-628462333 {\n  padding-top: 30px;\n}\n<\/style>\n\t<\/div>\n\t\n<p><strong>Sobivus:<\/strong> Betoon-, krohv-, pahteldatud, tellis- ja papp-pindade ning ka puitlaast-, kips- ja puitkiudpindade kruntimiseks. Sobib nii uutele kui ka varem v\u00e4rvitud pindadele. Nakkub h\u00e4sti ka varem v\u00e4rvitud puhtale lateks-, alk\u00fc\u00fcd-, epoks\u00fc\u00fcd- ja katal\u00fc\u00fctv\u00e4rvi pindadele.<\/p>\n\t\t<\/div>\n\t\t\t\t\t<\/div>\n\n\t\n\n\t<div id=\"col-1457998441\" class=\"col medium-3 small-12 large-3\"  >\n\t\t\t\t<div class=\"col-inner\"  >\n\t\t\t\n\t\t\t\n\t<div id=\"gap-946183366\" class=\"gap-element clearfix\" style=\"display:block; height:auto;\">\n\t\t\n<style>\n#gap-946183366 {\n  padding-top: 30px;\n}\n<\/style>\n\t<\/div>\n\t\n<h3>Tehniline informatsioon<\/h3>\n<p><a href=\"https:\/\/espak.ee\/epood\/wp-content\/uploads\/luja-tooteleht.pdf\" target=\"_blank\" rel=\"noopener noreferrer\"><i class=\"far fa-file-pdf\"><\/i> Tehniline info (PDF)<\/a><\/p>\n<h3>Ohutusalane teave<\/h3>\n<p><a href=\"https:\/\/espak.ee\/epood\/wp-content\/uploads\/luja-ohutuskaart.pdf\" target=\"_blank\" rel=\"noopener noreferrer\"><i class=\"far fa-file-pdf\"><\/i> Ohutusalane teave (PDF)<\/a><\/p>\n<div class=\"is-divider divider clearfix\" ><\/div>\n<h3>K\u00fcsi v\u00e4rvimisalast n\u00f5u:<\/h3>\n<p><a href=\"https:\/\/www.tikkurila.ee\/\" target=\"_blank\" rel=\"noopener noreferrer\"><img decoding=\"async\" class=\"alignnone size-full\" src=\"https:\/\/espak.ee\/epood\/wp-content\/uploads\/2023\/05\/TIK_Color_Line_EST2022_vert_BG_turqoise.jpg\" alt=\"\" width=\"158\" height=\"234\" \/><\/a><\/p>\n\t\t<\/div>\n\t\t\t\t\t<\/div>\n\n\t\n<\/div>\n","protected":false},"excerpt":{"rendered":"","protected":false},"featured_media":202286,"comment_status":"closed","ping_status":"closed","template":"","meta":[],"product_brand":[],"product_cat":[2689,2685,2684,2683],"product_tag":[],"class_list":{"0":"post-8916","1":"product","2":"type-product","3":"status-publish","4":"has-post-thumbnail","6":"product_cat-sisevarvid","7":"product_cat-varvid","8":"product_cat-varvid-lakid-lahustid-puidukaitsed-olid","9":"product_cat-viimistluskaubad","10":"product_shipping_class-dpd-cold","11":"pa_kaubamark-tikkurila","13":"first","14":"instock","15":"sale","16":"taxable","17":"shipping-taxable","18":"purchasable","19":"product-type-simple"},"yoast_head":"<!-- This site is optimized with the Yoast SEO plugin v26.9 - https:\/\/yoast.com\/product\/yoast-seo-wordpress\/ -->\n<title>KRUNTV\u00c4RV LUJA 2,7L - Espak E-pood<\/title>\n<meta name=\"robots\" content=\"index, follow, max-snippet:-1, max-image-preview:large, max-video-preview:-1\" \/>\n<link rel=\"canonical\" href=\"https:\/\/espak.ee\/epood\/toode\/kruntvarv-luja-27l\/\" \/>\n<meta property=\"og:locale\" content=\"et_EE\" \/>\n<meta property=\"og:type\" content=\"article\" \/>\n<meta property=\"og:title\" content=\"KRUNTV\u00c4RV LUJA 2,7L - Espak E-pood\" \/>\n<meta property=\"og:url\" content=\"https:\/\/espak.ee\/epood\/toode\/kruntvarv-luja-27l\/\" \/>\n<meta property=\"og:site_name\" content=\"Espak E-pood\" \/>\n<meta property=\"article:modified_time\" content=\"2026-03-21T07:45:54+00:00\" \/>\n<meta property=\"og:image\" content=\"https:\/\/espak.ee\/epood\/wp-content\/uploads\/2019\/09\/tikkurila_luja_yleispohjamaali_27L.jpg\" \/>\n\t<meta property=\"og:image:width\" content=\"1600\" \/>\n\t<meta property=\"og:image:height\" content=\"1600\" \/>\n\t<meta property=\"og:image:type\" content=\"image\/jpeg\" \/>\n<meta name=\"twitter:card\" content=\"summary_large_image\" \/>\n<meta name=\"twitter:label1\" content=\"Est. reading time\" \/>\n\t<meta name=\"twitter:data1\" content=\"1 minut\" \/>\n<script type=\"application\/ld+json\" class=\"yoast-schema-graph\">{\"@context\":\"https:\/\/schema.org\",\"@graph\":[{\"@type\":\"WebPage\",\"@id\":\"https:\/\/espak.ee\/epood\/toode\/kruntvarv-luja-27l\/\",\"url\":\"https:\/\/espak.ee\/epood\/toode\/kruntvarv-luja-27l\/\",\"name\":\"KRUNTV\u00c4RV LUJA 2,7L - Espak E-pood\",\"isPartOf\":{\"@id\":\"https:\/\/espak.ee\/epood\/#website\"},\"primaryImageOfPage\":{\"@id\":\"https:\/\/espak.ee\/epood\/toode\/kruntvarv-luja-27l\/#primaryimage\"},\"image\":{\"@id\":\"https:\/\/espak.ee\/epood\/toode\/kruntvarv-luja-27l\/#primaryimage\"},\"thumbnailUrl\":\"https:\/\/espak.ee\/epood\/wp-content\/uploads\/2019\/09\/tikkurila_luja_yleispohjamaali_27L.jpg\",\"datePublished\":\"2019-09-19T23:22:07+00:00\",\"dateModified\":\"2026-03-21T07:45:54+00:00\",\"breadcrumb\":{\"@id\":\"https:\/\/espak.ee\/epood\/toode\/kruntvarv-luja-27l\/#breadcrumb\"},\"inLanguage\":\"et\",\"potentialAction\":[{\"@type\":\"ReadAction\",\"target\":[\"https:\/\/espak.ee\/epood\/toode\/kruntvarv-luja-27l\/\"]}]},{\"@type\":\"ImageObject\",\"inLanguage\":\"et\",\"@id\":\"https:\/\/espak.ee\/epood\/toode\/kruntvarv-luja-27l\/#primaryimage\",\"url\":\"https:\/\/espak.ee\/epood\/wp-content\/uploads\/2019\/09\/tikkurila_luja_yleispohjamaali_27L.jpg\",\"contentUrl\":\"https:\/\/espak.ee\/epood\/wp-content\/uploads\/2019\/09\/tikkurila_luja_yleispohjamaali_27L.jpg\",\"width\":1600,\"height\":1600},{\"@type\":\"BreadcrumbList\",\"@id\":\"https:\/\/espak.ee\/epood\/toode\/kruntvarv-luja-27l\/#breadcrumb\",\"itemListElement\":[{\"@type\":\"ListItem\",\"position\":1,\"name\":\"Home\",\"item\":\"https:\/\/espak.ee\/epood\/\"},{\"@type\":\"ListItem\",\"position\":2,\"name\":\"Tootevalik\",\"item\":\"https:\/\/espak.ee\/epood\/tootevalik\/\"},{\"@type\":\"ListItem\",\"position\":3,\"name\":\"KRUNTV\u00c4RV LUJA 2,7L\"}]},{\"@type\":\"WebSite\",\"@id\":\"https:\/\/espak.ee\/epood\/#website\",\"url\":\"https:\/\/espak.ee\/epood\/\",\"name\":\"Espak E-pood\",\"description\":\"\",\"potentialAction\":[{\"@type\":\"SearchAction\",\"target\":{\"@type\":\"EntryPoint\",\"urlTemplate\":\"https:\/\/espak.ee\/epood\/?s={search_term_string}\"},\"query-input\":{\"@type\":\"PropertyValueSpecification\",\"valueRequired\":true,\"valueName\":\"search_term_string\"}}],\"inLanguage\":\"et\"}]}<\/script>\n<!-- \/ Yoast SEO plugin. -->","yoast_head_json":{"title":"KRUNTV\u00c4RV LUJA 2,7L - Espak E-pood","robots":{"index":"index","follow":"follow","max-snippet":"max-snippet:-1","max-image-preview":"max-image-preview:large","max-video-preview":"max-video-preview:-1"},"canonical":"https:\/\/espak.ee\/epood\/toode\/kruntvarv-luja-27l\/","og_locale":"et_EE","og_type":"article","og_title":"KRUNTV\u00c4RV LUJA 2,7L - Espak E-pood","og_url":"https:\/\/espak.ee\/epood\/toode\/kruntvarv-luja-27l\/","og_site_name":"Espak E-pood","article_modified_time":"2026-03-21T07:45:54+00:00","og_image":[{"width":1600,"height":1600,"url":"https:\/\/espak.ee\/epood\/wp-content\/uploads\/2019\/09\/tikkurila_luja_yleispohjamaali_27L.jpg","type":"image\/jpeg"}],"twitter_card":"summary_large_image","twitter_misc":{"Est. reading time":"1 minut"},"schema":{"@context":"https:\/\/schema.org","@graph":[{"@type":"WebPage","@id":"https:\/\/espak.ee\/epood\/toode\/kruntvarv-luja-27l\/","url":"https:\/\/espak.ee\/epood\/toode\/kruntvarv-luja-27l\/","name":"KRUNTV\u00c4RV LUJA 2,7L - Espak E-pood","isPartOf":{"@id":"https:\/\/espak.ee\/epood\/#website"},"primaryImageOfPage":{"@id":"https:\/\/espak.ee\/epood\/toode\/kruntvarv-luja-27l\/#primaryimage"},"image":{"@id":"https:\/\/espak.ee\/epood\/toode\/kruntvarv-luja-27l\/#primaryimage"},"thumbnailUrl":"https:\/\/espak.ee\/epood\/wp-content\/uploads\/2019\/09\/tikkurila_luja_yleispohjamaali_27L.jpg","datePublished":"2019-09-19T23:22:07+00:00","dateModified":"2026-03-21T07:45:54+00:00","breadcrumb":{"@id":"https:\/\/espak.ee\/epood\/toode\/kruntvarv-luja-27l\/#breadcrumb"},"inLanguage":"et","potentialAction":[{"@type":"ReadAction","target":["https:\/\/espak.ee\/epood\/toode\/kruntvarv-luja-27l\/"]}]},{"@type":"ImageObject","inLanguage":"et","@id":"https:\/\/espak.ee\/epood\/toode\/kruntvarv-luja-27l\/#primaryimage","url":"https:\/\/espak.ee\/epood\/wp-content\/uploads\/2019\/09\/tikkurila_luja_yleispohjamaali_27L.jpg","contentUrl":"https:\/\/espak.ee\/epood\/wp-content\/uploads\/2019\/09\/tikkurila_luja_yleispohjamaali_27L.jpg","width":1600,"height":1600},{"@type":"BreadcrumbList","@id":"https:\/\/espak.ee\/epood\/toode\/kruntvarv-luja-27l\/#breadcrumb","itemListElement":[{"@type":"ListItem","position":1,"name":"Home","item":"https:\/\/espak.ee\/epood\/"},{"@type":"ListItem","position":2,"name":"Tootevalik","item":"https:\/\/espak.ee\/epood\/tootevalik\/"},{"@type":"ListItem","position":3,"name":"KRUNTV\u00c4RV LUJA 2,7L"}]},{"@type":"WebSite","@id":"https:\/\/espak.ee\/epood\/#website","url":"https:\/\/espak.ee\/epood\/","name":"Espak E-pood","description":"","potentialAction":[{"@type":"SearchAction","target":{"@type":"EntryPoint","urlTemplate":"https:\/\/espak.ee\/epood\/?s={search_term_string}"},"query-input":{"@type":"PropertyValueSpecification","valueRequired":true,"valueName":"search_term_string"}}],"inLanguage":"et"}]}},"_links":{"self":[{"href":"https:\/\/espak.ee\/epood\/wp-json\/wp\/v2\/product\/8916","targetHints":{"allow":["GET"]}}],"collection":[{"href":"https:\/\/espak.ee\/epood\/wp-json\/wp\/v2\/product"}],"about":[{"href":"https:\/\/espak.ee\/epood\/wp-json\/wp\/v2\/types\/product"}],"replies":[{"embeddable":true,"href":"https:\/\/espak.ee\/epood\/wp-json\/wp\/v2\/comments?post=8916"}],"wp:featuredmedia":[{"embeddable":true,"href":"https:\/\/espak.ee\/epood\/wp-json\/wp\/v2\/media\/202286"}],"wp:attachment":[{"href":"https:\/\/espak.ee\/epood\/wp-json\/wp\/v2\/media?parent=8916"}],"wp:term":[{"taxonomy":"product_brand","embeddable":true,"href":"https:\/\/espak.ee\/epood\/wp-json\/wp\/v2\/product_brand?post=8916"},{"taxonomy":"product_cat","embeddable":true,"href":"https:\/\/espak.ee\/epood\/wp-json\/wp\/v2\/product_cat?post=8916"},{"taxonomy":"product_tag","embeddable":true,"href":"https:\/\/espak.ee\/epood\/wp-json\/wp\/v2\/product_tag?post=8916"}],"curies":[{"name":"wp","href":"https:\/\/api.w.org\/{rel}","templated":true}]}}