{"id":88278,"date":"2021-07-01T23:15:40","date_gmt":"2021-07-01T23:15:40","guid":{"rendered":"https:\/\/espak.ee\/epood\/?post_type=product&#038;p=88278"},"modified":"2026-03-21T10:12:27","modified_gmt":"2026-03-21T08:12:27","slug":"tooniv-olivaha-labipaistev-3130-tolmuhall-5ml","status":"publish","type":"product","link":"https:\/\/espak.ee\/epood\/toode\/tooniv-olivaha-labipaistev-3130-tolmuhall-5ml\/","title":{"rendered":"TOONIV \u00d5LIVAHA, L\u00c4BIPAISTEV 3130 TOLMUHALL 5ML"},"content":{"rendered":"<div class=\"row\"  id=\"row-1873163515\">\n\n\t<div id=\"col-787945269\" class=\"col medium-9 small-12 large-9\"  >\n\t\t\t\t<div class=\"col-inner\"  >\n\t\t\t\n\t\t\t\n<h2>Tooniv \u00f5livaha, l\u00e4bipaistev 3130 tolmuhall Osmo<\/h2>\n<p>L\u00e4bipaistev viimistlusvahend, mis \u00fchendab endas looduslikke \u00f5lisid ja vahasid. Osmo Tooniv \u00f5livahaga viimistletud pind on mustust ja vetth\u00fclgav, tugev ning kulumiskindel, pinda siluv.  Puidus\u00fc\u00fc j\u00e4\u00e4b n\u00e4htavaks. V\u00f5rreldes tavap\u00e4raste viimistlusvahenditega, loovad taimsed koostisosad \u00fchtlasema ja harmoonilisema v\u00e4limuse. Lihtne peale kanda, kruntimine ja lihvimine pole vajalik \u2013 see s\u00e4\u00e4stab aega ja raha.<br \/>\nOsmo tooniv \u00f5livaha sobib puidust interj\u00f6\u00f6ri kaunistamiseks ning kaitseks: seinapaneelid, liistud, talad, uksed. See sobib ka liimpuitkilpidele, puitlaastplaatidele ja MDF\u00b4le. Ideaalne kasutada esimese kihina puitp\u00f5randatel. Soovitame v\u00e4ga m\u00f6\u00f6bli ja laste m\u00e4nguasjade viimistlemiseks.<\/p>\n\t<div id=\"gap-1207332119\" class=\"gap-element clearfix\" style=\"display:block; height:auto;\">\n\t\t\n<style>\n#gap-1207332119 {\n  padding-top: 30px;\n}\n<\/style>\n\t<\/div>\n\t\n<h3>Kasutamise \u00fcksikasjad<\/h3>\n<p><strong>Pealekandmine:<\/strong> Kanda puhtale ja kuivale pinnale \u00f5huke ja \u00fchtlane kiht piki puidus\u00fc\u00fcd h\u00f5\u00f5rudes, kasutades Osmo naturaalsete harjastega pintslit v\u00f5i mikrokiust rulli. Kergelt toonitud efekti saavutamiseks kanda \u00f5livaha puidu pinnale \u00fchtlase \u00f5hukese kihina puuvillase lapiga ning 20 minuti jooksul h\u00f5\u00f5ruda pind \u00fchtlaseks.  Tagage kuivamise ajal hea ventilatsioon.<br \/>\nM\u00e4rkus: Suuremate pindade puhul v\u00f5ib toodet peale kanda roostevaba metallist \u00f5lilabidaga ja seej\u00e4rel poleerida poleermasinaga, kasutades valget poleervilti.<br \/>\nOluline: P\u00f5randatele soovitame max. 1 \u00f5huke kiht toonivat \u00f5livaha ja pealmine 1 kiht v\u00e4rvitut Osmo Polyx\u00ae Original \u00f5livaha. Valgeks toonitud p\u00f5randate puhul pealmine kiht valge pigmendiga Osmo Polyx\u00ae toonitud \u00f5livaha 3040.<\/p>\n<p><strong>Katvus:<\/strong> 1 L \u2013 24 m2 \u00fcks kiht.<br \/>\nToote kulu s\u00f5ltub oluliselt puidu liigist. Kogu informatsioon on antud sileda ja h\u00f6\u00f6veldatud\/lihvitud pindade jaoks. S\u00f5ltuvalt puidu liigist ja selle looduslikest omadustest v\u00f5ivad l\u00f5pptulemused erineda.<\/p>\n<p><strong>Kuivamisaeg:<\/strong> Kuivamisaeg ligikaudu 24 tundi (23\u00b0C\/50% \u00f5huniiskust). Madalam temperatuur ja\/v\u00f5i k\u00f5rgem \u00f5huniiskus pikendavad kuivamisaega. Tagage kuivamise ajal hea ventilatsioon.<\/p>\n\t\t<\/div>\n\t\t\t\t\t<\/div>\n\n\t\n\n\t<div id=\"col-1111393799\" class=\"col medium-3 small-12 large-3\"  >\n\t\t\t\t<div class=\"col-inner\"  >\n\t\t\t\n\t\t\t\n\t<div id=\"gap-1885244732\" class=\"gap-element clearfix\" style=\"display:block; height:auto;\">\n\t\t\n<style>\n#gap-1885244732 {\n  padding-top: 30px;\n}\n<\/style>\n\t<\/div>\n\t\n<h3>Tehniline informatsioon<\/h3>\n<p><a href=\"https:\/\/espak.ee\/epood\/wp-content\/uploads\/Tooteinfo_-_Tooniv_olivaha_labip.kattev_1.pdf\" target=\"_blank\" rel=\"noopener noreferrer\"><i class=\"far fa-file-pdf\"><\/i> Tehniline info (PDF)<\/a><\/p>\n<div class=\"is-divider divider clearfix\" ><\/div>\n<p><strong>\u00dcksikasjalikuma n\u00f5u saamiseks v\u00f5tke \u00fchendust:<br \/><\/strong>Osmo Baltic O\u00dc<br \/>L\u00e4ike p\u00f5ik 3<br \/>75312<br \/>Peetri alevik, Rae vald<br \/>+372 6 827917<\/p>\n<div class=\"is-divider divider clearfix\" ><\/div>\n\t\t<\/div>\n\t\t\t\t\t<\/div>\n\n\t\n<\/div>\n","protected":false},"excerpt":{"rendered":"","protected":false},"featured_media":65799,"comment_status":"closed","ping_status":"closed","template":"","meta":[],"product_brand":[],"product_cat":[2693,2829,2684,2683],"product_tag":[],"class_list":{"0":"post-88278","1":"product","2":"type-product","3":"status-publish","4":"has-post-thumbnail","6":"product_cat-lakid-peitsid-olid-puidukaitse","7":"product_cat-olid-sisepindadele","8":"product_cat-varvid-lakid-lahustid-puidukaitsed-olid","9":"product_cat-viimistluskaubad","10":"product_shipping_class-dpd-cold","11":"pa_kaubamark-osmo-baltic-ou","13":"first","14":"instock","15":"sale","16":"taxable","17":"shipping-taxable","18":"purchasable","19":"product-type-simple"},"yoast_head":"<!-- This site is optimized with the Yoast SEO plugin v26.9 - https:\/\/yoast.com\/product\/yoast-seo-wordpress\/ -->\n<title>TOONIV \u00d5LIVAHA, L\u00c4BIPAISTEV 3130 TOLMUHALL 5ML - Espak E-pood<\/title>\n<meta name=\"robots\" content=\"index, follow, max-snippet:-1, max-image-preview:large, max-video-preview:-1\" \/>\n<link rel=\"canonical\" href=\"https:\/\/espak.ee\/epood\/toode\/tooniv-olivaha-labipaistev-3130-tolmuhall-5ml\/\" \/>\n<meta property=\"og:locale\" content=\"et_EE\" \/>\n<meta property=\"og:type\" content=\"article\" \/>\n<meta property=\"og:title\" content=\"TOONIV \u00d5LIVAHA, L\u00c4BIPAISTEV 3130 TOLMUHALL 5ML - Espak E-pood\" \/>\n<meta property=\"og:url\" content=\"https:\/\/espak.ee\/epood\/toode\/tooniv-olivaha-labipaistev-3130-tolmuhall-5ml\/\" \/>\n<meta property=\"og:site_name\" content=\"Espak E-pood\" \/>\n<meta property=\"article:modified_time\" content=\"2026-03-21T08:12:27+00:00\" \/>\n<meta property=\"og:image\" content=\"https:\/\/espak.ee\/epood\/wp-content\/uploads\/tester.jpg\" \/>\n\t<meta property=\"og:image:width\" content=\"600\" \/>\n\t<meta property=\"og:image:height\" content=\"600\" \/>\n\t<meta property=\"og:image:type\" content=\"image\/jpeg\" \/>\n<meta name=\"twitter:card\" content=\"summary_large_image\" \/>\n<meta name=\"twitter:label1\" content=\"Est. reading time\" \/>\n\t<meta name=\"twitter:data1\" content=\"2 minutit\" \/>\n<script type=\"application\/ld+json\" class=\"yoast-schema-graph\">{\"@context\":\"https:\/\/schema.org\",\"@graph\":[{\"@type\":\"WebPage\",\"@id\":\"https:\/\/espak.ee\/epood\/toode\/tooniv-olivaha-labipaistev-3130-tolmuhall-5ml\/\",\"url\":\"https:\/\/espak.ee\/epood\/toode\/tooniv-olivaha-labipaistev-3130-tolmuhall-5ml\/\",\"name\":\"TOONIV \u00d5LIVAHA, L\u00c4BIPAISTEV 3130 TOLMUHALL 5ML - Espak E-pood\",\"isPartOf\":{\"@id\":\"https:\/\/espak.ee\/epood\/#website\"},\"primaryImageOfPage\":{\"@id\":\"https:\/\/espak.ee\/epood\/toode\/tooniv-olivaha-labipaistev-3130-tolmuhall-5ml\/#primaryimage\"},\"image\":{\"@id\":\"https:\/\/espak.ee\/epood\/toode\/tooniv-olivaha-labipaistev-3130-tolmuhall-5ml\/#primaryimage\"},\"thumbnailUrl\":\"https:\/\/espak.ee\/epood\/wp-content\/uploads\/tester.jpg\",\"datePublished\":\"2021-07-01T23:15:40+00:00\",\"dateModified\":\"2026-03-21T08:12:27+00:00\",\"breadcrumb\":{\"@id\":\"https:\/\/espak.ee\/epood\/toode\/tooniv-olivaha-labipaistev-3130-tolmuhall-5ml\/#breadcrumb\"},\"inLanguage\":\"et\",\"potentialAction\":[{\"@type\":\"ReadAction\",\"target\":[\"https:\/\/espak.ee\/epood\/toode\/tooniv-olivaha-labipaistev-3130-tolmuhall-5ml\/\"]}]},{\"@type\":\"ImageObject\",\"inLanguage\":\"et\",\"@id\":\"https:\/\/espak.ee\/epood\/toode\/tooniv-olivaha-labipaistev-3130-tolmuhall-5ml\/#primaryimage\",\"url\":\"https:\/\/espak.ee\/epood\/wp-content\/uploads\/tester.jpg\",\"contentUrl\":\"https:\/\/espak.ee\/epood\/wp-content\/uploads\/tester.jpg\",\"width\":600,\"height\":600},{\"@type\":\"BreadcrumbList\",\"@id\":\"https:\/\/espak.ee\/epood\/toode\/tooniv-olivaha-labipaistev-3130-tolmuhall-5ml\/#breadcrumb\",\"itemListElement\":[{\"@type\":\"ListItem\",\"position\":1,\"name\":\"Home\",\"item\":\"https:\/\/espak.ee\/epood\/\"},{\"@type\":\"ListItem\",\"position\":2,\"name\":\"Tootevalik\",\"item\":\"https:\/\/espak.ee\/epood\/tootevalik\/\"},{\"@type\":\"ListItem\",\"position\":3,\"name\":\"TOONIV \u00d5LIVAHA, L\u00c4BIPAISTEV 3130 TOLMUHALL 5ML\"}]},{\"@type\":\"WebSite\",\"@id\":\"https:\/\/espak.ee\/epood\/#website\",\"url\":\"https:\/\/espak.ee\/epood\/\",\"name\":\"Espak E-pood\",\"description\":\"\",\"potentialAction\":[{\"@type\":\"SearchAction\",\"target\":{\"@type\":\"EntryPoint\",\"urlTemplate\":\"https:\/\/espak.ee\/epood\/?s={search_term_string}\"},\"query-input\":{\"@type\":\"PropertyValueSpecification\",\"valueRequired\":true,\"valueName\":\"search_term_string\"}}],\"inLanguage\":\"et\"}]}<\/script>\n<!-- \/ Yoast SEO plugin. -->","yoast_head_json":{"title":"TOONIV \u00d5LIVAHA, L\u00c4BIPAISTEV 3130 TOLMUHALL 5ML - Espak E-pood","robots":{"index":"index","follow":"follow","max-snippet":"max-snippet:-1","max-image-preview":"max-image-preview:large","max-video-preview":"max-video-preview:-1"},"canonical":"https:\/\/espak.ee\/epood\/toode\/tooniv-olivaha-labipaistev-3130-tolmuhall-5ml\/","og_locale":"et_EE","og_type":"article","og_title":"TOONIV \u00d5LIVAHA, L\u00c4BIPAISTEV 3130 TOLMUHALL 5ML - Espak E-pood","og_url":"https:\/\/espak.ee\/epood\/toode\/tooniv-olivaha-labipaistev-3130-tolmuhall-5ml\/","og_site_name":"Espak E-pood","article_modified_time":"2026-03-21T08:12:27+00:00","og_image":[{"width":600,"height":600,"url":"https:\/\/espak.ee\/epood\/wp-content\/uploads\/tester.jpg","type":"image\/jpeg"}],"twitter_card":"summary_large_image","twitter_misc":{"Est. reading time":"2 minutit"},"schema":{"@context":"https:\/\/schema.org","@graph":[{"@type":"WebPage","@id":"https:\/\/espak.ee\/epood\/toode\/tooniv-olivaha-labipaistev-3130-tolmuhall-5ml\/","url":"https:\/\/espak.ee\/epood\/toode\/tooniv-olivaha-labipaistev-3130-tolmuhall-5ml\/","name":"TOONIV \u00d5LIVAHA, L\u00c4BIPAISTEV 3130 TOLMUHALL 5ML - Espak E-pood","isPartOf":{"@id":"https:\/\/espak.ee\/epood\/#website"},"primaryImageOfPage":{"@id":"https:\/\/espak.ee\/epood\/toode\/tooniv-olivaha-labipaistev-3130-tolmuhall-5ml\/#primaryimage"},"image":{"@id":"https:\/\/espak.ee\/epood\/toode\/tooniv-olivaha-labipaistev-3130-tolmuhall-5ml\/#primaryimage"},"thumbnailUrl":"https:\/\/espak.ee\/epood\/wp-content\/uploads\/tester.jpg","datePublished":"2021-07-01T23:15:40+00:00","dateModified":"2026-03-21T08:12:27+00:00","breadcrumb":{"@id":"https:\/\/espak.ee\/epood\/toode\/tooniv-olivaha-labipaistev-3130-tolmuhall-5ml\/#breadcrumb"},"inLanguage":"et","potentialAction":[{"@type":"ReadAction","target":["https:\/\/espak.ee\/epood\/toode\/tooniv-olivaha-labipaistev-3130-tolmuhall-5ml\/"]}]},{"@type":"ImageObject","inLanguage":"et","@id":"https:\/\/espak.ee\/epood\/toode\/tooniv-olivaha-labipaistev-3130-tolmuhall-5ml\/#primaryimage","url":"https:\/\/espak.ee\/epood\/wp-content\/uploads\/tester.jpg","contentUrl":"https:\/\/espak.ee\/epood\/wp-content\/uploads\/tester.jpg","width":600,"height":600},{"@type":"BreadcrumbList","@id":"https:\/\/espak.ee\/epood\/toode\/tooniv-olivaha-labipaistev-3130-tolmuhall-5ml\/#breadcrumb","itemListElement":[{"@type":"ListItem","position":1,"name":"Home","item":"https:\/\/espak.ee\/epood\/"},{"@type":"ListItem","position":2,"name":"Tootevalik","item":"https:\/\/espak.ee\/epood\/tootevalik\/"},{"@type":"ListItem","position":3,"name":"TOONIV \u00d5LIVAHA, L\u00c4BIPAISTEV 3130 TOLMUHALL 5ML"}]},{"@type":"WebSite","@id":"https:\/\/espak.ee\/epood\/#website","url":"https:\/\/espak.ee\/epood\/","name":"Espak E-pood","description":"","potentialAction":[{"@type":"SearchAction","target":{"@type":"EntryPoint","urlTemplate":"https:\/\/espak.ee\/epood\/?s={search_term_string}"},"query-input":{"@type":"PropertyValueSpecification","valueRequired":true,"valueName":"search_term_string"}}],"inLanguage":"et"}]}},"_links":{"self":[{"href":"https:\/\/espak.ee\/epood\/wp-json\/wp\/v2\/product\/88278","targetHints":{"allow":["GET"]}}],"collection":[{"href":"https:\/\/espak.ee\/epood\/wp-json\/wp\/v2\/product"}],"about":[{"href":"https:\/\/espak.ee\/epood\/wp-json\/wp\/v2\/types\/product"}],"replies":[{"embeddable":true,"href":"https:\/\/espak.ee\/epood\/wp-json\/wp\/v2\/comments?post=88278"}],"wp:featuredmedia":[{"embeddable":true,"href":"https:\/\/espak.ee\/epood\/wp-json\/wp\/v2\/media\/65799"}],"wp:attachment":[{"href":"https:\/\/espak.ee\/epood\/wp-json\/wp\/v2\/media?parent=88278"}],"wp:term":[{"taxonomy":"product_brand","embeddable":true,"href":"https:\/\/espak.ee\/epood\/wp-json\/wp\/v2\/product_brand?post=88278"},{"taxonomy":"product_cat","embeddable":true,"href":"https:\/\/espak.ee\/epood\/wp-json\/wp\/v2\/product_cat?post=88278"},{"taxonomy":"product_tag","embeddable":true,"href":"https:\/\/espak.ee\/epood\/wp-json\/wp\/v2\/product_tag?post=88278"}],"curies":[{"name":"wp","href":"https:\/\/api.w.org\/{rel}","templated":true}]}}