{"id":88271,"date":"2021-07-01T22:27:03","date_gmt":"2021-07-01T22:27:03","guid":{"rendered":"https:\/\/espak.ee\/epood\/?post_type=product&#038;p=88271"},"modified":"2026-03-21T09:16:19","modified_gmt":"2026-03-21T07:16:19","slug":"puidukaitsevahend-4006-varvitu-075l","status":"publish","type":"product","link":"https:\/\/espak.ee\/epood\/toode\/puidukaitsevahend-4006-varvitu-075l\/","title":{"rendered":"PUIDUKAITSEVAHEND 4006 V\u00c4RVITU 0,75L"},"content":{"rendered":"<div class=\"row\"  id=\"row-111733426\">\n\n\t<div id=\"col-2125580157\" class=\"col medium-9 small-12 large-9\"  >\n\t\t\t\t<div class=\"col-inner\"  >\n\t\t\t\n\t\t\t\n<h2>Puidukaitsevahend 4006 v\u00e4rvitu Osmo<\/h2>\n<p>V\u00e4rvitu, naturaalsete \u00f5lide ja vahade baasil mikropoorne puiduimmutusvahend. Ei sisalda biotsiide. T\u00e4nu vetth\u00fclgavatele omadustele sobib ideaalselt puidule, mis asuvad niisketes ruumides ja on vastuv\u00f5tlikud sine tekkele.<\/p>\n<h3>Kasutamise \u00fcksikasjad<\/h3>\n<p><strong>Sobib kasutamiseks:<\/strong> Osmo puidukaitsevahend sobib k\u00f5ikidele puiduliikidele sisetingimustes, nt. puitp\u00f5rand, mis on tundlik seenekahjustusele (nt. m\u00e4nd), aknaraamid, puit vannitubades jne., samuti v\u00e4listingimustes, kus oleks vaja kasutada biotsiidivaba immutust, nt. laste m\u00e4nguasjad ja liivakastid.<\/p>\n<p><strong>Pealekandmine:<\/strong> Puhtale kuivale puidule kanda peale \u00fcks kiht naturaalsete harjastega pintsliga, mikrokiud rulliga v\u00f5i kastmismeetodil. V\u00f5imalusel katta puit k\u00f5igilt k\u00fclgedelt. Kastmismeetod: hoida immutusvahendis umbes 2 minutit. Tagada hea ventilatsioon. Viimistluskiht soovitav peale kanda 1 n\u00e4dala jooksul.<\/p>\n<p><strong>Kuivamisaeg:<\/strong> Pintsliga pealekandes \u2013 24 tundi; kastmismeetodil \u2013 36 tundi (23\u00b0C \/ 50% \u00f5huniiskus). Madalam temperatuur ja\/v\u00f5i k\u00f5rgem \u00f5huniiskus pikendavad kuivamisaega. Tagage hea ventilatsioon.<\/p>\n<p><strong>Katvus:<\/strong> 1L = 6 \u2013 8,4m\u00b2 \u00fcks kiht.<br \/>\nToote kulu s\u00f5ltub oluliselt puidu liigist. Kogu informatsioon on antud sileda ja h\u00f6\u00f6veldatud\/lihvitud pindade jaoks. S\u00f5ltuvalt puidu liigist ja selle looduslikest omadustest v\u00f5ivad l\u00f5pptulemused erineda.<\/p>\n<p><strong>M\u00e4rkus:<\/strong> \u00d5lid r\u00f5hutavad puidu tooni (p\u00fcsiv m\u00e4rg efekt). Osmo puidukaitsevahend ei ole m\u00f5eldud iseseisva viimistlusena. Osmo \u00f5li baasil viimistluskiht on soovitav peale kanda 1 n\u00e4dala jooksul.<br \/>\nKui kasutate Osmo puidukaitsevahendit krundina Osmo lahustivaba kaitsva puidu\u00f5li HS Plus alla, v\u00f5ivad t\u00e4nu selle toote k\u00f5rgele kuivaine sisaldusele ilmneda kohati l\u00e4ikivamad laigud. T\u00e4nu tugevalt vetth\u00fclgavale efektile ei soovitata viimistlusena kasutada veebaasilisi tooteid (nt. Osmo vee baasil vaha sisetingimustesse).<\/p>\n\t\t<\/div>\n\t\t\t\t\t<\/div>\n\n\t\n\n\t<div id=\"col-1623057004\" class=\"col medium-3 small-12 large-3\"  >\n\t\t\t\t<div class=\"col-inner\"  >\n\t\t\t\n\t\t\t\n<div class=\"is-divider divider clearfix\" ><\/div>\n<p><strong>\u00dcksikasjalikuma n\u00f5u saamiseks v\u00f5tke \u00fchendust:<br \/><\/strong>Osmo Baltic O\u00dc<br \/>L\u00e4ike p\u00f5ik 3<br \/>75312<br \/>Peetri alevik, Rae vald<br \/>+372 6 827917<\/p>\n<div class=\"is-divider divider clearfix\" ><\/div>\n\t\t<\/div>\n\t\t\t\t\t<\/div>\n\n\t\n<\/div>\n","protected":false},"excerpt":{"rendered":"","protected":false},"featured_media":219909,"comment_status":"closed","ping_status":"closed","template":"","meta":[],"product_brand":[],"product_cat":[2693,2829,2684,2683],"product_tag":[],"class_list":{"0":"post-88271","1":"product","2":"type-product","3":"status-publish","4":"has-post-thumbnail","6":"product_cat-lakid-peitsid-olid-puidukaitse","7":"product_cat-olid-sisepindadele","8":"product_cat-varvid-lakid-lahustid-puidukaitsed-olid","9":"product_cat-viimistluskaubad","10":"product_shipping_class-dpd-cold","11":"pa_kaubamark-osmo-baltic-ou","13":"first","14":"instock","15":"sale","16":"taxable","17":"shipping-taxable","18":"purchasable","19":"product-type-simple"},"yoast_head":"<!-- This site is optimized with the Yoast SEO plugin v26.9 - https:\/\/yoast.com\/product\/yoast-seo-wordpress\/ -->\n<title>PUIDUKAITSEVAHEND 4006 V\u00c4RVITU 0,75L - Espak E-pood<\/title>\n<meta name=\"robots\" content=\"index, follow, max-snippet:-1, max-image-preview:large, max-video-preview:-1\" \/>\n<link rel=\"canonical\" href=\"https:\/\/espak.ee\/epood\/toode\/puidukaitsevahend-4006-varvitu-075l\/\" \/>\n<meta property=\"og:locale\" content=\"et_EE\" \/>\n<meta property=\"og:type\" content=\"article\" \/>\n<meta property=\"og:title\" content=\"PUIDUKAITSEVAHEND 4006 V\u00c4RVITU 0,75L - Espak E-pood\" \/>\n<meta property=\"og:url\" content=\"https:\/\/espak.ee\/epood\/toode\/puidukaitsevahend-4006-varvitu-075l\/\" \/>\n<meta property=\"og:site_name\" content=\"Espak E-pood\" \/>\n<meta property=\"article:modified_time\" content=\"2026-03-21T07:16:19+00:00\" \/>\n<meta property=\"og:image\" content=\"https:\/\/espak.ee\/epood\/wp-content\/uploads\/2021\/07\/Tootepildid-19-scaled-1-scaled.jpg\" \/>\n\t<meta property=\"og:image:width\" content=\"2048\" \/>\n\t<meta property=\"og:image:height\" content=\"2048\" \/>\n\t<meta property=\"og:image:type\" content=\"image\/jpeg\" \/>\n<meta name=\"twitter:card\" content=\"summary_large_image\" \/>\n<meta name=\"twitter:label1\" content=\"Est. reading time\" \/>\n\t<meta name=\"twitter:data1\" content=\"1 minut\" \/>\n<script type=\"application\/ld+json\" class=\"yoast-schema-graph\">{\"@context\":\"https:\/\/schema.org\",\"@graph\":[{\"@type\":\"WebPage\",\"@id\":\"https:\/\/espak.ee\/epood\/toode\/puidukaitsevahend-4006-varvitu-075l\/\",\"url\":\"https:\/\/espak.ee\/epood\/toode\/puidukaitsevahend-4006-varvitu-075l\/\",\"name\":\"PUIDUKAITSEVAHEND 4006 V\u00c4RVITU 0,75L - Espak E-pood\",\"isPartOf\":{\"@id\":\"https:\/\/espak.ee\/epood\/#website\"},\"primaryImageOfPage\":{\"@id\":\"https:\/\/espak.ee\/epood\/toode\/puidukaitsevahend-4006-varvitu-075l\/#primaryimage\"},\"image\":{\"@id\":\"https:\/\/espak.ee\/epood\/toode\/puidukaitsevahend-4006-varvitu-075l\/#primaryimage\"},\"thumbnailUrl\":\"https:\/\/espak.ee\/epood\/wp-content\/uploads\/2021\/07\/Tootepildid-19-scaled-1-scaled.jpg\",\"datePublished\":\"2021-07-01T22:27:03+00:00\",\"dateModified\":\"2026-03-21T07:16:19+00:00\",\"breadcrumb\":{\"@id\":\"https:\/\/espak.ee\/epood\/toode\/puidukaitsevahend-4006-varvitu-075l\/#breadcrumb\"},\"inLanguage\":\"et\",\"potentialAction\":[{\"@type\":\"ReadAction\",\"target\":[\"https:\/\/espak.ee\/epood\/toode\/puidukaitsevahend-4006-varvitu-075l\/\"]}]},{\"@type\":\"ImageObject\",\"inLanguage\":\"et\",\"@id\":\"https:\/\/espak.ee\/epood\/toode\/puidukaitsevahend-4006-varvitu-075l\/#primaryimage\",\"url\":\"https:\/\/espak.ee\/epood\/wp-content\/uploads\/2021\/07\/Tootepildid-19-scaled-1-scaled.jpg\",\"contentUrl\":\"https:\/\/espak.ee\/epood\/wp-content\/uploads\/2021\/07\/Tootepildid-19-scaled-1-scaled.jpg\",\"width\":2048,\"height\":2048},{\"@type\":\"BreadcrumbList\",\"@id\":\"https:\/\/espak.ee\/epood\/toode\/puidukaitsevahend-4006-varvitu-075l\/#breadcrumb\",\"itemListElement\":[{\"@type\":\"ListItem\",\"position\":1,\"name\":\"Home\",\"item\":\"https:\/\/espak.ee\/epood\/\"},{\"@type\":\"ListItem\",\"position\":2,\"name\":\"Tootevalik\",\"item\":\"https:\/\/espak.ee\/epood\/tootevalik\/\"},{\"@type\":\"ListItem\",\"position\":3,\"name\":\"PUIDUKAITSEVAHEND 4006 V\u00c4RVITU 0,75L\"}]},{\"@type\":\"WebSite\",\"@id\":\"https:\/\/espak.ee\/epood\/#website\",\"url\":\"https:\/\/espak.ee\/epood\/\",\"name\":\"Espak E-pood\",\"description\":\"\",\"potentialAction\":[{\"@type\":\"SearchAction\",\"target\":{\"@type\":\"EntryPoint\",\"urlTemplate\":\"https:\/\/espak.ee\/epood\/?s={search_term_string}\"},\"query-input\":{\"@type\":\"PropertyValueSpecification\",\"valueRequired\":true,\"valueName\":\"search_term_string\"}}],\"inLanguage\":\"et\"}]}<\/script>\n<!-- \/ Yoast SEO plugin. -->","yoast_head_json":{"title":"PUIDUKAITSEVAHEND 4006 V\u00c4RVITU 0,75L - Espak E-pood","robots":{"index":"index","follow":"follow","max-snippet":"max-snippet:-1","max-image-preview":"max-image-preview:large","max-video-preview":"max-video-preview:-1"},"canonical":"https:\/\/espak.ee\/epood\/toode\/puidukaitsevahend-4006-varvitu-075l\/","og_locale":"et_EE","og_type":"article","og_title":"PUIDUKAITSEVAHEND 4006 V\u00c4RVITU 0,75L - Espak E-pood","og_url":"https:\/\/espak.ee\/epood\/toode\/puidukaitsevahend-4006-varvitu-075l\/","og_site_name":"Espak E-pood","article_modified_time":"2026-03-21T07:16:19+00:00","og_image":[{"width":2048,"height":2048,"url":"https:\/\/espak.ee\/epood\/wp-content\/uploads\/2021\/07\/Tootepildid-19-scaled-1-scaled.jpg","type":"image\/jpeg"}],"twitter_card":"summary_large_image","twitter_misc":{"Est. reading time":"1 minut"},"schema":{"@context":"https:\/\/schema.org","@graph":[{"@type":"WebPage","@id":"https:\/\/espak.ee\/epood\/toode\/puidukaitsevahend-4006-varvitu-075l\/","url":"https:\/\/espak.ee\/epood\/toode\/puidukaitsevahend-4006-varvitu-075l\/","name":"PUIDUKAITSEVAHEND 4006 V\u00c4RVITU 0,75L - Espak E-pood","isPartOf":{"@id":"https:\/\/espak.ee\/epood\/#website"},"primaryImageOfPage":{"@id":"https:\/\/espak.ee\/epood\/toode\/puidukaitsevahend-4006-varvitu-075l\/#primaryimage"},"image":{"@id":"https:\/\/espak.ee\/epood\/toode\/puidukaitsevahend-4006-varvitu-075l\/#primaryimage"},"thumbnailUrl":"https:\/\/espak.ee\/epood\/wp-content\/uploads\/2021\/07\/Tootepildid-19-scaled-1-scaled.jpg","datePublished":"2021-07-01T22:27:03+00:00","dateModified":"2026-03-21T07:16:19+00:00","breadcrumb":{"@id":"https:\/\/espak.ee\/epood\/toode\/puidukaitsevahend-4006-varvitu-075l\/#breadcrumb"},"inLanguage":"et","potentialAction":[{"@type":"ReadAction","target":["https:\/\/espak.ee\/epood\/toode\/puidukaitsevahend-4006-varvitu-075l\/"]}]},{"@type":"ImageObject","inLanguage":"et","@id":"https:\/\/espak.ee\/epood\/toode\/puidukaitsevahend-4006-varvitu-075l\/#primaryimage","url":"https:\/\/espak.ee\/epood\/wp-content\/uploads\/2021\/07\/Tootepildid-19-scaled-1-scaled.jpg","contentUrl":"https:\/\/espak.ee\/epood\/wp-content\/uploads\/2021\/07\/Tootepildid-19-scaled-1-scaled.jpg","width":2048,"height":2048},{"@type":"BreadcrumbList","@id":"https:\/\/espak.ee\/epood\/toode\/puidukaitsevahend-4006-varvitu-075l\/#breadcrumb","itemListElement":[{"@type":"ListItem","position":1,"name":"Home","item":"https:\/\/espak.ee\/epood\/"},{"@type":"ListItem","position":2,"name":"Tootevalik","item":"https:\/\/espak.ee\/epood\/tootevalik\/"},{"@type":"ListItem","position":3,"name":"PUIDUKAITSEVAHEND 4006 V\u00c4RVITU 0,75L"}]},{"@type":"WebSite","@id":"https:\/\/espak.ee\/epood\/#website","url":"https:\/\/espak.ee\/epood\/","name":"Espak E-pood","description":"","potentialAction":[{"@type":"SearchAction","target":{"@type":"EntryPoint","urlTemplate":"https:\/\/espak.ee\/epood\/?s={search_term_string}"},"query-input":{"@type":"PropertyValueSpecification","valueRequired":true,"valueName":"search_term_string"}}],"inLanguage":"et"}]}},"_links":{"self":[{"href":"https:\/\/espak.ee\/epood\/wp-json\/wp\/v2\/product\/88271","targetHints":{"allow":["GET"]}}],"collection":[{"href":"https:\/\/espak.ee\/epood\/wp-json\/wp\/v2\/product"}],"about":[{"href":"https:\/\/espak.ee\/epood\/wp-json\/wp\/v2\/types\/product"}],"replies":[{"embeddable":true,"href":"https:\/\/espak.ee\/epood\/wp-json\/wp\/v2\/comments?post=88271"}],"wp:featuredmedia":[{"embeddable":true,"href":"https:\/\/espak.ee\/epood\/wp-json\/wp\/v2\/media\/219909"}],"wp:attachment":[{"href":"https:\/\/espak.ee\/epood\/wp-json\/wp\/v2\/media?parent=88271"}],"wp:term":[{"taxonomy":"product_brand","embeddable":true,"href":"https:\/\/espak.ee\/epood\/wp-json\/wp\/v2\/product_brand?post=88271"},{"taxonomy":"product_cat","embeddable":true,"href":"https:\/\/espak.ee\/epood\/wp-json\/wp\/v2\/product_cat?post=88271"},{"taxonomy":"product_tag","embeddable":true,"href":"https:\/\/espak.ee\/epood\/wp-json\/wp\/v2\/product_tag?post=88271"}],"curies":[{"name":"wp","href":"https:\/\/api.w.org\/{rel}","templated":true}]}}