{"id":87830,"date":"2021-06-28T13:34:51","date_gmt":"2021-06-28T13:34:51","guid":{"rendered":"https:\/\/espak.ee\/epood\/?post_type=product&#038;p=87830"},"modified":"2025-08-26T12:22:26","modified_gmt":"2025-08-26T09:22:26","slug":"mineraalvillmatt-naturoll-pro-039-501200-1848m2","status":"publish","type":"product","link":"https:\/\/espak.ee\/epood\/toode\/mineraalvillmatt-naturoll-pro-039-501200-1848m2\/","title":{"rendered":"MINERAALVILLAMATT NATUROLL PRO 039 50*1200MM 18,48M2"},"content":{"rendered":"<div class=\"row\"  id=\"row-1571451073\">\n\n\t<div id=\"col-797267977\" class=\"col medium-9 small-12 large-9\"  >\n\t\t\t\t<div class=\"col-inner\"  >\n\t\t\t\n\t\t\t\n<h3>Mineraalvillamatt Naturoll PRO 039 2 x 7700 mm<\/h3>\n<p>ECOSE\u00ae tehnoloogia abil valmistatud mineraalvillamatid Naturoll Pro 039 on \u00fcldotstarbeline soojustusmaterjal. Need on ette n\u00e4htud kasutamiseks tuulutatava voodriga v\u00e4lisseinte, kergete metall- v\u00f5i puits\u00f5restikseinte, aga ka s\u00f5restikp\u00f5randate ning kaldkatuste soojus- ja m\u00fcraisolatsiooniks. Kergs\u00f5restikuga v\u00e4lisseinte soojustamisel peab soojustus olema ruumi pooltkaetud aurut\u00f5kkekilega, et kaitsta soojustust niiskuse veeldumise eest. Kergv\u00e4lisseinte v\u00f5i tuulutatava voodri korral on soovitatav katta soojustusplaat  tuulet\u00f5kkekihiga, et  kaitsta  soojustust  l\u00e4bipuhumise eest. Metallkilppaneelide korral toimib  aurut\u00f5kkena  seina  sisemine metallvooder. Materjali saab kasutada ka r\u00f5htsate struktuuride, n\u00e4iteks puidust s\u00f5restikp\u00f5randate ja ferm-v\u00f5i kergfermehitiste taladevahelisse ruumi paigaldatud soojus- ja m\u00fcraisolatsioonina. K\u00f5rge aurur\u00f5huga ruumide, n\u00e4iteks k\u00f5rge temperatuuri v\u00f5i suhtelise niiskusega ruumide kohal olevatesse p\u00f5randatesse paigaldamisel on vaja paigaldada aurut\u00f5kkekiht, mis kaitseb soojustust alalise niiskuse eest.<\/p>\n<div class=\"message-box relative\" style=\"padding-top:15px;padding-bottom:15px;\"><div class=\"message-box-bg-image bg-fill fill\" ><\/div><div class=\"message-box-bg-overlay bg-fill fill\" ><\/div><div class=\"container relative\"><div class=\"inner last-reset\">\n<div class=\"row align-middle align-center\"  id=\"row-980666646\">\n\n\t<div id=\"col-1211190035\" class=\"col small-12 large-12\"  >\n\t\t\t\t<div class=\"col-inner text-left\"  >\n\t\t\t\n\t\t\t\n<h4>Omadused<\/h4>\n<div class=\"row\"  id=\"row-1410541072\">\n\n\t<div id=\"col-384964386\" class=\"col medium-6 small-12 large-6\"  >\n\t\t\t\t<div class=\"col-inner\"  >\n\t\t\t\n\t\t\t\n<p><i class=\"fa fa-check fa-2x\"><\/i> <strong>Suurep\u00e4rased soojuse ja m\u00fcra isoleerimise omadused<\/strong><\/p>\n<p><i class=\"fa fa-check fa-2x\"><\/i> <strong>V\u00e4ga hea tulekindlus<\/strong><\/p>\n\t\t<\/div>\n\t\t\t\t\n<style>\n#col-384964386 > .col-inner {\n  margin: 0px 0px 15px 0px;\n}\n<\/style>\n\t<\/div>\n\n\t\n\n\t<div id=\"col-1365669217\" class=\"col medium-6 small-12 large-6\"  >\n\t\t\t\t<div class=\"col-inner\"  >\n\t\t\t\n\t\t\t\n<p><i class=\"fa fa-check fa-2x\"><\/i> <strong>Lihtne ja mugav paigaldus<\/strong><\/p>\n<p><i class=\"fa fa-check fa-2x\"><\/i> <strong>V\u00e4ga hea kujup\u00fcsivus<\/strong><\/p>\n\t\t<\/div>\n\t\t\t\t\n<style>\n#col-1365669217 > .col-inner {\n  margin: 0px 0px 15px 0px;\n}\n<\/style>\n\t<\/div>\n\n\t\n<\/div>\n\t\t<\/div>\n\t\t\t\t\t<\/div>\n\n\t\n<\/div>\n<\/div><\/div><\/div>\n\t<div id=\"gap-565729610\" class=\"gap-element clearfix\" style=\"display:block; height:auto;\">\n\t\t\n<style>\n#gap-565729610 {\n  padding-top: 30px;\n}\n<\/style>\n\t<\/div>\n\t\n\t\t<\/div>\n\t\t\t\t\t<\/div>\n\n\t\n\n\t<div id=\"col-1648171895\" class=\"col medium-3 small-12 large-3\"  >\n\t\t\t\t<div class=\"col-inner\"  >\n\t\t\t\n\t\t\t\n\t<div id=\"gap-119813809\" class=\"gap-element clearfix\" style=\"display:block; height:auto;\">\n\t\t\n<style>\n#gap-119813809 {\n  padding-top: 30px;\n}\n<\/style>\n\t<\/div>\n\t\n<h3>Tehniline informatsioon<\/h3>\n<p><a href=\"https:\/\/espak.ee\/epood\/wp-content\/uploads\/MINERAALVILLMATT-NATUROLL-PRO-039-tooteleht.pdf\" target=\"_blank\" rel=\"noopener noreferrer\"><i class=\"far fa-file-pdf\"><\/i> Tehniline info (PDF)<\/a><\/p>\n<div class=\"is-divider divider clearfix\" ><\/div>\n<p><strong>\u00dcksikasjalikuma n\u00f5u saamiseks v\u00f5tke \u00fchendust:<br \/><\/strong>Espak AS<br \/>Viadukti 42<br \/>11313<br \/>Tallinn<br \/>+372 6 512333<\/p>\n<div class=\"is-divider divider clearfix\" ><\/div>\n\t\t<\/div>\n\t\t\t\t\t<\/div>\n\n\t\n<\/div>\n","protected":false},"excerpt":{"rendered":"","protected":false},"featured_media":157657,"comment_status":"closed","ping_status":"closed","template":"","meta":[],"product_brand":[],"product_cat":[2718,3510,2697,3511],"product_tag":[],"class_list":{"0":"post-87830","1":"product","2":"type-product","3":"status-publish","4":"has-post-thumbnail","6":"product_cat-isolatsioonimaterjalid","7":"product_cat-klaasvill","8":"product_cat-uldehitus","9":"product_cat-uldotstarbeline-klaasvill","10":"pa_kaubamark-knauf-insulation","12":"first","13":"instock","14":"sale","15":"taxable","16":"shipping-taxable","17":"purchasable","18":"product-type-simple"},"yoast_head":"<!-- This site is optimized with the Yoast SEO plugin v26.9 - https:\/\/yoast.com\/product\/yoast-seo-wordpress\/ -->\n<title>MINERAALVILLAMATT NATUROLL PRO 039 50*1200MM 18,48M2 - Espak E-pood<\/title>\n<meta name=\"robots\" content=\"index, follow, max-snippet:-1, max-image-preview:large, max-video-preview:-1\" \/>\n<link rel=\"canonical\" href=\"https:\/\/espak.ee\/epood\/toode\/mineraalvillmatt-naturoll-pro-039-501200-1848m2\/\" \/>\n<meta property=\"og:locale\" content=\"et_EE\" \/>\n<meta property=\"og:type\" content=\"article\" \/>\n<meta property=\"og:title\" content=\"MINERAALVILLAMATT NATUROLL PRO 039 50*1200MM 18,48M2 - Espak E-pood\" \/>\n<meta property=\"og:url\" content=\"https:\/\/espak.ee\/epood\/toode\/mineraalvillmatt-naturoll-pro-039-501200-1848m2\/\" \/>\n<meta property=\"og:site_name\" content=\"Espak E-pood\" \/>\n<meta property=\"article:modified_time\" content=\"2025-08-26T09:22:26+00:00\" \/>\n<meta property=\"og:image\" content=\"https:\/\/espak.ee\/epood\/wp-content\/uploads\/2021\/06\/NATUROLL-PRO-web.jpg\" \/>\n\t<meta property=\"og:image:width\" content=\"1000\" \/>\n\t<meta property=\"og:image:height\" content=\"1000\" \/>\n\t<meta property=\"og:image:type\" content=\"image\/jpeg\" \/>\n<meta name=\"twitter:card\" content=\"summary_large_image\" \/>\n<meta name=\"twitter:label1\" content=\"Est. reading time\" \/>\n\t<meta name=\"twitter:data1\" content=\"1 minut\" \/>\n<script type=\"application\/ld+json\" class=\"yoast-schema-graph\">{\"@context\":\"https:\/\/schema.org\",\"@graph\":[{\"@type\":\"WebPage\",\"@id\":\"https:\/\/espak.ee\/epood\/toode\/mineraalvillmatt-naturoll-pro-039-501200-1848m2\/\",\"url\":\"https:\/\/espak.ee\/epood\/toode\/mineraalvillmatt-naturoll-pro-039-501200-1848m2\/\",\"name\":\"MINERAALVILLAMATT NATUROLL PRO 039 50*1200MM 18,48M2 - Espak E-pood\",\"isPartOf\":{\"@id\":\"https:\/\/espak.ee\/epood\/#website\"},\"primaryImageOfPage\":{\"@id\":\"https:\/\/espak.ee\/epood\/toode\/mineraalvillmatt-naturoll-pro-039-501200-1848m2\/#primaryimage\"},\"image\":{\"@id\":\"https:\/\/espak.ee\/epood\/toode\/mineraalvillmatt-naturoll-pro-039-501200-1848m2\/#primaryimage\"},\"thumbnailUrl\":\"https:\/\/espak.ee\/epood\/wp-content\/uploads\/2021\/06\/NATUROLL-PRO-web.jpg\",\"datePublished\":\"2021-06-28T13:34:51+00:00\",\"dateModified\":\"2025-08-26T09:22:26+00:00\",\"breadcrumb\":{\"@id\":\"https:\/\/espak.ee\/epood\/toode\/mineraalvillmatt-naturoll-pro-039-501200-1848m2\/#breadcrumb\"},\"inLanguage\":\"et\",\"potentialAction\":[{\"@type\":\"ReadAction\",\"target\":[\"https:\/\/espak.ee\/epood\/toode\/mineraalvillmatt-naturoll-pro-039-501200-1848m2\/\"]}]},{\"@type\":\"ImageObject\",\"inLanguage\":\"et\",\"@id\":\"https:\/\/espak.ee\/epood\/toode\/mineraalvillmatt-naturoll-pro-039-501200-1848m2\/#primaryimage\",\"url\":\"https:\/\/espak.ee\/epood\/wp-content\/uploads\/2021\/06\/NATUROLL-PRO-web.jpg\",\"contentUrl\":\"https:\/\/espak.ee\/epood\/wp-content\/uploads\/2021\/06\/NATUROLL-PRO-web.jpg\",\"width\":1000,\"height\":1000,\"caption\":\"NATUROLL PRO\"},{\"@type\":\"BreadcrumbList\",\"@id\":\"https:\/\/espak.ee\/epood\/toode\/mineraalvillmatt-naturoll-pro-039-501200-1848m2\/#breadcrumb\",\"itemListElement\":[{\"@type\":\"ListItem\",\"position\":1,\"name\":\"Home\",\"item\":\"https:\/\/espak.ee\/epood\/\"},{\"@type\":\"ListItem\",\"position\":2,\"name\":\"Tootevalik\",\"item\":\"https:\/\/espak.ee\/epood\/tootevalik\/\"},{\"@type\":\"ListItem\",\"position\":3,\"name\":\"MINERAALVILLAMATT NATUROLL PRO 039 50*1200MM 18,48M2\"}]},{\"@type\":\"WebSite\",\"@id\":\"https:\/\/espak.ee\/epood\/#website\",\"url\":\"https:\/\/espak.ee\/epood\/\",\"name\":\"Espak E-pood\",\"description\":\"\",\"potentialAction\":[{\"@type\":\"SearchAction\",\"target\":{\"@type\":\"EntryPoint\",\"urlTemplate\":\"https:\/\/espak.ee\/epood\/?s={search_term_string}\"},\"query-input\":{\"@type\":\"PropertyValueSpecification\",\"valueRequired\":true,\"valueName\":\"search_term_string\"}}],\"inLanguage\":\"et\"}]}<\/script>\n<!-- \/ Yoast SEO plugin. -->","yoast_head_json":{"title":"MINERAALVILLAMATT NATUROLL PRO 039 50*1200MM 18,48M2 - Espak E-pood","robots":{"index":"index","follow":"follow","max-snippet":"max-snippet:-1","max-image-preview":"max-image-preview:large","max-video-preview":"max-video-preview:-1"},"canonical":"https:\/\/espak.ee\/epood\/toode\/mineraalvillmatt-naturoll-pro-039-501200-1848m2\/","og_locale":"et_EE","og_type":"article","og_title":"MINERAALVILLAMATT NATUROLL PRO 039 50*1200MM 18,48M2 - Espak E-pood","og_url":"https:\/\/espak.ee\/epood\/toode\/mineraalvillmatt-naturoll-pro-039-501200-1848m2\/","og_site_name":"Espak E-pood","article_modified_time":"2025-08-26T09:22:26+00:00","og_image":[{"width":1000,"height":1000,"url":"https:\/\/espak.ee\/epood\/wp-content\/uploads\/2021\/06\/NATUROLL-PRO-web.jpg","type":"image\/jpeg"}],"twitter_card":"summary_large_image","twitter_misc":{"Est. reading time":"1 minut"},"schema":{"@context":"https:\/\/schema.org","@graph":[{"@type":"WebPage","@id":"https:\/\/espak.ee\/epood\/toode\/mineraalvillmatt-naturoll-pro-039-501200-1848m2\/","url":"https:\/\/espak.ee\/epood\/toode\/mineraalvillmatt-naturoll-pro-039-501200-1848m2\/","name":"MINERAALVILLAMATT NATUROLL PRO 039 50*1200MM 18,48M2 - Espak E-pood","isPartOf":{"@id":"https:\/\/espak.ee\/epood\/#website"},"primaryImageOfPage":{"@id":"https:\/\/espak.ee\/epood\/toode\/mineraalvillmatt-naturoll-pro-039-501200-1848m2\/#primaryimage"},"image":{"@id":"https:\/\/espak.ee\/epood\/toode\/mineraalvillmatt-naturoll-pro-039-501200-1848m2\/#primaryimage"},"thumbnailUrl":"https:\/\/espak.ee\/epood\/wp-content\/uploads\/2021\/06\/NATUROLL-PRO-web.jpg","datePublished":"2021-06-28T13:34:51+00:00","dateModified":"2025-08-26T09:22:26+00:00","breadcrumb":{"@id":"https:\/\/espak.ee\/epood\/toode\/mineraalvillmatt-naturoll-pro-039-501200-1848m2\/#breadcrumb"},"inLanguage":"et","potentialAction":[{"@type":"ReadAction","target":["https:\/\/espak.ee\/epood\/toode\/mineraalvillmatt-naturoll-pro-039-501200-1848m2\/"]}]},{"@type":"ImageObject","inLanguage":"et","@id":"https:\/\/espak.ee\/epood\/toode\/mineraalvillmatt-naturoll-pro-039-501200-1848m2\/#primaryimage","url":"https:\/\/espak.ee\/epood\/wp-content\/uploads\/2021\/06\/NATUROLL-PRO-web.jpg","contentUrl":"https:\/\/espak.ee\/epood\/wp-content\/uploads\/2021\/06\/NATUROLL-PRO-web.jpg","width":1000,"height":1000,"caption":"NATUROLL PRO"},{"@type":"BreadcrumbList","@id":"https:\/\/espak.ee\/epood\/toode\/mineraalvillmatt-naturoll-pro-039-501200-1848m2\/#breadcrumb","itemListElement":[{"@type":"ListItem","position":1,"name":"Home","item":"https:\/\/espak.ee\/epood\/"},{"@type":"ListItem","position":2,"name":"Tootevalik","item":"https:\/\/espak.ee\/epood\/tootevalik\/"},{"@type":"ListItem","position":3,"name":"MINERAALVILLAMATT NATUROLL PRO 039 50*1200MM 18,48M2"}]},{"@type":"WebSite","@id":"https:\/\/espak.ee\/epood\/#website","url":"https:\/\/espak.ee\/epood\/","name":"Espak E-pood","description":"","potentialAction":[{"@type":"SearchAction","target":{"@type":"EntryPoint","urlTemplate":"https:\/\/espak.ee\/epood\/?s={search_term_string}"},"query-input":{"@type":"PropertyValueSpecification","valueRequired":true,"valueName":"search_term_string"}}],"inLanguage":"et"}]}},"_links":{"self":[{"href":"https:\/\/espak.ee\/epood\/wp-json\/wp\/v2\/product\/87830","targetHints":{"allow":["GET"]}}],"collection":[{"href":"https:\/\/espak.ee\/epood\/wp-json\/wp\/v2\/product"}],"about":[{"href":"https:\/\/espak.ee\/epood\/wp-json\/wp\/v2\/types\/product"}],"replies":[{"embeddable":true,"href":"https:\/\/espak.ee\/epood\/wp-json\/wp\/v2\/comments?post=87830"}],"wp:featuredmedia":[{"embeddable":true,"href":"https:\/\/espak.ee\/epood\/wp-json\/wp\/v2\/media\/157657"}],"wp:attachment":[{"href":"https:\/\/espak.ee\/epood\/wp-json\/wp\/v2\/media?parent=87830"}],"wp:term":[{"taxonomy":"product_brand","embeddable":true,"href":"https:\/\/espak.ee\/epood\/wp-json\/wp\/v2\/product_brand?post=87830"},{"taxonomy":"product_cat","embeddable":true,"href":"https:\/\/espak.ee\/epood\/wp-json\/wp\/v2\/product_cat?post=87830"},{"taxonomy":"product_tag","embeddable":true,"href":"https:\/\/espak.ee\/epood\/wp-json\/wp\/v2\/product_tag?post=87830"}],"curies":[{"name":"wp","href":"https:\/\/api.w.org\/{rel}","templated":true}]}}