{"id":87438,"date":"2021-06-21T21:24:30","date_gmt":"2021-06-21T21:24:30","guid":{"rendered":"https:\/\/espak.ee\/epood\/?post_type=product&#038;p=87438"},"modified":"2024-03-23T13:22:21","modified_gmt":"2024-03-23T11:22:21","slug":"kontramutter-must-1-1-2-sk","status":"publish","type":"product","link":"https:\/\/espak.ee\/epood\/toode\/kontramutter-must-1-1-2-sk\/","title":{"rendered":"KONTRAMUTTER MUST 1 1\/2&#8243; SK"},"content":{"rendered":"<div class=\"row\"  id=\"row-368541195\">\n\n\t<div id=\"col-142357956\" class=\"col medium-9 small-12 large-9\"  >\n\t\t\t\t<div class=\"col-inner\"  >\n\t\t\t\n\t\t\t\n<h3>Kontramutter, malm, 1 1\/2&#8243; SK (F)<\/h3>\n\t\t<\/div>\n\t\t\t\t\t<\/div>\n\n\t\n\n\t<div id=\"col-1356017249\" class=\"col medium-3 small-12 large-3\"  >\n\t\t\t\t<div class=\"col-inner\"  >\n\t\t\t\n\t\t\t\n<p><strong>\u00dcksikasjalikuma n\u00f5u saamiseks v\u00f5tke \u00fchendust:<br \/><\/strong>ESPAK AS<br \/>Viadukti 42<br \/>11 313<br \/>Tallinn<br \/>+372 6512 350<\/p>\n\t\t<\/div>\n\t\t\t\t\t<\/div>\n\n\t\n<\/div>\n","protected":false},"excerpt":{"rendered":"","protected":false},"featured_media":87735,"comment_status":"closed","ping_status":"closed","template":"","meta":[],"product_brand":[],"product_cat":[2819,2820,3581,4026],"product_tag":[],"class_list":{"0":"post-87438","1":"product","2":"type-product","3":"status-publish","4":"has-post-thumbnail","6":"product_cat-sanitaartehnika","7":"product_cat-sanitaartehnika-sanitaartehnika","8":"product_cat-toruliitmikud","9":"product_cat-toruliitmikud-malmist-mustad","10":"pa_kaubamark-onninen-as","12":"first","13":"instock","14":"sale","15":"taxable","16":"shipping-taxable","17":"purchasable","18":"product-type-simple"},"yoast_head":"<!-- This site is optimized with the Yoast SEO plugin v26.9 - https:\/\/yoast.com\/product\/yoast-seo-wordpress\/ -->\n<title>KONTRAMUTTER MUST 1 1\/2&quot; SK - Espak E-pood<\/title>\n<meta name=\"robots\" content=\"index, follow, max-snippet:-1, max-image-preview:large, max-video-preview:-1\" \/>\n<link rel=\"canonical\" href=\"https:\/\/espak.ee\/epood\/toode\/kontramutter-must-1-1-2-sk\/\" \/>\n<meta property=\"og:locale\" content=\"et_EE\" \/>\n<meta property=\"og:type\" content=\"article\" \/>\n<meta property=\"og:title\" content=\"KONTRAMUTTER MUST 1 1\/2&quot; SK - Espak E-pood\" \/>\n<meta property=\"og:url\" content=\"https:\/\/espak.ee\/epood\/toode\/kontramutter-must-1-1-2-sk\/\" \/>\n<meta property=\"og:site_name\" content=\"Espak E-pood\" \/>\n<meta property=\"article:modified_time\" content=\"2024-03-23T11:22:21+00:00\" \/>\n<meta property=\"og:image\" content=\"https:\/\/espak.ee\/epood\/wp-content\/uploads\/2021\/06\/Kontramuttrid-SK-F-Nr.-310-malm.jpg\" \/>\n\t<meta property=\"og:image:width\" content=\"500\" \/>\n\t<meta property=\"og:image:height\" content=\"500\" \/>\n\t<meta property=\"og:image:type\" content=\"image\/jpeg\" \/>\n<meta name=\"twitter:card\" content=\"summary_large_image\" \/>\n<script type=\"application\/ld+json\" class=\"yoast-schema-graph\">{\"@context\":\"https:\/\/schema.org\",\"@graph\":[{\"@type\":\"WebPage\",\"@id\":\"https:\/\/espak.ee\/epood\/toode\/kontramutter-must-1-1-2-sk\/\",\"url\":\"https:\/\/espak.ee\/epood\/toode\/kontramutter-must-1-1-2-sk\/\",\"name\":\"KONTRAMUTTER MUST 1 1\/2\\\" SK - Espak E-pood\",\"isPartOf\":{\"@id\":\"https:\/\/espak.ee\/epood\/#website\"},\"primaryImageOfPage\":{\"@id\":\"https:\/\/espak.ee\/epood\/toode\/kontramutter-must-1-1-2-sk\/#primaryimage\"},\"image\":{\"@id\":\"https:\/\/espak.ee\/epood\/toode\/kontramutter-must-1-1-2-sk\/#primaryimage\"},\"thumbnailUrl\":\"https:\/\/espak.ee\/epood\/wp-content\/uploads\/2021\/06\/Kontramuttrid-SK-F-Nr.-310-malm.jpg\",\"datePublished\":\"2021-06-21T21:24:30+00:00\",\"dateModified\":\"2024-03-23T11:22:21+00:00\",\"breadcrumb\":{\"@id\":\"https:\/\/espak.ee\/epood\/toode\/kontramutter-must-1-1-2-sk\/#breadcrumb\"},\"inLanguage\":\"et\",\"potentialAction\":[{\"@type\":\"ReadAction\",\"target\":[\"https:\/\/espak.ee\/epood\/toode\/kontramutter-must-1-1-2-sk\/\"]}]},{\"@type\":\"ImageObject\",\"inLanguage\":\"et\",\"@id\":\"https:\/\/espak.ee\/epood\/toode\/kontramutter-must-1-1-2-sk\/#primaryimage\",\"url\":\"https:\/\/espak.ee\/epood\/wp-content\/uploads\/2021\/06\/Kontramuttrid-SK-F-Nr.-310-malm.jpg\",\"contentUrl\":\"https:\/\/espak.ee\/epood\/wp-content\/uploads\/2021\/06\/Kontramuttrid-SK-F-Nr.-310-malm.jpg\",\"width\":500,\"height\":500},{\"@type\":\"BreadcrumbList\",\"@id\":\"https:\/\/espak.ee\/epood\/toode\/kontramutter-must-1-1-2-sk\/#breadcrumb\",\"itemListElement\":[{\"@type\":\"ListItem\",\"position\":1,\"name\":\"Home\",\"item\":\"https:\/\/espak.ee\/epood\/\"},{\"@type\":\"ListItem\",\"position\":2,\"name\":\"Tootevalik\",\"item\":\"https:\/\/espak.ee\/epood\/tootevalik\/\"},{\"@type\":\"ListItem\",\"position\":3,\"name\":\"KONTRAMUTTER MUST 1 1\/2&#8243; SK\"}]},{\"@type\":\"WebSite\",\"@id\":\"https:\/\/espak.ee\/epood\/#website\",\"url\":\"https:\/\/espak.ee\/epood\/\",\"name\":\"Espak E-pood\",\"description\":\"\",\"potentialAction\":[{\"@type\":\"SearchAction\",\"target\":{\"@type\":\"EntryPoint\",\"urlTemplate\":\"https:\/\/espak.ee\/epood\/?s={search_term_string}\"},\"query-input\":{\"@type\":\"PropertyValueSpecification\",\"valueRequired\":true,\"valueName\":\"search_term_string\"}}],\"inLanguage\":\"et\"}]}<\/script>\n<!-- \/ Yoast SEO plugin. -->","yoast_head_json":{"title":"KONTRAMUTTER MUST 1 1\/2\" SK - Espak E-pood","robots":{"index":"index","follow":"follow","max-snippet":"max-snippet:-1","max-image-preview":"max-image-preview:large","max-video-preview":"max-video-preview:-1"},"canonical":"https:\/\/espak.ee\/epood\/toode\/kontramutter-must-1-1-2-sk\/","og_locale":"et_EE","og_type":"article","og_title":"KONTRAMUTTER MUST 1 1\/2\" SK - Espak E-pood","og_url":"https:\/\/espak.ee\/epood\/toode\/kontramutter-must-1-1-2-sk\/","og_site_name":"Espak E-pood","article_modified_time":"2024-03-23T11:22:21+00:00","og_image":[{"width":500,"height":500,"url":"https:\/\/espak.ee\/epood\/wp-content\/uploads\/2021\/06\/Kontramuttrid-SK-F-Nr.-310-malm.jpg","type":"image\/jpeg"}],"twitter_card":"summary_large_image","schema":{"@context":"https:\/\/schema.org","@graph":[{"@type":"WebPage","@id":"https:\/\/espak.ee\/epood\/toode\/kontramutter-must-1-1-2-sk\/","url":"https:\/\/espak.ee\/epood\/toode\/kontramutter-must-1-1-2-sk\/","name":"KONTRAMUTTER MUST 1 1\/2\" SK - Espak E-pood","isPartOf":{"@id":"https:\/\/espak.ee\/epood\/#website"},"primaryImageOfPage":{"@id":"https:\/\/espak.ee\/epood\/toode\/kontramutter-must-1-1-2-sk\/#primaryimage"},"image":{"@id":"https:\/\/espak.ee\/epood\/toode\/kontramutter-must-1-1-2-sk\/#primaryimage"},"thumbnailUrl":"https:\/\/espak.ee\/epood\/wp-content\/uploads\/2021\/06\/Kontramuttrid-SK-F-Nr.-310-malm.jpg","datePublished":"2021-06-21T21:24:30+00:00","dateModified":"2024-03-23T11:22:21+00:00","breadcrumb":{"@id":"https:\/\/espak.ee\/epood\/toode\/kontramutter-must-1-1-2-sk\/#breadcrumb"},"inLanguage":"et","potentialAction":[{"@type":"ReadAction","target":["https:\/\/espak.ee\/epood\/toode\/kontramutter-must-1-1-2-sk\/"]}]},{"@type":"ImageObject","inLanguage":"et","@id":"https:\/\/espak.ee\/epood\/toode\/kontramutter-must-1-1-2-sk\/#primaryimage","url":"https:\/\/espak.ee\/epood\/wp-content\/uploads\/2021\/06\/Kontramuttrid-SK-F-Nr.-310-malm.jpg","contentUrl":"https:\/\/espak.ee\/epood\/wp-content\/uploads\/2021\/06\/Kontramuttrid-SK-F-Nr.-310-malm.jpg","width":500,"height":500},{"@type":"BreadcrumbList","@id":"https:\/\/espak.ee\/epood\/toode\/kontramutter-must-1-1-2-sk\/#breadcrumb","itemListElement":[{"@type":"ListItem","position":1,"name":"Home","item":"https:\/\/espak.ee\/epood\/"},{"@type":"ListItem","position":2,"name":"Tootevalik","item":"https:\/\/espak.ee\/epood\/tootevalik\/"},{"@type":"ListItem","position":3,"name":"KONTRAMUTTER MUST 1 1\/2&#8243; SK"}]},{"@type":"WebSite","@id":"https:\/\/espak.ee\/epood\/#website","url":"https:\/\/espak.ee\/epood\/","name":"Espak E-pood","description":"","potentialAction":[{"@type":"SearchAction","target":{"@type":"EntryPoint","urlTemplate":"https:\/\/espak.ee\/epood\/?s={search_term_string}"},"query-input":{"@type":"PropertyValueSpecification","valueRequired":true,"valueName":"search_term_string"}}],"inLanguage":"et"}]}},"_links":{"self":[{"href":"https:\/\/espak.ee\/epood\/wp-json\/wp\/v2\/product\/87438","targetHints":{"allow":["GET"]}}],"collection":[{"href":"https:\/\/espak.ee\/epood\/wp-json\/wp\/v2\/product"}],"about":[{"href":"https:\/\/espak.ee\/epood\/wp-json\/wp\/v2\/types\/product"}],"replies":[{"embeddable":true,"href":"https:\/\/espak.ee\/epood\/wp-json\/wp\/v2\/comments?post=87438"}],"wp:featuredmedia":[{"embeddable":true,"href":"https:\/\/espak.ee\/epood\/wp-json\/wp\/v2\/media\/87735"}],"wp:attachment":[{"href":"https:\/\/espak.ee\/epood\/wp-json\/wp\/v2\/media?parent=87438"}],"wp:term":[{"taxonomy":"product_brand","embeddable":true,"href":"https:\/\/espak.ee\/epood\/wp-json\/wp\/v2\/product_brand?post=87438"},{"taxonomy":"product_cat","embeddable":true,"href":"https:\/\/espak.ee\/epood\/wp-json\/wp\/v2\/product_cat?post=87438"},{"taxonomy":"product_tag","embeddable":true,"href":"https:\/\/espak.ee\/epood\/wp-json\/wp\/v2\/product_tag?post=87438"}],"curies":[{"name":"wp","href":"https:\/\/api.w.org\/{rel}","templated":true}]}}