{"id":86032,"date":"2021-06-08T03:54:02","date_gmt":"2021-06-08T03:54:02","guid":{"rendered":"https:\/\/espak.ee\/epood\/?post_type=product&#038;p=86032"},"modified":"2024-10-27T16:43:23","modified_gmt":"2024-10-27T14:43:23","slug":"paevavalgustoru-t5-13w-840-osram","status":"publish","type":"product","link":"https:\/\/espak.ee\/epood\/toode\/paevavalgustoru-t5-13w-840-osram\/","title":{"rendered":"P\u00c4EVAVALGUSTORU T5 13W\/840 OSRAM"},"content":{"rendered":"<div class=\"row\"  id=\"row-1489565686\">\n\n\t<div id=\"col-2119773777\" class=\"col medium-9 small-12 large-9\"  >\n\t\t\t\t<div class=\"col-inner\"  >\n\t\t\t\n\t\t\t\n<p>L 13W\/840 G5 OSRAM.<\/p>\n\t\t<\/div>\n\t\t\t\t\t<\/div>\n\n\t\n\n\t<div id=\"col-398696250\" class=\"col medium-3 small-12 large-3\"  >\n\t\t\t\t<div class=\"col-inner\"  >\n\t\t\t\n\t\t\t\n\t<div id=\"gap-1174672076\" class=\"gap-element clearfix\" style=\"display:block; height:auto;\">\n\t\t\n<style>\n#gap-1174672076 {\n  padding-top: 30px;\n}\n<\/style>\n\t<\/div>\n\t\n<p><strong>\u00dcksikasjalikuma n\u00f5u saamiseks v\u00f5tke \u00fchendust:<br \/><\/strong>Silmani Elekter AS<br \/>Kadaka tee 56<br \/>12915<br \/>Tallinn<br \/> +372 6711 220 <\/p>\n\t\t<\/div>\n\t\t\t\t\t<\/div>\n\n\t\n<\/div>\n","protected":false},"excerpt":{"rendered":"","protected":false},"featured_media":86127,"comment_status":"closed","ping_status":"closed","template":"","meta":[],"product_brand":[],"product_cat":[2934,4003,3314,2959],"product_tag":[],"class_list":{"0":"post-86032","1":"product","2":"type-product","3":"status-publish","4":"has-post-thumbnail","6":"product_cat-elektrikaubad-ja-valgustid","7":"product_cat-luminofoortorud","8":"product_cat-valgusallikad","9":"product_cat-valgustid","10":"pa_kaubamark-osram","12":"first","13":"outofstock","14":"sale","15":"taxable","16":"shipping-taxable","17":"purchasable","18":"product-type-simple"},"yoast_head":"<!-- This site is optimized with the Yoast SEO plugin v26.9 - https:\/\/yoast.com\/product\/yoast-seo-wordpress\/ -->\n<title>P\u00c4EVAVALGUSTORU T5 13W\/840 OSRAM - Espak E-pood<\/title>\n<meta name=\"robots\" content=\"index, follow, max-snippet:-1, max-image-preview:large, max-video-preview:-1\" \/>\n<link rel=\"canonical\" href=\"https:\/\/espak.ee\/epood\/toode\/paevavalgustoru-t5-13w-840-osram\/\" \/>\n<meta property=\"og:locale\" content=\"et_EE\" \/>\n<meta property=\"og:type\" content=\"article\" \/>\n<meta property=\"og:title\" content=\"P\u00c4EVAVALGUSTORU T5 13W\/840 OSRAM - Espak E-pood\" \/>\n<meta property=\"og:url\" content=\"https:\/\/espak.ee\/epood\/toode\/paevavalgustoru-t5-13w-840-osram\/\" \/>\n<meta property=\"og:site_name\" content=\"Espak E-pood\" \/>\n<meta property=\"article:modified_time\" content=\"2024-10-27T14:43:23+00:00\" \/>\n<meta property=\"og:image\" content=\"https:\/\/espak.ee\/epood\/wp-content\/uploads\/2021\/06\/4050300241647.jpg\" \/>\n\t<meta property=\"og:image:width\" content=\"371\" \/>\n\t<meta property=\"og:image:height\" content=\"450\" \/>\n\t<meta property=\"og:image:type\" content=\"image\/jpeg\" \/>\n<meta name=\"twitter:card\" content=\"summary_large_image\" \/>\n<script type=\"application\/ld+json\" class=\"yoast-schema-graph\">{\"@context\":\"https:\/\/schema.org\",\"@graph\":[{\"@type\":\"WebPage\",\"@id\":\"https:\/\/espak.ee\/epood\/toode\/paevavalgustoru-t5-13w-840-osram\/\",\"url\":\"https:\/\/espak.ee\/epood\/toode\/paevavalgustoru-t5-13w-840-osram\/\",\"name\":\"P\u00c4EVAVALGUSTORU T5 13W\/840 OSRAM - Espak E-pood\",\"isPartOf\":{\"@id\":\"https:\/\/espak.ee\/epood\/#website\"},\"primaryImageOfPage\":{\"@id\":\"https:\/\/espak.ee\/epood\/toode\/paevavalgustoru-t5-13w-840-osram\/#primaryimage\"},\"image\":{\"@id\":\"https:\/\/espak.ee\/epood\/toode\/paevavalgustoru-t5-13w-840-osram\/#primaryimage\"},\"thumbnailUrl\":\"https:\/\/espak.ee\/epood\/wp-content\/uploads\/2021\/06\/4050300241647.jpg\",\"datePublished\":\"2021-06-08T03:54:02+00:00\",\"dateModified\":\"2024-10-27T14:43:23+00:00\",\"breadcrumb\":{\"@id\":\"https:\/\/espak.ee\/epood\/toode\/paevavalgustoru-t5-13w-840-osram\/#breadcrumb\"},\"inLanguage\":\"et\",\"potentialAction\":[{\"@type\":\"ReadAction\",\"target\":[\"https:\/\/espak.ee\/epood\/toode\/paevavalgustoru-t5-13w-840-osram\/\"]}]},{\"@type\":\"ImageObject\",\"inLanguage\":\"et\",\"@id\":\"https:\/\/espak.ee\/epood\/toode\/paevavalgustoru-t5-13w-840-osram\/#primaryimage\",\"url\":\"https:\/\/espak.ee\/epood\/wp-content\/uploads\/2021\/06\/4050300241647.jpg\",\"contentUrl\":\"https:\/\/espak.ee\/epood\/wp-content\/uploads\/2021\/06\/4050300241647.jpg\",\"width\":371,\"height\":450},{\"@type\":\"BreadcrumbList\",\"@id\":\"https:\/\/espak.ee\/epood\/toode\/paevavalgustoru-t5-13w-840-osram\/#breadcrumb\",\"itemListElement\":[{\"@type\":\"ListItem\",\"position\":1,\"name\":\"Home\",\"item\":\"https:\/\/espak.ee\/epood\/\"},{\"@type\":\"ListItem\",\"position\":2,\"name\":\"Tootevalik\",\"item\":\"https:\/\/espak.ee\/epood\/tootevalik\/\"},{\"@type\":\"ListItem\",\"position\":3,\"name\":\"P\u00c4EVAVALGUSTORU T5 13W\/840 OSRAM\"}]},{\"@type\":\"WebSite\",\"@id\":\"https:\/\/espak.ee\/epood\/#website\",\"url\":\"https:\/\/espak.ee\/epood\/\",\"name\":\"Espak E-pood\",\"description\":\"\",\"potentialAction\":[{\"@type\":\"SearchAction\",\"target\":{\"@type\":\"EntryPoint\",\"urlTemplate\":\"https:\/\/espak.ee\/epood\/?s={search_term_string}\"},\"query-input\":{\"@type\":\"PropertyValueSpecification\",\"valueRequired\":true,\"valueName\":\"search_term_string\"}}],\"inLanguage\":\"et\"}]}<\/script>\n<!-- \/ Yoast SEO plugin. -->","yoast_head_json":{"title":"P\u00c4EVAVALGUSTORU T5 13W\/840 OSRAM - Espak E-pood","robots":{"index":"index","follow":"follow","max-snippet":"max-snippet:-1","max-image-preview":"max-image-preview:large","max-video-preview":"max-video-preview:-1"},"canonical":"https:\/\/espak.ee\/epood\/toode\/paevavalgustoru-t5-13w-840-osram\/","og_locale":"et_EE","og_type":"article","og_title":"P\u00c4EVAVALGUSTORU T5 13W\/840 OSRAM - Espak E-pood","og_url":"https:\/\/espak.ee\/epood\/toode\/paevavalgustoru-t5-13w-840-osram\/","og_site_name":"Espak E-pood","article_modified_time":"2024-10-27T14:43:23+00:00","og_image":[{"width":371,"height":450,"url":"https:\/\/espak.ee\/epood\/wp-content\/uploads\/2021\/06\/4050300241647.jpg","type":"image\/jpeg"}],"twitter_card":"summary_large_image","schema":{"@context":"https:\/\/schema.org","@graph":[{"@type":"WebPage","@id":"https:\/\/espak.ee\/epood\/toode\/paevavalgustoru-t5-13w-840-osram\/","url":"https:\/\/espak.ee\/epood\/toode\/paevavalgustoru-t5-13w-840-osram\/","name":"P\u00c4EVAVALGUSTORU T5 13W\/840 OSRAM - Espak E-pood","isPartOf":{"@id":"https:\/\/espak.ee\/epood\/#website"},"primaryImageOfPage":{"@id":"https:\/\/espak.ee\/epood\/toode\/paevavalgustoru-t5-13w-840-osram\/#primaryimage"},"image":{"@id":"https:\/\/espak.ee\/epood\/toode\/paevavalgustoru-t5-13w-840-osram\/#primaryimage"},"thumbnailUrl":"https:\/\/espak.ee\/epood\/wp-content\/uploads\/2021\/06\/4050300241647.jpg","datePublished":"2021-06-08T03:54:02+00:00","dateModified":"2024-10-27T14:43:23+00:00","breadcrumb":{"@id":"https:\/\/espak.ee\/epood\/toode\/paevavalgustoru-t5-13w-840-osram\/#breadcrumb"},"inLanguage":"et","potentialAction":[{"@type":"ReadAction","target":["https:\/\/espak.ee\/epood\/toode\/paevavalgustoru-t5-13w-840-osram\/"]}]},{"@type":"ImageObject","inLanguage":"et","@id":"https:\/\/espak.ee\/epood\/toode\/paevavalgustoru-t5-13w-840-osram\/#primaryimage","url":"https:\/\/espak.ee\/epood\/wp-content\/uploads\/2021\/06\/4050300241647.jpg","contentUrl":"https:\/\/espak.ee\/epood\/wp-content\/uploads\/2021\/06\/4050300241647.jpg","width":371,"height":450},{"@type":"BreadcrumbList","@id":"https:\/\/espak.ee\/epood\/toode\/paevavalgustoru-t5-13w-840-osram\/#breadcrumb","itemListElement":[{"@type":"ListItem","position":1,"name":"Home","item":"https:\/\/espak.ee\/epood\/"},{"@type":"ListItem","position":2,"name":"Tootevalik","item":"https:\/\/espak.ee\/epood\/tootevalik\/"},{"@type":"ListItem","position":3,"name":"P\u00c4EVAVALGUSTORU T5 13W\/840 OSRAM"}]},{"@type":"WebSite","@id":"https:\/\/espak.ee\/epood\/#website","url":"https:\/\/espak.ee\/epood\/","name":"Espak E-pood","description":"","potentialAction":[{"@type":"SearchAction","target":{"@type":"EntryPoint","urlTemplate":"https:\/\/espak.ee\/epood\/?s={search_term_string}"},"query-input":{"@type":"PropertyValueSpecification","valueRequired":true,"valueName":"search_term_string"}}],"inLanguage":"et"}]}},"_links":{"self":[{"href":"https:\/\/espak.ee\/epood\/wp-json\/wp\/v2\/product\/86032","targetHints":{"allow":["GET"]}}],"collection":[{"href":"https:\/\/espak.ee\/epood\/wp-json\/wp\/v2\/product"}],"about":[{"href":"https:\/\/espak.ee\/epood\/wp-json\/wp\/v2\/types\/product"}],"replies":[{"embeddable":true,"href":"https:\/\/espak.ee\/epood\/wp-json\/wp\/v2\/comments?post=86032"}],"wp:featuredmedia":[{"embeddable":true,"href":"https:\/\/espak.ee\/epood\/wp-json\/wp\/v2\/media\/86127"}],"wp:attachment":[{"href":"https:\/\/espak.ee\/epood\/wp-json\/wp\/v2\/media?parent=86032"}],"wp:term":[{"taxonomy":"product_brand","embeddable":true,"href":"https:\/\/espak.ee\/epood\/wp-json\/wp\/v2\/product_brand?post=86032"},{"taxonomy":"product_cat","embeddable":true,"href":"https:\/\/espak.ee\/epood\/wp-json\/wp\/v2\/product_cat?post=86032"},{"taxonomy":"product_tag","embeddable":true,"href":"https:\/\/espak.ee\/epood\/wp-json\/wp\/v2\/product_tag?post=86032"}],"curies":[{"name":"wp","href":"https:\/\/api.w.org\/{rel}","templated":true}]}}