{"id":83219,"date":"2021-05-10T22:01:19","date_gmt":"2021-05-10T22:01:19","guid":{"rendered":"https:\/\/espak.ee\/epood\/?post_type=product&#038;p=83219"},"modified":"2025-09-11T20:12:34","modified_gmt":"2025-09-11T17:12:34","slug":"eko-drenaazikaev-315-kolme-valjundiga","status":"publish","type":"product","link":"https:\/\/espak.ee\/epood\/toode\/eko-drenaazikaev-315-kolme-valjundiga\/","title":{"rendered":"EKO DRENAA\u017dIKAEV 315 KOLME V\u00c4LJUNDIGA"},"content":{"rendered":"<div class=\"row\"  id=\"row-1577073727\">\n\n\t<div id=\"col-211683498\" class=\"col medium-9 small-12 large-9\"  >\n\t\t\t\t<div class=\"col-inner\"  >\n\t\t\t\n\t\t\t\n<h3>Eko drenaa\u017eikaev 315 kolme v\u00e4ljundiga<\/h3>\n<p>Plastikust EKO drenaa\u017eikaev 315 kolme v\u00e4ljundiga. <\/p>\n\t\t<\/div>\n\t\t\t\t\t<\/div>\n\n\t\n\n\t<div id=\"col-589937431\" class=\"col medium-3 small-12 large-3\"  >\n\t\t\t\t<div class=\"col-inner\"  >\n\t\t\t\n\t\t\t\n\t<div id=\"gap-666272348\" class=\"gap-element clearfix\" style=\"display:block; height:auto;\">\n\t\t\n<style>\n#gap-666272348 {\n  padding-top: 30px;\n}\n<\/style>\n\t<\/div>\n\t\n<p><strong>\u00dcksikasjalikuma n\u00f5u saamiseks v\u00f5tke \u00fchendust:<br \/><\/strong>PIPELIFE EESTI AS<br \/>P\u00f5rguv\u00e4lja tee 4,<br \/>75306<br \/>Lehmja, Rae vald<br \/> +372 6055 160<\/p>\n\t\t<\/div>\n\t\t\t\t\t<\/div>\n\n\t\n<\/div>\n","protected":false},"excerpt":{"rendered":"","protected":false},"featured_media":84252,"comment_status":"closed","ping_status":"closed","template":"","meta":[],"product_brand":[],"product_cat":[3393,3699,2819,2820],"product_tag":[],"class_list":{"0":"post-83219","1":"product","2":"type-product","3":"status-publish","4":"has-post-thumbnail","6":"product_cat-kanalisatsioon","7":"product_cat-kanalisatsioonikaevud","8":"product_cat-sanitaartehnika","9":"product_cat-sanitaartehnika-sanitaartehnika","10":"pa_kaubamark-pipelife-eesti-as","12":"first","13":"instock","14":"sale","15":"taxable","16":"shipping-taxable","17":"purchasable","18":"product-type-simple"},"yoast_head":"<!-- This site is optimized with the Yoast SEO plugin v26.9 - https:\/\/yoast.com\/product\/yoast-seo-wordpress\/ -->\n<title>EKO DRENAA\u017dIKAEV 315 KOLME V\u00c4LJUNDIGA - Espak E-pood<\/title>\n<meta name=\"robots\" content=\"index, follow, max-snippet:-1, max-image-preview:large, max-video-preview:-1\" \/>\n<link rel=\"canonical\" href=\"https:\/\/espak.ee\/epood\/toode\/eko-drenaazikaev-315-kolme-valjundiga\/\" \/>\n<meta property=\"og:locale\" content=\"et_EE\" \/>\n<meta property=\"og:type\" content=\"article\" \/>\n<meta property=\"og:title\" content=\"EKO DRENAA\u017dIKAEV 315 KOLME V\u00c4LJUNDIGA - Espak E-pood\" \/>\n<meta property=\"og:url\" content=\"https:\/\/espak.ee\/epood\/toode\/eko-drenaazikaev-315-kolme-valjundiga\/\" \/>\n<meta property=\"og:site_name\" content=\"Espak E-pood\" \/>\n<meta property=\"article:modified_time\" content=\"2025-09-11T17:12:34+00:00\" \/>\n<meta property=\"og:image\" content=\"https:\/\/espak.ee\/epood\/wp-content\/uploads\/2021\/05\/70013603-eko_kaev.jpg\" \/>\n\t<meta property=\"og:image:width\" content=\"772\" \/>\n\t<meta property=\"og:image:height\" content=\"696\" \/>\n\t<meta property=\"og:image:type\" content=\"image\/jpeg\" \/>\n<meta name=\"twitter:card\" content=\"summary_large_image\" \/>\n<script type=\"application\/ld+json\" class=\"yoast-schema-graph\">{\"@context\":\"https:\/\/schema.org\",\"@graph\":[{\"@type\":\"WebPage\",\"@id\":\"https:\/\/espak.ee\/epood\/toode\/eko-drenaazikaev-315-kolme-valjundiga\/\",\"url\":\"https:\/\/espak.ee\/epood\/toode\/eko-drenaazikaev-315-kolme-valjundiga\/\",\"name\":\"EKO DRENAA\u017dIKAEV 315 KOLME V\u00c4LJUNDIGA - Espak E-pood\",\"isPartOf\":{\"@id\":\"https:\/\/espak.ee\/epood\/#website\"},\"primaryImageOfPage\":{\"@id\":\"https:\/\/espak.ee\/epood\/toode\/eko-drenaazikaev-315-kolme-valjundiga\/#primaryimage\"},\"image\":{\"@id\":\"https:\/\/espak.ee\/epood\/toode\/eko-drenaazikaev-315-kolme-valjundiga\/#primaryimage\"},\"thumbnailUrl\":\"https:\/\/espak.ee\/epood\/wp-content\/uploads\/2021\/05\/70013603-eko_kaev.jpg\",\"datePublished\":\"2021-05-10T22:01:19+00:00\",\"dateModified\":\"2025-09-11T17:12:34+00:00\",\"breadcrumb\":{\"@id\":\"https:\/\/espak.ee\/epood\/toode\/eko-drenaazikaev-315-kolme-valjundiga\/#breadcrumb\"},\"inLanguage\":\"et\",\"potentialAction\":[{\"@type\":\"ReadAction\",\"target\":[\"https:\/\/espak.ee\/epood\/toode\/eko-drenaazikaev-315-kolme-valjundiga\/\"]}]},{\"@type\":\"ImageObject\",\"inLanguage\":\"et\",\"@id\":\"https:\/\/espak.ee\/epood\/toode\/eko-drenaazikaev-315-kolme-valjundiga\/#primaryimage\",\"url\":\"https:\/\/espak.ee\/epood\/wp-content\/uploads\/2021\/05\/70013603-eko_kaev.jpg\",\"contentUrl\":\"https:\/\/espak.ee\/epood\/wp-content\/uploads\/2021\/05\/70013603-eko_kaev.jpg\",\"width\":772,\"height\":696},{\"@type\":\"BreadcrumbList\",\"@id\":\"https:\/\/espak.ee\/epood\/toode\/eko-drenaazikaev-315-kolme-valjundiga\/#breadcrumb\",\"itemListElement\":[{\"@type\":\"ListItem\",\"position\":1,\"name\":\"Home\",\"item\":\"https:\/\/espak.ee\/epood\/\"},{\"@type\":\"ListItem\",\"position\":2,\"name\":\"Tootevalik\",\"item\":\"https:\/\/espak.ee\/epood\/tootevalik\/\"},{\"@type\":\"ListItem\",\"position\":3,\"name\":\"EKO DRENAA\u017dIKAEV 315 KOLME V\u00c4LJUNDIGA\"}]},{\"@type\":\"WebSite\",\"@id\":\"https:\/\/espak.ee\/epood\/#website\",\"url\":\"https:\/\/espak.ee\/epood\/\",\"name\":\"Espak E-pood\",\"description\":\"\",\"potentialAction\":[{\"@type\":\"SearchAction\",\"target\":{\"@type\":\"EntryPoint\",\"urlTemplate\":\"https:\/\/espak.ee\/epood\/?s={search_term_string}\"},\"query-input\":{\"@type\":\"PropertyValueSpecification\",\"valueRequired\":true,\"valueName\":\"search_term_string\"}}],\"inLanguage\":\"et\"}]}<\/script>\n<!-- \/ Yoast SEO plugin. -->","yoast_head_json":{"title":"EKO DRENAA\u017dIKAEV 315 KOLME V\u00c4LJUNDIGA - Espak E-pood","robots":{"index":"index","follow":"follow","max-snippet":"max-snippet:-1","max-image-preview":"max-image-preview:large","max-video-preview":"max-video-preview:-1"},"canonical":"https:\/\/espak.ee\/epood\/toode\/eko-drenaazikaev-315-kolme-valjundiga\/","og_locale":"et_EE","og_type":"article","og_title":"EKO DRENAA\u017dIKAEV 315 KOLME V\u00c4LJUNDIGA - Espak E-pood","og_url":"https:\/\/espak.ee\/epood\/toode\/eko-drenaazikaev-315-kolme-valjundiga\/","og_site_name":"Espak E-pood","article_modified_time":"2025-09-11T17:12:34+00:00","og_image":[{"width":772,"height":696,"url":"https:\/\/espak.ee\/epood\/wp-content\/uploads\/2021\/05\/70013603-eko_kaev.jpg","type":"image\/jpeg"}],"twitter_card":"summary_large_image","schema":{"@context":"https:\/\/schema.org","@graph":[{"@type":"WebPage","@id":"https:\/\/espak.ee\/epood\/toode\/eko-drenaazikaev-315-kolme-valjundiga\/","url":"https:\/\/espak.ee\/epood\/toode\/eko-drenaazikaev-315-kolme-valjundiga\/","name":"EKO DRENAA\u017dIKAEV 315 KOLME V\u00c4LJUNDIGA - Espak E-pood","isPartOf":{"@id":"https:\/\/espak.ee\/epood\/#website"},"primaryImageOfPage":{"@id":"https:\/\/espak.ee\/epood\/toode\/eko-drenaazikaev-315-kolme-valjundiga\/#primaryimage"},"image":{"@id":"https:\/\/espak.ee\/epood\/toode\/eko-drenaazikaev-315-kolme-valjundiga\/#primaryimage"},"thumbnailUrl":"https:\/\/espak.ee\/epood\/wp-content\/uploads\/2021\/05\/70013603-eko_kaev.jpg","datePublished":"2021-05-10T22:01:19+00:00","dateModified":"2025-09-11T17:12:34+00:00","breadcrumb":{"@id":"https:\/\/espak.ee\/epood\/toode\/eko-drenaazikaev-315-kolme-valjundiga\/#breadcrumb"},"inLanguage":"et","potentialAction":[{"@type":"ReadAction","target":["https:\/\/espak.ee\/epood\/toode\/eko-drenaazikaev-315-kolme-valjundiga\/"]}]},{"@type":"ImageObject","inLanguage":"et","@id":"https:\/\/espak.ee\/epood\/toode\/eko-drenaazikaev-315-kolme-valjundiga\/#primaryimage","url":"https:\/\/espak.ee\/epood\/wp-content\/uploads\/2021\/05\/70013603-eko_kaev.jpg","contentUrl":"https:\/\/espak.ee\/epood\/wp-content\/uploads\/2021\/05\/70013603-eko_kaev.jpg","width":772,"height":696},{"@type":"BreadcrumbList","@id":"https:\/\/espak.ee\/epood\/toode\/eko-drenaazikaev-315-kolme-valjundiga\/#breadcrumb","itemListElement":[{"@type":"ListItem","position":1,"name":"Home","item":"https:\/\/espak.ee\/epood\/"},{"@type":"ListItem","position":2,"name":"Tootevalik","item":"https:\/\/espak.ee\/epood\/tootevalik\/"},{"@type":"ListItem","position":3,"name":"EKO DRENAA\u017dIKAEV 315 KOLME V\u00c4LJUNDIGA"}]},{"@type":"WebSite","@id":"https:\/\/espak.ee\/epood\/#website","url":"https:\/\/espak.ee\/epood\/","name":"Espak E-pood","description":"","potentialAction":[{"@type":"SearchAction","target":{"@type":"EntryPoint","urlTemplate":"https:\/\/espak.ee\/epood\/?s={search_term_string}"},"query-input":{"@type":"PropertyValueSpecification","valueRequired":true,"valueName":"search_term_string"}}],"inLanguage":"et"}]}},"_links":{"self":[{"href":"https:\/\/espak.ee\/epood\/wp-json\/wp\/v2\/product\/83219","targetHints":{"allow":["GET"]}}],"collection":[{"href":"https:\/\/espak.ee\/epood\/wp-json\/wp\/v2\/product"}],"about":[{"href":"https:\/\/espak.ee\/epood\/wp-json\/wp\/v2\/types\/product"}],"replies":[{"embeddable":true,"href":"https:\/\/espak.ee\/epood\/wp-json\/wp\/v2\/comments?post=83219"}],"wp:featuredmedia":[{"embeddable":true,"href":"https:\/\/espak.ee\/epood\/wp-json\/wp\/v2\/media\/84252"}],"wp:attachment":[{"href":"https:\/\/espak.ee\/epood\/wp-json\/wp\/v2\/media?parent=83219"}],"wp:term":[{"taxonomy":"product_brand","embeddable":true,"href":"https:\/\/espak.ee\/epood\/wp-json\/wp\/v2\/product_brand?post=83219"},{"taxonomy":"product_cat","embeddable":true,"href":"https:\/\/espak.ee\/epood\/wp-json\/wp\/v2\/product_cat?post=83219"},{"taxonomy":"product_tag","embeddable":true,"href":"https:\/\/espak.ee\/epood\/wp-json\/wp\/v2\/product_tag?post=83219"}],"curies":[{"name":"wp","href":"https:\/\/api.w.org\/{rel}","templated":true}]}}