{"id":82864,"date":"2021-05-07T07:31:26","date_gmt":"2021-05-07T07:31:26","guid":{"rendered":"https:\/\/espak.ee\/epood\/?post_type=product&#038;p=82864"},"modified":"2024-03-23T13:35:18","modified_gmt":"2024-03-23T11:35:18","slug":"akutolmuimeja-dewalt-dcv584l","status":"publish","type":"product","link":"https:\/\/espak.ee\/epood\/toode\/akutolmuimeja-dewalt-dcv584l\/","title":{"rendered":"AKUTOLMUIMEJA DEWALT DCV584L"},"content":{"rendered":"<div class=\"row\"  id=\"row-1435885248\">\n\n\t<div id=\"col-2050799447\" class=\"col medium-9 small-12 large-9\"  >\n\t\t\t\t<div class=\"col-inner\"  >\n\t\t\t\n\t\t\t\n<h3>Akutolmuimeja DeWalt<\/h3>\n<p>Akutolmuimeja kuiv- ja m\u00e4rgpuhastuseks.<br \/>\nSaab kasutada nii 18V XR ja  54V XR FLEXVOLT akudega kui ka \u00fchendada vooluv\u00f5rku.<br \/>\nTolmuimejal on HEPA filter, mis p\u00fc\u00fcab kinni isegi 0,3 mikroni suurused tolmuosakesed.<br \/>\nKaasas pilotsik ja lai otsik. <\/p>\n<p>Aku ja laadijata mudel &#8211; toode tarnitakse ilma aku ja laadimisseadmeta.<\/p>\n<div class=\"message-box relative\" style=\"padding-top:15px;padding-bottom:15px;\"><div class=\"message-box-bg-image bg-fill fill\" ><\/div><div class=\"message-box-bg-overlay bg-fill fill\" ><\/div><div class=\"container relative\"><div class=\"inner last-reset\">\n<div class=\"row align-middle align-center\"  id=\"row-771626045\">\n\n\t<div id=\"col-2084237505\" class=\"col small-12 large-12\"  >\n\t\t\t\t<div class=\"col-inner text-left\"  >\n\t\t\t\n\t\t\t\n<h4>Omadused<\/h4>\n<div class=\"row\"  id=\"row-1956562495\">\n\n\t<div id=\"col-723398765\" class=\"col medium-6 small-12 large-6\"  >\n\t\t\t\t<div class=\"col-inner\"  >\n\t\t\t\n\t\t\t\n<p><i class=\"far fa-check-circle fa-2x\"><\/i><strong> Kasutatav ka koos t\u00f6\u00f6riistadega tolmu\u00e4rastuseks <\/strong><\/p>\n\t\t<\/div>\n\t\t\t\t\n<style>\n#col-723398765 > .col-inner {\n  margin: 0px 0px 15px 0px;\n}\n<\/style>\n\t<\/div>\n\n\t\n\n\t<div id=\"col-1035735977\" class=\"col medium-6 small-12 large-6\"  >\n\t\t\t\t<div class=\"col-inner\"  >\n\t\t\t\n\t\t\t\n<p><i class=\"far fa-check-circle fa-2x\"><\/i><strong> Kerge kaaluga<\/strong><\/p>\n\t\t<\/div>\n\t\t\t\t\n<style>\n#col-1035735977 > .col-inner {\n  margin: 0px 0px 15px 0px;\n}\n<\/style>\n\t<\/div>\n\n\t\n<\/div>\n\t\t<\/div>\n\t\t\t\t\t<\/div>\n\n\t\n<\/div>\n<\/div><\/div><\/div>\n\t<div id=\"gap-1075117956\" class=\"gap-element clearfix\" style=\"display:block; height:auto;\">\n\t\t\n<style>\n#gap-1075117956 {\n  padding-top: 30px;\n}\n<\/style>\n\t<\/div>\n\t\n<h3>Lisagarantii<\/h3>\n<p> <strong>Registreeri oma DeWalti toode nelja n\u00e4dala jooksul p\u00e4rast ostu sooritamist ning pikenda garantiid 3 aastani.<\/strong><br \/>\n<a href=\"https:\/\/mydewalt.dewalt.co.uk\/3\/\">https:\/\/mydewalt.dewalt.co.uk\/3\/<\/a><\/p>\n<p>Lisagarantii ei kehti suru\u00f5hut\u00f6\u00f6riistadele, akunaelutitele, akudele, laadijatele, kompressoritele ja generaatoritele. <\/p>\n<p><img decoding=\"async\" src=\"https:\/\/espak.ee\/hinnakiri\/wp-content\/uploads\/Dewalt_plakat_A3_EE-scaled.jpg\" alt=\"Dewalt_plakat_A3_EE-scaled.jpg\" style=\"width:500px;\"\/><\/p>\n\t\t<\/div>\n\t\t\t\t\t<\/div>\n\n\t\n\n\t<div id=\"col-1133313691\" class=\"col medium-3 small-12 large-3\"  >\n\t\t\t\t<div class=\"col-inner\"  >\n\t\t\t\n\t\t\t\n\t<div id=\"gap-1947708175\" class=\"gap-element clearfix\" style=\"display:block; height:auto;\">\n\t\t\n<style>\n#gap-1947708175 {\n  padding-top: 30px;\n}\n<\/style>\n\t<\/div>\n\t\n<h3>Kasutusjuhend<\/h3>\n<p><a href=\"https:\/\/espak.ee\/epood\/wp-content\/uploads\/2021\/05\/DCV584L_BLT_A4_220620.pdf\" target=\"_blank\" rel=\"noopener noreferrer\"><i class=\"far fa-file-pdf\"><\/i> Kasutusjuhend (PDF)<\/a><\/p>\n<div class=\"is-divider divider clearfix\" ><\/div>\n<p><strong>\u00dcksikasjalikuma n\u00f5u saamiseks v\u00f5tke \u00fchendust:<br \/><\/strong>Espak AS<br \/>Viadukti 42<br \/>11313<br \/>Tallinn<br \/> T\u00f6\u00f6riista osakond +372 6512 335<br \/><a href=\"mailto:tooriist@espak.ee\">tooriist@espak.ee<\/a><\/p>\n\t\t<\/div>\n\t\t\t\t\t<\/div>\n\n\t\n<\/div>\n","protected":false},"excerpt":{"rendered":"","protected":false},"featured_media":83476,"comment_status":"closed","ping_status":"closed","template":"","meta":[],"product_brand":[],"product_cat":[2757,2733,2680,2679],"product_tag":[],"class_list":{"0":"post-82864","1":"product","2":"type-product","3":"status-publish","4":"has-post-thumbnail","6":"product_cat-akutolmuimejad","7":"product_cat-akutooriistad","8":"product_cat-elektritooriistad","9":"product_cat-tooriistad","10":"pa_kaubamark-dewalt","12":"first","13":"instock","14":"sale","15":"taxable","16":"shipping-taxable","17":"purchasable","18":"product-type-simple"},"yoast_head":"<!-- This site is optimized with the Yoast SEO plugin v26.9 - https:\/\/yoast.com\/product\/yoast-seo-wordpress\/ -->\n<title>AKUTOLMUIMEJA DEWALT DCV584L - Espak E-pood<\/title>\n<meta name=\"robots\" content=\"index, follow, max-snippet:-1, max-image-preview:large, max-video-preview:-1\" \/>\n<link rel=\"canonical\" href=\"https:\/\/espak.ee\/epood\/toode\/akutolmuimeja-dewalt-dcv584l\/\" \/>\n<meta property=\"og:locale\" content=\"et_EE\" \/>\n<meta property=\"og:type\" content=\"article\" \/>\n<meta property=\"og:title\" content=\"AKUTOLMUIMEJA DEWALT DCV584L - Espak E-pood\" \/>\n<meta property=\"og:url\" content=\"https:\/\/espak.ee\/epood\/toode\/akutolmuimeja-dewalt-dcv584l\/\" \/>\n<meta property=\"og:site_name\" content=\"Espak E-pood\" \/>\n<meta property=\"article:modified_time\" content=\"2024-03-23T11:35:18+00:00\" \/>\n<meta property=\"og:image\" content=\"https:\/\/espak.ee\/epood\/wp-content\/uploads\/2021\/05\/DCV584L_1_resized_1500_1500_300_rgb_jpg.jpg\" \/>\n\t<meta property=\"og:image:width\" content=\"1500\" \/>\n\t<meta property=\"og:image:height\" content=\"1500\" \/>\n\t<meta property=\"og:image:type\" content=\"image\/jpeg\" \/>\n<meta name=\"twitter:card\" content=\"summary_large_image\" \/>\n<meta name=\"twitter:label1\" content=\"Est. reading time\" \/>\n\t<meta name=\"twitter:data1\" content=\"1 minut\" \/>\n<script type=\"application\/ld+json\" class=\"yoast-schema-graph\">{\"@context\":\"https:\/\/schema.org\",\"@graph\":[{\"@type\":\"WebPage\",\"@id\":\"https:\/\/espak.ee\/epood\/toode\/akutolmuimeja-dewalt-dcv584l\/\",\"url\":\"https:\/\/espak.ee\/epood\/toode\/akutolmuimeja-dewalt-dcv584l\/\",\"name\":\"AKUTOLMUIMEJA DEWALT DCV584L - Espak E-pood\",\"isPartOf\":{\"@id\":\"https:\/\/espak.ee\/epood\/#website\"},\"primaryImageOfPage\":{\"@id\":\"https:\/\/espak.ee\/epood\/toode\/akutolmuimeja-dewalt-dcv584l\/#primaryimage\"},\"image\":{\"@id\":\"https:\/\/espak.ee\/epood\/toode\/akutolmuimeja-dewalt-dcv584l\/#primaryimage\"},\"thumbnailUrl\":\"https:\/\/espak.ee\/epood\/wp-content\/uploads\/2021\/05\/DCV584L_1_resized_1500_1500_300_rgb_jpg.jpg\",\"datePublished\":\"2021-05-07T07:31:26+00:00\",\"dateModified\":\"2024-03-23T11:35:18+00:00\",\"breadcrumb\":{\"@id\":\"https:\/\/espak.ee\/epood\/toode\/akutolmuimeja-dewalt-dcv584l\/#breadcrumb\"},\"inLanguage\":\"et\",\"potentialAction\":[{\"@type\":\"ReadAction\",\"target\":[\"https:\/\/espak.ee\/epood\/toode\/akutolmuimeja-dewalt-dcv584l\/\"]}]},{\"@type\":\"ImageObject\",\"inLanguage\":\"et\",\"@id\":\"https:\/\/espak.ee\/epood\/toode\/akutolmuimeja-dewalt-dcv584l\/#primaryimage\",\"url\":\"https:\/\/espak.ee\/epood\/wp-content\/uploads\/2021\/05\/DCV584L_1_resized_1500_1500_300_rgb_jpg.jpg\",\"contentUrl\":\"https:\/\/espak.ee\/epood\/wp-content\/uploads\/2021\/05\/DCV584L_1_resized_1500_1500_300_rgb_jpg.jpg\",\"width\":1500,\"height\":1500},{\"@type\":\"BreadcrumbList\",\"@id\":\"https:\/\/espak.ee\/epood\/toode\/akutolmuimeja-dewalt-dcv584l\/#breadcrumb\",\"itemListElement\":[{\"@type\":\"ListItem\",\"position\":1,\"name\":\"Home\",\"item\":\"https:\/\/espak.ee\/epood\/\"},{\"@type\":\"ListItem\",\"position\":2,\"name\":\"Tootevalik\",\"item\":\"https:\/\/espak.ee\/epood\/tootevalik\/\"},{\"@type\":\"ListItem\",\"position\":3,\"name\":\"AKUTOLMUIMEJA DEWALT DCV584L\"}]},{\"@type\":\"WebSite\",\"@id\":\"https:\/\/espak.ee\/epood\/#website\",\"url\":\"https:\/\/espak.ee\/epood\/\",\"name\":\"Espak E-pood\",\"description\":\"\",\"potentialAction\":[{\"@type\":\"SearchAction\",\"target\":{\"@type\":\"EntryPoint\",\"urlTemplate\":\"https:\/\/espak.ee\/epood\/?s={search_term_string}\"},\"query-input\":{\"@type\":\"PropertyValueSpecification\",\"valueRequired\":true,\"valueName\":\"search_term_string\"}}],\"inLanguage\":\"et\"}]}<\/script>\n<!-- \/ Yoast SEO plugin. -->","yoast_head_json":{"title":"AKUTOLMUIMEJA DEWALT DCV584L - Espak E-pood","robots":{"index":"index","follow":"follow","max-snippet":"max-snippet:-1","max-image-preview":"max-image-preview:large","max-video-preview":"max-video-preview:-1"},"canonical":"https:\/\/espak.ee\/epood\/toode\/akutolmuimeja-dewalt-dcv584l\/","og_locale":"et_EE","og_type":"article","og_title":"AKUTOLMUIMEJA DEWALT DCV584L - Espak E-pood","og_url":"https:\/\/espak.ee\/epood\/toode\/akutolmuimeja-dewalt-dcv584l\/","og_site_name":"Espak E-pood","article_modified_time":"2024-03-23T11:35:18+00:00","og_image":[{"width":1500,"height":1500,"url":"https:\/\/espak.ee\/epood\/wp-content\/uploads\/2021\/05\/DCV584L_1_resized_1500_1500_300_rgb_jpg.jpg","type":"image\/jpeg"}],"twitter_card":"summary_large_image","twitter_misc":{"Est. reading time":"1 minut"},"schema":{"@context":"https:\/\/schema.org","@graph":[{"@type":"WebPage","@id":"https:\/\/espak.ee\/epood\/toode\/akutolmuimeja-dewalt-dcv584l\/","url":"https:\/\/espak.ee\/epood\/toode\/akutolmuimeja-dewalt-dcv584l\/","name":"AKUTOLMUIMEJA DEWALT DCV584L - Espak E-pood","isPartOf":{"@id":"https:\/\/espak.ee\/epood\/#website"},"primaryImageOfPage":{"@id":"https:\/\/espak.ee\/epood\/toode\/akutolmuimeja-dewalt-dcv584l\/#primaryimage"},"image":{"@id":"https:\/\/espak.ee\/epood\/toode\/akutolmuimeja-dewalt-dcv584l\/#primaryimage"},"thumbnailUrl":"https:\/\/espak.ee\/epood\/wp-content\/uploads\/2021\/05\/DCV584L_1_resized_1500_1500_300_rgb_jpg.jpg","datePublished":"2021-05-07T07:31:26+00:00","dateModified":"2024-03-23T11:35:18+00:00","breadcrumb":{"@id":"https:\/\/espak.ee\/epood\/toode\/akutolmuimeja-dewalt-dcv584l\/#breadcrumb"},"inLanguage":"et","potentialAction":[{"@type":"ReadAction","target":["https:\/\/espak.ee\/epood\/toode\/akutolmuimeja-dewalt-dcv584l\/"]}]},{"@type":"ImageObject","inLanguage":"et","@id":"https:\/\/espak.ee\/epood\/toode\/akutolmuimeja-dewalt-dcv584l\/#primaryimage","url":"https:\/\/espak.ee\/epood\/wp-content\/uploads\/2021\/05\/DCV584L_1_resized_1500_1500_300_rgb_jpg.jpg","contentUrl":"https:\/\/espak.ee\/epood\/wp-content\/uploads\/2021\/05\/DCV584L_1_resized_1500_1500_300_rgb_jpg.jpg","width":1500,"height":1500},{"@type":"BreadcrumbList","@id":"https:\/\/espak.ee\/epood\/toode\/akutolmuimeja-dewalt-dcv584l\/#breadcrumb","itemListElement":[{"@type":"ListItem","position":1,"name":"Home","item":"https:\/\/espak.ee\/epood\/"},{"@type":"ListItem","position":2,"name":"Tootevalik","item":"https:\/\/espak.ee\/epood\/tootevalik\/"},{"@type":"ListItem","position":3,"name":"AKUTOLMUIMEJA DEWALT DCV584L"}]},{"@type":"WebSite","@id":"https:\/\/espak.ee\/epood\/#website","url":"https:\/\/espak.ee\/epood\/","name":"Espak E-pood","description":"","potentialAction":[{"@type":"SearchAction","target":{"@type":"EntryPoint","urlTemplate":"https:\/\/espak.ee\/epood\/?s={search_term_string}"},"query-input":{"@type":"PropertyValueSpecification","valueRequired":true,"valueName":"search_term_string"}}],"inLanguage":"et"}]}},"_links":{"self":[{"href":"https:\/\/espak.ee\/epood\/wp-json\/wp\/v2\/product\/82864","targetHints":{"allow":["GET"]}}],"collection":[{"href":"https:\/\/espak.ee\/epood\/wp-json\/wp\/v2\/product"}],"about":[{"href":"https:\/\/espak.ee\/epood\/wp-json\/wp\/v2\/types\/product"}],"replies":[{"embeddable":true,"href":"https:\/\/espak.ee\/epood\/wp-json\/wp\/v2\/comments?post=82864"}],"wp:featuredmedia":[{"embeddable":true,"href":"https:\/\/espak.ee\/epood\/wp-json\/wp\/v2\/media\/83476"}],"wp:attachment":[{"href":"https:\/\/espak.ee\/epood\/wp-json\/wp\/v2\/media?parent=82864"}],"wp:term":[{"taxonomy":"product_brand","embeddable":true,"href":"https:\/\/espak.ee\/epood\/wp-json\/wp\/v2\/product_brand?post=82864"},{"taxonomy":"product_cat","embeddable":true,"href":"https:\/\/espak.ee\/epood\/wp-json\/wp\/v2\/product_cat?post=82864"},{"taxonomy":"product_tag","embeddable":true,"href":"https:\/\/espak.ee\/epood\/wp-json\/wp\/v2\/product_tag?post=82864"}],"curies":[{"name":"wp","href":"https:\/\/api.w.org\/{rel}","templated":true}]}}