{"id":8278,"date":"2019-09-18T02:25:12","date_gmt":"2019-09-17T23:25:12","guid":{"rendered":"https:\/\/espak.ee\/hinnakiri\/?post_type=product&#038;p=8278"},"modified":"2024-03-23T00:19:15","modified_gmt":"2024-03-22T22:19:15","slug":"valamusegisti-blue-star-ar-502","status":"publish","type":"product","link":"https:\/\/espak.ee\/epood\/toode\/valamusegisti-blue-star-ar-502\/","title":{"rendered":"VALAMUSEGISTI BLUE STAR AR 502"},"content":{"rendered":"<div class=\"row\"  id=\"row-1163217424\">\n\n\t<div id=\"col-948375356\" class=\"col medium-9 small-12 large-9\"  >\n\t\t\t\t<div class=\"col-inner\"  >\n\t\t\t\n\t\t\t\n<h2>Valamusegisti<\/h2>\n<p>Valamusegisti 6l\/min<br \/>\nToote m\u00f5\u00f5dud: A = 127 | C = 102 | E = 60<\/p>\n<p>Blue Star Arona seeria kvaliteetne valamusegisti. Segisti on k\u00f5rgekvaliteedilise ja kauakestva kroom viimistlusega. Segistil on veekulu piiraja 6l\/min, Blue Star special keraamiline t\u00f6\u00f6element. Segisti s\u00f5elalt on lihtne eemaldada katlakivi, sest NEOPERL\u00ae Cascade SLC silikoonpinnaga aeraator takistab lubjasette moodustumist ning kindlustab vee \u00fchtlase voolamise pikaks ajaks. Aeraatorit on lihtne hooldada, lubjasette saab eemaldada n\u00e4puga \u00fcle silikoonpinna t\u00f5mmates. Blue Star M mugavustsoon ehk tila k\u00f5rgus valamutasapinnast on 60 mm. Tootele kehtib 5-aastane* garantii, kasutades toodet erasektoris v\u00f5i \u00e4ri- ja \u00fchiskondlikes ruumides. Garantii kehtib alates ostu sooritamise kuup\u00e4evast.<br \/>\nGarantiin\u00f5ude esitamisel tuleb ostu dokumentaaselt t\u00f5estada.<br \/>\n* Vastavalt Blue Star \u00fcldistele garantiitingimustele.<\/p>\n<p>Komplekti kuuluvad: segisti, 35cm survevoolikud, paigalduskomplekt.<\/p>\n<p>A &#8211; K\u00f5rgus<br \/>\nB &#8211; Laius<br \/>\nC &#8211; Kaugus seinast tilani \/ Kaugus tsentrist tilani<br \/>\nD &#8211; \u00dclepeadu\u0161i l\u00e4bim\u00f5\u00f5t<br \/>\nE &#8211; Mugavustsooni k\u00f5rgus<\/p>\n<p>T\u00e4psem info blue-star.ee kodulehek\u00fcljelt.<\/p>\n\t\t<\/div>\n\t\t\t\t\t<\/div>\n\n\t\n\n\t<div id=\"col-49891566\" class=\"col medium-3 small-12 large-3\"  >\n\t\t\t\t<div class=\"col-inner\"  >\n\t\t\t\n\t\t\t\n\t<div id=\"gap-1467514498\" class=\"gap-element clearfix\" style=\"display:block; height:auto;\">\n\t\t\n<style>\n#gap-1467514498 {\n  padding-top: 30px;\n}\n<\/style>\n\t<\/div>\n\t\n<h3>Tehniline informatsioon<\/h3>\n<p><a href=\"https:\/\/espak.ee\/epood\/wp-content\/uploads\/AR502-bluestar.pdf\" target=\"_blank\" rel=\"noopener noreferrer\"><i class=\"far fa-file-pdf\"><\/i> Tehniline info (PDF)<\/a><\/p>\n<div class=\"is-divider divider clearfix\" ><\/div>\n<p><strong>\u00dcksikasjalikuma n\u00f5u saamiseks v\u00f5tke \u00fchendust:<br \/><\/strong>O\u00dc Dreesis\ufeff<br \/>Laki 16-407<br \/>10621<br \/>Tallinn<br \/>+372 617 7200<\/p>\n\t\t<\/div>\n\t\t\t\t\t<\/div>\n\n\t\n<\/div>\n","protected":false},"excerpt":{"rendered":"","protected":false},"featured_media":10226,"comment_status":"closed","ping_status":"open","template":"","meta":[],"product_brand":[],"product_cat":[2819,2820,2821,2827],"product_tag":[],"class_list":{"0":"post-8278","1":"product","2":"type-product","3":"status-publish","4":"has-post-thumbnail","6":"product_cat-sanitaartehnika","7":"product_cat-sanitaartehnika-sanitaartehnika","8":"product_cat-segistid","9":"product_cat-valamusegistid","10":"pa_kaubamark-blue-star","12":"first","13":"instock","14":"sale","15":"taxable","16":"shipping-taxable","17":"purchasable","18":"product-type-simple"},"yoast_head":"<!-- This site is optimized with the Yoast SEO plugin v26.9 - https:\/\/yoast.com\/product\/yoast-seo-wordpress\/ -->\n<title>VALAMUSEGISTI BLUE STAR AR 502 - Espak E-pood<\/title>\n<meta name=\"robots\" content=\"index, follow, max-snippet:-1, max-image-preview:large, max-video-preview:-1\" \/>\n<link rel=\"canonical\" href=\"https:\/\/espak.ee\/epood\/toode\/valamusegisti-blue-star-ar-502\/\" \/>\n<meta property=\"og:locale\" content=\"et_EE\" \/>\n<meta property=\"og:type\" content=\"article\" \/>\n<meta property=\"og:title\" content=\"VALAMUSEGISTI BLUE STAR AR 502 - Espak E-pood\" \/>\n<meta property=\"og:url\" content=\"https:\/\/espak.ee\/epood\/toode\/valamusegisti-blue-star-ar-502\/\" \/>\n<meta property=\"og:site_name\" content=\"Espak E-pood\" \/>\n<meta property=\"article:modified_time\" content=\"2024-03-22T22:19:15+00:00\" \/>\n<meta property=\"og:image\" content=\"https:\/\/espak.ee\/epood\/wp-content\/uploads\/AR502.jpg\" \/>\n\t<meta property=\"og:image:width\" content=\"506\" \/>\n\t<meta property=\"og:image:height\" content=\"506\" \/>\n\t<meta property=\"og:image:type\" content=\"image\/jpeg\" \/>\n<meta name=\"twitter:card\" content=\"summary_large_image\" \/>\n<meta name=\"twitter:label1\" content=\"Est. reading time\" \/>\n\t<meta name=\"twitter:data1\" content=\"1 minut\" \/>\n<script type=\"application\/ld+json\" class=\"yoast-schema-graph\">{\"@context\":\"https:\/\/schema.org\",\"@graph\":[{\"@type\":\"WebPage\",\"@id\":\"https:\/\/espak.ee\/epood\/toode\/valamusegisti-blue-star-ar-502\/\",\"url\":\"https:\/\/espak.ee\/epood\/toode\/valamusegisti-blue-star-ar-502\/\",\"name\":\"VALAMUSEGISTI BLUE STAR AR 502 - Espak E-pood\",\"isPartOf\":{\"@id\":\"https:\/\/espak.ee\/epood\/#website\"},\"primaryImageOfPage\":{\"@id\":\"https:\/\/espak.ee\/epood\/toode\/valamusegisti-blue-star-ar-502\/#primaryimage\"},\"image\":{\"@id\":\"https:\/\/espak.ee\/epood\/toode\/valamusegisti-blue-star-ar-502\/#primaryimage\"},\"thumbnailUrl\":\"https:\/\/espak.ee\/epood\/wp-content\/uploads\/AR502.jpg\",\"datePublished\":\"2019-09-17T23:25:12+00:00\",\"dateModified\":\"2024-03-22T22:19:15+00:00\",\"breadcrumb\":{\"@id\":\"https:\/\/espak.ee\/epood\/toode\/valamusegisti-blue-star-ar-502\/#breadcrumb\"},\"inLanguage\":\"et\",\"potentialAction\":[{\"@type\":\"ReadAction\",\"target\":[\"https:\/\/espak.ee\/epood\/toode\/valamusegisti-blue-star-ar-502\/\"]}]},{\"@type\":\"ImageObject\",\"inLanguage\":\"et\",\"@id\":\"https:\/\/espak.ee\/epood\/toode\/valamusegisti-blue-star-ar-502\/#primaryimage\",\"url\":\"https:\/\/espak.ee\/epood\/wp-content\/uploads\/AR502.jpg\",\"contentUrl\":\"https:\/\/espak.ee\/epood\/wp-content\/uploads\/AR502.jpg\",\"width\":506,\"height\":506},{\"@type\":\"BreadcrumbList\",\"@id\":\"https:\/\/espak.ee\/epood\/toode\/valamusegisti-blue-star-ar-502\/#breadcrumb\",\"itemListElement\":[{\"@type\":\"ListItem\",\"position\":1,\"name\":\"Home\",\"item\":\"https:\/\/espak.ee\/epood\/\"},{\"@type\":\"ListItem\",\"position\":2,\"name\":\"Tootevalik\",\"item\":\"https:\/\/espak.ee\/epood\/tootevalik\/\"},{\"@type\":\"ListItem\",\"position\":3,\"name\":\"VALAMUSEGISTI BLUE STAR AR 502\"}]},{\"@type\":\"WebSite\",\"@id\":\"https:\/\/espak.ee\/epood\/#website\",\"url\":\"https:\/\/espak.ee\/epood\/\",\"name\":\"Espak E-pood\",\"description\":\"\",\"potentialAction\":[{\"@type\":\"SearchAction\",\"target\":{\"@type\":\"EntryPoint\",\"urlTemplate\":\"https:\/\/espak.ee\/epood\/?s={search_term_string}\"},\"query-input\":{\"@type\":\"PropertyValueSpecification\",\"valueRequired\":true,\"valueName\":\"search_term_string\"}}],\"inLanguage\":\"et\"}]}<\/script>\n<!-- \/ Yoast SEO plugin. -->","yoast_head_json":{"title":"VALAMUSEGISTI BLUE STAR AR 502 - Espak E-pood","robots":{"index":"index","follow":"follow","max-snippet":"max-snippet:-1","max-image-preview":"max-image-preview:large","max-video-preview":"max-video-preview:-1"},"canonical":"https:\/\/espak.ee\/epood\/toode\/valamusegisti-blue-star-ar-502\/","og_locale":"et_EE","og_type":"article","og_title":"VALAMUSEGISTI BLUE STAR AR 502 - Espak E-pood","og_url":"https:\/\/espak.ee\/epood\/toode\/valamusegisti-blue-star-ar-502\/","og_site_name":"Espak E-pood","article_modified_time":"2024-03-22T22:19:15+00:00","og_image":[{"width":506,"height":506,"url":"https:\/\/espak.ee\/epood\/wp-content\/uploads\/AR502.jpg","type":"image\/jpeg"}],"twitter_card":"summary_large_image","twitter_misc":{"Est. reading time":"1 minut"},"schema":{"@context":"https:\/\/schema.org","@graph":[{"@type":"WebPage","@id":"https:\/\/espak.ee\/epood\/toode\/valamusegisti-blue-star-ar-502\/","url":"https:\/\/espak.ee\/epood\/toode\/valamusegisti-blue-star-ar-502\/","name":"VALAMUSEGISTI BLUE STAR AR 502 - Espak E-pood","isPartOf":{"@id":"https:\/\/espak.ee\/epood\/#website"},"primaryImageOfPage":{"@id":"https:\/\/espak.ee\/epood\/toode\/valamusegisti-blue-star-ar-502\/#primaryimage"},"image":{"@id":"https:\/\/espak.ee\/epood\/toode\/valamusegisti-blue-star-ar-502\/#primaryimage"},"thumbnailUrl":"https:\/\/espak.ee\/epood\/wp-content\/uploads\/AR502.jpg","datePublished":"2019-09-17T23:25:12+00:00","dateModified":"2024-03-22T22:19:15+00:00","breadcrumb":{"@id":"https:\/\/espak.ee\/epood\/toode\/valamusegisti-blue-star-ar-502\/#breadcrumb"},"inLanguage":"et","potentialAction":[{"@type":"ReadAction","target":["https:\/\/espak.ee\/epood\/toode\/valamusegisti-blue-star-ar-502\/"]}]},{"@type":"ImageObject","inLanguage":"et","@id":"https:\/\/espak.ee\/epood\/toode\/valamusegisti-blue-star-ar-502\/#primaryimage","url":"https:\/\/espak.ee\/epood\/wp-content\/uploads\/AR502.jpg","contentUrl":"https:\/\/espak.ee\/epood\/wp-content\/uploads\/AR502.jpg","width":506,"height":506},{"@type":"BreadcrumbList","@id":"https:\/\/espak.ee\/epood\/toode\/valamusegisti-blue-star-ar-502\/#breadcrumb","itemListElement":[{"@type":"ListItem","position":1,"name":"Home","item":"https:\/\/espak.ee\/epood\/"},{"@type":"ListItem","position":2,"name":"Tootevalik","item":"https:\/\/espak.ee\/epood\/tootevalik\/"},{"@type":"ListItem","position":3,"name":"VALAMUSEGISTI BLUE STAR AR 502"}]},{"@type":"WebSite","@id":"https:\/\/espak.ee\/epood\/#website","url":"https:\/\/espak.ee\/epood\/","name":"Espak E-pood","description":"","potentialAction":[{"@type":"SearchAction","target":{"@type":"EntryPoint","urlTemplate":"https:\/\/espak.ee\/epood\/?s={search_term_string}"},"query-input":{"@type":"PropertyValueSpecification","valueRequired":true,"valueName":"search_term_string"}}],"inLanguage":"et"}]}},"_links":{"self":[{"href":"https:\/\/espak.ee\/epood\/wp-json\/wp\/v2\/product\/8278","targetHints":{"allow":["GET"]}}],"collection":[{"href":"https:\/\/espak.ee\/epood\/wp-json\/wp\/v2\/product"}],"about":[{"href":"https:\/\/espak.ee\/epood\/wp-json\/wp\/v2\/types\/product"}],"replies":[{"embeddable":true,"href":"https:\/\/espak.ee\/epood\/wp-json\/wp\/v2\/comments?post=8278"}],"wp:featuredmedia":[{"embeddable":true,"href":"https:\/\/espak.ee\/epood\/wp-json\/wp\/v2\/media\/10226"}],"wp:attachment":[{"href":"https:\/\/espak.ee\/epood\/wp-json\/wp\/v2\/media?parent=8278"}],"wp:term":[{"taxonomy":"product_brand","embeddable":true,"href":"https:\/\/espak.ee\/epood\/wp-json\/wp\/v2\/product_brand?post=8278"},{"taxonomy":"product_cat","embeddable":true,"href":"https:\/\/espak.ee\/epood\/wp-json\/wp\/v2\/product_cat?post=8278"},{"taxonomy":"product_tag","embeddable":true,"href":"https:\/\/espak.ee\/epood\/wp-json\/wp\/v2\/product_tag?post=8278"}],"curies":[{"name":"wp","href":"https:\/\/api.w.org\/{rel}","templated":true}]}}