{"id":82214,"date":"2021-05-04T21:52:07","date_gmt":"2021-05-04T21:52:07","guid":{"rendered":"https:\/\/espak.ee\/epood\/?post_type=product&#038;p=82214"},"modified":"2026-03-22T08:41:13","modified_gmt":"2026-03-22T06:41:13","slug":"kaminatarvikute-komplekt-htt-830","status":"publish","type":"product","link":"https:\/\/espak.ee\/epood\/toode\/kaminatarvikute-komplekt-htt-830\/","title":{"rendered":"KAMINATARVIKUTE KOMPLEKT HTT 830"},"content":{"rendered":"<div class=\"row\"  id=\"row-1505364327\">\n\n\t<div id=\"col-565734477\" class=\"col medium-9 small-12 large-9\"  >\n\t\t\t\t<div class=\"col-inner\"  >\n\t\t\t\n\t\t\t\n<h3>Kaminatarvikute komplekt HTT 830<\/h3>\n<p>Terasest mustade detailidega kaminatarvikute komplekt.<br \/>\nM\u00f5\u00f5t: 23 x 15 x 66 cm. <\/p>\n\t\t<\/div>\n\t\t\t\t\t<\/div>\n\n\t\n\n\t<div id=\"col-756986355\" class=\"col medium-3 small-12 large-3\"  >\n\t\t\t\t<div class=\"col-inner\"  >\n\t\t\t\n\t\t\t\n\t<div id=\"gap-278995928\" class=\"gap-element clearfix\" style=\"display:block; height:auto;\">\n\t\t\n<style>\n#gap-278995928 {\n  padding-top: 30px;\n}\n<\/style>\n\t<\/div>\n\t\n<p><a href=\"https:\/\/espak.ee\/epood\/wp-content\/uploads\/2021\/04\/HTT_esite_EE_2019.pdf\"target=\"_blank\" rel=\"noopener noreferrer\"><i class=\"far fa-file-pdf\"><\/i> HTT_kataloog_2019 (PDF)<\/a><\/p>\n<div class=\"is-divider divider clearfix\" ><\/div>\n<p><strong>\u00dcksikasjalikuma n\u00f5u saamiseks v\u00f5tke \u00fchendust:<br \/><\/strong>Espak AS<br \/>Viadukti 42<br \/>11313<br \/>Tallinn<br \/>+372 6 512333<\/p>\n\t\t<\/div>\n\t\t\t\t\t<\/div>\n\n\t\n<\/div>\n","protected":false},"excerpt":{"rendered":"","protected":false},"featured_media":82800,"comment_status":"closed","ping_status":"closed","template":"","meta":[],"product_brand":[],"product_cat":[3682,3071,3693,3070],"product_tag":[],"class_list":{"0":"post-82214","1":"product","2":"type-product","3":"status-publish","4":"has-post-thumbnail","6":"product_cat-ahju-kamina-pliidi-tarvikud","7":"product_cat-ahjud-kaminad-kerised","8":"product_cat-kaminakomplektid-ja-puukorvid","9":"product_cat-kute-ja-ventilatsioon","10":"pa_kaubamark-pisla-oy","12":"first","13":"instock","14":"sale","15":"taxable","16":"shipping-taxable","17":"purchasable","18":"product-type-simple"},"yoast_head":"<!-- This site is optimized with the Yoast SEO plugin v26.9 - https:\/\/yoast.com\/product\/yoast-seo-wordpress\/ -->\n<title>KAMINATARVIKUTE KOMPLEKT HTT 830 - Espak E-pood<\/title>\n<meta name=\"robots\" content=\"index, follow, max-snippet:-1, max-image-preview:large, max-video-preview:-1\" \/>\n<link rel=\"canonical\" href=\"https:\/\/espak.ee\/epood\/toode\/kaminatarvikute-komplekt-htt-830\/\" \/>\n<meta property=\"og:locale\" content=\"et_EE\" \/>\n<meta property=\"og:type\" content=\"article\" \/>\n<meta property=\"og:title\" content=\"KAMINATARVIKUTE KOMPLEKT HTT 830 - Espak E-pood\" \/>\n<meta property=\"og:url\" content=\"https:\/\/espak.ee\/epood\/toode\/kaminatarvikute-komplekt-htt-830\/\" \/>\n<meta property=\"og:site_name\" content=\"Espak E-pood\" \/>\n<meta property=\"article:modified_time\" content=\"2026-03-22T06:41:13+00:00\" \/>\n<meta property=\"og:image\" content=\"https:\/\/espak.ee\/epood\/wp-content\/uploads\/2021\/05\/105335_41702200_W.jpg\" \/>\n\t<meta property=\"og:image:width\" content=\"450\" \/>\n\t<meta property=\"og:image:height\" content=\"450\" \/>\n\t<meta property=\"og:image:type\" content=\"image\/jpeg\" \/>\n<meta name=\"twitter:card\" content=\"summary_large_image\" \/>\n<script type=\"application\/ld+json\" class=\"yoast-schema-graph\">{\"@context\":\"https:\/\/schema.org\",\"@graph\":[{\"@type\":\"WebPage\",\"@id\":\"https:\/\/espak.ee\/epood\/toode\/kaminatarvikute-komplekt-htt-830\/\",\"url\":\"https:\/\/espak.ee\/epood\/toode\/kaminatarvikute-komplekt-htt-830\/\",\"name\":\"KAMINATARVIKUTE KOMPLEKT HTT 830 - Espak E-pood\",\"isPartOf\":{\"@id\":\"https:\/\/espak.ee\/epood\/#website\"},\"primaryImageOfPage\":{\"@id\":\"https:\/\/espak.ee\/epood\/toode\/kaminatarvikute-komplekt-htt-830\/#primaryimage\"},\"image\":{\"@id\":\"https:\/\/espak.ee\/epood\/toode\/kaminatarvikute-komplekt-htt-830\/#primaryimage\"},\"thumbnailUrl\":\"https:\/\/espak.ee\/epood\/wp-content\/uploads\/2021\/05\/105335_41702200_W.jpg\",\"datePublished\":\"2021-05-04T21:52:07+00:00\",\"dateModified\":\"2026-03-22T06:41:13+00:00\",\"breadcrumb\":{\"@id\":\"https:\/\/espak.ee\/epood\/toode\/kaminatarvikute-komplekt-htt-830\/#breadcrumb\"},\"inLanguage\":\"et\",\"potentialAction\":[{\"@type\":\"ReadAction\",\"target\":[\"https:\/\/espak.ee\/epood\/toode\/kaminatarvikute-komplekt-htt-830\/\"]}]},{\"@type\":\"ImageObject\",\"inLanguage\":\"et\",\"@id\":\"https:\/\/espak.ee\/epood\/toode\/kaminatarvikute-komplekt-htt-830\/#primaryimage\",\"url\":\"https:\/\/espak.ee\/epood\/wp-content\/uploads\/2021\/05\/105335_41702200_W.jpg\",\"contentUrl\":\"https:\/\/espak.ee\/epood\/wp-content\/uploads\/2021\/05\/105335_41702200_W.jpg\",\"width\":450,\"height\":450},{\"@type\":\"BreadcrumbList\",\"@id\":\"https:\/\/espak.ee\/epood\/toode\/kaminatarvikute-komplekt-htt-830\/#breadcrumb\",\"itemListElement\":[{\"@type\":\"ListItem\",\"position\":1,\"name\":\"Home\",\"item\":\"https:\/\/espak.ee\/epood\/\"},{\"@type\":\"ListItem\",\"position\":2,\"name\":\"Tootevalik\",\"item\":\"https:\/\/espak.ee\/epood\/tootevalik\/\"},{\"@type\":\"ListItem\",\"position\":3,\"name\":\"KAMINATARVIKUTE KOMPLEKT HTT 830\"}]},{\"@type\":\"WebSite\",\"@id\":\"https:\/\/espak.ee\/epood\/#website\",\"url\":\"https:\/\/espak.ee\/epood\/\",\"name\":\"Espak E-pood\",\"description\":\"\",\"potentialAction\":[{\"@type\":\"SearchAction\",\"target\":{\"@type\":\"EntryPoint\",\"urlTemplate\":\"https:\/\/espak.ee\/epood\/?s={search_term_string}\"},\"query-input\":{\"@type\":\"PropertyValueSpecification\",\"valueRequired\":true,\"valueName\":\"search_term_string\"}}],\"inLanguage\":\"et\"}]}<\/script>\n<!-- \/ Yoast SEO plugin. -->","yoast_head_json":{"title":"KAMINATARVIKUTE KOMPLEKT HTT 830 - Espak E-pood","robots":{"index":"index","follow":"follow","max-snippet":"max-snippet:-1","max-image-preview":"max-image-preview:large","max-video-preview":"max-video-preview:-1"},"canonical":"https:\/\/espak.ee\/epood\/toode\/kaminatarvikute-komplekt-htt-830\/","og_locale":"et_EE","og_type":"article","og_title":"KAMINATARVIKUTE KOMPLEKT HTT 830 - Espak E-pood","og_url":"https:\/\/espak.ee\/epood\/toode\/kaminatarvikute-komplekt-htt-830\/","og_site_name":"Espak E-pood","article_modified_time":"2026-03-22T06:41:13+00:00","og_image":[{"width":450,"height":450,"url":"https:\/\/espak.ee\/epood\/wp-content\/uploads\/2021\/05\/105335_41702200_W.jpg","type":"image\/jpeg"}],"twitter_card":"summary_large_image","schema":{"@context":"https:\/\/schema.org","@graph":[{"@type":"WebPage","@id":"https:\/\/espak.ee\/epood\/toode\/kaminatarvikute-komplekt-htt-830\/","url":"https:\/\/espak.ee\/epood\/toode\/kaminatarvikute-komplekt-htt-830\/","name":"KAMINATARVIKUTE KOMPLEKT HTT 830 - Espak E-pood","isPartOf":{"@id":"https:\/\/espak.ee\/epood\/#website"},"primaryImageOfPage":{"@id":"https:\/\/espak.ee\/epood\/toode\/kaminatarvikute-komplekt-htt-830\/#primaryimage"},"image":{"@id":"https:\/\/espak.ee\/epood\/toode\/kaminatarvikute-komplekt-htt-830\/#primaryimage"},"thumbnailUrl":"https:\/\/espak.ee\/epood\/wp-content\/uploads\/2021\/05\/105335_41702200_W.jpg","datePublished":"2021-05-04T21:52:07+00:00","dateModified":"2026-03-22T06:41:13+00:00","breadcrumb":{"@id":"https:\/\/espak.ee\/epood\/toode\/kaminatarvikute-komplekt-htt-830\/#breadcrumb"},"inLanguage":"et","potentialAction":[{"@type":"ReadAction","target":["https:\/\/espak.ee\/epood\/toode\/kaminatarvikute-komplekt-htt-830\/"]}]},{"@type":"ImageObject","inLanguage":"et","@id":"https:\/\/espak.ee\/epood\/toode\/kaminatarvikute-komplekt-htt-830\/#primaryimage","url":"https:\/\/espak.ee\/epood\/wp-content\/uploads\/2021\/05\/105335_41702200_W.jpg","contentUrl":"https:\/\/espak.ee\/epood\/wp-content\/uploads\/2021\/05\/105335_41702200_W.jpg","width":450,"height":450},{"@type":"BreadcrumbList","@id":"https:\/\/espak.ee\/epood\/toode\/kaminatarvikute-komplekt-htt-830\/#breadcrumb","itemListElement":[{"@type":"ListItem","position":1,"name":"Home","item":"https:\/\/espak.ee\/epood\/"},{"@type":"ListItem","position":2,"name":"Tootevalik","item":"https:\/\/espak.ee\/epood\/tootevalik\/"},{"@type":"ListItem","position":3,"name":"KAMINATARVIKUTE KOMPLEKT HTT 830"}]},{"@type":"WebSite","@id":"https:\/\/espak.ee\/epood\/#website","url":"https:\/\/espak.ee\/epood\/","name":"Espak E-pood","description":"","potentialAction":[{"@type":"SearchAction","target":{"@type":"EntryPoint","urlTemplate":"https:\/\/espak.ee\/epood\/?s={search_term_string}"},"query-input":{"@type":"PropertyValueSpecification","valueRequired":true,"valueName":"search_term_string"}}],"inLanguage":"et"}]}},"_links":{"self":[{"href":"https:\/\/espak.ee\/epood\/wp-json\/wp\/v2\/product\/82214","targetHints":{"allow":["GET"]}}],"collection":[{"href":"https:\/\/espak.ee\/epood\/wp-json\/wp\/v2\/product"}],"about":[{"href":"https:\/\/espak.ee\/epood\/wp-json\/wp\/v2\/types\/product"}],"replies":[{"embeddable":true,"href":"https:\/\/espak.ee\/epood\/wp-json\/wp\/v2\/comments?post=82214"}],"wp:featuredmedia":[{"embeddable":true,"href":"https:\/\/espak.ee\/epood\/wp-json\/wp\/v2\/media\/82800"}],"wp:attachment":[{"href":"https:\/\/espak.ee\/epood\/wp-json\/wp\/v2\/media?parent=82214"}],"wp:term":[{"taxonomy":"product_brand","embeddable":true,"href":"https:\/\/espak.ee\/epood\/wp-json\/wp\/v2\/product_brand?post=82214"},{"taxonomy":"product_cat","embeddable":true,"href":"https:\/\/espak.ee\/epood\/wp-json\/wp\/v2\/product_cat?post=82214"},{"taxonomy":"product_tag","embeddable":true,"href":"https:\/\/espak.ee\/epood\/wp-json\/wp\/v2\/product_tag?post=82214"}],"curies":[{"name":"wp","href":"https:\/\/api.w.org\/{rel}","templated":true}]}}