{"id":79952,"date":"2021-04-22T05:34:50","date_gmt":"2021-04-22T05:34:50","guid":{"rendered":"https:\/\/espak.ee\/epood\/?post_type=product&#038;p=79952"},"modified":"2024-03-23T13:39:28","modified_gmt":"2024-03-23T11:39:28","slug":"liivakastiliiv-silikaat-00-20-25kg","status":"publish","type":"product","link":"https:\/\/espak.ee\/epood\/toode\/liivakastiliiv-silikaat-00-20-25kg\/","title":{"rendered":"LIIVAKASTILIIV SILIKAAT 0,0-2,0 25KG"},"content":{"rendered":"<div class=\"row\"  id=\"row-1566732796\">\n\n\t<div id=\"col-2027158363\" class=\"col medium-9 small-12 large-9\"  >\n\t\t\t\t<div class=\"col-inner\"  >\n\t\t\t\n\t\t\t\n<h2>Liivakastiliiv 25kg<\/h2>\n<p>Silikaadi s\u00f5elutud kuivliiv on valmistatud M\u00e4nniku karj\u00e4\u00e4ri liivast kuivatamise ja s\u00f5elumise teel.<br \/>\nSilikaadi pestud ja s\u00f5elutud liiv on puhas, looduslik ja m\u00e4ngimiseks loodud. Spetsiaalselt liivakastidesse m\u00f5eldud liiv on s\u00f5redama fraktsiooniga, t\u00e4nu millele liiv ei tolma, ei t\u00f5use iga tuuleiili peale lendu ning teeb riiete puhastamise liivast lihtsamaks.<\/p>\n\t<div id=\"gap-413022373\" class=\"gap-element clearfix\" style=\"display:block; height:auto;\">\n\t\t\n<style>\n#gap-413022373 {\n  padding-top: 30px;\n}\n<\/style>\n\t<\/div>\n\t\n<h3>Kasutamise \u00fcksikasjad<\/h3>\n<p>Esmane t\u00e4itmine: 1 x 1 m\u00b2 liivakasti t\u00e4itmiseks piisab 14-st Silikaadi liivakasti liiva kotist.<br \/>\nKorduv t\u00e4itmine: Iga-aastaseks liivakasti korduvt\u00e4itmiseks piisab neljast liivakasti liiva kotist. Puhta liiva tagamiseks liivakastis soovitame liiva v\u00e4lja vahetada iga kahe aasta tagant.<\/p>\n\t\t<\/div>\n\t\t\t\t\t<\/div>\n\n\t\n\n\t<div id=\"col-472868168\" class=\"col medium-3 small-12 large-3\"  >\n\t\t\t\t<div class=\"col-inner\"  >\n\t\t\t\n\t\t\t\n\t<div id=\"gap-1793608320\" class=\"gap-element clearfix\" style=\"display:block; height:auto;\">\n\t\t\n<style>\n#gap-1793608320 {\n  padding-top: 30px;\n}\n<\/style>\n\t<\/div>\n\t\n<div class=\"is-divider divider clearfix\" ><\/div>\n<p><strong>\u00dcksikasjalikuma n\u00f5u saamiseks v\u00f5tke \u00fchendust:<br \/><\/strong>AS SILIKAAT<br \/>P\u00e4rnu mnt 238<br \/>11624<br \/>Tallinn<br \/>+372 6140300<\/p>\n<div class=\"is-divider divider clearfix\" ><\/div>\n\t\t<\/div>\n\t\t\t\t\t<\/div>\n\n\t\n<\/div>\n","protected":false},"excerpt":{"rendered":"","protected":false},"featured_media":81896,"comment_status":"closed","ping_status":"closed","template":"","meta":[],"product_brand":[],"product_cat":[2698,2864,2814,2697],"product_tag":[],"class_list":{"0":"post-79952","1":"product","2":"type-product","3":"status-publish","4":"has-post-thumbnail","6":"product_cat-pahtlid-ja-kuivsegud","7":"product_cat-sideained","8":"product_cat-tsementsegud","9":"product_cat-uldehitus","11":"first","12":"outofstock","13":"sale","14":"taxable","15":"shipping-taxable","16":"purchasable","17":"product-type-simple"},"yoast_head":"<!-- This site is optimized with the Yoast SEO plugin v26.9 - https:\/\/yoast.com\/product\/yoast-seo-wordpress\/ -->\n<title>LIIVAKASTILIIV SILIKAAT 0,0-2,0 25KG - Espak E-pood<\/title>\n<meta name=\"robots\" content=\"index, follow, max-snippet:-1, max-image-preview:large, max-video-preview:-1\" \/>\n<link rel=\"canonical\" href=\"https:\/\/espak.ee\/epood\/toode\/liivakastiliiv-silikaat-00-20-25kg\/\" \/>\n<meta property=\"og:locale\" content=\"et_EE\" \/>\n<meta property=\"og:type\" content=\"article\" \/>\n<meta property=\"og:title\" content=\"LIIVAKASTILIIV SILIKAAT 0,0-2,0 25KG - Espak E-pood\" \/>\n<meta property=\"og:url\" content=\"https:\/\/espak.ee\/epood\/toode\/liivakastiliiv-silikaat-00-20-25kg\/\" \/>\n<meta property=\"og:site_name\" content=\"Espak E-pood\" \/>\n<meta property=\"article:modified_time\" content=\"2024-03-23T11:39:28+00:00\" \/>\n<meta property=\"og:image\" content=\"https:\/\/espak.ee\/epood\/wp-content\/uploads\/2021\/04\/Liivakastiliiv-Silikaat-800x667-1.jpg\" \/>\n\t<meta property=\"og:image:width\" content=\"800\" \/>\n\t<meta property=\"og:image:height\" content=\"667\" \/>\n\t<meta property=\"og:image:type\" content=\"image\/jpeg\" \/>\n<meta name=\"twitter:card\" content=\"summary_large_image\" \/>\n<meta name=\"twitter:label1\" content=\"Est. reading time\" \/>\n\t<meta name=\"twitter:data1\" content=\"1 minut\" \/>\n<script type=\"application\/ld+json\" class=\"yoast-schema-graph\">{\"@context\":\"https:\/\/schema.org\",\"@graph\":[{\"@type\":\"WebPage\",\"@id\":\"https:\/\/espak.ee\/epood\/toode\/liivakastiliiv-silikaat-00-20-25kg\/\",\"url\":\"https:\/\/espak.ee\/epood\/toode\/liivakastiliiv-silikaat-00-20-25kg\/\",\"name\":\"LIIVAKASTILIIV SILIKAAT 0,0-2,0 25KG - Espak E-pood\",\"isPartOf\":{\"@id\":\"https:\/\/espak.ee\/epood\/#website\"},\"primaryImageOfPage\":{\"@id\":\"https:\/\/espak.ee\/epood\/toode\/liivakastiliiv-silikaat-00-20-25kg\/#primaryimage\"},\"image\":{\"@id\":\"https:\/\/espak.ee\/epood\/toode\/liivakastiliiv-silikaat-00-20-25kg\/#primaryimage\"},\"thumbnailUrl\":\"https:\/\/espak.ee\/epood\/wp-content\/uploads\/2021\/04\/Liivakastiliiv-Silikaat-800x667-1.jpg\",\"datePublished\":\"2021-04-22T05:34:50+00:00\",\"dateModified\":\"2024-03-23T11:39:28+00:00\",\"breadcrumb\":{\"@id\":\"https:\/\/espak.ee\/epood\/toode\/liivakastiliiv-silikaat-00-20-25kg\/#breadcrumb\"},\"inLanguage\":\"et\",\"potentialAction\":[{\"@type\":\"ReadAction\",\"target\":[\"https:\/\/espak.ee\/epood\/toode\/liivakastiliiv-silikaat-00-20-25kg\/\"]}]},{\"@type\":\"ImageObject\",\"inLanguage\":\"et\",\"@id\":\"https:\/\/espak.ee\/epood\/toode\/liivakastiliiv-silikaat-00-20-25kg\/#primaryimage\",\"url\":\"https:\/\/espak.ee\/epood\/wp-content\/uploads\/2021\/04\/Liivakastiliiv-Silikaat-800x667-1.jpg\",\"contentUrl\":\"https:\/\/espak.ee\/epood\/wp-content\/uploads\/2021\/04\/Liivakastiliiv-Silikaat-800x667-1.jpg\",\"width\":800,\"height\":667},{\"@type\":\"BreadcrumbList\",\"@id\":\"https:\/\/espak.ee\/epood\/toode\/liivakastiliiv-silikaat-00-20-25kg\/#breadcrumb\",\"itemListElement\":[{\"@type\":\"ListItem\",\"position\":1,\"name\":\"Home\",\"item\":\"https:\/\/espak.ee\/epood\/\"},{\"@type\":\"ListItem\",\"position\":2,\"name\":\"Tootevalik\",\"item\":\"https:\/\/espak.ee\/epood\/tootevalik\/\"},{\"@type\":\"ListItem\",\"position\":3,\"name\":\"LIIVAKASTILIIV SILIKAAT 0,0-2,0 25KG\"}]},{\"@type\":\"WebSite\",\"@id\":\"https:\/\/espak.ee\/epood\/#website\",\"url\":\"https:\/\/espak.ee\/epood\/\",\"name\":\"Espak E-pood\",\"description\":\"\",\"potentialAction\":[{\"@type\":\"SearchAction\",\"target\":{\"@type\":\"EntryPoint\",\"urlTemplate\":\"https:\/\/espak.ee\/epood\/?s={search_term_string}\"},\"query-input\":{\"@type\":\"PropertyValueSpecification\",\"valueRequired\":true,\"valueName\":\"search_term_string\"}}],\"inLanguage\":\"et\"}]}<\/script>\n<!-- \/ Yoast SEO plugin. -->","yoast_head_json":{"title":"LIIVAKASTILIIV SILIKAAT 0,0-2,0 25KG - Espak E-pood","robots":{"index":"index","follow":"follow","max-snippet":"max-snippet:-1","max-image-preview":"max-image-preview:large","max-video-preview":"max-video-preview:-1"},"canonical":"https:\/\/espak.ee\/epood\/toode\/liivakastiliiv-silikaat-00-20-25kg\/","og_locale":"et_EE","og_type":"article","og_title":"LIIVAKASTILIIV SILIKAAT 0,0-2,0 25KG - Espak E-pood","og_url":"https:\/\/espak.ee\/epood\/toode\/liivakastiliiv-silikaat-00-20-25kg\/","og_site_name":"Espak E-pood","article_modified_time":"2024-03-23T11:39:28+00:00","og_image":[{"width":800,"height":667,"url":"https:\/\/espak.ee\/epood\/wp-content\/uploads\/2021\/04\/Liivakastiliiv-Silikaat-800x667-1.jpg","type":"image\/jpeg"}],"twitter_card":"summary_large_image","twitter_misc":{"Est. reading time":"1 minut"},"schema":{"@context":"https:\/\/schema.org","@graph":[{"@type":"WebPage","@id":"https:\/\/espak.ee\/epood\/toode\/liivakastiliiv-silikaat-00-20-25kg\/","url":"https:\/\/espak.ee\/epood\/toode\/liivakastiliiv-silikaat-00-20-25kg\/","name":"LIIVAKASTILIIV SILIKAAT 0,0-2,0 25KG - Espak E-pood","isPartOf":{"@id":"https:\/\/espak.ee\/epood\/#website"},"primaryImageOfPage":{"@id":"https:\/\/espak.ee\/epood\/toode\/liivakastiliiv-silikaat-00-20-25kg\/#primaryimage"},"image":{"@id":"https:\/\/espak.ee\/epood\/toode\/liivakastiliiv-silikaat-00-20-25kg\/#primaryimage"},"thumbnailUrl":"https:\/\/espak.ee\/epood\/wp-content\/uploads\/2021\/04\/Liivakastiliiv-Silikaat-800x667-1.jpg","datePublished":"2021-04-22T05:34:50+00:00","dateModified":"2024-03-23T11:39:28+00:00","breadcrumb":{"@id":"https:\/\/espak.ee\/epood\/toode\/liivakastiliiv-silikaat-00-20-25kg\/#breadcrumb"},"inLanguage":"et","potentialAction":[{"@type":"ReadAction","target":["https:\/\/espak.ee\/epood\/toode\/liivakastiliiv-silikaat-00-20-25kg\/"]}]},{"@type":"ImageObject","inLanguage":"et","@id":"https:\/\/espak.ee\/epood\/toode\/liivakastiliiv-silikaat-00-20-25kg\/#primaryimage","url":"https:\/\/espak.ee\/epood\/wp-content\/uploads\/2021\/04\/Liivakastiliiv-Silikaat-800x667-1.jpg","contentUrl":"https:\/\/espak.ee\/epood\/wp-content\/uploads\/2021\/04\/Liivakastiliiv-Silikaat-800x667-1.jpg","width":800,"height":667},{"@type":"BreadcrumbList","@id":"https:\/\/espak.ee\/epood\/toode\/liivakastiliiv-silikaat-00-20-25kg\/#breadcrumb","itemListElement":[{"@type":"ListItem","position":1,"name":"Home","item":"https:\/\/espak.ee\/epood\/"},{"@type":"ListItem","position":2,"name":"Tootevalik","item":"https:\/\/espak.ee\/epood\/tootevalik\/"},{"@type":"ListItem","position":3,"name":"LIIVAKASTILIIV SILIKAAT 0,0-2,0 25KG"}]},{"@type":"WebSite","@id":"https:\/\/espak.ee\/epood\/#website","url":"https:\/\/espak.ee\/epood\/","name":"Espak E-pood","description":"","potentialAction":[{"@type":"SearchAction","target":{"@type":"EntryPoint","urlTemplate":"https:\/\/espak.ee\/epood\/?s={search_term_string}"},"query-input":{"@type":"PropertyValueSpecification","valueRequired":true,"valueName":"search_term_string"}}],"inLanguage":"et"}]}},"_links":{"self":[{"href":"https:\/\/espak.ee\/epood\/wp-json\/wp\/v2\/product\/79952","targetHints":{"allow":["GET"]}}],"collection":[{"href":"https:\/\/espak.ee\/epood\/wp-json\/wp\/v2\/product"}],"about":[{"href":"https:\/\/espak.ee\/epood\/wp-json\/wp\/v2\/types\/product"}],"replies":[{"embeddable":true,"href":"https:\/\/espak.ee\/epood\/wp-json\/wp\/v2\/comments?post=79952"}],"wp:featuredmedia":[{"embeddable":true,"href":"https:\/\/espak.ee\/epood\/wp-json\/wp\/v2\/media\/81896"}],"wp:attachment":[{"href":"https:\/\/espak.ee\/epood\/wp-json\/wp\/v2\/media?parent=79952"}],"wp:term":[{"taxonomy":"product_brand","embeddable":true,"href":"https:\/\/espak.ee\/epood\/wp-json\/wp\/v2\/product_brand?post=79952"},{"taxonomy":"product_cat","embeddable":true,"href":"https:\/\/espak.ee\/epood\/wp-json\/wp\/v2\/product_cat?post=79952"},{"taxonomy":"product_tag","embeddable":true,"href":"https:\/\/espak.ee\/epood\/wp-json\/wp\/v2\/product_tag?post=79952"}],"curies":[{"name":"wp","href":"https:\/\/api.w.org\/{rel}","templated":true}]}}