{"id":79512,"date":"2021-04-21T03:30:40","date_gmt":"2021-04-21T03:30:40","guid":{"rendered":"https:\/\/espak.ee\/epood\/?post_type=product&#038;p=79512"},"modified":"2026-03-21T10:18:26","modified_gmt":"2026-03-21T08:18:26","slug":"lahustipohine-puiduoli-valistoodeks-teknos-woodex-wood-oil-pruun-9l","status":"publish","type":"product","link":"https:\/\/espak.ee\/epood\/toode\/lahustipohine-puiduoli-valistoodeks-teknos-woodex-wood-oil-pruun-9l\/","title":{"rendered":"LAHUSTIP\u00d5HINE PUIDU\u00d5LI V\u00c4LIST\u00d6\u00d6DEKS TEKNOS WOODEX WOOD OIL PRUUN 9L"},"content":{"rendered":"<div class=\"row\"  id=\"row-597357457\">\n\n\t<div id=\"col-2042949632\" class=\"col medium-9 small-12 large-9\"  >\n\t\t\t\t<div class=\"col-inner\"  >\n\t\t\t\n\t\t\t\n<h3>LAHUSTIP\u00d5HINE PUIDU\u00d5LI V\u00c4LIST\u00d6\u00d6DEKS TEKNOS WOODEX WOOD OIL PRUUN 9L<\/h3>\n<p>Looduslik \u00f5li v\u00e4listingimustesse terrassilaudade ja aiainventari kaitseks.<br \/>\nSobivateks kasutusaladeks on aiad, v\u00f5red, uksed ja trepid.<br \/>\nSobib termo- ja s\u00fcvaimmutatud puidule ning eksootilistele puiduliikidele.<br \/>\nKantakse puhtale ja kuivale puitpinnale pintsli, k\u00e4sna v\u00f5i kastmismeetodiga.<br \/>\nKaitseb puitu niiskuse, m\u00e4danemise ja toonituna ka UV-kiirguse eest.<br \/>\nV\u00e4hendab puitpinna l\u00f5henemist.<br \/>\nParima kaitse saavutamiseks uuendatakse WOODEX WOOD OILIga pindu igal aastal.<br \/>\nEi sobi kasvuhoonetesse, taimelavadele ega loomahoonetesse.<\/p>\n\t\t<\/div>\n\t\t\t\t\t<\/div>\n\n\t\n\n\t<div id=\"col-1682055416\" class=\"col medium-3 small-12 large-3\"  >\n\t\t\t\t<div class=\"col-inner\"  >\n\t\t\t\n\t\t\t\n\t<div id=\"gap-622164418\" class=\"gap-element clearfix\" style=\"display:block; height:auto;\">\n\t\t\n<style>\n#gap-622164418 {\n  padding-top: 30px;\n}\n<\/style>\n\t<\/div>\n\t\n<h3>Ohutuskaart<\/h3>\n<p><a href=\"https:\/\/espak.ee\/epood\/wp-content\/uploads\/2021\/04\/Ohutuskaart-3.pdf\">Ohutuskaart<\/a><\/p>\n<p><strong>\u00dcksikasjalikuma n\u00f5u saamiseks v\u00f5tke \u00fchendust:<br \/><\/strong>Teknos O\u00dc<br \/>Kesk tee 29, Aaviku k\u00fcla<br \/>Rae vald, Harjumaa<br \/>75 305<br \/>+372 656 34 91<\/p>\n\t\t<\/div>\n\t\t\t\t\t<\/div>\n\n\t\n<\/div>\n","protected":false},"excerpt":{"rendered":"","protected":false},"featured_media":79833,"comment_status":"closed","ping_status":"closed","template":"","meta":[],"product_brand":[],"product_cat":[2693,2696,2684,2683],"product_tag":[],"class_list":{"0":"post-79512","1":"product","2":"type-product","3":"status-publish","4":"has-post-thumbnail","6":"product_cat-lakid-peitsid-olid-puidukaitse","7":"product_cat-olid-ja-lakid-valispindadele","8":"product_cat-varvid-lakid-lahustid-puidukaitsed-olid","9":"product_cat-viimistluskaubad","10":"product_shipping_class-dpd-cold","11":"pa_kaubamark-teknos-ou","13":"first","14":"instock","15":"sale","16":"taxable","17":"shipping-taxable","18":"purchasable","19":"product-type-simple"},"yoast_head":"<!-- This site is optimized with the Yoast SEO plugin v26.9 - https:\/\/yoast.com\/product\/yoast-seo-wordpress\/ -->\n<title>LAHUSTIP\u00d5HINE PUIDU\u00d5LI V\u00c4LIST\u00d6\u00d6DEKS TEKNOS WOODEX WOOD OIL PRUUN 9L - Espak E-pood<\/title>\n<meta name=\"robots\" content=\"index, follow, max-snippet:-1, max-image-preview:large, max-video-preview:-1\" \/>\n<link rel=\"canonical\" href=\"https:\/\/espak.ee\/epood\/toode\/lahustipohine-puiduoli-valistoodeks-teknos-woodex-wood-oil-pruun-9l\/\" \/>\n<meta property=\"og:locale\" content=\"et_EE\" \/>\n<meta property=\"og:type\" content=\"article\" \/>\n<meta property=\"og:title\" content=\"LAHUSTIP\u00d5HINE PUIDU\u00d5LI V\u00c4LIST\u00d6\u00d6DEKS TEKNOS WOODEX WOOD OIL PRUUN 9L - Espak E-pood\" \/>\n<meta property=\"og:url\" content=\"https:\/\/espak.ee\/epood\/toode\/lahustipohine-puiduoli-valistoodeks-teknos-woodex-wood-oil-pruun-9l\/\" \/>\n<meta property=\"og:site_name\" content=\"Espak E-pood\" \/>\n<meta property=\"article:modified_time\" content=\"2026-03-21T08:18:26+00:00\" \/>\n<meta property=\"og:image\" content=\"https:\/\/espak.ee\/epood\/wp-content\/uploads\/2021\/04\/Teknos_10L_WOODEX-WOOD-OIL-ruskea.jpg\" \/>\n\t<meta property=\"og:image:width\" content=\"500\" \/>\n\t<meta property=\"og:image:height\" content=\"407\" \/>\n\t<meta property=\"og:image:type\" content=\"image\/jpeg\" \/>\n<meta name=\"twitter:card\" content=\"summary_large_image\" \/>\n<meta name=\"twitter:label1\" content=\"Est. reading time\" \/>\n\t<meta name=\"twitter:data1\" content=\"1 minut\" \/>\n<script type=\"application\/ld+json\" class=\"yoast-schema-graph\">{\"@context\":\"https:\/\/schema.org\",\"@graph\":[{\"@type\":\"WebPage\",\"@id\":\"https:\/\/espak.ee\/epood\/toode\/lahustipohine-puiduoli-valistoodeks-teknos-woodex-wood-oil-pruun-9l\/\",\"url\":\"https:\/\/espak.ee\/epood\/toode\/lahustipohine-puiduoli-valistoodeks-teknos-woodex-wood-oil-pruun-9l\/\",\"name\":\"LAHUSTIP\u00d5HINE PUIDU\u00d5LI V\u00c4LIST\u00d6\u00d6DEKS TEKNOS WOODEX WOOD OIL PRUUN 9L - Espak E-pood\",\"isPartOf\":{\"@id\":\"https:\/\/espak.ee\/epood\/#website\"},\"primaryImageOfPage\":{\"@id\":\"https:\/\/espak.ee\/epood\/toode\/lahustipohine-puiduoli-valistoodeks-teknos-woodex-wood-oil-pruun-9l\/#primaryimage\"},\"image\":{\"@id\":\"https:\/\/espak.ee\/epood\/toode\/lahustipohine-puiduoli-valistoodeks-teknos-woodex-wood-oil-pruun-9l\/#primaryimage\"},\"thumbnailUrl\":\"https:\/\/espak.ee\/epood\/wp-content\/uploads\/2021\/04\/Teknos_10L_WOODEX-WOOD-OIL-ruskea.jpg\",\"datePublished\":\"2021-04-21T03:30:40+00:00\",\"dateModified\":\"2026-03-21T08:18:26+00:00\",\"breadcrumb\":{\"@id\":\"https:\/\/espak.ee\/epood\/toode\/lahustipohine-puiduoli-valistoodeks-teknos-woodex-wood-oil-pruun-9l\/#breadcrumb\"},\"inLanguage\":\"et\",\"potentialAction\":[{\"@type\":\"ReadAction\",\"target\":[\"https:\/\/espak.ee\/epood\/toode\/lahustipohine-puiduoli-valistoodeks-teknos-woodex-wood-oil-pruun-9l\/\"]}]},{\"@type\":\"ImageObject\",\"inLanguage\":\"et\",\"@id\":\"https:\/\/espak.ee\/epood\/toode\/lahustipohine-puiduoli-valistoodeks-teknos-woodex-wood-oil-pruun-9l\/#primaryimage\",\"url\":\"https:\/\/espak.ee\/epood\/wp-content\/uploads\/2021\/04\/Teknos_10L_WOODEX-WOOD-OIL-ruskea.jpg\",\"contentUrl\":\"https:\/\/espak.ee\/epood\/wp-content\/uploads\/2021\/04\/Teknos_10L_WOODEX-WOOD-OIL-ruskea.jpg\",\"width\":500,\"height\":407},{\"@type\":\"BreadcrumbList\",\"@id\":\"https:\/\/espak.ee\/epood\/toode\/lahustipohine-puiduoli-valistoodeks-teknos-woodex-wood-oil-pruun-9l\/#breadcrumb\",\"itemListElement\":[{\"@type\":\"ListItem\",\"position\":1,\"name\":\"Home\",\"item\":\"https:\/\/espak.ee\/epood\/\"},{\"@type\":\"ListItem\",\"position\":2,\"name\":\"Tootevalik\",\"item\":\"https:\/\/espak.ee\/epood\/tootevalik\/\"},{\"@type\":\"ListItem\",\"position\":3,\"name\":\"LAHUSTIP\u00d5HINE PUIDU\u00d5LI V\u00c4LIST\u00d6\u00d6DEKS TEKNOS WOODEX WOOD OIL PRUUN 9L\"}]},{\"@type\":\"WebSite\",\"@id\":\"https:\/\/espak.ee\/epood\/#website\",\"url\":\"https:\/\/espak.ee\/epood\/\",\"name\":\"Espak E-pood\",\"description\":\"\",\"potentialAction\":[{\"@type\":\"SearchAction\",\"target\":{\"@type\":\"EntryPoint\",\"urlTemplate\":\"https:\/\/espak.ee\/epood\/?s={search_term_string}\"},\"query-input\":{\"@type\":\"PropertyValueSpecification\",\"valueRequired\":true,\"valueName\":\"search_term_string\"}}],\"inLanguage\":\"et\"}]}<\/script>\n<!-- \/ Yoast SEO plugin. -->","yoast_head_json":{"title":"LAHUSTIP\u00d5HINE PUIDU\u00d5LI V\u00c4LIST\u00d6\u00d6DEKS TEKNOS WOODEX WOOD OIL PRUUN 9L - Espak E-pood","robots":{"index":"index","follow":"follow","max-snippet":"max-snippet:-1","max-image-preview":"max-image-preview:large","max-video-preview":"max-video-preview:-1"},"canonical":"https:\/\/espak.ee\/epood\/toode\/lahustipohine-puiduoli-valistoodeks-teknos-woodex-wood-oil-pruun-9l\/","og_locale":"et_EE","og_type":"article","og_title":"LAHUSTIP\u00d5HINE PUIDU\u00d5LI V\u00c4LIST\u00d6\u00d6DEKS TEKNOS WOODEX WOOD OIL PRUUN 9L - Espak E-pood","og_url":"https:\/\/espak.ee\/epood\/toode\/lahustipohine-puiduoli-valistoodeks-teknos-woodex-wood-oil-pruun-9l\/","og_site_name":"Espak E-pood","article_modified_time":"2026-03-21T08:18:26+00:00","og_image":[{"width":500,"height":407,"url":"https:\/\/espak.ee\/epood\/wp-content\/uploads\/2021\/04\/Teknos_10L_WOODEX-WOOD-OIL-ruskea.jpg","type":"image\/jpeg"}],"twitter_card":"summary_large_image","twitter_misc":{"Est. reading time":"1 minut"},"schema":{"@context":"https:\/\/schema.org","@graph":[{"@type":"WebPage","@id":"https:\/\/espak.ee\/epood\/toode\/lahustipohine-puiduoli-valistoodeks-teknos-woodex-wood-oil-pruun-9l\/","url":"https:\/\/espak.ee\/epood\/toode\/lahustipohine-puiduoli-valistoodeks-teknos-woodex-wood-oil-pruun-9l\/","name":"LAHUSTIP\u00d5HINE PUIDU\u00d5LI V\u00c4LIST\u00d6\u00d6DEKS TEKNOS WOODEX WOOD OIL PRUUN 9L - Espak E-pood","isPartOf":{"@id":"https:\/\/espak.ee\/epood\/#website"},"primaryImageOfPage":{"@id":"https:\/\/espak.ee\/epood\/toode\/lahustipohine-puiduoli-valistoodeks-teknos-woodex-wood-oil-pruun-9l\/#primaryimage"},"image":{"@id":"https:\/\/espak.ee\/epood\/toode\/lahustipohine-puiduoli-valistoodeks-teknos-woodex-wood-oil-pruun-9l\/#primaryimage"},"thumbnailUrl":"https:\/\/espak.ee\/epood\/wp-content\/uploads\/2021\/04\/Teknos_10L_WOODEX-WOOD-OIL-ruskea.jpg","datePublished":"2021-04-21T03:30:40+00:00","dateModified":"2026-03-21T08:18:26+00:00","breadcrumb":{"@id":"https:\/\/espak.ee\/epood\/toode\/lahustipohine-puiduoli-valistoodeks-teknos-woodex-wood-oil-pruun-9l\/#breadcrumb"},"inLanguage":"et","potentialAction":[{"@type":"ReadAction","target":["https:\/\/espak.ee\/epood\/toode\/lahustipohine-puiduoli-valistoodeks-teknos-woodex-wood-oil-pruun-9l\/"]}]},{"@type":"ImageObject","inLanguage":"et","@id":"https:\/\/espak.ee\/epood\/toode\/lahustipohine-puiduoli-valistoodeks-teknos-woodex-wood-oil-pruun-9l\/#primaryimage","url":"https:\/\/espak.ee\/epood\/wp-content\/uploads\/2021\/04\/Teknos_10L_WOODEX-WOOD-OIL-ruskea.jpg","contentUrl":"https:\/\/espak.ee\/epood\/wp-content\/uploads\/2021\/04\/Teknos_10L_WOODEX-WOOD-OIL-ruskea.jpg","width":500,"height":407},{"@type":"BreadcrumbList","@id":"https:\/\/espak.ee\/epood\/toode\/lahustipohine-puiduoli-valistoodeks-teknos-woodex-wood-oil-pruun-9l\/#breadcrumb","itemListElement":[{"@type":"ListItem","position":1,"name":"Home","item":"https:\/\/espak.ee\/epood\/"},{"@type":"ListItem","position":2,"name":"Tootevalik","item":"https:\/\/espak.ee\/epood\/tootevalik\/"},{"@type":"ListItem","position":3,"name":"LAHUSTIP\u00d5HINE PUIDU\u00d5LI V\u00c4LIST\u00d6\u00d6DEKS TEKNOS WOODEX WOOD OIL PRUUN 9L"}]},{"@type":"WebSite","@id":"https:\/\/espak.ee\/epood\/#website","url":"https:\/\/espak.ee\/epood\/","name":"Espak E-pood","description":"","potentialAction":[{"@type":"SearchAction","target":{"@type":"EntryPoint","urlTemplate":"https:\/\/espak.ee\/epood\/?s={search_term_string}"},"query-input":{"@type":"PropertyValueSpecification","valueRequired":true,"valueName":"search_term_string"}}],"inLanguage":"et"}]}},"_links":{"self":[{"href":"https:\/\/espak.ee\/epood\/wp-json\/wp\/v2\/product\/79512","targetHints":{"allow":["GET"]}}],"collection":[{"href":"https:\/\/espak.ee\/epood\/wp-json\/wp\/v2\/product"}],"about":[{"href":"https:\/\/espak.ee\/epood\/wp-json\/wp\/v2\/types\/product"}],"replies":[{"embeddable":true,"href":"https:\/\/espak.ee\/epood\/wp-json\/wp\/v2\/comments?post=79512"}],"wp:featuredmedia":[{"embeddable":true,"href":"https:\/\/espak.ee\/epood\/wp-json\/wp\/v2\/media\/79833"}],"wp:attachment":[{"href":"https:\/\/espak.ee\/epood\/wp-json\/wp\/v2\/media?parent=79512"}],"wp:term":[{"taxonomy":"product_brand","embeddable":true,"href":"https:\/\/espak.ee\/epood\/wp-json\/wp\/v2\/product_brand?post=79512"},{"taxonomy":"product_cat","embeddable":true,"href":"https:\/\/espak.ee\/epood\/wp-json\/wp\/v2\/product_cat?post=79512"},{"taxonomy":"product_tag","embeddable":true,"href":"https:\/\/espak.ee\/epood\/wp-json\/wp\/v2\/product_tag?post=79512"}],"curies":[{"name":"wp","href":"https:\/\/api.w.org\/{rel}","templated":true}]}}