{"id":79459,"date":"2021-04-20T23:34:02","date_gmt":"2021-04-20T23:34:02","guid":{"rendered":"https:\/\/espak.ee\/epood\/?post_type=product&#038;p=79459"},"modified":"2026-04-01T12:35:38","modified_gmt":"2026-04-01T09:35:38","slug":"prugikonteiner-ese-mgb-240l-hall","status":"publish","type":"product","link":"https:\/\/espak.ee\/epood\/toode\/prugikonteiner-ese-mgb-240l-hall\/","title":{"rendered":"PR\u00dcGIKONTEINER ESE MGB 240L HALL"},"content":{"rendered":"<div class=\"row\"  id=\"row-1827492054\">\n\n\t<div id=\"col-1070637697\" class=\"col medium-9 small-12 large-9\"  >\n\t\t\t\t<div class=\"col-inner\"  >\n\t\t\t\n\t\t\t\n<h3>Pr\u00fcgikonteiner ESE MGB  240L hall<\/h3>\n<p>Maht: 240L<br \/>\nKaal: umbes 11kg<br \/>\nLubatud kogukaal: max 110kg<br \/>\nMaterjal: HDPE, UV-stabiliseeritud<br \/>\nRattad: 2 kummist ratast  \u00d8 200mm<br \/>\nKorrosioonivaba terasest telg<br \/>\nKaas\/kere: 2 hinge tihvti<br \/>\nK\u00e4epide: umbes  \u00d8 27mm<br \/>\nSertifikaat: EN 840; RAL GZ 951\/1 <\/p>\n\t\t<\/div>\n\t\t\t\t\t<\/div>\n\n\t\n\n\t<div id=\"col-1521459306\" class=\"col medium-3 small-12 large-3\"  >\n\t\t\t\t<div class=\"col-inner\"  >\n\t\t\t\n\t\t\t\n\t<div id=\"gap-411711331\" class=\"gap-element clearfix\" style=\"display:block; height:auto;\">\n\t\t\n<style>\n#gap-411711331 {\n  padding-top: 30px;\n}\n<\/style>\n\t<\/div>\n\t\n<p><strong>\u00dcksikasjalikuma n\u00f5u saamiseks v\u00f5tke \u00fchendust:<br \/><\/strong>Espak AS<br \/>Viadukti 42<br \/>11313<br \/>Tallinn<br \/>+372 6 512333<\/p>\n\t\t<\/div>\n\t\t\t\t\t<\/div>\n\n\t\n<\/div>\n","protected":false},"excerpt":{"rendered":"","protected":false},"featured_media":80293,"comment_status":"closed","ping_status":"closed","template":"","meta":[],"product_brand":[],"product_cat":[2789,2788,3369,3672],"product_tag":[],"class_list":{"0":"post-79459","1":"product","2":"type-product","3":"status-publish","4":"has-post-thumbnail","6":"product_cat-aiatarbed","7":"product_cat-aiatarbed-ja-kodukaubad","8":"product_cat-prugi-ja-liivakonteinerid","9":"product_cat-prugikonteinerid","10":"pa_kaubamark-ese-sp-zoo","12":"first","13":"instock","14":"sale","15":"taxable","16":"shipping-taxable","17":"purchasable","18":"product-type-simple"},"yoast_head":"<!-- This site is optimized with the Yoast SEO plugin v26.9 - https:\/\/yoast.com\/product\/yoast-seo-wordpress\/ -->\n<title>PR\u00dcGIKONTEINER ESE MGB 240L HALL - Espak E-pood<\/title>\n<meta name=\"robots\" content=\"index, follow, max-snippet:-1, max-image-preview:large, max-video-preview:-1\" \/>\n<link rel=\"canonical\" href=\"https:\/\/espak.ee\/epood\/toode\/prugikonteiner-ese-mgb-240l-hall\/\" \/>\n<meta property=\"og:locale\" content=\"et_EE\" \/>\n<meta property=\"og:type\" content=\"article\" \/>\n<meta property=\"og:title\" content=\"PR\u00dcGIKONTEINER ESE MGB 240L HALL - Espak E-pood\" \/>\n<meta property=\"og:url\" content=\"https:\/\/espak.ee\/epood\/toode\/prugikonteiner-ese-mgb-240l-hall\/\" \/>\n<meta property=\"og:site_name\" content=\"Espak E-pood\" \/>\n<meta property=\"article:modified_time\" content=\"2026-04-01T09:35:38+00:00\" \/>\n<meta property=\"og:image\" content=\"https:\/\/espak.ee\/epood\/wp-content\/uploads\/2021\/04\/240L_DIN_CL.jpg\" \/>\n\t<meta property=\"og:image:width\" content=\"350\" \/>\n\t<meta property=\"og:image:height\" content=\"350\" \/>\n\t<meta property=\"og:image:type\" content=\"image\/jpeg\" \/>\n<meta name=\"twitter:card\" content=\"summary_large_image\" \/>\n<script type=\"application\/ld+json\" class=\"yoast-schema-graph\">{\"@context\":\"https:\/\/schema.org\",\"@graph\":[{\"@type\":\"WebPage\",\"@id\":\"https:\/\/espak.ee\/epood\/toode\/prugikonteiner-ese-mgb-240l-hall\/\",\"url\":\"https:\/\/espak.ee\/epood\/toode\/prugikonteiner-ese-mgb-240l-hall\/\",\"name\":\"PR\u00dcGIKONTEINER ESE MGB 240L HALL - Espak E-pood\",\"isPartOf\":{\"@id\":\"https:\/\/espak.ee\/epood\/#website\"},\"primaryImageOfPage\":{\"@id\":\"https:\/\/espak.ee\/epood\/toode\/prugikonteiner-ese-mgb-240l-hall\/#primaryimage\"},\"image\":{\"@id\":\"https:\/\/espak.ee\/epood\/toode\/prugikonteiner-ese-mgb-240l-hall\/#primaryimage\"},\"thumbnailUrl\":\"https:\/\/espak.ee\/epood\/wp-content\/uploads\/2021\/04\/240L_DIN_CL.jpg\",\"datePublished\":\"2021-04-20T23:34:02+00:00\",\"dateModified\":\"2026-04-01T09:35:38+00:00\",\"breadcrumb\":{\"@id\":\"https:\/\/espak.ee\/epood\/toode\/prugikonteiner-ese-mgb-240l-hall\/#breadcrumb\"},\"inLanguage\":\"et\",\"potentialAction\":[{\"@type\":\"ReadAction\",\"target\":[\"https:\/\/espak.ee\/epood\/toode\/prugikonteiner-ese-mgb-240l-hall\/\"]}]},{\"@type\":\"ImageObject\",\"inLanguage\":\"et\",\"@id\":\"https:\/\/espak.ee\/epood\/toode\/prugikonteiner-ese-mgb-240l-hall\/#primaryimage\",\"url\":\"https:\/\/espak.ee\/epood\/wp-content\/uploads\/2021\/04\/240L_DIN_CL.jpg\",\"contentUrl\":\"https:\/\/espak.ee\/epood\/wp-content\/uploads\/2021\/04\/240L_DIN_CL.jpg\",\"width\":350,\"height\":350},{\"@type\":\"BreadcrumbList\",\"@id\":\"https:\/\/espak.ee\/epood\/toode\/prugikonteiner-ese-mgb-240l-hall\/#breadcrumb\",\"itemListElement\":[{\"@type\":\"ListItem\",\"position\":1,\"name\":\"Home\",\"item\":\"https:\/\/espak.ee\/epood\/\"},{\"@type\":\"ListItem\",\"position\":2,\"name\":\"Tootevalik\",\"item\":\"https:\/\/espak.ee\/epood\/tootevalik\/\"},{\"@type\":\"ListItem\",\"position\":3,\"name\":\"PR\u00dcGIKONTEINER ESE MGB 240L HALL\"}]},{\"@type\":\"WebSite\",\"@id\":\"https:\/\/espak.ee\/epood\/#website\",\"url\":\"https:\/\/espak.ee\/epood\/\",\"name\":\"Espak E-pood\",\"description\":\"\",\"potentialAction\":[{\"@type\":\"SearchAction\",\"target\":{\"@type\":\"EntryPoint\",\"urlTemplate\":\"https:\/\/espak.ee\/epood\/?s={search_term_string}\"},\"query-input\":{\"@type\":\"PropertyValueSpecification\",\"valueRequired\":true,\"valueName\":\"search_term_string\"}}],\"inLanguage\":\"et\"}]}<\/script>\n<!-- \/ Yoast SEO plugin. -->","yoast_head_json":{"title":"PR\u00dcGIKONTEINER ESE MGB 240L HALL - Espak E-pood","robots":{"index":"index","follow":"follow","max-snippet":"max-snippet:-1","max-image-preview":"max-image-preview:large","max-video-preview":"max-video-preview:-1"},"canonical":"https:\/\/espak.ee\/epood\/toode\/prugikonteiner-ese-mgb-240l-hall\/","og_locale":"et_EE","og_type":"article","og_title":"PR\u00dcGIKONTEINER ESE MGB 240L HALL - Espak E-pood","og_url":"https:\/\/espak.ee\/epood\/toode\/prugikonteiner-ese-mgb-240l-hall\/","og_site_name":"Espak E-pood","article_modified_time":"2026-04-01T09:35:38+00:00","og_image":[{"width":350,"height":350,"url":"https:\/\/espak.ee\/epood\/wp-content\/uploads\/2021\/04\/240L_DIN_CL.jpg","type":"image\/jpeg"}],"twitter_card":"summary_large_image","schema":{"@context":"https:\/\/schema.org","@graph":[{"@type":"WebPage","@id":"https:\/\/espak.ee\/epood\/toode\/prugikonteiner-ese-mgb-240l-hall\/","url":"https:\/\/espak.ee\/epood\/toode\/prugikonteiner-ese-mgb-240l-hall\/","name":"PR\u00dcGIKONTEINER ESE MGB 240L HALL - Espak E-pood","isPartOf":{"@id":"https:\/\/espak.ee\/epood\/#website"},"primaryImageOfPage":{"@id":"https:\/\/espak.ee\/epood\/toode\/prugikonteiner-ese-mgb-240l-hall\/#primaryimage"},"image":{"@id":"https:\/\/espak.ee\/epood\/toode\/prugikonteiner-ese-mgb-240l-hall\/#primaryimage"},"thumbnailUrl":"https:\/\/espak.ee\/epood\/wp-content\/uploads\/2021\/04\/240L_DIN_CL.jpg","datePublished":"2021-04-20T23:34:02+00:00","dateModified":"2026-04-01T09:35:38+00:00","breadcrumb":{"@id":"https:\/\/espak.ee\/epood\/toode\/prugikonteiner-ese-mgb-240l-hall\/#breadcrumb"},"inLanguage":"et","potentialAction":[{"@type":"ReadAction","target":["https:\/\/espak.ee\/epood\/toode\/prugikonteiner-ese-mgb-240l-hall\/"]}]},{"@type":"ImageObject","inLanguage":"et","@id":"https:\/\/espak.ee\/epood\/toode\/prugikonteiner-ese-mgb-240l-hall\/#primaryimage","url":"https:\/\/espak.ee\/epood\/wp-content\/uploads\/2021\/04\/240L_DIN_CL.jpg","contentUrl":"https:\/\/espak.ee\/epood\/wp-content\/uploads\/2021\/04\/240L_DIN_CL.jpg","width":350,"height":350},{"@type":"BreadcrumbList","@id":"https:\/\/espak.ee\/epood\/toode\/prugikonteiner-ese-mgb-240l-hall\/#breadcrumb","itemListElement":[{"@type":"ListItem","position":1,"name":"Home","item":"https:\/\/espak.ee\/epood\/"},{"@type":"ListItem","position":2,"name":"Tootevalik","item":"https:\/\/espak.ee\/epood\/tootevalik\/"},{"@type":"ListItem","position":3,"name":"PR\u00dcGIKONTEINER ESE MGB 240L HALL"}]},{"@type":"WebSite","@id":"https:\/\/espak.ee\/epood\/#website","url":"https:\/\/espak.ee\/epood\/","name":"Espak E-pood","description":"","potentialAction":[{"@type":"SearchAction","target":{"@type":"EntryPoint","urlTemplate":"https:\/\/espak.ee\/epood\/?s={search_term_string}"},"query-input":{"@type":"PropertyValueSpecification","valueRequired":true,"valueName":"search_term_string"}}],"inLanguage":"et"}]}},"_links":{"self":[{"href":"https:\/\/espak.ee\/epood\/wp-json\/wp\/v2\/product\/79459","targetHints":{"allow":["GET"]}}],"collection":[{"href":"https:\/\/espak.ee\/epood\/wp-json\/wp\/v2\/product"}],"about":[{"href":"https:\/\/espak.ee\/epood\/wp-json\/wp\/v2\/types\/product"}],"replies":[{"embeddable":true,"href":"https:\/\/espak.ee\/epood\/wp-json\/wp\/v2\/comments?post=79459"}],"wp:featuredmedia":[{"embeddable":true,"href":"https:\/\/espak.ee\/epood\/wp-json\/wp\/v2\/media\/80293"}],"wp:attachment":[{"href":"https:\/\/espak.ee\/epood\/wp-json\/wp\/v2\/media?parent=79459"}],"wp:term":[{"taxonomy":"product_brand","embeddable":true,"href":"https:\/\/espak.ee\/epood\/wp-json\/wp\/v2\/product_brand?post=79459"},{"taxonomy":"product_cat","embeddable":true,"href":"https:\/\/espak.ee\/epood\/wp-json\/wp\/v2\/product_cat?post=79459"},{"taxonomy":"product_tag","embeddable":true,"href":"https:\/\/espak.ee\/epood\/wp-json\/wp\/v2\/product_tag?post=79459"}],"curies":[{"name":"wp","href":"https:\/\/api.w.org\/{rel}","templated":true}]}}