{"id":7792,"date":"2019-08-20T02:16:23","date_gmt":"2019-08-19T23:16:23","guid":{"rendered":"https:\/\/espak.ee\/hinnakiri\/?post_type=product&#038;p=7792"},"modified":"2024-03-23T00:19:10","modified_gmt":"2024-03-22T22:19:10","slug":"akruulne-dekoratiivkrohv-mira-5360-reibe-20mm-25kg","status":"publish","type":"product","link":"https:\/\/espak.ee\/epood\/toode\/akruulne-dekoratiivkrohv-mira-5360-reibe-20mm-25kg\/","title":{"rendered":"AKR\u00dc\u00dcLNE DEKORATIIVKROHV MIRA 5360 REIBE 2,0MM 25KG"},"content":{"rendered":"<div class=\"row\"  id=\"row-466397199\">\n\n\t<div id=\"col-2103510459\" class=\"col medium-9 small-12 large-9\"  >\n\t\t\t\t<div class=\"col-inner\"  >\n\t\t\t\n\t\t\t\n<h2>Dekoratiivne silikoonkrohv.<\/h2>\n<p>Silikoonvaigu baasil dekoratiiv krohv sise- ja v\u00e4lisseintele. Kasutatakse erinevate aluspindade viimistluskrohvina sise- ja v\u00e4lispindadel.<\/p>\n<div class=\"message-box relative\" style=\"padding-top:15px;padding-bottom:15px;\"><div class=\"message-box-bg-image bg-fill fill\" ><\/div><div class=\"message-box-bg-overlay bg-fill fill\" ><\/div><div class=\"container relative\"><div class=\"inner last-reset\">\n<div class=\"row align-middle align-center\"  id=\"row-853721416\">\n\n\t<div id=\"col-1985686799\" class=\"col small-12 large-12\"  >\n\t\t\t\t<div class=\"col-inner text-left\"  >\n\t\t\t\n\t\t\t\n<h4>Omadused<\/h4>\n<div class=\"row\"  id=\"row-479978065\">\n\n\t<div id=\"col-66538867\" class=\"col medium-6 small-12 large-6\"  >\n\t\t\t\t<div class=\"col-inner\"  >\n\t\t\t\n\t\t\t\n<p><i class=\"fa fa-paint-roller fa-2x\"><\/i> <strong>Valge, toonitav<\/strong><\/p>\n<p><i class=\"fa fa-cloud-sun-rain fa-2x\"><\/i> <strong>Ilmastikukindel<\/strong><\/p>\n\t\t<\/div>\n\t\t\t\t\n<style>\n#col-66538867 > .col-inner {\n  margin: 0px 0px 15px 0px;\n}\n<\/style>\n\t<\/div>\n\n\t\n\n\t<div id=\"col-963508943\" class=\"col medium-6 small-12 large-6\"  >\n\t\t\t\t<div class=\"col-inner\"  >\n\t\t\t\n\t\t\t\n<p><i class=\"fa fa-hand-paper fa-2x\"><\/i> <strong>Lihtne kasutada<\/strong><\/p>\n<p><i class=\"fa fa-check fa-2x\"><\/i> <strong>Seeni ja hallitust t\u00f5rjuv<\/strong><\/p>\n\t\t<\/div>\n\t\t\t\t\n<style>\n#col-963508943 > .col-inner {\n  margin: 0px 0px 15px 0px;\n}\n<\/style>\n\t<\/div>\n\n\t\n<\/div>\n\t\t<\/div>\n\t\t\t\t\t<\/div>\n\n\t\n<\/div>\n<\/div><\/div><\/div>\n\t<div id=\"gap-639140661\" class=\"gap-element clearfix\" style=\"display:block; height:auto;\">\n\t\t\n<style>\n#gap-639140661 {\n  padding-top: 30px;\n}\n<\/style>\n\t<\/div>\n\t\n<h3>Kasutamise \u00fcksikasjad<\/h3>\n<p><strong>Kasutusalad:<\/strong> Kasutatakse erinevate aluspindade viimistluskrohvina sise- ja v\u00e4lispindadel. Sobib kasutada miratherm soojusisolatsiooni liits\u00fcsteemide kattekrohvina aluspinna mira 5300 netfix peal.<\/p>\n<p><strong>Aluspinna ettevalmistus:<\/strong> Aluspind peab olema puhas, tolmuvaba ja kandev. Soolad, hallitus, vetikad vm aluspinna naket halvendavad tegurid eemaldada v\u00f5i t\u00f6\u00f6delda. Mineraalne pahtel ja mira 5300 netfix peavad olema kuivanud v\u00e4hemalt 2 p\u00e4eva (niiskel ja k\u00fclmal ajal kauem), pol\u00fcmeersed aluspinnad peavad olema kuivanud enne nakke-krundi mira 5335 quartz grund pealekandmist.<br \/>\nmira 5335 quartz grund peab olema toonitud samasse tooni kui viimistluskrohv, et v\u00e4ltida krundi tooni l\u00e4bikumamist viimistluskihist.<br \/>\nJuhul, kui mira 5300 netfix on olnud kaua ilma katteta, puhastada m\u00e4\u00e4rdunud pind vastavate fassaadipuhastusainetega ja surveveega. Lasta kuivada ning katta seej\u00e4rel nakkekrundiga mira 5335 quartz grund. <\/p>\n<p><strong>Kasutamine:<\/strong> Temperatuur krohvi mira 5360 silicone reibe pealekandmiseks peab olema v\u00e4hemalt +6 \u00baC (aluspind ja \u00f5hk). V\u00e4ltida liiga k\u00f5rget temperatuuri ning otsest p\u00e4ikesekiirgust, mis kiirendavad krohvi kuivamist ja raskendavad t\u00f6\u00f6tlemist. Soovitame alati kasutada tellinguid ja katteid. Krohv mira 5360 silicone reibe on kasutusvalmis viimistluskrohv. Enne t\u00f6\u00f6de algust segada vispliga segu hoolikalt l\u00e4bi. Vajadusel (t\u00f6\u00f6deldavuse h\u00f5lbustamiseks) lisada veidi vett. J\u00e4lgida, et k\u00f5ikidesse krohvi\u00e4mbritesse lisataks v\u00f5rdne kogus vett, v\u00e4ltimaks tooni eba\u00fchtlust. Krohv mira 5360 silicone reibe kantakse krunditud mira 5300 netfix v\u00f5i muule aluspinnale roostevabast terasest h\u00f5\u00f5rutiga. \u00dcleliigne materjal eemaldatakse nii, et kihi paksus j\u00e4\u00e4b t\u00e4pselt tera suurus. \u00dcleliigne m\u00f6rt segatakse \u00e4mbrisse tagasi. Vahetult peale krohvi pinnalekandmist t\u00f6\u00f6delda pind plasth\u00f5\u00f5rutiga, et saavutada soovitud struktuur. Krohvi mitte kanda ette suurematele pindadele, kui suudetakse see enne kuivamist h\u00f5\u00f5rutiga t\u00f6\u00f6delda. Krohv on t\u00f6\u00f6deldav s\u00f5ltuvalt temperatuurist ja \u00f5huniiskusest 15-30 minutit.<br \/>\nKrohvi tahenemisaeg s\u00f5ltub temperatuurist ja \u00f5huniiskusest. Tingimustel +20\u00baC\/65 % kuivab krohv puutekuivaks u 30 minutiga. L\u00e4bikuivamine kestab 2-3 p\u00e4eva. K\u00f5rge suhteline \u00f5huniiskus ja madal temperatuur pikendavad kuivamisaega. Kuivamisajal kaitsta pinda sademete ja k\u00fclmumise eest.<br \/>\nT\u00f6\u00f6riistad puhastada kohe peale kasutamist veega. Krohvi sattumisel muudele pindadele eemaldada see viivitamatult puhta veega. <\/p>\n<p><strong>Ekspluatatsioon:<\/strong> Krohvi saab vajadusel pesta tavalise survevee ja fassaadipesuainetega. Soovi korral saab krohvi \u00fcle v\u00e4rvida fassaadisilikoonv\u00e4rvidega.<\/p>\n\t\t<\/div>\n\t\t\t\t\t<\/div>\n\n\t\n\n\t<div id=\"col-14891374\" class=\"col medium-3 small-12 large-3\"  >\n\t\t\t\t<div class=\"col-inner\"  >\n\t\t\t\n\t\t\t\n\t<div id=\"gap-494464704\" class=\"gap-element clearfix\" style=\"display:block; height:auto;\">\n\t\t\n<style>\n#gap-494464704 {\n  padding-top: 30px;\n}\n<\/style>\n\t<\/div>\n\t\n<h3>Tehniline informatsioon<\/h3>\n<p><a href=\"https:\/\/espak.ee\/epood\/wp-content\/uploads\/mira5360silicone-reibe_tooteleht.pdf\" target=\"_blank\" rel=\"noopener noreferrer\"><i class=\"far fa-file-pdf\"><\/i> Tehniline info (PDF)<\/a><\/p>\n<div class=\"is-divider divider clearfix\" ><\/div>\n<p><strong>\u00dcksikasjalikuma n\u00f5u saamiseks v\u00f5tke \u00fchendust:<br \/><\/strong>Mira Ehitusmaterjalid O\u00dc<br \/>Segu 8<br \/>76505<br \/>Saue<br \/>+372 6790670<\/p>\n<div class=\"is-divider divider clearfix\" ><\/div>\n\t\t<\/div>\n\t\t\t\t\t<\/div>\n\n\t\n<\/div>\n","protected":false},"excerpt":{"rendered":"","protected":false},"featured_media":7836,"comment_status":"closed","ping_status":"open","template":"","meta":[],"product_brand":[],"product_cat":[2729,2818,2698,2697],"product_tag":[],"class_list":{"0":"post-7792","1":"product","2":"type-product","3":"status-publish","4":"has-post-thumbnail","6":"product_cat-fassaadi-ja-universaalpahtlid","7":"product_cat-fassaadipahtlid","8":"product_cat-pahtlid-ja-kuivsegud","9":"product_cat-uldehitus","10":"pa_kaubamark-mira-ehitusmaterjalid-ou","12":"first","13":"outofstock","14":"sale","15":"taxable","16":"shipping-taxable","17":"purchasable","18":"product-type-simple"},"yoast_head":"<!-- This site is optimized with the Yoast SEO plugin v26.9 - https:\/\/yoast.com\/product\/yoast-seo-wordpress\/ -->\n<title>AKR\u00dc\u00dcLNE DEKORATIIVKROHV MIRA 5360 REIBE 2,0MM 25KG - Espak E-pood<\/title>\n<meta name=\"robots\" content=\"index, follow, max-snippet:-1, max-image-preview:large, max-video-preview:-1\" \/>\n<link rel=\"canonical\" href=\"https:\/\/espak.ee\/epood\/toode\/akruulne-dekoratiivkrohv-mira-5360-reibe-20mm-25kg\/\" \/>\n<meta property=\"og:locale\" content=\"et_EE\" \/>\n<meta property=\"og:type\" content=\"article\" \/>\n<meta property=\"og:title\" content=\"AKR\u00dc\u00dcLNE DEKORATIIVKROHV MIRA 5360 REIBE 2,0MM 25KG - Espak E-pood\" \/>\n<meta property=\"og:url\" content=\"https:\/\/espak.ee\/epood\/toode\/akruulne-dekoratiivkrohv-mira-5360-reibe-20mm-25kg\/\" \/>\n<meta property=\"og:site_name\" content=\"Espak E-pood\" \/>\n<meta property=\"article:modified_time\" content=\"2024-03-22T22:19:10+00:00\" \/>\n<meta property=\"og:image\" content=\"https:\/\/espak.ee\/epood\/wp-content\/uploads\/mira_5360.jpg\" \/>\n\t<meta property=\"og:image:width\" content=\"600\" \/>\n\t<meta property=\"og:image:height\" content=\"600\" \/>\n\t<meta property=\"og:image:type\" content=\"image\/jpeg\" \/>\n<meta name=\"twitter:card\" content=\"summary_large_image\" \/>\n<meta name=\"twitter:label1\" content=\"Est. reading time\" \/>\n\t<meta name=\"twitter:data1\" content=\"2 minutit\" \/>\n<script type=\"application\/ld+json\" class=\"yoast-schema-graph\">{\"@context\":\"https:\/\/schema.org\",\"@graph\":[{\"@type\":\"WebPage\",\"@id\":\"https:\/\/espak.ee\/epood\/toode\/akruulne-dekoratiivkrohv-mira-5360-reibe-20mm-25kg\/\",\"url\":\"https:\/\/espak.ee\/epood\/toode\/akruulne-dekoratiivkrohv-mira-5360-reibe-20mm-25kg\/\",\"name\":\"AKR\u00dc\u00dcLNE DEKORATIIVKROHV MIRA 5360 REIBE 2,0MM 25KG - Espak E-pood\",\"isPartOf\":{\"@id\":\"https:\/\/espak.ee\/epood\/#website\"},\"primaryImageOfPage\":{\"@id\":\"https:\/\/espak.ee\/epood\/toode\/akruulne-dekoratiivkrohv-mira-5360-reibe-20mm-25kg\/#primaryimage\"},\"image\":{\"@id\":\"https:\/\/espak.ee\/epood\/toode\/akruulne-dekoratiivkrohv-mira-5360-reibe-20mm-25kg\/#primaryimage\"},\"thumbnailUrl\":\"https:\/\/espak.ee\/epood\/wp-content\/uploads\/mira_5360.jpg\",\"datePublished\":\"2019-08-19T23:16:23+00:00\",\"dateModified\":\"2024-03-22T22:19:10+00:00\",\"breadcrumb\":{\"@id\":\"https:\/\/espak.ee\/epood\/toode\/akruulne-dekoratiivkrohv-mira-5360-reibe-20mm-25kg\/#breadcrumb\"},\"inLanguage\":\"et\",\"potentialAction\":[{\"@type\":\"ReadAction\",\"target\":[\"https:\/\/espak.ee\/epood\/toode\/akruulne-dekoratiivkrohv-mira-5360-reibe-20mm-25kg\/\"]}]},{\"@type\":\"ImageObject\",\"inLanguage\":\"et\",\"@id\":\"https:\/\/espak.ee\/epood\/toode\/akruulne-dekoratiivkrohv-mira-5360-reibe-20mm-25kg\/#primaryimage\",\"url\":\"https:\/\/espak.ee\/epood\/wp-content\/uploads\/mira_5360.jpg\",\"contentUrl\":\"https:\/\/espak.ee\/epood\/wp-content\/uploads\/mira_5360.jpg\",\"width\":600,\"height\":600},{\"@type\":\"BreadcrumbList\",\"@id\":\"https:\/\/espak.ee\/epood\/toode\/akruulne-dekoratiivkrohv-mira-5360-reibe-20mm-25kg\/#breadcrumb\",\"itemListElement\":[{\"@type\":\"ListItem\",\"position\":1,\"name\":\"Home\",\"item\":\"https:\/\/espak.ee\/epood\/\"},{\"@type\":\"ListItem\",\"position\":2,\"name\":\"Tootevalik\",\"item\":\"https:\/\/espak.ee\/epood\/tootevalik\/\"},{\"@type\":\"ListItem\",\"position\":3,\"name\":\"AKR\u00dc\u00dcLNE DEKORATIIVKROHV MIRA 5360 REIBE 2,0MM 25KG\"}]},{\"@type\":\"WebSite\",\"@id\":\"https:\/\/espak.ee\/epood\/#website\",\"url\":\"https:\/\/espak.ee\/epood\/\",\"name\":\"Espak E-pood\",\"description\":\"\",\"potentialAction\":[{\"@type\":\"SearchAction\",\"target\":{\"@type\":\"EntryPoint\",\"urlTemplate\":\"https:\/\/espak.ee\/epood\/?s={search_term_string}\"},\"query-input\":{\"@type\":\"PropertyValueSpecification\",\"valueRequired\":true,\"valueName\":\"search_term_string\"}}],\"inLanguage\":\"et\"}]}<\/script>\n<!-- \/ Yoast SEO plugin. -->","yoast_head_json":{"title":"AKR\u00dc\u00dcLNE DEKORATIIVKROHV MIRA 5360 REIBE 2,0MM 25KG - Espak E-pood","robots":{"index":"index","follow":"follow","max-snippet":"max-snippet:-1","max-image-preview":"max-image-preview:large","max-video-preview":"max-video-preview:-1"},"canonical":"https:\/\/espak.ee\/epood\/toode\/akruulne-dekoratiivkrohv-mira-5360-reibe-20mm-25kg\/","og_locale":"et_EE","og_type":"article","og_title":"AKR\u00dc\u00dcLNE DEKORATIIVKROHV MIRA 5360 REIBE 2,0MM 25KG - Espak E-pood","og_url":"https:\/\/espak.ee\/epood\/toode\/akruulne-dekoratiivkrohv-mira-5360-reibe-20mm-25kg\/","og_site_name":"Espak E-pood","article_modified_time":"2024-03-22T22:19:10+00:00","og_image":[{"width":600,"height":600,"url":"https:\/\/espak.ee\/epood\/wp-content\/uploads\/mira_5360.jpg","type":"image\/jpeg"}],"twitter_card":"summary_large_image","twitter_misc":{"Est. reading time":"2 minutit"},"schema":{"@context":"https:\/\/schema.org","@graph":[{"@type":"WebPage","@id":"https:\/\/espak.ee\/epood\/toode\/akruulne-dekoratiivkrohv-mira-5360-reibe-20mm-25kg\/","url":"https:\/\/espak.ee\/epood\/toode\/akruulne-dekoratiivkrohv-mira-5360-reibe-20mm-25kg\/","name":"AKR\u00dc\u00dcLNE DEKORATIIVKROHV MIRA 5360 REIBE 2,0MM 25KG - Espak E-pood","isPartOf":{"@id":"https:\/\/espak.ee\/epood\/#website"},"primaryImageOfPage":{"@id":"https:\/\/espak.ee\/epood\/toode\/akruulne-dekoratiivkrohv-mira-5360-reibe-20mm-25kg\/#primaryimage"},"image":{"@id":"https:\/\/espak.ee\/epood\/toode\/akruulne-dekoratiivkrohv-mira-5360-reibe-20mm-25kg\/#primaryimage"},"thumbnailUrl":"https:\/\/espak.ee\/epood\/wp-content\/uploads\/mira_5360.jpg","datePublished":"2019-08-19T23:16:23+00:00","dateModified":"2024-03-22T22:19:10+00:00","breadcrumb":{"@id":"https:\/\/espak.ee\/epood\/toode\/akruulne-dekoratiivkrohv-mira-5360-reibe-20mm-25kg\/#breadcrumb"},"inLanguage":"et","potentialAction":[{"@type":"ReadAction","target":["https:\/\/espak.ee\/epood\/toode\/akruulne-dekoratiivkrohv-mira-5360-reibe-20mm-25kg\/"]}]},{"@type":"ImageObject","inLanguage":"et","@id":"https:\/\/espak.ee\/epood\/toode\/akruulne-dekoratiivkrohv-mira-5360-reibe-20mm-25kg\/#primaryimage","url":"https:\/\/espak.ee\/epood\/wp-content\/uploads\/mira_5360.jpg","contentUrl":"https:\/\/espak.ee\/epood\/wp-content\/uploads\/mira_5360.jpg","width":600,"height":600},{"@type":"BreadcrumbList","@id":"https:\/\/espak.ee\/epood\/toode\/akruulne-dekoratiivkrohv-mira-5360-reibe-20mm-25kg\/#breadcrumb","itemListElement":[{"@type":"ListItem","position":1,"name":"Home","item":"https:\/\/espak.ee\/epood\/"},{"@type":"ListItem","position":2,"name":"Tootevalik","item":"https:\/\/espak.ee\/epood\/tootevalik\/"},{"@type":"ListItem","position":3,"name":"AKR\u00dc\u00dcLNE DEKORATIIVKROHV MIRA 5360 REIBE 2,0MM 25KG"}]},{"@type":"WebSite","@id":"https:\/\/espak.ee\/epood\/#website","url":"https:\/\/espak.ee\/epood\/","name":"Espak E-pood","description":"","potentialAction":[{"@type":"SearchAction","target":{"@type":"EntryPoint","urlTemplate":"https:\/\/espak.ee\/epood\/?s={search_term_string}"},"query-input":{"@type":"PropertyValueSpecification","valueRequired":true,"valueName":"search_term_string"}}],"inLanguage":"et"}]}},"_links":{"self":[{"href":"https:\/\/espak.ee\/epood\/wp-json\/wp\/v2\/product\/7792","targetHints":{"allow":["GET"]}}],"collection":[{"href":"https:\/\/espak.ee\/epood\/wp-json\/wp\/v2\/product"}],"about":[{"href":"https:\/\/espak.ee\/epood\/wp-json\/wp\/v2\/types\/product"}],"replies":[{"embeddable":true,"href":"https:\/\/espak.ee\/epood\/wp-json\/wp\/v2\/comments?post=7792"}],"wp:featuredmedia":[{"embeddable":true,"href":"https:\/\/espak.ee\/epood\/wp-json\/wp\/v2\/media\/7836"}],"wp:attachment":[{"href":"https:\/\/espak.ee\/epood\/wp-json\/wp\/v2\/media?parent=7792"}],"wp:term":[{"taxonomy":"product_brand","embeddable":true,"href":"https:\/\/espak.ee\/epood\/wp-json\/wp\/v2\/product_brand?post=7792"},{"taxonomy":"product_cat","embeddable":true,"href":"https:\/\/espak.ee\/epood\/wp-json\/wp\/v2\/product_cat?post=7792"},{"taxonomy":"product_tag","embeddable":true,"href":"https:\/\/espak.ee\/epood\/wp-json\/wp\/v2\/product_tag?post=7792"}],"curies":[{"name":"wp","href":"https:\/\/api.w.org\/{rel}","templated":true}]}}