{"id":7789,"date":"2019-08-20T02:16:23","date_gmt":"2019-08-19T23:16:23","guid":{"rendered":"https:\/\/espak.ee\/hinnakiri\/?post_type=product&#038;p=7789"},"modified":"2024-10-03T08:22:40","modified_gmt":"2024-10-03T05:22:40","slug":"jamedateraline-remontsegu-mira-6998-betomix-quick-20-80mm-25kg","status":"publish","type":"product","link":"https:\/\/espak.ee\/epood\/toode\/jamedateraline-remontsegu-mira-6998-betomix-quick-20-80mm-25kg\/","title":{"rendered":"J\u00c4MEDATERALINE REMONTSEGU MIRA 6998 BETOMIX QUICK 20-80MM 25KG"},"content":{"rendered":"<div class=\"row\"  id=\"row-1910024354\">\n\n\t<div id=\"col-879450375\" class=\"col medium-9 small-12 large-9\"  >\n\t\t\t\t<div class=\"col-inner\"  >\n\t\t\t\n\t\t\t\n<h2>J\u00e4medateraline remontsegu.<\/h2>\n<p>Keemilisel tsemendil baseeruv, vee-ja k\u00fclmakindel kuivsegu alusp\u00f5randate ehitamiseks, parandust\u00f6\u00f6deks, ankurdamiseks jne.<\/p>\n<div class=\"message-box relative\" style=\"padding-top:15px;padding-bottom:15px;\"><div class=\"message-box-bg-image bg-fill fill\" ><\/div><div class=\"message-box-bg-overlay bg-fill fill\" ><\/div><div class=\"container relative\"><div class=\"inner last-reset\">\n<div class=\"row align-middle align-center\"  id=\"row-497592588\">\n\n\t<div id=\"col-946626171\" class=\"col small-12 large-12\"  >\n\t\t\t\t<div class=\"col-inner text-left\"  >\n\t\t\t\n\t\t\t\n<h4>Omadused<\/h4>\n<div class=\"row\"  id=\"row-1990752952\">\n\n\t<div id=\"col-1429107926\" class=\"col medium-6 small-12 large-6\"  >\n\t\t\t\t<div class=\"col-inner\"  >\n\t\t\t\n\t\t\t\n<p><i class=\"fa fa-fill fa-2x\"><\/i> <strong>Tsemendi baasil<\/strong><\/p>\n<p><i class=\"fa fa-thermometer-empty fa-2x\"><\/i> <strong>Niiskus- ja k\u00fclmakindel<\/strong><\/p>\n\t\t<\/div>\n\t\t\t\t\n<style>\n#col-1429107926 > .col-inner {\n  margin: 0px 0px 15px 0px;\n}\n<\/style>\n\t<\/div>\n\n\t\n\n\t<div id=\"col-918053271\" class=\"col medium-6 small-12 large-6\"  >\n\t\t\t\t<div class=\"col-inner\"  >\n\t\t\t\n\t\t\t\n<p><i class=\"fa fa-clock-four fa-2x\"><\/i> <strong> Kiirkivinev<\/strong><\/p>\n<p><i class=\"fa fa-check fa-2x\"><\/i> <strong> Kulumiskindel<\/strong><\/p>\n\t\t<\/div>\n\t\t\t\t\n<style>\n#col-918053271 > .col-inner {\n  margin: 0px 0px 15px 0px;\n}\n<\/style>\n\t<\/div>\n\n\t\n<\/div>\n\t\t<\/div>\n\t\t\t\t\t<\/div>\n\n\t\n<\/div>\n<\/div><\/div><\/div>\n\t<div id=\"gap-579183837\" class=\"gap-element clearfix\" style=\"display:block; height:auto;\">\n\t\t\n<style>\n#gap-579183837 {\n  padding-top: 30px;\n}\n<\/style>\n\t<\/div>\n\t\n<h3>Kasutamise \u00fcksikasjad<\/h3>\n<p><strong>Kasutusalad:<\/strong> Alusp\u00f5randate ehitamiseks kas monoliitvaluna v\u00f5i ujuva p\u00f5randana. mira 6998 betomix quick on samuti kasutatav ankurdamiseks ning betoonpindade parandamiseks niisketes ja kuivades ruumides, sise-ja v\u00e4listingimustes.<\/p>\n<p><strong>Aluspind:<\/strong> 6998 betomix quick sobib alusp\u00f5randate ehitamiseks monoliitvaluna v\u00f5i kindlatel aluspindadel ujuva p\u00f5randana ilma armatuurita.<\/p>\n<p><strong>Aluspinna ettevalmistus:<\/strong> Aluspind peab olema kuiv, sidus, puhas rasvast, tolmust jms. Tsemendipiim, lahtised osakesed ja n\u00f5rgad kohad eemaldada ning pind parandada. Rasva, \u00f5li jms eemaldamiseks kasutada 7110 base cleanerit. Kogu pind peab olema puhas mustusest ja tolmust, vajadusel puhastada tolmuimejaga.<\/p>\n<p><strong>Kruntimine:<\/strong> Kruntimine ei ole \u00fcldjuhul vajalik. Kihipaksuse puhul alla 30 mm, tehke aluspinale nakkekiht mira 4180 primer vesilahuse (1:2) ja 6998 pulbri lobriga.<\/p>\n<p><strong>Kasutamine:<\/strong> 25 kg 6998 betomix quick pulbrit segada 1,8 \u2013 2,2 l puhta veega homogeenseks massiks. V\u00e4iksemad kogused segada k\u00e4simikseriga, suuremate koguste puhul kasutada segumikserit. Pulber ja vesi peavad olema soovitusliku t\u00f6\u00f6temperatuuri piires. Segu tuleb kasutada 60 min. jooksul p\u00e4rast valmissegamist, ruumi temeratuuril 10-18 kraadi. Kanda segu aluspinnale ja tasandada juhtlati abil. Suuremad alad kui 30-36m2 tuleb paisuvuukidega jaotada v\u00e4iksemateks tahvliteks. 1 -1,5 tunni m\u00f6\u00f6dudes hakkab pind kivistuma ning seda saab siluda. Edasiseks t\u00f6\u00f6tluseks on pind valmis 3 tunni m\u00f6\u00f6dudes. Vajadusel kaitsta liigse kuivamise eest kattes v\u00e4rskelt valatud pind kilega.<\/p>\n<p><strong>Ohutus:<\/strong> Toode sisaldab tsementi. Rakendada tsemendik\u00e4itlemise erin\u00f5udeid<\/p>\n\t\t<\/div>\n\t\t\t\t\t<\/div>\n\n\t\n\n\t<div id=\"col-597506623\" class=\"col medium-3 small-12 large-3\"  >\n\t\t\t\t<div class=\"col-inner\"  >\n\t\t\t\n\t\t\t\n\t<div id=\"gap-1484088181\" class=\"gap-element clearfix\" style=\"display:block; height:auto;\">\n\t\t\n<style>\n#gap-1484088181 {\n  padding-top: 30px;\n}\n<\/style>\n\t<\/div>\n\t\n<h3>Tehniline informatsioon<\/h3>\n<p><a href=\"https:\/\/espak.ee\/epood\/wp-content\/uploads\/mira6998_tooteleht.pdf\" target=\"_blank\" rel=\"noopener noreferrer\"><i class=\"far fa-file-pdf\"><\/i> Tehniline info (PDF)<\/a><\/p>\n<h3>Ohutusalane teave<\/h3>\n<p><a href=\"https:\/\/espak.ee\/epood\/wp-content\/uploads\/mira6998_ohutuskaart.pdf\" target=\"_blank\" rel=\"noopener noreferrer\"><i class=\"far fa-file-pdf\"><\/i> Ohutusalane teave (PDF)<\/a><\/p>\n<div class=\"is-divider divider clearfix\" ><\/div>\n<p><strong>\u00dcksikasjalikuma n\u00f5u saamiseks v\u00f5tke \u00fchendust:<br \/><\/strong>Mira Ehitusmaterjalid O\u00dc<br \/>Segu 8<br \/>76505<br \/>Saue<br \/>+372 6790670<\/p>\n<div class=\"is-divider divider clearfix\" ><\/div>\n\t\t<\/div>\n\t\t\t\t\t<\/div>\n\n\t\n<\/div>\n","protected":false},"excerpt":{"rendered":"","protected":false},"featured_media":212511,"comment_status":"closed","ping_status":"closed","template":"","meta":[],"product_brand":[],"product_cat":[2809,2698,2803,2697],"product_tag":[],"class_list":{"0":"post-7789","1":"product","2":"type-product","3":"status-publish","4":"has-post-thumbnail","6":"product_cat-erisegud","7":"product_cat-pahtlid-ja-kuivsegud","8":"product_cat-porandasegud","9":"product_cat-uldehitus","10":"pa_kaubamark-mira-ehitusmaterjalid-ou","12":"first","13":"instock","14":"sale","15":"taxable","16":"shipping-taxable","17":"purchasable","18":"product-type-simple"},"yoast_head":"<!-- This site is optimized with the Yoast SEO plugin v26.9 - https:\/\/yoast.com\/product\/yoast-seo-wordpress\/ -->\n<title>J\u00c4MEDATERALINE REMONTSEGU MIRA 6998 BETOMIX QUICK 20-80MM 25KG - Espak E-pood<\/title>\n<meta name=\"robots\" content=\"index, follow, max-snippet:-1, max-image-preview:large, max-video-preview:-1\" \/>\n<link rel=\"canonical\" href=\"https:\/\/espak.ee\/epood\/toode\/jamedateraline-remontsegu-mira-6998-betomix-quick-20-80mm-25kg\/\" \/>\n<meta property=\"og:locale\" content=\"et_EE\" \/>\n<meta property=\"og:type\" content=\"article\" \/>\n<meta property=\"og:title\" content=\"J\u00c4MEDATERALINE REMONTSEGU MIRA 6998 BETOMIX QUICK 20-80MM 25KG - Espak E-pood\" \/>\n<meta property=\"og:url\" content=\"https:\/\/espak.ee\/epood\/toode\/jamedateraline-remontsegu-mira-6998-betomix-quick-20-80mm-25kg\/\" \/>\n<meta property=\"og:site_name\" content=\"Espak E-pood\" \/>\n<meta property=\"article:modified_time\" content=\"2024-10-03T05:22:40+00:00\" \/>\n<meta property=\"og:image\" content=\"https:\/\/espak.ee\/epood\/wp-content\/uploads\/2019\/08\/Mira-6998-betomix-quick-25kg-d22.jpg\" \/>\n\t<meta property=\"og:image:width\" content=\"1024\" \/>\n\t<meta property=\"og:image:height\" content=\"1024\" \/>\n\t<meta property=\"og:image:type\" content=\"image\/jpeg\" \/>\n<meta name=\"twitter:card\" content=\"summary_large_image\" \/>\n<meta name=\"twitter:label1\" content=\"Est. reading time\" \/>\n\t<meta name=\"twitter:data1\" content=\"2 minutit\" \/>\n<script type=\"application\/ld+json\" class=\"yoast-schema-graph\">{\"@context\":\"https:\/\/schema.org\",\"@graph\":[{\"@type\":\"WebPage\",\"@id\":\"https:\/\/espak.ee\/epood\/toode\/jamedateraline-remontsegu-mira-6998-betomix-quick-20-80mm-25kg\/\",\"url\":\"https:\/\/espak.ee\/epood\/toode\/jamedateraline-remontsegu-mira-6998-betomix-quick-20-80mm-25kg\/\",\"name\":\"J\u00c4MEDATERALINE REMONTSEGU MIRA 6998 BETOMIX QUICK 20-80MM 25KG - Espak E-pood\",\"isPartOf\":{\"@id\":\"https:\/\/espak.ee\/epood\/#website\"},\"primaryImageOfPage\":{\"@id\":\"https:\/\/espak.ee\/epood\/toode\/jamedateraline-remontsegu-mira-6998-betomix-quick-20-80mm-25kg\/#primaryimage\"},\"image\":{\"@id\":\"https:\/\/espak.ee\/epood\/toode\/jamedateraline-remontsegu-mira-6998-betomix-quick-20-80mm-25kg\/#primaryimage\"},\"thumbnailUrl\":\"https:\/\/espak.ee\/epood\/wp-content\/uploads\/2019\/08\/Mira-6998-betomix-quick-25kg-d22.jpg\",\"datePublished\":\"2019-08-19T23:16:23+00:00\",\"dateModified\":\"2024-10-03T05:22:40+00:00\",\"breadcrumb\":{\"@id\":\"https:\/\/espak.ee\/epood\/toode\/jamedateraline-remontsegu-mira-6998-betomix-quick-20-80mm-25kg\/#breadcrumb\"},\"inLanguage\":\"et\",\"potentialAction\":[{\"@type\":\"ReadAction\",\"target\":[\"https:\/\/espak.ee\/epood\/toode\/jamedateraline-remontsegu-mira-6998-betomix-quick-20-80mm-25kg\/\"]}]},{\"@type\":\"ImageObject\",\"inLanguage\":\"et\",\"@id\":\"https:\/\/espak.ee\/epood\/toode\/jamedateraline-remontsegu-mira-6998-betomix-quick-20-80mm-25kg\/#primaryimage\",\"url\":\"https:\/\/espak.ee\/epood\/wp-content\/uploads\/2019\/08\/Mira-6998-betomix-quick-25kg-d22.jpg\",\"contentUrl\":\"https:\/\/espak.ee\/epood\/wp-content\/uploads\/2019\/08\/Mira-6998-betomix-quick-25kg-d22.jpg\",\"width\":1024,\"height\":1024},{\"@type\":\"BreadcrumbList\",\"@id\":\"https:\/\/espak.ee\/epood\/toode\/jamedateraline-remontsegu-mira-6998-betomix-quick-20-80mm-25kg\/#breadcrumb\",\"itemListElement\":[{\"@type\":\"ListItem\",\"position\":1,\"name\":\"Home\",\"item\":\"https:\/\/espak.ee\/epood\/\"},{\"@type\":\"ListItem\",\"position\":2,\"name\":\"Tootevalik\",\"item\":\"https:\/\/espak.ee\/epood\/tootevalik\/\"},{\"@type\":\"ListItem\",\"position\":3,\"name\":\"J\u00c4MEDATERALINE REMONTSEGU MIRA 6998 BETOMIX QUICK 20-80MM 25KG\"}]},{\"@type\":\"WebSite\",\"@id\":\"https:\/\/espak.ee\/epood\/#website\",\"url\":\"https:\/\/espak.ee\/epood\/\",\"name\":\"Espak E-pood\",\"description\":\"\",\"potentialAction\":[{\"@type\":\"SearchAction\",\"target\":{\"@type\":\"EntryPoint\",\"urlTemplate\":\"https:\/\/espak.ee\/epood\/?s={search_term_string}\"},\"query-input\":{\"@type\":\"PropertyValueSpecification\",\"valueRequired\":true,\"valueName\":\"search_term_string\"}}],\"inLanguage\":\"et\"}]}<\/script>\n<!-- \/ Yoast SEO plugin. -->","yoast_head_json":{"title":"J\u00c4MEDATERALINE REMONTSEGU MIRA 6998 BETOMIX QUICK 20-80MM 25KG - Espak E-pood","robots":{"index":"index","follow":"follow","max-snippet":"max-snippet:-1","max-image-preview":"max-image-preview:large","max-video-preview":"max-video-preview:-1"},"canonical":"https:\/\/espak.ee\/epood\/toode\/jamedateraline-remontsegu-mira-6998-betomix-quick-20-80mm-25kg\/","og_locale":"et_EE","og_type":"article","og_title":"J\u00c4MEDATERALINE REMONTSEGU MIRA 6998 BETOMIX QUICK 20-80MM 25KG - Espak E-pood","og_url":"https:\/\/espak.ee\/epood\/toode\/jamedateraline-remontsegu-mira-6998-betomix-quick-20-80mm-25kg\/","og_site_name":"Espak E-pood","article_modified_time":"2024-10-03T05:22:40+00:00","og_image":[{"width":1024,"height":1024,"url":"https:\/\/espak.ee\/epood\/wp-content\/uploads\/2019\/08\/Mira-6998-betomix-quick-25kg-d22.jpg","type":"image\/jpeg"}],"twitter_card":"summary_large_image","twitter_misc":{"Est. reading time":"2 minutit"},"schema":{"@context":"https:\/\/schema.org","@graph":[{"@type":"WebPage","@id":"https:\/\/espak.ee\/epood\/toode\/jamedateraline-remontsegu-mira-6998-betomix-quick-20-80mm-25kg\/","url":"https:\/\/espak.ee\/epood\/toode\/jamedateraline-remontsegu-mira-6998-betomix-quick-20-80mm-25kg\/","name":"J\u00c4MEDATERALINE REMONTSEGU MIRA 6998 BETOMIX QUICK 20-80MM 25KG - Espak E-pood","isPartOf":{"@id":"https:\/\/espak.ee\/epood\/#website"},"primaryImageOfPage":{"@id":"https:\/\/espak.ee\/epood\/toode\/jamedateraline-remontsegu-mira-6998-betomix-quick-20-80mm-25kg\/#primaryimage"},"image":{"@id":"https:\/\/espak.ee\/epood\/toode\/jamedateraline-remontsegu-mira-6998-betomix-quick-20-80mm-25kg\/#primaryimage"},"thumbnailUrl":"https:\/\/espak.ee\/epood\/wp-content\/uploads\/2019\/08\/Mira-6998-betomix-quick-25kg-d22.jpg","datePublished":"2019-08-19T23:16:23+00:00","dateModified":"2024-10-03T05:22:40+00:00","breadcrumb":{"@id":"https:\/\/espak.ee\/epood\/toode\/jamedateraline-remontsegu-mira-6998-betomix-quick-20-80mm-25kg\/#breadcrumb"},"inLanguage":"et","potentialAction":[{"@type":"ReadAction","target":["https:\/\/espak.ee\/epood\/toode\/jamedateraline-remontsegu-mira-6998-betomix-quick-20-80mm-25kg\/"]}]},{"@type":"ImageObject","inLanguage":"et","@id":"https:\/\/espak.ee\/epood\/toode\/jamedateraline-remontsegu-mira-6998-betomix-quick-20-80mm-25kg\/#primaryimage","url":"https:\/\/espak.ee\/epood\/wp-content\/uploads\/2019\/08\/Mira-6998-betomix-quick-25kg-d22.jpg","contentUrl":"https:\/\/espak.ee\/epood\/wp-content\/uploads\/2019\/08\/Mira-6998-betomix-quick-25kg-d22.jpg","width":1024,"height":1024},{"@type":"BreadcrumbList","@id":"https:\/\/espak.ee\/epood\/toode\/jamedateraline-remontsegu-mira-6998-betomix-quick-20-80mm-25kg\/#breadcrumb","itemListElement":[{"@type":"ListItem","position":1,"name":"Home","item":"https:\/\/espak.ee\/epood\/"},{"@type":"ListItem","position":2,"name":"Tootevalik","item":"https:\/\/espak.ee\/epood\/tootevalik\/"},{"@type":"ListItem","position":3,"name":"J\u00c4MEDATERALINE REMONTSEGU MIRA 6998 BETOMIX QUICK 20-80MM 25KG"}]},{"@type":"WebSite","@id":"https:\/\/espak.ee\/epood\/#website","url":"https:\/\/espak.ee\/epood\/","name":"Espak E-pood","description":"","potentialAction":[{"@type":"SearchAction","target":{"@type":"EntryPoint","urlTemplate":"https:\/\/espak.ee\/epood\/?s={search_term_string}"},"query-input":{"@type":"PropertyValueSpecification","valueRequired":true,"valueName":"search_term_string"}}],"inLanguage":"et"}]}},"_links":{"self":[{"href":"https:\/\/espak.ee\/epood\/wp-json\/wp\/v2\/product\/7789","targetHints":{"allow":["GET"]}}],"collection":[{"href":"https:\/\/espak.ee\/epood\/wp-json\/wp\/v2\/product"}],"about":[{"href":"https:\/\/espak.ee\/epood\/wp-json\/wp\/v2\/types\/product"}],"replies":[{"embeddable":true,"href":"https:\/\/espak.ee\/epood\/wp-json\/wp\/v2\/comments?post=7789"}],"wp:featuredmedia":[{"embeddable":true,"href":"https:\/\/espak.ee\/epood\/wp-json\/wp\/v2\/media\/212511"}],"wp:attachment":[{"href":"https:\/\/espak.ee\/epood\/wp-json\/wp\/v2\/media?parent=7789"}],"wp:term":[{"taxonomy":"product_brand","embeddable":true,"href":"https:\/\/espak.ee\/epood\/wp-json\/wp\/v2\/product_brand?post=7789"},{"taxonomy":"product_cat","embeddable":true,"href":"https:\/\/espak.ee\/epood\/wp-json\/wp\/v2\/product_cat?post=7789"},{"taxonomy":"product_tag","embeddable":true,"href":"https:\/\/espak.ee\/epood\/wp-json\/wp\/v2\/product_tag?post=7789"}],"curies":[{"name":"wp","href":"https:\/\/api.w.org\/{rel}","templated":true}]}}