{"id":7788,"date":"2019-08-20T02:16:23","date_gmt":"2019-08-19T23:16:23","guid":{"rendered":"https:\/\/espak.ee\/hinnakiri\/?post_type=product&#038;p=7788"},"modified":"2024-10-03T08:21:42","modified_gmt":"2024-10-03T05:21:42","slug":"jamedateraline-valguv-remontsegu-mira-6975-betomix-flow-5-80-mm-25kg","status":"publish","type":"product","link":"https:\/\/espak.ee\/epood\/toode\/jamedateraline-valguv-remontsegu-mira-6975-betomix-flow-5-80-mm-25kg\/","title":{"rendered":"J\u00c4MEDATERALINE VALGUV REMONTSEGU MIRA 6975 BETOMIX FLOW 5-80 MM 20KG"},"content":{"rendered":"<div class=\"row\"  id=\"row-371574569\">\n\n\t<div id=\"col-423318920\" class=\"col medium-9 small-12 large-9\"  >\n\t\t\t\t<div class=\"col-inner\"  >\n\t\t\t\n\t\t\t\n<h2>J\u00e4medateraline valguv remontsegu<\/h2>\n<p>Vee- ja k\u00fclmakindel, valguv segu betoonp\u00f5randate tasandamiseks, ebatasasuste t\u00e4itmiseks ja kallete ehitamiseks. Sobib ka k\u00fcttekaablite katmiseks. <\/p>\n<div class=\"message-box relative\" style=\"padding-top:15px;padding-bottom:15px;\"><div class=\"message-box-bg-image bg-fill fill\" ><\/div><div class=\"message-box-bg-overlay bg-fill fill\" ><\/div><div class=\"container relative\"><div class=\"inner last-reset\">\n<div class=\"row align-middle align-center\"  id=\"row-2102141362\">\n\n\t<div id=\"col-1520490131\" class=\"col small-12 large-12\"  >\n\t\t\t\t<div class=\"col-inner text-left\"  >\n\t\t\t\n\t\t\t\n<h4>Omadused<\/h4>\n<div class=\"row\"  id=\"row-228944378\">\n\n\t<div id=\"col-571574883\" class=\"col medium-6 small-12 large-6\"  >\n\t\t\t\t<div class=\"col-inner\"  >\n\t\t\t\n\t\t\t\n<p><i class=\"fa fa-fill fa-2x\"><\/i> <strong>Tsemendi baasil<\/strong><\/p>\n<p><i class=\"fa fa-snowflake fa-2x\"><\/i> <strong>K\u00fclmakindel<\/strong><\/p>\n\t\t<\/div>\n\t\t\t\t\n<style>\n#col-571574883 > .col-inner {\n  margin: 0px 0px 15px 0px;\n}\n<\/style>\n\t<\/div>\n\n\t\n\n\t<div id=\"col-774758991\" class=\"col medium-6 small-12 large-6\"  >\n\t\t\t\t<div class=\"col-inner\"  >\n\t\t\t\n\t\t\t\n<p><i class=\"fa fa-clock-four fa-2x\"><\/i> <strong>Kiirkivinev<\/strong><\/p>\n<p><i class=\"fa fa-tint fa-2x\"><\/i> <strong>Niiskuskindel<\/strong><\/p>\n\t\t<\/div>\n\t\t\t\t\n<style>\n#col-774758991 > .col-inner {\n  margin: 0px 0px 15px 0px;\n}\n<\/style>\n\t<\/div>\n\n\t\n<\/div>\n\t\t<\/div>\n\t\t\t\t\t<\/div>\n\n\t\n<\/div>\n<\/div><\/div><\/div>\n\t<div id=\"gap-1961256442\" class=\"gap-element clearfix\" style=\"display:block; height:auto;\">\n\t\t\n<style>\n#gap-1961256442 {\n  padding-top: 30px;\n}\n<\/style>\n\t<\/div>\n\t\n<h3>Kasutamise \u00fcksikasjad<\/h3>\n<p><strong>Kasutusalad:<\/strong> Garaa\u017ei jms p\u00f5randate valamiseks ning tasandamiseks. Kasutatakse laustasanduseks, ebatasasuste t\u00e4itmiseks,<br \/>\nk\u00fcttekaablite katmiseks ja ka kallete ehitamiseks. Sobib kasutamiseks kuivades ja m\u00e4rgades ruumides nii sisekui ka v\u00e4listingimustes<\/p>\n<p><strong>Aluspinnad:<\/strong> 6975 betomix flow on kasutamiseks betoonist aluspindadel. mira 6975 betomix flow v\u00f5ib kasutada stabiilsel aluspinal ujuva p\u00f5randana (kihi paksus 35-80 mm) koos armeeringuga ja ka otse pinnasele paigaldatud soojustusel koos armeeringuga. <\/p>\n<p><strong>Aluspinna ettevalmistus:<\/strong> Aluspind peab olema puhas, tugev, sidus ja kandev\u00f5imeline. Tsemendipiim ja betooni n\u00f5rgad kohad eemaldada. Lahtine tolm ja mustus eemaldada tolmuimejaga. Rasv, \u00f5li jms eemaldada mira 7110 base cleaner pesuvahendiga, survepesuriga vms t\u00f5husal moel.<\/p>\n<p><strong>Kasutamine:<\/strong> 20 kg pulbrit segada 2,2 &#8211; 2,6 liitri rent puhta veega. J\u00e4lgige, et pulber ja vesi ei oleks liialt k\u00fclmad. Segada m\u00f6rt korralikult l\u00e4bi, misj\u00e4rel see on t\u00f6\u00f6deldav u. 30 minutit, temperatuuril 10-20\u00b0C.<br \/>\nValmissegatud m\u00f6rt kanda hoolikalt aluspinnale. Tihendada segu ja tasandada sobivale k\u00f5rgusele. Kui m\u00f6rt hakkab tarduma, siluda pind metallist h\u00f5\u00f5rutiga. Pind kannatab kerget k\u00f5ndi ja edasist t\u00f6\u00f6tlust 3-6 tunni m\u00f6\u00f6dudes. Kivinemise ajal kaitsta v\u00e4rskelt valatud p\u00f5randat liiga kiire kuivamise eest. V\u00e4litingimustes katta v\u00e4rskelt valatud 6975 betomix flow kiht kivinemise ajaks kilega.<\/p>\n<p><strong>Kruntimine:<\/strong> Poorsed, tsemendi baasil aluspinnad kruntida mira 4180 primer vesilahusega suhtes 1:3. Kruntaine tuleb hoolikalt kanda aluspinnale harja v\u00f5i pintsliga.<\/p>\n<p><strong>Ohutus:<\/strong> Toode sisaldab tsementi, j\u00e4rgige tsemendiga t\u00f6\u00f6tamise ohutusn\u00f5udeid.<\/p>\n\t\t<\/div>\n\t\t\t\t\t<\/div>\n\n\t\n\n\t<div id=\"col-1938645616\" class=\"col medium-3 small-12 large-3\"  >\n\t\t\t\t<div class=\"col-inner\"  >\n\t\t\t\n\t\t\t\n\t<div id=\"gap-686678805\" class=\"gap-element clearfix\" style=\"display:block; height:auto;\">\n\t\t\n<style>\n#gap-686678805 {\n  padding-top: 30px;\n}\n<\/style>\n\t<\/div>\n\t\n<h3>Tehniline informatsioon<\/h3>\n<p><a href=\"https:\/\/espak.ee\/epood\/wp-content\/uploads\/mira6975_tooteleht.pdf\" target=\"_blank\" rel=\"noopener noreferrer\"><i class=\"far fa-file-pdf\"><\/i> Tehniline info (PDF)<\/a><\/p>\n<h3>Ohutusalane teave<\/h3>\n<p><a href=\"https:\/\/espak.ee\/epood\/wp-content\/uploads\/mira6975_ohutusleht.pdf\" target=\"_blank\" rel=\"noopener noreferrer\"><i class=\"far fa-file-pdf\"><\/i> Ohutusalane teave (PDF)<\/a><\/p>\n<div class=\"is-divider divider clearfix\" ><\/div>\n<p><strong>\u00dcksikasjalikuma n\u00f5u saamiseks v\u00f5tke \u00fchendust:<br \/><\/strong>Mira Ehitusmaterjalid O\u00dc<br \/>Segu 8<br \/>76505<br \/>Saue<br \/>+372 6790670<\/p>\n<div class=\"is-divider divider clearfix\" ><\/div>\n\t\t<\/div>\n\t\t\t\t\t<\/div>\n\n\t\n<\/div>\n","protected":false},"excerpt":{"rendered":"","protected":false},"featured_media":212509,"comment_status":"closed","ping_status":"closed","template":"","meta":[],"product_brand":[],"product_cat":[2809,2698,2803,2697],"product_tag":[],"class_list":{"0":"post-7788","1":"product","2":"type-product","3":"status-publish","4":"has-post-thumbnail","6":"product_cat-erisegud","7":"product_cat-pahtlid-ja-kuivsegud","8":"product_cat-porandasegud","9":"product_cat-uldehitus","10":"pa_kaubamark-mira-ehitusmaterjalid-ou","12":"first","13":"instock","14":"sale","15":"taxable","16":"shipping-taxable","17":"purchasable","18":"product-type-simple"},"yoast_head":"<!-- This site is optimized with the Yoast SEO plugin v26.9 - https:\/\/yoast.com\/product\/yoast-seo-wordpress\/ -->\n<title>J\u00c4MEDATERALINE VALGUV REMONTSEGU MIRA 6975 BETOMIX FLOW 5-80 MM 20KG - Espak E-pood<\/title>\n<meta name=\"robots\" content=\"index, follow, max-snippet:-1, max-image-preview:large, max-video-preview:-1\" \/>\n<link rel=\"canonical\" href=\"https:\/\/espak.ee\/epood\/toode\/jamedateraline-valguv-remontsegu-mira-6975-betomix-flow-5-80-mm-25kg\/\" \/>\n<meta property=\"og:locale\" content=\"et_EE\" \/>\n<meta property=\"og:type\" content=\"article\" \/>\n<meta property=\"og:title\" content=\"J\u00c4MEDATERALINE VALGUV REMONTSEGU MIRA 6975 BETOMIX FLOW 5-80 MM 20KG - Espak E-pood\" \/>\n<meta property=\"og:url\" content=\"https:\/\/espak.ee\/epood\/toode\/jamedateraline-valguv-remontsegu-mira-6975-betomix-flow-5-80-mm-25kg\/\" \/>\n<meta property=\"og:site_name\" content=\"Espak E-pood\" \/>\n<meta property=\"article:modified_time\" content=\"2024-10-03T05:21:42+00:00\" \/>\n<meta property=\"og:image\" content=\"https:\/\/espak.ee\/epood\/wp-content\/uploads\/2019\/08\/Mira-6975-betomix-flow-22deg.jpg\" \/>\n\t<meta property=\"og:image:width\" content=\"1024\" \/>\n\t<meta property=\"og:image:height\" content=\"1024\" \/>\n\t<meta property=\"og:image:type\" content=\"image\/jpeg\" \/>\n<meta name=\"twitter:card\" content=\"summary_large_image\" \/>\n<meta name=\"twitter:label1\" content=\"Est. reading time\" \/>\n\t<meta name=\"twitter:data1\" content=\"2 minutit\" \/>\n<script type=\"application\/ld+json\" class=\"yoast-schema-graph\">{\"@context\":\"https:\/\/schema.org\",\"@graph\":[{\"@type\":\"WebPage\",\"@id\":\"https:\/\/espak.ee\/epood\/toode\/jamedateraline-valguv-remontsegu-mira-6975-betomix-flow-5-80-mm-25kg\/\",\"url\":\"https:\/\/espak.ee\/epood\/toode\/jamedateraline-valguv-remontsegu-mira-6975-betomix-flow-5-80-mm-25kg\/\",\"name\":\"J\u00c4MEDATERALINE VALGUV REMONTSEGU MIRA 6975 BETOMIX FLOW 5-80 MM 20KG - Espak E-pood\",\"isPartOf\":{\"@id\":\"https:\/\/espak.ee\/epood\/#website\"},\"primaryImageOfPage\":{\"@id\":\"https:\/\/espak.ee\/epood\/toode\/jamedateraline-valguv-remontsegu-mira-6975-betomix-flow-5-80-mm-25kg\/#primaryimage\"},\"image\":{\"@id\":\"https:\/\/espak.ee\/epood\/toode\/jamedateraline-valguv-remontsegu-mira-6975-betomix-flow-5-80-mm-25kg\/#primaryimage\"},\"thumbnailUrl\":\"https:\/\/espak.ee\/epood\/wp-content\/uploads\/2019\/08\/Mira-6975-betomix-flow-22deg.jpg\",\"datePublished\":\"2019-08-19T23:16:23+00:00\",\"dateModified\":\"2024-10-03T05:21:42+00:00\",\"breadcrumb\":{\"@id\":\"https:\/\/espak.ee\/epood\/toode\/jamedateraline-valguv-remontsegu-mira-6975-betomix-flow-5-80-mm-25kg\/#breadcrumb\"},\"inLanguage\":\"et\",\"potentialAction\":[{\"@type\":\"ReadAction\",\"target\":[\"https:\/\/espak.ee\/epood\/toode\/jamedateraline-valguv-remontsegu-mira-6975-betomix-flow-5-80-mm-25kg\/\"]}]},{\"@type\":\"ImageObject\",\"inLanguage\":\"et\",\"@id\":\"https:\/\/espak.ee\/epood\/toode\/jamedateraline-valguv-remontsegu-mira-6975-betomix-flow-5-80-mm-25kg\/#primaryimage\",\"url\":\"https:\/\/espak.ee\/epood\/wp-content\/uploads\/2019\/08\/Mira-6975-betomix-flow-22deg.jpg\",\"contentUrl\":\"https:\/\/espak.ee\/epood\/wp-content\/uploads\/2019\/08\/Mira-6975-betomix-flow-22deg.jpg\",\"width\":1024,\"height\":1024},{\"@type\":\"BreadcrumbList\",\"@id\":\"https:\/\/espak.ee\/epood\/toode\/jamedateraline-valguv-remontsegu-mira-6975-betomix-flow-5-80-mm-25kg\/#breadcrumb\",\"itemListElement\":[{\"@type\":\"ListItem\",\"position\":1,\"name\":\"Home\",\"item\":\"https:\/\/espak.ee\/epood\/\"},{\"@type\":\"ListItem\",\"position\":2,\"name\":\"Tootevalik\",\"item\":\"https:\/\/espak.ee\/epood\/tootevalik\/\"},{\"@type\":\"ListItem\",\"position\":3,\"name\":\"J\u00c4MEDATERALINE VALGUV REMONTSEGU MIRA 6975 BETOMIX FLOW 5-80 MM 20KG\"}]},{\"@type\":\"WebSite\",\"@id\":\"https:\/\/espak.ee\/epood\/#website\",\"url\":\"https:\/\/espak.ee\/epood\/\",\"name\":\"Espak E-pood\",\"description\":\"\",\"potentialAction\":[{\"@type\":\"SearchAction\",\"target\":{\"@type\":\"EntryPoint\",\"urlTemplate\":\"https:\/\/espak.ee\/epood\/?s={search_term_string}\"},\"query-input\":{\"@type\":\"PropertyValueSpecification\",\"valueRequired\":true,\"valueName\":\"search_term_string\"}}],\"inLanguage\":\"et\"}]}<\/script>\n<!-- \/ Yoast SEO plugin. -->","yoast_head_json":{"title":"J\u00c4MEDATERALINE VALGUV REMONTSEGU MIRA 6975 BETOMIX FLOW 5-80 MM 20KG - Espak E-pood","robots":{"index":"index","follow":"follow","max-snippet":"max-snippet:-1","max-image-preview":"max-image-preview:large","max-video-preview":"max-video-preview:-1"},"canonical":"https:\/\/espak.ee\/epood\/toode\/jamedateraline-valguv-remontsegu-mira-6975-betomix-flow-5-80-mm-25kg\/","og_locale":"et_EE","og_type":"article","og_title":"J\u00c4MEDATERALINE VALGUV REMONTSEGU MIRA 6975 BETOMIX FLOW 5-80 MM 20KG - Espak E-pood","og_url":"https:\/\/espak.ee\/epood\/toode\/jamedateraline-valguv-remontsegu-mira-6975-betomix-flow-5-80-mm-25kg\/","og_site_name":"Espak E-pood","article_modified_time":"2024-10-03T05:21:42+00:00","og_image":[{"width":1024,"height":1024,"url":"https:\/\/espak.ee\/epood\/wp-content\/uploads\/2019\/08\/Mira-6975-betomix-flow-22deg.jpg","type":"image\/jpeg"}],"twitter_card":"summary_large_image","twitter_misc":{"Est. reading time":"2 minutit"},"schema":{"@context":"https:\/\/schema.org","@graph":[{"@type":"WebPage","@id":"https:\/\/espak.ee\/epood\/toode\/jamedateraline-valguv-remontsegu-mira-6975-betomix-flow-5-80-mm-25kg\/","url":"https:\/\/espak.ee\/epood\/toode\/jamedateraline-valguv-remontsegu-mira-6975-betomix-flow-5-80-mm-25kg\/","name":"J\u00c4MEDATERALINE VALGUV REMONTSEGU MIRA 6975 BETOMIX FLOW 5-80 MM 20KG - Espak E-pood","isPartOf":{"@id":"https:\/\/espak.ee\/epood\/#website"},"primaryImageOfPage":{"@id":"https:\/\/espak.ee\/epood\/toode\/jamedateraline-valguv-remontsegu-mira-6975-betomix-flow-5-80-mm-25kg\/#primaryimage"},"image":{"@id":"https:\/\/espak.ee\/epood\/toode\/jamedateraline-valguv-remontsegu-mira-6975-betomix-flow-5-80-mm-25kg\/#primaryimage"},"thumbnailUrl":"https:\/\/espak.ee\/epood\/wp-content\/uploads\/2019\/08\/Mira-6975-betomix-flow-22deg.jpg","datePublished":"2019-08-19T23:16:23+00:00","dateModified":"2024-10-03T05:21:42+00:00","breadcrumb":{"@id":"https:\/\/espak.ee\/epood\/toode\/jamedateraline-valguv-remontsegu-mira-6975-betomix-flow-5-80-mm-25kg\/#breadcrumb"},"inLanguage":"et","potentialAction":[{"@type":"ReadAction","target":["https:\/\/espak.ee\/epood\/toode\/jamedateraline-valguv-remontsegu-mira-6975-betomix-flow-5-80-mm-25kg\/"]}]},{"@type":"ImageObject","inLanguage":"et","@id":"https:\/\/espak.ee\/epood\/toode\/jamedateraline-valguv-remontsegu-mira-6975-betomix-flow-5-80-mm-25kg\/#primaryimage","url":"https:\/\/espak.ee\/epood\/wp-content\/uploads\/2019\/08\/Mira-6975-betomix-flow-22deg.jpg","contentUrl":"https:\/\/espak.ee\/epood\/wp-content\/uploads\/2019\/08\/Mira-6975-betomix-flow-22deg.jpg","width":1024,"height":1024},{"@type":"BreadcrumbList","@id":"https:\/\/espak.ee\/epood\/toode\/jamedateraline-valguv-remontsegu-mira-6975-betomix-flow-5-80-mm-25kg\/#breadcrumb","itemListElement":[{"@type":"ListItem","position":1,"name":"Home","item":"https:\/\/espak.ee\/epood\/"},{"@type":"ListItem","position":2,"name":"Tootevalik","item":"https:\/\/espak.ee\/epood\/tootevalik\/"},{"@type":"ListItem","position":3,"name":"J\u00c4MEDATERALINE VALGUV REMONTSEGU MIRA 6975 BETOMIX FLOW 5-80 MM 20KG"}]},{"@type":"WebSite","@id":"https:\/\/espak.ee\/epood\/#website","url":"https:\/\/espak.ee\/epood\/","name":"Espak E-pood","description":"","potentialAction":[{"@type":"SearchAction","target":{"@type":"EntryPoint","urlTemplate":"https:\/\/espak.ee\/epood\/?s={search_term_string}"},"query-input":{"@type":"PropertyValueSpecification","valueRequired":true,"valueName":"search_term_string"}}],"inLanguage":"et"}]}},"_links":{"self":[{"href":"https:\/\/espak.ee\/epood\/wp-json\/wp\/v2\/product\/7788","targetHints":{"allow":["GET"]}}],"collection":[{"href":"https:\/\/espak.ee\/epood\/wp-json\/wp\/v2\/product"}],"about":[{"href":"https:\/\/espak.ee\/epood\/wp-json\/wp\/v2\/types\/product"}],"replies":[{"embeddable":true,"href":"https:\/\/espak.ee\/epood\/wp-json\/wp\/v2\/comments?post=7788"}],"wp:featuredmedia":[{"embeddable":true,"href":"https:\/\/espak.ee\/epood\/wp-json\/wp\/v2\/media\/212509"}],"wp:attachment":[{"href":"https:\/\/espak.ee\/epood\/wp-json\/wp\/v2\/media?parent=7788"}],"wp:term":[{"taxonomy":"product_brand","embeddable":true,"href":"https:\/\/espak.ee\/epood\/wp-json\/wp\/v2\/product_brand?post=7788"},{"taxonomy":"product_cat","embeddable":true,"href":"https:\/\/espak.ee\/epood\/wp-json\/wp\/v2\/product_cat?post=7788"},{"taxonomy":"product_tag","embeddable":true,"href":"https:\/\/espak.ee\/epood\/wp-json\/wp\/v2\/product_tag?post=7788"}],"curies":[{"name":"wp","href":"https:\/\/api.w.org\/{rel}","templated":true}]}}