{"id":7750,"date":"2019-08-16T02:21:17","date_gmt":"2019-08-15T23:21:17","guid":{"rendered":"https:\/\/espak.ee\/hinnakiri\/?post_type=product&#038;p=7750"},"modified":"2025-07-05T19:19:34","modified_gmt":"2025-07-05T16:19:34","slug":"armatuurvork-mira-uninet-7501195mm-silm-7575-%c2%a4-25","status":"publish","type":"product","link":"https:\/\/espak.ee\/epood\/toode\/armatuurvork-mira-uninet-7501195mm-silm-7575-%c2%a4-25\/","title":{"rendered":"ARMATUURV\u00d5RK MIRA UNINET 750*1195MM SILM 75*75 \u00a4 2,5"},"content":{"rendered":"<div class=\"row\"  id=\"row-1760130525\">\n\n\t<div id=\"col-399287545\" class=\"col medium-9 small-12 large-9\"  >\n\t\t\t\t<div class=\"col-inner\"  >\n\t\t\t\n\t\t\t\n<h2>Armatuurv\u00f5rk.<\/h2>\n<p>Isevalguvate p\u00f5randasegude armeerimiseks, k\u00fcttekaablite kinnitamiseks.<\/p>\n\t<div id=\"gap-1645517576\" class=\"gap-element clearfix\" style=\"display:block; height:auto;\">\n\t\t\n<style>\n#gap-1645517576 {\n  padding-top: 30px;\n}\n<\/style>\n\t<\/div>\n\t\n<h3>Kasutamise \u00fcksikasjad<\/h3>\n<p><strong>Kasutusalad:<\/strong> Mira uninet armatuurv\u00f5rk on loodud kasutamiseks sise- ja v\u00e4listingimustes, sobib puitp\u00f5randatele ning k\u00fcttega p\u00f5randatele.<\/p>\n\t\t<\/div>\n\t\t\t\t\t<\/div>\n\n\t\n\n\t<div id=\"col-2137397156\" class=\"col medium-3 small-12 large-3\"  >\n\t\t\t\t<div class=\"col-inner\"  >\n\t\t\t\n\t\t\t\n\t<div id=\"gap-977662421\" class=\"gap-element clearfix\" style=\"display:block; height:auto;\">\n\t\t\n<style>\n#gap-977662421 {\n  padding-top: 30px;\n}\n<\/style>\n\t<\/div>\n\t\n<div class=\"is-divider divider clearfix\" ><\/div>\n<p><strong>\u00dcksikasjalikuma n\u00f5u saamiseks v\u00f5tke \u00fchendust:<br \/><\/strong>Mira Ehitusmaterjalid O\u00dc<br \/>Segu 8<br \/>76505<br \/>Saue<br \/>+372 6790670<\/p>\n<div class=\"is-divider divider clearfix\" ><\/div>\n\t\t<\/div>\n\t\t\t\t\t<\/div>\n\n\t\n<\/div>\n","protected":false},"excerpt":{"rendered":"","protected":false},"featured_media":84900,"comment_status":"closed","ping_status":"closed","template":"","meta":[],"product_brand":[],"product_cat":[2798,2711,2697,2800],"product_tag":[],"class_list":{"0":"post-7750","1":"product","2":"type-product","3":"status-publish","4":"has-post-thumbnail","6":"product_cat-fassaadi-lisatarvikud","7":"product_cat-fassaadimaterjalid","8":"product_cat-uldehitus","9":"product_cat-vorgud","10":"pa_kaubamark-mira-ehitusmaterjalid-ou","12":"first","13":"instock","14":"sale","15":"taxable","16":"shipping-taxable","17":"purchasable","18":"product-type-simple"},"yoast_head":"<!-- This site is optimized with the Yoast SEO plugin v26.9 - https:\/\/yoast.com\/product\/yoast-seo-wordpress\/ -->\n<title>ARMATUURV\u00d5RK MIRA UNINET 750*1195MM SILM 75*75 \u00a4 2,5 - Espak E-pood<\/title>\n<meta name=\"robots\" content=\"index, follow, max-snippet:-1, max-image-preview:large, max-video-preview:-1\" \/>\n<link rel=\"canonical\" href=\"https:\/\/espak.ee\/epood\/toode\/armatuurvork-mira-uninet-7501195mm-silm-7575-\u00a4-25\/\" \/>\n<meta property=\"og:locale\" content=\"et_EE\" \/>\n<meta property=\"og:type\" content=\"article\" \/>\n<meta property=\"og:title\" content=\"ARMATUURV\u00d5RK MIRA UNINET 750*1195MM SILM 75*75 \u00a4 2,5 - Espak E-pood\" \/>\n<meta property=\"og:url\" content=\"https:\/\/espak.ee\/epood\/toode\/armatuurvork-mira-uninet-7501195mm-silm-7575-\u00a4-25\/\" \/>\n<meta property=\"og:site_name\" content=\"Espak E-pood\" \/>\n<meta property=\"article:modified_time\" content=\"2025-07-05T16:19:34+00:00\" \/>\n<meta property=\"og:image\" content=\"https:\/\/espak.ee\/epood\/wp-content\/uploads\/2019\/08\/uninet-e1621920562562.jpg\" \/>\n\t<meta property=\"og:image:width\" content=\"937\" \/>\n\t<meta property=\"og:image:height\" content=\"600\" \/>\n\t<meta property=\"og:image:type\" content=\"image\/jpeg\" \/>\n<meta name=\"twitter:card\" content=\"summary_large_image\" \/>\n<script type=\"application\/ld+json\" class=\"yoast-schema-graph\">{\"@context\":\"https:\/\/schema.org\",\"@graph\":[{\"@type\":\"WebPage\",\"@id\":\"https:\/\/espak.ee\/epood\/toode\/armatuurvork-mira-uninet-7501195mm-silm-7575-%c2%a4-25\/\",\"url\":\"https:\/\/espak.ee\/epood\/toode\/armatuurvork-mira-uninet-7501195mm-silm-7575-%c2%a4-25\/\",\"name\":\"ARMATUURV\u00d5RK MIRA UNINET 750*1195MM SILM 75*75 \u00a4 2,5 - Espak E-pood\",\"isPartOf\":{\"@id\":\"https:\/\/espak.ee\/epood\/#website\"},\"primaryImageOfPage\":{\"@id\":\"https:\/\/espak.ee\/epood\/toode\/armatuurvork-mira-uninet-7501195mm-silm-7575-%c2%a4-25\/#primaryimage\"},\"image\":{\"@id\":\"https:\/\/espak.ee\/epood\/toode\/armatuurvork-mira-uninet-7501195mm-silm-7575-%c2%a4-25\/#primaryimage\"},\"thumbnailUrl\":\"https:\/\/espak.ee\/epood\/wp-content\/uploads\/2019\/08\/uninet-e1621920562562.jpg\",\"datePublished\":\"2019-08-15T23:21:17+00:00\",\"dateModified\":\"2025-07-05T16:19:34+00:00\",\"breadcrumb\":{\"@id\":\"https:\/\/espak.ee\/epood\/toode\/armatuurvork-mira-uninet-7501195mm-silm-7575-%c2%a4-25\/#breadcrumb\"},\"inLanguage\":\"et\",\"potentialAction\":[{\"@type\":\"ReadAction\",\"target\":[\"https:\/\/espak.ee\/epood\/toode\/armatuurvork-mira-uninet-7501195mm-silm-7575-%c2%a4-25\/\"]}]},{\"@type\":\"ImageObject\",\"inLanguage\":\"et\",\"@id\":\"https:\/\/espak.ee\/epood\/toode\/armatuurvork-mira-uninet-7501195mm-silm-7575-%c2%a4-25\/#primaryimage\",\"url\":\"https:\/\/espak.ee\/epood\/wp-content\/uploads\/2019\/08\/uninet-e1621920562562.jpg\",\"contentUrl\":\"https:\/\/espak.ee\/epood\/wp-content\/uploads\/2019\/08\/uninet-e1621920562562.jpg\",\"width\":937,\"height\":600},{\"@type\":\"BreadcrumbList\",\"@id\":\"https:\/\/espak.ee\/epood\/toode\/armatuurvork-mira-uninet-7501195mm-silm-7575-%c2%a4-25\/#breadcrumb\",\"itemListElement\":[{\"@type\":\"ListItem\",\"position\":1,\"name\":\"Home\",\"item\":\"https:\/\/espak.ee\/epood\/\"},{\"@type\":\"ListItem\",\"position\":2,\"name\":\"Tootevalik\",\"item\":\"https:\/\/espak.ee\/epood\/tootevalik\/\"},{\"@type\":\"ListItem\",\"position\":3,\"name\":\"ARMATUURV\u00d5RK MIRA UNINET 750*1195MM SILM 75*75 \u00a4 2,5\"}]},{\"@type\":\"WebSite\",\"@id\":\"https:\/\/espak.ee\/epood\/#website\",\"url\":\"https:\/\/espak.ee\/epood\/\",\"name\":\"Espak E-pood\",\"description\":\"\",\"potentialAction\":[{\"@type\":\"SearchAction\",\"target\":{\"@type\":\"EntryPoint\",\"urlTemplate\":\"https:\/\/espak.ee\/epood\/?s={search_term_string}\"},\"query-input\":{\"@type\":\"PropertyValueSpecification\",\"valueRequired\":true,\"valueName\":\"search_term_string\"}}],\"inLanguage\":\"et\"}]}<\/script>\n<!-- \/ Yoast SEO plugin. -->","yoast_head_json":{"title":"ARMATUURV\u00d5RK MIRA UNINET 750*1195MM SILM 75*75 \u00a4 2,5 - Espak E-pood","robots":{"index":"index","follow":"follow","max-snippet":"max-snippet:-1","max-image-preview":"max-image-preview:large","max-video-preview":"max-video-preview:-1"},"canonical":"https:\/\/espak.ee\/epood\/toode\/armatuurvork-mira-uninet-7501195mm-silm-7575-\u00a4-25\/","og_locale":"et_EE","og_type":"article","og_title":"ARMATUURV\u00d5RK MIRA UNINET 750*1195MM SILM 75*75 \u00a4 2,5 - Espak E-pood","og_url":"https:\/\/espak.ee\/epood\/toode\/armatuurvork-mira-uninet-7501195mm-silm-7575-\u00a4-25\/","og_site_name":"Espak E-pood","article_modified_time":"2025-07-05T16:19:34+00:00","og_image":[{"width":937,"height":600,"url":"https:\/\/espak.ee\/epood\/wp-content\/uploads\/2019\/08\/uninet-e1621920562562.jpg","type":"image\/jpeg"}],"twitter_card":"summary_large_image","schema":{"@context":"https:\/\/schema.org","@graph":[{"@type":"WebPage","@id":"https:\/\/espak.ee\/epood\/toode\/armatuurvork-mira-uninet-7501195mm-silm-7575-%c2%a4-25\/","url":"https:\/\/espak.ee\/epood\/toode\/armatuurvork-mira-uninet-7501195mm-silm-7575-%c2%a4-25\/","name":"ARMATUURV\u00d5RK MIRA UNINET 750*1195MM SILM 75*75 \u00a4 2,5 - Espak E-pood","isPartOf":{"@id":"https:\/\/espak.ee\/epood\/#website"},"primaryImageOfPage":{"@id":"https:\/\/espak.ee\/epood\/toode\/armatuurvork-mira-uninet-7501195mm-silm-7575-%c2%a4-25\/#primaryimage"},"image":{"@id":"https:\/\/espak.ee\/epood\/toode\/armatuurvork-mira-uninet-7501195mm-silm-7575-%c2%a4-25\/#primaryimage"},"thumbnailUrl":"https:\/\/espak.ee\/epood\/wp-content\/uploads\/2019\/08\/uninet-e1621920562562.jpg","datePublished":"2019-08-15T23:21:17+00:00","dateModified":"2025-07-05T16:19:34+00:00","breadcrumb":{"@id":"https:\/\/espak.ee\/epood\/toode\/armatuurvork-mira-uninet-7501195mm-silm-7575-%c2%a4-25\/#breadcrumb"},"inLanguage":"et","potentialAction":[{"@type":"ReadAction","target":["https:\/\/espak.ee\/epood\/toode\/armatuurvork-mira-uninet-7501195mm-silm-7575-%c2%a4-25\/"]}]},{"@type":"ImageObject","inLanguage":"et","@id":"https:\/\/espak.ee\/epood\/toode\/armatuurvork-mira-uninet-7501195mm-silm-7575-%c2%a4-25\/#primaryimage","url":"https:\/\/espak.ee\/epood\/wp-content\/uploads\/2019\/08\/uninet-e1621920562562.jpg","contentUrl":"https:\/\/espak.ee\/epood\/wp-content\/uploads\/2019\/08\/uninet-e1621920562562.jpg","width":937,"height":600},{"@type":"BreadcrumbList","@id":"https:\/\/espak.ee\/epood\/toode\/armatuurvork-mira-uninet-7501195mm-silm-7575-%c2%a4-25\/#breadcrumb","itemListElement":[{"@type":"ListItem","position":1,"name":"Home","item":"https:\/\/espak.ee\/epood\/"},{"@type":"ListItem","position":2,"name":"Tootevalik","item":"https:\/\/espak.ee\/epood\/tootevalik\/"},{"@type":"ListItem","position":3,"name":"ARMATUURV\u00d5RK MIRA UNINET 750*1195MM SILM 75*75 \u00a4 2,5"}]},{"@type":"WebSite","@id":"https:\/\/espak.ee\/epood\/#website","url":"https:\/\/espak.ee\/epood\/","name":"Espak E-pood","description":"","potentialAction":[{"@type":"SearchAction","target":{"@type":"EntryPoint","urlTemplate":"https:\/\/espak.ee\/epood\/?s={search_term_string}"},"query-input":{"@type":"PropertyValueSpecification","valueRequired":true,"valueName":"search_term_string"}}],"inLanguage":"et"}]}},"_links":{"self":[{"href":"https:\/\/espak.ee\/epood\/wp-json\/wp\/v2\/product\/7750","targetHints":{"allow":["GET"]}}],"collection":[{"href":"https:\/\/espak.ee\/epood\/wp-json\/wp\/v2\/product"}],"about":[{"href":"https:\/\/espak.ee\/epood\/wp-json\/wp\/v2\/types\/product"}],"replies":[{"embeddable":true,"href":"https:\/\/espak.ee\/epood\/wp-json\/wp\/v2\/comments?post=7750"}],"wp:featuredmedia":[{"embeddable":true,"href":"https:\/\/espak.ee\/epood\/wp-json\/wp\/v2\/media\/84900"}],"wp:attachment":[{"href":"https:\/\/espak.ee\/epood\/wp-json\/wp\/v2\/media?parent=7750"}],"wp:term":[{"taxonomy":"product_brand","embeddable":true,"href":"https:\/\/espak.ee\/epood\/wp-json\/wp\/v2\/product_brand?post=7750"},{"taxonomy":"product_cat","embeddable":true,"href":"https:\/\/espak.ee\/epood\/wp-json\/wp\/v2\/product_cat?post=7750"},{"taxonomy":"product_tag","embeddable":true,"href":"https:\/\/espak.ee\/epood\/wp-json\/wp\/v2\/product_tag?post=7750"}],"curies":[{"name":"wp","href":"https:\/\/api.w.org\/{rel}","templated":true}]}}