{"id":77488,"date":"2021-04-13T03:49:03","date_gmt":"2021-04-13T03:49:03","guid":{"rendered":"https:\/\/espak.ee\/epood\/?post_type=product&#038;p=77488"},"modified":"2025-08-05T16:00:00","modified_gmt":"2025-08-05T13:00:00","slug":"okaspuu-ja-rodomuld-40l-kekkila-a70","status":"publish","type":"product","link":"https:\/\/espak.ee\/epood\/toode\/okaspuu-ja-rodomuld-40l-kekkila-a70\/","title":{"rendered":"OKASPUU- JA RODODENDRONIMULD KEKKIL\u00c4 40L"},"content":{"rendered":"<div class=\"row\"  id=\"row-312439621\">\n\n\t<div id=\"col-103000595\" class=\"col medium-9 small-12 large-9\"  >\n\t\t\t\t<div class=\"col-inner\"  >\n\t\t\t\n\t\t\t\n<h3>Okaspuu ja rodomuld 40L KEKKIL\u00c4 (A70)<\/h3>\n<p>Okaspuu- ja Rododendronimuld on kvaliteetne muld happelist pinnast eelistavate taimede istutamiseks ja uute istutusalade rajamiseks.<br \/>\nSee sobib rododendronitele, asaleadele, puksrohule, p\u00f5\u00f5sasmustikatele, okaspuudele ja hortensiatele.<br \/>\nOkaspuu- ja Rododendronimuld on kasutusvalmis ja sobib sellisel kujul kasvusubstraadiks. Uute istutusalade rajamisel v\u00f5ib lisada erimullale olenevalt pinnase liigist 1\/2\u20131\/3 osa aluspinnast. Vanu istandikke v\u00f5ib elustada, lisades pinnasele kihi erimulda.<br \/>\nErimulla struktuur on t\u00e4nu k\u00f5dunenud puukoort ja mineraalaineid sisaldavale valitud koostisele p\u00fcsiv ja \u00f5hurikas. Niiskuse ja toitainete sidumisv\u00f5ime parandamiseks on lisatud tumedat turvast.<br \/>\nToitainerikas Okaspuu- ja Rododendronimuld sisaldab happelise pinnase taimedele sobivalt palju v\u00e4etist, kuid v\u00e4he lupja. Mikroelemendid muudavad igihaljaste taimede lehev\u00e4rvuse intensiivsemaks.<br \/>\nHea kasvutulemuse saavutamiseks on lisatud taimede juurdumist ja toitainete omastamist toetavat huumus\u00fchendit Kekkil\u00e4 Juurej\u00f5ud\u2122<br \/>\nTurba t\u00f5ttu v\u00f5ib mullasegu sisaldada v\u00e4hesel m\u00e4\u00e4ral k\u00f5dunemata looduslikke kiude, nagu tuppvillpeasid ja v\u00e4ikseid puiduosakesi.<br \/>\nJ\u00e4medateraline koostis muudab mulla \u00f5hulisemaks.<\/p>\n<p><i class=\"fa fa-check fa-2x\"><\/i> Hellitab happelise pinnase taimi <\/p>\n<p><i class=\"fa fa-check fa-2x\"><\/i> Lisatud huumuse\u00fchend tugevdab juuri <\/p>\n<p><i class=\"fa fa-check fa-2x\"><\/i> Ohtralt v\u00e4etist, napilt lupja <\/p>\n\t<div id=\"gap-2135662662\" class=\"gap-element clearfix\" style=\"display:block; height:auto;\">\n\t\t\n<style>\n#gap-2135662662 {\n  padding-top: 30px;\n}\n<\/style>\n\t<\/div>\n\t\n<h3>Tootekirjeldus<\/h3>\n<p>Toorained: tume turvas, liiv, peenliiv<\/p>\n<p>Lisatud ained: 3 kg\/m3 Magneesiumi sisaldusega lubjakivi pulber; 1,2 kg\/m3 Kekkil\u00e4 Start Grow\u2122 \u2013 p\u00f5hiv\u00e4etis 9 (NPK 15-10-16 + mikroelemendid); huumus\u00fchend Kekkil\u00e4 Juurej\u00f5ud\u2122<\/p>\n<p>J\u00e4medus: keskmise j\u00e4medusega, s\u00f5elutud ketass\u00f5elaga 60 x 12 mm<\/p>\n<p>pH: 5,2<\/p>\n<p>Elektrijuhtivus: 18 mS\/m<\/p>\n<p>L\u00e4mmastik (N): vesilahustuv 50 mg\/l (245 mg\/kg)<\/p>\n<p>Fosfor (P): lahustuv 30 mg\/l (145 mg\/kg)<\/p>\n<p>Kaalium (K): lahustuv 200 mg\/l (980 mg\/kg)<\/p>\n<p>Niiskus: 55%<\/p>\n<p>Orgaanilise aine sisaldus: 38%<\/p>\n\t\t<\/div>\n\t\t\t\t\t<\/div>\n\n\t\n<\/div>\n","protected":false},"excerpt":{"rendered":"","protected":false},"featured_media":77929,"comment_status":"closed","ping_status":"closed","template":"","meta":[],"product_brand":[],"product_cat":[2789,2788,2879,2880],"product_tag":[],"class_list":{"0":"post-77488","1":"product","2":"type-product","3":"status-publish","4":"has-post-thumbnail","6":"product_cat-aiatarbed","7":"product_cat-aiatarbed-ja-kodukaubad","8":"product_cat-aiaturbad-ja-mullad","9":"product_cat-lillemullad","10":"pa_kaubamark-kekkila-oy","12":"first","13":"instock","14":"sale","15":"taxable","16":"shipping-taxable","17":"purchasable","18":"product-type-simple"},"yoast_head":"<!-- This site is optimized with the Yoast SEO plugin v26.9 - https:\/\/yoast.com\/product\/yoast-seo-wordpress\/ -->\n<title>OKASPUU- JA RODODENDRONIMULD KEKKIL\u00c4 40L - Espak E-pood<\/title>\n<meta name=\"robots\" content=\"index, follow, max-snippet:-1, max-image-preview:large, max-video-preview:-1\" \/>\n<link rel=\"canonical\" href=\"https:\/\/espak.ee\/epood\/toode\/okaspuu-ja-rodomuld-40l-kekkila-a70\/\" \/>\n<meta property=\"og:locale\" content=\"et_EE\" \/>\n<meta property=\"og:type\" content=\"article\" \/>\n<meta property=\"og:title\" content=\"OKASPUU- JA RODODENDRONIMULD KEKKIL\u00c4 40L - Espak E-pood\" \/>\n<meta property=\"og:url\" content=\"https:\/\/espak.ee\/epood\/toode\/okaspuu-ja-rodomuld-40l-kekkila-a70\/\" \/>\n<meta property=\"og:site_name\" content=\"Espak E-pood\" \/>\n<meta property=\"article:modified_time\" content=\"2025-08-05T13:00:00+00:00\" \/>\n<meta property=\"og:image\" content=\"https:\/\/espak.ee\/epood\/wp-content\/uploads\/2021\/04\/OKASPUU-JA-RODOMULD-40L.jpg\" \/>\n\t<meta property=\"og:image:width\" content=\"1000\" \/>\n\t<meta property=\"og:image:height\" content=\"1000\" \/>\n\t<meta property=\"og:image:type\" content=\"image\/jpeg\" \/>\n<meta name=\"twitter:card\" content=\"summary_large_image\" \/>\n<meta name=\"twitter:label1\" content=\"Est. reading time\" \/>\n\t<meta name=\"twitter:data1\" content=\"1 minut\" \/>\n<script type=\"application\/ld+json\" class=\"yoast-schema-graph\">{\"@context\":\"https:\/\/schema.org\",\"@graph\":[{\"@type\":\"WebPage\",\"@id\":\"https:\/\/espak.ee\/epood\/toode\/okaspuu-ja-rodomuld-40l-kekkila-a70\/\",\"url\":\"https:\/\/espak.ee\/epood\/toode\/okaspuu-ja-rodomuld-40l-kekkila-a70\/\",\"name\":\"OKASPUU- JA RODODENDRONIMULD KEKKIL\u00c4 40L - Espak E-pood\",\"isPartOf\":{\"@id\":\"https:\/\/espak.ee\/epood\/#website\"},\"primaryImageOfPage\":{\"@id\":\"https:\/\/espak.ee\/epood\/toode\/okaspuu-ja-rodomuld-40l-kekkila-a70\/#primaryimage\"},\"image\":{\"@id\":\"https:\/\/espak.ee\/epood\/toode\/okaspuu-ja-rodomuld-40l-kekkila-a70\/#primaryimage\"},\"thumbnailUrl\":\"https:\/\/espak.ee\/epood\/wp-content\/uploads\/2021\/04\/OKASPUU-JA-RODOMULD-40L.jpg\",\"datePublished\":\"2021-04-13T03:49:03+00:00\",\"dateModified\":\"2025-08-05T13:00:00+00:00\",\"breadcrumb\":{\"@id\":\"https:\/\/espak.ee\/epood\/toode\/okaspuu-ja-rodomuld-40l-kekkila-a70\/#breadcrumb\"},\"inLanguage\":\"et\",\"potentialAction\":[{\"@type\":\"ReadAction\",\"target\":[\"https:\/\/espak.ee\/epood\/toode\/okaspuu-ja-rodomuld-40l-kekkila-a70\/\"]}]},{\"@type\":\"ImageObject\",\"inLanguage\":\"et\",\"@id\":\"https:\/\/espak.ee\/epood\/toode\/okaspuu-ja-rodomuld-40l-kekkila-a70\/#primaryimage\",\"url\":\"https:\/\/espak.ee\/epood\/wp-content\/uploads\/2021\/04\/OKASPUU-JA-RODOMULD-40L.jpg\",\"contentUrl\":\"https:\/\/espak.ee\/epood\/wp-content\/uploads\/2021\/04\/OKASPUU-JA-RODOMULD-40L.jpg\",\"width\":1000,\"height\":1000},{\"@type\":\"BreadcrumbList\",\"@id\":\"https:\/\/espak.ee\/epood\/toode\/okaspuu-ja-rodomuld-40l-kekkila-a70\/#breadcrumb\",\"itemListElement\":[{\"@type\":\"ListItem\",\"position\":1,\"name\":\"Home\",\"item\":\"https:\/\/espak.ee\/epood\/\"},{\"@type\":\"ListItem\",\"position\":2,\"name\":\"Tootevalik\",\"item\":\"https:\/\/espak.ee\/epood\/tootevalik\/\"},{\"@type\":\"ListItem\",\"position\":3,\"name\":\"OKASPUU- JA RODODENDRONIMULD KEKKIL\u00c4 40L\"}]},{\"@type\":\"WebSite\",\"@id\":\"https:\/\/espak.ee\/epood\/#website\",\"url\":\"https:\/\/espak.ee\/epood\/\",\"name\":\"Espak E-pood\",\"description\":\"\",\"potentialAction\":[{\"@type\":\"SearchAction\",\"target\":{\"@type\":\"EntryPoint\",\"urlTemplate\":\"https:\/\/espak.ee\/epood\/?s={search_term_string}\"},\"query-input\":{\"@type\":\"PropertyValueSpecification\",\"valueRequired\":true,\"valueName\":\"search_term_string\"}}],\"inLanguage\":\"et\"}]}<\/script>\n<!-- \/ Yoast SEO plugin. -->","yoast_head_json":{"title":"OKASPUU- JA RODODENDRONIMULD KEKKIL\u00c4 40L - Espak E-pood","robots":{"index":"index","follow":"follow","max-snippet":"max-snippet:-1","max-image-preview":"max-image-preview:large","max-video-preview":"max-video-preview:-1"},"canonical":"https:\/\/espak.ee\/epood\/toode\/okaspuu-ja-rodomuld-40l-kekkila-a70\/","og_locale":"et_EE","og_type":"article","og_title":"OKASPUU- JA RODODENDRONIMULD KEKKIL\u00c4 40L - Espak E-pood","og_url":"https:\/\/espak.ee\/epood\/toode\/okaspuu-ja-rodomuld-40l-kekkila-a70\/","og_site_name":"Espak E-pood","article_modified_time":"2025-08-05T13:00:00+00:00","og_image":[{"width":1000,"height":1000,"url":"https:\/\/espak.ee\/epood\/wp-content\/uploads\/2021\/04\/OKASPUU-JA-RODOMULD-40L.jpg","type":"image\/jpeg"}],"twitter_card":"summary_large_image","twitter_misc":{"Est. reading time":"1 minut"},"schema":{"@context":"https:\/\/schema.org","@graph":[{"@type":"WebPage","@id":"https:\/\/espak.ee\/epood\/toode\/okaspuu-ja-rodomuld-40l-kekkila-a70\/","url":"https:\/\/espak.ee\/epood\/toode\/okaspuu-ja-rodomuld-40l-kekkila-a70\/","name":"OKASPUU- JA RODODENDRONIMULD KEKKIL\u00c4 40L - Espak E-pood","isPartOf":{"@id":"https:\/\/espak.ee\/epood\/#website"},"primaryImageOfPage":{"@id":"https:\/\/espak.ee\/epood\/toode\/okaspuu-ja-rodomuld-40l-kekkila-a70\/#primaryimage"},"image":{"@id":"https:\/\/espak.ee\/epood\/toode\/okaspuu-ja-rodomuld-40l-kekkila-a70\/#primaryimage"},"thumbnailUrl":"https:\/\/espak.ee\/epood\/wp-content\/uploads\/2021\/04\/OKASPUU-JA-RODOMULD-40L.jpg","datePublished":"2021-04-13T03:49:03+00:00","dateModified":"2025-08-05T13:00:00+00:00","breadcrumb":{"@id":"https:\/\/espak.ee\/epood\/toode\/okaspuu-ja-rodomuld-40l-kekkila-a70\/#breadcrumb"},"inLanguage":"et","potentialAction":[{"@type":"ReadAction","target":["https:\/\/espak.ee\/epood\/toode\/okaspuu-ja-rodomuld-40l-kekkila-a70\/"]}]},{"@type":"ImageObject","inLanguage":"et","@id":"https:\/\/espak.ee\/epood\/toode\/okaspuu-ja-rodomuld-40l-kekkila-a70\/#primaryimage","url":"https:\/\/espak.ee\/epood\/wp-content\/uploads\/2021\/04\/OKASPUU-JA-RODOMULD-40L.jpg","contentUrl":"https:\/\/espak.ee\/epood\/wp-content\/uploads\/2021\/04\/OKASPUU-JA-RODOMULD-40L.jpg","width":1000,"height":1000},{"@type":"BreadcrumbList","@id":"https:\/\/espak.ee\/epood\/toode\/okaspuu-ja-rodomuld-40l-kekkila-a70\/#breadcrumb","itemListElement":[{"@type":"ListItem","position":1,"name":"Home","item":"https:\/\/espak.ee\/epood\/"},{"@type":"ListItem","position":2,"name":"Tootevalik","item":"https:\/\/espak.ee\/epood\/tootevalik\/"},{"@type":"ListItem","position":3,"name":"OKASPUU- JA RODODENDRONIMULD KEKKIL\u00c4 40L"}]},{"@type":"WebSite","@id":"https:\/\/espak.ee\/epood\/#website","url":"https:\/\/espak.ee\/epood\/","name":"Espak E-pood","description":"","potentialAction":[{"@type":"SearchAction","target":{"@type":"EntryPoint","urlTemplate":"https:\/\/espak.ee\/epood\/?s={search_term_string}"},"query-input":{"@type":"PropertyValueSpecification","valueRequired":true,"valueName":"search_term_string"}}],"inLanguage":"et"}]}},"_links":{"self":[{"href":"https:\/\/espak.ee\/epood\/wp-json\/wp\/v2\/product\/77488","targetHints":{"allow":["GET"]}}],"collection":[{"href":"https:\/\/espak.ee\/epood\/wp-json\/wp\/v2\/product"}],"about":[{"href":"https:\/\/espak.ee\/epood\/wp-json\/wp\/v2\/types\/product"}],"replies":[{"embeddable":true,"href":"https:\/\/espak.ee\/epood\/wp-json\/wp\/v2\/comments?post=77488"}],"wp:featuredmedia":[{"embeddable":true,"href":"https:\/\/espak.ee\/epood\/wp-json\/wp\/v2\/media\/77929"}],"wp:attachment":[{"href":"https:\/\/espak.ee\/epood\/wp-json\/wp\/v2\/media?parent=77488"}],"wp:term":[{"taxonomy":"product_brand","embeddable":true,"href":"https:\/\/espak.ee\/epood\/wp-json\/wp\/v2\/product_brand?post=77488"},{"taxonomy":"product_cat","embeddable":true,"href":"https:\/\/espak.ee\/epood\/wp-json\/wp\/v2\/product_cat?post=77488"},{"taxonomy":"product_tag","embeddable":true,"href":"https:\/\/espak.ee\/epood\/wp-json\/wp\/v2\/product_tag?post=77488"}],"curies":[{"name":"wp","href":"https:\/\/api.w.org\/{rel}","templated":true}]}}