{"id":77443,"date":"2021-04-13T01:24:02","date_gmt":"2021-04-13T01:24:02","guid":{"rendered":"https:\/\/espak.ee\/epood\/?post_type=product&#038;p=77443"},"modified":"2024-04-14T11:00:38","modified_gmt":"2024-04-14T08:00:38","slug":"pusikute-ja-roosimuld-40l-kekkila-a70","status":"publish","type":"product","link":"https:\/\/espak.ee\/epood\/toode\/pusikute-ja-roosimuld-40l-kekkila-a70\/","title":{"rendered":"ERIMULD P\u00dcSIKUTELE JA ROOSIDELE KEKKIL\u00c4 40L"},"content":{"rendered":"<div class=\"row\"  id=\"row-1494943100\">\n\n\t<div id=\"col-150258533\" class=\"col medium-9 small-12 large-9\"  >\n\t\t\t\t<div class=\"col-inner\"  >\n\t\t\t\n\t\t\t\n<h3>P\u00fcsikute ja roosimuld 40L KEKKIL\u00c4 (A70)<\/h3>\n<p>Erimuld P\u00fcsikutele ja Roosidele on kvaliteetne muld p\u00fcsikute, rooside ja teiste toitainerikast kasvupinnast eelistavate taimede istutamiseks ja uute istutusalade rajamiseks.<br \/>\nErimuld P\u00fcsikutele ja Roosidele on kasutusvalmis ja sobib sellisel kujul kasvusubstraadiks.<br \/>\nUute istutusalade rajamisel v\u00f5ib lisada erimullale olenevalt pinnase liigist 1\/2\u20131\/3 osa aluspinnast.<br \/>\nMulla koostisesse kuuluvad kasutusotstarbest l\u00e4htudes valitud parimad turbasordid ja puhas valmis kompost.<br \/>\nMulla struktuuri aitavad hoida sellised komponendid nagu n\u00e4iteks k\u00f5dunenud puukoor.<br \/>\nNiiskuse sidumise v\u00f5imet parandab muu hulgas peen saviliiv.<br \/>\nErimuld P\u00fcsikutele ja Roosidele sisaldab palju lupja. Seda on v\u00e4etatud rikkalikult kaaliumi (K) ja fosforit (P), kuid m\u00f5\u00f5dukalt l\u00e4mmastikku (N) sisaldava v\u00e4etisega.<br \/>\nMullale on lisatud huumuse\u00fchendit Kekkil\u00e4 Juurej\u00f5ud\u2122, mis parandab juurdumist ja juurte kasvu.<br \/>\nTurba t\u00f5ttu v\u00f5ib mullasegu sisaldada v\u00e4hesel m\u00e4\u00e4ral k\u00f5dunemata looduslikke kiude, nagu tuppvillpeasid ja v\u00e4ikseid puiduosakesi.<br \/>\nJ\u00e4medateraline koostis muudab mulla \u00f5hulisemaks.<\/p>\n<p><i class=\"fa fa-check fa-2x\"><\/i> Mitmeaastastele taimedele <\/p>\n<p><i class=\"fa fa-check fa-2x\"><\/i> Lisatud huumuse\u00fchend tugevdab juuri <\/p>\n<p><i class=\"fa fa-check fa-2x\"><\/i> Mitmek\u00fclgne v\u00e4etamine tagab rikkaliku \u00f5itsemise <\/p>\n\t<div id=\"gap-1713374462\" class=\"gap-element clearfix\" style=\"display:block; height:auto;\">\n\t\t\n<style>\n#gap-1713374462 {\n  padding-top: 30px;\n}\n<\/style>\n\t<\/div>\n\t\n<h3>Tootekirjeldus<\/h3>\n<p>Toorained: kasvuturvas, j\u00e4meda- ja peeneteraline liiv, liivsavi, kompost (turvas, puukoor ja s\u00f5nnik; kompostivabriku kinnitus nr FIC 020-00494\/2006 NA)<\/p>\n<p>Lisatud ained: 6 kg\/m3 Magneesiumi sisaldusega lubjakivi pulber; 1,3 kg\/m3 Kekkil\u00e4 Pot Grow\u2122 p\u00f5hiv\u00e4etis (NPK 6-12-24 + mikroelemendid); huumus\u00fchend Kekkil\u00e4 Juurej\u00f5ud\u2122<\/p>\n<p>J\u00e4medus: keskmise j\u00e4medusega<\/p>\n<p>pH: 6,2<\/p>\n<p>Juhtivus: 30 mS\/m<\/p>\n<p>L\u00e4mmastik (N), vesilahustuv 310 mg\/kg kuivaines<\/p>\n<p>Fosfor (P), lahustuv 265 mg\/kg kuivaines<\/p>\n<p>Kaalium (K), lahustuv 1300 mg\/kg kuivaines<\/p>\n<p>Niiskus: 50 %<\/p>\n<p>Orgaanilise aine sisaldus: 38 %<\/p>\n\t\t<\/div>\n\t\t\t\t\t<\/div>\n\n\t\n\n\t<div id=\"col-1733767320\" class=\"col medium-3 small-12 large-3\"  >\n\t\t\t\t<div class=\"col-inner\"  >\n\t\t\t\n\t\t\t\n\t<div id=\"gap-1320966291\" class=\"gap-element clearfix\" style=\"display:block; height:auto;\">\n\t\t\n<style>\n#gap-1320966291 {\n  padding-top: 30px;\n}\n<\/style>\n\t<\/div>\n\t\n<p><strong>\u00dcksikasjalikuma n\u00f5u saamiseks v\u00f5tke \u00fchendust:<br \/><\/strong>Espak AS<br \/>Viadukti 42<br \/>11313<br \/>Tallinn<br \/>+372 6 512362<\/p>\n\t\t<\/div>\n\t\t\t\t\t<\/div>\n\n\t\n<\/div>\n","protected":false},"excerpt":{"rendered":"","protected":false},"featured_media":77939,"comment_status":"closed","ping_status":"closed","template":"","meta":[],"product_brand":[],"product_cat":[2789,2788,2879,2880],"product_tag":[],"class_list":{"0":"post-77443","1":"product","2":"type-product","3":"status-publish","4":"has-post-thumbnail","6":"product_cat-aiatarbed","7":"product_cat-aiatarbed-ja-kodukaubad","8":"product_cat-aiaturbad-ja-mullad","9":"product_cat-lillemullad","10":"pa_kaubamark-kekkila-oy","12":"first","13":"instock","14":"sale","15":"taxable","16":"shipping-taxable","17":"purchasable","18":"product-type-simple"},"yoast_head":"<!-- This site is optimized with the Yoast SEO plugin v26.9 - https:\/\/yoast.com\/product\/yoast-seo-wordpress\/ -->\n<title>ERIMULD P\u00dcSIKUTELE JA ROOSIDELE KEKKIL\u00c4 40L - Espak E-pood<\/title>\n<meta name=\"robots\" content=\"index, follow, max-snippet:-1, max-image-preview:large, max-video-preview:-1\" \/>\n<link rel=\"canonical\" href=\"https:\/\/espak.ee\/epood\/toode\/pusikute-ja-roosimuld-40l-kekkila-a70\/\" \/>\n<meta property=\"og:locale\" content=\"et_EE\" \/>\n<meta property=\"og:type\" content=\"article\" \/>\n<meta property=\"og:title\" content=\"ERIMULD P\u00dcSIKUTELE JA ROOSIDELE KEKKIL\u00c4 40L - Espak E-pood\" \/>\n<meta property=\"og:url\" content=\"https:\/\/espak.ee\/epood\/toode\/pusikute-ja-roosimuld-40l-kekkila-a70\/\" \/>\n<meta property=\"og:site_name\" content=\"Espak E-pood\" \/>\n<meta property=\"article:modified_time\" content=\"2024-04-14T08:00:38+00:00\" \/>\n<meta property=\"og:image\" content=\"https:\/\/espak.ee\/epood\/wp-content\/uploads\/2021\/04\/PUSIKUTE-JA-ROOSIMULD-40L.jpg\" \/>\n\t<meta property=\"og:image:width\" content=\"1000\" \/>\n\t<meta property=\"og:image:height\" content=\"1000\" \/>\n\t<meta property=\"og:image:type\" content=\"image\/jpeg\" \/>\n<meta name=\"twitter:card\" content=\"summary_large_image\" \/>\n<meta name=\"twitter:label1\" content=\"Est. reading time\" \/>\n\t<meta name=\"twitter:data1\" content=\"1 minut\" \/>\n<script type=\"application\/ld+json\" class=\"yoast-schema-graph\">{\"@context\":\"https:\/\/schema.org\",\"@graph\":[{\"@type\":\"WebPage\",\"@id\":\"https:\/\/espak.ee\/epood\/toode\/pusikute-ja-roosimuld-40l-kekkila-a70\/\",\"url\":\"https:\/\/espak.ee\/epood\/toode\/pusikute-ja-roosimuld-40l-kekkila-a70\/\",\"name\":\"ERIMULD P\u00dcSIKUTELE JA ROOSIDELE KEKKIL\u00c4 40L - Espak E-pood\",\"isPartOf\":{\"@id\":\"https:\/\/espak.ee\/epood\/#website\"},\"primaryImageOfPage\":{\"@id\":\"https:\/\/espak.ee\/epood\/toode\/pusikute-ja-roosimuld-40l-kekkila-a70\/#primaryimage\"},\"image\":{\"@id\":\"https:\/\/espak.ee\/epood\/toode\/pusikute-ja-roosimuld-40l-kekkila-a70\/#primaryimage\"},\"thumbnailUrl\":\"https:\/\/espak.ee\/epood\/wp-content\/uploads\/2021\/04\/PUSIKUTE-JA-ROOSIMULD-40L.jpg\",\"datePublished\":\"2021-04-13T01:24:02+00:00\",\"dateModified\":\"2024-04-14T08:00:38+00:00\",\"breadcrumb\":{\"@id\":\"https:\/\/espak.ee\/epood\/toode\/pusikute-ja-roosimuld-40l-kekkila-a70\/#breadcrumb\"},\"inLanguage\":\"et\",\"potentialAction\":[{\"@type\":\"ReadAction\",\"target\":[\"https:\/\/espak.ee\/epood\/toode\/pusikute-ja-roosimuld-40l-kekkila-a70\/\"]}]},{\"@type\":\"ImageObject\",\"inLanguage\":\"et\",\"@id\":\"https:\/\/espak.ee\/epood\/toode\/pusikute-ja-roosimuld-40l-kekkila-a70\/#primaryimage\",\"url\":\"https:\/\/espak.ee\/epood\/wp-content\/uploads\/2021\/04\/PUSIKUTE-JA-ROOSIMULD-40L.jpg\",\"contentUrl\":\"https:\/\/espak.ee\/epood\/wp-content\/uploads\/2021\/04\/PUSIKUTE-JA-ROOSIMULD-40L.jpg\",\"width\":1000,\"height\":1000},{\"@type\":\"BreadcrumbList\",\"@id\":\"https:\/\/espak.ee\/epood\/toode\/pusikute-ja-roosimuld-40l-kekkila-a70\/#breadcrumb\",\"itemListElement\":[{\"@type\":\"ListItem\",\"position\":1,\"name\":\"Home\",\"item\":\"https:\/\/espak.ee\/epood\/\"},{\"@type\":\"ListItem\",\"position\":2,\"name\":\"Tootevalik\",\"item\":\"https:\/\/espak.ee\/epood\/tootevalik\/\"},{\"@type\":\"ListItem\",\"position\":3,\"name\":\"ERIMULD P\u00dcSIKUTELE JA ROOSIDELE KEKKIL\u00c4 40L\"}]},{\"@type\":\"WebSite\",\"@id\":\"https:\/\/espak.ee\/epood\/#website\",\"url\":\"https:\/\/espak.ee\/epood\/\",\"name\":\"Espak E-pood\",\"description\":\"\",\"potentialAction\":[{\"@type\":\"SearchAction\",\"target\":{\"@type\":\"EntryPoint\",\"urlTemplate\":\"https:\/\/espak.ee\/epood\/?s={search_term_string}\"},\"query-input\":{\"@type\":\"PropertyValueSpecification\",\"valueRequired\":true,\"valueName\":\"search_term_string\"}}],\"inLanguage\":\"et\"}]}<\/script>\n<!-- \/ Yoast SEO plugin. -->","yoast_head_json":{"title":"ERIMULD P\u00dcSIKUTELE JA ROOSIDELE KEKKIL\u00c4 40L - Espak E-pood","robots":{"index":"index","follow":"follow","max-snippet":"max-snippet:-1","max-image-preview":"max-image-preview:large","max-video-preview":"max-video-preview:-1"},"canonical":"https:\/\/espak.ee\/epood\/toode\/pusikute-ja-roosimuld-40l-kekkila-a70\/","og_locale":"et_EE","og_type":"article","og_title":"ERIMULD P\u00dcSIKUTELE JA ROOSIDELE KEKKIL\u00c4 40L - Espak E-pood","og_url":"https:\/\/espak.ee\/epood\/toode\/pusikute-ja-roosimuld-40l-kekkila-a70\/","og_site_name":"Espak E-pood","article_modified_time":"2024-04-14T08:00:38+00:00","og_image":[{"width":1000,"height":1000,"url":"https:\/\/espak.ee\/epood\/wp-content\/uploads\/2021\/04\/PUSIKUTE-JA-ROOSIMULD-40L.jpg","type":"image\/jpeg"}],"twitter_card":"summary_large_image","twitter_misc":{"Est. reading time":"1 minut"},"schema":{"@context":"https:\/\/schema.org","@graph":[{"@type":"WebPage","@id":"https:\/\/espak.ee\/epood\/toode\/pusikute-ja-roosimuld-40l-kekkila-a70\/","url":"https:\/\/espak.ee\/epood\/toode\/pusikute-ja-roosimuld-40l-kekkila-a70\/","name":"ERIMULD P\u00dcSIKUTELE JA ROOSIDELE KEKKIL\u00c4 40L - Espak E-pood","isPartOf":{"@id":"https:\/\/espak.ee\/epood\/#website"},"primaryImageOfPage":{"@id":"https:\/\/espak.ee\/epood\/toode\/pusikute-ja-roosimuld-40l-kekkila-a70\/#primaryimage"},"image":{"@id":"https:\/\/espak.ee\/epood\/toode\/pusikute-ja-roosimuld-40l-kekkila-a70\/#primaryimage"},"thumbnailUrl":"https:\/\/espak.ee\/epood\/wp-content\/uploads\/2021\/04\/PUSIKUTE-JA-ROOSIMULD-40L.jpg","datePublished":"2021-04-13T01:24:02+00:00","dateModified":"2024-04-14T08:00:38+00:00","breadcrumb":{"@id":"https:\/\/espak.ee\/epood\/toode\/pusikute-ja-roosimuld-40l-kekkila-a70\/#breadcrumb"},"inLanguage":"et","potentialAction":[{"@type":"ReadAction","target":["https:\/\/espak.ee\/epood\/toode\/pusikute-ja-roosimuld-40l-kekkila-a70\/"]}]},{"@type":"ImageObject","inLanguage":"et","@id":"https:\/\/espak.ee\/epood\/toode\/pusikute-ja-roosimuld-40l-kekkila-a70\/#primaryimage","url":"https:\/\/espak.ee\/epood\/wp-content\/uploads\/2021\/04\/PUSIKUTE-JA-ROOSIMULD-40L.jpg","contentUrl":"https:\/\/espak.ee\/epood\/wp-content\/uploads\/2021\/04\/PUSIKUTE-JA-ROOSIMULD-40L.jpg","width":1000,"height":1000},{"@type":"BreadcrumbList","@id":"https:\/\/espak.ee\/epood\/toode\/pusikute-ja-roosimuld-40l-kekkila-a70\/#breadcrumb","itemListElement":[{"@type":"ListItem","position":1,"name":"Home","item":"https:\/\/espak.ee\/epood\/"},{"@type":"ListItem","position":2,"name":"Tootevalik","item":"https:\/\/espak.ee\/epood\/tootevalik\/"},{"@type":"ListItem","position":3,"name":"ERIMULD P\u00dcSIKUTELE JA ROOSIDELE KEKKIL\u00c4 40L"}]},{"@type":"WebSite","@id":"https:\/\/espak.ee\/epood\/#website","url":"https:\/\/espak.ee\/epood\/","name":"Espak E-pood","description":"","potentialAction":[{"@type":"SearchAction","target":{"@type":"EntryPoint","urlTemplate":"https:\/\/espak.ee\/epood\/?s={search_term_string}"},"query-input":{"@type":"PropertyValueSpecification","valueRequired":true,"valueName":"search_term_string"}}],"inLanguage":"et"}]}},"_links":{"self":[{"href":"https:\/\/espak.ee\/epood\/wp-json\/wp\/v2\/product\/77443","targetHints":{"allow":["GET"]}}],"collection":[{"href":"https:\/\/espak.ee\/epood\/wp-json\/wp\/v2\/product"}],"about":[{"href":"https:\/\/espak.ee\/epood\/wp-json\/wp\/v2\/types\/product"}],"replies":[{"embeddable":true,"href":"https:\/\/espak.ee\/epood\/wp-json\/wp\/v2\/comments?post=77443"}],"wp:featuredmedia":[{"embeddable":true,"href":"https:\/\/espak.ee\/epood\/wp-json\/wp\/v2\/media\/77939"}],"wp:attachment":[{"href":"https:\/\/espak.ee\/epood\/wp-json\/wp\/v2\/media?parent=77443"}],"wp:term":[{"taxonomy":"product_brand","embeddable":true,"href":"https:\/\/espak.ee\/epood\/wp-json\/wp\/v2\/product_brand?post=77443"},{"taxonomy":"product_cat","embeddable":true,"href":"https:\/\/espak.ee\/epood\/wp-json\/wp\/v2\/product_cat?post=77443"},{"taxonomy":"product_tag","embeddable":true,"href":"https:\/\/espak.ee\/epood\/wp-json\/wp\/v2\/product_tag?post=77443"}],"curies":[{"name":"wp","href":"https:\/\/api.w.org\/{rel}","templated":true}]}}