{"id":77425,"date":"2021-04-12T23:28:32","date_gmt":"2021-04-12T23:28:32","guid":{"rendered":"https:\/\/espak.ee\/epood\/?post_type=product&#038;p=77425"},"modified":"2026-03-25T12:17:18","modified_gmt":"2026-03-25T10:17:18","slug":"lillemuld-ol-30l-kekkila-a70","status":"publish","type":"product","link":"https:\/\/espak.ee\/epood\/toode\/lillemuld-ol-30l-kekkila-a70\/","title":{"rendered":"LILLEMULD (\u00d5L) 30L KEKKIL\u00c4 (A70)"},"content":{"rendered":"<div class=\"row\"  id=\"row-286055406\">\n\n\t<div id=\"col-1210987284\" class=\"col medium-9 small-12 large-9\"  >\n\t\t\t\t<div class=\"col-inner\"  >\n\t\t\t\n\t\t\t\n<h3>Lillemuld (\u00d5L) 30L KEKKIL\u00c4 (A70)<\/h3>\n<p>Tume ja tihe \u00fcldmuld, mis sobib k\u00f5igile rohelistele toataimedele ja \u00f5istaimedele.<br \/>\nSisaldab palju toitaineid. T\u00e4nu uuele koostisele on taimede kastmine ja hooldamine senisest veelgi lihtsam.<br \/>\nLillemuld valmistatakse parimatest toorainetest, mis tagavad mulla ideaalse toitainesisalduse ning \u00f5hurikka ja vastupidava struktuuri. Tubaste potilillede ja rohetaimede istutamine ning mulla vahetamine on senisest puhtam tegevus, sest kastmisvesi imendub kohe mulda.<\/p>\n<p><i class=\"fa fa-check fa-2x\"><\/i> K\u00f5igile rohetaimedele ja potililledele <\/p>\n<p><i class=\"fa fa-check fa-2x\"><\/i> Toitainerikas \u00fcldmuld <\/p>\n<p><i class=\"fa fa-check fa-2x\"><\/i> Kastmisvesi imendub h\u00f5lpsalt <\/p>\n\t<div id=\"gap-1164322021\" class=\"gap-element clearfix\" style=\"display:block; height:auto;\">\n\t\t\n<style>\n#gap-1164322021 {\n  padding-top: 30px;\n}\n<\/style>\n\t<\/div>\n\t\n<h3>Tootekirjeldus<\/h3>\n<p>Toorained: erinevad turbaliigid, liiv, j\u00e4me ja kvaliteetne peenliiv, liivsavi<\/p>\n<p>J\u00e4medus: keskmiselt j\u00e4me<\/p>\n<p>Lisatud ained: 6,0 kg\/m3 Magneesiumi sisaldusega lubjakivipulber; 1,2 kg\/m3 Kekkil\u00e4 Pot Grow\u2122 \u00fcldv\u00e4etis (NPK 6-12-24 + mikroelemendid); niisutusaine AquaGro<\/p>\n<p>Elektrijuhtivus (SFS 1+5): 14 mS\/m<\/p>\n<p>pH (1+5): 6,2<\/p>\n<p>L\u00e4mmastik (N), vesilahustuv 50 mg\/l (150 mg\/kg)<\/p>\n<p>Fosfor (P), lahustuv 50 mg\/l (115 mg\/kg)<\/p>\n<p>Kaalium (K), lahustuv 200 mg\/l (620 mg\/kg)<\/p>\n<p>Niiskus: 40 %<\/p>\n<p>Orgaanilise aine sisaldus: 30 %<\/p>\n\t\t<\/div>\n\t\t\t\t\t<\/div>\n\n\t\n\n\t<div id=\"col-1911706373\" class=\"col medium-3 small-12 large-3\"  >\n\t\t\t\t<div class=\"col-inner\"  >\n\t\t\t\n\t\t\t\n\t<div id=\"gap-1713574006\" class=\"gap-element clearfix\" style=\"display:block; height:auto;\">\n\t\t\n<style>\n#gap-1713574006 {\n  padding-top: 30px;\n}\n<\/style>\n\t<\/div>\n\t\n<p><strong>\u00dcksikasjalikuma n\u00f5u saamiseks v\u00f5tke \u00fchendust:<br \/><\/strong>Espak AS<br \/>Viadukti 42<br \/>11313<br \/>Tallinn<br \/>+372 6 512362<\/p>\n\t\t<\/div>\n\t\t\t\t\t<\/div>\n\n\t\n<\/div>\n","protected":false},"excerpt":{"rendered":"","protected":false},"featured_media":78704,"comment_status":"closed","ping_status":"closed","template":"","meta":[],"product_brand":[],"product_cat":[2789,2788,2879,2880],"product_tag":[],"class_list":{"0":"post-77425","1":"product","2":"type-product","3":"status-publish","4":"has-post-thumbnail","6":"product_cat-aiatarbed","7":"product_cat-aiatarbed-ja-kodukaubad","8":"product_cat-aiaturbad-ja-mullad","9":"product_cat-lillemullad","10":"pa_kaubamark-kekkila-oy","12":"first","13":"instock","14":"sale","15":"taxable","16":"shipping-taxable","17":"purchasable","18":"product-type-simple"},"yoast_head":"<!-- This site is optimized with the Yoast SEO plugin v26.9 - https:\/\/yoast.com\/product\/yoast-seo-wordpress\/ -->\n<title>LILLEMULD (\u00d5L) 30L KEKKIL\u00c4 (A70) - Espak E-pood<\/title>\n<meta name=\"robots\" content=\"index, follow, max-snippet:-1, max-image-preview:large, max-video-preview:-1\" \/>\n<link rel=\"canonical\" href=\"https:\/\/espak.ee\/epood\/toode\/lillemuld-ol-30l-kekkila-a70\/\" \/>\n<meta property=\"og:locale\" content=\"et_EE\" \/>\n<meta property=\"og:type\" content=\"article\" \/>\n<meta property=\"og:title\" content=\"LILLEMULD (\u00d5L) 30L KEKKIL\u00c4 (A70) - Espak E-pood\" \/>\n<meta property=\"og:url\" content=\"https:\/\/espak.ee\/epood\/toode\/lillemuld-ol-30l-kekkila-a70\/\" \/>\n<meta property=\"og:site_name\" content=\"Espak E-pood\" \/>\n<meta property=\"article:modified_time\" content=\"2026-03-25T10:17:18+00:00\" \/>\n<meta property=\"og:image\" content=\"https:\/\/espak.ee\/epood\/wp-content\/uploads\/2021\/04\/6433000100489-Kekkila-Kukkamulta-30-L-2000x2000px.jpg\" \/>\n\t<meta property=\"og:image:width\" content=\"1000\" \/>\n\t<meta property=\"og:image:height\" content=\"1000\" \/>\n\t<meta property=\"og:image:type\" content=\"image\/jpeg\" \/>\n<meta name=\"twitter:card\" content=\"summary_large_image\" \/>\n<meta name=\"twitter:label1\" content=\"Est. reading time\" \/>\n\t<meta name=\"twitter:data1\" content=\"1 minut\" \/>\n<script type=\"application\/ld+json\" class=\"yoast-schema-graph\">{\"@context\":\"https:\/\/schema.org\",\"@graph\":[{\"@type\":\"WebPage\",\"@id\":\"https:\/\/espak.ee\/epood\/toode\/lillemuld-ol-30l-kekkila-a70\/\",\"url\":\"https:\/\/espak.ee\/epood\/toode\/lillemuld-ol-30l-kekkila-a70\/\",\"name\":\"LILLEMULD (\u00d5L) 30L KEKKIL\u00c4 (A70) - Espak E-pood\",\"isPartOf\":{\"@id\":\"https:\/\/espak.ee\/epood\/#website\"},\"primaryImageOfPage\":{\"@id\":\"https:\/\/espak.ee\/epood\/toode\/lillemuld-ol-30l-kekkila-a70\/#primaryimage\"},\"image\":{\"@id\":\"https:\/\/espak.ee\/epood\/toode\/lillemuld-ol-30l-kekkila-a70\/#primaryimage\"},\"thumbnailUrl\":\"https:\/\/espak.ee\/epood\/wp-content\/uploads\/2021\/04\/6433000100489-Kekkila-Kukkamulta-30-L-2000x2000px.jpg\",\"datePublished\":\"2021-04-12T23:28:32+00:00\",\"dateModified\":\"2026-03-25T10:17:18+00:00\",\"breadcrumb\":{\"@id\":\"https:\/\/espak.ee\/epood\/toode\/lillemuld-ol-30l-kekkila-a70\/#breadcrumb\"},\"inLanguage\":\"et\",\"potentialAction\":[{\"@type\":\"ReadAction\",\"target\":[\"https:\/\/espak.ee\/epood\/toode\/lillemuld-ol-30l-kekkila-a70\/\"]}]},{\"@type\":\"ImageObject\",\"inLanguage\":\"et\",\"@id\":\"https:\/\/espak.ee\/epood\/toode\/lillemuld-ol-30l-kekkila-a70\/#primaryimage\",\"url\":\"https:\/\/espak.ee\/epood\/wp-content\/uploads\/2021\/04\/6433000100489-Kekkila-Kukkamulta-30-L-2000x2000px.jpg\",\"contentUrl\":\"https:\/\/espak.ee\/epood\/wp-content\/uploads\/2021\/04\/6433000100489-Kekkila-Kukkamulta-30-L-2000x2000px.jpg\",\"width\":1000,\"height\":1000},{\"@type\":\"BreadcrumbList\",\"@id\":\"https:\/\/espak.ee\/epood\/toode\/lillemuld-ol-30l-kekkila-a70\/#breadcrumb\",\"itemListElement\":[{\"@type\":\"ListItem\",\"position\":1,\"name\":\"Home\",\"item\":\"https:\/\/espak.ee\/epood\/\"},{\"@type\":\"ListItem\",\"position\":2,\"name\":\"Tootevalik\",\"item\":\"https:\/\/espak.ee\/epood\/tootevalik\/\"},{\"@type\":\"ListItem\",\"position\":3,\"name\":\"LILLEMULD (\u00d5L) 30L KEKKIL\u00c4 (A70)\"}]},{\"@type\":\"WebSite\",\"@id\":\"https:\/\/espak.ee\/epood\/#website\",\"url\":\"https:\/\/espak.ee\/epood\/\",\"name\":\"Espak E-pood\",\"description\":\"\",\"potentialAction\":[{\"@type\":\"SearchAction\",\"target\":{\"@type\":\"EntryPoint\",\"urlTemplate\":\"https:\/\/espak.ee\/epood\/?s={search_term_string}\"},\"query-input\":{\"@type\":\"PropertyValueSpecification\",\"valueRequired\":true,\"valueName\":\"search_term_string\"}}],\"inLanguage\":\"et\"}]}<\/script>\n<!-- \/ Yoast SEO plugin. -->","yoast_head_json":{"title":"LILLEMULD (\u00d5L) 30L KEKKIL\u00c4 (A70) - Espak E-pood","robots":{"index":"index","follow":"follow","max-snippet":"max-snippet:-1","max-image-preview":"max-image-preview:large","max-video-preview":"max-video-preview:-1"},"canonical":"https:\/\/espak.ee\/epood\/toode\/lillemuld-ol-30l-kekkila-a70\/","og_locale":"et_EE","og_type":"article","og_title":"LILLEMULD (\u00d5L) 30L KEKKIL\u00c4 (A70) - Espak E-pood","og_url":"https:\/\/espak.ee\/epood\/toode\/lillemuld-ol-30l-kekkila-a70\/","og_site_name":"Espak E-pood","article_modified_time":"2026-03-25T10:17:18+00:00","og_image":[{"width":1000,"height":1000,"url":"https:\/\/espak.ee\/epood\/wp-content\/uploads\/2021\/04\/6433000100489-Kekkila-Kukkamulta-30-L-2000x2000px.jpg","type":"image\/jpeg"}],"twitter_card":"summary_large_image","twitter_misc":{"Est. reading time":"1 minut"},"schema":{"@context":"https:\/\/schema.org","@graph":[{"@type":"WebPage","@id":"https:\/\/espak.ee\/epood\/toode\/lillemuld-ol-30l-kekkila-a70\/","url":"https:\/\/espak.ee\/epood\/toode\/lillemuld-ol-30l-kekkila-a70\/","name":"LILLEMULD (\u00d5L) 30L KEKKIL\u00c4 (A70) - Espak E-pood","isPartOf":{"@id":"https:\/\/espak.ee\/epood\/#website"},"primaryImageOfPage":{"@id":"https:\/\/espak.ee\/epood\/toode\/lillemuld-ol-30l-kekkila-a70\/#primaryimage"},"image":{"@id":"https:\/\/espak.ee\/epood\/toode\/lillemuld-ol-30l-kekkila-a70\/#primaryimage"},"thumbnailUrl":"https:\/\/espak.ee\/epood\/wp-content\/uploads\/2021\/04\/6433000100489-Kekkila-Kukkamulta-30-L-2000x2000px.jpg","datePublished":"2021-04-12T23:28:32+00:00","dateModified":"2026-03-25T10:17:18+00:00","breadcrumb":{"@id":"https:\/\/espak.ee\/epood\/toode\/lillemuld-ol-30l-kekkila-a70\/#breadcrumb"},"inLanguage":"et","potentialAction":[{"@type":"ReadAction","target":["https:\/\/espak.ee\/epood\/toode\/lillemuld-ol-30l-kekkila-a70\/"]}]},{"@type":"ImageObject","inLanguage":"et","@id":"https:\/\/espak.ee\/epood\/toode\/lillemuld-ol-30l-kekkila-a70\/#primaryimage","url":"https:\/\/espak.ee\/epood\/wp-content\/uploads\/2021\/04\/6433000100489-Kekkila-Kukkamulta-30-L-2000x2000px.jpg","contentUrl":"https:\/\/espak.ee\/epood\/wp-content\/uploads\/2021\/04\/6433000100489-Kekkila-Kukkamulta-30-L-2000x2000px.jpg","width":1000,"height":1000},{"@type":"BreadcrumbList","@id":"https:\/\/espak.ee\/epood\/toode\/lillemuld-ol-30l-kekkila-a70\/#breadcrumb","itemListElement":[{"@type":"ListItem","position":1,"name":"Home","item":"https:\/\/espak.ee\/epood\/"},{"@type":"ListItem","position":2,"name":"Tootevalik","item":"https:\/\/espak.ee\/epood\/tootevalik\/"},{"@type":"ListItem","position":3,"name":"LILLEMULD (\u00d5L) 30L KEKKIL\u00c4 (A70)"}]},{"@type":"WebSite","@id":"https:\/\/espak.ee\/epood\/#website","url":"https:\/\/espak.ee\/epood\/","name":"Espak E-pood","description":"","potentialAction":[{"@type":"SearchAction","target":{"@type":"EntryPoint","urlTemplate":"https:\/\/espak.ee\/epood\/?s={search_term_string}"},"query-input":{"@type":"PropertyValueSpecification","valueRequired":true,"valueName":"search_term_string"}}],"inLanguage":"et"}]}},"_links":{"self":[{"href":"https:\/\/espak.ee\/epood\/wp-json\/wp\/v2\/product\/77425","targetHints":{"allow":["GET"]}}],"collection":[{"href":"https:\/\/espak.ee\/epood\/wp-json\/wp\/v2\/product"}],"about":[{"href":"https:\/\/espak.ee\/epood\/wp-json\/wp\/v2\/types\/product"}],"replies":[{"embeddable":true,"href":"https:\/\/espak.ee\/epood\/wp-json\/wp\/v2\/comments?post=77425"}],"wp:featuredmedia":[{"embeddable":true,"href":"https:\/\/espak.ee\/epood\/wp-json\/wp\/v2\/media\/78704"}],"wp:attachment":[{"href":"https:\/\/espak.ee\/epood\/wp-json\/wp\/v2\/media?parent=77425"}],"wp:term":[{"taxonomy":"product_brand","embeddable":true,"href":"https:\/\/espak.ee\/epood\/wp-json\/wp\/v2\/product_brand?post=77425"},{"taxonomy":"product_cat","embeddable":true,"href":"https:\/\/espak.ee\/epood\/wp-json\/wp\/v2\/product_cat?post=77425"},{"taxonomy":"product_tag","embeddable":true,"href":"https:\/\/espak.ee\/epood\/wp-json\/wp\/v2\/product_tag?post=77425"}],"curies":[{"name":"wp","href":"https:\/\/api.w.org\/{rel}","templated":true}]}}