{"id":77416,"date":"2021-04-12T23:00:41","date_gmt":"2021-04-12T23:00:41","guid":{"rendered":"https:\/\/espak.ee\/epood\/?post_type=product&#038;p=77416"},"modified":"2026-04-17T12:47:15","modified_gmt":"2026-04-17T09:47:15","slug":"kasvuturvas-300l-kekkila-a18","status":"publish","type":"product","link":"https:\/\/espak.ee\/epood\/toode\/kasvuturvas-300l-kekkila-a18\/","title":{"rendered":"KASVUTURVAS KEKKIL\u00c4 300L"},"content":{"rendered":"<div class=\"row\"  id=\"row-1955888473\">\n\n\t<div id=\"col-613158121\" class=\"col medium-9 small-12 large-9\"  >\n\t\t\t\t<div class=\"col-inner\"  >\n\t\t\t\n\t\t\t\n<h3>Kasvuturvas 300L KEKKIL\u00c4 (A18)<\/h3>\n<p>Kasvuturvas on p\u00f5hiv\u00e4etisega v\u00e4etatud ja lubjatud tume turvas, mis sobib kasvusubstraadiks ja mulla omaduste parandamiseks k\u00f5igile koduaia taimedele.<br \/>\nSee sobib suurep\u00e4raselt kasvusubstraadiks ka koduse kasvuhoone taimedele.<br \/>\nKekkil\u00e4 Kasvuturvas on p\u00f5hilubjatud ja v\u00e4etatud samblaturvas.<br \/>\nMulla omaduste parandajana suurendab Kekkil\u00e4 Kasvuturvas liivase maa vee- ja toitainepidavust ning k\u00f5igi aiamuldade huumusesisaldust.<br \/>\nKasvuturba struktuur on vastupidav ja selle maaparanduslik m\u00f5ju on pikaajaline.<br \/>\nKodukasvuhoonetes kasutatakse Kasvuturvast kasvusubstraadi v\u00f5i mulla sideainena.<br \/>\nSelle struktuur on poorne ja v\u00e4etisesisaldus tasakaalustatud, mis sobib taimede varasele kasvufaasile.<\/p>\n<p><i class=\"fa fa-check fa-2x\"><\/i> Kasvusubstraadiks kasvuhoonesse <\/p>\n<p><i class=\"fa fa-check fa-2x\"><\/i> Maaparanduseks savisele ja liivasele pinnasele <\/p>\n<p><i class=\"fa fa-check fa-2x\"><\/i> V\u00e4etatud ja lubjatud <\/p>\n\t<div id=\"gap-883837421\" class=\"gap-element clearfix\" style=\"display:block; height:auto;\">\n\t\t\n<style>\n#gap-883837421 {\n  padding-top: 30px;\n}\n<\/style>\n\t<\/div>\n\t\n<h3>Tootekirjeldus<\/h3>\n<p>T\u00fc\u00fcbi nimetus: lubjatud ja v\u00e4etatud maaparandusturvas<\/p>\n<p>Toorained: samblaturvas, k\u00f5dunevus von Post H 4-6<\/p>\n<p>Lisatud ained: 4,0 kg\/m3 magneesiumi sisaldav lubjakivipulber, 0,6 kg\/m3 turba \u00fcldv\u00e4etis (NPK 14-16-18 + mikroelemendid); Kekkil\u00e4 Start Grow\u2122 stardiv\u00e4etis<\/p>\n<p>J\u00e4medus: keskmiselt j\u00e4me<\/p>\n<p>Juhtivus (SFS 1+5): 25 mS\/m<\/p>\n<p>pH (1+5): 5,6<\/p>\n<p>L\u00e4mmastik (N), vesilahustuv 80 mg\/l<\/p>\n<p>Fosfor (P), lahustuv 30 mg\/l<\/p>\n<p>Kaalium (K), lahustuv 200 mg\/l<\/p>\n<p>Tihedus: 90 g\/l  (kuivaine mahukaal)<\/p>\n<p>Huumuse sisaldus: 96% (p\u00f5lemiskadu)<\/p>\n\t\t<\/div>\n\t\t\t\t\t<\/div>\n\n\t\n\n\t<div id=\"col-467459502\" class=\"col medium-3 small-12 large-3\"  >\n\t\t\t\t<div class=\"col-inner\"  >\n\t\t\t\n\t\t\t\n\t<div id=\"gap-750330589\" class=\"gap-element clearfix\" style=\"display:block; height:auto;\">\n\t\t\n<style>\n#gap-750330589 {\n  padding-top: 30px;\n}\n<\/style>\n\t<\/div>\n\t\n<p><strong>\u00dcksikasjalikuma n\u00f5u saamiseks v\u00f5tke \u00fchendust:<br \/><\/strong>Espak AS<br \/>Viadukti 42<br \/>11313<br \/>Tallinn<br \/>+372 6 512362<\/p>\n\t\t<\/div>\n\t\t\t\t\t<\/div>\n\n\t\n<\/div>\n","protected":false},"excerpt":{"rendered":"","protected":false},"featured_media":77634,"comment_status":"closed","ping_status":"closed","template":"","meta":[],"product_brand":[],"product_cat":[2789,2788,2879,2902],"product_tag":[],"class_list":{"0":"post-77416","1":"product","2":"type-product","3":"status-publish","4":"has-post-thumbnail","6":"product_cat-aiatarbed","7":"product_cat-aiatarbed-ja-kodukaubad","8":"product_cat-aiaturbad-ja-mullad","9":"product_cat-kasvuturbad","10":"pa_kaubamark-kekkila-oy","12":"first","13":"instock","14":"sale","15":"taxable","16":"shipping-taxable","17":"purchasable","18":"product-type-simple"},"yoast_head":"<!-- This site is optimized with the Yoast SEO plugin v26.9 - https:\/\/yoast.com\/product\/yoast-seo-wordpress\/ -->\n<title>KASVUTURVAS KEKKIL\u00c4 300L - Espak E-pood<\/title>\n<meta name=\"robots\" content=\"index, follow, max-snippet:-1, max-image-preview:large, max-video-preview:-1\" \/>\n<link rel=\"canonical\" href=\"https:\/\/espak.ee\/epood\/toode\/kasvuturvas-300l-kekkila-a18\/\" \/>\n<meta property=\"og:locale\" content=\"et_EE\" \/>\n<meta property=\"og:type\" content=\"article\" \/>\n<meta property=\"og:title\" content=\"KASVUTURVAS KEKKIL\u00c4 300L - Espak E-pood\" \/>\n<meta property=\"og:url\" content=\"https:\/\/espak.ee\/epood\/toode\/kasvuturvas-300l-kekkila-a18\/\" \/>\n<meta property=\"og:site_name\" content=\"Espak E-pood\" \/>\n<meta property=\"article:modified_time\" content=\"2026-04-17T09:47:15+00:00\" \/>\n<meta property=\"og:image\" content=\"https:\/\/espak.ee\/epood\/wp-content\/uploads\/2021\/04\/Kekkila_Kasvuturvas_XLBale_Soils_Baltics_320L_visual_RGB-566x800-1.jpg\" \/>\n\t<meta property=\"og:image:width\" content=\"566\" \/>\n\t<meta property=\"og:image:height\" content=\"800\" \/>\n\t<meta property=\"og:image:type\" content=\"image\/jpeg\" \/>\n<meta name=\"twitter:card\" content=\"summary_large_image\" \/>\n<meta name=\"twitter:label1\" content=\"Est. reading time\" \/>\n\t<meta name=\"twitter:data1\" content=\"1 minut\" \/>\n<script type=\"application\/ld+json\" class=\"yoast-schema-graph\">{\"@context\":\"https:\/\/schema.org\",\"@graph\":[{\"@type\":\"WebPage\",\"@id\":\"https:\/\/espak.ee\/epood\/toode\/kasvuturvas-300l-kekkila-a18\/\",\"url\":\"https:\/\/espak.ee\/epood\/toode\/kasvuturvas-300l-kekkila-a18\/\",\"name\":\"KASVUTURVAS KEKKIL\u00c4 300L - Espak E-pood\",\"isPartOf\":{\"@id\":\"https:\/\/espak.ee\/epood\/#website\"},\"primaryImageOfPage\":{\"@id\":\"https:\/\/espak.ee\/epood\/toode\/kasvuturvas-300l-kekkila-a18\/#primaryimage\"},\"image\":{\"@id\":\"https:\/\/espak.ee\/epood\/toode\/kasvuturvas-300l-kekkila-a18\/#primaryimage\"},\"thumbnailUrl\":\"https:\/\/espak.ee\/epood\/wp-content\/uploads\/2021\/04\/Kekkila_Kasvuturvas_XLBale_Soils_Baltics_320L_visual_RGB-566x800-1.jpg\",\"datePublished\":\"2021-04-12T23:00:41+00:00\",\"dateModified\":\"2026-04-17T09:47:15+00:00\",\"breadcrumb\":{\"@id\":\"https:\/\/espak.ee\/epood\/toode\/kasvuturvas-300l-kekkila-a18\/#breadcrumb\"},\"inLanguage\":\"et\",\"potentialAction\":[{\"@type\":\"ReadAction\",\"target\":[\"https:\/\/espak.ee\/epood\/toode\/kasvuturvas-300l-kekkila-a18\/\"]}]},{\"@type\":\"ImageObject\",\"inLanguage\":\"et\",\"@id\":\"https:\/\/espak.ee\/epood\/toode\/kasvuturvas-300l-kekkila-a18\/#primaryimage\",\"url\":\"https:\/\/espak.ee\/epood\/wp-content\/uploads\/2021\/04\/Kekkila_Kasvuturvas_XLBale_Soils_Baltics_320L_visual_RGB-566x800-1.jpg\",\"contentUrl\":\"https:\/\/espak.ee\/epood\/wp-content\/uploads\/2021\/04\/Kekkila_Kasvuturvas_XLBale_Soils_Baltics_320L_visual_RGB-566x800-1.jpg\",\"width\":566,\"height\":800},{\"@type\":\"BreadcrumbList\",\"@id\":\"https:\/\/espak.ee\/epood\/toode\/kasvuturvas-300l-kekkila-a18\/#breadcrumb\",\"itemListElement\":[{\"@type\":\"ListItem\",\"position\":1,\"name\":\"Home\",\"item\":\"https:\/\/espak.ee\/epood\/\"},{\"@type\":\"ListItem\",\"position\":2,\"name\":\"Tootevalik\",\"item\":\"https:\/\/espak.ee\/epood\/tootevalik\/\"},{\"@type\":\"ListItem\",\"position\":3,\"name\":\"KASVUTURVAS KEKKIL\u00c4 300L\"}]},{\"@type\":\"WebSite\",\"@id\":\"https:\/\/espak.ee\/epood\/#website\",\"url\":\"https:\/\/espak.ee\/epood\/\",\"name\":\"Espak E-pood\",\"description\":\"\",\"potentialAction\":[{\"@type\":\"SearchAction\",\"target\":{\"@type\":\"EntryPoint\",\"urlTemplate\":\"https:\/\/espak.ee\/epood\/?s={search_term_string}\"},\"query-input\":{\"@type\":\"PropertyValueSpecification\",\"valueRequired\":true,\"valueName\":\"search_term_string\"}}],\"inLanguage\":\"et\"}]}<\/script>\n<!-- \/ Yoast SEO plugin. -->","yoast_head_json":{"title":"KASVUTURVAS KEKKIL\u00c4 300L - Espak E-pood","robots":{"index":"index","follow":"follow","max-snippet":"max-snippet:-1","max-image-preview":"max-image-preview:large","max-video-preview":"max-video-preview:-1"},"canonical":"https:\/\/espak.ee\/epood\/toode\/kasvuturvas-300l-kekkila-a18\/","og_locale":"et_EE","og_type":"article","og_title":"KASVUTURVAS KEKKIL\u00c4 300L - Espak E-pood","og_url":"https:\/\/espak.ee\/epood\/toode\/kasvuturvas-300l-kekkila-a18\/","og_site_name":"Espak E-pood","article_modified_time":"2026-04-17T09:47:15+00:00","og_image":[{"width":566,"height":800,"url":"https:\/\/espak.ee\/epood\/wp-content\/uploads\/2021\/04\/Kekkila_Kasvuturvas_XLBale_Soils_Baltics_320L_visual_RGB-566x800-1.jpg","type":"image\/jpeg"}],"twitter_card":"summary_large_image","twitter_misc":{"Est. reading time":"1 minut"},"schema":{"@context":"https:\/\/schema.org","@graph":[{"@type":"WebPage","@id":"https:\/\/espak.ee\/epood\/toode\/kasvuturvas-300l-kekkila-a18\/","url":"https:\/\/espak.ee\/epood\/toode\/kasvuturvas-300l-kekkila-a18\/","name":"KASVUTURVAS KEKKIL\u00c4 300L - Espak E-pood","isPartOf":{"@id":"https:\/\/espak.ee\/epood\/#website"},"primaryImageOfPage":{"@id":"https:\/\/espak.ee\/epood\/toode\/kasvuturvas-300l-kekkila-a18\/#primaryimage"},"image":{"@id":"https:\/\/espak.ee\/epood\/toode\/kasvuturvas-300l-kekkila-a18\/#primaryimage"},"thumbnailUrl":"https:\/\/espak.ee\/epood\/wp-content\/uploads\/2021\/04\/Kekkila_Kasvuturvas_XLBale_Soils_Baltics_320L_visual_RGB-566x800-1.jpg","datePublished":"2021-04-12T23:00:41+00:00","dateModified":"2026-04-17T09:47:15+00:00","breadcrumb":{"@id":"https:\/\/espak.ee\/epood\/toode\/kasvuturvas-300l-kekkila-a18\/#breadcrumb"},"inLanguage":"et","potentialAction":[{"@type":"ReadAction","target":["https:\/\/espak.ee\/epood\/toode\/kasvuturvas-300l-kekkila-a18\/"]}]},{"@type":"ImageObject","inLanguage":"et","@id":"https:\/\/espak.ee\/epood\/toode\/kasvuturvas-300l-kekkila-a18\/#primaryimage","url":"https:\/\/espak.ee\/epood\/wp-content\/uploads\/2021\/04\/Kekkila_Kasvuturvas_XLBale_Soils_Baltics_320L_visual_RGB-566x800-1.jpg","contentUrl":"https:\/\/espak.ee\/epood\/wp-content\/uploads\/2021\/04\/Kekkila_Kasvuturvas_XLBale_Soils_Baltics_320L_visual_RGB-566x800-1.jpg","width":566,"height":800},{"@type":"BreadcrumbList","@id":"https:\/\/espak.ee\/epood\/toode\/kasvuturvas-300l-kekkila-a18\/#breadcrumb","itemListElement":[{"@type":"ListItem","position":1,"name":"Home","item":"https:\/\/espak.ee\/epood\/"},{"@type":"ListItem","position":2,"name":"Tootevalik","item":"https:\/\/espak.ee\/epood\/tootevalik\/"},{"@type":"ListItem","position":3,"name":"KASVUTURVAS KEKKIL\u00c4 300L"}]},{"@type":"WebSite","@id":"https:\/\/espak.ee\/epood\/#website","url":"https:\/\/espak.ee\/epood\/","name":"Espak E-pood","description":"","potentialAction":[{"@type":"SearchAction","target":{"@type":"EntryPoint","urlTemplate":"https:\/\/espak.ee\/epood\/?s={search_term_string}"},"query-input":{"@type":"PropertyValueSpecification","valueRequired":true,"valueName":"search_term_string"}}],"inLanguage":"et"}]}},"_links":{"self":[{"href":"https:\/\/espak.ee\/epood\/wp-json\/wp\/v2\/product\/77416","targetHints":{"allow":["GET"]}}],"collection":[{"href":"https:\/\/espak.ee\/epood\/wp-json\/wp\/v2\/product"}],"about":[{"href":"https:\/\/espak.ee\/epood\/wp-json\/wp\/v2\/types\/product"}],"replies":[{"embeddable":true,"href":"https:\/\/espak.ee\/epood\/wp-json\/wp\/v2\/comments?post=77416"}],"wp:featuredmedia":[{"embeddable":true,"href":"https:\/\/espak.ee\/epood\/wp-json\/wp\/v2\/media\/77634"}],"wp:attachment":[{"href":"https:\/\/espak.ee\/epood\/wp-json\/wp\/v2\/media?parent=77416"}],"wp:term":[{"taxonomy":"product_brand","embeddable":true,"href":"https:\/\/espak.ee\/epood\/wp-json\/wp\/v2\/product_brand?post=77416"},{"taxonomy":"product_cat","embeddable":true,"href":"https:\/\/espak.ee\/epood\/wp-json\/wp\/v2\/product_cat?post=77416"},{"taxonomy":"product_tag","embeddable":true,"href":"https:\/\/espak.ee\/epood\/wp-json\/wp\/v2\/product_tag?post=77416"}],"curies":[{"name":"wp","href":"https:\/\/api.w.org\/{rel}","templated":true}]}}