{"id":77415,"date":"2021-04-12T23:00:41","date_gmt":"2021-04-12T23:00:41","guid":{"rendered":"https:\/\/espak.ee\/epood\/?post_type=product&#038;p=77415"},"modified":"2026-03-25T19:34:23","modified_gmt":"2026-03-25T17:34:23","slug":"mustmuld-garden-soil-60l-a42-kekkila","status":"publish","type":"product","link":"https:\/\/espak.ee\/epood\/toode\/mustmuld-garden-soil-60l-a42-kekkila\/","title":{"rendered":"AIAMULD KEKKIL\u00c4 60L"},"content":{"rendered":"<div class=\"row\"  id=\"row-480041182\">\n\n\t<div id=\"col-1311352804\" class=\"col medium-9 small-12 large-9\"  >\n\t\t\t\t<div class=\"col-inner\"  >\n\t\t\t\n\t\t\t\n<h3>Mustmuld GARDEN SOIL 60L (A42) KEKKIL\u00c4<\/h3>\n<p>Aiamuld on kvaliteetne must muld k\u00f5igi aiataimede istutamiseks ja muru rajamiseks.<br \/>\nAiamuld sobib nii p\u00fcsiku- ja lillepeenarde rajamiseks kui ka aia ja peenramaa maaparandust\u00f6\u00f6deks.<br \/>\nToormena on kasutatud eri k\u00f5dunemisastmega turbasorte, peenliiva ja savi.<br \/>\nAiamuld on p\u00f5hiv\u00e4etisega v\u00e4etatud ja lubjatud.<br \/>\nAiamullal on vastupidav ja \u00f5hurikas struktuur, mis on saavutatud t\u00e4nu mulla toormena kasutatud liivale. Tume turvas parandab veepidavust. Mineraalv\u00e4etis muudab toitained kiiresti taimedele k\u00e4ttesaadavaks.<br \/>\nTurba t\u00f5ttu v\u00f5ib mullasegu sisaldada v\u00e4hesel m\u00e4\u00e4ral k\u00f5dunemata looduslikke kiude, nagu tuppvillpeasid ja v\u00e4ikseid puiduosakesi.<br \/>\nJ\u00e4medateraline koostis muudab aiamulla \u00f5hulisemaks.<\/p>\n<p><i class=\"fa fa-check fa-2x\"><\/i> Kvaliteetne must aiamuld k\u00f5igi aiataimede istutamiseks <\/p>\n<p><i class=\"fa fa-check fa-2x\"><\/i> \u00d5hulisuse tagamiseks on lisatud peenliiva ja savi <\/p>\n<p><i class=\"fa fa-check fa-2x\"><\/i> P\u00f5hiv\u00e4etisega v\u00e4etatud ja lubjatud <\/p>\n\t<div id=\"gap-2091919312\" class=\"gap-element clearfix\" style=\"display:block; height:auto;\">\n\t\t\n<style>\n#gap-2091919312 {\n  padding-top: 30px;\n}\n<\/style>\n\t<\/div>\n\t\n<h3>Tootekirjeldus<\/h3>\n<p>Toorained: erinevad turbaliigid, liiv, j\u00e4me ja kvaliteetne peenliiv, liivsavi<\/p>\n<p>Lisatud ained: 5,0 kg\/m3 Magneesiumi sisaldusega lubjakivipulber; 1,2 kg\/m3 Kekkil\u00e4 Start Grow\u2122 \u00fcldv\u00e4etis (NPK 14-10-14 + mikroelemendid)<\/p>\n<p>J\u00e4medusaste: keskmise j\u00e4medusega<\/p>\n<p>Elektrijuhtivus (SFS 1+5): 18 mS\/m<\/p>\n<p>pH (1+5): 6,2<\/p>\n<p>L\u00e4mmastik (N), vesilahustuv 100 mg\/l<\/p>\n<p>Fosfor (P), lahustuv 30 mg\/l<\/p>\n<p>Kaalium (K), lahustuv 200 mg\/l<\/p>\n<p>Niiskus: 48 %<\/p>\n<p>Orgaanilise aine sisaldus: 37 %<\/p>\n\t\t<\/div>\n\t\t\t\t\t<\/div>\n\n\t\n\n\t<div id=\"col-105836877\" class=\"col medium-3 small-12 large-3\"  >\n\t\t\t\t<div class=\"col-inner\"  >\n\t\t\t\n\t\t\t\n\t<div id=\"gap-1328325141\" class=\"gap-element clearfix\" style=\"display:block; height:auto;\">\n\t\t\n<style>\n#gap-1328325141 {\n  padding-top: 30px;\n}\n<\/style>\n\t<\/div>\n\t\n<p><strong>\u00dcksikasjalikuma n\u00f5u saamiseks v\u00f5tke \u00fchendust:<br \/><\/strong>Espak AS<br \/>Viadukti 42<br \/>11313<br \/>Tallinn<br \/>+372 6 512362<\/p>\n\t\t<\/div>\n\t\t\t\t\t<\/div>\n\n\t\n<\/div>\n","protected":false},"excerpt":{"rendered":"","protected":false},"featured_media":77926,"comment_status":"closed","ping_status":"closed","template":"","meta":[],"product_brand":[],"product_cat":[2905,2789,2788,2879],"product_tag":[],"class_list":{"0":"post-77415","1":"product","2":"type-product","3":"status-publish","4":"has-post-thumbnail","6":"product_cat-aiamullad","7":"product_cat-aiatarbed","8":"product_cat-aiatarbed-ja-kodukaubad","9":"product_cat-aiaturbad-ja-mullad","10":"pa_kaubamark-kekkila-oy","12":"first","13":"instock","14":"sale","15":"taxable","16":"shipping-taxable","17":"purchasable","18":"product-type-simple"},"yoast_head":"<!-- This site is optimized with the Yoast SEO plugin v26.9 - https:\/\/yoast.com\/product\/yoast-seo-wordpress\/ -->\n<title>AIAMULD KEKKIL\u00c4 60L - Espak E-pood<\/title>\n<meta name=\"robots\" content=\"index, follow, max-snippet:-1, max-image-preview:large, max-video-preview:-1\" \/>\n<link rel=\"canonical\" href=\"https:\/\/espak.ee\/epood\/toode\/mustmuld-garden-soil-60l-a42-kekkila\/\" \/>\n<meta property=\"og:locale\" content=\"et_EE\" \/>\n<meta property=\"og:type\" content=\"article\" \/>\n<meta property=\"og:title\" content=\"AIAMULD KEKKIL\u00c4 60L - Espak E-pood\" \/>\n<meta property=\"og:url\" content=\"https:\/\/espak.ee\/epood\/toode\/mustmuld-garden-soil-60l-a42-kekkila\/\" \/>\n<meta property=\"og:site_name\" content=\"Espak E-pood\" \/>\n<meta property=\"article:modified_time\" content=\"2026-03-25T17:34:23+00:00\" \/>\n<meta property=\"og:image\" content=\"https:\/\/espak.ee\/epood\/wp-content\/uploads\/2021\/04\/MUSTMULD-GARDEN-SOIL-60L.jpg\" \/>\n\t<meta property=\"og:image:width\" content=\"800\" \/>\n\t<meta property=\"og:image:height\" content=\"800\" \/>\n\t<meta property=\"og:image:type\" content=\"image\/jpeg\" \/>\n<meta name=\"twitter:card\" content=\"summary_large_image\" \/>\n<meta name=\"twitter:label1\" content=\"Est. reading time\" \/>\n\t<meta name=\"twitter:data1\" content=\"1 minut\" \/>\n<script type=\"application\/ld+json\" class=\"yoast-schema-graph\">{\"@context\":\"https:\/\/schema.org\",\"@graph\":[{\"@type\":\"WebPage\",\"@id\":\"https:\/\/espak.ee\/epood\/toode\/mustmuld-garden-soil-60l-a42-kekkila\/\",\"url\":\"https:\/\/espak.ee\/epood\/toode\/mustmuld-garden-soil-60l-a42-kekkila\/\",\"name\":\"AIAMULD KEKKIL\u00c4 60L - Espak E-pood\",\"isPartOf\":{\"@id\":\"https:\/\/espak.ee\/epood\/#website\"},\"primaryImageOfPage\":{\"@id\":\"https:\/\/espak.ee\/epood\/toode\/mustmuld-garden-soil-60l-a42-kekkila\/#primaryimage\"},\"image\":{\"@id\":\"https:\/\/espak.ee\/epood\/toode\/mustmuld-garden-soil-60l-a42-kekkila\/#primaryimage\"},\"thumbnailUrl\":\"https:\/\/espak.ee\/epood\/wp-content\/uploads\/2021\/04\/MUSTMULD-GARDEN-SOIL-60L.jpg\",\"datePublished\":\"2021-04-12T23:00:41+00:00\",\"dateModified\":\"2026-03-25T17:34:23+00:00\",\"breadcrumb\":{\"@id\":\"https:\/\/espak.ee\/epood\/toode\/mustmuld-garden-soil-60l-a42-kekkila\/#breadcrumb\"},\"inLanguage\":\"et\",\"potentialAction\":[{\"@type\":\"ReadAction\",\"target\":[\"https:\/\/espak.ee\/epood\/toode\/mustmuld-garden-soil-60l-a42-kekkila\/\"]}]},{\"@type\":\"ImageObject\",\"inLanguage\":\"et\",\"@id\":\"https:\/\/espak.ee\/epood\/toode\/mustmuld-garden-soil-60l-a42-kekkila\/#primaryimage\",\"url\":\"https:\/\/espak.ee\/epood\/wp-content\/uploads\/2021\/04\/MUSTMULD-GARDEN-SOIL-60L.jpg\",\"contentUrl\":\"https:\/\/espak.ee\/epood\/wp-content\/uploads\/2021\/04\/MUSTMULD-GARDEN-SOIL-60L.jpg\",\"width\":800,\"height\":800},{\"@type\":\"BreadcrumbList\",\"@id\":\"https:\/\/espak.ee\/epood\/toode\/mustmuld-garden-soil-60l-a42-kekkila\/#breadcrumb\",\"itemListElement\":[{\"@type\":\"ListItem\",\"position\":1,\"name\":\"Home\",\"item\":\"https:\/\/espak.ee\/epood\/\"},{\"@type\":\"ListItem\",\"position\":2,\"name\":\"Tootevalik\",\"item\":\"https:\/\/espak.ee\/epood\/tootevalik\/\"},{\"@type\":\"ListItem\",\"position\":3,\"name\":\"AIAMULD KEKKIL\u00c4 60L\"}]},{\"@type\":\"WebSite\",\"@id\":\"https:\/\/espak.ee\/epood\/#website\",\"url\":\"https:\/\/espak.ee\/epood\/\",\"name\":\"Espak E-pood\",\"description\":\"\",\"potentialAction\":[{\"@type\":\"SearchAction\",\"target\":{\"@type\":\"EntryPoint\",\"urlTemplate\":\"https:\/\/espak.ee\/epood\/?s={search_term_string}\"},\"query-input\":{\"@type\":\"PropertyValueSpecification\",\"valueRequired\":true,\"valueName\":\"search_term_string\"}}],\"inLanguage\":\"et\"}]}<\/script>\n<!-- \/ Yoast SEO plugin. -->","yoast_head_json":{"title":"AIAMULD KEKKIL\u00c4 60L - Espak E-pood","robots":{"index":"index","follow":"follow","max-snippet":"max-snippet:-1","max-image-preview":"max-image-preview:large","max-video-preview":"max-video-preview:-1"},"canonical":"https:\/\/espak.ee\/epood\/toode\/mustmuld-garden-soil-60l-a42-kekkila\/","og_locale":"et_EE","og_type":"article","og_title":"AIAMULD KEKKIL\u00c4 60L - Espak E-pood","og_url":"https:\/\/espak.ee\/epood\/toode\/mustmuld-garden-soil-60l-a42-kekkila\/","og_site_name":"Espak E-pood","article_modified_time":"2026-03-25T17:34:23+00:00","og_image":[{"width":800,"height":800,"url":"https:\/\/espak.ee\/epood\/wp-content\/uploads\/2021\/04\/MUSTMULD-GARDEN-SOIL-60L.jpg","type":"image\/jpeg"}],"twitter_card":"summary_large_image","twitter_misc":{"Est. reading time":"1 minut"},"schema":{"@context":"https:\/\/schema.org","@graph":[{"@type":"WebPage","@id":"https:\/\/espak.ee\/epood\/toode\/mustmuld-garden-soil-60l-a42-kekkila\/","url":"https:\/\/espak.ee\/epood\/toode\/mustmuld-garden-soil-60l-a42-kekkila\/","name":"AIAMULD KEKKIL\u00c4 60L - Espak E-pood","isPartOf":{"@id":"https:\/\/espak.ee\/epood\/#website"},"primaryImageOfPage":{"@id":"https:\/\/espak.ee\/epood\/toode\/mustmuld-garden-soil-60l-a42-kekkila\/#primaryimage"},"image":{"@id":"https:\/\/espak.ee\/epood\/toode\/mustmuld-garden-soil-60l-a42-kekkila\/#primaryimage"},"thumbnailUrl":"https:\/\/espak.ee\/epood\/wp-content\/uploads\/2021\/04\/MUSTMULD-GARDEN-SOIL-60L.jpg","datePublished":"2021-04-12T23:00:41+00:00","dateModified":"2026-03-25T17:34:23+00:00","breadcrumb":{"@id":"https:\/\/espak.ee\/epood\/toode\/mustmuld-garden-soil-60l-a42-kekkila\/#breadcrumb"},"inLanguage":"et","potentialAction":[{"@type":"ReadAction","target":["https:\/\/espak.ee\/epood\/toode\/mustmuld-garden-soil-60l-a42-kekkila\/"]}]},{"@type":"ImageObject","inLanguage":"et","@id":"https:\/\/espak.ee\/epood\/toode\/mustmuld-garden-soil-60l-a42-kekkila\/#primaryimage","url":"https:\/\/espak.ee\/epood\/wp-content\/uploads\/2021\/04\/MUSTMULD-GARDEN-SOIL-60L.jpg","contentUrl":"https:\/\/espak.ee\/epood\/wp-content\/uploads\/2021\/04\/MUSTMULD-GARDEN-SOIL-60L.jpg","width":800,"height":800},{"@type":"BreadcrumbList","@id":"https:\/\/espak.ee\/epood\/toode\/mustmuld-garden-soil-60l-a42-kekkila\/#breadcrumb","itemListElement":[{"@type":"ListItem","position":1,"name":"Home","item":"https:\/\/espak.ee\/epood\/"},{"@type":"ListItem","position":2,"name":"Tootevalik","item":"https:\/\/espak.ee\/epood\/tootevalik\/"},{"@type":"ListItem","position":3,"name":"AIAMULD KEKKIL\u00c4 60L"}]},{"@type":"WebSite","@id":"https:\/\/espak.ee\/epood\/#website","url":"https:\/\/espak.ee\/epood\/","name":"Espak E-pood","description":"","potentialAction":[{"@type":"SearchAction","target":{"@type":"EntryPoint","urlTemplate":"https:\/\/espak.ee\/epood\/?s={search_term_string}"},"query-input":{"@type":"PropertyValueSpecification","valueRequired":true,"valueName":"search_term_string"}}],"inLanguage":"et"}]}},"_links":{"self":[{"href":"https:\/\/espak.ee\/epood\/wp-json\/wp\/v2\/product\/77415","targetHints":{"allow":["GET"]}}],"collection":[{"href":"https:\/\/espak.ee\/epood\/wp-json\/wp\/v2\/product"}],"about":[{"href":"https:\/\/espak.ee\/epood\/wp-json\/wp\/v2\/types\/product"}],"replies":[{"embeddable":true,"href":"https:\/\/espak.ee\/epood\/wp-json\/wp\/v2\/comments?post=77415"}],"wp:featuredmedia":[{"embeddable":true,"href":"https:\/\/espak.ee\/epood\/wp-json\/wp\/v2\/media\/77926"}],"wp:attachment":[{"href":"https:\/\/espak.ee\/epood\/wp-json\/wp\/v2\/media?parent=77415"}],"wp:term":[{"taxonomy":"product_brand","embeddable":true,"href":"https:\/\/espak.ee\/epood\/wp-json\/wp\/v2\/product_brand?post=77415"},{"taxonomy":"product_cat","embeddable":true,"href":"https:\/\/espak.ee\/epood\/wp-json\/wp\/v2\/product_cat?post=77415"},{"taxonomy":"product_tag","embeddable":true,"href":"https:\/\/espak.ee\/epood\/wp-json\/wp\/v2\/product_tag?post=77415"}],"curies":[{"name":"wp","href":"https:\/\/api.w.org\/{rel}","templated":true}]}}