{"id":7724,"date":"2019-08-15T02:16:04","date_gmt":"2019-08-14T23:16:04","guid":{"rendered":"https:\/\/espak.ee\/hinnakiri\/?post_type=product&#038;p=7724"},"modified":"2024-10-03T08:44:58","modified_gmt":"2024-10-03T05:44:58","slug":"vuugitaide-mira-supercolour-100-5kg","status":"publish","type":"product","link":"https:\/\/espak.ee\/epood\/toode\/vuugitaide-mira-supercolour-100-5kg\/","title":{"rendered":"VUUGIT\u00c4IDE MIRA SUPERCOLOUR 100 5KG"},"content":{"rendered":"<div class=\"row\"  id=\"row-1354777911\">\n\n\t<div id=\"col-1363920206\" class=\"col medium-9 small-12 large-9\"  >\n\t\t\t\t<div class=\"col-inner\"  >\n\t\t\t\n\t\t\t\n<h2>T\u00e4iustatud vuugit\u00e4ide keraamikale ja looduskividele<\/h2>\n<p>Supercolour annab tiheda ja kompaktse vuugi minimaalse riskiga bakterite l\u00e4bitungiks. Vuugid taluvad intensiivset puhastamist ja sobivad seet\u00f5ttu v\u00e4ga h\u00e4sti niisketesse ruumidesse. Supercolour on kuivsegu, mis on peale veega segamist valmis kasutamiseks. Vuugisegu on kerge ette valmistada ning lihtne pinnale kanda<\/p>\n<div class=\"message-box relative\" style=\"padding-top:15px;padding-bottom:15px;\"><div class=\"message-box-bg-image bg-fill fill\" ><\/div><div class=\"message-box-bg-overlay bg-fill fill\" ><\/div><div class=\"container relative\"><div class=\"inner last-reset\">\n<div class=\"row align-middle align-center\"  id=\"row-814475434\">\n\n\t<div id=\"col-1354861145\" class=\"col small-12 large-12\"  >\n\t\t\t\t<div class=\"col-inner text-left\"  >\n\t\t\t\n\t\t\t\n<h4>Omadused<\/h4>\n<div class=\"row\"  id=\"row-1984430807\">\n\n\t<div id=\"col-1546621773\" class=\"col medium-6 small-12 large-6\"  >\n\t\t\t\t<div class=\"col-inner\"  >\n\t\t\t\n\t\t\t\n<p><i class=\"fa fa-water fa-2x\"><\/i> <strong>Vett ja mustust h\u00fclgav<\/strong><\/p>\n<p><i class=\"fa fa-snowflake fa-2x\"><\/i> <strong>K\u00fclmakindel<\/strong><\/p>\n\t\t<\/div>\n\t\t\t\t\n<style>\n#col-1546621773 > .col-inner {\n  margin: 0px 0px 15px 0px;\n}\n<\/style>\n\t<\/div>\n\n\t\n\n\t<div id=\"col-2144252558\" class=\"col medium-6 small-12 large-6\"  >\n\t\t\t\t<div class=\"col-inner\"  >\n\t\t\t\n\t\t\t\n<p><i class=\"fa fa-tint fa-2x\"><\/i> <strong>Niiskuskindel<\/strong><\/p>\n<p><i class=\"fa fa-ruler-horizontal fa-2x\"><\/i> <strong>Vuugi laius 2-10 mm<\/strong><\/p>\n\t\t<\/div>\n\t\t\t\t\n<style>\n#col-2144252558 > .col-inner {\n  margin: 0px 0px 15px 0px;\n}\n<\/style>\n\t<\/div>\n\n\t\n<\/div>\n\t\t<\/div>\n\t\t\t\t\t<\/div>\n\n\t\n<\/div>\n<\/div><\/div><\/div>\n\t<div id=\"gap-892697316\" class=\"gap-element clearfix\" style=\"display:block; height:auto;\">\n\t\t\n<style>\n#gap-892697316 {\n  padding-top: 30px;\n}\n<\/style>\n\t<\/div>\n\t\n<h3>Kasutamise \u00fcksikasjad<\/h3>\n<p><strong>Kasutusalad:<\/strong> Keraamiliste, klinkerplaatide vuukimiseks seintel ja p\u00f5randatel, sise-ja v\u00e4litingimustes, kuivades ning niisketes ruumides.<br \/>\nBakterite kapillaarne l\u00e4bitungimine on tihedas ja kompaktses vuugis minimaalne. Vuugid kannatavad suurt koormust ja intensiivset puhastamist. Seet\u00f5ttu on supercolour eriti sobiv kasutamiseks niisketes ruumides.<\/p>\n<p><strong>Plaadi t\u00fc\u00fcp:<\/strong> Supercolour sobib kasutamiseks k\u00f5ikide plaadit\u00fc\u00fcpide ja looduskivi puhul, eriti sobiv mitteimavate plaatide puhul.<\/p>\n<p><strong>Aluspinna ettevalmistus:<\/strong> Vuugid peavad olema kuivad, puhtad \u00f5list, rasvast, tolmust jms, mis v\u00f5ivad halvendada naket.<\/p>\n<p><strong>Kasutamine:<\/strong> 15kg pulbrit segada 3,6-3,9l puhta veega. Parima tulemuse saamiseks segada aeglaste p\u00f6\u00f6retega segumikseriga, et v\u00e4ltida \u00f5hu sattumist segusse. Pulber, vesi ja aluspind peavad olema soovitusliku t\u00f6\u00f6temperatuuri piires. Segada 2-3 min \u00fchtlaseks klimpideta massiks.<br \/>\nSegu on n\u00fc\u00fcd valmis kasutamiseks 1-2 tunni jooksul p\u00e4rast valmissegamist.<br \/>\nmira supercolour kanda pinnale kummilabidaga diagonaalselt vuukide suhtes nii, et vuugid saavad \u00fcleni t\u00e4idetud. Kui supercolour on kuivanud, kuid veel plastne tuleb liigne vuugit\u00e4ide eemaldada kergelt niiske k\u00e4snaga. K\u00e4sn hoida puhas.<br \/>\nKui vuugisegu on kuiv, kuid mitte l\u00f5plikult kivistunud, poleerida pind karukeelega. Vuugid saavutavad l\u00f5pliku tugevuse, kui hoida neid niiskena 1-2 p\u00e4eva. Kui aluspind v\u00f5i plaadid on v\u00e4ga absorbeeruvad, tuleks vuuke niisutada k\u00e4snaga.<br \/>\nsupercolour j\u00e4\u00e4nused eemaldada mira 7120 ceramic cleaner abil, kuid mitte varem kui 2 p\u00e4eva m\u00f6\u00f6dudes vuukimisest.<br \/>\nS\u00f5ltuvalt plaatide imavusest ja ruumi temperatuurist kannatab pind v\u00e4hest liiklemist 3-6 tunni p\u00e4rast ja t\u00e4iskoormamist 7 p\u00e4eva p\u00e4rast.<\/p>\n<p><strong>Ohutus:<\/strong> Toode sisaldab tsementi, j\u00e4rgige tsemendiga t\u00f6\u00f6tamise ohutusn\u00f5udeid.<br \/>\nToode on valmistatud valge tsemendi baasil, millel on loomulik v\u00e4ga madal kuuevalentse kroomi sisaldus, j\u00e4\u00e4des alati alla lubatud piirm\u00e4\u00e4ra 2 mg\/kg.<\/p>\n\t\t<\/div>\n\t\t\t\t\t<\/div>\n\n\t\n\n\t<div id=\"col-1654861559\" class=\"col medium-3 small-12 large-3\"  >\n\t\t\t\t<div class=\"col-inner\"  >\n\t\t\t\n\t\t\t\n\t<div id=\"gap-121685503\" class=\"gap-element clearfix\" style=\"display:block; height:auto;\">\n\t\t\n<style>\n#gap-121685503 {\n  padding-top: 30px;\n}\n<\/style>\n\t<\/div>\n\t\n<h3>Tehniline informatsioon<\/h3>\n<p><a href=\"https:\/\/espak.ee\/epood\/wp-content\/uploads\/supercolour_tooteleht.pdf\" target=\"_blank\" rel=\"noopener noreferrer\"><i class=\"far fa-file-pdf\"><\/i> Tehniline info (PDF)<\/a><\/p>\n<h3>Ohutusalane teave<\/h3>\n<p><a href=\"https:\/\/espak.ee\/epood\/wp-content\/uploads\/supercolour-ohutuskaart-2.pdf\" target=\"_blank\" rel=\"noopener noreferrer\"><i class=\"far fa-file-pdf\"><\/i> Ohutusalane teave (PDF)<\/a><\/p>\n<div class=\"is-divider divider clearfix\" ><\/div>\n<p><strong>\u00dcksikasjalikuma n\u00f5u saamiseks v\u00f5tke \u00fchendust:<br \/><\/strong>Mira Ehitusmaterjalid O\u00dc<br \/>Segu 8<br \/>76505<br \/>Saue<br \/>+372 6790670<\/p>\n<div class=\"is-divider divider clearfix\" ><\/div>\n\t\t<\/div>\n\t\t\t\t\t<\/div>\n\n\t\n<\/div>\n","protected":false},"excerpt":{"rendered":"","protected":false},"featured_media":212517,"comment_status":"closed","ping_status":"closed","template":"","meta":[],"product_brand":[],"product_cat":[2698,2805,2697,2807],"product_tag":[],"class_list":{"0":"post-7724","1":"product","2":"type-product","3":"status-publish","4":"has-post-thumbnail","6":"product_cat-pahtlid-ja-kuivsegud","7":"product_cat-plaatimissegud","8":"product_cat-uldehitus","9":"product_cat-vuugisegud","10":"pa_kaubamark-mira-ehitusmaterjalid-ou","12":"first","13":"instock","14":"sale","15":"taxable","16":"shipping-taxable","17":"purchasable","18":"product-type-simple"},"yoast_head":"<!-- This site is optimized with the Yoast SEO plugin v26.9 - https:\/\/yoast.com\/product\/yoast-seo-wordpress\/ -->\n<title>VUUGIT\u00c4IDE MIRA SUPERCOLOUR 100 5KG - Espak E-pood<\/title>\n<meta name=\"robots\" content=\"index, follow, max-snippet:-1, max-image-preview:large, max-video-preview:-1\" \/>\n<link rel=\"canonical\" href=\"https:\/\/espak.ee\/epood\/toode\/vuugitaide-mira-supercolour-100-5kg\/\" \/>\n<meta property=\"og:locale\" content=\"et_EE\" \/>\n<meta property=\"og:type\" content=\"article\" \/>\n<meta property=\"og:title\" content=\"VUUGIT\u00c4IDE MIRA SUPERCOLOUR 100 5KG - Espak E-pood\" \/>\n<meta property=\"og:url\" content=\"https:\/\/espak.ee\/epood\/toode\/vuugitaide-mira-supercolour-100-5kg\/\" \/>\n<meta property=\"og:site_name\" content=\"Espak E-pood\" \/>\n<meta property=\"article:modified_time\" content=\"2024-10-03T05:44:58+00:00\" \/>\n<meta property=\"og:image\" content=\"https:\/\/espak.ee\/epood\/wp-content\/uploads\/2019\/08\/Mira-supercolour-5kg-front.jpg\" \/>\n\t<meta property=\"og:image:width\" content=\"1024\" \/>\n\t<meta property=\"og:image:height\" content=\"1024\" \/>\n\t<meta property=\"og:image:type\" content=\"image\/jpeg\" \/>\n<meta name=\"twitter:card\" content=\"summary_large_image\" \/>\n<meta name=\"twitter:label1\" content=\"Est. reading time\" \/>\n\t<meta name=\"twitter:data1\" content=\"2 minutit\" \/>\n<script type=\"application\/ld+json\" class=\"yoast-schema-graph\">{\"@context\":\"https:\/\/schema.org\",\"@graph\":[{\"@type\":\"WebPage\",\"@id\":\"https:\/\/espak.ee\/epood\/toode\/vuugitaide-mira-supercolour-100-5kg\/\",\"url\":\"https:\/\/espak.ee\/epood\/toode\/vuugitaide-mira-supercolour-100-5kg\/\",\"name\":\"VUUGIT\u00c4IDE MIRA SUPERCOLOUR 100 5KG - Espak E-pood\",\"isPartOf\":{\"@id\":\"https:\/\/espak.ee\/epood\/#website\"},\"primaryImageOfPage\":{\"@id\":\"https:\/\/espak.ee\/epood\/toode\/vuugitaide-mira-supercolour-100-5kg\/#primaryimage\"},\"image\":{\"@id\":\"https:\/\/espak.ee\/epood\/toode\/vuugitaide-mira-supercolour-100-5kg\/#primaryimage\"},\"thumbnailUrl\":\"https:\/\/espak.ee\/epood\/wp-content\/uploads\/2019\/08\/Mira-supercolour-5kg-front.jpg\",\"datePublished\":\"2019-08-14T23:16:04+00:00\",\"dateModified\":\"2024-10-03T05:44:58+00:00\",\"breadcrumb\":{\"@id\":\"https:\/\/espak.ee\/epood\/toode\/vuugitaide-mira-supercolour-100-5kg\/#breadcrumb\"},\"inLanguage\":\"et\",\"potentialAction\":[{\"@type\":\"ReadAction\",\"target\":[\"https:\/\/espak.ee\/epood\/toode\/vuugitaide-mira-supercolour-100-5kg\/\"]}]},{\"@type\":\"ImageObject\",\"inLanguage\":\"et\",\"@id\":\"https:\/\/espak.ee\/epood\/toode\/vuugitaide-mira-supercolour-100-5kg\/#primaryimage\",\"url\":\"https:\/\/espak.ee\/epood\/wp-content\/uploads\/2019\/08\/Mira-supercolour-5kg-front.jpg\",\"contentUrl\":\"https:\/\/espak.ee\/epood\/wp-content\/uploads\/2019\/08\/Mira-supercolour-5kg-front.jpg\",\"width\":1024,\"height\":1024},{\"@type\":\"BreadcrumbList\",\"@id\":\"https:\/\/espak.ee\/epood\/toode\/vuugitaide-mira-supercolour-100-5kg\/#breadcrumb\",\"itemListElement\":[{\"@type\":\"ListItem\",\"position\":1,\"name\":\"Home\",\"item\":\"https:\/\/espak.ee\/epood\/\"},{\"@type\":\"ListItem\",\"position\":2,\"name\":\"Tootevalik\",\"item\":\"https:\/\/espak.ee\/epood\/tootevalik\/\"},{\"@type\":\"ListItem\",\"position\":3,\"name\":\"VUUGIT\u00c4IDE MIRA SUPERCOLOUR 100 5KG\"}]},{\"@type\":\"WebSite\",\"@id\":\"https:\/\/espak.ee\/epood\/#website\",\"url\":\"https:\/\/espak.ee\/epood\/\",\"name\":\"Espak E-pood\",\"description\":\"\",\"potentialAction\":[{\"@type\":\"SearchAction\",\"target\":{\"@type\":\"EntryPoint\",\"urlTemplate\":\"https:\/\/espak.ee\/epood\/?s={search_term_string}\"},\"query-input\":{\"@type\":\"PropertyValueSpecification\",\"valueRequired\":true,\"valueName\":\"search_term_string\"}}],\"inLanguage\":\"et\"}]}<\/script>\n<!-- \/ Yoast SEO plugin. -->","yoast_head_json":{"title":"VUUGIT\u00c4IDE MIRA SUPERCOLOUR 100 5KG - Espak E-pood","robots":{"index":"index","follow":"follow","max-snippet":"max-snippet:-1","max-image-preview":"max-image-preview:large","max-video-preview":"max-video-preview:-1"},"canonical":"https:\/\/espak.ee\/epood\/toode\/vuugitaide-mira-supercolour-100-5kg\/","og_locale":"et_EE","og_type":"article","og_title":"VUUGIT\u00c4IDE MIRA SUPERCOLOUR 100 5KG - Espak E-pood","og_url":"https:\/\/espak.ee\/epood\/toode\/vuugitaide-mira-supercolour-100-5kg\/","og_site_name":"Espak E-pood","article_modified_time":"2024-10-03T05:44:58+00:00","og_image":[{"width":1024,"height":1024,"url":"https:\/\/espak.ee\/epood\/wp-content\/uploads\/2019\/08\/Mira-supercolour-5kg-front.jpg","type":"image\/jpeg"}],"twitter_card":"summary_large_image","twitter_misc":{"Est. reading time":"2 minutit"},"schema":{"@context":"https:\/\/schema.org","@graph":[{"@type":"WebPage","@id":"https:\/\/espak.ee\/epood\/toode\/vuugitaide-mira-supercolour-100-5kg\/","url":"https:\/\/espak.ee\/epood\/toode\/vuugitaide-mira-supercolour-100-5kg\/","name":"VUUGIT\u00c4IDE MIRA SUPERCOLOUR 100 5KG - Espak E-pood","isPartOf":{"@id":"https:\/\/espak.ee\/epood\/#website"},"primaryImageOfPage":{"@id":"https:\/\/espak.ee\/epood\/toode\/vuugitaide-mira-supercolour-100-5kg\/#primaryimage"},"image":{"@id":"https:\/\/espak.ee\/epood\/toode\/vuugitaide-mira-supercolour-100-5kg\/#primaryimage"},"thumbnailUrl":"https:\/\/espak.ee\/epood\/wp-content\/uploads\/2019\/08\/Mira-supercolour-5kg-front.jpg","datePublished":"2019-08-14T23:16:04+00:00","dateModified":"2024-10-03T05:44:58+00:00","breadcrumb":{"@id":"https:\/\/espak.ee\/epood\/toode\/vuugitaide-mira-supercolour-100-5kg\/#breadcrumb"},"inLanguage":"et","potentialAction":[{"@type":"ReadAction","target":["https:\/\/espak.ee\/epood\/toode\/vuugitaide-mira-supercolour-100-5kg\/"]}]},{"@type":"ImageObject","inLanguage":"et","@id":"https:\/\/espak.ee\/epood\/toode\/vuugitaide-mira-supercolour-100-5kg\/#primaryimage","url":"https:\/\/espak.ee\/epood\/wp-content\/uploads\/2019\/08\/Mira-supercolour-5kg-front.jpg","contentUrl":"https:\/\/espak.ee\/epood\/wp-content\/uploads\/2019\/08\/Mira-supercolour-5kg-front.jpg","width":1024,"height":1024},{"@type":"BreadcrumbList","@id":"https:\/\/espak.ee\/epood\/toode\/vuugitaide-mira-supercolour-100-5kg\/#breadcrumb","itemListElement":[{"@type":"ListItem","position":1,"name":"Home","item":"https:\/\/espak.ee\/epood\/"},{"@type":"ListItem","position":2,"name":"Tootevalik","item":"https:\/\/espak.ee\/epood\/tootevalik\/"},{"@type":"ListItem","position":3,"name":"VUUGIT\u00c4IDE MIRA SUPERCOLOUR 100 5KG"}]},{"@type":"WebSite","@id":"https:\/\/espak.ee\/epood\/#website","url":"https:\/\/espak.ee\/epood\/","name":"Espak E-pood","description":"","potentialAction":[{"@type":"SearchAction","target":{"@type":"EntryPoint","urlTemplate":"https:\/\/espak.ee\/epood\/?s={search_term_string}"},"query-input":{"@type":"PropertyValueSpecification","valueRequired":true,"valueName":"search_term_string"}}],"inLanguage":"et"}]}},"_links":{"self":[{"href":"https:\/\/espak.ee\/epood\/wp-json\/wp\/v2\/product\/7724","targetHints":{"allow":["GET"]}}],"collection":[{"href":"https:\/\/espak.ee\/epood\/wp-json\/wp\/v2\/product"}],"about":[{"href":"https:\/\/espak.ee\/epood\/wp-json\/wp\/v2\/types\/product"}],"replies":[{"embeddable":true,"href":"https:\/\/espak.ee\/epood\/wp-json\/wp\/v2\/comments?post=7724"}],"wp:featuredmedia":[{"embeddable":true,"href":"https:\/\/espak.ee\/epood\/wp-json\/wp\/v2\/media\/212517"}],"wp:attachment":[{"href":"https:\/\/espak.ee\/epood\/wp-json\/wp\/v2\/media?parent=7724"}],"wp:term":[{"taxonomy":"product_brand","embeddable":true,"href":"https:\/\/espak.ee\/epood\/wp-json\/wp\/v2\/product_brand?post=7724"},{"taxonomy":"product_cat","embeddable":true,"href":"https:\/\/espak.ee\/epood\/wp-json\/wp\/v2\/product_cat?post=7724"},{"taxonomy":"product_tag","embeddable":true,"href":"https:\/\/espak.ee\/epood\/wp-json\/wp\/v2\/product_tag?post=7724"}],"curies":[{"name":"wp","href":"https:\/\/api.w.org\/{rel}","templated":true}]}}