{"id":7667,"date":"2019-08-14T02:20:53","date_gmt":"2019-08-13T23:20:53","guid":{"rendered":"https:\/\/espak.ee\/hinnakiri\/?post_type=product&#038;p=7667"},"modified":"2024-10-03T08:20:37","modified_gmt":"2024-10-03T05:20:37","slug":"isevalguv-tasandussegu-mira-6700-cemplan-25kg-1-45-mm","status":"publish","type":"product","link":"https:\/\/espak.ee\/epood\/toode\/isevalguv-tasandussegu-mira-6700-cemplan-25kg-1-45-mm\/","title":{"rendered":"ISEVALGUV TASANDUSSEGU MIRA 6700 CEMPLAN 25KG 1-45 MM"},"content":{"rendered":"<div class=\"row\"  id=\"row-387710988\">\n\n\t<div id=\"col-2113002923\" class=\"col medium-9 small-12 large-9\"  >\n\t\t\t\t<div class=\"col-inner\"  >\n\t\t\t\n\t\t\t\n<h2>Isevalguv tasandussegu.<\/h2>\n<p>6700 cemplan on sobib tasanduskihi valamiseks enamustele p\u00f5randat\u00fc\u00fcpidele nagu betoon, kergbetoon jm. 6700 cemplan on kuivsegu, mis on peale veega segamist valmis kasutamiseks. 6700 cemplan on isevalguv ja kergelt tasandatav.<\/p>\n<div class=\"message-box relative\" style=\"padding-top:15px;padding-bottom:15px;\"><div class=\"message-box-bg-image bg-fill fill\" ><\/div><div class=\"message-box-bg-overlay bg-fill fill\" ><\/div><div class=\"container relative\"><div class=\"inner last-reset\">\n<div class=\"row align-middle align-center\"  id=\"row-569805349\">\n\n\t<div id=\"col-591261599\" class=\"col small-12 large-12\"  >\n\t\t\t\t<div class=\"col-inner text-left\"  >\n\t\t\t\n\t\t\t\n<h4>Omadused<\/h4>\n<div class=\"row\"  id=\"row-249990901\">\n\n\t<div id=\"col-890795930\" class=\"col medium-6 small-12 large-6\"  >\n\t\t\t\t<div class=\"col-inner\"  >\n\t\t\t\n\t\t\t\n<p><i class=\"fa fa-fill fa-2x\"><\/i> <strong>Tsemendi baasil<\/strong><\/p>\n<p><i class=\"fa fa-check fa-2x\"><\/i> <strong> Isevalguv<\/strong> <\/p>\n\t\t<\/div>\n\t\t\t\t\n<style>\n#col-890795930 > .col-inner {\n  margin: 0px 0px 15px 0px;\n}\n<\/style>\n\t<\/div>\n\n\t\n\n\t<div id=\"col-1359332224\" class=\"col medium-6 small-12 large-6\"  >\n\t\t\t\t<div class=\"col-inner\"  >\n\t\t\t\n\t\t\t\n<p><i class=\"fa fa-clock-four fa-2x\"><\/i> <strong>Kiirkivinev<\/strong><\/p>\n<p><i class=\"fa fa-palette fa-2x\"><\/i> <strong> Hall<\/strong><\/p>\n\t\t<\/div>\n\t\t\t\t\n<style>\n#col-1359332224 > .col-inner {\n  margin: 0px 0px 15px 0px;\n}\n<\/style>\n\t<\/div>\n\n\t\n<\/div>\n\t\t<\/div>\n\t\t\t\t\t<\/div>\n\n\t\n<\/div>\n<\/div><\/div><\/div>\n\t<div id=\"gap-179758782\" class=\"gap-element clearfix\" style=\"display:block; height:auto;\">\n\t\t\n<style>\n#gap-179758782 {\n  padding-top: 30px;\n}\n<\/style>\n\t<\/div>\n\t\n<h3>Kasutamise \u00fcksikasjad<\/h3>\n<p><strong>Kasutusalad:<\/strong> Tasanduskihi valamiseks niisketes ja kuivades ruumides. Segu on nii k\u00e4sitsi paigaldatav kui ka pumbatav.<\/p>\n<p><strong>Aluspind:<\/strong> 6700 cemplan sobib kasutamiseks betoonil, tasandusvalul ja kergbetoonil. Betoonil ja tasandusvalul on soovitav kihi paksus 1-45mm. Kergbetoonil 5-30mm.<\/p>\n<p><strong>Aluspinna ettevalmistus:<\/strong> Aluspind peab olema kuiv, sidus, puhas rasvast, tolmust jms. Tsemendipiim, lahtised osakesed ja n\u00f5rgad kohad eemaldada ning pind parandada. Kogu pind peab olema tolmuvaba. Rasva, \u00f5li, mustuse jms eemaldamiseks kasutada mira 7110 base cleanerit<\/p>\n<p><strong>Kruntimine:<\/strong> Betoonpinnad kruntida kasutades 1 osa mira 4180 primer lahjendatuna 1-3 osa veega s\u00f5ltuvalt aluspinna poorsusest. Lahjendatud krunt kanda pinnale harjaga ja h\u00f5\u00f5ruda sisse. Mittepoorsed pinnad kruntida 4140 contact primer krundiga. Mitmes kihis valades tuleb ka pind uuesti kruntida.<\/p>\n<p><strong>Kasutamine:<\/strong> 25 kg pulbrit segada 4,75-5,25 l puhta veega. Parima tulemuse saamiseks kasutada segumikserit v\u00f5i pumpa. Segada 2 min. jooksul homogeenseks maasiks.<br \/>\nValguvust saab kontrollida valguvustestiga. Asetada \u00e4\u00e4reni segu t\u00e4is valatud testir\u00f5ngas siledale pinnale, eemaldada r\u00f5ngas, et mass valguks vabalt. Kui segu on valgunud, m\u00f5\u00f5ta diameeter, t\u00e4psem teave tehnilistes andmetes.<br \/>\nSegu on kasutatav 15-20 min jooksul p\u00e4rast valmissegamist temperatuuril 10-20\u00b0C. Segu on isetasanduv, nurkades aidata valgumisele liibiga kaasa.<br \/>\nOlenevalt ruumi temperatuurist ja \u00f5huniiskusest on pind valmis kergemaks koormuseks u. 2 tunni p\u00e4rast. Plaatidega katmine v\u00f5ib alata 6-12 tunni m\u00f6\u00f6dudes. Niisketes ruumides kasutada veet\u00f5kkeks mira 4400 multicoati 12-18 tunni m\u00f6\u00f6dudes.<\/p>\n<p><strong>Ohutus:<\/strong> Toode sisaldab tsementi. Rakendada tsemendik\u00e4itlemise erin\u00f5udeid.<\/p>\n\t\t<\/div>\n\t\t\t\t\t<\/div>\n\n\t\n\n\t<div id=\"col-1148752422\" class=\"col medium-3 small-12 large-3\"  >\n\t\t\t\t<div class=\"col-inner\"  >\n\t\t\t\n\t\t\t\n\t<div id=\"gap-915634652\" class=\"gap-element clearfix\" style=\"display:block; height:auto;\">\n\t\t\n<style>\n#gap-915634652 {\n  padding-top: 30px;\n}\n<\/style>\n\t<\/div>\n\t\n<h3>Tehniline informatsioon<\/h3>\n<p><a href=\"https:\/\/espak.ee\/epood\/wp-content\/uploads\/mira6700_tooteleht.pdf\" target=\"_blank\" rel=\"noopener noreferrer\"><i class=\"far fa-file-pdf\"><\/i> Tehniline info (PDF)<\/a><\/p>\n<h3>Ohutusalane teave<\/h3>\n<p><a href=\"https:\/\/espak.ee\/epood\/wp-content\/uploads\/mira6700_ohutuskaart.pdf\" target=\"_blank\" rel=\"noopener noreferrer\"><i class=\"far fa-file-pdf\"><\/i> Ohutusalane teave (PDF)<\/a><\/p>\n<div class=\"is-divider divider clearfix\" ><\/div>\n<p><strong>\u00dcksikasjalikuma n\u00f5u saamiseks v\u00f5tke \u00fchendust:<br \/><\/strong>Mira Ehitusmaterjalid O\u00dc<br \/>Segu 8<br \/>76505<br \/>Saue<br \/>+372 6790670<\/p>\n<div class=\"is-divider divider clearfix\" ><\/div>\n\t\t<\/div>\n\t\t\t\t\t<\/div>\n\n\t\n<\/div>\n","protected":false},"excerpt":{"rendered":"","protected":false},"featured_media":212507,"comment_status":"closed","ping_status":"closed","template":"","meta":[],"product_brand":[],"product_cat":[2813,2698,2803,2697],"product_tag":[],"class_list":{"0":"post-7667","1":"product","2":"type-product","3":"status-publish","4":"has-post-thumbnail","6":"product_cat-isetasanduvad-segud","7":"product_cat-pahtlid-ja-kuivsegud","8":"product_cat-porandasegud","9":"product_cat-uldehitus","10":"pa_kaubamark-mira-ehitusmaterjalid-ou","12":"first","13":"instock","14":"sale","15":"taxable","16":"shipping-taxable","17":"purchasable","18":"product-type-simple"},"yoast_head":"<!-- This site is optimized with the Yoast SEO plugin v26.9 - https:\/\/yoast.com\/product\/yoast-seo-wordpress\/ -->\n<title>ISEVALGUV TASANDUSSEGU MIRA 6700 CEMPLAN 25KG 1-45 MM - Espak E-pood<\/title>\n<meta name=\"robots\" content=\"index, follow, max-snippet:-1, max-image-preview:large, max-video-preview:-1\" \/>\n<link rel=\"canonical\" href=\"https:\/\/espak.ee\/epood\/toode\/isevalguv-tasandussegu-mira-6700-cemplan-25kg-1-45-mm\/\" \/>\n<meta property=\"og:locale\" content=\"et_EE\" \/>\n<meta property=\"og:type\" content=\"article\" \/>\n<meta property=\"og:title\" content=\"ISEVALGUV TASANDUSSEGU MIRA 6700 CEMPLAN 25KG 1-45 MM - Espak E-pood\" \/>\n<meta property=\"og:url\" content=\"https:\/\/espak.ee\/epood\/toode\/isevalguv-tasandussegu-mira-6700-cemplan-25kg-1-45-mm\/\" \/>\n<meta property=\"og:site_name\" content=\"Espak E-pood\" \/>\n<meta property=\"article:modified_time\" content=\"2024-10-03T05:20:37+00:00\" \/>\n<meta property=\"og:image\" content=\"https:\/\/espak.ee\/epood\/wp-content\/uploads\/2019\/08\/Mira-6700-cemplan-25kg-d22.jpg\" \/>\n\t<meta property=\"og:image:width\" content=\"1024\" \/>\n\t<meta property=\"og:image:height\" content=\"1024\" \/>\n\t<meta property=\"og:image:type\" content=\"image\/jpeg\" \/>\n<meta name=\"twitter:card\" content=\"summary_large_image\" \/>\n<meta name=\"twitter:label1\" content=\"Est. reading time\" \/>\n\t<meta name=\"twitter:data1\" content=\"2 minutit\" \/>\n<script type=\"application\/ld+json\" class=\"yoast-schema-graph\">{\"@context\":\"https:\/\/schema.org\",\"@graph\":[{\"@type\":\"WebPage\",\"@id\":\"https:\/\/espak.ee\/epood\/toode\/isevalguv-tasandussegu-mira-6700-cemplan-25kg-1-45-mm\/\",\"url\":\"https:\/\/espak.ee\/epood\/toode\/isevalguv-tasandussegu-mira-6700-cemplan-25kg-1-45-mm\/\",\"name\":\"ISEVALGUV TASANDUSSEGU MIRA 6700 CEMPLAN 25KG 1-45 MM - Espak E-pood\",\"isPartOf\":{\"@id\":\"https:\/\/espak.ee\/epood\/#website\"},\"primaryImageOfPage\":{\"@id\":\"https:\/\/espak.ee\/epood\/toode\/isevalguv-tasandussegu-mira-6700-cemplan-25kg-1-45-mm\/#primaryimage\"},\"image\":{\"@id\":\"https:\/\/espak.ee\/epood\/toode\/isevalguv-tasandussegu-mira-6700-cemplan-25kg-1-45-mm\/#primaryimage\"},\"thumbnailUrl\":\"https:\/\/espak.ee\/epood\/wp-content\/uploads\/2019\/08\/Mira-6700-cemplan-25kg-d22.jpg\",\"datePublished\":\"2019-08-13T23:20:53+00:00\",\"dateModified\":\"2024-10-03T05:20:37+00:00\",\"breadcrumb\":{\"@id\":\"https:\/\/espak.ee\/epood\/toode\/isevalguv-tasandussegu-mira-6700-cemplan-25kg-1-45-mm\/#breadcrumb\"},\"inLanguage\":\"et\",\"potentialAction\":[{\"@type\":\"ReadAction\",\"target\":[\"https:\/\/espak.ee\/epood\/toode\/isevalguv-tasandussegu-mira-6700-cemplan-25kg-1-45-mm\/\"]}]},{\"@type\":\"ImageObject\",\"inLanguage\":\"et\",\"@id\":\"https:\/\/espak.ee\/epood\/toode\/isevalguv-tasandussegu-mira-6700-cemplan-25kg-1-45-mm\/#primaryimage\",\"url\":\"https:\/\/espak.ee\/epood\/wp-content\/uploads\/2019\/08\/Mira-6700-cemplan-25kg-d22.jpg\",\"contentUrl\":\"https:\/\/espak.ee\/epood\/wp-content\/uploads\/2019\/08\/Mira-6700-cemplan-25kg-d22.jpg\",\"width\":1024,\"height\":1024},{\"@type\":\"BreadcrumbList\",\"@id\":\"https:\/\/espak.ee\/epood\/toode\/isevalguv-tasandussegu-mira-6700-cemplan-25kg-1-45-mm\/#breadcrumb\",\"itemListElement\":[{\"@type\":\"ListItem\",\"position\":1,\"name\":\"Home\",\"item\":\"https:\/\/espak.ee\/epood\/\"},{\"@type\":\"ListItem\",\"position\":2,\"name\":\"Tootevalik\",\"item\":\"https:\/\/espak.ee\/epood\/tootevalik\/\"},{\"@type\":\"ListItem\",\"position\":3,\"name\":\"ISEVALGUV TASANDUSSEGU MIRA 6700 CEMPLAN 25KG 1-45 MM\"}]},{\"@type\":\"WebSite\",\"@id\":\"https:\/\/espak.ee\/epood\/#website\",\"url\":\"https:\/\/espak.ee\/epood\/\",\"name\":\"Espak E-pood\",\"description\":\"\",\"potentialAction\":[{\"@type\":\"SearchAction\",\"target\":{\"@type\":\"EntryPoint\",\"urlTemplate\":\"https:\/\/espak.ee\/epood\/?s={search_term_string}\"},\"query-input\":{\"@type\":\"PropertyValueSpecification\",\"valueRequired\":true,\"valueName\":\"search_term_string\"}}],\"inLanguage\":\"et\"}]}<\/script>\n<!-- \/ Yoast SEO plugin. -->","yoast_head_json":{"title":"ISEVALGUV TASANDUSSEGU MIRA 6700 CEMPLAN 25KG 1-45 MM - Espak E-pood","robots":{"index":"index","follow":"follow","max-snippet":"max-snippet:-1","max-image-preview":"max-image-preview:large","max-video-preview":"max-video-preview:-1"},"canonical":"https:\/\/espak.ee\/epood\/toode\/isevalguv-tasandussegu-mira-6700-cemplan-25kg-1-45-mm\/","og_locale":"et_EE","og_type":"article","og_title":"ISEVALGUV TASANDUSSEGU MIRA 6700 CEMPLAN 25KG 1-45 MM - Espak E-pood","og_url":"https:\/\/espak.ee\/epood\/toode\/isevalguv-tasandussegu-mira-6700-cemplan-25kg-1-45-mm\/","og_site_name":"Espak E-pood","article_modified_time":"2024-10-03T05:20:37+00:00","og_image":[{"width":1024,"height":1024,"url":"https:\/\/espak.ee\/epood\/wp-content\/uploads\/2019\/08\/Mira-6700-cemplan-25kg-d22.jpg","type":"image\/jpeg"}],"twitter_card":"summary_large_image","twitter_misc":{"Est. reading time":"2 minutit"},"schema":{"@context":"https:\/\/schema.org","@graph":[{"@type":"WebPage","@id":"https:\/\/espak.ee\/epood\/toode\/isevalguv-tasandussegu-mira-6700-cemplan-25kg-1-45-mm\/","url":"https:\/\/espak.ee\/epood\/toode\/isevalguv-tasandussegu-mira-6700-cemplan-25kg-1-45-mm\/","name":"ISEVALGUV TASANDUSSEGU MIRA 6700 CEMPLAN 25KG 1-45 MM - Espak E-pood","isPartOf":{"@id":"https:\/\/espak.ee\/epood\/#website"},"primaryImageOfPage":{"@id":"https:\/\/espak.ee\/epood\/toode\/isevalguv-tasandussegu-mira-6700-cemplan-25kg-1-45-mm\/#primaryimage"},"image":{"@id":"https:\/\/espak.ee\/epood\/toode\/isevalguv-tasandussegu-mira-6700-cemplan-25kg-1-45-mm\/#primaryimage"},"thumbnailUrl":"https:\/\/espak.ee\/epood\/wp-content\/uploads\/2019\/08\/Mira-6700-cemplan-25kg-d22.jpg","datePublished":"2019-08-13T23:20:53+00:00","dateModified":"2024-10-03T05:20:37+00:00","breadcrumb":{"@id":"https:\/\/espak.ee\/epood\/toode\/isevalguv-tasandussegu-mira-6700-cemplan-25kg-1-45-mm\/#breadcrumb"},"inLanguage":"et","potentialAction":[{"@type":"ReadAction","target":["https:\/\/espak.ee\/epood\/toode\/isevalguv-tasandussegu-mira-6700-cemplan-25kg-1-45-mm\/"]}]},{"@type":"ImageObject","inLanguage":"et","@id":"https:\/\/espak.ee\/epood\/toode\/isevalguv-tasandussegu-mira-6700-cemplan-25kg-1-45-mm\/#primaryimage","url":"https:\/\/espak.ee\/epood\/wp-content\/uploads\/2019\/08\/Mira-6700-cemplan-25kg-d22.jpg","contentUrl":"https:\/\/espak.ee\/epood\/wp-content\/uploads\/2019\/08\/Mira-6700-cemplan-25kg-d22.jpg","width":1024,"height":1024},{"@type":"BreadcrumbList","@id":"https:\/\/espak.ee\/epood\/toode\/isevalguv-tasandussegu-mira-6700-cemplan-25kg-1-45-mm\/#breadcrumb","itemListElement":[{"@type":"ListItem","position":1,"name":"Home","item":"https:\/\/espak.ee\/epood\/"},{"@type":"ListItem","position":2,"name":"Tootevalik","item":"https:\/\/espak.ee\/epood\/tootevalik\/"},{"@type":"ListItem","position":3,"name":"ISEVALGUV TASANDUSSEGU MIRA 6700 CEMPLAN 25KG 1-45 MM"}]},{"@type":"WebSite","@id":"https:\/\/espak.ee\/epood\/#website","url":"https:\/\/espak.ee\/epood\/","name":"Espak E-pood","description":"","potentialAction":[{"@type":"SearchAction","target":{"@type":"EntryPoint","urlTemplate":"https:\/\/espak.ee\/epood\/?s={search_term_string}"},"query-input":{"@type":"PropertyValueSpecification","valueRequired":true,"valueName":"search_term_string"}}],"inLanguage":"et"}]}},"_links":{"self":[{"href":"https:\/\/espak.ee\/epood\/wp-json\/wp\/v2\/product\/7667","targetHints":{"allow":["GET"]}}],"collection":[{"href":"https:\/\/espak.ee\/epood\/wp-json\/wp\/v2\/product"}],"about":[{"href":"https:\/\/espak.ee\/epood\/wp-json\/wp\/v2\/types\/product"}],"replies":[{"embeddable":true,"href":"https:\/\/espak.ee\/epood\/wp-json\/wp\/v2\/comments?post=7667"}],"wp:featuredmedia":[{"embeddable":true,"href":"https:\/\/espak.ee\/epood\/wp-json\/wp\/v2\/media\/212507"}],"wp:attachment":[{"href":"https:\/\/espak.ee\/epood\/wp-json\/wp\/v2\/media?parent=7667"}],"wp:term":[{"taxonomy":"product_brand","embeddable":true,"href":"https:\/\/espak.ee\/epood\/wp-json\/wp\/v2\/product_brand?post=7667"},{"taxonomy":"product_cat","embeddable":true,"href":"https:\/\/espak.ee\/epood\/wp-json\/wp\/v2\/product_cat?post=7667"},{"taxonomy":"product_tag","embeddable":true,"href":"https:\/\/espak.ee\/epood\/wp-json\/wp\/v2\/product_tag?post=7667"}],"curies":[{"name":"wp","href":"https:\/\/api.w.org\/{rel}","templated":true}]}}