{"id":7663,"date":"2019-08-14T02:20:53","date_gmt":"2019-08-13T23:20:53","guid":{"rendered":"https:\/\/espak.ee\/hinnakiri\/?post_type=product&#038;p=7663"},"modified":"2024-10-03T08:19:11","modified_gmt":"2024-10-03T05:19:11","slug":"veetokkemort-mira-4650-aqua-stop-flexibel-125kg","status":"publish","type":"product","link":"https:\/\/espak.ee\/epood\/toode\/veetokkemort-mira-4650-aqua-stop-flexibel-125kg\/","title":{"rendered":"VEET\u00d5KKEM\u00d6RT MIRA 4650 AQUA-STOP FLEXIBEL 12,5KG"},"content":{"rendered":"<div class=\"row\"  id=\"row-96218573\">\n\n\t<div id=\"col-213154470\" class=\"col medium-9 small-12 large-9\"  >\n\t\t\t\t<div class=\"col-inner\"  >\n\t\t\t\n\t\t\t\n<h2>Veet\u00f5kkem\u00f6rt betooni ja m\u00fc\u00fcritise kaitseks.<\/h2>\n<p>1-komponente tsementalusel elastne veet\u00f5kkem\u00f6rt terrassidele, basseinidele, r\u00f5dudele jms pindadele. Mira 4650 aqua-stop flexible sobib kasutamiseks t\u00f6\u00f6stusruumides, toiduainet\u00f6\u00f6stuses, suurk\u00f6\u00f6kides, betoonil jms aluspinnal.<\/p>\n<div class=\"message-box relative\" style=\"padding-top:15px;padding-bottom:15px;\"><div class=\"message-box-bg-image bg-fill fill\" ><\/div><div class=\"message-box-bg-overlay bg-fill fill\" ><\/div><div class=\"container relative\"><div class=\"inner last-reset\">\n<div class=\"row align-middle align-center\"  id=\"row-758444\">\n\n\t<div id=\"col-313817847\" class=\"col small-12 large-12\"  >\n\t\t\t\t<div class=\"col-inner text-left\"  >\n\t\t\t\n\t\t\t\n<h4>Omadused<\/h4>\n<div class=\"row\"  id=\"row-1369181497\">\n\n\t<div id=\"col-1896913347\" class=\"col medium-6 small-12 large-6\"  >\n\t\t\t\t<div class=\"col-inner\"  >\n\t\t\t\n\t\t\t\n<p><i class=\"fa fa-fill fa-2x\"><\/i> <strong>Tsemendi baasil<\/strong><\/p>\n<p><i class=\"fa fa-snowflake fa-2x\"><\/i> <strong>Niiskus- ja k\u00fclmakindel<\/strong><\/p>\n\t\t<\/div>\n\t\t\t\t\n<style>\n#col-1896913347 > .col-inner {\n  margin: 0px 0px 15px 0px;\n}\n<\/style>\n\t<\/div>\n\n\t\n\n\t<div id=\"col-1086953857\" class=\"col medium-6 small-12 large-6\"  >\n\t\t\t\t<div class=\"col-inner\"  >\n\t\t\t\n\t\t\t\n<p><i class=\"fa fa-hand-paper fa-2x\"><\/i> <strong>Lihtne kasutada<\/strong><\/p>\n<p><i class=\"fa fa-tint fa-2x\"><\/i> <strong>Veeauru l\u00e4bilaskev<\/strong><\/p>\n\t\t<\/div>\n\t\t\t\t\n<style>\n#col-1086953857 > .col-inner {\n  margin: 0px 0px 15px 0px;\n}\n<\/style>\n\t<\/div>\n\n\t\n<\/div>\n\t\t<\/div>\n\t\t\t\t\t<\/div>\n\n\t\n<\/div>\n<\/div><\/div><\/div>\n\t<div id=\"gap-641012206\" class=\"gap-element clearfix\" style=\"display:block; height:auto;\">\n\t\t\n<style>\n#gap-641012206 {\n  padding-top: 30px;\n}\n<\/style>\n\t<\/div>\n\t\n<h3>Kasutamise \u00fcksikasjad<\/h3>\n<p><strong>Kasutusalad:<\/strong> Veet\u00f5kkem\u00f6rt, kasutamiseks keraamiliste plaatide ja fassaadikrohvi all. V\u00e4hese koormusega pindadel v\u00f5ib pinna j\u00e4tta ka katmata. Sobib kasutamiseks avalikes pesuruumides, basseinides, terrassidel ja r\u00f5dudel, suurk\u00f6\u00f6kides jms. K\u00f5lblik ka betoonpindade, nagu soklid, fassaadid, korstnad jms kaitseks.<\/p>\n<p><strong>Aluspind:<\/strong> Betoon, krohv vms mineraalsel sideainel pindadele.<\/p>\n<p><strong>Aluspinna ettevalmistus:<\/strong>Aluspind peab olema tugev ja vaba lahtistest osakestest. Ebatasasused, praod jms tuleb remontida veekindla m\u00f6rdiga. T\u00f6\u00f6deldav pind peab olema puhas mustusest, \u00f5list, rasvast jms. K\u00f5ik v\u00e4rvi-, liimij\u00e4\u00e4gid tuleb eemaldada, imavad pinnad tuleb eelnevalt niisutada veega (v\u00e4ltida liigset vett).<br \/>\n\u00dcleminekud, nurgad, \u00fchendusvuugid jms deformatsiooniriskiga kohad tuleb tugevdada, kasutades iseliimuvat tihenduslinti mira seal band. V\u00e4iksemad praod ja deformatsioonid (alla 0,75 mm) sildab veet\u00f5kkem\u00f6rt. Basseini betoonkeha peab olema piisavalt tugev ja tihe, et seda ei ole vaja t\u00e4iendavalt tihenduslindiga tugevdada.<\/p>\n<p><strong>Kasutamine:<\/strong> 12,5 kg pulbrit segada 2,7-2,9 liitri puhta veega. Segada spiraalmikseriga v\u00e4hemalt 2 minutit, kuni segu on<br \/>\nkuivade t\u00fckkideta homogeenne m\u00f6rt. Kanda aluspinnale l\u00fchikese karvaga rulli v\u00f5i pintsliga. M\u00f6rti saab aluspinnale kanda ka krohvipritsiga. Pinnale tuleb kanda v\u00e4hemalt 2 kihti, kulu 1-1,25 kg kihi kohta. Enne uue kihi paigaldust peab eelmine kiht olema kuivanud. Suurema veekoormusega aladel, nagu basseinid jms tuleb pinnale kanda 3 kihti. Sama soovitame, kui pind j\u00e4etakse katmata.<\/p>\n<p><strong>Ohutus:<\/strong> Toode sisaldab tsementi, j\u00e4rgige tsemendiga t\u00f6\u00f6tamise ohutusn\u00f5udeid.<\/p>\n\t\t<\/div>\n\t\t\t\t\t<\/div>\n\n\t\n\n\t<div id=\"col-1315332562\" class=\"col medium-3 small-12 large-3\"  >\n\t\t\t\t<div class=\"col-inner\"  >\n\t\t\t\n\t\t\t\n\t<div id=\"gap-1539659180\" class=\"gap-element clearfix\" style=\"display:block; height:auto;\">\n\t\t\n<style>\n#gap-1539659180 {\n  padding-top: 30px;\n}\n<\/style>\n\t<\/div>\n\t\n<h3>Tehniline informatsioon<\/h3>\n<p><a href=\"https:\/\/espak.ee\/epood\/wp-content\/uploads\/mira4650_tooteleht.pdf\" target=\"_blank\" rel=\"noopener noreferrer\"><i class=\"far fa-file-pdf\"><\/i> Tehniline info (PDF)<\/a><\/p>\n<h3>Ohutusalane teave<\/h3>\n<p><a href=\"https:\/\/espak.ee\/epood\/wp-content\/uploads\/mira4650_ohutuskaart.pdf\" target=\"_blank\" rel=\"noopener noreferrer\"><i class=\"far fa-file-pdf\"><\/i> Ohutusalane teave (PDF)<\/a><\/p>\n<div class=\"is-divider divider clearfix\" ><\/div>\n<p><strong>\u00dcksikasjalikuma n\u00f5u saamiseks v\u00f5tke \u00fchendust:<br \/><\/strong>Mira Ehitusmaterjalid O\u00dc<br \/>Segu 8<br \/>76505<br \/>Saue<br \/>+372 6790670<\/p>\n<div class=\"is-divider divider clearfix\" ><\/div>\n\t\t<\/div>\n\t\t\t\t\t<\/div>\n\n\t\n<\/div>\n","protected":false},"excerpt":{"rendered":"","protected":false},"featured_media":212505,"comment_status":"closed","ping_status":"closed","template":"","meta":[],"product_brand":[],"product_cat":[2809,2698,2803,2697],"product_tag":[],"class_list":{"0":"post-7663","1":"product","2":"type-product","3":"status-publish","4":"has-post-thumbnail","6":"product_cat-erisegud","7":"product_cat-pahtlid-ja-kuivsegud","8":"product_cat-porandasegud","9":"product_cat-uldehitus","10":"pa_kaubamark-mira-ehitusmaterjalid-ou","12":"first","13":"instock","14":"sale","15":"taxable","16":"shipping-taxable","17":"purchasable","18":"product-type-simple"},"yoast_head":"<!-- This site is optimized with the Yoast SEO plugin v26.9 - https:\/\/yoast.com\/product\/yoast-seo-wordpress\/ -->\n<title>VEET\u00d5KKEM\u00d6RT MIRA 4650 AQUA-STOP FLEXIBEL 12,5KG - Espak E-pood<\/title>\n<meta name=\"robots\" content=\"index, follow, max-snippet:-1, max-image-preview:large, max-video-preview:-1\" \/>\n<link rel=\"canonical\" href=\"https:\/\/espak.ee\/epood\/toode\/veetokkemort-mira-4650-aqua-stop-flexibel-125kg\/\" \/>\n<meta property=\"og:locale\" content=\"et_EE\" \/>\n<meta property=\"og:type\" content=\"article\" \/>\n<meta property=\"og:title\" content=\"VEET\u00d5KKEM\u00d6RT MIRA 4650 AQUA-STOP FLEXIBEL 12,5KG - Espak E-pood\" \/>\n<meta property=\"og:url\" content=\"https:\/\/espak.ee\/epood\/toode\/veetokkemort-mira-4650-aqua-stop-flexibel-125kg\/\" \/>\n<meta property=\"og:site_name\" content=\"Espak E-pood\" \/>\n<meta property=\"article:modified_time\" content=\"2024-10-03T05:19:11+00:00\" \/>\n<meta property=\"og:image\" content=\"https:\/\/espak.ee\/epood\/wp-content\/uploads\/2019\/08\/Mira-4650-aqua-stop-flexibel-125kg-d22.jpg\" \/>\n\t<meta property=\"og:image:width\" content=\"1024\" \/>\n\t<meta property=\"og:image:height\" content=\"1024\" \/>\n\t<meta property=\"og:image:type\" content=\"image\/jpeg\" \/>\n<meta name=\"twitter:card\" content=\"summary_large_image\" \/>\n<meta name=\"twitter:label1\" content=\"Est. reading time\" \/>\n\t<meta name=\"twitter:data1\" content=\"2 minutit\" \/>\n<script type=\"application\/ld+json\" class=\"yoast-schema-graph\">{\"@context\":\"https:\/\/schema.org\",\"@graph\":[{\"@type\":\"WebPage\",\"@id\":\"https:\/\/espak.ee\/epood\/toode\/veetokkemort-mira-4650-aqua-stop-flexibel-125kg\/\",\"url\":\"https:\/\/espak.ee\/epood\/toode\/veetokkemort-mira-4650-aqua-stop-flexibel-125kg\/\",\"name\":\"VEET\u00d5KKEM\u00d6RT MIRA 4650 AQUA-STOP FLEXIBEL 12,5KG - Espak E-pood\",\"isPartOf\":{\"@id\":\"https:\/\/espak.ee\/epood\/#website\"},\"primaryImageOfPage\":{\"@id\":\"https:\/\/espak.ee\/epood\/toode\/veetokkemort-mira-4650-aqua-stop-flexibel-125kg\/#primaryimage\"},\"image\":{\"@id\":\"https:\/\/espak.ee\/epood\/toode\/veetokkemort-mira-4650-aqua-stop-flexibel-125kg\/#primaryimage\"},\"thumbnailUrl\":\"https:\/\/espak.ee\/epood\/wp-content\/uploads\/2019\/08\/Mira-4650-aqua-stop-flexibel-125kg-d22.jpg\",\"datePublished\":\"2019-08-13T23:20:53+00:00\",\"dateModified\":\"2024-10-03T05:19:11+00:00\",\"breadcrumb\":{\"@id\":\"https:\/\/espak.ee\/epood\/toode\/veetokkemort-mira-4650-aqua-stop-flexibel-125kg\/#breadcrumb\"},\"inLanguage\":\"et\",\"potentialAction\":[{\"@type\":\"ReadAction\",\"target\":[\"https:\/\/espak.ee\/epood\/toode\/veetokkemort-mira-4650-aqua-stop-flexibel-125kg\/\"]}]},{\"@type\":\"ImageObject\",\"inLanguage\":\"et\",\"@id\":\"https:\/\/espak.ee\/epood\/toode\/veetokkemort-mira-4650-aqua-stop-flexibel-125kg\/#primaryimage\",\"url\":\"https:\/\/espak.ee\/epood\/wp-content\/uploads\/2019\/08\/Mira-4650-aqua-stop-flexibel-125kg-d22.jpg\",\"contentUrl\":\"https:\/\/espak.ee\/epood\/wp-content\/uploads\/2019\/08\/Mira-4650-aqua-stop-flexibel-125kg-d22.jpg\",\"width\":1024,\"height\":1024},{\"@type\":\"BreadcrumbList\",\"@id\":\"https:\/\/espak.ee\/epood\/toode\/veetokkemort-mira-4650-aqua-stop-flexibel-125kg\/#breadcrumb\",\"itemListElement\":[{\"@type\":\"ListItem\",\"position\":1,\"name\":\"Home\",\"item\":\"https:\/\/espak.ee\/epood\/\"},{\"@type\":\"ListItem\",\"position\":2,\"name\":\"Tootevalik\",\"item\":\"https:\/\/espak.ee\/epood\/tootevalik\/\"},{\"@type\":\"ListItem\",\"position\":3,\"name\":\"VEET\u00d5KKEM\u00d6RT MIRA 4650 AQUA-STOP FLEXIBEL 12,5KG\"}]},{\"@type\":\"WebSite\",\"@id\":\"https:\/\/espak.ee\/epood\/#website\",\"url\":\"https:\/\/espak.ee\/epood\/\",\"name\":\"Espak E-pood\",\"description\":\"\",\"potentialAction\":[{\"@type\":\"SearchAction\",\"target\":{\"@type\":\"EntryPoint\",\"urlTemplate\":\"https:\/\/espak.ee\/epood\/?s={search_term_string}\"},\"query-input\":{\"@type\":\"PropertyValueSpecification\",\"valueRequired\":true,\"valueName\":\"search_term_string\"}}],\"inLanguage\":\"et\"}]}<\/script>\n<!-- \/ Yoast SEO plugin. -->","yoast_head_json":{"title":"VEET\u00d5KKEM\u00d6RT MIRA 4650 AQUA-STOP FLEXIBEL 12,5KG - Espak E-pood","robots":{"index":"index","follow":"follow","max-snippet":"max-snippet:-1","max-image-preview":"max-image-preview:large","max-video-preview":"max-video-preview:-1"},"canonical":"https:\/\/espak.ee\/epood\/toode\/veetokkemort-mira-4650-aqua-stop-flexibel-125kg\/","og_locale":"et_EE","og_type":"article","og_title":"VEET\u00d5KKEM\u00d6RT MIRA 4650 AQUA-STOP FLEXIBEL 12,5KG - Espak E-pood","og_url":"https:\/\/espak.ee\/epood\/toode\/veetokkemort-mira-4650-aqua-stop-flexibel-125kg\/","og_site_name":"Espak E-pood","article_modified_time":"2024-10-03T05:19:11+00:00","og_image":[{"width":1024,"height":1024,"url":"https:\/\/espak.ee\/epood\/wp-content\/uploads\/2019\/08\/Mira-4650-aqua-stop-flexibel-125kg-d22.jpg","type":"image\/jpeg"}],"twitter_card":"summary_large_image","twitter_misc":{"Est. reading time":"2 minutit"},"schema":{"@context":"https:\/\/schema.org","@graph":[{"@type":"WebPage","@id":"https:\/\/espak.ee\/epood\/toode\/veetokkemort-mira-4650-aqua-stop-flexibel-125kg\/","url":"https:\/\/espak.ee\/epood\/toode\/veetokkemort-mira-4650-aqua-stop-flexibel-125kg\/","name":"VEET\u00d5KKEM\u00d6RT MIRA 4650 AQUA-STOP FLEXIBEL 12,5KG - Espak E-pood","isPartOf":{"@id":"https:\/\/espak.ee\/epood\/#website"},"primaryImageOfPage":{"@id":"https:\/\/espak.ee\/epood\/toode\/veetokkemort-mira-4650-aqua-stop-flexibel-125kg\/#primaryimage"},"image":{"@id":"https:\/\/espak.ee\/epood\/toode\/veetokkemort-mira-4650-aqua-stop-flexibel-125kg\/#primaryimage"},"thumbnailUrl":"https:\/\/espak.ee\/epood\/wp-content\/uploads\/2019\/08\/Mira-4650-aqua-stop-flexibel-125kg-d22.jpg","datePublished":"2019-08-13T23:20:53+00:00","dateModified":"2024-10-03T05:19:11+00:00","breadcrumb":{"@id":"https:\/\/espak.ee\/epood\/toode\/veetokkemort-mira-4650-aqua-stop-flexibel-125kg\/#breadcrumb"},"inLanguage":"et","potentialAction":[{"@type":"ReadAction","target":["https:\/\/espak.ee\/epood\/toode\/veetokkemort-mira-4650-aqua-stop-flexibel-125kg\/"]}]},{"@type":"ImageObject","inLanguage":"et","@id":"https:\/\/espak.ee\/epood\/toode\/veetokkemort-mira-4650-aqua-stop-flexibel-125kg\/#primaryimage","url":"https:\/\/espak.ee\/epood\/wp-content\/uploads\/2019\/08\/Mira-4650-aqua-stop-flexibel-125kg-d22.jpg","contentUrl":"https:\/\/espak.ee\/epood\/wp-content\/uploads\/2019\/08\/Mira-4650-aqua-stop-flexibel-125kg-d22.jpg","width":1024,"height":1024},{"@type":"BreadcrumbList","@id":"https:\/\/espak.ee\/epood\/toode\/veetokkemort-mira-4650-aqua-stop-flexibel-125kg\/#breadcrumb","itemListElement":[{"@type":"ListItem","position":1,"name":"Home","item":"https:\/\/espak.ee\/epood\/"},{"@type":"ListItem","position":2,"name":"Tootevalik","item":"https:\/\/espak.ee\/epood\/tootevalik\/"},{"@type":"ListItem","position":3,"name":"VEET\u00d5KKEM\u00d6RT MIRA 4650 AQUA-STOP FLEXIBEL 12,5KG"}]},{"@type":"WebSite","@id":"https:\/\/espak.ee\/epood\/#website","url":"https:\/\/espak.ee\/epood\/","name":"Espak E-pood","description":"","potentialAction":[{"@type":"SearchAction","target":{"@type":"EntryPoint","urlTemplate":"https:\/\/espak.ee\/epood\/?s={search_term_string}"},"query-input":{"@type":"PropertyValueSpecification","valueRequired":true,"valueName":"search_term_string"}}],"inLanguage":"et"}]}},"_links":{"self":[{"href":"https:\/\/espak.ee\/epood\/wp-json\/wp\/v2\/product\/7663","targetHints":{"allow":["GET"]}}],"collection":[{"href":"https:\/\/espak.ee\/epood\/wp-json\/wp\/v2\/product"}],"about":[{"href":"https:\/\/espak.ee\/epood\/wp-json\/wp\/v2\/types\/product"}],"replies":[{"embeddable":true,"href":"https:\/\/espak.ee\/epood\/wp-json\/wp\/v2\/comments?post=7663"}],"wp:featuredmedia":[{"embeddable":true,"href":"https:\/\/espak.ee\/epood\/wp-json\/wp\/v2\/media\/212505"}],"wp:attachment":[{"href":"https:\/\/espak.ee\/epood\/wp-json\/wp\/v2\/media?parent=7663"}],"wp:term":[{"taxonomy":"product_brand","embeddable":true,"href":"https:\/\/espak.ee\/epood\/wp-json\/wp\/v2\/product_brand?post=7663"},{"taxonomy":"product_cat","embeddable":true,"href":"https:\/\/espak.ee\/epood\/wp-json\/wp\/v2\/product_cat?post=7663"},{"taxonomy":"product_tag","embeddable":true,"href":"https:\/\/espak.ee\/epood\/wp-json\/wp\/v2\/product_tag?post=7663"}],"curies":[{"name":"wp","href":"https:\/\/api.w.org\/{rel}","templated":true}]}}