{"id":7636,"date":"2019-08-14T02:20:36","date_gmt":"2019-08-13T23:20:36","guid":{"rendered":"https:\/\/espak.ee\/hinnakiri\/?post_type=product&#038;p=7636"},"modified":"2025-02-16T22:29:05","modified_gmt":"2025-02-16T20:29:05","slug":"elastne-plaatimissegu-mira-3110-unifix-valge-25kg","status":"publish","type":"product","link":"https:\/\/espak.ee\/epood\/toode\/elastne-plaatimissegu-mira-3110-unifix-valge-25kg\/","title":{"rendered":"ELASTNE PLAATIMISSEGU MIRA 3110 UNIFIX VALGE 25KG"},"content":{"rendered":"<div class=\"row\"  id=\"row-153773972\">\n\n\t<div id=\"col-1297795732\" class=\"col medium-9 small-12 large-9\"  >\n\t\t\t\t<div class=\"col-inner\"  >\n\t\t\t\n\t\t\t\n<h2>Elastne parandatud nakkega plaatimissegu.<\/h2>\n<p>Valge, tsemendi baasil, pol\u00fcmeeridega tugevdatud plaadiliim p\u00f5randatele ja seintele, sise- ja v\u00e4listingimustes, kuivades ja niisketes ruumides stabiilsel aluspinnal. 3110 unifix on eriti sobiv absorbeeruvate plaatide paigaldamiseks stabiilsetele, minimaalse deformatsiooniga aluspindadele. 3110 unifix on kuivsegu, mis on peale veega segamist valmis kasutamiseks.<\/p>\n<div class=\"message-box relative\" style=\"padding-top:15px;padding-bottom:15px;\"><div class=\"message-box-bg-image bg-fill fill\" ><\/div><div class=\"message-box-bg-overlay bg-fill fill\" ><\/div><div class=\"container relative\"><div class=\"inner last-reset\">\n<div class=\"row align-middle align-center\"  id=\"row-502999838\">\n\n\t<div id=\"col-1636357802\" class=\"col small-12 large-12\"  >\n\t\t\t\t<div class=\"col-inner text-left\"  >\n\t\t\t\n\t\t\t\n<h4>Omadused<\/h4>\n<div class=\"row\"  id=\"row-1742264980\">\n\n\t<div id=\"col-1478949370\" class=\"col medium-6 small-12 large-6\"  >\n\t\t\t\t<div class=\"col-inner\"  >\n\t\t\t\n\t\t\t\n<p><i class=\"fa fa-fill fa-2x\"><\/i> <strong>Valge tsemendi baasil<\/strong><\/p>\n<p><i class=\"fa fa-water fa-2x\"><\/i> <strong>Vee- ja k\u00fclmakindel<\/strong><\/p>\n\t\t<\/div>\n\t\t\t\t\n<style>\n#col-1478949370 > .col-inner {\n  margin: 0px 0px 15px 0px;\n}\n<\/style>\n\t<\/div>\n\n\t\n\n\t<div id=\"col-701103481\" class=\"col medium-6 small-12 large-6\"  >\n\t\t\t\t<div class=\"col-inner\"  >\n\t\t\t\n\t\t\t\n<p><i class=\"fa fa-clock-four fa-2x\"><\/i> <strong>Pikk t\u00f6\u00f6aeg<\/strong><\/p>\n<p><i class=\"fa fa-leaf fa-2x\"><\/i> <strong>Sobib ka looduskividele<\/strong><\/p>\n\t\t<\/div>\n\t\t\t\t\n<style>\n#col-701103481 > .col-inner {\n  margin: 0px 0px 15px 0px;\n}\n<\/style>\n\t<\/div>\n\n\t\n<\/div>\n\t\t<\/div>\n\t\t\t\t\t<\/div>\n\n\t\n<\/div>\n<\/div><\/div><\/div>\n\t<div id=\"gap-2129200641\" class=\"gap-element clearfix\" style=\"display:block; height:auto;\">\n\t\t\n<style>\n#gap-2129200641 {\n  padding-top: 30px;\n}\n<\/style>\n\t<\/div>\n\t\n<h3>Kasutamise \u00fcksikasjad<\/h3>\n<p><strong>Kasutusalad:<\/strong> Igat t\u00fc\u00fcpi keraamiliste, klinkerplaatide ja looduskivide paigaldamiseks sise-ja v\u00e4listingimustes, kuivades ja niisketes ruumides. Sobib ka k\u00f6etavatele p\u00f5randatele.<\/p>\n<p><strong>Aluspinna t\u00fc\u00fcp:<\/strong> Stabiilsed, minimaalse deformatsiooniga seinad ja p\u00f5randad nagu krohvitud tellised, kiviseinad, kipslaadid, betoonelemendid ja kergbetoonelemendid minimaalse mahuk\u00f5ikuvusega.<\/p>\n<p><strong>Aluspinna ettevalmistus:<\/strong> Aluspind peab olema kandev, stabiilne, pragudeta, puhas tolmust, rasvast ja tsemendipiimast. Pind peab olema nii kuiv, et mira 4180 primer imendub. Absorbeeruvad pinnad kruntida 4180 primeriga ja niisked ruumid teha veekindlaks vastavalt ETAG 022 reeglitele ja mira juhendile.<\/p>\n<p><strong>Kasutamine:<\/strong> 25 kg pulbrit segada 6,25-7 l puhta veega homogeenseks masssiks ning segu on valmis kasutamiseks. Parima tulemuse saamiseks segada segumikseriga. Pulber, vesi ja aluspind peavad olema soovitusliku t\u00f6\u00f6temperatuuri piires. Plaatimissegu tuleb kasutada 6 tunni jooksul p\u00e4rast valmissegamist. Ei ole soovitav kanda segu suurematele pindadele, kui j\u00f5utakse plaatidega katta enne kooriku tekkimist.<br \/>\n3110 unifix laotada pinnale segukammi sirge servaga, seej\u00e4rel kammida l\u00e4bi hambulise servaga. Segukamm valida vastavalt plaadile. Plaadid suruda m\u00e4rga segusse. Kontrollida, et plaadi tagak\u00fclg oleks seguga t\u00e4ielikult kaetud.<br \/>\nSuuremad pinnad kui 36m\u00b2 v\u00f5i k\u00fcljega pikemad kui 8m jaotatakse tavaliselt eraldi t\u00f6\u00f6tavateks osadeks l\u00e4bi kogu konstruktsiooni.<br \/>\nS\u00f5ltuvalt plaatide imavusest ja ruumi temperatuurist on pind valmis edasiseks t\u00f6\u00f6tluseks umbes 10 tunni p\u00e4rast seintel ja 18 tunni p\u00e4rast p\u00f5randatel.<\/p>\n<p><strong>Ohutus:<\/strong> Toode sisaldab tsementi, j\u00e4rgige tsemendiga t\u00f6\u00f6tamise ohutusn\u00f5udeid.<\/p>\n\t\t<\/div>\n\t\t\t\t\t<\/div>\n\n\t\n\n\t<div id=\"col-336570980\" class=\"col medium-3 small-12 large-3\"  >\n\t\t\t\t<div class=\"col-inner\"  >\n\t\t\t\n\t\t\t\n\t<div id=\"gap-2059402063\" class=\"gap-element clearfix\" style=\"display:block; height:auto;\">\n\t\t\n<style>\n#gap-2059402063 {\n  padding-top: 30px;\n}\n<\/style>\n\t<\/div>\n\t\n<h3>Tehniline informatsioon<\/h3>\n<p><a href=\"https:\/\/espak.ee\/epood\/wp-content\/uploads\/3110_tooteleht.pdf\" target=\"_blank\" rel=\"noopener noreferrer\"><i class=\"far fa-file-pdf\"><\/i> Tehniline info (PDF)<\/a><\/p>\n<h3>Ohutusalane teave<\/h3>\n<p><a href=\"https:\/\/espak.ee\/epood\/wp-content\/uploads\/3110_ohutuskaart.pdf\" target=\"_blank\" rel=\"noopener noreferrer\"><i class=\"far fa-file-pdf\"><\/i> Ohutusalane teave (PDF)<\/a><\/p>\n<div class=\"is-divider divider clearfix\" ><\/div>\n<p><strong>\u00dcksikasjalikuma n\u00f5u saamiseks v\u00f5tke \u00fchendust:<br \/><\/strong>Mira Ehitusmaterjalid O\u00dc<br \/>Segu 8<br \/>76505<br \/>Saue<br \/>+372 6790670<\/p>\n<div class=\"is-divider divider clearfix\" ><\/div>\n\t\t<\/div>\n\t\t\t\t\t<\/div>\n\n\t\n<\/div>\n","protected":false},"excerpt":{"rendered":"","protected":false},"featured_media":212493,"comment_status":"closed","ping_status":"closed","template":"","meta":[],"product_brand":[],"product_cat":[2698,2806,2805,2697],"product_tag":[],"class_list":{"0":"post-7636","1":"product","2":"type-product","3":"status-publish","4":"has-post-thumbnail","6":"product_cat-pahtlid-ja-kuivsegud","7":"product_cat-plaadiliimid","8":"product_cat-plaatimissegud","9":"product_cat-uldehitus","10":"pa_kaubamark-mira-ehitusmaterjalid-ou","12":"first","13":"instock","14":"sale","15":"taxable","16":"shipping-taxable","17":"purchasable","18":"product-type-simple"},"yoast_head":"<!-- This site is optimized with the Yoast SEO plugin v26.9 - https:\/\/yoast.com\/product\/yoast-seo-wordpress\/ -->\n<title>ELASTNE PLAATIMISSEGU MIRA 3110 UNIFIX VALGE 25KG - Espak E-pood<\/title>\n<meta name=\"robots\" content=\"index, follow, max-snippet:-1, max-image-preview:large, max-video-preview:-1\" \/>\n<link rel=\"canonical\" href=\"https:\/\/espak.ee\/epood\/toode\/elastne-plaatimissegu-mira-3110-unifix-valge-25kg\/\" \/>\n<meta property=\"og:locale\" content=\"et_EE\" \/>\n<meta property=\"og:type\" content=\"article\" \/>\n<meta property=\"og:title\" content=\"ELASTNE PLAATIMISSEGU MIRA 3110 UNIFIX VALGE 25KG - Espak E-pood\" \/>\n<meta property=\"og:url\" content=\"https:\/\/espak.ee\/epood\/toode\/elastne-plaatimissegu-mira-3110-unifix-valge-25kg\/\" \/>\n<meta property=\"og:site_name\" content=\"Espak E-pood\" \/>\n<meta property=\"article:modified_time\" content=\"2025-02-16T20:29:05+00:00\" \/>\n<meta property=\"og:image\" content=\"https:\/\/espak.ee\/epood\/wp-content\/uploads\/2019\/08\/Mira-3110-unifix-25kg-d22.jpg\" \/>\n\t<meta property=\"og:image:width\" content=\"1024\" \/>\n\t<meta property=\"og:image:height\" content=\"1024\" \/>\n\t<meta property=\"og:image:type\" content=\"image\/jpeg\" \/>\n<meta name=\"twitter:card\" content=\"summary_large_image\" \/>\n<meta name=\"twitter:label1\" content=\"Est. reading time\" \/>\n\t<meta name=\"twitter:data1\" content=\"2 minutit\" \/>\n<script type=\"application\/ld+json\" class=\"yoast-schema-graph\">{\"@context\":\"https:\/\/schema.org\",\"@graph\":[{\"@type\":\"WebPage\",\"@id\":\"https:\/\/espak.ee\/epood\/toode\/elastne-plaatimissegu-mira-3110-unifix-valge-25kg\/\",\"url\":\"https:\/\/espak.ee\/epood\/toode\/elastne-plaatimissegu-mira-3110-unifix-valge-25kg\/\",\"name\":\"ELASTNE PLAATIMISSEGU MIRA 3110 UNIFIX VALGE 25KG - Espak E-pood\",\"isPartOf\":{\"@id\":\"https:\/\/espak.ee\/epood\/#website\"},\"primaryImageOfPage\":{\"@id\":\"https:\/\/espak.ee\/epood\/toode\/elastne-plaatimissegu-mira-3110-unifix-valge-25kg\/#primaryimage\"},\"image\":{\"@id\":\"https:\/\/espak.ee\/epood\/toode\/elastne-plaatimissegu-mira-3110-unifix-valge-25kg\/#primaryimage\"},\"thumbnailUrl\":\"https:\/\/espak.ee\/epood\/wp-content\/uploads\/2019\/08\/Mira-3110-unifix-25kg-d22.jpg\",\"datePublished\":\"2019-08-13T23:20:36+00:00\",\"dateModified\":\"2025-02-16T20:29:05+00:00\",\"breadcrumb\":{\"@id\":\"https:\/\/espak.ee\/epood\/toode\/elastne-plaatimissegu-mira-3110-unifix-valge-25kg\/#breadcrumb\"},\"inLanguage\":\"et\",\"potentialAction\":[{\"@type\":\"ReadAction\",\"target\":[\"https:\/\/espak.ee\/epood\/toode\/elastne-plaatimissegu-mira-3110-unifix-valge-25kg\/\"]}]},{\"@type\":\"ImageObject\",\"inLanguage\":\"et\",\"@id\":\"https:\/\/espak.ee\/epood\/toode\/elastne-plaatimissegu-mira-3110-unifix-valge-25kg\/#primaryimage\",\"url\":\"https:\/\/espak.ee\/epood\/wp-content\/uploads\/2019\/08\/Mira-3110-unifix-25kg-d22.jpg\",\"contentUrl\":\"https:\/\/espak.ee\/epood\/wp-content\/uploads\/2019\/08\/Mira-3110-unifix-25kg-d22.jpg\",\"width\":1024,\"height\":1024},{\"@type\":\"BreadcrumbList\",\"@id\":\"https:\/\/espak.ee\/epood\/toode\/elastne-plaatimissegu-mira-3110-unifix-valge-25kg\/#breadcrumb\",\"itemListElement\":[{\"@type\":\"ListItem\",\"position\":1,\"name\":\"Home\",\"item\":\"https:\/\/espak.ee\/epood\/\"},{\"@type\":\"ListItem\",\"position\":2,\"name\":\"Tootevalik\",\"item\":\"https:\/\/espak.ee\/epood\/tootevalik\/\"},{\"@type\":\"ListItem\",\"position\":3,\"name\":\"ELASTNE PLAATIMISSEGU MIRA 3110 UNIFIX VALGE 25KG\"}]},{\"@type\":\"WebSite\",\"@id\":\"https:\/\/espak.ee\/epood\/#website\",\"url\":\"https:\/\/espak.ee\/epood\/\",\"name\":\"Espak E-pood\",\"description\":\"\",\"potentialAction\":[{\"@type\":\"SearchAction\",\"target\":{\"@type\":\"EntryPoint\",\"urlTemplate\":\"https:\/\/espak.ee\/epood\/?s={search_term_string}\"},\"query-input\":{\"@type\":\"PropertyValueSpecification\",\"valueRequired\":true,\"valueName\":\"search_term_string\"}}],\"inLanguage\":\"et\"}]}<\/script>\n<!-- \/ Yoast SEO plugin. -->","yoast_head_json":{"title":"ELASTNE PLAATIMISSEGU MIRA 3110 UNIFIX VALGE 25KG - Espak E-pood","robots":{"index":"index","follow":"follow","max-snippet":"max-snippet:-1","max-image-preview":"max-image-preview:large","max-video-preview":"max-video-preview:-1"},"canonical":"https:\/\/espak.ee\/epood\/toode\/elastne-plaatimissegu-mira-3110-unifix-valge-25kg\/","og_locale":"et_EE","og_type":"article","og_title":"ELASTNE PLAATIMISSEGU MIRA 3110 UNIFIX VALGE 25KG - Espak E-pood","og_url":"https:\/\/espak.ee\/epood\/toode\/elastne-plaatimissegu-mira-3110-unifix-valge-25kg\/","og_site_name":"Espak E-pood","article_modified_time":"2025-02-16T20:29:05+00:00","og_image":[{"width":1024,"height":1024,"url":"https:\/\/espak.ee\/epood\/wp-content\/uploads\/2019\/08\/Mira-3110-unifix-25kg-d22.jpg","type":"image\/jpeg"}],"twitter_card":"summary_large_image","twitter_misc":{"Est. reading time":"2 minutit"},"schema":{"@context":"https:\/\/schema.org","@graph":[{"@type":"WebPage","@id":"https:\/\/espak.ee\/epood\/toode\/elastne-plaatimissegu-mira-3110-unifix-valge-25kg\/","url":"https:\/\/espak.ee\/epood\/toode\/elastne-plaatimissegu-mira-3110-unifix-valge-25kg\/","name":"ELASTNE PLAATIMISSEGU MIRA 3110 UNIFIX VALGE 25KG - Espak E-pood","isPartOf":{"@id":"https:\/\/espak.ee\/epood\/#website"},"primaryImageOfPage":{"@id":"https:\/\/espak.ee\/epood\/toode\/elastne-plaatimissegu-mira-3110-unifix-valge-25kg\/#primaryimage"},"image":{"@id":"https:\/\/espak.ee\/epood\/toode\/elastne-plaatimissegu-mira-3110-unifix-valge-25kg\/#primaryimage"},"thumbnailUrl":"https:\/\/espak.ee\/epood\/wp-content\/uploads\/2019\/08\/Mira-3110-unifix-25kg-d22.jpg","datePublished":"2019-08-13T23:20:36+00:00","dateModified":"2025-02-16T20:29:05+00:00","breadcrumb":{"@id":"https:\/\/espak.ee\/epood\/toode\/elastne-plaatimissegu-mira-3110-unifix-valge-25kg\/#breadcrumb"},"inLanguage":"et","potentialAction":[{"@type":"ReadAction","target":["https:\/\/espak.ee\/epood\/toode\/elastne-plaatimissegu-mira-3110-unifix-valge-25kg\/"]}]},{"@type":"ImageObject","inLanguage":"et","@id":"https:\/\/espak.ee\/epood\/toode\/elastne-plaatimissegu-mira-3110-unifix-valge-25kg\/#primaryimage","url":"https:\/\/espak.ee\/epood\/wp-content\/uploads\/2019\/08\/Mira-3110-unifix-25kg-d22.jpg","contentUrl":"https:\/\/espak.ee\/epood\/wp-content\/uploads\/2019\/08\/Mira-3110-unifix-25kg-d22.jpg","width":1024,"height":1024},{"@type":"BreadcrumbList","@id":"https:\/\/espak.ee\/epood\/toode\/elastne-plaatimissegu-mira-3110-unifix-valge-25kg\/#breadcrumb","itemListElement":[{"@type":"ListItem","position":1,"name":"Home","item":"https:\/\/espak.ee\/epood\/"},{"@type":"ListItem","position":2,"name":"Tootevalik","item":"https:\/\/espak.ee\/epood\/tootevalik\/"},{"@type":"ListItem","position":3,"name":"ELASTNE PLAATIMISSEGU MIRA 3110 UNIFIX VALGE 25KG"}]},{"@type":"WebSite","@id":"https:\/\/espak.ee\/epood\/#website","url":"https:\/\/espak.ee\/epood\/","name":"Espak E-pood","description":"","potentialAction":[{"@type":"SearchAction","target":{"@type":"EntryPoint","urlTemplate":"https:\/\/espak.ee\/epood\/?s={search_term_string}"},"query-input":{"@type":"PropertyValueSpecification","valueRequired":true,"valueName":"search_term_string"}}],"inLanguage":"et"}]}},"_links":{"self":[{"href":"https:\/\/espak.ee\/epood\/wp-json\/wp\/v2\/product\/7636","targetHints":{"allow":["GET"]}}],"collection":[{"href":"https:\/\/espak.ee\/epood\/wp-json\/wp\/v2\/product"}],"about":[{"href":"https:\/\/espak.ee\/epood\/wp-json\/wp\/v2\/types\/product"}],"replies":[{"embeddable":true,"href":"https:\/\/espak.ee\/epood\/wp-json\/wp\/v2\/comments?post=7636"}],"wp:featuredmedia":[{"embeddable":true,"href":"https:\/\/espak.ee\/epood\/wp-json\/wp\/v2\/media\/212493"}],"wp:attachment":[{"href":"https:\/\/espak.ee\/epood\/wp-json\/wp\/v2\/media?parent=7636"}],"wp:term":[{"taxonomy":"product_brand","embeddable":true,"href":"https:\/\/espak.ee\/epood\/wp-json\/wp\/v2\/product_brand?post=7636"},{"taxonomy":"product_cat","embeddable":true,"href":"https:\/\/espak.ee\/epood\/wp-json\/wp\/v2\/product_cat?post=7636"},{"taxonomy":"product_tag","embeddable":true,"href":"https:\/\/espak.ee\/epood\/wp-json\/wp\/v2\/product_tag?post=7636"}],"curies":[{"name":"wp","href":"https:\/\/api.w.org\/{rel}","templated":true}]}}