{"id":75057,"date":"2021-04-06T23:43:52","date_gmt":"2021-04-06T23:43:52","guid":{"rendered":"https:\/\/espak.ee\/epood\/?post_type=product&#038;p=75057"},"modified":"2026-03-23T18:43:21","modified_gmt":"2026-03-23T16:43:21","slug":"apelsini-tarpentiin-amello-05l","status":"publish","type":"product","link":"https:\/\/espak.ee\/epood\/toode\/apelsini-tarpentiin-amello-05l\/","title":{"rendered":"APELSINI T\u00c4RPENTIIN AMELLO 0,5L"},"content":{"rendered":"<div class=\"row\"  id=\"row-771294920\">\n\n\t<div id=\"col-1077866490\" class=\"col medium-9 small-12 large-9\"  >\n\t\t\t\t<div class=\"col-inner\"  >\n\t\t\t\n\t\t\t\n<h2>Apelsini t\u00e4rpentin<\/h2>\n<p>Apelsini t\u00e4rpentini saadakse apelsini koortest, toode ei sisalda kunstlikke lisaaineid. Loodusliku tootena laguneb t\u00e4rpentin looduses maapinnas olevate mikroorganismide kaasabil. Apelsini t\u00e4rpentin sobib lina\u00f5li, \u00f5liv\u00e4rvi, vaha, m\u00e4nnit\u00f5rva ning teiste \u00f5lil baseeruvate toodete lahjendamiseks. T\u00e4rpentini kasutatakse ka puhastusvahendina (n\u00e4it.plekkide eemaldamiseks) ja pindade puhastamiseks. Pinnaviimistlusmaterjalide lahustina on t\u00e4rpentin parim oma aeglase aurustumise t\u00f6ttu, t\u00e4nu millele pinnaviimistlusmaterjal imendub s\u00fcgavale pinna sisse ja j\u00e4tab \u00fchtlase viimistluskihi. Apelsini t\u00e4rpentini lisav\u00e4\u00e4rtuseks on tema meeldiv l\u00f5hn.<\/p>\n\t<div id=\"gap-2092783628\" class=\"gap-element clearfix\" style=\"display:block; height:auto;\">\n\t\t\n<style>\n#gap-2092783628 {\n  padding-top: 30px;\n}\n<\/style>\n\t<\/div>\n\t\n\t\t<\/div>\n\t\t\t\t\t<\/div>\n\n\t\n\n\t<div id=\"col-148469816\" class=\"col medium-3 small-12 large-3\"  >\n\t\t\t\t<div class=\"col-inner\"  >\n\t\t\t\n\t\t\t\n\t<div id=\"gap-1780495996\" class=\"gap-element clearfix\" style=\"display:block; height:auto;\">\n\t\t\n<style>\n#gap-1780495996 {\n  padding-top: 30px;\n}\n<\/style>\n\t<\/div>\n\t\n<h3>Ohutusalane teave<\/h3>\n<p><a href=\"https:\/\/espak.ee\/epood\/wp-content\/uploads\/2021\/04\/Mannitarpentin_ohutuskaart_2013.pdf\" target=\"_blank\" rel=\"noopener noreferrer\"><i class=\"far fa-file-pdf\"><\/i> Ohutusalane teave (PDF)<\/a><\/p>\n<div class=\"is-divider divider clearfix\" ><\/div>\n<p><strong>\u00dcksikasjalikuma n\u00f5u saamiseks v\u00f5tke \u00fchendust:<br \/><\/strong>Amello Grupp O\u00dc<br \/>info@amello.ee<br \/>+372 672 0471<\/p>\n<div class=\"is-divider divider clearfix\" ><\/div>\n\t\t<\/div>\n\t\t\t\t\t<\/div>\n\n\t\n<\/div>\n","protected":false},"excerpt":{"rendered":"","protected":false},"featured_media":79262,"comment_status":"closed","ping_status":"closed","template":"","meta":[],"product_brand":[],"product_cat":[2691,3441,2684,2683],"product_tag":[],"class_list":{"0":"post-75057","1":"product","2":"type-product","3":"status-publish","4":"has-post-thumbnail","6":"product_cat-lahustid","7":"product_cat-lahustid-ja-pesuained","8":"product_cat-varvid-lakid-lahustid-puidukaitsed-olid","9":"product_cat-viimistluskaubad","10":"product_shipping_class-dpd-cold","11":"pa_kaubamark-amello-grupp-ou","13":"first","14":"instock","15":"sale","16":"taxable","17":"shipping-taxable","18":"purchasable","19":"product-type-simple"},"yoast_head":"<!-- This site is optimized with the Yoast SEO plugin v26.9 - https:\/\/yoast.com\/product\/yoast-seo-wordpress\/ -->\n<title>APELSINI T\u00c4RPENTIIN AMELLO 0,5L - Espak E-pood<\/title>\n<meta name=\"robots\" content=\"index, follow, max-snippet:-1, max-image-preview:large, max-video-preview:-1\" \/>\n<link rel=\"canonical\" href=\"https:\/\/espak.ee\/epood\/toode\/apelsini-tarpentiin-amello-05l\/\" \/>\n<meta property=\"og:locale\" content=\"et_EE\" \/>\n<meta property=\"og:type\" content=\"article\" \/>\n<meta property=\"og:title\" content=\"APELSINI T\u00c4RPENTIIN AMELLO 0,5L - Espak E-pood\" \/>\n<meta property=\"og:url\" content=\"https:\/\/espak.ee\/epood\/toode\/apelsini-tarpentiin-amello-05l\/\" \/>\n<meta property=\"og:site_name\" content=\"Espak E-pood\" \/>\n<meta property=\"article:modified_time\" content=\"2026-03-23T16:43:21+00:00\" \/>\n<meta property=\"og:image\" content=\"https:\/\/espak.ee\/epood\/wp-content\/uploads\/2021\/04\/Apelsini-tarpentin-eesti-05L.jpg\" \/>\n\t<meta property=\"og:image:width\" content=\"630\" \/>\n\t<meta property=\"og:image:height\" content=\"630\" \/>\n\t<meta property=\"og:image:type\" content=\"image\/jpeg\" \/>\n<meta name=\"twitter:card\" content=\"summary_large_image\" \/>\n<meta name=\"twitter:label1\" content=\"Est. reading time\" \/>\n\t<meta name=\"twitter:data1\" content=\"1 minut\" \/>\n<script type=\"application\/ld+json\" class=\"yoast-schema-graph\">{\"@context\":\"https:\/\/schema.org\",\"@graph\":[{\"@type\":\"WebPage\",\"@id\":\"https:\/\/espak.ee\/epood\/toode\/apelsini-tarpentiin-amello-05l\/\",\"url\":\"https:\/\/espak.ee\/epood\/toode\/apelsini-tarpentiin-amello-05l\/\",\"name\":\"APELSINI T\u00c4RPENTIIN AMELLO 0,5L - Espak E-pood\",\"isPartOf\":{\"@id\":\"https:\/\/espak.ee\/epood\/#website\"},\"primaryImageOfPage\":{\"@id\":\"https:\/\/espak.ee\/epood\/toode\/apelsini-tarpentiin-amello-05l\/#primaryimage\"},\"image\":{\"@id\":\"https:\/\/espak.ee\/epood\/toode\/apelsini-tarpentiin-amello-05l\/#primaryimage\"},\"thumbnailUrl\":\"https:\/\/espak.ee\/epood\/wp-content\/uploads\/2021\/04\/Apelsini-tarpentin-eesti-05L.jpg\",\"datePublished\":\"2021-04-06T23:43:52+00:00\",\"dateModified\":\"2026-03-23T16:43:21+00:00\",\"breadcrumb\":{\"@id\":\"https:\/\/espak.ee\/epood\/toode\/apelsini-tarpentiin-amello-05l\/#breadcrumb\"},\"inLanguage\":\"et\",\"potentialAction\":[{\"@type\":\"ReadAction\",\"target\":[\"https:\/\/espak.ee\/epood\/toode\/apelsini-tarpentiin-amello-05l\/\"]}]},{\"@type\":\"ImageObject\",\"inLanguage\":\"et\",\"@id\":\"https:\/\/espak.ee\/epood\/toode\/apelsini-tarpentiin-amello-05l\/#primaryimage\",\"url\":\"https:\/\/espak.ee\/epood\/wp-content\/uploads\/2021\/04\/Apelsini-tarpentin-eesti-05L.jpg\",\"contentUrl\":\"https:\/\/espak.ee\/epood\/wp-content\/uploads\/2021\/04\/Apelsini-tarpentin-eesti-05L.jpg\",\"width\":630,\"height\":630,\"caption\":\"OLYMPUS DIGITAL CAMERA\"},{\"@type\":\"BreadcrumbList\",\"@id\":\"https:\/\/espak.ee\/epood\/toode\/apelsini-tarpentiin-amello-05l\/#breadcrumb\",\"itemListElement\":[{\"@type\":\"ListItem\",\"position\":1,\"name\":\"Home\",\"item\":\"https:\/\/espak.ee\/epood\/\"},{\"@type\":\"ListItem\",\"position\":2,\"name\":\"Tootevalik\",\"item\":\"https:\/\/espak.ee\/epood\/tootevalik\/\"},{\"@type\":\"ListItem\",\"position\":3,\"name\":\"APELSINI T\u00c4RPENTIIN AMELLO 0,5L\"}]},{\"@type\":\"WebSite\",\"@id\":\"https:\/\/espak.ee\/epood\/#website\",\"url\":\"https:\/\/espak.ee\/epood\/\",\"name\":\"Espak E-pood\",\"description\":\"\",\"potentialAction\":[{\"@type\":\"SearchAction\",\"target\":{\"@type\":\"EntryPoint\",\"urlTemplate\":\"https:\/\/espak.ee\/epood\/?s={search_term_string}\"},\"query-input\":{\"@type\":\"PropertyValueSpecification\",\"valueRequired\":true,\"valueName\":\"search_term_string\"}}],\"inLanguage\":\"et\"}]}<\/script>\n<!-- \/ Yoast SEO plugin. -->","yoast_head_json":{"title":"APELSINI T\u00c4RPENTIIN AMELLO 0,5L - Espak E-pood","robots":{"index":"index","follow":"follow","max-snippet":"max-snippet:-1","max-image-preview":"max-image-preview:large","max-video-preview":"max-video-preview:-1"},"canonical":"https:\/\/espak.ee\/epood\/toode\/apelsini-tarpentiin-amello-05l\/","og_locale":"et_EE","og_type":"article","og_title":"APELSINI T\u00c4RPENTIIN AMELLO 0,5L - Espak E-pood","og_url":"https:\/\/espak.ee\/epood\/toode\/apelsini-tarpentiin-amello-05l\/","og_site_name":"Espak E-pood","article_modified_time":"2026-03-23T16:43:21+00:00","og_image":[{"width":630,"height":630,"url":"https:\/\/espak.ee\/epood\/wp-content\/uploads\/2021\/04\/Apelsini-tarpentin-eesti-05L.jpg","type":"image\/jpeg"}],"twitter_card":"summary_large_image","twitter_misc":{"Est. reading time":"1 minut"},"schema":{"@context":"https:\/\/schema.org","@graph":[{"@type":"WebPage","@id":"https:\/\/espak.ee\/epood\/toode\/apelsini-tarpentiin-amello-05l\/","url":"https:\/\/espak.ee\/epood\/toode\/apelsini-tarpentiin-amello-05l\/","name":"APELSINI T\u00c4RPENTIIN AMELLO 0,5L - Espak E-pood","isPartOf":{"@id":"https:\/\/espak.ee\/epood\/#website"},"primaryImageOfPage":{"@id":"https:\/\/espak.ee\/epood\/toode\/apelsini-tarpentiin-amello-05l\/#primaryimage"},"image":{"@id":"https:\/\/espak.ee\/epood\/toode\/apelsini-tarpentiin-amello-05l\/#primaryimage"},"thumbnailUrl":"https:\/\/espak.ee\/epood\/wp-content\/uploads\/2021\/04\/Apelsini-tarpentin-eesti-05L.jpg","datePublished":"2021-04-06T23:43:52+00:00","dateModified":"2026-03-23T16:43:21+00:00","breadcrumb":{"@id":"https:\/\/espak.ee\/epood\/toode\/apelsini-tarpentiin-amello-05l\/#breadcrumb"},"inLanguage":"et","potentialAction":[{"@type":"ReadAction","target":["https:\/\/espak.ee\/epood\/toode\/apelsini-tarpentiin-amello-05l\/"]}]},{"@type":"ImageObject","inLanguage":"et","@id":"https:\/\/espak.ee\/epood\/toode\/apelsini-tarpentiin-amello-05l\/#primaryimage","url":"https:\/\/espak.ee\/epood\/wp-content\/uploads\/2021\/04\/Apelsini-tarpentin-eesti-05L.jpg","contentUrl":"https:\/\/espak.ee\/epood\/wp-content\/uploads\/2021\/04\/Apelsini-tarpentin-eesti-05L.jpg","width":630,"height":630,"caption":"OLYMPUS DIGITAL CAMERA"},{"@type":"BreadcrumbList","@id":"https:\/\/espak.ee\/epood\/toode\/apelsini-tarpentiin-amello-05l\/#breadcrumb","itemListElement":[{"@type":"ListItem","position":1,"name":"Home","item":"https:\/\/espak.ee\/epood\/"},{"@type":"ListItem","position":2,"name":"Tootevalik","item":"https:\/\/espak.ee\/epood\/tootevalik\/"},{"@type":"ListItem","position":3,"name":"APELSINI T\u00c4RPENTIIN AMELLO 0,5L"}]},{"@type":"WebSite","@id":"https:\/\/espak.ee\/epood\/#website","url":"https:\/\/espak.ee\/epood\/","name":"Espak E-pood","description":"","potentialAction":[{"@type":"SearchAction","target":{"@type":"EntryPoint","urlTemplate":"https:\/\/espak.ee\/epood\/?s={search_term_string}"},"query-input":{"@type":"PropertyValueSpecification","valueRequired":true,"valueName":"search_term_string"}}],"inLanguage":"et"}]}},"_links":{"self":[{"href":"https:\/\/espak.ee\/epood\/wp-json\/wp\/v2\/product\/75057","targetHints":{"allow":["GET"]}}],"collection":[{"href":"https:\/\/espak.ee\/epood\/wp-json\/wp\/v2\/product"}],"about":[{"href":"https:\/\/espak.ee\/epood\/wp-json\/wp\/v2\/types\/product"}],"replies":[{"embeddable":true,"href":"https:\/\/espak.ee\/epood\/wp-json\/wp\/v2\/comments?post=75057"}],"wp:featuredmedia":[{"embeddable":true,"href":"https:\/\/espak.ee\/epood\/wp-json\/wp\/v2\/media\/79262"}],"wp:attachment":[{"href":"https:\/\/espak.ee\/epood\/wp-json\/wp\/v2\/media?parent=75057"}],"wp:term":[{"taxonomy":"product_brand","embeddable":true,"href":"https:\/\/espak.ee\/epood\/wp-json\/wp\/v2\/product_brand?post=75057"},{"taxonomy":"product_cat","embeddable":true,"href":"https:\/\/espak.ee\/epood\/wp-json\/wp\/v2\/product_cat?post=75057"},{"taxonomy":"product_tag","embeddable":true,"href":"https:\/\/espak.ee\/epood\/wp-json\/wp\/v2\/product_tag?post=75057"}],"curies":[{"name":"wp","href":"https:\/\/api.w.org\/{rel}","templated":true}]}}