{"id":75023,"date":"2021-04-06T22:34:39","date_gmt":"2021-04-06T22:34:39","guid":{"rendered":"https:\/\/espak.ee\/epood\/?post_type=product&#038;p=75023"},"modified":"2026-03-21T09:32:43","modified_gmt":"2026-03-21T07:32:43","slug":"linaoli-amello-1l","status":"publish","type":"product","link":"https:\/\/espak.ee\/epood\/toode\/linaoli-amello-1l\/","title":{"rendered":"LINA\u00d5LI AMELLO 1L"},"content":{"rendered":"<div class=\"row\"  id=\"row-779571502\">\n\n\t<div id=\"col-649217033\" class=\"col medium-9 small-12 large-9\"  >\n\t\t\t\t<div class=\"col-inner\"  >\n\t\t\t\n\t\t\t\n<h2>Lina\u00f5li<\/h2>\n<p>Lina\u00f5li on puhas k\u00fclmpressitud lina\u00f5li. Linaseemnete pressimisel ei \u00fcleta temperatuur 50 \u00baC. Lina\u00f5li on on t\u00e4iesti m\u00fcrgitu loodustoode. Lina\u00f5li imendub puidu sisse kaitstes seda mustuse ja niiskuse ning l\u00f5henemise eest. Lina\u00f5li toob esile kauni puus\u00fc\u00fc ja oksakohad. Lina\u00f5li sobib toiduainetega kokkupuutes olevate puitpindade viimistlemiseks. Lina\u00f5li on t\u00e4iesti naturaalne ja ohutu loodusele. Kulu h\u00f6\u00f6veldatud puitpinnale on 7-10 m2\/l.<\/p>\n\t<div id=\"gap-380455690\" class=\"gap-element clearfix\" style=\"display:block; height:auto;\">\n\t\t\n<style>\n#gap-380455690 {\n  padding-top: 30px;\n}\n<\/style>\n\t<\/div>\n\t\n<h3>Kasutamise \u00fcksikasjad<\/h3>\n<p><strong>Kasutuskohad:<\/strong> L\u00f5ikelauad, puidust n\u00f5ud, puidust m\u00e4nguasjad, m\u00f6\u00f6bel, puidust seinad ja laed.<\/p>\n<p><strong>Kasutamisjuhend:<\/strong> Lahustina v\u00f5ib kasutada m\u00e4nnit\u00e4rpentini. Viimistle pintsli v\u00f5i kaltsuga \u00f5hukese kihina puidukiudude suunas ja anna aega \u00f5lil imenduda. Liigse \u00f5li osa, mis enam ei imendu v\u00f5ib vajadusel \u00e4ra p\u00fchkida. Puitpinnad vahepeal lihvitakse ja viimistletakse uuesti. Viimistluskihtide arv on 1-4 s\u00f5ltudes puitpinna kvaliteedist ja kasutamise eesm\u00e4rgist. Viimistle puidu otspinnad eriti hoolikalt. Lina\u00f5li saab toonida V\u00e4rvipigmentidega. Kuivanud puitpinda v\u00f5ib viimistleda \u00f5rnalt lihvides v\u00f5i kaabitsaga t\u00f6\u00f6deldes. Viimistletud puitpinna v\u00f5ib vahatada mesilasvahaga. Uus viimistlus tehakse vajadusel aasta p\u00e4rast. Lina\u00f5li ei soovitata lakitud v\u00f5i v\u00e4rvitud pindadele. Kasutamine muuks otstarbeks ja vastupidiselt antud n\u00f5uannetele ei ole soovitav.<\/p>\n<p><strong>N\u00f5uanne:<\/strong> Kanna Lina\u00f5li puitpinnale pintsli v\u00f5i lapiga. Lase \u00f5lil imenduda puidu sisse nii palju kui puit imab. \u00d5lita samuti puitpinna alumist poolt. Eemalda hiljemalt \u00fche tunni m\u00f6\u00f6dudes \u00fcleliigne \u00f5likiht. Korda protseduuri 1-2 korda. Nii saadakse k\u00fcllastatud puit, mis ei ime endasse enam midagi muud. Lihvimine on \u00f5litamisel v\u00e4ga t\u00e4htis. Tee enne iga j\u00e4rgmise \u00f5likihi panemist vahelihv. \u00d5li toimel puit pundub ja t\u00f5stab puus\u00fc\u00fcd \u00fcles. Kui j\u00e4tta pind lihvimata, siis tundub see kare.<br \/>\nKui soovid l\u00e4ikivamat ja tugevamat pinda kasuta \u00d5livaha. V\u00f5rreldes Lina\u00f5liga annab \u00d5livaha puitpinnale parema niiskuskindluse ja tugevuse.<br \/>\nKui viimistled t\u00f6\u00f6pinda (laud, tool, k\u00f6\u00f6gi t\u00f6\u00f6tasapind), siis kasuta selleks T\u00f6\u00f6pinna \u00f5li. Antud \u00f5li annab hea kaitse niiskuse ja kulumise vastu.<br \/>\nT\u00e4ispuidust pindade hooldus<br \/>\n\u00d5litatud pind puhastatakse n\u00f5rga pesuainega ja veega. \u00d5litamist tuleb aeg-ajalt uuesti teostada. \u00d5li kantakse pintsli v\u00f5i lapiga uuesti \u00f5hukese kihina puitpinnale, lastakse imbuda ning eemaldatakse imbumata kiht.<br \/>\nVahatatud pind puhastatakse n\u00f5rga pesuainega ja veega. Vahatatud pind n\u00f5uab uuesti viimistlemist, kuid harvemini kui ainult \u00f5liga t\u00f6\u00f6deldud pind. \u00d5livaha kantakse \u00f5hukese kihina pinnale, eemaldatakse imbumata kiht ja l\u00fc\u00fcakse j\u00e4rgmisel p\u00e4eval l\u00e4ikima. Kui vahatatud pind on muutunud tuhmiks ja kuivaks, siis on m\u00f5istlik kasutada ainult hooldus\u00f5litamist. Kasuta selleks toodet Karnauba vesivaha.<br \/>\nKui T\u00f6\u00f6pinna \u00f5liga viimistletud pind muutub kuivaks ja matiks, siis viimistle pind uuesti sama \u00f5liga.<\/p>\n\t\t<\/div>\n\t\t\t\t\t<\/div>\n\n\t\n\n\t<div id=\"col-137620068\" class=\"col medium-3 small-12 large-3\"  >\n\t\t\t\t<div class=\"col-inner\"  >\n\t\t\t\n\t\t\t\n\t<div id=\"gap-1680715422\" class=\"gap-element clearfix\" style=\"display:block; height:auto;\">\n\t\t\n<style>\n#gap-1680715422 {\n  padding-top: 30px;\n}\n<\/style>\n\t<\/div>\n\t\n<h3>Ohutusalane teave<\/h3>\n<p><a href=\"https:\/\/espak.ee\/epood\/wp-content\/uploads\/2021\/04\/Linaoli_ohutuskaart_2013.pdf\" target=\"_blank\" rel=\"noopener noreferrer\"><i class=\"far fa-file-pdf\"><\/i> Ohutusalane teave (PDF)<\/a><\/p>\n<div class=\"is-divider divider clearfix\" ><\/div>\n<p><strong>\u00dcksikasjalikuma n\u00f5u saamiseks v\u00f5tke \u00fchendust:<br \/><\/strong>Amello Grupp O\u00dc<br \/>info@amello.ee<br \/>+372 672 0471<\/p>\n<div class=\"is-divider divider clearfix\" ><\/div>\n\t\t<\/div>\n\t\t\t\t\t<\/div>\n\n\t\n<\/div>\n","protected":false},"excerpt":{"rendered":"","protected":false},"featured_media":80987,"comment_status":"closed","ping_status":"closed","template":"","meta":[],"product_brand":[],"product_cat":[2693,2829,2684,2683],"product_tag":[],"class_list":{"0":"post-75023","1":"product","2":"type-product","3":"status-publish","4":"has-post-thumbnail","6":"product_cat-lakid-peitsid-olid-puidukaitse","7":"product_cat-olid-sisepindadele","8":"product_cat-varvid-lakid-lahustid-puidukaitsed-olid","9":"product_cat-viimistluskaubad","10":"product_shipping_class-dpd-cold","11":"pa_kaubamark-amello-grupp-ou","13":"first","14":"instock","15":"sale","16":"taxable","17":"shipping-taxable","18":"purchasable","19":"product-type-simple"},"yoast_head":"<!-- This site is optimized with the Yoast SEO plugin v26.9 - https:\/\/yoast.com\/product\/yoast-seo-wordpress\/ -->\n<title>LINA\u00d5LI AMELLO 1L - Espak E-pood<\/title>\n<meta name=\"robots\" content=\"index, follow, max-snippet:-1, max-image-preview:large, max-video-preview:-1\" \/>\n<link rel=\"canonical\" href=\"https:\/\/espak.ee\/epood\/toode\/linaoli-amello-1l\/\" \/>\n<meta property=\"og:locale\" content=\"et_EE\" \/>\n<meta property=\"og:type\" content=\"article\" \/>\n<meta property=\"og:title\" content=\"LINA\u00d5LI AMELLO 1L - Espak E-pood\" \/>\n<meta property=\"og:url\" content=\"https:\/\/espak.ee\/epood\/toode\/linaoli-amello-1l\/\" \/>\n<meta property=\"og:site_name\" content=\"Espak E-pood\" \/>\n<meta property=\"article:modified_time\" content=\"2026-03-21T07:32:43+00:00\" \/>\n<meta property=\"og:image\" content=\"https:\/\/espak.ee\/epood\/wp-content\/uploads\/2021\/04\/linaoli-amello.jpeg\" \/>\n\t<meta property=\"og:image:width\" content=\"630\" \/>\n\t<meta property=\"og:image:height\" content=\"630\" \/>\n\t<meta property=\"og:image:type\" content=\"image\/jpeg\" \/>\n<meta name=\"twitter:card\" content=\"summary_large_image\" \/>\n<meta name=\"twitter:label1\" content=\"Est. reading time\" \/>\n\t<meta name=\"twitter:data1\" content=\"2 minutit\" \/>\n<script type=\"application\/ld+json\" class=\"yoast-schema-graph\">{\"@context\":\"https:\/\/schema.org\",\"@graph\":[{\"@type\":\"WebPage\",\"@id\":\"https:\/\/espak.ee\/epood\/toode\/linaoli-amello-1l\/\",\"url\":\"https:\/\/espak.ee\/epood\/toode\/linaoli-amello-1l\/\",\"name\":\"LINA\u00d5LI AMELLO 1L - Espak E-pood\",\"isPartOf\":{\"@id\":\"https:\/\/espak.ee\/epood\/#website\"},\"primaryImageOfPage\":{\"@id\":\"https:\/\/espak.ee\/epood\/toode\/linaoli-amello-1l\/#primaryimage\"},\"image\":{\"@id\":\"https:\/\/espak.ee\/epood\/toode\/linaoli-amello-1l\/#primaryimage\"},\"thumbnailUrl\":\"https:\/\/espak.ee\/epood\/wp-content\/uploads\/2021\/04\/linaoli-amello.jpeg\",\"datePublished\":\"2021-04-06T22:34:39+00:00\",\"dateModified\":\"2026-03-21T07:32:43+00:00\",\"breadcrumb\":{\"@id\":\"https:\/\/espak.ee\/epood\/toode\/linaoli-amello-1l\/#breadcrumb\"},\"inLanguage\":\"et\",\"potentialAction\":[{\"@type\":\"ReadAction\",\"target\":[\"https:\/\/espak.ee\/epood\/toode\/linaoli-amello-1l\/\"]}]},{\"@type\":\"ImageObject\",\"inLanguage\":\"et\",\"@id\":\"https:\/\/espak.ee\/epood\/toode\/linaoli-amello-1l\/#primaryimage\",\"url\":\"https:\/\/espak.ee\/epood\/wp-content\/uploads\/2021\/04\/linaoli-amello.jpeg\",\"contentUrl\":\"https:\/\/espak.ee\/epood\/wp-content\/uploads\/2021\/04\/linaoli-amello.jpeg\",\"width\":630,\"height\":630},{\"@type\":\"BreadcrumbList\",\"@id\":\"https:\/\/espak.ee\/epood\/toode\/linaoli-amello-1l\/#breadcrumb\",\"itemListElement\":[{\"@type\":\"ListItem\",\"position\":1,\"name\":\"Home\",\"item\":\"https:\/\/espak.ee\/epood\/\"},{\"@type\":\"ListItem\",\"position\":2,\"name\":\"Tootevalik\",\"item\":\"https:\/\/espak.ee\/epood\/tootevalik\/\"},{\"@type\":\"ListItem\",\"position\":3,\"name\":\"LINA\u00d5LI AMELLO 1L\"}]},{\"@type\":\"WebSite\",\"@id\":\"https:\/\/espak.ee\/epood\/#website\",\"url\":\"https:\/\/espak.ee\/epood\/\",\"name\":\"Espak E-pood\",\"description\":\"\",\"potentialAction\":[{\"@type\":\"SearchAction\",\"target\":{\"@type\":\"EntryPoint\",\"urlTemplate\":\"https:\/\/espak.ee\/epood\/?s={search_term_string}\"},\"query-input\":{\"@type\":\"PropertyValueSpecification\",\"valueRequired\":true,\"valueName\":\"search_term_string\"}}],\"inLanguage\":\"et\"}]}<\/script>\n<!-- \/ Yoast SEO plugin. -->","yoast_head_json":{"title":"LINA\u00d5LI AMELLO 1L - Espak E-pood","robots":{"index":"index","follow":"follow","max-snippet":"max-snippet:-1","max-image-preview":"max-image-preview:large","max-video-preview":"max-video-preview:-1"},"canonical":"https:\/\/espak.ee\/epood\/toode\/linaoli-amello-1l\/","og_locale":"et_EE","og_type":"article","og_title":"LINA\u00d5LI AMELLO 1L - Espak E-pood","og_url":"https:\/\/espak.ee\/epood\/toode\/linaoli-amello-1l\/","og_site_name":"Espak E-pood","article_modified_time":"2026-03-21T07:32:43+00:00","og_image":[{"width":630,"height":630,"url":"https:\/\/espak.ee\/epood\/wp-content\/uploads\/2021\/04\/linaoli-amello.jpeg","type":"image\/jpeg"}],"twitter_card":"summary_large_image","twitter_misc":{"Est. reading time":"2 minutit"},"schema":{"@context":"https:\/\/schema.org","@graph":[{"@type":"WebPage","@id":"https:\/\/espak.ee\/epood\/toode\/linaoli-amello-1l\/","url":"https:\/\/espak.ee\/epood\/toode\/linaoli-amello-1l\/","name":"LINA\u00d5LI AMELLO 1L - Espak E-pood","isPartOf":{"@id":"https:\/\/espak.ee\/epood\/#website"},"primaryImageOfPage":{"@id":"https:\/\/espak.ee\/epood\/toode\/linaoli-amello-1l\/#primaryimage"},"image":{"@id":"https:\/\/espak.ee\/epood\/toode\/linaoli-amello-1l\/#primaryimage"},"thumbnailUrl":"https:\/\/espak.ee\/epood\/wp-content\/uploads\/2021\/04\/linaoli-amello.jpeg","datePublished":"2021-04-06T22:34:39+00:00","dateModified":"2026-03-21T07:32:43+00:00","breadcrumb":{"@id":"https:\/\/espak.ee\/epood\/toode\/linaoli-amello-1l\/#breadcrumb"},"inLanguage":"et","potentialAction":[{"@type":"ReadAction","target":["https:\/\/espak.ee\/epood\/toode\/linaoli-amello-1l\/"]}]},{"@type":"ImageObject","inLanguage":"et","@id":"https:\/\/espak.ee\/epood\/toode\/linaoli-amello-1l\/#primaryimage","url":"https:\/\/espak.ee\/epood\/wp-content\/uploads\/2021\/04\/linaoli-amello.jpeg","contentUrl":"https:\/\/espak.ee\/epood\/wp-content\/uploads\/2021\/04\/linaoli-amello.jpeg","width":630,"height":630},{"@type":"BreadcrumbList","@id":"https:\/\/espak.ee\/epood\/toode\/linaoli-amello-1l\/#breadcrumb","itemListElement":[{"@type":"ListItem","position":1,"name":"Home","item":"https:\/\/espak.ee\/epood\/"},{"@type":"ListItem","position":2,"name":"Tootevalik","item":"https:\/\/espak.ee\/epood\/tootevalik\/"},{"@type":"ListItem","position":3,"name":"LINA\u00d5LI AMELLO 1L"}]},{"@type":"WebSite","@id":"https:\/\/espak.ee\/epood\/#website","url":"https:\/\/espak.ee\/epood\/","name":"Espak E-pood","description":"","potentialAction":[{"@type":"SearchAction","target":{"@type":"EntryPoint","urlTemplate":"https:\/\/espak.ee\/epood\/?s={search_term_string}"},"query-input":{"@type":"PropertyValueSpecification","valueRequired":true,"valueName":"search_term_string"}}],"inLanguage":"et"}]}},"_links":{"self":[{"href":"https:\/\/espak.ee\/epood\/wp-json\/wp\/v2\/product\/75023","targetHints":{"allow":["GET"]}}],"collection":[{"href":"https:\/\/espak.ee\/epood\/wp-json\/wp\/v2\/product"}],"about":[{"href":"https:\/\/espak.ee\/epood\/wp-json\/wp\/v2\/types\/product"}],"replies":[{"embeddable":true,"href":"https:\/\/espak.ee\/epood\/wp-json\/wp\/v2\/comments?post=75023"}],"wp:featuredmedia":[{"embeddable":true,"href":"https:\/\/espak.ee\/epood\/wp-json\/wp\/v2\/media\/80987"}],"wp:attachment":[{"href":"https:\/\/espak.ee\/epood\/wp-json\/wp\/v2\/media?parent=75023"}],"wp:term":[{"taxonomy":"product_brand","embeddable":true,"href":"https:\/\/espak.ee\/epood\/wp-json\/wp\/v2\/product_brand?post=75023"},{"taxonomy":"product_cat","embeddable":true,"href":"https:\/\/espak.ee\/epood\/wp-json\/wp\/v2\/product_cat?post=75023"},{"taxonomy":"product_tag","embeddable":true,"href":"https:\/\/espak.ee\/epood\/wp-json\/wp\/v2\/product_tag?post=75023"}],"curies":[{"name":"wp","href":"https:\/\/api.w.org\/{rel}","templated":true}]}}