{"id":74439,"date":"2021-04-06T01:15:51","date_gmt":"2021-04-06T01:15:51","guid":{"rendered":"https:\/\/espak.ee\/epood\/?post_type=product&#038;p=74439"},"modified":"2024-03-23T13:43:41","modified_gmt":"2024-03-23T11:43:41","slug":"seinapealne-wc-pott-ifo-spira-art-suletud-kuju-rimfree","status":"publish","type":"product","link":"https:\/\/espak.ee\/epood\/toode\/seinapealne-wc-pott-ifo-spira-art-suletud-kuju-rimfree\/","title":{"rendered":"SEINAPEALNE WC-POTT IF\u00d6 SPIRA ART, SULETUD KUJU, RIMFREE"},"content":{"rendered":"<div class=\"row\"  id=\"row-515551475\">\n\n\t<div id=\"col-1354361493\" class=\"col medium-9 small-12 large-9\"  >\n\t\t\t\t<div class=\"col-inner\"  >\n\t\t\t\n\t\t\t\n<h2>IF\u00d6 SPIRA ART SEINAPEALNE WC-POTT<\/h2>\n<p>If\u00f6 Spira Art seinapealne WC-pott peegeldab klassikalise Skaninaavia disaini jooni, mis on inspireeritud meie haruldasest loodusest. Selle atraktiivse WC-poti Rimfree\u00ae sisemine pind harmoneerub t\u00e4iuslikult pehme v\u00e4lisjoonega. Ilma sisemise servata Rimfree\u00ae WC-pott on \u00fclih\u00fcgieeniline, kuna puuduvad \u00e4\u00e4red, mille taha bakterid ja mustus koguneda saaks, seda on v\u00e4ga mugav puhtana hoida!<br \/>\nSeinapealse paigaldusega j\u00e4\u00e4b ka vannitoa p\u00f5rand vabaks, mis teeb sellegi puhastamise v\u00e4ga h\u00f5lpsaks.<br \/>\n WC-pott, mis vastab Nordic Quality sertifikaadile, on kaetud meie spetsiaalse If\u00f6 Clean glasuuriga.<br \/>\nPrill-laud tellida eraldi!<br \/>\nKujustanud Knud Holscher.<\/p>\n\t<div id=\"gap-1180618402\" class=\"gap-element clearfix\" style=\"display:block; height:auto;\">\n\t\t\n<style>\n#gap-1180618402 {\n  padding-top: 30px;\n}\n<\/style>\n\t<\/div>\n\t\n\t\t<\/div>\n\t\t\t\t\t<\/div>\n\n\t\n\n\t<div id=\"col-1678671246\" class=\"col medium-3 small-12 large-3\"  >\n\t\t\t\t<div class=\"col-inner\"  >\n\t\t\t\n\t\t\t\n\t<div id=\"gap-53030531\" class=\"gap-element clearfix\" style=\"display:block; height:auto;\">\n\t\t\n<style>\n#gap-53030531 {\n  padding-top: 30px;\n}\n<\/style>\n\t<\/div>\n\t\n<div class=\"is-divider divider clearfix\" ><\/div>\n<p><strong>\u00dcksikasjalikuma n\u00f5u saamiseks v\u00f5tke \u00fchendust:<br \/><\/strong>Geberit Estonia<br \/>Kuma tee 2<br \/>75312<br \/>Peetri<br \/>+372 6020775<\/p>\n<div class=\"is-divider divider clearfix\" ><\/div>\n\t\t<\/div>\n\t\t\t\t\t<\/div>\n\n\t\n<\/div>\n","protected":false},"excerpt":{"rendered":"","protected":false},"featured_media":75546,"comment_status":"closed","ping_status":"closed","template":"","meta":[],"product_brand":[],"product_cat":[2819,2820,2839,3195],"product_tag":[],"class_list":{"0":"post-74439","1":"product","2":"type-product","3":"status-publish","4":"has-post-thumbnail","6":"product_cat-sanitaartehnika","7":"product_cat-sanitaartehnika-sanitaartehnika","8":"product_cat-wc-potid","9":"product_cat-wc-potid-seinale-paigaldatavad","10":"pa_kaubamark-geberit-a-s","12":"first","13":"instock","14":"sale","15":"taxable","16":"shipping-taxable","17":"purchasable","18":"product-type-simple"},"yoast_head":"<!-- This site is optimized with the Yoast SEO plugin v26.9 - https:\/\/yoast.com\/product\/yoast-seo-wordpress\/ -->\n<title>SEINAPEALNE WC-POTT IF\u00d6 SPIRA ART, SULETUD KUJU, RIMFREE - Espak E-pood<\/title>\n<meta name=\"robots\" content=\"index, follow, max-snippet:-1, max-image-preview:large, max-video-preview:-1\" \/>\n<link rel=\"canonical\" href=\"https:\/\/espak.ee\/epood\/toode\/seinapealne-wc-pott-ifo-spira-art-suletud-kuju-rimfree\/\" \/>\n<meta property=\"og:locale\" content=\"et_EE\" \/>\n<meta property=\"og:type\" content=\"article\" \/>\n<meta property=\"og:title\" content=\"SEINAPEALNE WC-POTT IF\u00d6 SPIRA ART, SULETUD KUJU, RIMFREE - Espak E-pood\" \/>\n<meta property=\"og:url\" content=\"https:\/\/espak.ee\/epood\/toode\/seinapealne-wc-pott-ifo-spira-art-suletud-kuju-rimfree\/\" \/>\n<meta property=\"og:site_name\" content=\"Espak E-pood\" \/>\n<meta property=\"article:modified_time\" content=\"2024-03-23T11:43:41+00:00\" \/>\n<meta property=\"og:image\" content=\"https:\/\/espak.ee\/epood\/wp-content\/uploads\/624500009.jpg\" \/>\n\t<meta property=\"og:image:width\" content=\"530\" \/>\n\t<meta property=\"og:image:height\" content=\"530\" \/>\n\t<meta property=\"og:image:type\" content=\"image\/jpeg\" \/>\n<meta name=\"twitter:card\" content=\"summary_large_image\" \/>\n<meta name=\"twitter:label1\" content=\"Est. reading time\" \/>\n\t<meta name=\"twitter:data1\" content=\"1 minut\" \/>\n<script type=\"application\/ld+json\" class=\"yoast-schema-graph\">{\"@context\":\"https:\/\/schema.org\",\"@graph\":[{\"@type\":\"WebPage\",\"@id\":\"https:\/\/espak.ee\/epood\/toode\/seinapealne-wc-pott-ifo-spira-art-suletud-kuju-rimfree\/\",\"url\":\"https:\/\/espak.ee\/epood\/toode\/seinapealne-wc-pott-ifo-spira-art-suletud-kuju-rimfree\/\",\"name\":\"SEINAPEALNE WC-POTT IF\u00d6 SPIRA ART, SULETUD KUJU, RIMFREE - Espak E-pood\",\"isPartOf\":{\"@id\":\"https:\/\/espak.ee\/epood\/#website\"},\"primaryImageOfPage\":{\"@id\":\"https:\/\/espak.ee\/epood\/toode\/seinapealne-wc-pott-ifo-spira-art-suletud-kuju-rimfree\/#primaryimage\"},\"image\":{\"@id\":\"https:\/\/espak.ee\/epood\/toode\/seinapealne-wc-pott-ifo-spira-art-suletud-kuju-rimfree\/#primaryimage\"},\"thumbnailUrl\":\"https:\/\/espak.ee\/epood\/wp-content\/uploads\/624500009.jpg\",\"datePublished\":\"2021-04-06T01:15:51+00:00\",\"dateModified\":\"2024-03-23T11:43:41+00:00\",\"breadcrumb\":{\"@id\":\"https:\/\/espak.ee\/epood\/toode\/seinapealne-wc-pott-ifo-spira-art-suletud-kuju-rimfree\/#breadcrumb\"},\"inLanguage\":\"et\",\"potentialAction\":[{\"@type\":\"ReadAction\",\"target\":[\"https:\/\/espak.ee\/epood\/toode\/seinapealne-wc-pott-ifo-spira-art-suletud-kuju-rimfree\/\"]}]},{\"@type\":\"ImageObject\",\"inLanguage\":\"et\",\"@id\":\"https:\/\/espak.ee\/epood\/toode\/seinapealne-wc-pott-ifo-spira-art-suletud-kuju-rimfree\/#primaryimage\",\"url\":\"https:\/\/espak.ee\/epood\/wp-content\/uploads\/624500009.jpg\",\"contentUrl\":\"https:\/\/espak.ee\/epood\/wp-content\/uploads\/624500009.jpg\",\"width\":530,\"height\":530},{\"@type\":\"BreadcrumbList\",\"@id\":\"https:\/\/espak.ee\/epood\/toode\/seinapealne-wc-pott-ifo-spira-art-suletud-kuju-rimfree\/#breadcrumb\",\"itemListElement\":[{\"@type\":\"ListItem\",\"position\":1,\"name\":\"Home\",\"item\":\"https:\/\/espak.ee\/epood\/\"},{\"@type\":\"ListItem\",\"position\":2,\"name\":\"Tootevalik\",\"item\":\"https:\/\/espak.ee\/epood\/tootevalik\/\"},{\"@type\":\"ListItem\",\"position\":3,\"name\":\"SEINAPEALNE WC-POTT IF\u00d6 SPIRA ART, SULETUD KUJU, RIMFREE\"}]},{\"@type\":\"WebSite\",\"@id\":\"https:\/\/espak.ee\/epood\/#website\",\"url\":\"https:\/\/espak.ee\/epood\/\",\"name\":\"Espak E-pood\",\"description\":\"\",\"potentialAction\":[{\"@type\":\"SearchAction\",\"target\":{\"@type\":\"EntryPoint\",\"urlTemplate\":\"https:\/\/espak.ee\/epood\/?s={search_term_string}\"},\"query-input\":{\"@type\":\"PropertyValueSpecification\",\"valueRequired\":true,\"valueName\":\"search_term_string\"}}],\"inLanguage\":\"et\"}]}<\/script>\n<!-- \/ Yoast SEO plugin. -->","yoast_head_json":{"title":"SEINAPEALNE WC-POTT IF\u00d6 SPIRA ART, SULETUD KUJU, RIMFREE - Espak E-pood","robots":{"index":"index","follow":"follow","max-snippet":"max-snippet:-1","max-image-preview":"max-image-preview:large","max-video-preview":"max-video-preview:-1"},"canonical":"https:\/\/espak.ee\/epood\/toode\/seinapealne-wc-pott-ifo-spira-art-suletud-kuju-rimfree\/","og_locale":"et_EE","og_type":"article","og_title":"SEINAPEALNE WC-POTT IF\u00d6 SPIRA ART, SULETUD KUJU, RIMFREE - Espak E-pood","og_url":"https:\/\/espak.ee\/epood\/toode\/seinapealne-wc-pott-ifo-spira-art-suletud-kuju-rimfree\/","og_site_name":"Espak E-pood","article_modified_time":"2024-03-23T11:43:41+00:00","og_image":[{"width":530,"height":530,"url":"https:\/\/espak.ee\/epood\/wp-content\/uploads\/624500009.jpg","type":"image\/jpeg"}],"twitter_card":"summary_large_image","twitter_misc":{"Est. reading time":"1 minut"},"schema":{"@context":"https:\/\/schema.org","@graph":[{"@type":"WebPage","@id":"https:\/\/espak.ee\/epood\/toode\/seinapealne-wc-pott-ifo-spira-art-suletud-kuju-rimfree\/","url":"https:\/\/espak.ee\/epood\/toode\/seinapealne-wc-pott-ifo-spira-art-suletud-kuju-rimfree\/","name":"SEINAPEALNE WC-POTT IF\u00d6 SPIRA ART, SULETUD KUJU, RIMFREE - Espak E-pood","isPartOf":{"@id":"https:\/\/espak.ee\/epood\/#website"},"primaryImageOfPage":{"@id":"https:\/\/espak.ee\/epood\/toode\/seinapealne-wc-pott-ifo-spira-art-suletud-kuju-rimfree\/#primaryimage"},"image":{"@id":"https:\/\/espak.ee\/epood\/toode\/seinapealne-wc-pott-ifo-spira-art-suletud-kuju-rimfree\/#primaryimage"},"thumbnailUrl":"https:\/\/espak.ee\/epood\/wp-content\/uploads\/624500009.jpg","datePublished":"2021-04-06T01:15:51+00:00","dateModified":"2024-03-23T11:43:41+00:00","breadcrumb":{"@id":"https:\/\/espak.ee\/epood\/toode\/seinapealne-wc-pott-ifo-spira-art-suletud-kuju-rimfree\/#breadcrumb"},"inLanguage":"et","potentialAction":[{"@type":"ReadAction","target":["https:\/\/espak.ee\/epood\/toode\/seinapealne-wc-pott-ifo-spira-art-suletud-kuju-rimfree\/"]}]},{"@type":"ImageObject","inLanguage":"et","@id":"https:\/\/espak.ee\/epood\/toode\/seinapealne-wc-pott-ifo-spira-art-suletud-kuju-rimfree\/#primaryimage","url":"https:\/\/espak.ee\/epood\/wp-content\/uploads\/624500009.jpg","contentUrl":"https:\/\/espak.ee\/epood\/wp-content\/uploads\/624500009.jpg","width":530,"height":530},{"@type":"BreadcrumbList","@id":"https:\/\/espak.ee\/epood\/toode\/seinapealne-wc-pott-ifo-spira-art-suletud-kuju-rimfree\/#breadcrumb","itemListElement":[{"@type":"ListItem","position":1,"name":"Home","item":"https:\/\/espak.ee\/epood\/"},{"@type":"ListItem","position":2,"name":"Tootevalik","item":"https:\/\/espak.ee\/epood\/tootevalik\/"},{"@type":"ListItem","position":3,"name":"SEINAPEALNE WC-POTT IF\u00d6 SPIRA ART, SULETUD KUJU, RIMFREE"}]},{"@type":"WebSite","@id":"https:\/\/espak.ee\/epood\/#website","url":"https:\/\/espak.ee\/epood\/","name":"Espak E-pood","description":"","potentialAction":[{"@type":"SearchAction","target":{"@type":"EntryPoint","urlTemplate":"https:\/\/espak.ee\/epood\/?s={search_term_string}"},"query-input":{"@type":"PropertyValueSpecification","valueRequired":true,"valueName":"search_term_string"}}],"inLanguage":"et"}]}},"_links":{"self":[{"href":"https:\/\/espak.ee\/epood\/wp-json\/wp\/v2\/product\/74439","targetHints":{"allow":["GET"]}}],"collection":[{"href":"https:\/\/espak.ee\/epood\/wp-json\/wp\/v2\/product"}],"about":[{"href":"https:\/\/espak.ee\/epood\/wp-json\/wp\/v2\/types\/product"}],"replies":[{"embeddable":true,"href":"https:\/\/espak.ee\/epood\/wp-json\/wp\/v2\/comments?post=74439"}],"wp:featuredmedia":[{"embeddable":true,"href":"https:\/\/espak.ee\/epood\/wp-json\/wp\/v2\/media\/75546"}],"wp:attachment":[{"href":"https:\/\/espak.ee\/epood\/wp-json\/wp\/v2\/media?parent=74439"}],"wp:term":[{"taxonomy":"product_brand","embeddable":true,"href":"https:\/\/espak.ee\/epood\/wp-json\/wp\/v2\/product_brand?post=74439"},{"taxonomy":"product_cat","embeddable":true,"href":"https:\/\/espak.ee\/epood\/wp-json\/wp\/v2\/product_cat?post=74439"},{"taxonomy":"product_tag","embeddable":true,"href":"https:\/\/espak.ee\/epood\/wp-json\/wp\/v2\/product_tag?post=74439"}],"curies":[{"name":"wp","href":"https:\/\/api.w.org\/{rel}","templated":true}]}}