{"id":72607,"date":"2021-03-30T04:54:02","date_gmt":"2021-03-30T04:54:02","guid":{"rendered":"https:\/\/espak.ee\/epood\/?post_type=product&#038;p=72607"},"modified":"2024-03-23T13:46:51","modified_gmt":"2024-03-23T11:46:51","slug":"saeketas-metallkraft-alu-o35524254mm-80t-3853502","status":"publish","type":"product","link":"https:\/\/espak.ee\/epood\/toode\/saeketas-metallkraft-alu-o35524254mm-80t-3853502\/","title":{"rendered":"SAEKETAS METALLKRAFT ALU \u00d8355*2,4*25,4MM 80T 3853502"},"content":{"rendered":"<p>Ketta l\u00e4bim\u00f5\u00f5t: 355 mm<br \/>\nAva l\u00e4bim\u00f5\u00f5t: 25,4 mm<br \/>\nL\u00f5ike laius: 2,4 mm<br \/>\nHammaste arv: 80<\/p>\n","protected":false},"excerpt":{"rendered":"<p>Ketta l\u00e4bim\u00f5\u00f5t: 355 mm Ava l\u00e4bim\u00f5\u00f5t: 25,4 mm L\u00f5ike laius: 2,4 mm Hammaste arv: 80<\/p>\n","protected":false},"featured_media":74602,"comment_status":"closed","ping_status":"closed","template":"","meta":[],"product_brand":[],"product_cat":[3057,3056,2679,2951],"product_tag":[],"class_list":{"0":"post-72607","1":"product","2":"type-product","3":"status-publish","4":"has-post-thumbnail","6":"product_cat-saekettad","7":"product_cat-saeterad","8":"product_cat-tooriistad","9":"product_cat-tooriistatarvikud","10":"pa_kaubamark-metallkraft","12":"first","13":"instock","14":"sale","15":"taxable","16":"shipping-taxable","17":"purchasable","18":"product-type-simple"},"yoast_head":"<!-- This site is optimized with the Yoast SEO plugin v26.9 - https:\/\/yoast.com\/product\/yoast-seo-wordpress\/ -->\n<title>SAEKETAS METALLKRAFT ALU \u00d8355*2,4*25,4MM 80T 3853502 - Espak E-pood<\/title>\n<meta name=\"robots\" content=\"index, follow, max-snippet:-1, max-image-preview:large, max-video-preview:-1\" \/>\n<link rel=\"canonical\" href=\"https:\/\/espak.ee\/epood\/toode\/saeketas-metallkraft-alu-o35524254mm-80t-3853502\/\" \/>\n<meta property=\"og:locale\" content=\"et_EE\" \/>\n<meta property=\"og:type\" content=\"article\" \/>\n<meta property=\"og:title\" content=\"SAEKETAS METALLKRAFT ALU \u00d8355*2,4*25,4MM 80T 3853502 - Espak E-pood\" \/>\n<meta property=\"og:description\" content=\"Ketta l\u00e4bim\u00f5\u00f5t: 355 mm Ava l\u00e4bim\u00f5\u00f5t: 25,4 mm L\u00f5ike laius: 2,4 mm Hammaste arv: 80\" \/>\n<meta property=\"og:url\" content=\"https:\/\/espak.ee\/epood\/toode\/saeketas-metallkraft-alu-o35524254mm-80t-3853502\/\" \/>\n<meta property=\"og:site_name\" content=\"Espak E-pood\" \/>\n<meta property=\"article:modified_time\" content=\"2024-03-23T11:46:51+00:00\" \/>\n<meta property=\"og:image\" content=\"https:\/\/espak.ee\/epood\/wp-content\/uploads\/3853502.jpg\" \/>\n\t<meta property=\"og:image:width\" content=\"500\" \/>\n\t<meta property=\"og:image:height\" content=\"500\" \/>\n\t<meta property=\"og:image:type\" content=\"image\/jpeg\" \/>\n<meta name=\"twitter:card\" content=\"summary_large_image\" \/>\n<script type=\"application\/ld+json\" class=\"yoast-schema-graph\">{\"@context\":\"https:\/\/schema.org\",\"@graph\":[{\"@type\":\"WebPage\",\"@id\":\"https:\/\/espak.ee\/epood\/toode\/saeketas-metallkraft-alu-o35524254mm-80t-3853502\/\",\"url\":\"https:\/\/espak.ee\/epood\/toode\/saeketas-metallkraft-alu-o35524254mm-80t-3853502\/\",\"name\":\"SAEKETAS METALLKRAFT ALU \u00d8355*2,4*25,4MM 80T 3853502 - Espak E-pood\",\"isPartOf\":{\"@id\":\"https:\/\/espak.ee\/epood\/#website\"},\"primaryImageOfPage\":{\"@id\":\"https:\/\/espak.ee\/epood\/toode\/saeketas-metallkraft-alu-o35524254mm-80t-3853502\/#primaryimage\"},\"image\":{\"@id\":\"https:\/\/espak.ee\/epood\/toode\/saeketas-metallkraft-alu-o35524254mm-80t-3853502\/#primaryimage\"},\"thumbnailUrl\":\"https:\/\/espak.ee\/epood\/wp-content\/uploads\/3853502.jpg\",\"datePublished\":\"2021-03-30T04:54:02+00:00\",\"dateModified\":\"2024-03-23T11:46:51+00:00\",\"breadcrumb\":{\"@id\":\"https:\/\/espak.ee\/epood\/toode\/saeketas-metallkraft-alu-o35524254mm-80t-3853502\/#breadcrumb\"},\"inLanguage\":\"et\",\"potentialAction\":[{\"@type\":\"ReadAction\",\"target\":[\"https:\/\/espak.ee\/epood\/toode\/saeketas-metallkraft-alu-o35524254mm-80t-3853502\/\"]}]},{\"@type\":\"ImageObject\",\"inLanguage\":\"et\",\"@id\":\"https:\/\/espak.ee\/epood\/toode\/saeketas-metallkraft-alu-o35524254mm-80t-3853502\/#primaryimage\",\"url\":\"https:\/\/espak.ee\/epood\/wp-content\/uploads\/3853502.jpg\",\"contentUrl\":\"https:\/\/espak.ee\/epood\/wp-content\/uploads\/3853502.jpg\",\"width\":500,\"height\":500},{\"@type\":\"BreadcrumbList\",\"@id\":\"https:\/\/espak.ee\/epood\/toode\/saeketas-metallkraft-alu-o35524254mm-80t-3853502\/#breadcrumb\",\"itemListElement\":[{\"@type\":\"ListItem\",\"position\":1,\"name\":\"Home\",\"item\":\"https:\/\/espak.ee\/epood\/\"},{\"@type\":\"ListItem\",\"position\":2,\"name\":\"Tootevalik\",\"item\":\"https:\/\/espak.ee\/epood\/tootevalik\/\"},{\"@type\":\"ListItem\",\"position\":3,\"name\":\"SAEKETAS METALLKRAFT ALU \u00d8355*2,4*25,4MM 80T 3853502\"}]},{\"@type\":\"WebSite\",\"@id\":\"https:\/\/espak.ee\/epood\/#website\",\"url\":\"https:\/\/espak.ee\/epood\/\",\"name\":\"Espak E-pood\",\"description\":\"\",\"potentialAction\":[{\"@type\":\"SearchAction\",\"target\":{\"@type\":\"EntryPoint\",\"urlTemplate\":\"https:\/\/espak.ee\/epood\/?s={search_term_string}\"},\"query-input\":{\"@type\":\"PropertyValueSpecification\",\"valueRequired\":true,\"valueName\":\"search_term_string\"}}],\"inLanguage\":\"et\"}]}<\/script>\n<!-- \/ Yoast SEO plugin. -->","yoast_head_json":{"title":"SAEKETAS METALLKRAFT ALU \u00d8355*2,4*25,4MM 80T 3853502 - Espak E-pood","robots":{"index":"index","follow":"follow","max-snippet":"max-snippet:-1","max-image-preview":"max-image-preview:large","max-video-preview":"max-video-preview:-1"},"canonical":"https:\/\/espak.ee\/epood\/toode\/saeketas-metallkraft-alu-o35524254mm-80t-3853502\/","og_locale":"et_EE","og_type":"article","og_title":"SAEKETAS METALLKRAFT ALU \u00d8355*2,4*25,4MM 80T 3853502 - Espak E-pood","og_description":"Ketta l\u00e4bim\u00f5\u00f5t: 355 mm Ava l\u00e4bim\u00f5\u00f5t: 25,4 mm L\u00f5ike laius: 2,4 mm Hammaste arv: 80","og_url":"https:\/\/espak.ee\/epood\/toode\/saeketas-metallkraft-alu-o35524254mm-80t-3853502\/","og_site_name":"Espak E-pood","article_modified_time":"2024-03-23T11:46:51+00:00","og_image":[{"width":500,"height":500,"url":"https:\/\/espak.ee\/epood\/wp-content\/uploads\/3853502.jpg","type":"image\/jpeg"}],"twitter_card":"summary_large_image","schema":{"@context":"https:\/\/schema.org","@graph":[{"@type":"WebPage","@id":"https:\/\/espak.ee\/epood\/toode\/saeketas-metallkraft-alu-o35524254mm-80t-3853502\/","url":"https:\/\/espak.ee\/epood\/toode\/saeketas-metallkraft-alu-o35524254mm-80t-3853502\/","name":"SAEKETAS METALLKRAFT ALU \u00d8355*2,4*25,4MM 80T 3853502 - Espak E-pood","isPartOf":{"@id":"https:\/\/espak.ee\/epood\/#website"},"primaryImageOfPage":{"@id":"https:\/\/espak.ee\/epood\/toode\/saeketas-metallkraft-alu-o35524254mm-80t-3853502\/#primaryimage"},"image":{"@id":"https:\/\/espak.ee\/epood\/toode\/saeketas-metallkraft-alu-o35524254mm-80t-3853502\/#primaryimage"},"thumbnailUrl":"https:\/\/espak.ee\/epood\/wp-content\/uploads\/3853502.jpg","datePublished":"2021-03-30T04:54:02+00:00","dateModified":"2024-03-23T11:46:51+00:00","breadcrumb":{"@id":"https:\/\/espak.ee\/epood\/toode\/saeketas-metallkraft-alu-o35524254mm-80t-3853502\/#breadcrumb"},"inLanguage":"et","potentialAction":[{"@type":"ReadAction","target":["https:\/\/espak.ee\/epood\/toode\/saeketas-metallkraft-alu-o35524254mm-80t-3853502\/"]}]},{"@type":"ImageObject","inLanguage":"et","@id":"https:\/\/espak.ee\/epood\/toode\/saeketas-metallkraft-alu-o35524254mm-80t-3853502\/#primaryimage","url":"https:\/\/espak.ee\/epood\/wp-content\/uploads\/3853502.jpg","contentUrl":"https:\/\/espak.ee\/epood\/wp-content\/uploads\/3853502.jpg","width":500,"height":500},{"@type":"BreadcrumbList","@id":"https:\/\/espak.ee\/epood\/toode\/saeketas-metallkraft-alu-o35524254mm-80t-3853502\/#breadcrumb","itemListElement":[{"@type":"ListItem","position":1,"name":"Home","item":"https:\/\/espak.ee\/epood\/"},{"@type":"ListItem","position":2,"name":"Tootevalik","item":"https:\/\/espak.ee\/epood\/tootevalik\/"},{"@type":"ListItem","position":3,"name":"SAEKETAS METALLKRAFT ALU \u00d8355*2,4*25,4MM 80T 3853502"}]},{"@type":"WebSite","@id":"https:\/\/espak.ee\/epood\/#website","url":"https:\/\/espak.ee\/epood\/","name":"Espak E-pood","description":"","potentialAction":[{"@type":"SearchAction","target":{"@type":"EntryPoint","urlTemplate":"https:\/\/espak.ee\/epood\/?s={search_term_string}"},"query-input":{"@type":"PropertyValueSpecification","valueRequired":true,"valueName":"search_term_string"}}],"inLanguage":"et"}]}},"_links":{"self":[{"href":"https:\/\/espak.ee\/epood\/wp-json\/wp\/v2\/product\/72607","targetHints":{"allow":["GET"]}}],"collection":[{"href":"https:\/\/espak.ee\/epood\/wp-json\/wp\/v2\/product"}],"about":[{"href":"https:\/\/espak.ee\/epood\/wp-json\/wp\/v2\/types\/product"}],"replies":[{"embeddable":true,"href":"https:\/\/espak.ee\/epood\/wp-json\/wp\/v2\/comments?post=72607"}],"wp:featuredmedia":[{"embeddable":true,"href":"https:\/\/espak.ee\/epood\/wp-json\/wp\/v2\/media\/74602"}],"wp:attachment":[{"href":"https:\/\/espak.ee\/epood\/wp-json\/wp\/v2\/media?parent=72607"}],"wp:term":[{"taxonomy":"product_brand","embeddable":true,"href":"https:\/\/espak.ee\/epood\/wp-json\/wp\/v2\/product_brand?post=72607"},{"taxonomy":"product_cat","embeddable":true,"href":"https:\/\/espak.ee\/epood\/wp-json\/wp\/v2\/product_cat?post=72607"},{"taxonomy":"product_tag","embeddable":true,"href":"https:\/\/espak.ee\/epood\/wp-json\/wp\/v2\/product_tag?post=72607"}],"curies":[{"name":"wp","href":"https:\/\/api.w.org\/{rel}","templated":true}]}}