{"id":72531,"date":"2021-03-30T01:19:48","date_gmt":"2021-03-30T01:19:48","guid":{"rendered":"https:\/\/espak.ee\/epood\/?post_type=product&#038;p=72531"},"modified":"2024-03-23T13:46:44","modified_gmt":"2024-03-23T11:46:44","slug":"metallilintsaag-metallkraft-mbs126","status":"publish","type":"product","link":"https:\/\/espak.ee\/epood\/toode\/metallilintsaag-metallkraft-mbs126\/","title":{"rendered":"METALLILINTSAAG METALLKRAFT MBS125"},"content":{"rendered":"<div class=\"row\"  id=\"row-740246064\">\n\n\t<div id=\"col-328836826\" class=\"col medium-9 small-12 large-9\"  >\n\t\t\t\t<div class=\"col-inner\"  >\n\t\t\t\n\t\t\t\n<div class=\"message-box relative\" style=\"padding-top:15px;padding-bottom:15px;\"><div class=\"message-box-bg-image bg-fill fill\" ><\/div><div class=\"message-box-bg-overlay bg-fill fill\" ><\/div><div class=\"container relative\"><div class=\"inner last-reset\">\n<div class=\"row align-middle align-center\"  id=\"row-1969155203\">\n\n\t<div id=\"col-134714004\" class=\"col small-12 large-12\"  >\n\t\t\t\t<div class=\"col-inner text-left\"  >\n\t\t\t\n\t\t\t\n<h4>Omadused<\/h4>\n<div class=\"row\"  id=\"row-1576434278\">\n\n\t<div id=\"col-1899071709\" class=\"col medium-6 small-12 large-6\"  >\n\t\t\t\t<div class=\"col-inner\"  >\n\t\t\t\n\t\t\t\n<p><i class=\"far fa-check-circle fa-2x\"><\/i><strong>\u00a0Ideaalne terase, alumiiniumi, vase, PVC ja tefloni saagimiseks. <\/strong><\/p>\n<p><i class=\"far fa-check-circle fa-2x\"><\/i><strong> V\u00e4hese m\u00fcraga &#8211; kuni 60% vaiksem kui teised sama klassi lintsaed.\u00a0<\/strong><\/p>\n<p><i class=\"far fa-check-circle fa-2x\"><\/i><strong> Garanteeritud l\u00f5iket\u00e4psus maksimaalse eksimusega 0,3mm 100m l\u00f5ike peale. <\/strong><\/p>\n<p><i class=\"far fa-check-circle fa-2x\"><\/i><strong> Elektrooniline temperatuuri ja amprite seire kaitseb \u00fclekuumenemise vastu.\u00a0<\/strong><\/p>\n<p><i class=\"far fa-check-circle fa-2x\"><\/i><strong> Kaks liigutatavat metallist juhikut detailide paigal hoidmiseks.\u00a0<\/strong><\/p>\n\t\t<\/div>\n\t\t\t\t\n<style>\n#col-1899071709 > .col-inner {\n  margin: 0px 0px 15px 0px;\n}\n<\/style>\n\t<\/div>\n\n\t\n\n\t<div id=\"col-996118433\" class=\"col medium-6 small-12 large-6\"  >\n\t\t\t\t<div class=\"col-inner\"  >\n\t\t\t\n\t\t\t\n<p><i class=\"far fa-check-circle fa-2x\"><\/i><strong> Astmetu, elektrooniline kiiruseregulaator vahemikus 30-80m\/min <\/strong><\/p>\n<p><i class=\"far fa-check-circle fa-2x\"><\/i><strong> Madal vibratsioon ja kulumine t\u00e4nu spetsiaalsele k\u00e4igukastile.\u00a0<\/strong><\/p>\n<p><i class=\"far fa-check-circle fa-2x\"><\/i><strong> Iga masina t\u00e4psus individuaalselt testitud Itaalias.\u00a0<\/strong><\/p>\n<p><i class=\"far fa-check-circle fa-2x\"><\/i><strong> Sobib nii kuiv- kui ka m\u00e4rgl\u00f5igeteks.\u00a0<\/strong><\/p>\n<p><i class=\"far fa-check-circle fa-2x\"><\/i><strong> Hoolduss\u00f5bralik t\u00e4nu h\u00f5lpsele ligip\u00e4\u00e4setavusele\u00a0<\/strong><\/p>\n\t\t<\/div>\n\t\t\t\t\n<style>\n#col-996118433 > .col-inner {\n  margin: 0px 0px 15px 0px;\n}\n<\/style>\n\t<\/div>\n\n\t\n<\/div>\n\t\t<\/div>\n\t\t\t\t\t<\/div>\n\n\t\n<\/div>\n<\/div><\/div><\/div>\n\t<div id=\"gap-70850000\" class=\"gap-element clearfix\" style=\"display:block; height:auto;\">\n\t\t\n<style>\n#gap-70850000 {\n  padding-top: 30px;\n}\n<\/style>\n\t<\/div>\n\t\n\t\t<\/div>\n\t\t\t\t\t<\/div>\n\n\t\n\n\t<div id=\"col-357457691\" class=\"col medium-3 small-12 large-3\"  >\n\t\t\t\t<div class=\"col-inner\"  >\n\t\t\t\n\t\t\t\n\t<div id=\"gap-634129509\" class=\"gap-element clearfix\" style=\"display:block; height:auto;\">\n\t\t\n<style>\n#gap-634129509 {\n  padding-top: 30px;\n}\n<\/style>\n\t<\/div>\n\t\n<h2>L\u00f5ikev\u00f5imekus<\/h2>\n<p>0\u00b0 \u00fcmar (toru): 125 mm<br \/>\n0\u00b0 \u00fcmar (tahke materjal): 87.5 mm<br \/>\n0\u00b0 kandiline horisontaal (seest t\u00fchi): 125 x 120 mm<br \/>\n0\u00b0 kandiline p\u00fcstipidi (seest t\u00fchi): 120 x 125 mm<br \/>\n+45\u00b0 \u00fcmar (toru): 80 mm<br \/>\n+45\u00b0 \u00fcmar (tahke materjal): 56 mm<br \/>\n+45\u00b0 kandiline horisontaal (seest t\u00fchi): 110 x 70 mm<br \/>\n+45\u00b0 rectangle upright (hollow): 70 x 110 mm<br \/>\n+60\u00b0 \u00fcmar (toru): 45 mm<br \/>\n+60\u00b0 \u00fcmar (tahke materjal): 31.5 mm<br \/>\n+60\u00b0 kandiline horisontaal (seest t\u00fchi): 70 x 40 mm<br \/>\n+60\u00b0 kandiline p\u00fcstipidi (seest t\u00fchi): 40 x 70 mm<\/p>\n\t<div id=\"gap-1653709320\" class=\"gap-element clearfix\" style=\"display:block; height:auto;\">\n\t\t\n<style>\n#gap-1653709320 {\n  padding-top: 30px;\n}\n<\/style>\n\t<\/div>\n\t\n<h3>Kasutusjuhend<\/h3>\n<p><a href=\"https:\/\/espak.ee\/epood\/wp-content\/uploads\/2021\/05\/Metallilintsaag-MBS-105_125_150_155K.pdf\" target=\"_blank\" rel=\"noopener noreferrer\"><i class=\"far fa-file-pdf\"><\/i> Kasutusjuhend (PDF)<\/a><\/p>\n<div class=\"is-divider divider clearfix\" ><\/div>\n<p><strong>\u00dcksikasjalikuma n\u00f5u saamiseks v\u00f5tke \u00fchendust:<br \/>\n<\/strong>Espak AS<br \/>\nViadukti 42<br \/>\n11313<br \/>\nTallinn<br \/>\n+372 6 512333<\/p>\n\t\t<\/div>\n\t\t\t\t\t<\/div>\n\n\t\n<\/div>\n","protected":false},"excerpt":{"rendered":"","protected":false},"featured_media":82592,"comment_status":"closed","ping_status":"closed","template":"","meta":[],"product_brand":[],"product_cat":[2680,3451,2681,2679],"product_tag":[],"class_list":{"0":"post-72531","1":"product","2":"type-product","3":"status-publish","4":"has-post-thumbnail","6":"product_cat-elektritooriistad","7":"product_cat-lintsaed","8":"product_cat-masinad-ja-seadmed","9":"product_cat-tooriistad","10":"pa_kaubamark-metallkraft","12":"first","13":"instock","14":"sale","15":"taxable","16":"shipping-taxable","17":"purchasable","18":"product-type-simple"},"yoast_head":"<!-- This site is optimized with the Yoast SEO plugin v26.9 - https:\/\/yoast.com\/product\/yoast-seo-wordpress\/ -->\n<title>METALLILINTSAAG METALLKRAFT MBS125 - Espak E-pood<\/title>\n<meta name=\"robots\" content=\"index, follow, max-snippet:-1, max-image-preview:large, max-video-preview:-1\" \/>\n<link rel=\"canonical\" href=\"https:\/\/espak.ee\/epood\/toode\/metallilintsaag-metallkraft-mbs126\/\" \/>\n<meta property=\"og:locale\" content=\"et_EE\" \/>\n<meta property=\"og:type\" content=\"article\" \/>\n<meta property=\"og:title\" content=\"METALLILINTSAAG METALLKRAFT MBS125 - Espak E-pood\" \/>\n<meta property=\"og:url\" content=\"https:\/\/espak.ee\/epood\/toode\/metallilintsaag-metallkraft-mbs126\/\" \/>\n<meta property=\"og:site_name\" content=\"Espak E-pood\" \/>\n<meta property=\"article:modified_time\" content=\"2024-03-23T11:46:44+00:00\" \/>\n<meta property=\"og:image\" content=\"https:\/\/espak.ee\/epood\/wp-content\/uploads\/2021\/03\/MBS125_3630125.jpg\" \/>\n\t<meta property=\"og:image:width\" content=\"500\" \/>\n\t<meta property=\"og:image:height\" content=\"500\" \/>\n\t<meta property=\"og:image:type\" content=\"image\/jpeg\" \/>\n<meta name=\"twitter:card\" content=\"summary_large_image\" \/>\n<meta name=\"twitter:label1\" content=\"Est. reading time\" \/>\n\t<meta name=\"twitter:data1\" content=\"1 minut\" \/>\n<script type=\"application\/ld+json\" class=\"yoast-schema-graph\">{\"@context\":\"https:\/\/schema.org\",\"@graph\":[{\"@type\":\"WebPage\",\"@id\":\"https:\/\/espak.ee\/epood\/toode\/metallilintsaag-metallkraft-mbs126\/\",\"url\":\"https:\/\/espak.ee\/epood\/toode\/metallilintsaag-metallkraft-mbs126\/\",\"name\":\"METALLILINTSAAG METALLKRAFT MBS125 - Espak E-pood\",\"isPartOf\":{\"@id\":\"https:\/\/espak.ee\/epood\/#website\"},\"primaryImageOfPage\":{\"@id\":\"https:\/\/espak.ee\/epood\/toode\/metallilintsaag-metallkraft-mbs126\/#primaryimage\"},\"image\":{\"@id\":\"https:\/\/espak.ee\/epood\/toode\/metallilintsaag-metallkraft-mbs126\/#primaryimage\"},\"thumbnailUrl\":\"https:\/\/espak.ee\/epood\/wp-content\/uploads\/2021\/03\/MBS125_3630125.jpg\",\"datePublished\":\"2021-03-30T01:19:48+00:00\",\"dateModified\":\"2024-03-23T11:46:44+00:00\",\"breadcrumb\":{\"@id\":\"https:\/\/espak.ee\/epood\/toode\/metallilintsaag-metallkraft-mbs126\/#breadcrumb\"},\"inLanguage\":\"et\",\"potentialAction\":[{\"@type\":\"ReadAction\",\"target\":[\"https:\/\/espak.ee\/epood\/toode\/metallilintsaag-metallkraft-mbs126\/\"]}]},{\"@type\":\"ImageObject\",\"inLanguage\":\"et\",\"@id\":\"https:\/\/espak.ee\/epood\/toode\/metallilintsaag-metallkraft-mbs126\/#primaryimage\",\"url\":\"https:\/\/espak.ee\/epood\/wp-content\/uploads\/2021\/03\/MBS125_3630125.jpg\",\"contentUrl\":\"https:\/\/espak.ee\/epood\/wp-content\/uploads\/2021\/03\/MBS125_3630125.jpg\",\"width\":500,\"height\":500},{\"@type\":\"BreadcrumbList\",\"@id\":\"https:\/\/espak.ee\/epood\/toode\/metallilintsaag-metallkraft-mbs126\/#breadcrumb\",\"itemListElement\":[{\"@type\":\"ListItem\",\"position\":1,\"name\":\"Home\",\"item\":\"https:\/\/espak.ee\/epood\/\"},{\"@type\":\"ListItem\",\"position\":2,\"name\":\"Tootevalik\",\"item\":\"https:\/\/espak.ee\/epood\/tootevalik\/\"},{\"@type\":\"ListItem\",\"position\":3,\"name\":\"METALLILINTSAAG METALLKRAFT MBS125\"}]},{\"@type\":\"WebSite\",\"@id\":\"https:\/\/espak.ee\/epood\/#website\",\"url\":\"https:\/\/espak.ee\/epood\/\",\"name\":\"Espak E-pood\",\"description\":\"\",\"potentialAction\":[{\"@type\":\"SearchAction\",\"target\":{\"@type\":\"EntryPoint\",\"urlTemplate\":\"https:\/\/espak.ee\/epood\/?s={search_term_string}\"},\"query-input\":{\"@type\":\"PropertyValueSpecification\",\"valueRequired\":true,\"valueName\":\"search_term_string\"}}],\"inLanguage\":\"et\"}]}<\/script>\n<!-- \/ Yoast SEO plugin. -->","yoast_head_json":{"title":"METALLILINTSAAG METALLKRAFT MBS125 - Espak E-pood","robots":{"index":"index","follow":"follow","max-snippet":"max-snippet:-1","max-image-preview":"max-image-preview:large","max-video-preview":"max-video-preview:-1"},"canonical":"https:\/\/espak.ee\/epood\/toode\/metallilintsaag-metallkraft-mbs126\/","og_locale":"et_EE","og_type":"article","og_title":"METALLILINTSAAG METALLKRAFT MBS125 - Espak E-pood","og_url":"https:\/\/espak.ee\/epood\/toode\/metallilintsaag-metallkraft-mbs126\/","og_site_name":"Espak E-pood","article_modified_time":"2024-03-23T11:46:44+00:00","og_image":[{"width":500,"height":500,"url":"https:\/\/espak.ee\/epood\/wp-content\/uploads\/2021\/03\/MBS125_3630125.jpg","type":"image\/jpeg"}],"twitter_card":"summary_large_image","twitter_misc":{"Est. reading time":"1 minut"},"schema":{"@context":"https:\/\/schema.org","@graph":[{"@type":"WebPage","@id":"https:\/\/espak.ee\/epood\/toode\/metallilintsaag-metallkraft-mbs126\/","url":"https:\/\/espak.ee\/epood\/toode\/metallilintsaag-metallkraft-mbs126\/","name":"METALLILINTSAAG METALLKRAFT MBS125 - Espak E-pood","isPartOf":{"@id":"https:\/\/espak.ee\/epood\/#website"},"primaryImageOfPage":{"@id":"https:\/\/espak.ee\/epood\/toode\/metallilintsaag-metallkraft-mbs126\/#primaryimage"},"image":{"@id":"https:\/\/espak.ee\/epood\/toode\/metallilintsaag-metallkraft-mbs126\/#primaryimage"},"thumbnailUrl":"https:\/\/espak.ee\/epood\/wp-content\/uploads\/2021\/03\/MBS125_3630125.jpg","datePublished":"2021-03-30T01:19:48+00:00","dateModified":"2024-03-23T11:46:44+00:00","breadcrumb":{"@id":"https:\/\/espak.ee\/epood\/toode\/metallilintsaag-metallkraft-mbs126\/#breadcrumb"},"inLanguage":"et","potentialAction":[{"@type":"ReadAction","target":["https:\/\/espak.ee\/epood\/toode\/metallilintsaag-metallkraft-mbs126\/"]}]},{"@type":"ImageObject","inLanguage":"et","@id":"https:\/\/espak.ee\/epood\/toode\/metallilintsaag-metallkraft-mbs126\/#primaryimage","url":"https:\/\/espak.ee\/epood\/wp-content\/uploads\/2021\/03\/MBS125_3630125.jpg","contentUrl":"https:\/\/espak.ee\/epood\/wp-content\/uploads\/2021\/03\/MBS125_3630125.jpg","width":500,"height":500},{"@type":"BreadcrumbList","@id":"https:\/\/espak.ee\/epood\/toode\/metallilintsaag-metallkraft-mbs126\/#breadcrumb","itemListElement":[{"@type":"ListItem","position":1,"name":"Home","item":"https:\/\/espak.ee\/epood\/"},{"@type":"ListItem","position":2,"name":"Tootevalik","item":"https:\/\/espak.ee\/epood\/tootevalik\/"},{"@type":"ListItem","position":3,"name":"METALLILINTSAAG METALLKRAFT MBS125"}]},{"@type":"WebSite","@id":"https:\/\/espak.ee\/epood\/#website","url":"https:\/\/espak.ee\/epood\/","name":"Espak E-pood","description":"","potentialAction":[{"@type":"SearchAction","target":{"@type":"EntryPoint","urlTemplate":"https:\/\/espak.ee\/epood\/?s={search_term_string}"},"query-input":{"@type":"PropertyValueSpecification","valueRequired":true,"valueName":"search_term_string"}}],"inLanguage":"et"}]}},"_links":{"self":[{"href":"https:\/\/espak.ee\/epood\/wp-json\/wp\/v2\/product\/72531","targetHints":{"allow":["GET"]}}],"collection":[{"href":"https:\/\/espak.ee\/epood\/wp-json\/wp\/v2\/product"}],"about":[{"href":"https:\/\/espak.ee\/epood\/wp-json\/wp\/v2\/types\/product"}],"replies":[{"embeddable":true,"href":"https:\/\/espak.ee\/epood\/wp-json\/wp\/v2\/comments?post=72531"}],"wp:featuredmedia":[{"embeddable":true,"href":"https:\/\/espak.ee\/epood\/wp-json\/wp\/v2\/media\/82592"}],"wp:attachment":[{"href":"https:\/\/espak.ee\/epood\/wp-json\/wp\/v2\/media?parent=72531"}],"wp:term":[{"taxonomy":"product_brand","embeddable":true,"href":"https:\/\/espak.ee\/epood\/wp-json\/wp\/v2\/product_brand?post=72531"},{"taxonomy":"product_cat","embeddable":true,"href":"https:\/\/espak.ee\/epood\/wp-json\/wp\/v2\/product_cat?post=72531"},{"taxonomy":"product_tag","embeddable":true,"href":"https:\/\/espak.ee\/epood\/wp-json\/wp\/v2\/product_tag?post=72531"}],"curies":[{"name":"wp","href":"https:\/\/api.w.org\/{rel}","templated":true}]}}