{"id":72461,"date":"2021-03-29T23:36:02","date_gmt":"2021-03-29T23:36:02","guid":{"rendered":"https:\/\/espak.ee\/epood\/?post_type=product&#038;p=72461"},"modified":"2024-03-23T13:47:52","modified_gmt":"2024-03-23T11:47:52","slug":"suruohuvoolik-85125mm-10m-aircraft-2106910","status":"publish","type":"product","link":"https:\/\/espak.ee\/epood\/toode\/suruohuvoolik-85125mm-10m-aircraft-2106910\/","title":{"rendered":"SURU\u00d5HUVOOLIK 8,5*12,5MM 10M AIRCRAFT 2106910"},"content":{"rendered":"<p>Vooliku l\u00e4bim\u00f5\u00f5t: 8 mm \/ 12 mm<br \/>\nVooliku pikkus: 10 m<\/p>\n","protected":false},"excerpt":{"rendered":"<p>Vooliku l\u00e4bim\u00f5\u00f5t: 8 mm \/ 12 mm Vooliku pikkus: 10 m<\/p>\n","protected":false},"featured_media":73247,"comment_status":"closed","ping_status":"closed","template":"","meta":[],"product_brand":[],"product_cat":[2680,2783,3174,2679],"product_tag":[],"class_list":{"0":"post-72461","1":"product","2":"type-product","3":"status-publish","4":"has-post-thumbnail","6":"product_cat-elektritooriistad","7":"product_cat-suruohutooriistad","8":"product_cat-suruohutooriistade-tarvikud","9":"product_cat-tooriistad","10":"pa_kaubamark-aircraft","12":"first","13":"instock","14":"sale","15":"taxable","16":"shipping-taxable","17":"purchasable","18":"product-type-simple"},"yoast_head":"<!-- This site is optimized with the Yoast SEO plugin v26.9 - https:\/\/yoast.com\/product\/yoast-seo-wordpress\/ -->\n<title>SURU\u00d5HUVOOLIK 8,5*12,5MM 10M AIRCRAFT 2106910 - Espak E-pood<\/title>\n<meta name=\"robots\" content=\"index, follow, max-snippet:-1, max-image-preview:large, max-video-preview:-1\" \/>\n<link rel=\"canonical\" href=\"https:\/\/espak.ee\/epood\/toode\/suruohuvoolik-85125mm-10m-aircraft-2106910\/\" \/>\n<meta property=\"og:locale\" content=\"et_EE\" \/>\n<meta property=\"og:type\" content=\"article\" \/>\n<meta property=\"og:title\" content=\"SURU\u00d5HUVOOLIK 8,5*12,5MM 10M AIRCRAFT 2106910 - Espak E-pood\" \/>\n<meta property=\"og:description\" content=\"Vooliku l\u00e4bim\u00f5\u00f5t: 8 mm \/ 12 mm Vooliku pikkus: 10 m\" \/>\n<meta property=\"og:url\" content=\"https:\/\/espak.ee\/epood\/toode\/suruohuvoolik-85125mm-10m-aircraft-2106910\/\" \/>\n<meta property=\"og:site_name\" content=\"Espak E-pood\" \/>\n<meta property=\"article:modified_time\" content=\"2024-03-23T11:47:52+00:00\" \/>\n<meta property=\"og:image\" content=\"https:\/\/espak.ee\/epood\/wp-content\/uploads\/ART_2106910_2106910_01_231209_web.jpg\" \/>\n\t<meta property=\"og:image:width\" content=\"1400\" \/>\n\t<meta property=\"og:image:height\" content=\"1022\" \/>\n\t<meta property=\"og:image:type\" content=\"image\/jpeg\" \/>\n<meta name=\"twitter:card\" content=\"summary_large_image\" \/>\n<script type=\"application\/ld+json\" class=\"yoast-schema-graph\">{\"@context\":\"https:\/\/schema.org\",\"@graph\":[{\"@type\":\"WebPage\",\"@id\":\"https:\/\/espak.ee\/epood\/toode\/suruohuvoolik-85125mm-10m-aircraft-2106910\/\",\"url\":\"https:\/\/espak.ee\/epood\/toode\/suruohuvoolik-85125mm-10m-aircraft-2106910\/\",\"name\":\"SURU\u00d5HUVOOLIK 8,5*12,5MM 10M AIRCRAFT 2106910 - Espak E-pood\",\"isPartOf\":{\"@id\":\"https:\/\/espak.ee\/epood\/#website\"},\"primaryImageOfPage\":{\"@id\":\"https:\/\/espak.ee\/epood\/toode\/suruohuvoolik-85125mm-10m-aircraft-2106910\/#primaryimage\"},\"image\":{\"@id\":\"https:\/\/espak.ee\/epood\/toode\/suruohuvoolik-85125mm-10m-aircraft-2106910\/#primaryimage\"},\"thumbnailUrl\":\"https:\/\/espak.ee\/epood\/wp-content\/uploads\/ART_2106910_2106910_01_231209_web.jpg\",\"datePublished\":\"2021-03-29T23:36:02+00:00\",\"dateModified\":\"2024-03-23T11:47:52+00:00\",\"breadcrumb\":{\"@id\":\"https:\/\/espak.ee\/epood\/toode\/suruohuvoolik-85125mm-10m-aircraft-2106910\/#breadcrumb\"},\"inLanguage\":\"et\",\"potentialAction\":[{\"@type\":\"ReadAction\",\"target\":[\"https:\/\/espak.ee\/epood\/toode\/suruohuvoolik-85125mm-10m-aircraft-2106910\/\"]}]},{\"@type\":\"ImageObject\",\"inLanguage\":\"et\",\"@id\":\"https:\/\/espak.ee\/epood\/toode\/suruohuvoolik-85125mm-10m-aircraft-2106910\/#primaryimage\",\"url\":\"https:\/\/espak.ee\/epood\/wp-content\/uploads\/ART_2106910_2106910_01_231209_web.jpg\",\"contentUrl\":\"https:\/\/espak.ee\/epood\/wp-content\/uploads\/ART_2106910_2106910_01_231209_web.jpg\",\"width\":1400,\"height\":1022},{\"@type\":\"BreadcrumbList\",\"@id\":\"https:\/\/espak.ee\/epood\/toode\/suruohuvoolik-85125mm-10m-aircraft-2106910\/#breadcrumb\",\"itemListElement\":[{\"@type\":\"ListItem\",\"position\":1,\"name\":\"Home\",\"item\":\"https:\/\/espak.ee\/epood\/\"},{\"@type\":\"ListItem\",\"position\":2,\"name\":\"Tootevalik\",\"item\":\"https:\/\/espak.ee\/epood\/tootevalik\/\"},{\"@type\":\"ListItem\",\"position\":3,\"name\":\"SURU\u00d5HUVOOLIK 8,5*12,5MM 10M AIRCRAFT 2106910\"}]},{\"@type\":\"WebSite\",\"@id\":\"https:\/\/espak.ee\/epood\/#website\",\"url\":\"https:\/\/espak.ee\/epood\/\",\"name\":\"Espak E-pood\",\"description\":\"\",\"potentialAction\":[{\"@type\":\"SearchAction\",\"target\":{\"@type\":\"EntryPoint\",\"urlTemplate\":\"https:\/\/espak.ee\/epood\/?s={search_term_string}\"},\"query-input\":{\"@type\":\"PropertyValueSpecification\",\"valueRequired\":true,\"valueName\":\"search_term_string\"}}],\"inLanguage\":\"et\"}]}<\/script>\n<!-- \/ Yoast SEO plugin. -->","yoast_head_json":{"title":"SURU\u00d5HUVOOLIK 8,5*12,5MM 10M AIRCRAFT 2106910 - Espak E-pood","robots":{"index":"index","follow":"follow","max-snippet":"max-snippet:-1","max-image-preview":"max-image-preview:large","max-video-preview":"max-video-preview:-1"},"canonical":"https:\/\/espak.ee\/epood\/toode\/suruohuvoolik-85125mm-10m-aircraft-2106910\/","og_locale":"et_EE","og_type":"article","og_title":"SURU\u00d5HUVOOLIK 8,5*12,5MM 10M AIRCRAFT 2106910 - Espak E-pood","og_description":"Vooliku l\u00e4bim\u00f5\u00f5t: 8 mm \/ 12 mm Vooliku pikkus: 10 m","og_url":"https:\/\/espak.ee\/epood\/toode\/suruohuvoolik-85125mm-10m-aircraft-2106910\/","og_site_name":"Espak E-pood","article_modified_time":"2024-03-23T11:47:52+00:00","og_image":[{"width":1400,"height":1022,"url":"https:\/\/espak.ee\/epood\/wp-content\/uploads\/ART_2106910_2106910_01_231209_web.jpg","type":"image\/jpeg"}],"twitter_card":"summary_large_image","schema":{"@context":"https:\/\/schema.org","@graph":[{"@type":"WebPage","@id":"https:\/\/espak.ee\/epood\/toode\/suruohuvoolik-85125mm-10m-aircraft-2106910\/","url":"https:\/\/espak.ee\/epood\/toode\/suruohuvoolik-85125mm-10m-aircraft-2106910\/","name":"SURU\u00d5HUVOOLIK 8,5*12,5MM 10M AIRCRAFT 2106910 - Espak E-pood","isPartOf":{"@id":"https:\/\/espak.ee\/epood\/#website"},"primaryImageOfPage":{"@id":"https:\/\/espak.ee\/epood\/toode\/suruohuvoolik-85125mm-10m-aircraft-2106910\/#primaryimage"},"image":{"@id":"https:\/\/espak.ee\/epood\/toode\/suruohuvoolik-85125mm-10m-aircraft-2106910\/#primaryimage"},"thumbnailUrl":"https:\/\/espak.ee\/epood\/wp-content\/uploads\/ART_2106910_2106910_01_231209_web.jpg","datePublished":"2021-03-29T23:36:02+00:00","dateModified":"2024-03-23T11:47:52+00:00","breadcrumb":{"@id":"https:\/\/espak.ee\/epood\/toode\/suruohuvoolik-85125mm-10m-aircraft-2106910\/#breadcrumb"},"inLanguage":"et","potentialAction":[{"@type":"ReadAction","target":["https:\/\/espak.ee\/epood\/toode\/suruohuvoolik-85125mm-10m-aircraft-2106910\/"]}]},{"@type":"ImageObject","inLanguage":"et","@id":"https:\/\/espak.ee\/epood\/toode\/suruohuvoolik-85125mm-10m-aircraft-2106910\/#primaryimage","url":"https:\/\/espak.ee\/epood\/wp-content\/uploads\/ART_2106910_2106910_01_231209_web.jpg","contentUrl":"https:\/\/espak.ee\/epood\/wp-content\/uploads\/ART_2106910_2106910_01_231209_web.jpg","width":1400,"height":1022},{"@type":"BreadcrumbList","@id":"https:\/\/espak.ee\/epood\/toode\/suruohuvoolik-85125mm-10m-aircraft-2106910\/#breadcrumb","itemListElement":[{"@type":"ListItem","position":1,"name":"Home","item":"https:\/\/espak.ee\/epood\/"},{"@type":"ListItem","position":2,"name":"Tootevalik","item":"https:\/\/espak.ee\/epood\/tootevalik\/"},{"@type":"ListItem","position":3,"name":"SURU\u00d5HUVOOLIK 8,5*12,5MM 10M AIRCRAFT 2106910"}]},{"@type":"WebSite","@id":"https:\/\/espak.ee\/epood\/#website","url":"https:\/\/espak.ee\/epood\/","name":"Espak E-pood","description":"","potentialAction":[{"@type":"SearchAction","target":{"@type":"EntryPoint","urlTemplate":"https:\/\/espak.ee\/epood\/?s={search_term_string}"},"query-input":{"@type":"PropertyValueSpecification","valueRequired":true,"valueName":"search_term_string"}}],"inLanguage":"et"}]}},"_links":{"self":[{"href":"https:\/\/espak.ee\/epood\/wp-json\/wp\/v2\/product\/72461","targetHints":{"allow":["GET"]}}],"collection":[{"href":"https:\/\/espak.ee\/epood\/wp-json\/wp\/v2\/product"}],"about":[{"href":"https:\/\/espak.ee\/epood\/wp-json\/wp\/v2\/types\/product"}],"replies":[{"embeddable":true,"href":"https:\/\/espak.ee\/epood\/wp-json\/wp\/v2\/comments?post=72461"}],"wp:featuredmedia":[{"embeddable":true,"href":"https:\/\/espak.ee\/epood\/wp-json\/wp\/v2\/media\/73247"}],"wp:attachment":[{"href":"https:\/\/espak.ee\/epood\/wp-json\/wp\/v2\/media?parent=72461"}],"wp:term":[{"taxonomy":"product_brand","embeddable":true,"href":"https:\/\/espak.ee\/epood\/wp-json\/wp\/v2\/product_brand?post=72461"},{"taxonomy":"product_cat","embeddable":true,"href":"https:\/\/espak.ee\/epood\/wp-json\/wp\/v2\/product_cat?post=72461"},{"taxonomy":"product_tag","embeddable":true,"href":"https:\/\/espak.ee\/epood\/wp-json\/wp\/v2\/product_tag?post=72461"}],"curies":[{"name":"wp","href":"https:\/\/api.w.org\/{rel}","templated":true}]}}