{"id":71020,"date":"2021-03-25T03:12:02","date_gmt":"2021-03-25T03:12:02","guid":{"rendered":"https:\/\/espak.ee\/epood\/?post_type=product&#038;p=71020"},"modified":"2024-03-23T13:49:22","modified_gmt":"2024-03-23T11:49:22","slug":"puutetundlik-2-ahela-dimmer-luliti-kokku-max-700w-sisu","status":"publish","type":"product","link":"https:\/\/espak.ee\/epood\/toode\/puutetundlik-2-ahela-dimmer-luliti-kokku-max-700w-sisu\/","title":{"rendered":"PUUTETUNDLIK 2-AHELA DIMMER-L\u00dcLITI, KOKKU MAX 700W, SISU"},"content":{"rendered":"<div class=\"row\"  id=\"row-649470838\">\n\n\t<div id=\"col-117116593\" class=\"col medium-9 small-12 large-9\"  >\n\t\t\t\t<div class=\"col-inner\"  >\n\t\t\t\n\t\t\t\n<h3>Puutetundlik 2-ahela dimmer-l\u00fcliti, kokku MAX 700W, sisu<\/h3>\n<p>Funktsioon: sisse-v\u00e4lja l\u00fclitus ning valgustugevuse reguleerimine<\/p>\n<p>Ahelaid: 2<\/p>\n<p>M\u00f5\u00f5dud: 50 x 50 x 30 mm<\/p>\n<p>Materjal: termoplastik<\/p>\n<p>Nimivool: 5A Nimipinge: 240V<\/p>\n<p>Kaitseklass: IP20<\/p>\n<p>T\u00f6\u00f6temperatuur: -20\u2103-70\u2103,<\/p>\n<p>l\u00fcliti kokku max 700W<\/p>\n<p>V\u00e4hemalt 100000 sisse-v\u00e4lja l\u00fclitust<\/p>\n<p>Metallist paigaldusraam on komplektis klaaspaneeliga.<\/p>\n<p>NB! EI SISALDA KLAASPANEELI!<\/p>\n<p>NB! Anomaaliate esinemisel (s\u00e4\u00e4stlike valgusallikatega vilgub, h\u00f5\u00f5gub) kasutada LED adapterit.<\/p>\n<p>K\u00f5ik TENUX tooted sobivad \u00fcldkasutatavatesse kruvikinnitusega seadmetoosidesse.<\/p>\n<p>NB! L\u00dcLITI DIMMERDAB H\u00d5\u00d5G- JA HALOGEENLAMPI, LED-I EGA S\u00c4\u00c4STULAMPI EI DIMMERDA! <\/p>\n\t\t<\/div>\n\t\t\t\t\t<\/div>\n\n\t\n\n\t<div id=\"col-463150824\" class=\"col medium-3 small-12 large-3\"  >\n\t\t\t\t<div class=\"col-inner\"  >\n\t\t\t\n\t\t\t\n\t<div id=\"gap-1469047578\" class=\"gap-element clearfix\" style=\"display:block; height:auto;\">\n\t\t\n<style>\n#gap-1469047578 {\n  padding-top: 30px;\n}\n<\/style>\n\t<\/div>\n\t\n<p><strong>\u00dcksikasjalikuma n\u00f5u saamiseks v\u00f5tke \u00fchendust:<br \/><\/strong>Tenux O\u00dc<br \/>P\u00e4rnu mnt 105<br \/>Tallinn<br \/>+372 56214111<\/p>\n\t\t<\/div>\n\t\t\t\t\t<\/div>\n\n\t\n<\/div>\n","protected":false},"excerpt":{"rendered":"","protected":false},"featured_media":78743,"comment_status":"closed","ping_status":"closed","template":"","meta":[],"product_brand":[],"product_cat":[3227,2935,2934,3224],"product_tag":[],"class_list":{"0":"post-71020","1":"product","2":"type-product","3":"status-publish","4":"has-post-thumbnail","6":"product_cat-dimmerid","7":"product_cat-elektrikaubad","8":"product_cat-elektrikaubad-ja-valgustid","9":"product_cat-lulitid-ja-pistikupesad","10":"pa_kaubamark-tenux-ou","12":"first","13":"outofstock","14":"sale","15":"taxable","16":"shipping-taxable","17":"purchasable","18":"product-type-simple"},"yoast_head":"<!-- This site is optimized with the Yoast SEO plugin v26.9 - https:\/\/yoast.com\/product\/yoast-seo-wordpress\/ -->\n<title>PUUTETUNDLIK 2-AHELA DIMMER-L\u00dcLITI, KOKKU MAX 700W, SISU - Espak E-pood<\/title>\n<meta name=\"robots\" content=\"index, follow, max-snippet:-1, max-image-preview:large, max-video-preview:-1\" \/>\n<link rel=\"canonical\" href=\"https:\/\/espak.ee\/epood\/toode\/puutetundlik-2-ahela-dimmer-luliti-kokku-max-700w-sisu\/\" \/>\n<meta property=\"og:locale\" content=\"et_EE\" \/>\n<meta property=\"og:type\" content=\"article\" \/>\n<meta property=\"og:title\" content=\"PUUTETUNDLIK 2-AHELA DIMMER-L\u00dcLITI, KOKKU MAX 700W, SISU - Espak E-pood\" \/>\n<meta property=\"og:url\" content=\"https:\/\/espak.ee\/epood\/toode\/puutetundlik-2-ahela-dimmer-luliti-kokku-max-700w-sisu\/\" \/>\n<meta property=\"og:site_name\" content=\"Espak E-pood\" \/>\n<meta property=\"article:modified_time\" content=\"2024-03-23T11:49:22+00:00\" \/>\n<meta property=\"og:image\" content=\"https:\/\/espak.ee\/epood\/wp-content\/uploads\/2021\/03\/2GANG-2.jpg\" \/>\n\t<meta property=\"og:image:width\" content=\"800\" \/>\n\t<meta property=\"og:image:height\" content=\"800\" \/>\n\t<meta property=\"og:image:type\" content=\"image\/jpeg\" \/>\n<meta name=\"twitter:card\" content=\"summary_large_image\" \/>\n<meta name=\"twitter:label1\" content=\"Est. reading time\" \/>\n\t<meta name=\"twitter:data1\" content=\"1 minut\" \/>\n<script type=\"application\/ld+json\" class=\"yoast-schema-graph\">{\"@context\":\"https:\/\/schema.org\",\"@graph\":[{\"@type\":\"WebPage\",\"@id\":\"https:\/\/espak.ee\/epood\/toode\/puutetundlik-2-ahela-dimmer-luliti-kokku-max-700w-sisu\/\",\"url\":\"https:\/\/espak.ee\/epood\/toode\/puutetundlik-2-ahela-dimmer-luliti-kokku-max-700w-sisu\/\",\"name\":\"PUUTETUNDLIK 2-AHELA DIMMER-L\u00dcLITI, KOKKU MAX 700W, SISU - Espak E-pood\",\"isPartOf\":{\"@id\":\"https:\/\/espak.ee\/epood\/#website\"},\"primaryImageOfPage\":{\"@id\":\"https:\/\/espak.ee\/epood\/toode\/puutetundlik-2-ahela-dimmer-luliti-kokku-max-700w-sisu\/#primaryimage\"},\"image\":{\"@id\":\"https:\/\/espak.ee\/epood\/toode\/puutetundlik-2-ahela-dimmer-luliti-kokku-max-700w-sisu\/#primaryimage\"},\"thumbnailUrl\":\"https:\/\/espak.ee\/epood\/wp-content\/uploads\/2021\/03\/2GANG-2.jpg\",\"datePublished\":\"2021-03-25T03:12:02+00:00\",\"dateModified\":\"2024-03-23T11:49:22+00:00\",\"breadcrumb\":{\"@id\":\"https:\/\/espak.ee\/epood\/toode\/puutetundlik-2-ahela-dimmer-luliti-kokku-max-700w-sisu\/#breadcrumb\"},\"inLanguage\":\"et\",\"potentialAction\":[{\"@type\":\"ReadAction\",\"target\":[\"https:\/\/espak.ee\/epood\/toode\/puutetundlik-2-ahela-dimmer-luliti-kokku-max-700w-sisu\/\"]}]},{\"@type\":\"ImageObject\",\"inLanguage\":\"et\",\"@id\":\"https:\/\/espak.ee\/epood\/toode\/puutetundlik-2-ahela-dimmer-luliti-kokku-max-700w-sisu\/#primaryimage\",\"url\":\"https:\/\/espak.ee\/epood\/wp-content\/uploads\/2021\/03\/2GANG-2.jpg\",\"contentUrl\":\"https:\/\/espak.ee\/epood\/wp-content\/uploads\/2021\/03\/2GANG-2.jpg\",\"width\":800,\"height\":800},{\"@type\":\"BreadcrumbList\",\"@id\":\"https:\/\/espak.ee\/epood\/toode\/puutetundlik-2-ahela-dimmer-luliti-kokku-max-700w-sisu\/#breadcrumb\",\"itemListElement\":[{\"@type\":\"ListItem\",\"position\":1,\"name\":\"Home\",\"item\":\"https:\/\/espak.ee\/epood\/\"},{\"@type\":\"ListItem\",\"position\":2,\"name\":\"Tootevalik\",\"item\":\"https:\/\/espak.ee\/epood\/tootevalik\/\"},{\"@type\":\"ListItem\",\"position\":3,\"name\":\"PUUTETUNDLIK 2-AHELA DIMMER-L\u00dcLITI, KOKKU MAX 700W, SISU\"}]},{\"@type\":\"WebSite\",\"@id\":\"https:\/\/espak.ee\/epood\/#website\",\"url\":\"https:\/\/espak.ee\/epood\/\",\"name\":\"Espak E-pood\",\"description\":\"\",\"potentialAction\":[{\"@type\":\"SearchAction\",\"target\":{\"@type\":\"EntryPoint\",\"urlTemplate\":\"https:\/\/espak.ee\/epood\/?s={search_term_string}\"},\"query-input\":{\"@type\":\"PropertyValueSpecification\",\"valueRequired\":true,\"valueName\":\"search_term_string\"}}],\"inLanguage\":\"et\"}]}<\/script>\n<!-- \/ Yoast SEO plugin. -->","yoast_head_json":{"title":"PUUTETUNDLIK 2-AHELA DIMMER-L\u00dcLITI, KOKKU MAX 700W, SISU - Espak E-pood","robots":{"index":"index","follow":"follow","max-snippet":"max-snippet:-1","max-image-preview":"max-image-preview:large","max-video-preview":"max-video-preview:-1"},"canonical":"https:\/\/espak.ee\/epood\/toode\/puutetundlik-2-ahela-dimmer-luliti-kokku-max-700w-sisu\/","og_locale":"et_EE","og_type":"article","og_title":"PUUTETUNDLIK 2-AHELA DIMMER-L\u00dcLITI, KOKKU MAX 700W, SISU - Espak E-pood","og_url":"https:\/\/espak.ee\/epood\/toode\/puutetundlik-2-ahela-dimmer-luliti-kokku-max-700w-sisu\/","og_site_name":"Espak E-pood","article_modified_time":"2024-03-23T11:49:22+00:00","og_image":[{"width":800,"height":800,"url":"https:\/\/espak.ee\/epood\/wp-content\/uploads\/2021\/03\/2GANG-2.jpg","type":"image\/jpeg"}],"twitter_card":"summary_large_image","twitter_misc":{"Est. reading time":"1 minut"},"schema":{"@context":"https:\/\/schema.org","@graph":[{"@type":"WebPage","@id":"https:\/\/espak.ee\/epood\/toode\/puutetundlik-2-ahela-dimmer-luliti-kokku-max-700w-sisu\/","url":"https:\/\/espak.ee\/epood\/toode\/puutetundlik-2-ahela-dimmer-luliti-kokku-max-700w-sisu\/","name":"PUUTETUNDLIK 2-AHELA DIMMER-L\u00dcLITI, KOKKU MAX 700W, SISU - Espak E-pood","isPartOf":{"@id":"https:\/\/espak.ee\/epood\/#website"},"primaryImageOfPage":{"@id":"https:\/\/espak.ee\/epood\/toode\/puutetundlik-2-ahela-dimmer-luliti-kokku-max-700w-sisu\/#primaryimage"},"image":{"@id":"https:\/\/espak.ee\/epood\/toode\/puutetundlik-2-ahela-dimmer-luliti-kokku-max-700w-sisu\/#primaryimage"},"thumbnailUrl":"https:\/\/espak.ee\/epood\/wp-content\/uploads\/2021\/03\/2GANG-2.jpg","datePublished":"2021-03-25T03:12:02+00:00","dateModified":"2024-03-23T11:49:22+00:00","breadcrumb":{"@id":"https:\/\/espak.ee\/epood\/toode\/puutetundlik-2-ahela-dimmer-luliti-kokku-max-700w-sisu\/#breadcrumb"},"inLanguage":"et","potentialAction":[{"@type":"ReadAction","target":["https:\/\/espak.ee\/epood\/toode\/puutetundlik-2-ahela-dimmer-luliti-kokku-max-700w-sisu\/"]}]},{"@type":"ImageObject","inLanguage":"et","@id":"https:\/\/espak.ee\/epood\/toode\/puutetundlik-2-ahela-dimmer-luliti-kokku-max-700w-sisu\/#primaryimage","url":"https:\/\/espak.ee\/epood\/wp-content\/uploads\/2021\/03\/2GANG-2.jpg","contentUrl":"https:\/\/espak.ee\/epood\/wp-content\/uploads\/2021\/03\/2GANG-2.jpg","width":800,"height":800},{"@type":"BreadcrumbList","@id":"https:\/\/espak.ee\/epood\/toode\/puutetundlik-2-ahela-dimmer-luliti-kokku-max-700w-sisu\/#breadcrumb","itemListElement":[{"@type":"ListItem","position":1,"name":"Home","item":"https:\/\/espak.ee\/epood\/"},{"@type":"ListItem","position":2,"name":"Tootevalik","item":"https:\/\/espak.ee\/epood\/tootevalik\/"},{"@type":"ListItem","position":3,"name":"PUUTETUNDLIK 2-AHELA DIMMER-L\u00dcLITI, KOKKU MAX 700W, SISU"}]},{"@type":"WebSite","@id":"https:\/\/espak.ee\/epood\/#website","url":"https:\/\/espak.ee\/epood\/","name":"Espak E-pood","description":"","potentialAction":[{"@type":"SearchAction","target":{"@type":"EntryPoint","urlTemplate":"https:\/\/espak.ee\/epood\/?s={search_term_string}"},"query-input":{"@type":"PropertyValueSpecification","valueRequired":true,"valueName":"search_term_string"}}],"inLanguage":"et"}]}},"_links":{"self":[{"href":"https:\/\/espak.ee\/epood\/wp-json\/wp\/v2\/product\/71020","targetHints":{"allow":["GET"]}}],"collection":[{"href":"https:\/\/espak.ee\/epood\/wp-json\/wp\/v2\/product"}],"about":[{"href":"https:\/\/espak.ee\/epood\/wp-json\/wp\/v2\/types\/product"}],"replies":[{"embeddable":true,"href":"https:\/\/espak.ee\/epood\/wp-json\/wp\/v2\/comments?post=71020"}],"wp:featuredmedia":[{"embeddable":true,"href":"https:\/\/espak.ee\/epood\/wp-json\/wp\/v2\/media\/78743"}],"wp:attachment":[{"href":"https:\/\/espak.ee\/epood\/wp-json\/wp\/v2\/media?parent=71020"}],"wp:term":[{"taxonomy":"product_brand","embeddable":true,"href":"https:\/\/espak.ee\/epood\/wp-json\/wp\/v2\/product_brand?post=71020"},{"taxonomy":"product_cat","embeddable":true,"href":"https:\/\/espak.ee\/epood\/wp-json\/wp\/v2\/product_cat?post=71020"},{"taxonomy":"product_tag","embeddable":true,"href":"https:\/\/espak.ee\/epood\/wp-json\/wp\/v2\/product_tag?post=71020"}],"curies":[{"name":"wp","href":"https:\/\/api.w.org\/{rel}","templated":true}]}}