{"id":69985,"date":"2021-03-23T02:40:19","date_gmt":"2021-03-23T02:40:19","guid":{"rendered":"https:\/\/espak.ee\/epood\/?post_type=product&#038;p=69985"},"modified":"2024-03-23T13:50:44","modified_gmt":"2024-03-23T11:50:44","slug":"vaike-valamu-jika-zeta-40-x-32-cm-uhe-segistiavaga","status":"publish","type":"product","link":"https:\/\/espak.ee\/epood\/toode\/vaike-valamu-jika-zeta-40-x-32-cm-uhe-segistiavaga\/","title":{"rendered":"V\u00c4IKE VALAMU JIKA ZETA 40 X 32 CM, \u00dcHE SEGISTIAVAGA"},"content":{"rendered":"<div class=\"row\"  id=\"row-1902856148\">\n\n\t<div id=\"col-163666312\" class=\"col medium-9 small-12 large-9\"  >\n\t\t\t\t<div class=\"col-inner\"  >\n\t\t\t\n\t\t\t\n<h3>V\u00e4ike valamu ZETA JIKA<\/h3>\n<p>V\u00e4ike valamu \u00fche segistiavaga.<br \/>\nM\u00f5\u00f5t: 320 x 400 x 155 mm.<br \/>\nSegisti ja \u0161ifoon ei kuulu komplekti. <\/p>\n\t\t<\/div>\n\t\t\t\t\t<\/div>\n\n\t\n\n\t<div id=\"col-707147240\" class=\"col medium-3 small-12 large-3\"  >\n\t\t\t\t<div class=\"col-inner\"  >\n\t\t\t\n\t\t\t\n\t<div id=\"gap-309655519\" class=\"gap-element clearfix\" style=\"display:block; height:auto;\">\n\t\t\n<style>\n#gap-309655519 {\n  padding-top: 30px;\n}\n<\/style>\n\t<\/div>\n\t\n<h3>Paigaldusjuhend<\/h3>\n<p><a href=\"https:\/\/espak.ee\/epood\/wp-content\/uploads\/MI01_Washbasins.pdf\"target=\"_blank\" rel=\"noopener noreferrer\"><i class=\"far fa-file-pdf\"><\/i> Paigaldusjuhend (PDF)<\/a><\/p>\n<div class=\"is-divider divider clearfix\" ><\/div>\n<p><strong>\u00dcksikasjalikuma n\u00f5u saamiseks v\u00f5tke \u00fchendust:<br \/><\/strong>Laufen Nordic A\/S<br \/>Pae 25<br \/>11414<br \/>Tallinn<br \/>+372 56 65 05 89<\/p>\n\t\t<\/div>\n\t\t\t\t\t<\/div>\n\n\t\n<\/div>\n","protected":false},"excerpt":{"rendered":"","protected":false},"featured_media":71275,"comment_status":"closed","ping_status":"closed","template":"","meta":[],"product_brand":[],"product_cat":[3191,3192,2819,2820],"product_tag":[],"class_list":{"0":"post-69985","1":"product","2":"type-product","3":"status-publish","4":"has-post-thumbnail","6":"product_cat-fajanssvalamud","7":"product_cat-fajanssvalamud-fajanssvalamud","8":"product_cat-sanitaartehnika","9":"product_cat-sanitaartehnika-sanitaartehnika","10":"pa_kaubamark-laufen-cz-s-r-o","12":"first","13":"outofstock","14":"sale","15":"taxable","16":"shipping-taxable","17":"purchasable","18":"product-type-simple"},"yoast_head":"<!-- This site is optimized with the Yoast SEO plugin v26.9 - https:\/\/yoast.com\/product\/yoast-seo-wordpress\/ -->\n<title>V\u00c4IKE VALAMU JIKA ZETA 40 X 32 CM, \u00dcHE SEGISTIAVAGA - Espak E-pood<\/title>\n<meta name=\"robots\" content=\"index, follow, max-snippet:-1, max-image-preview:large, max-video-preview:-1\" \/>\n<link rel=\"canonical\" href=\"https:\/\/espak.ee\/epood\/toode\/vaike-valamu-jika-zeta-40-x-32-cm-uhe-segistiavaga\/\" \/>\n<meta property=\"og:locale\" content=\"et_EE\" \/>\n<meta property=\"og:type\" content=\"article\" \/>\n<meta property=\"og:title\" content=\"V\u00c4IKE VALAMU JIKA ZETA 40 X 32 CM, \u00dcHE SEGISTIAVAGA - Espak E-pood\" \/>\n<meta property=\"og:url\" content=\"https:\/\/espak.ee\/epood\/toode\/vaike-valamu-jika-zeta-40-x-32-cm-uhe-segistiavaga\/\" \/>\n<meta property=\"og:site_name\" content=\"Espak E-pood\" \/>\n<meta property=\"article:modified_time\" content=\"2024-03-23T11:50:44+00:00\" \/>\n<meta property=\"og:image\" content=\"https:\/\/espak.ee\/epood\/wp-content\/uploads\/PP01_Jika_815393_RGB_TF_Web_Big.jpg\" \/>\n\t<meta property=\"og:image:width\" content=\"720\" \/>\n\t<meta property=\"og:image:height\" content=\"720\" \/>\n\t<meta property=\"og:image:type\" content=\"image\/jpeg\" \/>\n<meta name=\"twitter:card\" content=\"summary_large_image\" \/>\n<script type=\"application\/ld+json\" class=\"yoast-schema-graph\">{\"@context\":\"https:\/\/schema.org\",\"@graph\":[{\"@type\":\"WebPage\",\"@id\":\"https:\/\/espak.ee\/epood\/toode\/vaike-valamu-jika-zeta-40-x-32-cm-uhe-segistiavaga\/\",\"url\":\"https:\/\/espak.ee\/epood\/toode\/vaike-valamu-jika-zeta-40-x-32-cm-uhe-segistiavaga\/\",\"name\":\"V\u00c4IKE VALAMU JIKA ZETA 40 X 32 CM, \u00dcHE SEGISTIAVAGA - Espak E-pood\",\"isPartOf\":{\"@id\":\"https:\/\/espak.ee\/epood\/#website\"},\"primaryImageOfPage\":{\"@id\":\"https:\/\/espak.ee\/epood\/toode\/vaike-valamu-jika-zeta-40-x-32-cm-uhe-segistiavaga\/#primaryimage\"},\"image\":{\"@id\":\"https:\/\/espak.ee\/epood\/toode\/vaike-valamu-jika-zeta-40-x-32-cm-uhe-segistiavaga\/#primaryimage\"},\"thumbnailUrl\":\"https:\/\/espak.ee\/epood\/wp-content\/uploads\/PP01_Jika_815393_RGB_TF_Web_Big.jpg\",\"datePublished\":\"2021-03-23T02:40:19+00:00\",\"dateModified\":\"2024-03-23T11:50:44+00:00\",\"breadcrumb\":{\"@id\":\"https:\/\/espak.ee\/epood\/toode\/vaike-valamu-jika-zeta-40-x-32-cm-uhe-segistiavaga\/#breadcrumb\"},\"inLanguage\":\"et\",\"potentialAction\":[{\"@type\":\"ReadAction\",\"target\":[\"https:\/\/espak.ee\/epood\/toode\/vaike-valamu-jika-zeta-40-x-32-cm-uhe-segistiavaga\/\"]}]},{\"@type\":\"ImageObject\",\"inLanguage\":\"et\",\"@id\":\"https:\/\/espak.ee\/epood\/toode\/vaike-valamu-jika-zeta-40-x-32-cm-uhe-segistiavaga\/#primaryimage\",\"url\":\"https:\/\/espak.ee\/epood\/wp-content\/uploads\/PP01_Jika_815393_RGB_TF_Web_Big.jpg\",\"contentUrl\":\"https:\/\/espak.ee\/epood\/wp-content\/uploads\/PP01_Jika_815393_RGB_TF_Web_Big.jpg\",\"width\":720,\"height\":720},{\"@type\":\"BreadcrumbList\",\"@id\":\"https:\/\/espak.ee\/epood\/toode\/vaike-valamu-jika-zeta-40-x-32-cm-uhe-segistiavaga\/#breadcrumb\",\"itemListElement\":[{\"@type\":\"ListItem\",\"position\":1,\"name\":\"Home\",\"item\":\"https:\/\/espak.ee\/epood\/\"},{\"@type\":\"ListItem\",\"position\":2,\"name\":\"Tootevalik\",\"item\":\"https:\/\/espak.ee\/epood\/tootevalik\/\"},{\"@type\":\"ListItem\",\"position\":3,\"name\":\"V\u00c4IKE VALAMU JIKA ZETA 40 X 32 CM, \u00dcHE SEGISTIAVAGA\"}]},{\"@type\":\"WebSite\",\"@id\":\"https:\/\/espak.ee\/epood\/#website\",\"url\":\"https:\/\/espak.ee\/epood\/\",\"name\":\"Espak E-pood\",\"description\":\"\",\"potentialAction\":[{\"@type\":\"SearchAction\",\"target\":{\"@type\":\"EntryPoint\",\"urlTemplate\":\"https:\/\/espak.ee\/epood\/?s={search_term_string}\"},\"query-input\":{\"@type\":\"PropertyValueSpecification\",\"valueRequired\":true,\"valueName\":\"search_term_string\"}}],\"inLanguage\":\"et\"}]}<\/script>\n<!-- \/ Yoast SEO plugin. -->","yoast_head_json":{"title":"V\u00c4IKE VALAMU JIKA ZETA 40 X 32 CM, \u00dcHE SEGISTIAVAGA - Espak E-pood","robots":{"index":"index","follow":"follow","max-snippet":"max-snippet:-1","max-image-preview":"max-image-preview:large","max-video-preview":"max-video-preview:-1"},"canonical":"https:\/\/espak.ee\/epood\/toode\/vaike-valamu-jika-zeta-40-x-32-cm-uhe-segistiavaga\/","og_locale":"et_EE","og_type":"article","og_title":"V\u00c4IKE VALAMU JIKA ZETA 40 X 32 CM, \u00dcHE SEGISTIAVAGA - Espak E-pood","og_url":"https:\/\/espak.ee\/epood\/toode\/vaike-valamu-jika-zeta-40-x-32-cm-uhe-segistiavaga\/","og_site_name":"Espak E-pood","article_modified_time":"2024-03-23T11:50:44+00:00","og_image":[{"width":720,"height":720,"url":"https:\/\/espak.ee\/epood\/wp-content\/uploads\/PP01_Jika_815393_RGB_TF_Web_Big.jpg","type":"image\/jpeg"}],"twitter_card":"summary_large_image","schema":{"@context":"https:\/\/schema.org","@graph":[{"@type":"WebPage","@id":"https:\/\/espak.ee\/epood\/toode\/vaike-valamu-jika-zeta-40-x-32-cm-uhe-segistiavaga\/","url":"https:\/\/espak.ee\/epood\/toode\/vaike-valamu-jika-zeta-40-x-32-cm-uhe-segistiavaga\/","name":"V\u00c4IKE VALAMU JIKA ZETA 40 X 32 CM, \u00dcHE SEGISTIAVAGA - Espak E-pood","isPartOf":{"@id":"https:\/\/espak.ee\/epood\/#website"},"primaryImageOfPage":{"@id":"https:\/\/espak.ee\/epood\/toode\/vaike-valamu-jika-zeta-40-x-32-cm-uhe-segistiavaga\/#primaryimage"},"image":{"@id":"https:\/\/espak.ee\/epood\/toode\/vaike-valamu-jika-zeta-40-x-32-cm-uhe-segistiavaga\/#primaryimage"},"thumbnailUrl":"https:\/\/espak.ee\/epood\/wp-content\/uploads\/PP01_Jika_815393_RGB_TF_Web_Big.jpg","datePublished":"2021-03-23T02:40:19+00:00","dateModified":"2024-03-23T11:50:44+00:00","breadcrumb":{"@id":"https:\/\/espak.ee\/epood\/toode\/vaike-valamu-jika-zeta-40-x-32-cm-uhe-segistiavaga\/#breadcrumb"},"inLanguage":"et","potentialAction":[{"@type":"ReadAction","target":["https:\/\/espak.ee\/epood\/toode\/vaike-valamu-jika-zeta-40-x-32-cm-uhe-segistiavaga\/"]}]},{"@type":"ImageObject","inLanguage":"et","@id":"https:\/\/espak.ee\/epood\/toode\/vaike-valamu-jika-zeta-40-x-32-cm-uhe-segistiavaga\/#primaryimage","url":"https:\/\/espak.ee\/epood\/wp-content\/uploads\/PP01_Jika_815393_RGB_TF_Web_Big.jpg","contentUrl":"https:\/\/espak.ee\/epood\/wp-content\/uploads\/PP01_Jika_815393_RGB_TF_Web_Big.jpg","width":720,"height":720},{"@type":"BreadcrumbList","@id":"https:\/\/espak.ee\/epood\/toode\/vaike-valamu-jika-zeta-40-x-32-cm-uhe-segistiavaga\/#breadcrumb","itemListElement":[{"@type":"ListItem","position":1,"name":"Home","item":"https:\/\/espak.ee\/epood\/"},{"@type":"ListItem","position":2,"name":"Tootevalik","item":"https:\/\/espak.ee\/epood\/tootevalik\/"},{"@type":"ListItem","position":3,"name":"V\u00c4IKE VALAMU JIKA ZETA 40 X 32 CM, \u00dcHE SEGISTIAVAGA"}]},{"@type":"WebSite","@id":"https:\/\/espak.ee\/epood\/#website","url":"https:\/\/espak.ee\/epood\/","name":"Espak E-pood","description":"","potentialAction":[{"@type":"SearchAction","target":{"@type":"EntryPoint","urlTemplate":"https:\/\/espak.ee\/epood\/?s={search_term_string}"},"query-input":{"@type":"PropertyValueSpecification","valueRequired":true,"valueName":"search_term_string"}}],"inLanguage":"et"}]}},"_links":{"self":[{"href":"https:\/\/espak.ee\/epood\/wp-json\/wp\/v2\/product\/69985","targetHints":{"allow":["GET"]}}],"collection":[{"href":"https:\/\/espak.ee\/epood\/wp-json\/wp\/v2\/product"}],"about":[{"href":"https:\/\/espak.ee\/epood\/wp-json\/wp\/v2\/types\/product"}],"replies":[{"embeddable":true,"href":"https:\/\/espak.ee\/epood\/wp-json\/wp\/v2\/comments?post=69985"}],"wp:featuredmedia":[{"embeddable":true,"href":"https:\/\/espak.ee\/epood\/wp-json\/wp\/v2\/media\/71275"}],"wp:attachment":[{"href":"https:\/\/espak.ee\/epood\/wp-json\/wp\/v2\/media?parent=69985"}],"wp:term":[{"taxonomy":"product_brand","embeddable":true,"href":"https:\/\/espak.ee\/epood\/wp-json\/wp\/v2\/product_brand?post=69985"},{"taxonomy":"product_cat","embeddable":true,"href":"https:\/\/espak.ee\/epood\/wp-json\/wp\/v2\/product_cat?post=69985"},{"taxonomy":"product_tag","embeddable":true,"href":"https:\/\/espak.ee\/epood\/wp-json\/wp\/v2\/product_tag?post=69985"}],"curies":[{"name":"wp","href":"https:\/\/api.w.org\/{rel}","templated":true}]}}