{"id":6917,"date":"2019-06-21T02:21:40","date_gmt":"2019-06-20T23:21:40","guid":{"rendered":"https:\/\/espak.ee\/hinnakiri\/?post_type=product&#038;p=6917"},"modified":"2025-11-13T15:35:49","modified_gmt":"2025-11-13T13:35:49","slug":"vahtpolustureen-eps-60-100-silver-1006m","status":"publish","type":"product","link":"https:\/\/espak.ee\/epood\/toode\/vahtpolustureen-eps-60-100-silver-1006m\/","title":{"rendered":"VAHTPOL\u00dcST\u00dcREEN EPS 60-100 SILVER 1,0*0,6M"},"content":{"rendered":"<div class=\"row\"  id=\"row-1315963836\">\n\n\t<div id=\"col-1551461310\" class=\"col medium-9 small-12 large-9\"  >\n\t\t\t\t<div class=\"col-inner\"  >\n\t\t\t\n\t\t\t\n<p>EPS 60 Silver on soojustusplaat, mis sobib kasutamiseks hoonete v\u00e4lisseinte p\u00f5hiosade soojustamisel (uusehitistel ja renoveerimisel) koos k\u00f5ikide tunnustatud fassaadis\u00fcsteemitoodetega. V\u00f5rreldes tavap\u00e4rase valge EPS-iga annab EPS 60 Silver kuni 20 % suuremat energias\u00e4\u00e4stu. Materjali koostises olevad ained v\u00e4hendavad oluliselt soojuskiirgusest tulenevat soojakadu.<\/p>\n<p>Fassaaditooted kuuluvad tuleklassi E (Euroclass E &#8211; raskesti s\u00fcttiv materjal) ning koos krohvis\u00fcsteemiga omavad tuleklassi B.<\/p>\n<p>Hoone alumiste servade, soklite, uste \u00fcmbruste ning teiste suuremat survetugevust ja l\u00f6\u00f6gitaluvust n\u00f5udvate osade soojustamisel soovitame kasutada toodet EPS 100 v\u00f5i EPS 100 Silver v\u00f5i soklis osaliselt pinnasesse paigaldades toodet EPS 120 Perimeeter.<\/p>\n<p>Enne viimistlusmaterjalidega katmist soovitame plaatide pindasid karestada parema nakkuvuse saavutamiseks.<\/p>\n<p><strong>Soovitame v\u00e4ltida otsese p\u00e4ikesevalguse langemist EPS Silver plaatidele t\u00f6\u00f6- ja ladustamisalal.<\/strong><\/p>\n<div class=\"message-box relative\" style=\"padding-top:15px;padding-bottom:15px;\"><div class=\"message-box-bg-image bg-fill fill\" ><\/div><div class=\"message-box-bg-overlay bg-fill fill\" ><\/div><div class=\"container relative\"><div class=\"inner last-reset\">\n<div class=\"row align-middle align-center\"  id=\"row-2007295104\">\n\n\t<div id=\"col-264341585\" class=\"col small-12 large-12\"  >\n\t\t\t\t<div class=\"col-inner text-left\"  >\n\t\t\t\n\t\t\t\n<h4>Omadused<\/h4>\n<div class=\"row\"  id=\"row-731003946\">\n\n\t<div id=\"col-745544401\" class=\"col medium-6 small-12 large-6\"  >\n\t\t\t\t<div class=\"col-inner\"  >\n\t\t\t\n\t\t\t\n<p><i class=\"far fa-check-circle fa-2x\"><\/i><strong> Mugav paigaldada<\/strong><\/p>\n\t\t<\/div>\n\t\t\t\t\n<style>\n#col-745544401 > .col-inner {\n  margin: 10px 0px 15px 0px;\n}\n<\/style>\n\t<\/div>\n\n\t\n\n\t<div id=\"col-1766392260\" class=\"col medium-6 small-12 large-6\"  >\n\t\t\t\t<div class=\"col-inner\"  >\n\t\t\t\n\t\t\t\n<p><i class=\"far fa-check-circle fa-2x\"><\/i><strong> Lihtsalt t\u00f6\u00f6deldav ja kerge<\/strong><\/p>\n\t\t<\/div>\n\t\t\t\t\n<style>\n#col-1766392260 > .col-inner {\n  margin: 10px 0px 15px 0px;\n}\n<\/style>\n\t<\/div>\n\n\t\n<\/div>\n\t\t<\/div>\n\t\t\t\t\t<\/div>\n\n\t\n<\/div>\n<\/div><\/div><\/div>\n\t<div id=\"gap-2139665385\" class=\"gap-element clearfix\" style=\"display:block; height:auto;\">\n\t\t\n<style>\n#gap-2139665385 {\n  padding-top: 30px;\n}\n<\/style>\n\t<\/div>\n\t\n\t\t<\/div>\n\t\t\t\t\t<\/div>\n\n\t\n\n\t<div id=\"col-1165392742\" class=\"col medium-3 small-12 large-3\"  >\n\t\t\t\t<div class=\"col-inner\"  >\n\t\t\t\n\t\t\t\n\t<div id=\"gap-2035640704\" class=\"gap-element clearfix\" style=\"display:block; height:auto;\">\n\t\t\n<style>\n#gap-2035640704 {\n  padding-top: 30px;\n}\n<\/style>\n\t<\/div>\n\t\n<h3>Tehniline informatsioon<\/h3>\n<p><a href=\"https:\/\/espak.ee\/epood\/wp-content\/uploads\/Toimivusdeklar-EPS60Silver-1.pdf\" target=\"_blank\" rel=\"noopener noreferrer\"><i class=\"far fa-file-pdf\"><\/i> Tehniline info (PDF)<\/a><\/p>\n<div class=\"is-divider divider clearfix\" ><\/div>\n<p><strong>\u00dcksikasjalikuma n\u00f5u saamiseks v\u00f5tke \u00fchendust:<br \/><\/strong>AS REIDENI PLAAT<br \/>Paide mnt 7<br \/>80042<br \/>P\u00e4rnu, P\u00e4rnu maakond<br \/>+372 4437 206<\/p>\n\t\t<\/div>\n\t\t\t\t\t<\/div>\n\n\t\n<\/div>\n","protected":false},"excerpt":{"rendered":"","protected":false},"featured_media":189311,"comment_status":"closed","ping_status":"closed","template":"","meta":[],"product_brand":[],"product_cat":[2718,2697,2794,2797],"product_tag":[],"class_list":{"0":"post-6917","1":"product","2":"type-product","3":"status-publish","4":"has-post-thumbnail","6":"product_cat-isolatsioonimaterjalid","7":"product_cat-uldehitus","8":"product_cat-vahtpolustureen","9":"product_cat-vahtpolustureen-fassaadile","10":"pa_kaubamark-reideni-plaat-as","12":"first","13":"instock","14":"sale","15":"taxable","16":"shipping-taxable","17":"purchasable","18":"product-type-simple"},"yoast_head":"<!-- This site is optimized with the Yoast SEO plugin v26.9 - https:\/\/yoast.com\/product\/yoast-seo-wordpress\/ -->\n<title>VAHTPOL\u00dcST\u00dcREEN EPS 60-100 SILVER 1,0*0,6M - Espak E-pood<\/title>\n<meta name=\"robots\" content=\"index, follow, max-snippet:-1, max-image-preview:large, max-video-preview:-1\" \/>\n<link rel=\"canonical\" href=\"https:\/\/espak.ee\/epood\/toode\/vahtpolustureen-eps-60-100-silver-1006m\/\" \/>\n<meta property=\"og:locale\" content=\"et_EE\" \/>\n<meta property=\"og:type\" content=\"article\" \/>\n<meta property=\"og:title\" content=\"VAHTPOL\u00dcST\u00dcREEN EPS 60-100 SILVER 1,0*0,6M - Espak E-pood\" \/>\n<meta property=\"og:url\" content=\"https:\/\/espak.ee\/epood\/toode\/vahtpolustureen-eps-60-100-silver-1006m\/\" \/>\n<meta property=\"og:site_name\" content=\"Espak E-pood\" \/>\n<meta property=\"article:modified_time\" content=\"2025-11-13T13:35:49+00:00\" \/>\n<meta property=\"og:image\" content=\"https:\/\/espak.ee\/epood\/wp-content\/uploads\/2019\/06\/EPS-60-silver.jpg\" \/>\n\t<meta property=\"og:image:width\" content=\"1000\" \/>\n\t<meta property=\"og:image:height\" content=\"1000\" \/>\n\t<meta property=\"og:image:type\" content=\"image\/jpeg\" \/>\n<meta name=\"twitter:card\" content=\"summary_large_image\" \/>\n<meta name=\"twitter:label1\" content=\"Est. reading time\" \/>\n\t<meta name=\"twitter:data1\" content=\"1 minut\" \/>\n<script type=\"application\/ld+json\" class=\"yoast-schema-graph\">{\"@context\":\"https:\/\/schema.org\",\"@graph\":[{\"@type\":\"WebPage\",\"@id\":\"https:\/\/espak.ee\/epood\/toode\/vahtpolustureen-eps-60-100-silver-1006m\/\",\"url\":\"https:\/\/espak.ee\/epood\/toode\/vahtpolustureen-eps-60-100-silver-1006m\/\",\"name\":\"VAHTPOL\u00dcST\u00dcREEN EPS 60-100 SILVER 1,0*0,6M - Espak E-pood\",\"isPartOf\":{\"@id\":\"https:\/\/espak.ee\/epood\/#website\"},\"primaryImageOfPage\":{\"@id\":\"https:\/\/espak.ee\/epood\/toode\/vahtpolustureen-eps-60-100-silver-1006m\/#primaryimage\"},\"image\":{\"@id\":\"https:\/\/espak.ee\/epood\/toode\/vahtpolustureen-eps-60-100-silver-1006m\/#primaryimage\"},\"thumbnailUrl\":\"https:\/\/espak.ee\/epood\/wp-content\/uploads\/2019\/06\/EPS-60-silver.jpg\",\"datePublished\":\"2019-06-20T23:21:40+00:00\",\"dateModified\":\"2025-11-13T13:35:49+00:00\",\"breadcrumb\":{\"@id\":\"https:\/\/espak.ee\/epood\/toode\/vahtpolustureen-eps-60-100-silver-1006m\/#breadcrumb\"},\"inLanguage\":\"et\",\"potentialAction\":[{\"@type\":\"ReadAction\",\"target\":[\"https:\/\/espak.ee\/epood\/toode\/vahtpolustureen-eps-60-100-silver-1006m\/\"]}]},{\"@type\":\"ImageObject\",\"inLanguage\":\"et\",\"@id\":\"https:\/\/espak.ee\/epood\/toode\/vahtpolustureen-eps-60-100-silver-1006m\/#primaryimage\",\"url\":\"https:\/\/espak.ee\/epood\/wp-content\/uploads\/2019\/06\/EPS-60-silver.jpg\",\"contentUrl\":\"https:\/\/espak.ee\/epood\/wp-content\/uploads\/2019\/06\/EPS-60-silver.jpg\",\"width\":1000,\"height\":1000},{\"@type\":\"BreadcrumbList\",\"@id\":\"https:\/\/espak.ee\/epood\/toode\/vahtpolustureen-eps-60-100-silver-1006m\/#breadcrumb\",\"itemListElement\":[{\"@type\":\"ListItem\",\"position\":1,\"name\":\"Home\",\"item\":\"https:\/\/espak.ee\/epood\/\"},{\"@type\":\"ListItem\",\"position\":2,\"name\":\"Tootevalik\",\"item\":\"https:\/\/espak.ee\/epood\/tootevalik\/\"},{\"@type\":\"ListItem\",\"position\":3,\"name\":\"VAHTPOL\u00dcST\u00dcREEN EPS 60-100 SILVER 1,0*0,6M\"}]},{\"@type\":\"WebSite\",\"@id\":\"https:\/\/espak.ee\/epood\/#website\",\"url\":\"https:\/\/espak.ee\/epood\/\",\"name\":\"Espak E-pood\",\"description\":\"\",\"potentialAction\":[{\"@type\":\"SearchAction\",\"target\":{\"@type\":\"EntryPoint\",\"urlTemplate\":\"https:\/\/espak.ee\/epood\/?s={search_term_string}\"},\"query-input\":{\"@type\":\"PropertyValueSpecification\",\"valueRequired\":true,\"valueName\":\"search_term_string\"}}],\"inLanguage\":\"et\"}]}<\/script>\n<!-- \/ Yoast SEO plugin. -->","yoast_head_json":{"title":"VAHTPOL\u00dcST\u00dcREEN EPS 60-100 SILVER 1,0*0,6M - Espak E-pood","robots":{"index":"index","follow":"follow","max-snippet":"max-snippet:-1","max-image-preview":"max-image-preview:large","max-video-preview":"max-video-preview:-1"},"canonical":"https:\/\/espak.ee\/epood\/toode\/vahtpolustureen-eps-60-100-silver-1006m\/","og_locale":"et_EE","og_type":"article","og_title":"VAHTPOL\u00dcST\u00dcREEN EPS 60-100 SILVER 1,0*0,6M - Espak E-pood","og_url":"https:\/\/espak.ee\/epood\/toode\/vahtpolustureen-eps-60-100-silver-1006m\/","og_site_name":"Espak E-pood","article_modified_time":"2025-11-13T13:35:49+00:00","og_image":[{"width":1000,"height":1000,"url":"https:\/\/espak.ee\/epood\/wp-content\/uploads\/2019\/06\/EPS-60-silver.jpg","type":"image\/jpeg"}],"twitter_card":"summary_large_image","twitter_misc":{"Est. reading time":"1 minut"},"schema":{"@context":"https:\/\/schema.org","@graph":[{"@type":"WebPage","@id":"https:\/\/espak.ee\/epood\/toode\/vahtpolustureen-eps-60-100-silver-1006m\/","url":"https:\/\/espak.ee\/epood\/toode\/vahtpolustureen-eps-60-100-silver-1006m\/","name":"VAHTPOL\u00dcST\u00dcREEN EPS 60-100 SILVER 1,0*0,6M - Espak E-pood","isPartOf":{"@id":"https:\/\/espak.ee\/epood\/#website"},"primaryImageOfPage":{"@id":"https:\/\/espak.ee\/epood\/toode\/vahtpolustureen-eps-60-100-silver-1006m\/#primaryimage"},"image":{"@id":"https:\/\/espak.ee\/epood\/toode\/vahtpolustureen-eps-60-100-silver-1006m\/#primaryimage"},"thumbnailUrl":"https:\/\/espak.ee\/epood\/wp-content\/uploads\/2019\/06\/EPS-60-silver.jpg","datePublished":"2019-06-20T23:21:40+00:00","dateModified":"2025-11-13T13:35:49+00:00","breadcrumb":{"@id":"https:\/\/espak.ee\/epood\/toode\/vahtpolustureen-eps-60-100-silver-1006m\/#breadcrumb"},"inLanguage":"et","potentialAction":[{"@type":"ReadAction","target":["https:\/\/espak.ee\/epood\/toode\/vahtpolustureen-eps-60-100-silver-1006m\/"]}]},{"@type":"ImageObject","inLanguage":"et","@id":"https:\/\/espak.ee\/epood\/toode\/vahtpolustureen-eps-60-100-silver-1006m\/#primaryimage","url":"https:\/\/espak.ee\/epood\/wp-content\/uploads\/2019\/06\/EPS-60-silver.jpg","contentUrl":"https:\/\/espak.ee\/epood\/wp-content\/uploads\/2019\/06\/EPS-60-silver.jpg","width":1000,"height":1000},{"@type":"BreadcrumbList","@id":"https:\/\/espak.ee\/epood\/toode\/vahtpolustureen-eps-60-100-silver-1006m\/#breadcrumb","itemListElement":[{"@type":"ListItem","position":1,"name":"Home","item":"https:\/\/espak.ee\/epood\/"},{"@type":"ListItem","position":2,"name":"Tootevalik","item":"https:\/\/espak.ee\/epood\/tootevalik\/"},{"@type":"ListItem","position":3,"name":"VAHTPOL\u00dcST\u00dcREEN EPS 60-100 SILVER 1,0*0,6M"}]},{"@type":"WebSite","@id":"https:\/\/espak.ee\/epood\/#website","url":"https:\/\/espak.ee\/epood\/","name":"Espak E-pood","description":"","potentialAction":[{"@type":"SearchAction","target":{"@type":"EntryPoint","urlTemplate":"https:\/\/espak.ee\/epood\/?s={search_term_string}"},"query-input":{"@type":"PropertyValueSpecification","valueRequired":true,"valueName":"search_term_string"}}],"inLanguage":"et"}]}},"_links":{"self":[{"href":"https:\/\/espak.ee\/epood\/wp-json\/wp\/v2\/product\/6917","targetHints":{"allow":["GET"]}}],"collection":[{"href":"https:\/\/espak.ee\/epood\/wp-json\/wp\/v2\/product"}],"about":[{"href":"https:\/\/espak.ee\/epood\/wp-json\/wp\/v2\/types\/product"}],"replies":[{"embeddable":true,"href":"https:\/\/espak.ee\/epood\/wp-json\/wp\/v2\/comments?post=6917"}],"wp:featuredmedia":[{"embeddable":true,"href":"https:\/\/espak.ee\/epood\/wp-json\/wp\/v2\/media\/189311"}],"wp:attachment":[{"href":"https:\/\/espak.ee\/epood\/wp-json\/wp\/v2\/media?parent=6917"}],"wp:term":[{"taxonomy":"product_brand","embeddable":true,"href":"https:\/\/espak.ee\/epood\/wp-json\/wp\/v2\/product_brand?post=6917"},{"taxonomy":"product_cat","embeddable":true,"href":"https:\/\/espak.ee\/epood\/wp-json\/wp\/v2\/product_cat?post=6917"},{"taxonomy":"product_tag","embeddable":true,"href":"https:\/\/espak.ee\/epood\/wp-json\/wp\/v2\/product_tag?post=6917"}],"curies":[{"name":"wp","href":"https:\/\/api.w.org\/{rel}","templated":true}]}}