{"id":68203,"date":"2021-03-17T07:06:45","date_gmt":"2021-03-17T07:06:45","guid":{"rendered":"https:\/\/espak.ee\/hinnakiri\/?post_type=product&#038;p=68203"},"modified":"2024-03-23T13:53:43","modified_gmt":"2024-03-23T11:53:43","slug":"varjutuskangas-42-horticom-1510m","status":"publish","type":"product","link":"https:\/\/espak.ee\/epood\/toode\/varjutuskangas-42-horticom-1510m\/","title":{"rendered":"VARJUTUSKANGAS 42% HORTICOM 1,5*10M"},"content":{"rendered":"<div class=\"row\"  id=\"row-1186237779\">\n\n\t<div id=\"col-812246792\" class=\"col medium-9 small-12 large-9\"  >\n\t\t\t\t<div class=\"col-inner\"  >\n\t\t\t\n\t\t\t\n<h3>Varjutuskangas Horticom varjutus 42% 1,5 x 10m 15m2<\/h3>\n<p>Varjutuskangas Horticom, varjutus 42% \u2013 Varjutuskangaid kasutatakse okaspuude istutusj\u00e4rgseks varjutamiseks ja varakevadise p\u00e4ikesep\u00f5letuse kaitseks. Varjutamise korral v\u00e4heneb vee aurumine ja taimed juurduvad kiiremini, ka okaste kuivamise oht on v\u00e4iksem. Sobib kasutada ka k\u00f5igi teiste aiakultuuride istutusj\u00e4rgseks varjutamiseks nii avamaal kui kasvuhoones, samuti tuule\u00f5rnade taimede kaitseks. Varjutuskangas on UV-kindel. Kasutusaeg v\u00e4hemalt 4 hooaega. Tugev kootud materjal kannatab ka tugevamaid tormituuli. Varjutusv\u00f5ime 42%.<\/p>\n\t\t<\/div>\n\t\t\t\t\t<\/div>\n\n\t\n\n\t<div id=\"col-1418132511\" class=\"col medium-3 small-12 large-3\"  >\n\t\t\t\t<div class=\"col-inner\"  >\n\t\t\t\n\t\t\t\n\t<div id=\"gap-1046806792\" class=\"gap-element clearfix\" style=\"display:block; height:auto;\">\n\t\t\n<style>\n#gap-1046806792 {\n  padding-top: 30px;\n}\n<\/style>\n\t<\/div>\n\t\n<p><strong>\u00dcksikasjalikuma n\u00f5u saamiseks v\u00f5tke \u00fchendust:<br \/><\/strong>Horticom O\u00dc<br \/>Loom\u00e4e tee 11<br \/>75306<br \/>Rae vald<br \/> +372 6011 727<\/p>\n\t\t<\/div>\n\t\t\t\t\t<\/div>\n\n\t\n<\/div>\n","protected":false},"excerpt":{"rendered":"","protected":false},"featured_media":150626,"comment_status":"closed","ping_status":"closed","template":"","meta":[],"product_brand":[],"product_cat":[2789,2788,3345,3343],"product_tag":[],"class_list":{"0":"post-68203","1":"product","2":"type-product","3":"status-publish","4":"has-post-thumbnail","6":"product_cat-aiatarbed","7":"product_cat-aiatarbed-ja-kodukaubad","8":"product_cat-kattekangad","9":"product_cat-kiled-ja-kattekangad","10":"pa_kaubamark-horticom-ou","12":"first","13":"instock","14":"sale","15":"taxable","16":"shipping-taxable","17":"purchasable","18":"product-type-simple"},"yoast_head":"<!-- This site is optimized with the Yoast SEO plugin v26.9 - https:\/\/yoast.com\/product\/yoast-seo-wordpress\/ -->\n<title>VARJUTUSKANGAS 42% HORTICOM 1,5*10M - Espak E-pood<\/title>\n<meta name=\"robots\" content=\"index, follow, max-snippet:-1, max-image-preview:large, max-video-preview:-1\" \/>\n<link rel=\"canonical\" href=\"https:\/\/espak.ee\/epood\/toode\/varjutuskangas-42-horticom-1510m\/\" \/>\n<meta property=\"og:locale\" content=\"et_EE\" \/>\n<meta property=\"og:type\" content=\"article\" \/>\n<meta property=\"og:title\" content=\"VARJUTUSKANGAS 42% HORTICOM 1,5*10M - Espak E-pood\" \/>\n<meta property=\"og:url\" content=\"https:\/\/espak.ee\/epood\/toode\/varjutuskangas-42-horticom-1510m\/\" \/>\n<meta property=\"og:site_name\" content=\"Espak E-pood\" \/>\n<meta property=\"article:modified_time\" content=\"2024-03-23T11:53:43+00:00\" \/>\n<meta property=\"og:image\" content=\"https:\/\/espak.ee\/epood\/wp-content\/uploads\/2021\/03\/product-155197_0-86AL89-2.jpg\" \/>\n\t<meta property=\"og:image:width\" content=\"800\" \/>\n\t<meta property=\"og:image:height\" content=\"800\" \/>\n\t<meta property=\"og:image:type\" content=\"image\/jpeg\" \/>\n<meta name=\"twitter:card\" content=\"summary_large_image\" \/>\n<meta name=\"twitter:label1\" content=\"Est. reading time\" \/>\n\t<meta name=\"twitter:data1\" content=\"1 minut\" \/>\n<script type=\"application\/ld+json\" class=\"yoast-schema-graph\">{\"@context\":\"https:\/\/schema.org\",\"@graph\":[{\"@type\":\"WebPage\",\"@id\":\"https:\/\/espak.ee\/epood\/toode\/varjutuskangas-42-horticom-1510m\/\",\"url\":\"https:\/\/espak.ee\/epood\/toode\/varjutuskangas-42-horticom-1510m\/\",\"name\":\"VARJUTUSKANGAS 42% HORTICOM 1,5*10M - Espak E-pood\",\"isPartOf\":{\"@id\":\"https:\/\/espak.ee\/epood\/#website\"},\"primaryImageOfPage\":{\"@id\":\"https:\/\/espak.ee\/epood\/toode\/varjutuskangas-42-horticom-1510m\/#primaryimage\"},\"image\":{\"@id\":\"https:\/\/espak.ee\/epood\/toode\/varjutuskangas-42-horticom-1510m\/#primaryimage\"},\"thumbnailUrl\":\"https:\/\/espak.ee\/epood\/wp-content\/uploads\/2021\/03\/product-155197_0-86AL89-2.jpg\",\"datePublished\":\"2021-03-17T07:06:45+00:00\",\"dateModified\":\"2024-03-23T11:53:43+00:00\",\"breadcrumb\":{\"@id\":\"https:\/\/espak.ee\/epood\/toode\/varjutuskangas-42-horticom-1510m\/#breadcrumb\"},\"inLanguage\":\"et\",\"potentialAction\":[{\"@type\":\"ReadAction\",\"target\":[\"https:\/\/espak.ee\/epood\/toode\/varjutuskangas-42-horticom-1510m\/\"]}]},{\"@type\":\"ImageObject\",\"inLanguage\":\"et\",\"@id\":\"https:\/\/espak.ee\/epood\/toode\/varjutuskangas-42-horticom-1510m\/#primaryimage\",\"url\":\"https:\/\/espak.ee\/epood\/wp-content\/uploads\/2021\/03\/product-155197_0-86AL89-2.jpg\",\"contentUrl\":\"https:\/\/espak.ee\/epood\/wp-content\/uploads\/2021\/03\/product-155197_0-86AL89-2.jpg\",\"width\":800,\"height\":800},{\"@type\":\"BreadcrumbList\",\"@id\":\"https:\/\/espak.ee\/epood\/toode\/varjutuskangas-42-horticom-1510m\/#breadcrumb\",\"itemListElement\":[{\"@type\":\"ListItem\",\"position\":1,\"name\":\"Home\",\"item\":\"https:\/\/espak.ee\/epood\/\"},{\"@type\":\"ListItem\",\"position\":2,\"name\":\"Tootevalik\",\"item\":\"https:\/\/espak.ee\/epood\/tootevalik\/\"},{\"@type\":\"ListItem\",\"position\":3,\"name\":\"VARJUTUSKANGAS 42% HORTICOM 1,5*10M\"}]},{\"@type\":\"WebSite\",\"@id\":\"https:\/\/espak.ee\/epood\/#website\",\"url\":\"https:\/\/espak.ee\/epood\/\",\"name\":\"Espak E-pood\",\"description\":\"\",\"potentialAction\":[{\"@type\":\"SearchAction\",\"target\":{\"@type\":\"EntryPoint\",\"urlTemplate\":\"https:\/\/espak.ee\/epood\/?s={search_term_string}\"},\"query-input\":{\"@type\":\"PropertyValueSpecification\",\"valueRequired\":true,\"valueName\":\"search_term_string\"}}],\"inLanguage\":\"et\"}]}<\/script>\n<!-- \/ Yoast SEO plugin. -->","yoast_head_json":{"title":"VARJUTUSKANGAS 42% HORTICOM 1,5*10M - Espak E-pood","robots":{"index":"index","follow":"follow","max-snippet":"max-snippet:-1","max-image-preview":"max-image-preview:large","max-video-preview":"max-video-preview:-1"},"canonical":"https:\/\/espak.ee\/epood\/toode\/varjutuskangas-42-horticom-1510m\/","og_locale":"et_EE","og_type":"article","og_title":"VARJUTUSKANGAS 42% HORTICOM 1,5*10M - Espak E-pood","og_url":"https:\/\/espak.ee\/epood\/toode\/varjutuskangas-42-horticom-1510m\/","og_site_name":"Espak E-pood","article_modified_time":"2024-03-23T11:53:43+00:00","og_image":[{"width":800,"height":800,"url":"https:\/\/espak.ee\/epood\/wp-content\/uploads\/2021\/03\/product-155197_0-86AL89-2.jpg","type":"image\/jpeg"}],"twitter_card":"summary_large_image","twitter_misc":{"Est. reading time":"1 minut"},"schema":{"@context":"https:\/\/schema.org","@graph":[{"@type":"WebPage","@id":"https:\/\/espak.ee\/epood\/toode\/varjutuskangas-42-horticom-1510m\/","url":"https:\/\/espak.ee\/epood\/toode\/varjutuskangas-42-horticom-1510m\/","name":"VARJUTUSKANGAS 42% HORTICOM 1,5*10M - Espak E-pood","isPartOf":{"@id":"https:\/\/espak.ee\/epood\/#website"},"primaryImageOfPage":{"@id":"https:\/\/espak.ee\/epood\/toode\/varjutuskangas-42-horticom-1510m\/#primaryimage"},"image":{"@id":"https:\/\/espak.ee\/epood\/toode\/varjutuskangas-42-horticom-1510m\/#primaryimage"},"thumbnailUrl":"https:\/\/espak.ee\/epood\/wp-content\/uploads\/2021\/03\/product-155197_0-86AL89-2.jpg","datePublished":"2021-03-17T07:06:45+00:00","dateModified":"2024-03-23T11:53:43+00:00","breadcrumb":{"@id":"https:\/\/espak.ee\/epood\/toode\/varjutuskangas-42-horticom-1510m\/#breadcrumb"},"inLanguage":"et","potentialAction":[{"@type":"ReadAction","target":["https:\/\/espak.ee\/epood\/toode\/varjutuskangas-42-horticom-1510m\/"]}]},{"@type":"ImageObject","inLanguage":"et","@id":"https:\/\/espak.ee\/epood\/toode\/varjutuskangas-42-horticom-1510m\/#primaryimage","url":"https:\/\/espak.ee\/epood\/wp-content\/uploads\/2021\/03\/product-155197_0-86AL89-2.jpg","contentUrl":"https:\/\/espak.ee\/epood\/wp-content\/uploads\/2021\/03\/product-155197_0-86AL89-2.jpg","width":800,"height":800},{"@type":"BreadcrumbList","@id":"https:\/\/espak.ee\/epood\/toode\/varjutuskangas-42-horticom-1510m\/#breadcrumb","itemListElement":[{"@type":"ListItem","position":1,"name":"Home","item":"https:\/\/espak.ee\/epood\/"},{"@type":"ListItem","position":2,"name":"Tootevalik","item":"https:\/\/espak.ee\/epood\/tootevalik\/"},{"@type":"ListItem","position":3,"name":"VARJUTUSKANGAS 42% HORTICOM 1,5*10M"}]},{"@type":"WebSite","@id":"https:\/\/espak.ee\/epood\/#website","url":"https:\/\/espak.ee\/epood\/","name":"Espak E-pood","description":"","potentialAction":[{"@type":"SearchAction","target":{"@type":"EntryPoint","urlTemplate":"https:\/\/espak.ee\/epood\/?s={search_term_string}"},"query-input":{"@type":"PropertyValueSpecification","valueRequired":true,"valueName":"search_term_string"}}],"inLanguage":"et"}]}},"_links":{"self":[{"href":"https:\/\/espak.ee\/epood\/wp-json\/wp\/v2\/product\/68203","targetHints":{"allow":["GET"]}}],"collection":[{"href":"https:\/\/espak.ee\/epood\/wp-json\/wp\/v2\/product"}],"about":[{"href":"https:\/\/espak.ee\/epood\/wp-json\/wp\/v2\/types\/product"}],"replies":[{"embeddable":true,"href":"https:\/\/espak.ee\/epood\/wp-json\/wp\/v2\/comments?post=68203"}],"wp:featuredmedia":[{"embeddable":true,"href":"https:\/\/espak.ee\/epood\/wp-json\/wp\/v2\/media\/150626"}],"wp:attachment":[{"href":"https:\/\/espak.ee\/epood\/wp-json\/wp\/v2\/media?parent=68203"}],"wp:term":[{"taxonomy":"product_brand","embeddable":true,"href":"https:\/\/espak.ee\/epood\/wp-json\/wp\/v2\/product_brand?post=68203"},{"taxonomy":"product_cat","embeddable":true,"href":"https:\/\/espak.ee\/epood\/wp-json\/wp\/v2\/product_cat?post=68203"},{"taxonomy":"product_tag","embeddable":true,"href":"https:\/\/espak.ee\/epood\/wp-json\/wp\/v2\/product_tag?post=68203"}],"curies":[{"name":"wp","href":"https:\/\/api.w.org\/{rel}","templated":true}]}}