{"id":68198,"date":"2021-03-17T07:04:14","date_gmt":"2021-03-17T07:04:14","guid":{"rendered":"https:\/\/espak.ee\/hinnakiri\/?post_type=product&#038;p=68198"},"modified":"2026-04-01T19:31:37","modified_gmt":"2026-04-01T16:31:37","slug":"toidukoi-liimpuunis-arox-2tk-pakis","status":"publish","type":"product","link":"https:\/\/espak.ee\/epood\/toode\/toidukoi-liimpuunis-arox-2tk-pakis\/","title":{"rendered":"Toidukoi liimp\u00fc\u00fcnis Arox 2tk\/pakis"},"content":{"rendered":"<div class=\"row\"  id=\"row-1424539379\">\n\n\t<div id=\"col-79189346\" class=\"col medium-9 small-12 large-9\"  >\n\t\t\t\t<div class=\"col-inner\"  >\n\t\t\t\n\t\t\t\n<p>Toidukoi liimp\u00fc\u00fcnis Arox, mis on kaetud liimiga. T\u00f5hus vahend toiduaineid kahjustavate toidukoide esinemise kindlakstegemiseks ja p\u00fc\u00fcdmiseks k\u00f6\u00f6kides, sahvrites ja teistes ruumides, kus hoitakse toitu. Toode ei sisalda insektitsiide, mis v\u00f5imaldab seda kasutada hoiuruumides, kus hoitakse teravilja, jahu, pastat, kakaod, \u0161okolaadi, kohviube, kuivatatud puuvilju jne tooteid. Toode meelitab ligi putukaid, kes j\u00e4\u00e4vad liimiga kaetud pinnale kinni.<\/p>\n<p><strong>Kasutamine:<\/strong> Kasutage sees v\u00f5i v\u00e4ljaspool kappi, kus hoitakse toitu. K\u00f6\u00f6gikapis kasutada ainult \u00fchte l\u00f5ksu. Ruumides- nt. k\u00f6\u00f6gis v\u00f5i sahvris asetada p\u00fc\u00fcnised 2-3 meetri kaugusele \u00fcksteisest, pannes 2 t\u00fckki \u00fchte ruumi. P\u00fc\u00fcnist tuleks vahetada uue vastu peale putukatega t\u00e4itumist v\u00f5i 4 n\u00e4dala p\u00e4rast. Kasutatud p\u00fc\u00fcnis visata pr\u00fcgikasti.<\/p>\n\t\t<\/div>\n\t\t\t\t\t<\/div>\n\n\t\n\n\t<div id=\"col-1767694526\" class=\"col medium-3 small-12 large-3\"  >\n\t\t\t\t<div class=\"col-inner\"  >\n\t\t\t\n\t\t\t\n<p><strong>\u00dcksikasjalikuma n\u00f5u saamiseks v\u00f5tke \u00fchendust:<br \/><\/strong>Horticom O\u00dc<br \/>Looma\u0308e tee 11<br \/>Harjumaa<br \/>Tel: +372 60 11 727<\/p>\n\t\t<\/div>\n\t\t\t\t\t<\/div>\n\n\t\n<\/div>\n","protected":false},"excerpt":{"rendered":"","protected":false},"featured_media":77054,"comment_status":"closed","ping_status":"open","template":"","meta":[],"product_brand":[],"product_cat":[2789,2788,3618,2884],"product_tag":[],"class_list":{"0":"post-68198","1":"product","2":"type-product","3":"status-publish","4":"has-post-thumbnail","6":"product_cat-aiatarbed","7":"product_cat-aiatarbed-ja-kodukaubad","8":"product_cat-koide-torjevahendid","9":"product_cat-olmekahjurite-torjevahendid","10":"pa_kaubamark-horticom-ou","12":"first","13":"instock","14":"sale","15":"taxable","16":"shipping-taxable","17":"purchasable","18":"product-type-simple"},"yoast_head":"<!-- This site is optimized with the Yoast SEO plugin v26.9 - https:\/\/yoast.com\/product\/yoast-seo-wordpress\/ -->\n<title>Toidukoi liimp\u00fc\u00fcnis Arox 2tk\/pakis - Espak E-pood<\/title>\n<meta name=\"robots\" content=\"index, follow, max-snippet:-1, max-image-preview:large, max-video-preview:-1\" \/>\n<link rel=\"canonical\" href=\"https:\/\/espak.ee\/epood\/toode\/toidukoi-liimpuunis-arox-2tk-pakis\/\" \/>\n<meta property=\"og:locale\" content=\"et_EE\" \/>\n<meta property=\"og:type\" content=\"article\" \/>\n<meta property=\"og:title\" content=\"Toidukoi liimp\u00fc\u00fcnis Arox 2tk\/pakis - Espak E-pood\" \/>\n<meta property=\"og:url\" content=\"https:\/\/espak.ee\/epood\/toode\/toidukoi-liimpuunis-arox-2tk-pakis\/\" \/>\n<meta property=\"og:site_name\" content=\"Espak E-pood\" \/>\n<meta property=\"article:modified_time\" content=\"2026-04-01T16:31:37+00:00\" \/>\n<meta property=\"og:image\" content=\"https:\/\/espak.ee\/epood\/wp-content\/uploads\/2021\/04\/5902341009245.jpg\" \/>\n\t<meta property=\"og:image:width\" content=\"600\" \/>\n\t<meta property=\"og:image:height\" content=\"600\" \/>\n\t<meta property=\"og:image:type\" content=\"image\/jpeg\" \/>\n<meta name=\"twitter:card\" content=\"summary_large_image\" \/>\n<meta name=\"twitter:label1\" content=\"Est. reading time\" \/>\n\t<meta name=\"twitter:data1\" content=\"1 minut\" \/>\n<script type=\"application\/ld+json\" class=\"yoast-schema-graph\">{\"@context\":\"https:\/\/schema.org\",\"@graph\":[{\"@type\":\"WebPage\",\"@id\":\"https:\/\/espak.ee\/epood\/toode\/toidukoi-liimpuunis-arox-2tk-pakis\/\",\"url\":\"https:\/\/espak.ee\/epood\/toode\/toidukoi-liimpuunis-arox-2tk-pakis\/\",\"name\":\"Toidukoi liimp\u00fc\u00fcnis Arox 2tk\/pakis - Espak E-pood\",\"isPartOf\":{\"@id\":\"https:\/\/espak.ee\/epood\/#website\"},\"primaryImageOfPage\":{\"@id\":\"https:\/\/espak.ee\/epood\/toode\/toidukoi-liimpuunis-arox-2tk-pakis\/#primaryimage\"},\"image\":{\"@id\":\"https:\/\/espak.ee\/epood\/toode\/toidukoi-liimpuunis-arox-2tk-pakis\/#primaryimage\"},\"thumbnailUrl\":\"https:\/\/espak.ee\/epood\/wp-content\/uploads\/2021\/04\/5902341009245.jpg\",\"datePublished\":\"2021-03-17T07:04:14+00:00\",\"dateModified\":\"2026-04-01T16:31:37+00:00\",\"breadcrumb\":{\"@id\":\"https:\/\/espak.ee\/epood\/toode\/toidukoi-liimpuunis-arox-2tk-pakis\/#breadcrumb\"},\"inLanguage\":\"et\",\"potentialAction\":[{\"@type\":\"ReadAction\",\"target\":[\"https:\/\/espak.ee\/epood\/toode\/toidukoi-liimpuunis-arox-2tk-pakis\/\"]}]},{\"@type\":\"ImageObject\",\"inLanguage\":\"et\",\"@id\":\"https:\/\/espak.ee\/epood\/toode\/toidukoi-liimpuunis-arox-2tk-pakis\/#primaryimage\",\"url\":\"https:\/\/espak.ee\/epood\/wp-content\/uploads\/2021\/04\/5902341009245.jpg\",\"contentUrl\":\"https:\/\/espak.ee\/epood\/wp-content\/uploads\/2021\/04\/5902341009245.jpg\",\"width\":600,\"height\":600},{\"@type\":\"BreadcrumbList\",\"@id\":\"https:\/\/espak.ee\/epood\/toode\/toidukoi-liimpuunis-arox-2tk-pakis\/#breadcrumb\",\"itemListElement\":[{\"@type\":\"ListItem\",\"position\":1,\"name\":\"Home\",\"item\":\"https:\/\/espak.ee\/epood\/\"},{\"@type\":\"ListItem\",\"position\":2,\"name\":\"Tootevalik\",\"item\":\"https:\/\/espak.ee\/epood\/tootevalik\/\"},{\"@type\":\"ListItem\",\"position\":3,\"name\":\"Toidukoi liimp\u00fc\u00fcnis Arox 2tk\/pakis\"}]},{\"@type\":\"WebSite\",\"@id\":\"https:\/\/espak.ee\/epood\/#website\",\"url\":\"https:\/\/espak.ee\/epood\/\",\"name\":\"Espak E-pood\",\"description\":\"\",\"potentialAction\":[{\"@type\":\"SearchAction\",\"target\":{\"@type\":\"EntryPoint\",\"urlTemplate\":\"https:\/\/espak.ee\/epood\/?s={search_term_string}\"},\"query-input\":{\"@type\":\"PropertyValueSpecification\",\"valueRequired\":true,\"valueName\":\"search_term_string\"}}],\"inLanguage\":\"et\"}]}<\/script>\n<!-- \/ Yoast SEO plugin. -->","yoast_head_json":{"title":"Toidukoi liimp\u00fc\u00fcnis Arox 2tk\/pakis - Espak E-pood","robots":{"index":"index","follow":"follow","max-snippet":"max-snippet:-1","max-image-preview":"max-image-preview:large","max-video-preview":"max-video-preview:-1"},"canonical":"https:\/\/espak.ee\/epood\/toode\/toidukoi-liimpuunis-arox-2tk-pakis\/","og_locale":"et_EE","og_type":"article","og_title":"Toidukoi liimp\u00fc\u00fcnis Arox 2tk\/pakis - Espak E-pood","og_url":"https:\/\/espak.ee\/epood\/toode\/toidukoi-liimpuunis-arox-2tk-pakis\/","og_site_name":"Espak E-pood","article_modified_time":"2026-04-01T16:31:37+00:00","og_image":[{"width":600,"height":600,"url":"https:\/\/espak.ee\/epood\/wp-content\/uploads\/2021\/04\/5902341009245.jpg","type":"image\/jpeg"}],"twitter_card":"summary_large_image","twitter_misc":{"Est. reading time":"1 minut"},"schema":{"@context":"https:\/\/schema.org","@graph":[{"@type":"WebPage","@id":"https:\/\/espak.ee\/epood\/toode\/toidukoi-liimpuunis-arox-2tk-pakis\/","url":"https:\/\/espak.ee\/epood\/toode\/toidukoi-liimpuunis-arox-2tk-pakis\/","name":"Toidukoi liimp\u00fc\u00fcnis Arox 2tk\/pakis - Espak E-pood","isPartOf":{"@id":"https:\/\/espak.ee\/epood\/#website"},"primaryImageOfPage":{"@id":"https:\/\/espak.ee\/epood\/toode\/toidukoi-liimpuunis-arox-2tk-pakis\/#primaryimage"},"image":{"@id":"https:\/\/espak.ee\/epood\/toode\/toidukoi-liimpuunis-arox-2tk-pakis\/#primaryimage"},"thumbnailUrl":"https:\/\/espak.ee\/epood\/wp-content\/uploads\/2021\/04\/5902341009245.jpg","datePublished":"2021-03-17T07:04:14+00:00","dateModified":"2026-04-01T16:31:37+00:00","breadcrumb":{"@id":"https:\/\/espak.ee\/epood\/toode\/toidukoi-liimpuunis-arox-2tk-pakis\/#breadcrumb"},"inLanguage":"et","potentialAction":[{"@type":"ReadAction","target":["https:\/\/espak.ee\/epood\/toode\/toidukoi-liimpuunis-arox-2tk-pakis\/"]}]},{"@type":"ImageObject","inLanguage":"et","@id":"https:\/\/espak.ee\/epood\/toode\/toidukoi-liimpuunis-arox-2tk-pakis\/#primaryimage","url":"https:\/\/espak.ee\/epood\/wp-content\/uploads\/2021\/04\/5902341009245.jpg","contentUrl":"https:\/\/espak.ee\/epood\/wp-content\/uploads\/2021\/04\/5902341009245.jpg","width":600,"height":600},{"@type":"BreadcrumbList","@id":"https:\/\/espak.ee\/epood\/toode\/toidukoi-liimpuunis-arox-2tk-pakis\/#breadcrumb","itemListElement":[{"@type":"ListItem","position":1,"name":"Home","item":"https:\/\/espak.ee\/epood\/"},{"@type":"ListItem","position":2,"name":"Tootevalik","item":"https:\/\/espak.ee\/epood\/tootevalik\/"},{"@type":"ListItem","position":3,"name":"Toidukoi liimp\u00fc\u00fcnis Arox 2tk\/pakis"}]},{"@type":"WebSite","@id":"https:\/\/espak.ee\/epood\/#website","url":"https:\/\/espak.ee\/epood\/","name":"Espak E-pood","description":"","potentialAction":[{"@type":"SearchAction","target":{"@type":"EntryPoint","urlTemplate":"https:\/\/espak.ee\/epood\/?s={search_term_string}"},"query-input":{"@type":"PropertyValueSpecification","valueRequired":true,"valueName":"search_term_string"}}],"inLanguage":"et"}]}},"_links":{"self":[{"href":"https:\/\/espak.ee\/epood\/wp-json\/wp\/v2\/product\/68198","targetHints":{"allow":["GET"]}}],"collection":[{"href":"https:\/\/espak.ee\/epood\/wp-json\/wp\/v2\/product"}],"about":[{"href":"https:\/\/espak.ee\/epood\/wp-json\/wp\/v2\/types\/product"}],"replies":[{"embeddable":true,"href":"https:\/\/espak.ee\/epood\/wp-json\/wp\/v2\/comments?post=68198"}],"wp:featuredmedia":[{"embeddable":true,"href":"https:\/\/espak.ee\/epood\/wp-json\/wp\/v2\/media\/77054"}],"wp:attachment":[{"href":"https:\/\/espak.ee\/epood\/wp-json\/wp\/v2\/media?parent=68198"}],"wp:term":[{"taxonomy":"product_brand","embeddable":true,"href":"https:\/\/espak.ee\/epood\/wp-json\/wp\/v2\/product_brand?post=68198"},{"taxonomy":"product_cat","embeddable":true,"href":"https:\/\/espak.ee\/epood\/wp-json\/wp\/v2\/product_cat?post=68198"},{"taxonomy":"product_tag","embeddable":true,"href":"https:\/\/espak.ee\/epood\/wp-json\/wp\/v2\/product_tag?post=68198"}],"curies":[{"name":"wp","href":"https:\/\/api.w.org\/{rel}","templated":true}]}}