{"id":68197,"date":"2021-03-17T07:04:14","date_gmt":"2021-03-17T07:04:14","guid":{"rendered":"https:\/\/espak.ee\/hinnakiri\/?post_type=product&#038;p=68197"},"modified":"2026-04-08T22:26:41","modified_gmt":"2026-04-08T19:26:41","slug":"toidukoi-feromoonpuunis-arox-2tk-pakis","status":"publish","type":"product","link":"https:\/\/espak.ee\/epood\/toode\/toidukoi-feromoonpuunis-arox-2tk-pakis\/","title":{"rendered":"Toidukoi feromoonp\u00fc\u00fcnis Arox 2tk\/pakis"},"content":{"rendered":"<div class=\"row\"  id=\"row-999249246\">\n\n\t<div id=\"col-1839088574\" class=\"col medium-9 small-12 large-9\"  >\n\t\t\t\t<div class=\"col-inner\"  >\n\t\t\t\n\t\t\t\n<p>Toidukoi feromoonp\u00fc\u00fcnis Arox on toidukoide t\u00f5rjeks, mis on seestpoolt kaetud kleepuva ainega. M\u00f5eldud putukate seireks, nende p\u00fc\u00fcdmiseks k\u00f6\u00f6gis, sahvris ja teistes ruumides, kus hoitakse toiduaineid. Toode ei sisalda insektitsiide, t\u00e4nu millele v\u00f5ib seda kasutada vahetult selliste toiduainete s\u00e4ilituskohtades nagu pudrud, jahu, makaronid, kakao, \u0161okolaad, viljakohv, kuivatatud puuviljad jms. T\u00e4nu lisatud feromoonile t\u00f5mbab p\u00fc\u00fcnis putukaid t\u00f5husalt ligi<\/p>\n<p><strong>Kasutamine:<\/strong> 1. V\u00f5tke p\u00fc\u00fcnise tiivad lahti painutades neid perforatsiooni kohalt. Eemaldage liimiga pinda kattev kaitseteip. 2. Sisestage noolega m\u00e4rgistatud riiv vastask\u00fcljel olevasse avasse. 3. Pange p\u00fc\u00fcnis v\u00e4lja. \u00dcks p\u00fc\u00fcnis kaitseb ruumi pindalaga 20-100m2. Optimaalne on p\u00fc\u00fcnise paigutamine 2-2,5 m k\u00f5rgusele. P\u00fc\u00fcnis on atraktiivne 3 kuud selle lahtipakkimisest. 4. Vahetage p\u00fc\u00fcnis v\u00e4lja, kui see on putukatega t\u00e4itunud v\u00f5i p\u00e4rast 12 n\u00e4dalat. P\u00e4rast kasutamist k\u00e4idelda kui olmepr\u00fcgi.<\/p>\n\t\t<\/div>\n\t\t\t\t\t<\/div>\n\n\t\n\n\t<div id=\"col-1605914719\" class=\"col medium-3 small-12 large-3\"  >\n\t\t\t\t<div class=\"col-inner\"  >\n\t\t\t\n\t\t\t\n<p><strong>\u00dcksikasjalikuma n\u00f5u saamiseks v\u00f5tke \u00fchendust:<br \/><\/strong>Horticom O\u00dc<br \/>Looma\u0308e tee 11<br \/>Harjumaa<br \/>Tel: +372 60 11 727<\/p>\n\t\t<\/div>\n\t\t\t\t\t<\/div>\n\n\t\n<\/div>\n","protected":false},"excerpt":{"rendered":"","protected":false},"featured_media":77053,"comment_status":"closed","ping_status":"open","template":"","meta":[],"product_brand":[],"product_cat":[2789,2788,3618,2884],"product_tag":[],"class_list":{"0":"post-68197","1":"product","2":"type-product","3":"status-publish","4":"has-post-thumbnail","6":"product_cat-aiatarbed","7":"product_cat-aiatarbed-ja-kodukaubad","8":"product_cat-koide-torjevahendid","9":"product_cat-olmekahjurite-torjevahendid","10":"pa_kaubamark-horticom-ou","12":"first","13":"instock","14":"sale","15":"taxable","16":"shipping-taxable","17":"purchasable","18":"product-type-simple"},"yoast_head":"<!-- This site is optimized with the Yoast SEO plugin v26.9 - https:\/\/yoast.com\/product\/yoast-seo-wordpress\/ -->\n<title>Toidukoi feromoonp\u00fc\u00fcnis Arox 2tk\/pakis - Espak E-pood<\/title>\n<meta name=\"robots\" content=\"index, follow, max-snippet:-1, max-image-preview:large, max-video-preview:-1\" \/>\n<link rel=\"canonical\" href=\"https:\/\/espak.ee\/epood\/toode\/toidukoi-feromoonpuunis-arox-2tk-pakis\/\" \/>\n<meta property=\"og:locale\" content=\"et_EE\" \/>\n<meta property=\"og:type\" content=\"article\" \/>\n<meta property=\"og:title\" content=\"Toidukoi feromoonp\u00fc\u00fcnis Arox 2tk\/pakis - Espak E-pood\" \/>\n<meta property=\"og:url\" content=\"https:\/\/espak.ee\/epood\/toode\/toidukoi-feromoonpuunis-arox-2tk-pakis\/\" \/>\n<meta property=\"og:site_name\" content=\"Espak E-pood\" \/>\n<meta property=\"article:modified_time\" content=\"2026-04-08T19:26:41+00:00\" \/>\n<meta property=\"og:image\" content=\"https:\/\/espak.ee\/epood\/wp-content\/uploads\/2021\/04\/5902341009238.jpg\" \/>\n\t<meta property=\"og:image:width\" content=\"867\" \/>\n\t<meta property=\"og:image:height\" content=\"867\" \/>\n\t<meta property=\"og:image:type\" content=\"image\/jpeg\" \/>\n<meta name=\"twitter:card\" content=\"summary_large_image\" \/>\n<meta name=\"twitter:label1\" content=\"Est. reading time\" \/>\n\t<meta name=\"twitter:data1\" content=\"1 minut\" \/>\n<script type=\"application\/ld+json\" class=\"yoast-schema-graph\">{\"@context\":\"https:\/\/schema.org\",\"@graph\":[{\"@type\":\"WebPage\",\"@id\":\"https:\/\/espak.ee\/epood\/toode\/toidukoi-feromoonpuunis-arox-2tk-pakis\/\",\"url\":\"https:\/\/espak.ee\/epood\/toode\/toidukoi-feromoonpuunis-arox-2tk-pakis\/\",\"name\":\"Toidukoi feromoonp\u00fc\u00fcnis Arox 2tk\/pakis - Espak E-pood\",\"isPartOf\":{\"@id\":\"https:\/\/espak.ee\/epood\/#website\"},\"primaryImageOfPage\":{\"@id\":\"https:\/\/espak.ee\/epood\/toode\/toidukoi-feromoonpuunis-arox-2tk-pakis\/#primaryimage\"},\"image\":{\"@id\":\"https:\/\/espak.ee\/epood\/toode\/toidukoi-feromoonpuunis-arox-2tk-pakis\/#primaryimage\"},\"thumbnailUrl\":\"https:\/\/espak.ee\/epood\/wp-content\/uploads\/2021\/04\/5902341009238.jpg\",\"datePublished\":\"2021-03-17T07:04:14+00:00\",\"dateModified\":\"2026-04-08T19:26:41+00:00\",\"breadcrumb\":{\"@id\":\"https:\/\/espak.ee\/epood\/toode\/toidukoi-feromoonpuunis-arox-2tk-pakis\/#breadcrumb\"},\"inLanguage\":\"et\",\"potentialAction\":[{\"@type\":\"ReadAction\",\"target\":[\"https:\/\/espak.ee\/epood\/toode\/toidukoi-feromoonpuunis-arox-2tk-pakis\/\"]}]},{\"@type\":\"ImageObject\",\"inLanguage\":\"et\",\"@id\":\"https:\/\/espak.ee\/epood\/toode\/toidukoi-feromoonpuunis-arox-2tk-pakis\/#primaryimage\",\"url\":\"https:\/\/espak.ee\/epood\/wp-content\/uploads\/2021\/04\/5902341009238.jpg\",\"contentUrl\":\"https:\/\/espak.ee\/epood\/wp-content\/uploads\/2021\/04\/5902341009238.jpg\",\"width\":867,\"height\":867},{\"@type\":\"BreadcrumbList\",\"@id\":\"https:\/\/espak.ee\/epood\/toode\/toidukoi-feromoonpuunis-arox-2tk-pakis\/#breadcrumb\",\"itemListElement\":[{\"@type\":\"ListItem\",\"position\":1,\"name\":\"Home\",\"item\":\"https:\/\/espak.ee\/epood\/\"},{\"@type\":\"ListItem\",\"position\":2,\"name\":\"Tootevalik\",\"item\":\"https:\/\/espak.ee\/epood\/tootevalik\/\"},{\"@type\":\"ListItem\",\"position\":3,\"name\":\"Toidukoi feromoonp\u00fc\u00fcnis Arox 2tk\/pakis\"}]},{\"@type\":\"WebSite\",\"@id\":\"https:\/\/espak.ee\/epood\/#website\",\"url\":\"https:\/\/espak.ee\/epood\/\",\"name\":\"Espak E-pood\",\"description\":\"\",\"potentialAction\":[{\"@type\":\"SearchAction\",\"target\":{\"@type\":\"EntryPoint\",\"urlTemplate\":\"https:\/\/espak.ee\/epood\/?s={search_term_string}\"},\"query-input\":{\"@type\":\"PropertyValueSpecification\",\"valueRequired\":true,\"valueName\":\"search_term_string\"}}],\"inLanguage\":\"et\"}]}<\/script>\n<!-- \/ Yoast SEO plugin. -->","yoast_head_json":{"title":"Toidukoi feromoonp\u00fc\u00fcnis Arox 2tk\/pakis - Espak E-pood","robots":{"index":"index","follow":"follow","max-snippet":"max-snippet:-1","max-image-preview":"max-image-preview:large","max-video-preview":"max-video-preview:-1"},"canonical":"https:\/\/espak.ee\/epood\/toode\/toidukoi-feromoonpuunis-arox-2tk-pakis\/","og_locale":"et_EE","og_type":"article","og_title":"Toidukoi feromoonp\u00fc\u00fcnis Arox 2tk\/pakis - Espak E-pood","og_url":"https:\/\/espak.ee\/epood\/toode\/toidukoi-feromoonpuunis-arox-2tk-pakis\/","og_site_name":"Espak E-pood","article_modified_time":"2026-04-08T19:26:41+00:00","og_image":[{"width":867,"height":867,"url":"https:\/\/espak.ee\/epood\/wp-content\/uploads\/2021\/04\/5902341009238.jpg","type":"image\/jpeg"}],"twitter_card":"summary_large_image","twitter_misc":{"Est. reading time":"1 minut"},"schema":{"@context":"https:\/\/schema.org","@graph":[{"@type":"WebPage","@id":"https:\/\/espak.ee\/epood\/toode\/toidukoi-feromoonpuunis-arox-2tk-pakis\/","url":"https:\/\/espak.ee\/epood\/toode\/toidukoi-feromoonpuunis-arox-2tk-pakis\/","name":"Toidukoi feromoonp\u00fc\u00fcnis Arox 2tk\/pakis - Espak E-pood","isPartOf":{"@id":"https:\/\/espak.ee\/epood\/#website"},"primaryImageOfPage":{"@id":"https:\/\/espak.ee\/epood\/toode\/toidukoi-feromoonpuunis-arox-2tk-pakis\/#primaryimage"},"image":{"@id":"https:\/\/espak.ee\/epood\/toode\/toidukoi-feromoonpuunis-arox-2tk-pakis\/#primaryimage"},"thumbnailUrl":"https:\/\/espak.ee\/epood\/wp-content\/uploads\/2021\/04\/5902341009238.jpg","datePublished":"2021-03-17T07:04:14+00:00","dateModified":"2026-04-08T19:26:41+00:00","breadcrumb":{"@id":"https:\/\/espak.ee\/epood\/toode\/toidukoi-feromoonpuunis-arox-2tk-pakis\/#breadcrumb"},"inLanguage":"et","potentialAction":[{"@type":"ReadAction","target":["https:\/\/espak.ee\/epood\/toode\/toidukoi-feromoonpuunis-arox-2tk-pakis\/"]}]},{"@type":"ImageObject","inLanguage":"et","@id":"https:\/\/espak.ee\/epood\/toode\/toidukoi-feromoonpuunis-arox-2tk-pakis\/#primaryimage","url":"https:\/\/espak.ee\/epood\/wp-content\/uploads\/2021\/04\/5902341009238.jpg","contentUrl":"https:\/\/espak.ee\/epood\/wp-content\/uploads\/2021\/04\/5902341009238.jpg","width":867,"height":867},{"@type":"BreadcrumbList","@id":"https:\/\/espak.ee\/epood\/toode\/toidukoi-feromoonpuunis-arox-2tk-pakis\/#breadcrumb","itemListElement":[{"@type":"ListItem","position":1,"name":"Home","item":"https:\/\/espak.ee\/epood\/"},{"@type":"ListItem","position":2,"name":"Tootevalik","item":"https:\/\/espak.ee\/epood\/tootevalik\/"},{"@type":"ListItem","position":3,"name":"Toidukoi feromoonp\u00fc\u00fcnis Arox 2tk\/pakis"}]},{"@type":"WebSite","@id":"https:\/\/espak.ee\/epood\/#website","url":"https:\/\/espak.ee\/epood\/","name":"Espak E-pood","description":"","potentialAction":[{"@type":"SearchAction","target":{"@type":"EntryPoint","urlTemplate":"https:\/\/espak.ee\/epood\/?s={search_term_string}"},"query-input":{"@type":"PropertyValueSpecification","valueRequired":true,"valueName":"search_term_string"}}],"inLanguage":"et"}]}},"_links":{"self":[{"href":"https:\/\/espak.ee\/epood\/wp-json\/wp\/v2\/product\/68197","targetHints":{"allow":["GET"]}}],"collection":[{"href":"https:\/\/espak.ee\/epood\/wp-json\/wp\/v2\/product"}],"about":[{"href":"https:\/\/espak.ee\/epood\/wp-json\/wp\/v2\/types\/product"}],"replies":[{"embeddable":true,"href":"https:\/\/espak.ee\/epood\/wp-json\/wp\/v2\/comments?post=68197"}],"wp:featuredmedia":[{"embeddable":true,"href":"https:\/\/espak.ee\/epood\/wp-json\/wp\/v2\/media\/77053"}],"wp:attachment":[{"href":"https:\/\/espak.ee\/epood\/wp-json\/wp\/v2\/media?parent=68197"}],"wp:term":[{"taxonomy":"product_brand","embeddable":true,"href":"https:\/\/espak.ee\/epood\/wp-json\/wp\/v2\/product_brand?post=68197"},{"taxonomy":"product_cat","embeddable":true,"href":"https:\/\/espak.ee\/epood\/wp-json\/wp\/v2\/product_cat?post=68197"},{"taxonomy":"product_tag","embeddable":true,"href":"https:\/\/espak.ee\/epood\/wp-json\/wp\/v2\/product_tag?post=68197"}],"curies":[{"name":"wp","href":"https:\/\/api.w.org\/{rel}","templated":true}]}}